{"id":3868,"date":"2017-06-22T16:00:16","date_gmt":"2017-06-22T16:00:16","guid":{"rendered":"http:\/\/mmfss.ca\/?post_type=product&#038;p=3868"},"modified":"2018-03-19T14:06:07","modified_gmt":"2018-03-19T14:06:07","slug":"prt-percussive-rescue-tool","status":"publish","type":"product","link":"https:\/\/safetysourcefire.ca\/fr\/produit\/prt-percussive-rescue-tool\/","title":{"rendered":"PRT (outil de sauvetage par percussion)"},"content":{"rendered":"<p>Principalement con\u00e7u pour des entr\u00e9es rapides et forc\u00e9es, cet outil permet \u00e0 une personne d'ouvrir une portes en quelques secondes. En quelques minutes, vous pourrez facilement percer les murs de briques et de blocs de b\u00e9ton.<\/p>\n<p>L'action de la barre de v\u00e9rin coulissante du PRT dirige toute sa force directement au point d'impact - sans d\u00e9viation- ce qui permet une action plus s\u00e9curitaire et efficace qu'avec d'autres outils.<\/p>\n<p>Le PRT est livr\u00e9 avec cinq embouts diff\u00e9rents\u00a0:<\/p>\n<ul>\n<li>Griffe de rupture de serrure de 8,5 po de long pour forcer l'ouverture des portes, des fen\u00eatres, des moraillons torsad\u00e9s, des loquets et des serrures bris\u00e9es\u00a0;<\/li>\n<li>Griffe de coupe de 8,5 po de long pour poin\u00e7onner et couper la t\u00f4le (toits et capots d'automobiles, avions, structures, etc.) fonctionne comme un ouvre-bo\u00eete manuel;<\/li>\n<li>Pointe biseaut\u00e9e de 14,5\" utilisable pour soulever et perforer le m\u00e9tal tout en offrant une longueur suppl\u00e9mentaire pour atteindre les crevasses \u00e9troites et une possibilit\u00e9 de levier jusqu'\u00e0 53\" lorsqu'il est compl\u00e8tement \u00e9tendu\u00a0;<\/li>\n<li>Point pr\u00e9cis (bull point) de 14,5\" utilisable pour casser le b\u00e9ton et les mat\u00e9riaux de ma\u00e7onnerie. * Le b\u00e9ton non arm\u00e9 de 5\" d'\u00e9paisseur se brise facilement apr\u00e8s 6 \u00e0 8 frappes\u00a0;<\/li>\n<li>Pointe biseaut\u00e9e de 14,5\" de long 1\" utilisable pour casser le b\u00e9ton, soulever des boulons, percer des murs de briques et des blocs de ciments.<\/li>\n<\/ul>","protected":false},"excerpt":{"rendered":"<p>Le PRT<strong>\u00a0<\/strong>est un puissant outil de sauvetage portatif qui peut \u00eatre utilis\u00e9 avec un minimum de formation.<\/p>","protected":false},"featured_media":3823,"template":"","meta":[],"product_brand":[152],"product_cat":[70,46],"product_tag":[329,328],"class_list":{"0":"post-3868","1":"product","2":"type-product","3":"status-publish","4":"has-post-thumbnail","6":"product_brand-paratech","7":"product_cat-forcible-entry","8":"product_cat-hand-tools","9":"product_tag-para-tech","10":"product_tag-paratech","12":"first","13":"instock","14":"shipping-taxable","15":"product-type-simple"},"yoast_head":"<!-- This site is optimized with the Yoast SEO plugin v27.4 - https:\/\/yoast.com\/product\/yoast-seo-wordpress\/ -->\n<title>PRT (Percussive Rescue Tool) - Safety Source Fire<\/title>\n<meta name=\"robots\" content=\"index, follow, max-snippet:-1, max-image-preview:large, max-video-preview:-1\" \/>\n<link rel=\"canonical\" href=\"https:\/\/safetysourcefire.ca\/fr\/?product=prt-percussive-rescue-tool\" \/>\n<meta property=\"og:locale\" content=\"fr_CA\" \/>\n<meta property=\"og:type\" content=\"article\" \/>\n<meta property=\"og:title\" content=\"PRT (Percussive Rescue Tool) - Safety Source Fire\" \/>\n<meta property=\"og:description\" content=\"The PRT\u00a0is a powerful hand held rescue tool that can be put to work with a minimal amount of training.\" \/>\n<meta property=\"og:url\" content=\"https:\/\/safetysourcefire.ca\/fr\/?product=prt-percussive-rescue-tool\" \/>\n<meta property=\"og:site_name\" content=\"Safety Source Fire\" \/>\n<meta property=\"article:publisher\" content=\"https:\/\/www.facebook.com\/mmfssca\" \/>\n<meta property=\"article:modified_time\" content=\"2018-03-19T14:06:07+00:00\" \/>\n<meta property=\"og:image\" content=\"https:\/\/safetysourcefire.ca\/wp-content\/uploads\/2017\/06\/PRT.jpg\" \/>\n\t<meta property=\"og:image:width\" content=\"600\" \/>\n\t<meta property=\"og:image:height\" content=\"600\" \/>\n\t<meta property=\"og:image:type\" content=\"image\/jpeg\" \/>\n<meta name=\"twitter:card\" content=\"summary_large_image\" \/>\n<meta name=\"twitter:site\" content=\"@mmfssca\" \/>\n<meta name=\"twitter:label1\" content=\"Estimation du temps de lecture\" \/>\n\t<meta name=\"twitter:data1\" content=\"1 minute\" \/>\n<script type=\"application\/ld+json\" class=\"yoast-schema-graph\">{\"@context\":\"https:\\\/\\\/schema.org\",\"@graph\":[{\"@type\":\"WebPage\",\"@id\":\"https:\\\/\\\/safetysourcefire.ca\\\/?product=prt-percussive-rescue-tool\",\"url\":\"https:\\\/\\\/safetysourcefire.ca\\\/?product=prt-percussive-rescue-tool\",\"name\":\"PRT (Percussive Rescue Tool) - Safety Source Fire\",\"isPartOf\":{\"@id\":\"https:\\\/\\\/safetysourcefire.ca\\\/#website\"},\"primaryImageOfPage\":{\"@id\":\"https:\\\/\\\/safetysourcefire.ca\\\/?product=prt-percussive-rescue-tool#primaryimage\"},\"image\":{\"@id\":\"https:\\\/\\\/safetysourcefire.ca\\\/?product=prt-percussive-rescue-tool#primaryimage\"},\"thumbnailUrl\":\"https:\\\/\\\/safetysourcefire.ca\\\/wp-content\\\/uploads\\\/2017\\\/06\\\/PRT.jpg\",\"datePublished\":\"2017-06-22T16:00:16+00:00\",\"dateModified\":\"2018-03-19T14:06:07+00:00\",\"breadcrumb\":{\"@id\":\"https:\\\/\\\/safetysourcefire.ca\\\/?product=prt-percussive-rescue-tool#breadcrumb\"},\"inLanguage\":\"fr-CA\",\"potentialAction\":[{\"@type\":\"ReadAction\",\"target\":[\"https:\\\/\\\/safetysourcefire.ca\\\/?product=prt-percussive-rescue-tool\"]}]},{\"@type\":\"ImageObject\",\"inLanguage\":\"fr-CA\",\"@id\":\"https:\\\/\\\/safetysourcefire.ca\\\/?product=prt-percussive-rescue-tool#primaryimage\",\"url\":\"https:\\\/\\\/safetysourcefire.ca\\\/wp-content\\\/uploads\\\/2017\\\/06\\\/PRT.jpg\",\"contentUrl\":\"https:\\\/\\\/safetysourcefire.ca\\\/wp-content\\\/uploads\\\/2017\\\/06\\\/PRT.jpg\",\"width\":600,\"height\":600,\"caption\":\"tool\"},{\"@type\":\"BreadcrumbList\",\"@id\":\"https:\\\/\\\/safetysourcefire.ca\\\/?product=prt-percussive-rescue-tool#breadcrumb\",\"itemListElement\":[{\"@type\":\"ListItem\",\"position\":1,\"name\":\"Home\",\"item\":\"https:\\\/\\\/safetysourcefire.ca\\\/\"},{\"@type\":\"ListItem\",\"position\":2,\"name\":\"Products\",\"item\":\"https:\\\/\\\/safetysourcefire.ca\\\/shop\\\/\"},{\"@type\":\"ListItem\",\"position\":3,\"name\":\"PRT (Percussive Rescue Tool)\"}]},{\"@type\":\"WebSite\",\"@id\":\"https:\\\/\\\/safetysourcefire.ca\\\/#website\",\"url\":\"https:\\\/\\\/safetysourcefire.ca\\\/\",\"name\":\"Safety Source Fire\",\"description\":\"\",\"publisher\":{\"@id\":\"https:\\\/\\\/safetysourcefire.ca\\\/#organization\"},\"potentialAction\":[{\"@type\":\"SearchAction\",\"target\":{\"@type\":\"EntryPoint\",\"urlTemplate\":\"https:\\\/\\\/safetysourcefire.ca\\\/?s={search_term_string}\"},\"query-input\":{\"@type\":\"PropertyValueSpecification\",\"valueRequired\":true,\"valueName\":\"search_term_string\"}}],\"inLanguage\":\"fr-CA\"},{\"@type\":\"Organization\",\"@id\":\"https:\\\/\\\/safetysourcefire.ca\\\/#organization\",\"name\":\"Safety Source Fire\",\"url\":\"https:\\\/\\\/safetysourcefire.ca\\\/\",\"logo\":{\"@type\":\"ImageObject\",\"inLanguage\":\"fr-CA\",\"@id\":\"https:\\\/\\\/safetysourcefire.ca\\\/#\\\/schema\\\/logo\\\/image\\\/\",\"url\":\"https:\\\/\\\/safetysourcefire.ca\\\/wp-content\\\/uploads\\\/2021\\\/01\\\/SSF_logo_CC0000-3.png\",\"contentUrl\":\"https:\\\/\\\/safetysourcefire.ca\\\/wp-content\\\/uploads\\\/2021\\\/01\\\/SSF_logo_CC0000-3.png\",\"width\":1107,\"height\":365,\"caption\":\"Safety Source Fire\"},\"image\":{\"@id\":\"https:\\\/\\\/safetysourcefire.ca\\\/#\\\/schema\\\/logo\\\/image\\\/\"},\"sameAs\":[\"https:\\\/\\\/www.facebook.com\\\/mmfssca\",\"https:\\\/\\\/x.com\\\/mmfssca\"]}]}<\/script>\n<!-- \/ Yoast SEO plugin. -->","yoast_head_json":{"title":"PRT (Percussive Rescue Tool) - Incendie \u00e0 source de s\u00e9curit\u00e9","robots":{"index":"index","follow":"follow","max-snippet":"max-snippet:-1","max-image-preview":"max-image-preview:large","max-video-preview":"max-video-preview:-1"},"canonical":"https:\/\/safetysourcefire.ca\/fr\/?product=prt-percussive-rescue-tool","og_locale":"fr_CA","og_type":"article","og_title":"PRT (Percussive Rescue Tool) - Safety Source Fire","og_description":"The PRT\u00a0is a powerful hand held rescue tool that can be put to work with a minimal amount of training.","og_url":"https:\/\/safetysourcefire.ca\/fr\/?product=prt-percussive-rescue-tool","og_site_name":"Safety Source Fire","article_publisher":"https:\/\/www.facebook.com\/mmfssca","article_modified_time":"2018-03-19T14:06:07+00:00","og_image":[{"width":600,"height":600,"url":"https:\/\/safetysourcefire.ca\/wp-content\/uploads\/2017\/06\/PRT.jpg","type":"image\/jpeg"}],"twitter_card":"summary_large_image","twitter_site":"@mmfssca","twitter_misc":{"Estimation du temps de lecture":"1 minute"},"schema":{"@context":"https:\/\/schema.org","@graph":[{"@type":"WebPage","@id":"https:\/\/safetysourcefire.ca\/?product=prt-percussive-rescue-tool","url":"https:\/\/safetysourcefire.ca\/?product=prt-percussive-rescue-tool","name":"PRT (Percussive Rescue Tool) - Incendie \u00e0 source de s\u00e9curit\u00e9","isPartOf":{"@id":"https:\/\/safetysourcefire.ca\/#website"},"primaryImageOfPage":{"@id":"https:\/\/safetysourcefire.ca\/?product=prt-percussive-rescue-tool#primaryimage"},"image":{"@id":"https:\/\/safetysourcefire.ca\/?product=prt-percussive-rescue-tool#primaryimage"},"thumbnailUrl":"https:\/\/safetysourcefire.ca\/wp-content\/uploads\/2017\/06\/PRT.jpg","datePublished":"2017-06-22T16:00:16+00:00","dateModified":"2018-03-19T14:06:07+00:00","breadcrumb":{"@id":"https:\/\/safetysourcefire.ca\/?product=prt-percussive-rescue-tool#breadcrumb"},"inLanguage":"fr-CA","potentialAction":[{"@type":"ReadAction","target":["https:\/\/safetysourcefire.ca\/?product=prt-percussive-rescue-tool"]}]},{"@type":"ImageObject","inLanguage":"fr-CA","@id":"https:\/\/safetysourcefire.ca\/?product=prt-percussive-rescue-tool#primaryimage","url":"https:\/\/safetysourcefire.ca\/wp-content\/uploads\/2017\/06\/PRT.jpg","contentUrl":"https:\/\/safetysourcefire.ca\/wp-content\/uploads\/2017\/06\/PRT.jpg","width":600,"height":600,"caption":"tool"},{"@type":"BreadcrumbList","@id":"https:\/\/safetysourcefire.ca\/?product=prt-percussive-rescue-tool#breadcrumb","itemListElement":[{"@type":"ListItem","position":1,"name":"Home","item":"https:\/\/safetysourcefire.ca\/"},{"@type":"ListItem","position":2,"name":"Products","item":"https:\/\/safetysourcefire.ca\/shop\/"},{"@type":"ListItem","position":3,"name":"PRT (Percussive Rescue Tool)"}]},{"@type":"WebSite","@id":"https:\/\/safetysourcefire.ca\/#website","url":"https:\/\/safetysourcefire.ca\/","name":"Safety Source Fire","description":"","publisher":{"@id":"https:\/\/safetysourcefire.ca\/#organization"},"potentialAction":[{"@type":"SearchAction","target":{"@type":"EntryPoint","urlTemplate":"https:\/\/safetysourcefire.ca\/?s={search_term_string}"},"query-input":{"@type":"PropertyValueSpecification","valueRequired":true,"valueName":"search_term_string"}}],"inLanguage":"fr-CA"},{"@type":"Organization","@id":"https:\/\/safetysourcefire.ca\/#organization","name":"Safety Source Fire","url":"https:\/\/safetysourcefire.ca\/","logo":{"@type":"ImageObject","inLanguage":"fr-CA","@id":"https:\/\/safetysourcefire.ca\/#\/schema\/logo\/image\/","url":"https:\/\/safetysourcefire.ca\/wp-content\/uploads\/2021\/01\/SSF_logo_CC0000-3.png","contentUrl":"https:\/\/safetysourcefire.ca\/wp-content\/uploads\/2021\/01\/SSF_logo_CC0000-3.png","width":1107,"height":365,"caption":"Safety Source Fire"},"image":{"@id":"https:\/\/safetysourcefire.ca\/#\/schema\/logo\/image\/"},"sameAs":["https:\/\/www.facebook.com\/mmfssca","https:\/\/x.com\/mmfssca"]}]}},"_links":{"self":[{"href":"https:\/\/safetysourcefire.ca\/fr\/wp-json\/wp\/v2\/product\/3868","targetHints":{"allow":["GET"]}}],"collection":[{"href":"https:\/\/safetysourcefire.ca\/fr\/wp-json\/wp\/v2\/product"}],"about":[{"href":"https:\/\/safetysourcefire.ca\/fr\/wp-json\/wp\/v2\/types\/product"}],"wp:featuredmedia":[{"embeddable":true,"href":"https:\/\/safetysourcefire.ca\/fr\/wp-json\/wp\/v2\/media\/3823"}],"wp:attachment":[{"href":"https:\/\/safetysourcefire.ca\/fr\/wp-json\/wp\/v2\/media?parent=3868"}],"wp:term":[{"taxonomy":"product_brand","embeddable":true,"href":"https:\/\/safetysourcefire.ca\/fr\/wp-json\/wp\/v2\/product_brand?post=3868"},{"taxonomy":"product_cat","embeddable":true,"href":"https:\/\/safetysourcefire.ca\/fr\/wp-json\/wp\/v2\/product_cat?post=3868"},{"taxonomy":"product_tag","embeddable":true,"href":"https:\/\/safetysourcefire.ca\/fr\/wp-json\/wp\/v2\/product_tag?post=3868"}],"curies":[{"name":"wp","href":"https:\/\/api.w.org\/{rel}","templated":true}]}}