{"id":3873,"date":"2018-09-06T10:00:38","date_gmt":"2018-09-06T10:00:38","guid":{"rendered":"http:\/\/mmfss.ca\/?post_type=product&#038;p=3873"},"modified":"2018-09-06T21:09:25","modified_gmt":"2018-09-06T21:09:25","slug":"badaxx","status":"publish","type":"product","link":"https:\/\/safetysourcefire.ca\/fr\/produit\/badaxx\/","title":{"rendered":"Badaxx"},"content":{"rendered":"<p><strong>CARACT\u00c9RISTIQUES<\/strong><\/p>\n<p>Longueur totale : 34\u2033 ou 30\u2033<br \/>\nPoids total\u00a0: 8\u00a0lbs +\/- 2\u00a0oz<br \/>\nLongeur de la face jusqu'\u00e0 la pointe: 9,75\u00a0<br \/>\n\u00c9paisseur de la t\u00eate\u00a0: 1\u00a0<\/p>\n<p>&nbsp;<\/p>\n<p><strong>RAPPEL<\/strong><\/p>\n<p>La base de la lame BADAXX a \u00e9t\u00e9 con\u00e7ue pour cr\u00e9er un point d&#039;ancrage d&#039;urgence pour les premiers intervenants qui se retrouvent pi\u00e9g\u00e9s au-dessus du rez-de-chauss\u00e9e de toute structure. Le point d&#039;ancrage peut s&#039;accrocher ou \u00eatre enfonc\u00e9 dans la plupart des mat\u00e9riaux de construction. Une corde de s\u00e9curit\u00e9 peut facilement \u00eatre attach\u00e9e au trou pr\u00e9vu \u00e0 l&#039;extr\u00e9mit\u00e9 de la poign\u00e9e pour vous permettre de descendre en rappel en toute s\u00e9curit\u00e9. L&#039;outil BADAXX vous permet d&#039;effectuer de nombreuses t\u00e2ches difficiles tout en vous offrant une tranquillit\u00e9 d&#039;esprit, sachant que vous disposez d&#039;un point d&#039;ancrage solide comme le roc n&#039;importe o\u00f9 et \u00e0 tout moment.<\/p>\n<p>&nbsp;<\/p>\n<p><strong>PIQUER<\/strong><\/p>\n<p>Fabriqu\u00e9 \u00e0 partir d'acier \u00e0 outils tremp\u00e9 4150, le pic de 4,5\" peut \u00eatre rapidement enfonc\u00e9 dans la plupart des mat\u00e9riaux, offrant une prise de pied suppl\u00e9mentaire imm\u00e9diate lors des op\u00e9rations d'urgence. La largeur est constante sur toute la longueur de la lame ce qui assure une stabilit\u00e9 accrue. Pour augmenter votre s\u00e9curit\u00e9, nous avons ajout\u00e9 un moletage \u00e0 la surface sup\u00e9rieure de la t\u00eate pour emp\u00eacher votre pied de glisser. En ce qui concerne l'extr\u00e9mit\u00e9 conique et l'angle du pic, nous les avons con\u00e7us pour \u00eatre tr\u00e8s efficaces comme point d'appui, pour soulever ou forcer.<\/p>\n<p>&nbsp;<\/p>\n<p><strong>DIRIGER<\/strong><\/p>\n<p>La t\u00eate de l'outil BADAXX est cr\u00e9\u00e9e par un proc\u00e9d\u00e9 de fonderie, \u00e9galement connu sous le nom de moulage \u00e0 la cire perdue. Nous commen\u00e7ons avec une matrice dans laquelle de la cire est inject\u00e9e pour former la forme de la t\u00eate. La t\u00eate de cire est ensuite recouverte d'une s\u00e9rie de couches de porcelaine pour cr\u00e9er un moule de la t\u00eate. Le moule est ensuite chauff\u00e9 pour \u00e9liminer la cire et est finalement rempli d'acier \u00e0 outils 4150 fondu. Une fois refroidie, la porcelaine est retir\u00e9e et voil\u00e0!<\/p>\n<p>La t\u00eate de l'outil BADAXX a \u00e9t\u00e9 con\u00e7ue pour appliquer une force d'impact maximale \u00e0 la surface de frappe tandis que les bords biseaut\u00e9s \u00e9loignent le mat\u00e9riau de la lame. R\u00e9sultat ? Une m\u00e9thode efficace pour percer les mat\u00e9riaux sans que la lame ne soit pinc\u00e9e ou coinc\u00e9e. Cette m\u00e9thode de travail permet d'effectuer efficacement les op\u00e9rations urgentes, tout en minimisant l'effort et en pr\u00e9servant l'\u00e9nergie pr\u00e9cieuse des utilisateurs. La face de la lame offre une surface de frappe efficace lorsqu'elle est utilis\u00e9e avec une barre de style Halligan. Le trou rectangulaire dans la t\u00eate est con\u00e7u pour acceuillir une lame d'adz de 2\" \u00e0 3\" d'une barre de style Halligan. Cette conception permet aux poign\u00e9es de se manier facilement et peuvent \u00eatre saisies d'une seule main. L'outil BADAXX combin\u00e9 \u00e0 une barre de style Halligan sont la paire parfaite pour tout travail d'entr\u00e9e par effraction\u00a0!<\/p>\n<p>&nbsp;<\/p>\n<p><strong>POIGN\u00c9E<\/strong><\/p>\n<p>La poign\u00e9e de Badaxx a \u00e9t\u00e9 usin\u00e9e avec pr\u00e9cision \u00e0 partir d'aluminium a\u00e9rospatial tremp\u00e9 ; il s'agit de l'alliage d'aluminium le plus r\u00e9sistant et de la m\u00eame qualit\u00e9 que celle utilis\u00e9e dans la fabrication d'avions commerciaux. Nous avons choisi cet alliage pour permettre une r\u00e9sistance extr\u00eame tout en gardant un poids r\u00e9duit. Nous traitons ensuite le manche avec une finition anodis\u00e9e pour obtenir la couleur que vous souhaitez et \u00e9viter l'oxydation.<\/p>\n<p>La poign\u00e9e BADAXX est de forme ergonomique pour un swing plus naturel. Le trou pr\u00e9vu \u00e0 l&#039;extr\u00e9mit\u00e9 de la poign\u00e9e permet d&#039;attacher facilement une corde de s\u00e9curit\u00e9 pour les op\u00e9rations de rappel et de renflouement. Le motif de hachures crois\u00e9es ainsi que la prise de doigt en crochet emp\u00eachent la hache de glisser de votre prise.<\/p>\n<p>&nbsp;<\/p>\n<p><strong>CARACT\u00c9RISTIQUES SUPPL\u00c9MENTAIRES<\/strong><\/p>\n<p>La poign\u00e9e a \u00e9t\u00e9 usin\u00e9e pour inclure deux styles de cl\u00e9s de bouche d'incendie n\u00e9cessaires pour ouvrir et fermer rapidement les bouches d'incendie standard. La surface sup\u00e9rieure de la t\u00eate comprend \u00e9galement une poche qui actionnera une vanne d'arr\u00eat standard pour les compteurs d'eau et de gaz. Lame de style Halligan. Cette conception permet de manier l'outil facilement d'une seule main.<\/p>","protected":false},"excerpt":{"rendered":"<p>SPECIFICATIONS Total Length: 34&#8243; or 30&#8243; Total Weight: 8lbs +\/- 2oz Face to Pick: 9.75&#8243; Head Thickness: 1&#8243; &nbsp; RAPPELLING The base of the BADAXX blade has been engineered to create an emergency anchor point for first responders who find themselves trapped above the ground floor of any structure. The anchor point can latch onto, [&hellip;]<\/p>\n","protected":false},"featured_media":3796,"template":"","meta":[],"product_brand":[209],"product_cat":[69,46],"product_tag":[263,262],"class_list":{"0":"post-3873","1":"product","2":"type-product","3":"status-publish","4":"has-post-thumbnail","6":"product_brand-badaxx","7":"product_cat-axes","8":"product_cat-hand-tools","9":"product_tag-ax","10":"product_tag-badaxx","12":"first","13":"instock","14":"shipping-taxable","15":"product-type-simple"},"yoast_head":"<!-- This site is optimized with the Yoast SEO plugin v27.4 - https:\/\/yoast.com\/product\/yoast-seo-wordpress\/ -->\n<title>Badaxx - Safety Source Fire<\/title>\n<meta name=\"robots\" content=\"index, follow, max-snippet:-1, max-image-preview:large, max-video-preview:-1\" \/>\n<link rel=\"canonical\" href=\"https:\/\/safetysourcefire.ca\/fr\/?product=badaxx\" \/>\n<meta property=\"og:locale\" content=\"fr_CA\" \/>\n<meta property=\"og:type\" content=\"article\" \/>\n<meta property=\"og:title\" content=\"Badaxx - Safety Source Fire\" \/>\n<meta property=\"og:description\" content=\"SPECIFICATIONS Total Length: 34&#8243; or 30&#8243; Total Weight: 8lbs +\/- 2oz Face to Pick: 9.75&#8243; Head Thickness: 1&#8243; &nbsp; RAPPELLING The base of the BADAXX blade has been engineered to create an emergency anchor point for first responders who find themselves trapped above the ground floor of any structure. The anchor point can latch onto, [&hellip;]\" \/>\n<meta property=\"og:url\" content=\"https:\/\/safetysourcefire.ca\/fr\/?product=badaxx\" \/>\n<meta property=\"og:site_name\" content=\"Safety Source Fire\" \/>\n<meta property=\"article:publisher\" content=\"https:\/\/www.facebook.com\/mmfssca\" \/>\n<meta property=\"article:modified_time\" content=\"2018-09-06T21:09:25+00:00\" \/>\n<meta property=\"og:image\" content=\"https:\/\/safetysourcefire.ca\/wp-content\/uploads\/2017\/06\/Badaxx.jpg\" \/>\n\t<meta property=\"og:image:width\" content=\"600\" \/>\n\t<meta property=\"og:image:height\" content=\"600\" \/>\n\t<meta property=\"og:image:type\" content=\"image\/jpeg\" \/>\n<meta name=\"twitter:card\" content=\"summary_large_image\" \/>\n<meta name=\"twitter:site\" content=\"@mmfssca\" \/>\n<meta name=\"twitter:label1\" content=\"Estimation du temps de lecture\" \/>\n\t<meta name=\"twitter:data1\" content=\"3 minutes\" \/>\n<script type=\"application\/ld+json\" class=\"yoast-schema-graph\">{\"@context\":\"https:\\\/\\\/schema.org\",\"@graph\":[{\"@type\":\"WebPage\",\"@id\":\"https:\\\/\\\/safetysourcefire.ca\\\/?product=badaxx\",\"url\":\"https:\\\/\\\/safetysourcefire.ca\\\/?product=badaxx\",\"name\":\"Badaxx - Safety Source Fire\",\"isPartOf\":{\"@id\":\"https:\\\/\\\/safetysourcefire.ca\\\/#website\"},\"primaryImageOfPage\":{\"@id\":\"https:\\\/\\\/safetysourcefire.ca\\\/?product=badaxx#primaryimage\"},\"image\":{\"@id\":\"https:\\\/\\\/safetysourcefire.ca\\\/?product=badaxx#primaryimage\"},\"thumbnailUrl\":\"https:\\\/\\\/safetysourcefire.ca\\\/wp-content\\\/uploads\\\/2017\\\/06\\\/Badaxx.jpg\",\"datePublished\":\"2018-09-06T10:00:38+00:00\",\"dateModified\":\"2018-09-06T21:09:25+00:00\",\"breadcrumb\":{\"@id\":\"https:\\\/\\\/safetysourcefire.ca\\\/?product=badaxx#breadcrumb\"},\"inLanguage\":\"fr-CA\",\"potentialAction\":[{\"@type\":\"ReadAction\",\"target\":[\"https:\\\/\\\/safetysourcefire.ca\\\/?product=badaxx\"]}]},{\"@type\":\"ImageObject\",\"inLanguage\":\"fr-CA\",\"@id\":\"https:\\\/\\\/safetysourcefire.ca\\\/?product=badaxx#primaryimage\",\"url\":\"https:\\\/\\\/safetysourcefire.ca\\\/wp-content\\\/uploads\\\/2017\\\/06\\\/Badaxx.jpg\",\"contentUrl\":\"https:\\\/\\\/safetysourcefire.ca\\\/wp-content\\\/uploads\\\/2017\\\/06\\\/Badaxx.jpg\",\"width\":600,\"height\":600,\"caption\":\"ax\"},{\"@type\":\"BreadcrumbList\",\"@id\":\"https:\\\/\\\/safetysourcefire.ca\\\/?product=badaxx#breadcrumb\",\"itemListElement\":[{\"@type\":\"ListItem\",\"position\":1,\"name\":\"Home\",\"item\":\"https:\\\/\\\/safetysourcefire.ca\\\/\"},{\"@type\":\"ListItem\",\"position\":2,\"name\":\"Products\",\"item\":\"https:\\\/\\\/safetysourcefire.ca\\\/shop\\\/\"},{\"@type\":\"ListItem\",\"position\":3,\"name\":\"Badaxx\"}]},{\"@type\":\"WebSite\",\"@id\":\"https:\\\/\\\/safetysourcefire.ca\\\/#website\",\"url\":\"https:\\\/\\\/safetysourcefire.ca\\\/\",\"name\":\"Safety Source Fire\",\"description\":\"\",\"publisher\":{\"@id\":\"https:\\\/\\\/safetysourcefire.ca\\\/#organization\"},\"potentialAction\":[{\"@type\":\"SearchAction\",\"target\":{\"@type\":\"EntryPoint\",\"urlTemplate\":\"https:\\\/\\\/safetysourcefire.ca\\\/?s={search_term_string}\"},\"query-input\":{\"@type\":\"PropertyValueSpecification\",\"valueRequired\":true,\"valueName\":\"search_term_string\"}}],\"inLanguage\":\"fr-CA\"},{\"@type\":\"Organization\",\"@id\":\"https:\\\/\\\/safetysourcefire.ca\\\/#organization\",\"name\":\"Safety Source Fire\",\"url\":\"https:\\\/\\\/safetysourcefire.ca\\\/\",\"logo\":{\"@type\":\"ImageObject\",\"inLanguage\":\"fr-CA\",\"@id\":\"https:\\\/\\\/safetysourcefire.ca\\\/#\\\/schema\\\/logo\\\/image\\\/\",\"url\":\"https:\\\/\\\/safetysourcefire.ca\\\/wp-content\\\/uploads\\\/2021\\\/01\\\/SSF_logo_CC0000-3.png\",\"contentUrl\":\"https:\\\/\\\/safetysourcefire.ca\\\/wp-content\\\/uploads\\\/2021\\\/01\\\/SSF_logo_CC0000-3.png\",\"width\":1107,\"height\":365,\"caption\":\"Safety Source Fire\"},\"image\":{\"@id\":\"https:\\\/\\\/safetysourcefire.ca\\\/#\\\/schema\\\/logo\\\/image\\\/\"},\"sameAs\":[\"https:\\\/\\\/www.facebook.com\\\/mmfssca\",\"https:\\\/\\\/x.com\\\/mmfssca\"]}]}<\/script>\n<!-- \/ Yoast SEO plugin. -->","yoast_head_json":{"title":"Badaxx - Source de s\u00e9curit\u00e9 incendie","robots":{"index":"index","follow":"follow","max-snippet":"max-snippet:-1","max-image-preview":"max-image-preview:large","max-video-preview":"max-video-preview:-1"},"canonical":"https:\/\/safetysourcefire.ca\/fr\/?product=badaxx","og_locale":"fr_CA","og_type":"article","og_title":"Badaxx - Safety Source Fire","og_description":"SPECIFICATIONS Total Length: 34&#8243; or 30&#8243; Total Weight: 8lbs +\/- 2oz Face to Pick: 9.75&#8243; Head Thickness: 1&#8243; &nbsp; RAPPELLING The base of the BADAXX blade has been engineered to create an emergency anchor point for first responders who find themselves trapped above the ground floor of any structure. The anchor point can latch onto, [&hellip;]","og_url":"https:\/\/safetysourcefire.ca\/fr\/?product=badaxx","og_site_name":"Safety Source Fire","article_publisher":"https:\/\/www.facebook.com\/mmfssca","article_modified_time":"2018-09-06T21:09:25+00:00","og_image":[{"width":600,"height":600,"url":"https:\/\/safetysourcefire.ca\/wp-content\/uploads\/2017\/06\/Badaxx.jpg","type":"image\/jpeg"}],"twitter_card":"summary_large_image","twitter_site":"@mmfssca","twitter_misc":{"Estimation du temps de lecture":"3 minutes"},"schema":{"@context":"https:\/\/schema.org","@graph":[{"@type":"WebPage","@id":"https:\/\/safetysourcefire.ca\/?product=badaxx","url":"https:\/\/safetysourcefire.ca\/?product=badaxx","name":"Badaxx - Source de s\u00e9curit\u00e9 incendie","isPartOf":{"@id":"https:\/\/safetysourcefire.ca\/#website"},"primaryImageOfPage":{"@id":"https:\/\/safetysourcefire.ca\/?product=badaxx#primaryimage"},"image":{"@id":"https:\/\/safetysourcefire.ca\/?product=badaxx#primaryimage"},"thumbnailUrl":"https:\/\/safetysourcefire.ca\/wp-content\/uploads\/2017\/06\/Badaxx.jpg","datePublished":"2018-09-06T10:00:38+00:00","dateModified":"2018-09-06T21:09:25+00:00","breadcrumb":{"@id":"https:\/\/safetysourcefire.ca\/?product=badaxx#breadcrumb"},"inLanguage":"fr-CA","potentialAction":[{"@type":"ReadAction","target":["https:\/\/safetysourcefire.ca\/?product=badaxx"]}]},{"@type":"ImageObject","inLanguage":"fr-CA","@id":"https:\/\/safetysourcefire.ca\/?product=badaxx#primaryimage","url":"https:\/\/safetysourcefire.ca\/wp-content\/uploads\/2017\/06\/Badaxx.jpg","contentUrl":"https:\/\/safetysourcefire.ca\/wp-content\/uploads\/2017\/06\/Badaxx.jpg","width":600,"height":600,"caption":"ax"},{"@type":"BreadcrumbList","@id":"https:\/\/safetysourcefire.ca\/?product=badaxx#breadcrumb","itemListElement":[{"@type":"ListItem","position":1,"name":"Home","item":"https:\/\/safetysourcefire.ca\/"},{"@type":"ListItem","position":2,"name":"Products","item":"https:\/\/safetysourcefire.ca\/shop\/"},{"@type":"ListItem","position":3,"name":"Badaxx"}]},{"@type":"WebSite","@id":"https:\/\/safetysourcefire.ca\/#website","url":"https:\/\/safetysourcefire.ca\/","name":"Safety Source Fire","description":"","publisher":{"@id":"https:\/\/safetysourcefire.ca\/#organization"},"potentialAction":[{"@type":"SearchAction","target":{"@type":"EntryPoint","urlTemplate":"https:\/\/safetysourcefire.ca\/?s={search_term_string}"},"query-input":{"@type":"PropertyValueSpecification","valueRequired":true,"valueName":"search_term_string"}}],"inLanguage":"fr-CA"},{"@type":"Organization","@id":"https:\/\/safetysourcefire.ca\/#organization","name":"Safety Source Fire","url":"https:\/\/safetysourcefire.ca\/","logo":{"@type":"ImageObject","inLanguage":"fr-CA","@id":"https:\/\/safetysourcefire.ca\/#\/schema\/logo\/image\/","url":"https:\/\/safetysourcefire.ca\/wp-content\/uploads\/2021\/01\/SSF_logo_CC0000-3.png","contentUrl":"https:\/\/safetysourcefire.ca\/wp-content\/uploads\/2021\/01\/SSF_logo_CC0000-3.png","width":1107,"height":365,"caption":"Safety Source Fire"},"image":{"@id":"https:\/\/safetysourcefire.ca\/#\/schema\/logo\/image\/"},"sameAs":["https:\/\/www.facebook.com\/mmfssca","https:\/\/x.com\/mmfssca"]}]}},"_links":{"self":[{"href":"https:\/\/safetysourcefire.ca\/fr\/wp-json\/wp\/v2\/product\/3873","targetHints":{"allow":["GET"]}}],"collection":[{"href":"https:\/\/safetysourcefire.ca\/fr\/wp-json\/wp\/v2\/product"}],"about":[{"href":"https:\/\/safetysourcefire.ca\/fr\/wp-json\/wp\/v2\/types\/product"}],"wp:featuredmedia":[{"embeddable":true,"href":"https:\/\/safetysourcefire.ca\/fr\/wp-json\/wp\/v2\/media\/3796"}],"wp:attachment":[{"href":"https:\/\/safetysourcefire.ca\/fr\/wp-json\/wp\/v2\/media?parent=3873"}],"wp:term":[{"taxonomy":"product_brand","embeddable":true,"href":"https:\/\/safetysourcefire.ca\/fr\/wp-json\/wp\/v2\/product_brand?post=3873"},{"taxonomy":"product_cat","embeddable":true,"href":"https:\/\/safetysourcefire.ca\/fr\/wp-json\/wp\/v2\/product_cat?post=3873"},{"taxonomy":"product_tag","embeddable":true,"href":"https:\/\/safetysourcefire.ca\/fr\/wp-json\/wp\/v2\/product_tag?post=3873"}],"curies":[{"name":"wp","href":"https:\/\/api.w.org\/{rel}","templated":true}]}}