{"id":3876,"date":"2017-06-22T16:19:30","date_gmt":"2017-06-22T16:19:30","guid":{"rendered":"http:\/\/mmfss.ca\/?post_type=product&#038;p=3876"},"modified":"2018-03-19T14:38:20","modified_gmt":"2018-03-19T14:38:20","slug":"glas-master","status":"publish","type":"product","link":"https:\/\/safetysourcefire.ca\/fr\/produit\/glas-master\/","title":{"rendered":"Glas-Master"},"content":{"rendered":"<p>Avec\u00a0<em>Glas-Master<\/em>\u00a0vos options sont multiples.<\/p>\n<p>Wehr Engineering a d\u00e9velopp\u00e9 cet outil r\u00e9volutionnaire pour acc\u00e9l\u00e9rer le retrait de toutes les vitres des v\u00e9hicules, r\u00e9duire le risque de traumatisme pour le patient et augmenter la confiance du secouriste pour s&#039;attaquer \u00e0 cette t\u00e2che en toute s\u00e9curit\u00e9.<\/p>\n<p><strong>SOYEZ PR\u00caTS<\/strong>\u00a0\u2013 Aucun autre outil manuel ne coupe le verre plus rapidement.<br \/>\n<strong>EFFICACE<\/strong>\u00a0\u2013 R\u00e9duit consid\u00e9rablement le temps de sauvetage.<br \/>\n<strong>VERSATILE<\/strong>\u00a0\u2013 Utilisation sur fibre de verre, bois, pl\u00e2tre, etc. Peut aussi \u00eatre utilis\u00e9 pour les sauvetages sous-marin.<br \/>\n<strong>S\u00c9CURITAIRE-<\/strong>\u00a0\u2013 Moins de danger pour les victimes et l&#039;utilisateur pi\u00e9g\u00e9s.<\/p>\n<p>Le rangement du poin\u00e7on central \u00e0 ressort dans le\u00a0<em>Glas-Master<\/em>\u00a0s'est \u00e9galement av\u00e9r\u00e9 \u00eatre un avantage. Dans le pass\u00e9, le poin\u00e7on de fen\u00eatre \u00e9tait souvent perdu ou \u00e9gar\u00e9 et n'\u00e9tait pas imm\u00e9diatement disponible en cas de besoin. Ce n'est plus le cas avec la nouvelle m\u00e9thode.<\/p>\n<p>Bref, le\u00a0<em>Glas-Master<\/em>\u00a0r\u00e9duit la possibilit\u00e9 de perdre ses outils et am\u00e9liore votre temps de r\u00e9action lors de son utilisation!<\/p>","protected":false},"excerpt":{"rendered":"<p><em>Glas-Master\u00a0<\/em>est un nouvel outil r\u00e9volutionnaire de retrait du verre \u00e0 commande manuelle et autonome (sans \u00e9lectricit\u00e9 ni syst\u00e8me hydraulique).<\/p>","protected":false},"featured_media":3832,"template":"","meta":[],"product_brand":[211],"product_cat":[46,72],"product_tag":[359],"class_list":{"0":"post-3876","1":"product","2":"type-product","3":"status-publish","4":"has-post-thumbnail","6":"product_brand-wehr-engineering","7":"product_cat-hand-tools","8":"product_cat-miscellaneous-hand-tools","9":"product_tag-wehr-engineering","11":"first","12":"instock","13":"shipping-taxable","14":"product-type-simple"},"yoast_head":"<!-- This site is optimized with the Yoast SEO plugin v27.4 - https:\/\/yoast.com\/product\/yoast-seo-wordpress\/ -->\n<title>Glas-Master - Safety Source Fire<\/title>\n<meta name=\"robots\" content=\"index, follow, max-snippet:-1, max-image-preview:large, max-video-preview:-1\" \/>\n<link rel=\"canonical\" href=\"https:\/\/safetysourcefire.ca\/fr\/?product=glas-master\" \/>\n<meta property=\"og:locale\" content=\"fr_CA\" \/>\n<meta property=\"og:type\" content=\"article\" \/>\n<meta property=\"og:title\" content=\"Glas-Master - Safety Source Fire\" \/>\n<meta property=\"og:description\" content=\"Glas-Master\u00a0is a revolutionary new manually operated, self supported (no electricity or hydraulics necessary) glass removal tool that gives rescuers extra time to save lives during the Golden Hour.\" \/>\n<meta property=\"og:url\" content=\"https:\/\/safetysourcefire.ca\/fr\/?product=glas-master\" \/>\n<meta property=\"og:site_name\" content=\"Safety Source Fire\" \/>\n<meta property=\"article:publisher\" content=\"https:\/\/www.facebook.com\/mmfssca\" \/>\n<meta property=\"article:modified_time\" content=\"2018-03-19T14:38:20+00:00\" \/>\n<meta property=\"og:image\" content=\"https:\/\/safetysourcefire.ca\/wp-content\/uploads\/2017\/06\/galssmaster.jpg\" \/>\n\t<meta property=\"og:image:width\" content=\"600\" \/>\n\t<meta property=\"og:image:height\" content=\"600\" \/>\n\t<meta property=\"og:image:type\" content=\"image\/jpeg\" \/>\n<meta name=\"twitter:card\" content=\"summary_large_image\" \/>\n<meta name=\"twitter:site\" content=\"@mmfssca\" \/>\n<meta name=\"twitter:label1\" content=\"Estimation du temps de lecture\" \/>\n\t<meta name=\"twitter:data1\" content=\"1 minute\" \/>\n<script type=\"application\/ld+json\" class=\"yoast-schema-graph\">{\"@context\":\"https:\\\/\\\/schema.org\",\"@graph\":[{\"@type\":\"WebPage\",\"@id\":\"https:\\\/\\\/safetysourcefire.ca\\\/?product=glas-master\",\"url\":\"https:\\\/\\\/safetysourcefire.ca\\\/?product=glas-master\",\"name\":\"Glas-Master - Safety Source Fire\",\"isPartOf\":{\"@id\":\"https:\\\/\\\/safetysourcefire.ca\\\/#website\"},\"primaryImageOfPage\":{\"@id\":\"https:\\\/\\\/safetysourcefire.ca\\\/?product=glas-master#primaryimage\"},\"image\":{\"@id\":\"https:\\\/\\\/safetysourcefire.ca\\\/?product=glas-master#primaryimage\"},\"thumbnailUrl\":\"https:\\\/\\\/safetysourcefire.ca\\\/wp-content\\\/uploads\\\/2017\\\/06\\\/galssmaster.jpg\",\"datePublished\":\"2017-06-22T16:19:30+00:00\",\"dateModified\":\"2018-03-19T14:38:20+00:00\",\"breadcrumb\":{\"@id\":\"https:\\\/\\\/safetysourcefire.ca\\\/?product=glas-master#breadcrumb\"},\"inLanguage\":\"fr-CA\",\"potentialAction\":[{\"@type\":\"ReadAction\",\"target\":[\"https:\\\/\\\/safetysourcefire.ca\\\/?product=glas-master\"]}]},{\"@type\":\"ImageObject\",\"inLanguage\":\"fr-CA\",\"@id\":\"https:\\\/\\\/safetysourcefire.ca\\\/?product=glas-master#primaryimage\",\"url\":\"https:\\\/\\\/safetysourcefire.ca\\\/wp-content\\\/uploads\\\/2017\\\/06\\\/galssmaster.jpg\",\"contentUrl\":\"https:\\\/\\\/safetysourcefire.ca\\\/wp-content\\\/uploads\\\/2017\\\/06\\\/galssmaster.jpg\",\"width\":600,\"height\":600,\"caption\":\"tool\"},{\"@type\":\"BreadcrumbList\",\"@id\":\"https:\\\/\\\/safetysourcefire.ca\\\/?product=glas-master#breadcrumb\",\"itemListElement\":[{\"@type\":\"ListItem\",\"position\":1,\"name\":\"Home\",\"item\":\"https:\\\/\\\/safetysourcefire.ca\\\/\"},{\"@type\":\"ListItem\",\"position\":2,\"name\":\"Products\",\"item\":\"https:\\\/\\\/safetysourcefire.ca\\\/shop\\\/\"},{\"@type\":\"ListItem\",\"position\":3,\"name\":\"Glas-Master\"}]},{\"@type\":\"WebSite\",\"@id\":\"https:\\\/\\\/safetysourcefire.ca\\\/#website\",\"url\":\"https:\\\/\\\/safetysourcefire.ca\\\/\",\"name\":\"Safety Source Fire\",\"description\":\"\",\"publisher\":{\"@id\":\"https:\\\/\\\/safetysourcefire.ca\\\/#organization\"},\"potentialAction\":[{\"@type\":\"SearchAction\",\"target\":{\"@type\":\"EntryPoint\",\"urlTemplate\":\"https:\\\/\\\/safetysourcefire.ca\\\/?s={search_term_string}\"},\"query-input\":{\"@type\":\"PropertyValueSpecification\",\"valueRequired\":true,\"valueName\":\"search_term_string\"}}],\"inLanguage\":\"fr-CA\"},{\"@type\":\"Organization\",\"@id\":\"https:\\\/\\\/safetysourcefire.ca\\\/#organization\",\"name\":\"Safety Source Fire\",\"url\":\"https:\\\/\\\/safetysourcefire.ca\\\/\",\"logo\":{\"@type\":\"ImageObject\",\"inLanguage\":\"fr-CA\",\"@id\":\"https:\\\/\\\/safetysourcefire.ca\\\/#\\\/schema\\\/logo\\\/image\\\/\",\"url\":\"https:\\\/\\\/safetysourcefire.ca\\\/wp-content\\\/uploads\\\/2021\\\/01\\\/SSF_logo_CC0000-3.png\",\"contentUrl\":\"https:\\\/\\\/safetysourcefire.ca\\\/wp-content\\\/uploads\\\/2021\\\/01\\\/SSF_logo_CC0000-3.png\",\"width\":1107,\"height\":365,\"caption\":\"Safety Source Fire\"},\"image\":{\"@id\":\"https:\\\/\\\/safetysourcefire.ca\\\/#\\\/schema\\\/logo\\\/image\\\/\"},\"sameAs\":[\"https:\\\/\\\/www.facebook.com\\\/mmfssca\",\"https:\\\/\\\/x.com\\\/mmfssca\"]}]}<\/script>\n<!-- \/ Yoast SEO plugin. -->","yoast_head_json":{"title":"Glas-Master - Source de s\u00e9curit\u00e9 incendie","robots":{"index":"index","follow":"follow","max-snippet":"max-snippet:-1","max-image-preview":"max-image-preview:large","max-video-preview":"max-video-preview:-1"},"canonical":"https:\/\/safetysourcefire.ca\/fr\/?product=glas-master","og_locale":"fr_CA","og_type":"article","og_title":"Glas-Master - Safety Source Fire","og_description":"Glas-Master\u00a0is a revolutionary new manually operated, self supported (no electricity or hydraulics necessary) glass removal tool that gives rescuers extra time to save lives during the Golden Hour.","og_url":"https:\/\/safetysourcefire.ca\/fr\/?product=glas-master","og_site_name":"Safety Source Fire","article_publisher":"https:\/\/www.facebook.com\/mmfssca","article_modified_time":"2018-03-19T14:38:20+00:00","og_image":[{"width":600,"height":600,"url":"https:\/\/safetysourcefire.ca\/wp-content\/uploads\/2017\/06\/galssmaster.jpg","type":"image\/jpeg"}],"twitter_card":"summary_large_image","twitter_site":"@mmfssca","twitter_misc":{"Estimation du temps de lecture":"1 minute"},"schema":{"@context":"https:\/\/schema.org","@graph":[{"@type":"WebPage","@id":"https:\/\/safetysourcefire.ca\/?product=glas-master","url":"https:\/\/safetysourcefire.ca\/?product=glas-master","name":"Glas-Master - Source de s\u00e9curit\u00e9 incendie","isPartOf":{"@id":"https:\/\/safetysourcefire.ca\/#website"},"primaryImageOfPage":{"@id":"https:\/\/safetysourcefire.ca\/?product=glas-master#primaryimage"},"image":{"@id":"https:\/\/safetysourcefire.ca\/?product=glas-master#primaryimage"},"thumbnailUrl":"https:\/\/safetysourcefire.ca\/wp-content\/uploads\/2017\/06\/galssmaster.jpg","datePublished":"2017-06-22T16:19:30+00:00","dateModified":"2018-03-19T14:38:20+00:00","breadcrumb":{"@id":"https:\/\/safetysourcefire.ca\/?product=glas-master#breadcrumb"},"inLanguage":"fr-CA","potentialAction":[{"@type":"ReadAction","target":["https:\/\/safetysourcefire.ca\/?product=glas-master"]}]},{"@type":"ImageObject","inLanguage":"fr-CA","@id":"https:\/\/safetysourcefire.ca\/?product=glas-master#primaryimage","url":"https:\/\/safetysourcefire.ca\/wp-content\/uploads\/2017\/06\/galssmaster.jpg","contentUrl":"https:\/\/safetysourcefire.ca\/wp-content\/uploads\/2017\/06\/galssmaster.jpg","width":600,"height":600,"caption":"tool"},{"@type":"BreadcrumbList","@id":"https:\/\/safetysourcefire.ca\/?product=glas-master#breadcrumb","itemListElement":[{"@type":"ListItem","position":1,"name":"Home","item":"https:\/\/safetysourcefire.ca\/"},{"@type":"ListItem","position":2,"name":"Products","item":"https:\/\/safetysourcefire.ca\/shop\/"},{"@type":"ListItem","position":3,"name":"Glas-Master"}]},{"@type":"WebSite","@id":"https:\/\/safetysourcefire.ca\/#website","url":"https:\/\/safetysourcefire.ca\/","name":"Safety Source Fire","description":"","publisher":{"@id":"https:\/\/safetysourcefire.ca\/#organization"},"potentialAction":[{"@type":"SearchAction","target":{"@type":"EntryPoint","urlTemplate":"https:\/\/safetysourcefire.ca\/?s={search_term_string}"},"query-input":{"@type":"PropertyValueSpecification","valueRequired":true,"valueName":"search_term_string"}}],"inLanguage":"fr-CA"},{"@type":"Organization","@id":"https:\/\/safetysourcefire.ca\/#organization","name":"Safety Source Fire","url":"https:\/\/safetysourcefire.ca\/","logo":{"@type":"ImageObject","inLanguage":"fr-CA","@id":"https:\/\/safetysourcefire.ca\/#\/schema\/logo\/image\/","url":"https:\/\/safetysourcefire.ca\/wp-content\/uploads\/2021\/01\/SSF_logo_CC0000-3.png","contentUrl":"https:\/\/safetysourcefire.ca\/wp-content\/uploads\/2021\/01\/SSF_logo_CC0000-3.png","width":1107,"height":365,"caption":"Safety Source Fire"},"image":{"@id":"https:\/\/safetysourcefire.ca\/#\/schema\/logo\/image\/"},"sameAs":["https:\/\/www.facebook.com\/mmfssca","https:\/\/x.com\/mmfssca"]}]}},"_links":{"self":[{"href":"https:\/\/safetysourcefire.ca\/fr\/wp-json\/wp\/v2\/product\/3876","targetHints":{"allow":["GET"]}}],"collection":[{"href":"https:\/\/safetysourcefire.ca\/fr\/wp-json\/wp\/v2\/product"}],"about":[{"href":"https:\/\/safetysourcefire.ca\/fr\/wp-json\/wp\/v2\/types\/product"}],"wp:featuredmedia":[{"embeddable":true,"href":"https:\/\/safetysourcefire.ca\/fr\/wp-json\/wp\/v2\/media\/3832"}],"wp:attachment":[{"href":"https:\/\/safetysourcefire.ca\/fr\/wp-json\/wp\/v2\/media?parent=3876"}],"wp:term":[{"taxonomy":"product_brand","embeddable":true,"href":"https:\/\/safetysourcefire.ca\/fr\/wp-json\/wp\/v2\/product_brand?post=3876"},{"taxonomy":"product_cat","embeddable":true,"href":"https:\/\/safetysourcefire.ca\/fr\/wp-json\/wp\/v2\/product_cat?post=3876"},{"taxonomy":"product_tag","embeddable":true,"href":"https:\/\/safetysourcefire.ca\/fr\/wp-json\/wp\/v2\/product_tag?post=3876"}],"curies":[{"name":"wp","href":"https:\/\/api.w.org\/{rel}","templated":true}]}}