{"id":3889,"date":"2017-06-22T16:37:55","date_gmt":"2017-06-22T16:37:55","guid":{"rendered":"http:\/\/mmfss.ca\/?post_type=product&#038;p=3889"},"modified":"2018-03-19T13:19:05","modified_gmt":"2018-03-19T13:19:05","slug":"lock-slot-8-forcible-entry-flat-head-axe","status":"publish","type":"product","link":"https:\/\/safetysourcefire.ca\/fr\/produit\/lock-slot-8-forcible-entry-flat-head-axe\/","title":{"rendered":"Hache \u00abLock-Slot\u00bb 8 \u00e0 t\u00eate plate"},"content":{"rendered":"<p>La Lock-Slot 8 est dot\u00e9 d'une t\u00eate forg\u00e9e en acier \u00e0 haute teneur en carbone, trait\u00e9 thermiquement Rockwell et rev\u00eatu d'une plaque de zinc antirouille. Les \u00ab\u00a0fentes \u00bb permettent de verrouiller le ''MAXIMUS'' ou le ''Pro Bar'' \u00e0 la hache pour un transport facile d'une seule main - aucune sangle n'est n\u00e9cessaire. Pour lib\u00e9rer rapidement l'outil de la position verrouill\u00e9e, tapotez simplement la poign\u00e9e sur n'importe quelle surface.<\/p>\n<p>Cette hache poss\u00e8de une poign\u00e9e en fibre de verre jaune \u00e0 triple r\u00e9sistance, avec un fond molet\u00e9 et une poign\u00e9e en caoutchouc thermique.<\/p>","protected":false},"excerpt":{"rendered":"<p>La hache Lock-Slot 8 est une hache parfaitement \u00e9quilibr\u00e9e qui permet aux pompiers d'accomplir des missions d'entr\u00e9es forc\u00e9es.<\/p>","protected":false},"featured_media":3802,"template":"","meta":[],"product_brand":[213],"product_cat":[69,46],"product_tag":[289],"class_list":{"0":"post-3889","1":"product","2":"type-product","3":"status-publish","4":"has-post-thumbnail","6":"product_brand-fire-hooks","7":"product_cat-axes","8":"product_cat-hand-tools","9":"product_tag-fire-hooks","11":"first","12":"instock","13":"shipping-taxable","14":"product-type-simple"},"yoast_head":"<!-- This site is optimized with the Yoast SEO plugin v27.5 - https:\/\/yoast.com\/product\/yoast-seo-wordpress\/ -->\n<title>Lock Slot 8 Forcible Entry Flat Head Axe - Safety Source Fire<\/title>\n<meta name=\"robots\" content=\"index, follow, max-snippet:-1, max-image-preview:large, max-video-preview:-1\" \/>\n<link rel=\"canonical\" href=\"https:\/\/safetysourcefire.ca\/fr\/?product=lock-slot-8-forcible-entry-flat-head-axe\" \/>\n<meta property=\"og:locale\" content=\"fr_CA\" \/>\n<meta property=\"og:type\" content=\"article\" \/>\n<meta property=\"og:title\" content=\"Lock Slot 8 Forcible Entry Flat Head Axe - Safety Source Fire\" \/>\n<meta property=\"og:description\" content=\"The Lock-Slot 8 Forcible Entry Axe is a perfectly balanced Force Axe in the hands of a firefighter for striking the MAXIMUS Forcible Entry Halligan Bar.\" \/>\n<meta property=\"og:url\" content=\"https:\/\/safetysourcefire.ca\/fr\/?product=lock-slot-8-forcible-entry-flat-head-axe\" \/>\n<meta property=\"og:site_name\" content=\"Safety Source Fire\" \/>\n<meta property=\"article:publisher\" content=\"https:\/\/www.facebook.com\/mmfssca\" \/>\n<meta property=\"article:modified_time\" content=\"2018-03-19T13:19:05+00:00\" \/>\n<meta property=\"og:image\" content=\"https:\/\/safetysourcefire.ca\/wp-content\/uploads\/2017\/06\/LS-8.jpg\" \/>\n\t<meta property=\"og:image:width\" content=\"600\" \/>\n\t<meta property=\"og:image:height\" content=\"600\" \/>\n\t<meta property=\"og:image:type\" content=\"image\/jpeg\" \/>\n<meta name=\"twitter:card\" content=\"summary_large_image\" \/>\n<meta name=\"twitter:site\" content=\"@mmfssca\" \/>\n<script type=\"application\/ld+json\" class=\"yoast-schema-graph\">{\"@context\":\"https:\\\/\\\/schema.org\",\"@graph\":[{\"@type\":\"WebPage\",\"@id\":\"https:\\\/\\\/safetysourcefire.ca\\\/?product=lock-slot-8-forcible-entry-flat-head-axe\",\"url\":\"https:\\\/\\\/safetysourcefire.ca\\\/?product=lock-slot-8-forcible-entry-flat-head-axe\",\"name\":\"Lock Slot 8 Forcible Entry Flat Head Axe - Safety Source Fire\",\"isPartOf\":{\"@id\":\"https:\\\/\\\/safetysourcefire.ca\\\/#website\"},\"primaryImageOfPage\":{\"@id\":\"https:\\\/\\\/safetysourcefire.ca\\\/?product=lock-slot-8-forcible-entry-flat-head-axe#primaryimage\"},\"image\":{\"@id\":\"https:\\\/\\\/safetysourcefire.ca\\\/?product=lock-slot-8-forcible-entry-flat-head-axe#primaryimage\"},\"thumbnailUrl\":\"https:\\\/\\\/safetysourcefire.ca\\\/wp-content\\\/uploads\\\/2017\\\/06\\\/LS-8.jpg\",\"datePublished\":\"2017-06-22T16:37:55+00:00\",\"dateModified\":\"2018-03-19T13:19:05+00:00\",\"breadcrumb\":{\"@id\":\"https:\\\/\\\/safetysourcefire.ca\\\/?product=lock-slot-8-forcible-entry-flat-head-axe#breadcrumb\"},\"inLanguage\":\"fr-CA\",\"potentialAction\":[{\"@type\":\"ReadAction\",\"target\":[\"https:\\\/\\\/safetysourcefire.ca\\\/?product=lock-slot-8-forcible-entry-flat-head-axe\"]}]},{\"@type\":\"ImageObject\",\"inLanguage\":\"fr-CA\",\"@id\":\"https:\\\/\\\/safetysourcefire.ca\\\/?product=lock-slot-8-forcible-entry-flat-head-axe#primaryimage\",\"url\":\"https:\\\/\\\/safetysourcefire.ca\\\/wp-content\\\/uploads\\\/2017\\\/06\\\/LS-8.jpg\",\"contentUrl\":\"https:\\\/\\\/safetysourcefire.ca\\\/wp-content\\\/uploads\\\/2017\\\/06\\\/LS-8.jpg\",\"width\":600,\"height\":600,\"caption\":\"ax\"},{\"@type\":\"BreadcrumbList\",\"@id\":\"https:\\\/\\\/safetysourcefire.ca\\\/?product=lock-slot-8-forcible-entry-flat-head-axe#breadcrumb\",\"itemListElement\":[{\"@type\":\"ListItem\",\"position\":1,\"name\":\"Home\",\"item\":\"https:\\\/\\\/safetysourcefire.ca\\\/\"},{\"@type\":\"ListItem\",\"position\":2,\"name\":\"Products\",\"item\":\"https:\\\/\\\/safetysourcefire.ca\\\/shop\\\/\"},{\"@type\":\"ListItem\",\"position\":3,\"name\":\"Lock Slot 8 Forcible Entry Flat Head Axe\"}]},{\"@type\":\"WebSite\",\"@id\":\"https:\\\/\\\/safetysourcefire.ca\\\/#website\",\"url\":\"https:\\\/\\\/safetysourcefire.ca\\\/\",\"name\":\"Safety Source Fire\",\"description\":\"\",\"publisher\":{\"@id\":\"https:\\\/\\\/safetysourcefire.ca\\\/#organization\"},\"potentialAction\":[{\"@type\":\"SearchAction\",\"target\":{\"@type\":\"EntryPoint\",\"urlTemplate\":\"https:\\\/\\\/safetysourcefire.ca\\\/?s={search_term_string}\"},\"query-input\":{\"@type\":\"PropertyValueSpecification\",\"valueRequired\":true,\"valueName\":\"search_term_string\"}}],\"inLanguage\":\"fr-CA\"},{\"@type\":\"Organization\",\"@id\":\"https:\\\/\\\/safetysourcefire.ca\\\/#organization\",\"name\":\"Safety Source Fire\",\"url\":\"https:\\\/\\\/safetysourcefire.ca\\\/\",\"logo\":{\"@type\":\"ImageObject\",\"inLanguage\":\"fr-CA\",\"@id\":\"https:\\\/\\\/safetysourcefire.ca\\\/#\\\/schema\\\/logo\\\/image\\\/\",\"url\":\"https:\\\/\\\/safetysourcefire.ca\\\/wp-content\\\/uploads\\\/2021\\\/01\\\/SSF_logo_CC0000-3.png\",\"contentUrl\":\"https:\\\/\\\/safetysourcefire.ca\\\/wp-content\\\/uploads\\\/2021\\\/01\\\/SSF_logo_CC0000-3.png\",\"width\":1107,\"height\":365,\"caption\":\"Safety Source Fire\"},\"image\":{\"@id\":\"https:\\\/\\\/safetysourcefire.ca\\\/#\\\/schema\\\/logo\\\/image\\\/\"},\"sameAs\":[\"https:\\\/\\\/www.facebook.com\\\/mmfssca\",\"https:\\\/\\\/x.com\\\/mmfssca\"]}]}<\/script>\n<!-- \/ Yoast SEO plugin. -->","yoast_head_json":{"title":"Hache \u00e0 t\u00eate plate \u00e0 entr\u00e9e forc\u00e9e avec fente de verrouillage 8 - Safety Source Fire","robots":{"index":"index","follow":"follow","max-snippet":"max-snippet:-1","max-image-preview":"max-image-preview:large","max-video-preview":"max-video-preview:-1"},"canonical":"https:\/\/safetysourcefire.ca\/fr\/?product=lock-slot-8-forcible-entry-flat-head-axe","og_locale":"fr_CA","og_type":"article","og_title":"Lock Slot 8 Forcible Entry Flat Head Axe - Safety Source Fire","og_description":"The Lock-Slot 8 Forcible Entry Axe is a perfectly balanced Force Axe in the hands of a firefighter for striking the MAXIMUS Forcible Entry Halligan Bar.","og_url":"https:\/\/safetysourcefire.ca\/fr\/?product=lock-slot-8-forcible-entry-flat-head-axe","og_site_name":"Safety Source Fire","article_publisher":"https:\/\/www.facebook.com\/mmfssca","article_modified_time":"2018-03-19T13:19:05+00:00","og_image":[{"width":600,"height":600,"url":"https:\/\/safetysourcefire.ca\/wp-content\/uploads\/2017\/06\/LS-8.jpg","type":"image\/jpeg"}],"twitter_card":"summary_large_image","twitter_site":"@mmfssca","schema":{"@context":"https:\/\/schema.org","@graph":[{"@type":"WebPage","@id":"https:\/\/safetysourcefire.ca\/?product=lock-slot-8-forcible-entry-flat-head-axe","url":"https:\/\/safetysourcefire.ca\/?product=lock-slot-8-forcible-entry-flat-head-axe","name":"Hache \u00e0 t\u00eate plate \u00e0 entr\u00e9e forc\u00e9e avec fente de verrouillage 8 - Safety Source Fire","isPartOf":{"@id":"https:\/\/safetysourcefire.ca\/#website"},"primaryImageOfPage":{"@id":"https:\/\/safetysourcefire.ca\/?product=lock-slot-8-forcible-entry-flat-head-axe#primaryimage"},"image":{"@id":"https:\/\/safetysourcefire.ca\/?product=lock-slot-8-forcible-entry-flat-head-axe#primaryimage"},"thumbnailUrl":"https:\/\/safetysourcefire.ca\/wp-content\/uploads\/2017\/06\/LS-8.jpg","datePublished":"2017-06-22T16:37:55+00:00","dateModified":"2018-03-19T13:19:05+00:00","breadcrumb":{"@id":"https:\/\/safetysourcefire.ca\/?product=lock-slot-8-forcible-entry-flat-head-axe#breadcrumb"},"inLanguage":"fr-CA","potentialAction":[{"@type":"ReadAction","target":["https:\/\/safetysourcefire.ca\/?product=lock-slot-8-forcible-entry-flat-head-axe"]}]},{"@type":"ImageObject","inLanguage":"fr-CA","@id":"https:\/\/safetysourcefire.ca\/?product=lock-slot-8-forcible-entry-flat-head-axe#primaryimage","url":"https:\/\/safetysourcefire.ca\/wp-content\/uploads\/2017\/06\/LS-8.jpg","contentUrl":"https:\/\/safetysourcefire.ca\/wp-content\/uploads\/2017\/06\/LS-8.jpg","width":600,"height":600,"caption":"ax"},{"@type":"BreadcrumbList","@id":"https:\/\/safetysourcefire.ca\/?product=lock-slot-8-forcible-entry-flat-head-axe#breadcrumb","itemListElement":[{"@type":"ListItem","position":1,"name":"Home","item":"https:\/\/safetysourcefire.ca\/"},{"@type":"ListItem","position":2,"name":"Products","item":"https:\/\/safetysourcefire.ca\/shop\/"},{"@type":"ListItem","position":3,"name":"Lock Slot 8 Forcible Entry Flat Head Axe"}]},{"@type":"WebSite","@id":"https:\/\/safetysourcefire.ca\/#website","url":"https:\/\/safetysourcefire.ca\/","name":"Safety Source Fire","description":"","publisher":{"@id":"https:\/\/safetysourcefire.ca\/#organization"},"potentialAction":[{"@type":"SearchAction","target":{"@type":"EntryPoint","urlTemplate":"https:\/\/safetysourcefire.ca\/?s={search_term_string}"},"query-input":{"@type":"PropertyValueSpecification","valueRequired":true,"valueName":"search_term_string"}}],"inLanguage":"fr-CA"},{"@type":"Organization","@id":"https:\/\/safetysourcefire.ca\/#organization","name":"Safety Source Fire","url":"https:\/\/safetysourcefire.ca\/","logo":{"@type":"ImageObject","inLanguage":"fr-CA","@id":"https:\/\/safetysourcefire.ca\/#\/schema\/logo\/image\/","url":"https:\/\/safetysourcefire.ca\/wp-content\/uploads\/2021\/01\/SSF_logo_CC0000-3.png","contentUrl":"https:\/\/safetysourcefire.ca\/wp-content\/uploads\/2021\/01\/SSF_logo_CC0000-3.png","width":1107,"height":365,"caption":"Safety Source Fire"},"image":{"@id":"https:\/\/safetysourcefire.ca\/#\/schema\/logo\/image\/"},"sameAs":["https:\/\/www.facebook.com\/mmfssca","https:\/\/x.com\/mmfssca"]}]}},"_links":{"self":[{"href":"https:\/\/safetysourcefire.ca\/fr\/wp-json\/wp\/v2\/product\/3889","targetHints":{"allow":["GET"]}}],"collection":[{"href":"https:\/\/safetysourcefire.ca\/fr\/wp-json\/wp\/v2\/product"}],"about":[{"href":"https:\/\/safetysourcefire.ca\/fr\/wp-json\/wp\/v2\/types\/product"}],"wp:featuredmedia":[{"embeddable":true,"href":"https:\/\/safetysourcefire.ca\/fr\/wp-json\/wp\/v2\/media\/3802"}],"wp:attachment":[{"href":"https:\/\/safetysourcefire.ca\/fr\/wp-json\/wp\/v2\/media?parent=3889"}],"wp:term":[{"taxonomy":"product_brand","embeddable":true,"href":"https:\/\/safetysourcefire.ca\/fr\/wp-json\/wp\/v2\/product_brand?post=3889"},{"taxonomy":"product_cat","embeddable":true,"href":"https:\/\/safetysourcefire.ca\/fr\/wp-json\/wp\/v2\/product_cat?post=3889"},{"taxonomy":"product_tag","embeddable":true,"href":"https:\/\/safetysourcefire.ca\/fr\/wp-json\/wp\/v2\/product_tag?post=3889"}],"curies":[{"name":"wp","href":"https:\/\/api.w.org\/{rel}","templated":true}]}}