{"id":4333,"date":"2018-02-04T13:50:26","date_gmt":"2018-02-04T13:50:26","guid":{"rendered":"https:\/\/mmfss.ca\/?post_type=product&#038;p=4333"},"modified":"2023-09-29T14:16:31","modified_gmt":"2023-09-29T14:16:31","slug":"ultimate-coverall","status":"publish","type":"product","link":"https:\/\/safetysourcefire.ca\/fr\/produit\/ultimate-coverall\/","title":{"rendered":"Combinaison polyvalente de Starfield Lion"},"content":{"rendered":"<p><strong>DURABLE<\/strong><\/p>\n<ul>\n<li>Construit avec DuPont\u2122 ignifuge et conforme \u00e0 la NFPA 1977<a href=\"http:\/\/www.lionprotects.com\/node\/1310\">Nomex<\/a>Fibre \u00ae IIIA (jaune ou rouge) ou PBI\u00ae Triguard (jaune, naturel et bleu cobalt) . Existe aussi dans d'autres couleurs (jaune, rouge ou marine).<\/li>\n<li>Rembourrage FR Lite-N-Dri\u2122 r\u00e9sistant \u00e0 l'eau aux coudes et aux genoux. Renforc\u00e9 avec une couche suppl\u00e9mentaire \u00e0 l'ext\u00e9rieur.<\/li>\n<\/ul>\n<p>&nbsp;<\/p>\n<p><strong>MOBILE<\/strong><\/p>\n<ul>\n<li>Conception flexible pour une mobilit\u00e9 maximale.<\/li>\n<li>Conception ergonomique pour un ajustement et un confort optimaux.<\/li>\n<li>Ajustement global optimal afin de r\u00e9duire les effets inconfortables.<\/li>\n<\/ul>\n<p>&nbsp;<\/p>\n<p><strong>S\u00c9CURITAIRE<\/strong><\/p>\n<ul>\n<li>Col mao confortable avec fermeture auto-agrippante.<\/li>\n<li>Fermeture \u00e0 glissi\u00e8re double en laiton bidirectionnelle pleine longueur avec rabat et support en tissu pour une \u00e9tanch\u00e9it\u00e9 thermique s\u00e9curis\u00e9e.<\/li>\n<li>Sangles de r\u00e9glage \u00e9lastiques \u00e0 la taille.<\/li>\n<li>Fermetures \u00e0 glissi\u00e8re de 10 pouces sur les jambes pour enfilage et retrait rapides.<\/li>\n<li>Sangles de r\u00e9glage aux poignets et aux chevilles (crochets et boucles) pour emp\u00eacher la p\u00e9n\u00e9tration des braises.<\/li>\n<\/ul>\n<p>&nbsp;<\/p>\n<p><strong>VISIBLE<\/strong><\/p>\n<ul>\n<li>Mat\u00e9riel  r\u00e9fl\u00e9chissant 3M\u2122 Scotchlite\u2122 sur les biceps, le bas de la jambe et le haut du dos \u2014 deux pouces.<\/li>\n<li>Lettres\/chiffres en mat\u00e9riel r\u00e9fl\u00e9chissant 3M\u2122 Scotchlite\u2122 cousus sur le haut du dos \u2014 en option<\/li>\n<\/ul>\n<p>.<\/p>\n<p><strong>ESPACE DE RANGEMENT<\/strong><\/p>\n<ul>\n<li>Poche radio et boucle micro sur le c\u00f4t\u00e9 gauche de la poitrine.<\/li>\n<li>Poche de poitrine avec fermeture auto-agrippante sur le c\u00f4t\u00e9 droit. Anneau multi fonctionnel en D au-dessus de la poche.<\/li>\n<li>Poche avec fente pour stylo sur la manche gauche.<\/li>\n<li>Poches coup\u00e9es \u00e0 la taille.<\/li>\n<li>Poches passe-partout avec fermeture auto-agrippante.<\/li>\n<li>Poches cargo \u00e0 demi-soufflet sur chaque cuisse avec fermeture \u00e0 rabat auto-agrippant.<\/li>\n<li>Deux poches avec fermeture \u00e0 rabat auto-agrippant sur les fessiers.<\/li>\n<\/ul>","protected":false},"excerpt":{"rendered":"<p>L\u00e9g\u00e8re et compl\u00e8te, cette combinaison de Starfield Lion assure une mobilit\u00e9 facile, en plus d'\u00eatre est durable et s\u00e9curitaire. Elle favorise une haute visibilit\u00e9 et dispose de toutes les poches dont les agents de s\u00e9curit\u00e9 publique ont besoin pour garder leur \u00e9quipement \u00e0 port\u00e9e de main.<\/p>","protected":false},"featured_media":4338,"template":"","meta":[],"product_brand":[233],"product_cat":[122,462,50,463],"product_tag":[346],"class_list":{"0":"post-4333","1":"product","2":"type-product","3":"status-publish","4":"has-post-thumbnail","6":"product_brand-starfield-lion","7":"product_cat-coveralls","8":"product_cat-emergency-preparedness","9":"product_cat-personal-protective-equipment","10":"product_cat-wildland-fire","11":"product_tag-starfield","13":"first","14":"instock","15":"shipping-taxable","16":"product-type-simple"},"yoast_head":"<!-- This site is optimized with the Yoast SEO plugin v27.4 - https:\/\/yoast.com\/product\/yoast-seo-wordpress\/ -->\n<title>Ultimate coverall - Safety Source Fire<\/title>\n<meta name=\"robots\" content=\"index, follow, max-snippet:-1, max-image-preview:large, max-video-preview:-1\" \/>\n<link rel=\"canonical\" href=\"https:\/\/safetysourcefire.ca\/fr\/?product=ultimate-coverall\" \/>\n<meta property=\"og:locale\" content=\"fr_CA\" \/>\n<meta property=\"og:type\" content=\"article\" \/>\n<meta property=\"og:title\" content=\"Ultimate coverall - Safety Source Fire\" \/>\n<meta property=\"og:description\" content=\"Fully-featured, lightweight coverall.\u00a0The Starfield Lion ultimate coverall ensures ease of mobility, is durable, secure, promotes high visibility and has all the pockets public safety officer&#039;s need to keep their equipment at hand.\" \/>\n<meta property=\"og:url\" content=\"https:\/\/safetysourcefire.ca\/fr\/?product=ultimate-coverall\" \/>\n<meta property=\"og:site_name\" content=\"Safety Source Fire\" \/>\n<meta property=\"article:publisher\" content=\"https:\/\/www.facebook.com\/mmfssca\" \/>\n<meta property=\"article:modified_time\" content=\"2023-09-29T14:16:31+00:00\" \/>\n<meta property=\"og:image\" content=\"https:\/\/safetysourcefire.ca\/wp-content\/uploads\/2017\/07\/Ultimate-Coverall.jpg\" \/>\n\t<meta property=\"og:image:width\" content=\"600\" \/>\n\t<meta property=\"og:image:height\" content=\"600\" \/>\n\t<meta property=\"og:image:type\" content=\"image\/jpeg\" \/>\n<meta name=\"twitter:card\" content=\"summary_large_image\" \/>\n<meta name=\"twitter:site\" content=\"@mmfssca\" \/>\n<meta name=\"twitter:label1\" content=\"Estimation du temps de lecture\" \/>\n\t<meta name=\"twitter:data1\" content=\"1 minute\" \/>\n<script type=\"application\/ld+json\" class=\"yoast-schema-graph\">{\"@context\":\"https:\\\/\\\/schema.org\",\"@graph\":[{\"@type\":\"WebPage\",\"@id\":\"https:\\\/\\\/safetysourcefire.ca\\\/?product=ultimate-coverall\",\"url\":\"https:\\\/\\\/safetysourcefire.ca\\\/?product=ultimate-coverall\",\"name\":\"Ultimate coverall - Safety Source Fire\",\"isPartOf\":{\"@id\":\"https:\\\/\\\/safetysourcefire.ca\\\/#website\"},\"primaryImageOfPage\":{\"@id\":\"https:\\\/\\\/safetysourcefire.ca\\\/?product=ultimate-coverall#primaryimage\"},\"image\":{\"@id\":\"https:\\\/\\\/safetysourcefire.ca\\\/?product=ultimate-coverall#primaryimage\"},\"thumbnailUrl\":\"https:\\\/\\\/safetysourcefire.ca\\\/wp-content\\\/uploads\\\/2017\\\/07\\\/Ultimate-Coverall.jpg\",\"datePublished\":\"2018-02-04T13:50:26+00:00\",\"dateModified\":\"2023-09-29T14:16:31+00:00\",\"breadcrumb\":{\"@id\":\"https:\\\/\\\/safetysourcefire.ca\\\/?product=ultimate-coverall#breadcrumb\"},\"inLanguage\":\"fr-CA\",\"potentialAction\":[{\"@type\":\"ReadAction\",\"target\":[\"https:\\\/\\\/safetysourcefire.ca\\\/?product=ultimate-coverall\"]}]},{\"@type\":\"ImageObject\",\"inLanguage\":\"fr-CA\",\"@id\":\"https:\\\/\\\/safetysourcefire.ca\\\/?product=ultimate-coverall#primaryimage\",\"url\":\"https:\\\/\\\/safetysourcefire.ca\\\/wp-content\\\/uploads\\\/2017\\\/07\\\/Ultimate-Coverall.jpg\",\"contentUrl\":\"https:\\\/\\\/safetysourcefire.ca\\\/wp-content\\\/uploads\\\/2017\\\/07\\\/Ultimate-Coverall.jpg\",\"width\":600,\"height\":600,\"caption\":\"beige coverall\"},{\"@type\":\"BreadcrumbList\",\"@id\":\"https:\\\/\\\/safetysourcefire.ca\\\/?product=ultimate-coverall#breadcrumb\",\"itemListElement\":[{\"@type\":\"ListItem\",\"position\":1,\"name\":\"Home\",\"item\":\"https:\\\/\\\/safetysourcefire.ca\\\/\"},{\"@type\":\"ListItem\",\"position\":2,\"name\":\"Products\",\"item\":\"https:\\\/\\\/safetysourcefire.ca\\\/shop\\\/\"},{\"@type\":\"ListItem\",\"position\":3,\"name\":\"Ultimate coverall\"}]},{\"@type\":\"WebSite\",\"@id\":\"https:\\\/\\\/safetysourcefire.ca\\\/#website\",\"url\":\"https:\\\/\\\/safetysourcefire.ca\\\/\",\"name\":\"Safety Source Fire\",\"description\":\"\",\"publisher\":{\"@id\":\"https:\\\/\\\/safetysourcefire.ca\\\/#organization\"},\"potentialAction\":[{\"@type\":\"SearchAction\",\"target\":{\"@type\":\"EntryPoint\",\"urlTemplate\":\"https:\\\/\\\/safetysourcefire.ca\\\/?s={search_term_string}\"},\"query-input\":{\"@type\":\"PropertyValueSpecification\",\"valueRequired\":true,\"valueName\":\"search_term_string\"}}],\"inLanguage\":\"fr-CA\"},{\"@type\":\"Organization\",\"@id\":\"https:\\\/\\\/safetysourcefire.ca\\\/#organization\",\"name\":\"Safety Source Fire\",\"url\":\"https:\\\/\\\/safetysourcefire.ca\\\/\",\"logo\":{\"@type\":\"ImageObject\",\"inLanguage\":\"fr-CA\",\"@id\":\"https:\\\/\\\/safetysourcefire.ca\\\/#\\\/schema\\\/logo\\\/image\\\/\",\"url\":\"https:\\\/\\\/safetysourcefire.ca\\\/wp-content\\\/uploads\\\/2021\\\/01\\\/SSF_logo_CC0000-3.png\",\"contentUrl\":\"https:\\\/\\\/safetysourcefire.ca\\\/wp-content\\\/uploads\\\/2021\\\/01\\\/SSF_logo_CC0000-3.png\",\"width\":1107,\"height\":365,\"caption\":\"Safety Source Fire\"},\"image\":{\"@id\":\"https:\\\/\\\/safetysourcefire.ca\\\/#\\\/schema\\\/logo\\\/image\\\/\"},\"sameAs\":[\"https:\\\/\\\/www.facebook.com\\\/mmfssca\",\"https:\\\/\\\/x.com\\\/mmfssca\"]}]}<\/script>\n<!-- \/ Yoast SEO plugin. -->","yoast_head_json":{"title":"Combinaison ultime - Safety Source Fire","robots":{"index":"index","follow":"follow","max-snippet":"max-snippet:-1","max-image-preview":"max-image-preview:large","max-video-preview":"max-video-preview:-1"},"canonical":"https:\/\/safetysourcefire.ca\/fr\/?product=ultimate-coverall","og_locale":"fr_CA","og_type":"article","og_title":"Ultimate coverall - Safety Source Fire","og_description":"Fully-featured, lightweight coverall.\u00a0The Starfield Lion ultimate coverall ensures ease of mobility, is durable, secure, promotes high visibility and has all the pockets public safety officer's need to keep their equipment at hand.","og_url":"https:\/\/safetysourcefire.ca\/fr\/?product=ultimate-coverall","og_site_name":"Safety Source Fire","article_publisher":"https:\/\/www.facebook.com\/mmfssca","article_modified_time":"2023-09-29T14:16:31+00:00","og_image":[{"width":600,"height":600,"url":"https:\/\/safetysourcefire.ca\/wp-content\/uploads\/2017\/07\/Ultimate-Coverall.jpg","type":"image\/jpeg"}],"twitter_card":"summary_large_image","twitter_site":"@mmfssca","twitter_misc":{"Estimation du temps de lecture":"1 minute"},"schema":{"@context":"https:\/\/schema.org","@graph":[{"@type":"WebPage","@id":"https:\/\/safetysourcefire.ca\/?product=ultimate-coverall","url":"https:\/\/safetysourcefire.ca\/?product=ultimate-coverall","name":"Combinaison ultime - Safety Source Fire","isPartOf":{"@id":"https:\/\/safetysourcefire.ca\/#website"},"primaryImageOfPage":{"@id":"https:\/\/safetysourcefire.ca\/?product=ultimate-coverall#primaryimage"},"image":{"@id":"https:\/\/safetysourcefire.ca\/?product=ultimate-coverall#primaryimage"},"thumbnailUrl":"https:\/\/safetysourcefire.ca\/wp-content\/uploads\/2017\/07\/Ultimate-Coverall.jpg","datePublished":"2018-02-04T13:50:26+00:00","dateModified":"2023-09-29T14:16:31+00:00","breadcrumb":{"@id":"https:\/\/safetysourcefire.ca\/?product=ultimate-coverall#breadcrumb"},"inLanguage":"fr-CA","potentialAction":[{"@type":"ReadAction","target":["https:\/\/safetysourcefire.ca\/?product=ultimate-coverall"]}]},{"@type":"ImageObject","inLanguage":"fr-CA","@id":"https:\/\/safetysourcefire.ca\/?product=ultimate-coverall#primaryimage","url":"https:\/\/safetysourcefire.ca\/wp-content\/uploads\/2017\/07\/Ultimate-Coverall.jpg","contentUrl":"https:\/\/safetysourcefire.ca\/wp-content\/uploads\/2017\/07\/Ultimate-Coverall.jpg","width":600,"height":600,"caption":"beige coverall"},{"@type":"BreadcrumbList","@id":"https:\/\/safetysourcefire.ca\/?product=ultimate-coverall#breadcrumb","itemListElement":[{"@type":"ListItem","position":1,"name":"Home","item":"https:\/\/safetysourcefire.ca\/"},{"@type":"ListItem","position":2,"name":"Products","item":"https:\/\/safetysourcefire.ca\/shop\/"},{"@type":"ListItem","position":3,"name":"Ultimate coverall"}]},{"@type":"WebSite","@id":"https:\/\/safetysourcefire.ca\/#website","url":"https:\/\/safetysourcefire.ca\/","name":"Safety Source Fire","description":"","publisher":{"@id":"https:\/\/safetysourcefire.ca\/#organization"},"potentialAction":[{"@type":"SearchAction","target":{"@type":"EntryPoint","urlTemplate":"https:\/\/safetysourcefire.ca\/?s={search_term_string}"},"query-input":{"@type":"PropertyValueSpecification","valueRequired":true,"valueName":"search_term_string"}}],"inLanguage":"fr-CA"},{"@type":"Organization","@id":"https:\/\/safetysourcefire.ca\/#organization","name":"Safety Source Fire","url":"https:\/\/safetysourcefire.ca\/","logo":{"@type":"ImageObject","inLanguage":"fr-CA","@id":"https:\/\/safetysourcefire.ca\/#\/schema\/logo\/image\/","url":"https:\/\/safetysourcefire.ca\/wp-content\/uploads\/2021\/01\/SSF_logo_CC0000-3.png","contentUrl":"https:\/\/safetysourcefire.ca\/wp-content\/uploads\/2021\/01\/SSF_logo_CC0000-3.png","width":1107,"height":365,"caption":"Safety Source Fire"},"image":{"@id":"https:\/\/safetysourcefire.ca\/#\/schema\/logo\/image\/"},"sameAs":["https:\/\/www.facebook.com\/mmfssca","https:\/\/x.com\/mmfssca"]}]}},"_links":{"self":[{"href":"https:\/\/safetysourcefire.ca\/fr\/wp-json\/wp\/v2\/product\/4333","targetHints":{"allow":["GET"]}}],"collection":[{"href":"https:\/\/safetysourcefire.ca\/fr\/wp-json\/wp\/v2\/product"}],"about":[{"href":"https:\/\/safetysourcefire.ca\/fr\/wp-json\/wp\/v2\/types\/product"}],"wp:featuredmedia":[{"embeddable":true,"href":"https:\/\/safetysourcefire.ca\/fr\/wp-json\/wp\/v2\/media\/4338"}],"wp:attachment":[{"href":"https:\/\/safetysourcefire.ca\/fr\/wp-json\/wp\/v2\/media?parent=4333"}],"wp:term":[{"taxonomy":"product_brand","embeddable":true,"href":"https:\/\/safetysourcefire.ca\/fr\/wp-json\/wp\/v2\/product_brand?post=4333"},{"taxonomy":"product_cat","embeddable":true,"href":"https:\/\/safetysourcefire.ca\/fr\/wp-json\/wp\/v2\/product_cat?post=4333"},{"taxonomy":"product_tag","embeddable":true,"href":"https:\/\/safetysourcefire.ca\/fr\/wp-json\/wp\/v2\/product_tag?post=4333"}],"curies":[{"name":"wp","href":"https:\/\/api.w.org\/{rel}","templated":true}]}}