{"id":4341,"date":"2018-03-06T12:19:29","date_gmt":"2018-03-06T12:19:29","guid":{"rendered":"https:\/\/mmfss.ca\/?post_type=product&#038;p=4341"},"modified":"2021-04-09T16:16:30","modified_gmt":"2021-04-09T16:16:30","slug":"ems-jumpsuit","status":"publish","type":"product","link":"https:\/\/safetysourcefire.ca\/fr\/produit\/ems-jumpsuit\/","title":{"rendered":"Combinaison EMS"},"content":{"rendered":"<ul>\n<li>Construit avec DuPont\u2122 ignifuge et conforme \u00e0 la NFPA 1975<a href=\"http:\/\/www.lionprotects.com\/node\/1310\">Nomex<\/a>\u00ae Fibre IIIA. \u00c9galement disponible dans d&#039;autres mat\u00e9riaux.<\/li>\n<li>Conception active pour plus de mobilit\u00e9 au niveau du dos.<\/li>\n<li>\u00c9paulettes et plis de jambe cousus pour une apparence nette et professionnelle.<\/li>\n<li>Deux poches poitrine avec rabats et fente pour stylo (sur la poche gauche).<\/li>\n<li>Trou pour micro (au-dessus de la poche poitrine gauche).<\/li>\n<li>Drapeau national cousu sur la poche poitrine gauche.<\/li>\n<li>Fermeture \u00e0 glissi\u00e8re avant bidirectionnelle sur toute la longueur avec protection en tissus pour enfilage et retrait faciles.<\/li>\n<li>Oeillets sous les bras pour a\u00e9ration (poly\/coton uniquement).<\/li>\n<li>Manches amovibles pour une tenue toute saison.<\/li>\n<li>Fermetures \u00e0 boucles et \u00e0 crochets (pour les v\u00eatements FR) et fermetures \u00e0 attaches bomb\u00e9es (pour les non-FR).<\/li>\n<li>Ceinture \u00e9lastiqu\u00e9e pour plus de confort et un ajustement flexible.<\/li>\n<li>Passants de ceinture grand format supportant le poids de la ceinture utilitaire.<\/li>\n<li>Deux poches de style western, deux poches \u00e0 soufflet sur les cuisses et deux poches avec rabats aux fesses.<\/li>\n<li>Mat\u00e9riel r\u00e9fl\u00e9chissant 3M\u2122 Scotchlite\u2122 autour des bras et sur la couture ext\u00e9rieure des jambes pour une visibilit\u00e9 maximale - couleur argent, largeur d'un pouce.<\/li>\n<\/ul>\n<p>&nbsp;<\/p>\n<p><strong>OPTIONS<\/strong><\/p>\n<ul>\n<li>Combinaison \u00e0 manches courtes.<\/li>\n<li>Poche pour ciseaux.<\/li>\n<li>Logo ''Star of Life'' en mat\u00e9riel r\u00e9fl\u00e9chissant 3M\u2122 Scotchlite\u2122.<\/li>\n<li>Chiffres et lettres r\u00e9fl\u00e9chissants.<\/li>\n<li>Renforts aux genoux.<\/li>\n<li>Fermetures \u00e9claires aux jambes.<\/li>\n<\/ul>","protected":false},"excerpt":{"rendered":"<p>La combinaison Starfield LION EMS a \u00e9t\u00e9 con\u00e7ue pour vous. Elle est ignifuge, a \u00e9t\u00e9 con\u00e7ue pour un ajustement confortable et flexible, elle est bien ventil\u00e9e et peut \u00eatre utilis\u00e9e en toutes saisons gr\u00e2ce aux manches amovibles avec fermeture \u00e9claires.<\/p>","protected":false},"featured_media":4334,"template":"","meta":[],"product_brand":[233],"product_cat":[122,50],"product_tag":[346],"class_list":{"0":"post-4341","1":"product","2":"type-product","3":"status-publish","4":"has-post-thumbnail","6":"product_brand-starfield-lion","7":"product_cat-coveralls","8":"product_cat-personal-protective-equipment","9":"product_tag-starfield","11":"first","12":"instock","13":"shipping-taxable","14":"product-type-simple"},"yoast_head":"<!-- This site is optimized with the Yoast SEO plugin v27.4 - https:\/\/yoast.com\/product\/yoast-seo-wordpress\/ -->\n<title>EMS Jumpsuit - Safety Source Fire<\/title>\n<meta name=\"robots\" content=\"index, follow, max-snippet:-1, max-image-preview:large, max-video-preview:-1\" \/>\n<link rel=\"canonical\" href=\"https:\/\/safetysourcefire.ca\/fr\/?product=ems-jumpsuit\" \/>\n<meta property=\"og:locale\" content=\"fr_CA\" \/>\n<meta property=\"og:type\" content=\"article\" \/>\n<meta property=\"og:title\" content=\"EMS Jumpsuit - Safety Source Fire\" \/>\n<meta property=\"og:description\" content=\"The Starfield LION EMS Jumpsuit was built with you in mind. It&#039;s flame-resistant, was designed for a comfortable and flexible fit, is well vented and can be used in all seasons thanks to our removable zippered sleeves.\" \/>\n<meta property=\"og:url\" content=\"https:\/\/safetysourcefire.ca\/fr\/?product=ems-jumpsuit\" \/>\n<meta property=\"og:site_name\" content=\"Safety Source Fire\" \/>\n<meta property=\"article:publisher\" content=\"https:\/\/www.facebook.com\/mmfssca\" \/>\n<meta property=\"article:modified_time\" content=\"2021-04-09T16:16:30+00:00\" \/>\n<meta property=\"og:image\" content=\"https:\/\/safetysourcefire.ca\/wp-content\/uploads\/2017\/07\/EMS-Jumpsuit.jpg\" \/>\n\t<meta property=\"og:image:width\" content=\"600\" \/>\n\t<meta property=\"og:image:height\" content=\"600\" \/>\n\t<meta property=\"og:image:type\" content=\"image\/jpeg\" \/>\n<meta name=\"twitter:card\" content=\"summary_large_image\" \/>\n<meta name=\"twitter:site\" content=\"@mmfssca\" \/>\n<meta name=\"twitter:label1\" content=\"Estimation du temps de lecture\" \/>\n\t<meta name=\"twitter:data1\" content=\"1 minute\" \/>\n<script type=\"application\/ld+json\" class=\"yoast-schema-graph\">{\"@context\":\"https:\\\/\\\/schema.org\",\"@graph\":[{\"@type\":\"WebPage\",\"@id\":\"https:\\\/\\\/safetysourcefire.ca\\\/?product=ems-jumpsuit\",\"url\":\"https:\\\/\\\/safetysourcefire.ca\\\/?product=ems-jumpsuit\",\"name\":\"EMS Jumpsuit - Safety Source Fire\",\"isPartOf\":{\"@id\":\"https:\\\/\\\/safetysourcefire.ca\\\/#website\"},\"primaryImageOfPage\":{\"@id\":\"https:\\\/\\\/safetysourcefire.ca\\\/?product=ems-jumpsuit#primaryimage\"},\"image\":{\"@id\":\"https:\\\/\\\/safetysourcefire.ca\\\/?product=ems-jumpsuit#primaryimage\"},\"thumbnailUrl\":\"https:\\\/\\\/safetysourcefire.ca\\\/wp-content\\\/uploads\\\/2017\\\/07\\\/EMS-Jumpsuit.jpg\",\"datePublished\":\"2018-03-06T12:19:29+00:00\",\"dateModified\":\"2021-04-09T16:16:30+00:00\",\"breadcrumb\":{\"@id\":\"https:\\\/\\\/safetysourcefire.ca\\\/?product=ems-jumpsuit#breadcrumb\"},\"inLanguage\":\"fr-CA\",\"potentialAction\":[{\"@type\":\"ReadAction\",\"target\":[\"https:\\\/\\\/safetysourcefire.ca\\\/?product=ems-jumpsuit\"]}]},{\"@type\":\"ImageObject\",\"inLanguage\":\"fr-CA\",\"@id\":\"https:\\\/\\\/safetysourcefire.ca\\\/?product=ems-jumpsuit#primaryimage\",\"url\":\"https:\\\/\\\/safetysourcefire.ca\\\/wp-content\\\/uploads\\\/2017\\\/07\\\/EMS-Jumpsuit.jpg\",\"contentUrl\":\"https:\\\/\\\/safetysourcefire.ca\\\/wp-content\\\/uploads\\\/2017\\\/07\\\/EMS-Jumpsuit.jpg\",\"width\":600,\"height\":600,\"caption\":\"blue jumpsuit\"},{\"@type\":\"BreadcrumbList\",\"@id\":\"https:\\\/\\\/safetysourcefire.ca\\\/?product=ems-jumpsuit#breadcrumb\",\"itemListElement\":[{\"@type\":\"ListItem\",\"position\":1,\"name\":\"Home\",\"item\":\"https:\\\/\\\/safetysourcefire.ca\\\/\"},{\"@type\":\"ListItem\",\"position\":2,\"name\":\"Products\",\"item\":\"https:\\\/\\\/safetysourcefire.ca\\\/shop\\\/\"},{\"@type\":\"ListItem\",\"position\":3,\"name\":\"EMS Jumpsuit\"}]},{\"@type\":\"WebSite\",\"@id\":\"https:\\\/\\\/safetysourcefire.ca\\\/#website\",\"url\":\"https:\\\/\\\/safetysourcefire.ca\\\/\",\"name\":\"Safety Source Fire\",\"description\":\"\",\"publisher\":{\"@id\":\"https:\\\/\\\/safetysourcefire.ca\\\/#organization\"},\"potentialAction\":[{\"@type\":\"SearchAction\",\"target\":{\"@type\":\"EntryPoint\",\"urlTemplate\":\"https:\\\/\\\/safetysourcefire.ca\\\/?s={search_term_string}\"},\"query-input\":{\"@type\":\"PropertyValueSpecification\",\"valueRequired\":true,\"valueName\":\"search_term_string\"}}],\"inLanguage\":\"fr-CA\"},{\"@type\":\"Organization\",\"@id\":\"https:\\\/\\\/safetysourcefire.ca\\\/#organization\",\"name\":\"Safety Source Fire\",\"url\":\"https:\\\/\\\/safetysourcefire.ca\\\/\",\"logo\":{\"@type\":\"ImageObject\",\"inLanguage\":\"fr-CA\",\"@id\":\"https:\\\/\\\/safetysourcefire.ca\\\/#\\\/schema\\\/logo\\\/image\\\/\",\"url\":\"https:\\\/\\\/safetysourcefire.ca\\\/wp-content\\\/uploads\\\/2021\\\/01\\\/SSF_logo_CC0000-3.png\",\"contentUrl\":\"https:\\\/\\\/safetysourcefire.ca\\\/wp-content\\\/uploads\\\/2021\\\/01\\\/SSF_logo_CC0000-3.png\",\"width\":1107,\"height\":365,\"caption\":\"Safety Source Fire\"},\"image\":{\"@id\":\"https:\\\/\\\/safetysourcefire.ca\\\/#\\\/schema\\\/logo\\\/image\\\/\"},\"sameAs\":[\"https:\\\/\\\/www.facebook.com\\\/mmfssca\",\"https:\\\/\\\/x.com\\\/mmfssca\"]}]}<\/script>\n<!-- \/ Yoast SEO plugin. -->","yoast_head_json":{"title":"Combinaison EMS - Source de s\u00e9curit\u00e9 incendie","robots":{"index":"index","follow":"follow","max-snippet":"max-snippet:-1","max-image-preview":"max-image-preview:large","max-video-preview":"max-video-preview:-1"},"canonical":"https:\/\/safetysourcefire.ca\/fr\/?product=ems-jumpsuit","og_locale":"fr_CA","og_type":"article","og_title":"EMS Jumpsuit - Safety Source Fire","og_description":"The Starfield LION EMS Jumpsuit was built with you in mind. It's flame-resistant, was designed for a comfortable and flexible fit, is well vented and can be used in all seasons thanks to our removable zippered sleeves.","og_url":"https:\/\/safetysourcefire.ca\/fr\/?product=ems-jumpsuit","og_site_name":"Safety Source Fire","article_publisher":"https:\/\/www.facebook.com\/mmfssca","article_modified_time":"2021-04-09T16:16:30+00:00","og_image":[{"width":600,"height":600,"url":"https:\/\/safetysourcefire.ca\/wp-content\/uploads\/2017\/07\/EMS-Jumpsuit.jpg","type":"image\/jpeg"}],"twitter_card":"summary_large_image","twitter_site":"@mmfssca","twitter_misc":{"Estimation du temps de lecture":"1 minute"},"schema":{"@context":"https:\/\/schema.org","@graph":[{"@type":"WebPage","@id":"https:\/\/safetysourcefire.ca\/?product=ems-jumpsuit","url":"https:\/\/safetysourcefire.ca\/?product=ems-jumpsuit","name":"Combinaison EMS - Source de s\u00e9curit\u00e9 incendie","isPartOf":{"@id":"https:\/\/safetysourcefire.ca\/#website"},"primaryImageOfPage":{"@id":"https:\/\/safetysourcefire.ca\/?product=ems-jumpsuit#primaryimage"},"image":{"@id":"https:\/\/safetysourcefire.ca\/?product=ems-jumpsuit#primaryimage"},"thumbnailUrl":"https:\/\/safetysourcefire.ca\/wp-content\/uploads\/2017\/07\/EMS-Jumpsuit.jpg","datePublished":"2018-03-06T12:19:29+00:00","dateModified":"2021-04-09T16:16:30+00:00","breadcrumb":{"@id":"https:\/\/safetysourcefire.ca\/?product=ems-jumpsuit#breadcrumb"},"inLanguage":"fr-CA","potentialAction":[{"@type":"ReadAction","target":["https:\/\/safetysourcefire.ca\/?product=ems-jumpsuit"]}]},{"@type":"ImageObject","inLanguage":"fr-CA","@id":"https:\/\/safetysourcefire.ca\/?product=ems-jumpsuit#primaryimage","url":"https:\/\/safetysourcefire.ca\/wp-content\/uploads\/2017\/07\/EMS-Jumpsuit.jpg","contentUrl":"https:\/\/safetysourcefire.ca\/wp-content\/uploads\/2017\/07\/EMS-Jumpsuit.jpg","width":600,"height":600,"caption":"blue jumpsuit"},{"@type":"BreadcrumbList","@id":"https:\/\/safetysourcefire.ca\/?product=ems-jumpsuit#breadcrumb","itemListElement":[{"@type":"ListItem","position":1,"name":"Home","item":"https:\/\/safetysourcefire.ca\/"},{"@type":"ListItem","position":2,"name":"Products","item":"https:\/\/safetysourcefire.ca\/shop\/"},{"@type":"ListItem","position":3,"name":"EMS Jumpsuit"}]},{"@type":"WebSite","@id":"https:\/\/safetysourcefire.ca\/#website","url":"https:\/\/safetysourcefire.ca\/","name":"Safety Source Fire","description":"","publisher":{"@id":"https:\/\/safetysourcefire.ca\/#organization"},"potentialAction":[{"@type":"SearchAction","target":{"@type":"EntryPoint","urlTemplate":"https:\/\/safetysourcefire.ca\/?s={search_term_string}"},"query-input":{"@type":"PropertyValueSpecification","valueRequired":true,"valueName":"search_term_string"}}],"inLanguage":"fr-CA"},{"@type":"Organization","@id":"https:\/\/safetysourcefire.ca\/#organization","name":"Safety Source Fire","url":"https:\/\/safetysourcefire.ca\/","logo":{"@type":"ImageObject","inLanguage":"fr-CA","@id":"https:\/\/safetysourcefire.ca\/#\/schema\/logo\/image\/","url":"https:\/\/safetysourcefire.ca\/wp-content\/uploads\/2021\/01\/SSF_logo_CC0000-3.png","contentUrl":"https:\/\/safetysourcefire.ca\/wp-content\/uploads\/2021\/01\/SSF_logo_CC0000-3.png","width":1107,"height":365,"caption":"Safety Source Fire"},"image":{"@id":"https:\/\/safetysourcefire.ca\/#\/schema\/logo\/image\/"},"sameAs":["https:\/\/www.facebook.com\/mmfssca","https:\/\/x.com\/mmfssca"]}]}},"_links":{"self":[{"href":"https:\/\/safetysourcefire.ca\/fr\/wp-json\/wp\/v2\/product\/4341","targetHints":{"allow":["GET"]}}],"collection":[{"href":"https:\/\/safetysourcefire.ca\/fr\/wp-json\/wp\/v2\/product"}],"about":[{"href":"https:\/\/safetysourcefire.ca\/fr\/wp-json\/wp\/v2\/types\/product"}],"wp:featuredmedia":[{"embeddable":true,"href":"https:\/\/safetysourcefire.ca\/fr\/wp-json\/wp\/v2\/media\/4334"}],"wp:attachment":[{"href":"https:\/\/safetysourcefire.ca\/fr\/wp-json\/wp\/v2\/media?parent=4341"}],"wp:term":[{"taxonomy":"product_brand","embeddable":true,"href":"https:\/\/safetysourcefire.ca\/fr\/wp-json\/wp\/v2\/product_brand?post=4341"},{"taxonomy":"product_cat","embeddable":true,"href":"https:\/\/safetysourcefire.ca\/fr\/wp-json\/wp\/v2\/product_cat?post=4341"},{"taxonomy":"product_tag","embeddable":true,"href":"https:\/\/safetysourcefire.ca\/fr\/wp-json\/wp\/v2\/product_tag?post=4341"}],"curies":[{"name":"wp","href":"https:\/\/api.w.org\/{rel}","templated":true}]}}