{"id":4342,"date":"2017-07-06T12:22:08","date_gmt":"2017-07-06T12:22:08","guid":{"rendered":"https:\/\/mmfss.ca\/?post_type=product&#038;p=4342"},"modified":"2018-03-19T14:19:13","modified_gmt":"2018-03-19T14:19:13","slug":"high-level-rescue-coverall","status":"publish","type":"product","link":"https:\/\/safetysourcefire.ca\/fr\/produit\/high-level-rescue-coverall\/","title":{"rendered":"Combinaison de sauvetage de haut niveau"},"content":{"rendered":"<p><strong>COMBINAISON CONFORTABLE ET DURABLE POUR LES PREMIERS INTERVENANTS<\/strong><\/p>\n<ul>\n<li>Construit avec DuPont\u2122 ignifuge et conforme \u00e0 la NFPA 1975<a href=\"http:\/\/www.lionprotects.com\/node\/1310\">Nomex<\/a>\u00ae Fibre IIIA. \u00c9galement disponible dans d&#039;autres mat\u00e9riaux.<\/li>\n<li>\u00c9paulettes et plis de jambe cousus pour un style militaire impeccable.<\/li>\n<li>Conception flexible pour une mobilit\u00e9 maximale.<\/li>\n<li>Poches de poitrine comprennant une poche pour radio (c\u00f4t\u00e9 gauche) et une poche \u00e0 zip (c\u00f4t\u00e9 droit).<\/li>\n<li>Fermeture \u00e0 glissi\u00e8re bidirectionnelle en avant sur toute la longueur pour enfilage et retrait faciles. Les v\u00eatements FR comprennent une bande de fermeture \u00e0 glissi\u00e8re en DuPont\u2122 Nomex.<\/li>\n<li>Taille \u00e9lastique avec sangles de r\u00e9glage \u00e0 la taille pour un ajustement confortable.<\/li>\n<li>Deux poches obliques et deux poches \u00e0 semi-soufflet sur les cuisses.<\/li>\n<li>Mat\u00e9riel r\u00e9fl\u00e9chissant 3M\u2122 Scotchlite\u2122 sur les bras, les jambes et le dos pour une visibilit\u00e9 maximale \u2014 couleur argent, largeur d'un pouce.<\/li>\n<li>Fermetures auto-agrippantes sur les manches et les jambes.<\/li>\n<li>Clignotants \u00e0 \u00e9paules et\/ou badges cousus sans frais suppl\u00e9mentaires.<\/li>\n<li>Drapeau national.<\/li>\n<\/ul>\n<p>&nbsp;<\/p>\n<p><strong>OPTIONS<\/strong><\/p>\n<ul>\n<li>Genouill\u00e8res et renforts.<\/li>\n<li>Poches passe-partout. Comprend des fermetures auto-agrippantes sur les v\u00eatements FR.<\/li>\n<li>Poche pour ordinateur portable sur la manche.<\/li>\n<li>Fermetures \u00e9claires aux jambes.<\/li>\n<li>Onglet Micro.<\/li>\n<li>Vari\u00e9t\u00e9s suppl\u00e9mentaires de mat\u00e9riaux r\u00e9fl\u00e9chissants 3M Scotchlite (un pouce ou deux pouces).<\/li>\n<li>Lettres et chiffres r\u00e9fl\u00e9chissants.<\/li>\n<li>Plaques nominatives brod\u00e9es.<\/li>\n<\/ul>","protected":false},"excerpt":{"rendered":"<p>La combinaison de sauvetage de haut niveau Starfield LION est con\u00e7ue pour affronter vos journ\u00e9es les plus difficiles en tant que premier r\u00e9pondant. Con\u00e7ue avec de nombreuses poches, une taille \u00e9lastique et une possibilit\u00e9 maximale de mouvement, cette combinaison est \u00e0 la fois durable et confortable.<\/p>","protected":false},"featured_media":4335,"template":"","meta":[],"product_brand":[233],"product_cat":[122,50],"product_tag":[346],"class_list":{"0":"post-4342","1":"product","2":"type-product","3":"status-publish","4":"has-post-thumbnail","6":"product_brand-starfield-lion","7":"product_cat-coveralls","8":"product_cat-personal-protective-equipment","9":"product_tag-starfield","11":"first","12":"instock","13":"shipping-taxable","14":"product-type-simple"},"yoast_head":"<!-- This site is optimized with the Yoast SEO plugin v27.4 - https:\/\/yoast.com\/product\/yoast-seo-wordpress\/ -->\n<title>High Level Rescue Coverall - Safety Source Fire<\/title>\n<meta name=\"robots\" content=\"index, follow, max-snippet:-1, max-image-preview:large, max-video-preview:-1\" \/>\n<link rel=\"canonical\" href=\"https:\/\/safetysourcefire.ca\/fr\/?product=high-level-rescue-coverall\" \/>\n<meta property=\"og:locale\" content=\"fr_CA\" \/>\n<meta property=\"og:type\" content=\"article\" \/>\n<meta property=\"og:title\" content=\"High Level Rescue Coverall - Safety Source Fire\" \/>\n<meta property=\"og:description\" content=\"The Starfield LION High Level Rescue Coverall is designed to meet your toughest days as a first responder. Designed with plenty of pockets, an elasticized waist and maximum mobility, this coverall is both durable and comfortable.\" \/>\n<meta property=\"og:url\" content=\"https:\/\/safetysourcefire.ca\/fr\/?product=high-level-rescue-coverall\" \/>\n<meta property=\"og:site_name\" content=\"Safety Source Fire\" \/>\n<meta property=\"article:publisher\" content=\"https:\/\/www.facebook.com\/mmfssca\" \/>\n<meta property=\"article:modified_time\" content=\"2018-03-19T14:19:13+00:00\" \/>\n<meta property=\"og:image\" content=\"https:\/\/safetysourcefire.ca\/wp-content\/uploads\/2017\/07\/HLR-Coverall.jpg\" \/>\n\t<meta property=\"og:image:width\" content=\"600\" \/>\n\t<meta property=\"og:image:height\" content=\"600\" \/>\n\t<meta property=\"og:image:type\" content=\"image\/jpeg\" \/>\n<meta name=\"twitter:card\" content=\"summary_large_image\" \/>\n<meta name=\"twitter:site\" content=\"@mmfssca\" \/>\n<meta name=\"twitter:label1\" content=\"Estimation du temps de lecture\" \/>\n\t<meta name=\"twitter:data1\" content=\"1 minute\" \/>\n<script type=\"application\/ld+json\" class=\"yoast-schema-graph\">{\"@context\":\"https:\\\/\\\/schema.org\",\"@graph\":[{\"@type\":\"WebPage\",\"@id\":\"https:\\\/\\\/safetysourcefire.ca\\\/?product=high-level-rescue-coverall\",\"url\":\"https:\\\/\\\/safetysourcefire.ca\\\/?product=high-level-rescue-coverall\",\"name\":\"High Level Rescue Coverall - Safety Source Fire\",\"isPartOf\":{\"@id\":\"https:\\\/\\\/safetysourcefire.ca\\\/#website\"},\"primaryImageOfPage\":{\"@id\":\"https:\\\/\\\/safetysourcefire.ca\\\/?product=high-level-rescue-coverall#primaryimage\"},\"image\":{\"@id\":\"https:\\\/\\\/safetysourcefire.ca\\\/?product=high-level-rescue-coverall#primaryimage\"},\"thumbnailUrl\":\"https:\\\/\\\/safetysourcefire.ca\\\/wp-content\\\/uploads\\\/2017\\\/07\\\/HLR-Coverall.jpg\",\"datePublished\":\"2017-07-06T12:22:08+00:00\",\"dateModified\":\"2018-03-19T14:19:13+00:00\",\"breadcrumb\":{\"@id\":\"https:\\\/\\\/safetysourcefire.ca\\\/?product=high-level-rescue-coverall#breadcrumb\"},\"inLanguage\":\"fr-CA\",\"potentialAction\":[{\"@type\":\"ReadAction\",\"target\":[\"https:\\\/\\\/safetysourcefire.ca\\\/?product=high-level-rescue-coverall\"]}]},{\"@type\":\"ImageObject\",\"inLanguage\":\"fr-CA\",\"@id\":\"https:\\\/\\\/safetysourcefire.ca\\\/?product=high-level-rescue-coverall#primaryimage\",\"url\":\"https:\\\/\\\/safetysourcefire.ca\\\/wp-content\\\/uploads\\\/2017\\\/07\\\/HLR-Coverall.jpg\",\"contentUrl\":\"https:\\\/\\\/safetysourcefire.ca\\\/wp-content\\\/uploads\\\/2017\\\/07\\\/HLR-Coverall.jpg\",\"width\":600,\"height\":600,\"caption\":\"man in blue coverall\"},{\"@type\":\"BreadcrumbList\",\"@id\":\"https:\\\/\\\/safetysourcefire.ca\\\/?product=high-level-rescue-coverall#breadcrumb\",\"itemListElement\":[{\"@type\":\"ListItem\",\"position\":1,\"name\":\"Home\",\"item\":\"https:\\\/\\\/safetysourcefire.ca\\\/\"},{\"@type\":\"ListItem\",\"position\":2,\"name\":\"Products\",\"item\":\"https:\\\/\\\/safetysourcefire.ca\\\/shop\\\/\"},{\"@type\":\"ListItem\",\"position\":3,\"name\":\"High Level Rescue Coverall\"}]},{\"@type\":\"WebSite\",\"@id\":\"https:\\\/\\\/safetysourcefire.ca\\\/#website\",\"url\":\"https:\\\/\\\/safetysourcefire.ca\\\/\",\"name\":\"Safety Source Fire\",\"description\":\"\",\"publisher\":{\"@id\":\"https:\\\/\\\/safetysourcefire.ca\\\/#organization\"},\"potentialAction\":[{\"@type\":\"SearchAction\",\"target\":{\"@type\":\"EntryPoint\",\"urlTemplate\":\"https:\\\/\\\/safetysourcefire.ca\\\/?s={search_term_string}\"},\"query-input\":{\"@type\":\"PropertyValueSpecification\",\"valueRequired\":true,\"valueName\":\"search_term_string\"}}],\"inLanguage\":\"fr-CA\"},{\"@type\":\"Organization\",\"@id\":\"https:\\\/\\\/safetysourcefire.ca\\\/#organization\",\"name\":\"Safety Source Fire\",\"url\":\"https:\\\/\\\/safetysourcefire.ca\\\/\",\"logo\":{\"@type\":\"ImageObject\",\"inLanguage\":\"fr-CA\",\"@id\":\"https:\\\/\\\/safetysourcefire.ca\\\/#\\\/schema\\\/logo\\\/image\\\/\",\"url\":\"https:\\\/\\\/safetysourcefire.ca\\\/wp-content\\\/uploads\\\/2021\\\/01\\\/SSF_logo_CC0000-3.png\",\"contentUrl\":\"https:\\\/\\\/safetysourcefire.ca\\\/wp-content\\\/uploads\\\/2021\\\/01\\\/SSF_logo_CC0000-3.png\",\"width\":1107,\"height\":365,\"caption\":\"Safety Source Fire\"},\"image\":{\"@id\":\"https:\\\/\\\/safetysourcefire.ca\\\/#\\\/schema\\\/logo\\\/image\\\/\"},\"sameAs\":[\"https:\\\/\\\/www.facebook.com\\\/mmfssca\",\"https:\\\/\\\/x.com\\\/mmfssca\"]}]}<\/script>\n<!-- \/ Yoast SEO plugin. -->","yoast_head_json":{"title":"Combinaison de sauvetage de haut niveau - Incendie \u00e0 source de s\u00e9curit\u00e9","robots":{"index":"index","follow":"follow","max-snippet":"max-snippet:-1","max-image-preview":"max-image-preview:large","max-video-preview":"max-video-preview:-1"},"canonical":"https:\/\/safetysourcefire.ca\/fr\/?product=high-level-rescue-coverall","og_locale":"fr_CA","og_type":"article","og_title":"High Level Rescue Coverall - Safety Source Fire","og_description":"The Starfield LION High Level Rescue Coverall is designed to meet your toughest days as a first responder. Designed with plenty of pockets, an elasticized waist and maximum mobility, this coverall is both durable and comfortable.","og_url":"https:\/\/safetysourcefire.ca\/fr\/?product=high-level-rescue-coverall","og_site_name":"Safety Source Fire","article_publisher":"https:\/\/www.facebook.com\/mmfssca","article_modified_time":"2018-03-19T14:19:13+00:00","og_image":[{"width":600,"height":600,"url":"https:\/\/safetysourcefire.ca\/wp-content\/uploads\/2017\/07\/HLR-Coverall.jpg","type":"image\/jpeg"}],"twitter_card":"summary_large_image","twitter_site":"@mmfssca","twitter_misc":{"Estimation du temps de lecture":"1 minute"},"schema":{"@context":"https:\/\/schema.org","@graph":[{"@type":"WebPage","@id":"https:\/\/safetysourcefire.ca\/?product=high-level-rescue-coverall","url":"https:\/\/safetysourcefire.ca\/?product=high-level-rescue-coverall","name":"Combinaison de sauvetage de haut niveau - Incendie \u00e0 source de s\u00e9curit\u00e9","isPartOf":{"@id":"https:\/\/safetysourcefire.ca\/#website"},"primaryImageOfPage":{"@id":"https:\/\/safetysourcefire.ca\/?product=high-level-rescue-coverall#primaryimage"},"image":{"@id":"https:\/\/safetysourcefire.ca\/?product=high-level-rescue-coverall#primaryimage"},"thumbnailUrl":"https:\/\/safetysourcefire.ca\/wp-content\/uploads\/2017\/07\/HLR-Coverall.jpg","datePublished":"2017-07-06T12:22:08+00:00","dateModified":"2018-03-19T14:19:13+00:00","breadcrumb":{"@id":"https:\/\/safetysourcefire.ca\/?product=high-level-rescue-coverall#breadcrumb"},"inLanguage":"fr-CA","potentialAction":[{"@type":"ReadAction","target":["https:\/\/safetysourcefire.ca\/?product=high-level-rescue-coverall"]}]},{"@type":"ImageObject","inLanguage":"fr-CA","@id":"https:\/\/safetysourcefire.ca\/?product=high-level-rescue-coverall#primaryimage","url":"https:\/\/safetysourcefire.ca\/wp-content\/uploads\/2017\/07\/HLR-Coverall.jpg","contentUrl":"https:\/\/safetysourcefire.ca\/wp-content\/uploads\/2017\/07\/HLR-Coverall.jpg","width":600,"height":600,"caption":"man in blue coverall"},{"@type":"BreadcrumbList","@id":"https:\/\/safetysourcefire.ca\/?product=high-level-rescue-coverall#breadcrumb","itemListElement":[{"@type":"ListItem","position":1,"name":"Home","item":"https:\/\/safetysourcefire.ca\/"},{"@type":"ListItem","position":2,"name":"Products","item":"https:\/\/safetysourcefire.ca\/shop\/"},{"@type":"ListItem","position":3,"name":"High Level Rescue Coverall"}]},{"@type":"WebSite","@id":"https:\/\/safetysourcefire.ca\/#website","url":"https:\/\/safetysourcefire.ca\/","name":"Safety Source Fire","description":"","publisher":{"@id":"https:\/\/safetysourcefire.ca\/#organization"},"potentialAction":[{"@type":"SearchAction","target":{"@type":"EntryPoint","urlTemplate":"https:\/\/safetysourcefire.ca\/?s={search_term_string}"},"query-input":{"@type":"PropertyValueSpecification","valueRequired":true,"valueName":"search_term_string"}}],"inLanguage":"fr-CA"},{"@type":"Organization","@id":"https:\/\/safetysourcefire.ca\/#organization","name":"Safety Source Fire","url":"https:\/\/safetysourcefire.ca\/","logo":{"@type":"ImageObject","inLanguage":"fr-CA","@id":"https:\/\/safetysourcefire.ca\/#\/schema\/logo\/image\/","url":"https:\/\/safetysourcefire.ca\/wp-content\/uploads\/2021\/01\/SSF_logo_CC0000-3.png","contentUrl":"https:\/\/safetysourcefire.ca\/wp-content\/uploads\/2021\/01\/SSF_logo_CC0000-3.png","width":1107,"height":365,"caption":"Safety Source Fire"},"image":{"@id":"https:\/\/safetysourcefire.ca\/#\/schema\/logo\/image\/"},"sameAs":["https:\/\/www.facebook.com\/mmfssca","https:\/\/x.com\/mmfssca"]}]}},"_links":{"self":[{"href":"https:\/\/safetysourcefire.ca\/fr\/wp-json\/wp\/v2\/product\/4342","targetHints":{"allow":["GET"]}}],"collection":[{"href":"https:\/\/safetysourcefire.ca\/fr\/wp-json\/wp\/v2\/product"}],"about":[{"href":"https:\/\/safetysourcefire.ca\/fr\/wp-json\/wp\/v2\/types\/product"}],"wp:featuredmedia":[{"embeddable":true,"href":"https:\/\/safetysourcefire.ca\/fr\/wp-json\/wp\/v2\/media\/4335"}],"wp:attachment":[{"href":"https:\/\/safetysourcefire.ca\/fr\/wp-json\/wp\/v2\/media?parent=4342"}],"wp:term":[{"taxonomy":"product_brand","embeddable":true,"href":"https:\/\/safetysourcefire.ca\/fr\/wp-json\/wp\/v2\/product_brand?post=4342"},{"taxonomy":"product_cat","embeddable":true,"href":"https:\/\/safetysourcefire.ca\/fr\/wp-json\/wp\/v2\/product_cat?post=4342"},{"taxonomy":"product_tag","embeddable":true,"href":"https:\/\/safetysourcefire.ca\/fr\/wp-json\/wp\/v2\/product_tag?post=4342"}],"curies":[{"name":"wp","href":"https:\/\/api.w.org\/{rel}","templated":true}]}}