{"id":4346,"date":"2017-07-06T12:28:23","date_gmt":"2017-07-06T12:28:23","guid":{"rendered":"https:\/\/mmfss.ca\/?post_type=product&#038;p=4346"},"modified":"2018-03-19T14:19:11","modified_gmt":"2018-03-19T14:19:11","slug":"la-series-wildlands","status":"publish","type":"product","link":"https:\/\/safetysourcefire.ca\/fr\/produit\/la-series-wildlands\/","title":{"rendered":"LA \u2122 -s\u00e9rie \u00abTerres sauvages\u00bb"},"content":{"rendered":"<p><strong>CHEMISES ET PANTALONS POUR LUTTE AUX INCENDIES EN CONTEXTES EXT\u00c9RIEURS<\/strong><\/p>\n<p>La chemise et le pantalon Starfield LION LA\u2122 Series Wildlands sont con\u00e7us pour la lutte contre les incendies en ext\u00e9rieur. Comprend une taille \u00e9lastique pour un plus grand confort ainsi que de nombreuses poches pour garder votre \u00e9quipement de lutte contre les incendies \u00e0 port\u00e9e de main.<\/p>\n<p>&nbsp;<\/p>\n<p><strong>CARACT\u00c9RISTIQUES DE LA CHEMISE WILDLANDS (TERRE SAUVAGE) DE LA S\u00c9RIE LA\u00a0:<\/strong><\/p>\n<ul>\n<li>Disponible en coton Nomex\u00ae IIIA (jaune), PBI\u00aeTriguard ou Indura\u00ae FR (jaune) conforme \u00e0 la norme NFPA 1977.<\/li>\n<li>Fermetures avant \u00e0 boutons pression en laiton nickel\u00e9 avec protection en tissu pour emp\u00eacher le transfert de chaleur.<\/li>\n<li>Deux poches poitrine spacieuses avec rabats de poche \u00e0 couverture compl\u00e8te et fente pour stylo (c\u00f4t\u00e9 gauche).<\/li>\n<li>Ourlet avant et arri\u00e8re extra long qui peut \u00eatre rentr\u00e9 ou laiss\u00e9 hors du pantalon.<\/li>\n<li>Boucle de suspension au cou.<\/li>\n<\/ul>\n<p>&nbsp;<\/p>\n<p><strong>OPTIONS\u00a0:<\/strong><\/p>\n<ul>\n<li>Poche radio et boucle micro.<\/li>\n<li>Mat\u00e9riel r\u00e9fl\u00e9chissant 3M\u2122 Scotchlite\u2122 argent\u00e9 d'un pouce ou de deux pouces pour une visibilit\u00e9 maximale.<\/li>\n<li>Num\u00e9rotation et lettres r\u00e9fl\u00e9chissantes.<\/li>\n<li>Fermeture \u00e0 glissi\u00e8re sur le devant.<\/li>\n<\/ul>\n<p>&nbsp;<\/p>\n<p><strong>CARACT\u00c9RISTIQUES DU PANTALON WILDLANDS DE LA S\u00c9RIE LA\u00a0:<\/strong><\/p>\n<ul>\n<li>Disponible en coton Nomex\u00ae IIIA (jaune), PBI\u00aeTriguard ou Indura\u00ae FR (jaune) conforme \u00e0 la norme NFPA 1977.<\/li>\n<li>Passants de ceinture pouvant accueillir jusqu'\u00e0 2 pouces de ceinture.<\/li>\n<li>Deux grandes poches avant coup\u00e9es profil\u00e9es.<\/li>\n<li>Fermeture \u00e0 glissi\u00e8re autobloquante avec protection en tissu pour emp\u00eacher le transfert de chaleur.<\/li>\n<li>Taille \u00e9lastiquee pour plus de confort et ajustement flexible.<\/li>\n<li>Fermetures r\u00e9glables \u00e0 crochets et boucles aux chevilles emp\u00eachant les braises de p\u00e9n\u00e9trer dans la zone des jambes.<\/li>\n<\/ul>\n<p>&nbsp;<\/p>\n<p><strong>OPTIONS\u00a0:<\/strong><\/p>\n<ul>\n<li>Poches cargo \u00e0 semi-soufflet sur les cuisses.<\/li>\n<li>Renforts aux genoux.<\/li>\n<li>Rembourrage aux genoux.<\/li>\n<li>Fermetures \u00e0 glissi\u00e8re au bas des jambes (dix pouces).<\/li>\n<li>Mat\u00e9riel r\u00e9fl\u00e9chissant 3M\u2122 Scotchlite\u2122 argent\u00e9 d'un pouce ou de deux pouces pour une visibilit\u00e9 maximale.<\/li>\n<\/ul>\n<p>&nbsp;<\/p>","protected":false},"excerpt":{"rendered":"<p>La protection thermique et la mobilit\u00e9 sont essentielles pour assurer votre s\u00e9curit\u00e9 au travail.<\/p>","protected":false},"featured_media":4336,"template":"","meta":[],"product_brand":[233],"product_cat":[122,50],"product_tag":[346],"class_list":{"0":"post-4346","1":"product","2":"type-product","3":"status-publish","4":"has-post-thumbnail","6":"product_brand-starfield-lion","7":"product_cat-coveralls","8":"product_cat-personal-protective-equipment","9":"product_tag-starfield","11":"first","12":"instock","13":"shipping-taxable","14":"product-type-simple"},"yoast_head":"<!-- This site is optimized with the Yoast SEO plugin v27.4 - https:\/\/yoast.com\/product\/yoast-seo-wordpress\/ -->\n<title>LA\u2122 Series Wildlands - Safety Source Fire<\/title>\n<meta name=\"robots\" content=\"index, follow, max-snippet:-1, max-image-preview:large, max-video-preview:-1\" \/>\n<link rel=\"canonical\" href=\"https:\/\/safetysourcefire.ca\/fr\/?product=la-series-wildlands\" \/>\n<meta property=\"og:locale\" content=\"fr_CA\" \/>\n<meta property=\"og:type\" content=\"article\" \/>\n<meta property=\"og:title\" content=\"LA\u2122 Series Wildlands - Safety Source Fire\" \/>\n<meta property=\"og:description\" content=\"Thermal protection and mobility are key to ensuring you stay safe on the job.\" \/>\n<meta property=\"og:url\" content=\"https:\/\/safetysourcefire.ca\/fr\/?product=la-series-wildlands\" \/>\n<meta property=\"og:site_name\" content=\"Safety Source Fire\" \/>\n<meta property=\"article:publisher\" content=\"https:\/\/www.facebook.com\/mmfssca\" \/>\n<meta property=\"article:modified_time\" content=\"2018-03-19T14:19:11+00:00\" \/>\n<meta property=\"og:image\" content=\"https:\/\/safetysourcefire.ca\/wp-content\/uploads\/2017\/07\/LA-Series.jpg\" \/>\n\t<meta property=\"og:image:width\" content=\"600\" \/>\n\t<meta property=\"og:image:height\" content=\"600\" \/>\n\t<meta property=\"og:image:type\" content=\"image\/jpeg\" \/>\n<meta name=\"twitter:card\" content=\"summary_large_image\" \/>\n<meta name=\"twitter:site\" content=\"@mmfssca\" \/>\n<meta name=\"twitter:label1\" content=\"Estimation du temps de lecture\" \/>\n\t<meta name=\"twitter:data1\" content=\"1 minute\" \/>\n<script type=\"application\/ld+json\" class=\"yoast-schema-graph\">{\"@context\":\"https:\\\/\\\/schema.org\",\"@graph\":[{\"@type\":\"WebPage\",\"@id\":\"https:\\\/\\\/safetysourcefire.ca\\\/?product=la-series-wildlands\",\"url\":\"https:\\\/\\\/safetysourcefire.ca\\\/?product=la-series-wildlands\",\"name\":\"LA\u2122 Series Wildlands - Safety Source Fire\",\"isPartOf\":{\"@id\":\"https:\\\/\\\/safetysourcefire.ca\\\/#website\"},\"primaryImageOfPage\":{\"@id\":\"https:\\\/\\\/safetysourcefire.ca\\\/?product=la-series-wildlands#primaryimage\"},\"image\":{\"@id\":\"https:\\\/\\\/safetysourcefire.ca\\\/?product=la-series-wildlands#primaryimage\"},\"thumbnailUrl\":\"https:\\\/\\\/safetysourcefire.ca\\\/wp-content\\\/uploads\\\/2017\\\/07\\\/LA-Series.jpg\",\"datePublished\":\"2017-07-06T12:28:23+00:00\",\"dateModified\":\"2018-03-19T14:19:11+00:00\",\"breadcrumb\":{\"@id\":\"https:\\\/\\\/safetysourcefire.ca\\\/?product=la-series-wildlands#breadcrumb\"},\"inLanguage\":\"fr-CA\",\"potentialAction\":[{\"@type\":\"ReadAction\",\"target\":[\"https:\\\/\\\/safetysourcefire.ca\\\/?product=la-series-wildlands\"]}]},{\"@type\":\"ImageObject\",\"inLanguage\":\"fr-CA\",\"@id\":\"https:\\\/\\\/safetysourcefire.ca\\\/?product=la-series-wildlands#primaryimage\",\"url\":\"https:\\\/\\\/safetysourcefire.ca\\\/wp-content\\\/uploads\\\/2017\\\/07\\\/LA-Series.jpg\",\"contentUrl\":\"https:\\\/\\\/safetysourcefire.ca\\\/wp-content\\\/uploads\\\/2017\\\/07\\\/LA-Series.jpg\",\"width\":600,\"height\":600,\"caption\":\"man in coveralls\"},{\"@type\":\"BreadcrumbList\",\"@id\":\"https:\\\/\\\/safetysourcefire.ca\\\/?product=la-series-wildlands#breadcrumb\",\"itemListElement\":[{\"@type\":\"ListItem\",\"position\":1,\"name\":\"Home\",\"item\":\"https:\\\/\\\/safetysourcefire.ca\\\/\"},{\"@type\":\"ListItem\",\"position\":2,\"name\":\"Products\",\"item\":\"https:\\\/\\\/safetysourcefire.ca\\\/shop\\\/\"},{\"@type\":\"ListItem\",\"position\":3,\"name\":\"LA\u2122 Series Wildlands\"}]},{\"@type\":\"WebSite\",\"@id\":\"https:\\\/\\\/safetysourcefire.ca\\\/#website\",\"url\":\"https:\\\/\\\/safetysourcefire.ca\\\/\",\"name\":\"Safety Source Fire\",\"description\":\"\",\"publisher\":{\"@id\":\"https:\\\/\\\/safetysourcefire.ca\\\/#organization\"},\"potentialAction\":[{\"@type\":\"SearchAction\",\"target\":{\"@type\":\"EntryPoint\",\"urlTemplate\":\"https:\\\/\\\/safetysourcefire.ca\\\/?s={search_term_string}\"},\"query-input\":{\"@type\":\"PropertyValueSpecification\",\"valueRequired\":true,\"valueName\":\"search_term_string\"}}],\"inLanguage\":\"fr-CA\"},{\"@type\":\"Organization\",\"@id\":\"https:\\\/\\\/safetysourcefire.ca\\\/#organization\",\"name\":\"Safety Source Fire\",\"url\":\"https:\\\/\\\/safetysourcefire.ca\\\/\",\"logo\":{\"@type\":\"ImageObject\",\"inLanguage\":\"fr-CA\",\"@id\":\"https:\\\/\\\/safetysourcefire.ca\\\/#\\\/schema\\\/logo\\\/image\\\/\",\"url\":\"https:\\\/\\\/safetysourcefire.ca\\\/wp-content\\\/uploads\\\/2021\\\/01\\\/SSF_logo_CC0000-3.png\",\"contentUrl\":\"https:\\\/\\\/safetysourcefire.ca\\\/wp-content\\\/uploads\\\/2021\\\/01\\\/SSF_logo_CC0000-3.png\",\"width\":1107,\"height\":365,\"caption\":\"Safety Source Fire\"},\"image\":{\"@id\":\"https:\\\/\\\/safetysourcefire.ca\\\/#\\\/schema\\\/logo\\\/image\\\/\"},\"sameAs\":[\"https:\\\/\\\/www.facebook.com\\\/mmfssca\",\"https:\\\/\\\/x.com\\\/mmfssca\"]}]}<\/script>\n<!-- \/ Yoast SEO plugin. -->","yoast_head_json":{"title":"S\u00e9rie LA\u2122 Wildlands - Incendie de s\u00e9curit\u00e9","robots":{"index":"index","follow":"follow","max-snippet":"max-snippet:-1","max-image-preview":"max-image-preview:large","max-video-preview":"max-video-preview:-1"},"canonical":"https:\/\/safetysourcefire.ca\/fr\/?product=la-series-wildlands","og_locale":"fr_CA","og_type":"article","og_title":"LA\u2122 Series Wildlands - Safety Source Fire","og_description":"Thermal protection and mobility are key to ensuring you stay safe on the job.","og_url":"https:\/\/safetysourcefire.ca\/fr\/?product=la-series-wildlands","og_site_name":"Safety Source Fire","article_publisher":"https:\/\/www.facebook.com\/mmfssca","article_modified_time":"2018-03-19T14:19:11+00:00","og_image":[{"width":600,"height":600,"url":"https:\/\/safetysourcefire.ca\/wp-content\/uploads\/2017\/07\/LA-Series.jpg","type":"image\/jpeg"}],"twitter_card":"summary_large_image","twitter_site":"@mmfssca","twitter_misc":{"Estimation du temps de lecture":"1 minute"},"schema":{"@context":"https:\/\/schema.org","@graph":[{"@type":"WebPage","@id":"https:\/\/safetysourcefire.ca\/?product=la-series-wildlands","url":"https:\/\/safetysourcefire.ca\/?product=la-series-wildlands","name":"S\u00e9rie LA\u2122 Wildlands - Incendie de s\u00e9curit\u00e9","isPartOf":{"@id":"https:\/\/safetysourcefire.ca\/#website"},"primaryImageOfPage":{"@id":"https:\/\/safetysourcefire.ca\/?product=la-series-wildlands#primaryimage"},"image":{"@id":"https:\/\/safetysourcefire.ca\/?product=la-series-wildlands#primaryimage"},"thumbnailUrl":"https:\/\/safetysourcefire.ca\/wp-content\/uploads\/2017\/07\/LA-Series.jpg","datePublished":"2017-07-06T12:28:23+00:00","dateModified":"2018-03-19T14:19:11+00:00","breadcrumb":{"@id":"https:\/\/safetysourcefire.ca\/?product=la-series-wildlands#breadcrumb"},"inLanguage":"fr-CA","potentialAction":[{"@type":"ReadAction","target":["https:\/\/safetysourcefire.ca\/?product=la-series-wildlands"]}]},{"@type":"ImageObject","inLanguage":"fr-CA","@id":"https:\/\/safetysourcefire.ca\/?product=la-series-wildlands#primaryimage","url":"https:\/\/safetysourcefire.ca\/wp-content\/uploads\/2017\/07\/LA-Series.jpg","contentUrl":"https:\/\/safetysourcefire.ca\/wp-content\/uploads\/2017\/07\/LA-Series.jpg","width":600,"height":600,"caption":"man in coveralls"},{"@type":"BreadcrumbList","@id":"https:\/\/safetysourcefire.ca\/?product=la-series-wildlands#breadcrumb","itemListElement":[{"@type":"ListItem","position":1,"name":"Home","item":"https:\/\/safetysourcefire.ca\/"},{"@type":"ListItem","position":2,"name":"Products","item":"https:\/\/safetysourcefire.ca\/shop\/"},{"@type":"ListItem","position":3,"name":"LA\u2122 Series Wildlands"}]},{"@type":"WebSite","@id":"https:\/\/safetysourcefire.ca\/#website","url":"https:\/\/safetysourcefire.ca\/","name":"Safety Source Fire","description":"","publisher":{"@id":"https:\/\/safetysourcefire.ca\/#organization"},"potentialAction":[{"@type":"SearchAction","target":{"@type":"EntryPoint","urlTemplate":"https:\/\/safetysourcefire.ca\/?s={search_term_string}"},"query-input":{"@type":"PropertyValueSpecification","valueRequired":true,"valueName":"search_term_string"}}],"inLanguage":"fr-CA"},{"@type":"Organization","@id":"https:\/\/safetysourcefire.ca\/#organization","name":"Safety Source Fire","url":"https:\/\/safetysourcefire.ca\/","logo":{"@type":"ImageObject","inLanguage":"fr-CA","@id":"https:\/\/safetysourcefire.ca\/#\/schema\/logo\/image\/","url":"https:\/\/safetysourcefire.ca\/wp-content\/uploads\/2021\/01\/SSF_logo_CC0000-3.png","contentUrl":"https:\/\/safetysourcefire.ca\/wp-content\/uploads\/2021\/01\/SSF_logo_CC0000-3.png","width":1107,"height":365,"caption":"Safety Source Fire"},"image":{"@id":"https:\/\/safetysourcefire.ca\/#\/schema\/logo\/image\/"},"sameAs":["https:\/\/www.facebook.com\/mmfssca","https:\/\/x.com\/mmfssca"]}]}},"_links":{"self":[{"href":"https:\/\/safetysourcefire.ca\/fr\/wp-json\/wp\/v2\/product\/4346","targetHints":{"allow":["GET"]}}],"collection":[{"href":"https:\/\/safetysourcefire.ca\/fr\/wp-json\/wp\/v2\/product"}],"about":[{"href":"https:\/\/safetysourcefire.ca\/fr\/wp-json\/wp\/v2\/types\/product"}],"wp:featuredmedia":[{"embeddable":true,"href":"https:\/\/safetysourcefire.ca\/fr\/wp-json\/wp\/v2\/media\/4336"}],"wp:attachment":[{"href":"https:\/\/safetysourcefire.ca\/fr\/wp-json\/wp\/v2\/media?parent=4346"}],"wp:term":[{"taxonomy":"product_brand","embeddable":true,"href":"https:\/\/safetysourcefire.ca\/fr\/wp-json\/wp\/v2\/product_brand?post=4346"},{"taxonomy":"product_cat","embeddable":true,"href":"https:\/\/safetysourcefire.ca\/fr\/wp-json\/wp\/v2\/product_cat?post=4346"},{"taxonomy":"product_tag","embeddable":true,"href":"https:\/\/safetysourcefire.ca\/fr\/wp-json\/wp\/v2\/product_tag?post=4346"}],"curies":[{"name":"wp","href":"https:\/\/api.w.org\/{rel}","templated":true}]}}