{"id":4433,"date":"2017-07-06T13:20:48","date_gmt":"2017-07-06T13:20:48","guid":{"rendered":"https:\/\/mmfss.ca\/?post_type=product&#038;p=4433"},"modified":"2018-03-19T13:17:41","modified_gmt":"2018-03-19T13:17:41","slug":"arsenal-5005w-wheeled-fr-gear-bag","status":"publish","type":"product","link":"https:\/\/safetysourcefire.ca\/fr\/produit\/arsenal-5005w-wheeled-fr-gear-bag\/","title":{"rendered":"Sac \u00e0 roues pour \u00e9quipement F&amp;R -Arsenal\u00ae 5005w"},"content":{"rendered":"<ul>\n<li>Nylon 1000D, polyur\u00e9thane double rev\u00eatement<\/li>\n<li>Croix de Malte<\/li>\n<li>Fermetures \u00e0 glissi\u00e8re robustes #10<\/li>\n<li>Poign\u00e9e et bretelles en sangle de 2 po<\/li>\n<li>Sangle de traction ''Grab n Go'' et bandouli\u00e8re amovible<\/li>\n<li>Prise principale de 16 &quot;x 24&quot; x 14&quot; (41cm x 61cm x 36cm)<\/li>\n<li>Poche avant ext\u00e9rieure de 10 x 1\u2033 x 10\u2033 (25cm x 3cm x 25cm)<\/li>\n<li>Poche lat\u00e9rale de 16 &quot;x 8&quot; x 14&quot; (41cm x 20cm x 36cm)<\/li>\n<li>7160 ci. (117 litres)<\/li>\n<\/ul>","protected":false},"excerpt":{"rendered":"<p>Sac \u00e0 roulettes pour mat\u00e9riel d&#039;incendie et de sauvetage: grande capacit\u00e9, roues et poign\u00e9e pour un transport facile du mat\u00e9riel.<\/p>","protected":false},"featured_media":4400,"template":"","meta":[],"product_brand":[234],"product_cat":[50,126],"product_tag":[287],"class_list":{"0":"post-4433","1":"product","2":"type-product","3":"status-publish","4":"has-post-thumbnail","6":"product_brand-ergodyne","7":"product_cat-personal-protective-equipment","8":"product_cat-ppe-storage","9":"product_tag-ergodyne","11":"first","12":"instock","13":"shipping-taxable","14":"product-type-simple"},"yoast_head":"<!-- This site is optimized with the Yoast SEO plugin v27.4 - https:\/\/yoast.com\/product\/yoast-seo-wordpress\/ -->\n<title>Arsenal\u00ae 5005w Wheeled F&amp;R Gear Bag - Safety Source Fire<\/title>\n<meta name=\"robots\" content=\"index, follow, max-snippet:-1, max-image-preview:large, max-video-preview:-1\" \/>\n<link rel=\"canonical\" href=\"https:\/\/safetysourcefire.ca\/fr\/?product=arsenal-5005w-wheeled-fr-gear-bag\" \/>\n<meta property=\"og:locale\" content=\"fr_CA\" \/>\n<meta property=\"og:type\" content=\"article\" \/>\n<meta property=\"og:title\" content=\"Arsenal\u00ae 5005w Wheeled F&amp;R Gear Bag - Safety Source Fire\" \/>\n<meta property=\"og:description\" content=\"Wheeled Fire &amp; Rescue Gear Bag: Large capacity, wheels, and handle for easy gear transport.\" \/>\n<meta property=\"og:url\" content=\"https:\/\/safetysourcefire.ca\/fr\/?product=arsenal-5005w-wheeled-fr-gear-bag\" \/>\n<meta property=\"og:site_name\" content=\"Safety Source Fire\" \/>\n<meta property=\"article:publisher\" content=\"https:\/\/www.facebook.com\/mmfssca\" \/>\n<meta property=\"article:modified_time\" content=\"2018-03-19T13:17:41+00:00\" \/>\n<meta property=\"og:image\" content=\"https:\/\/safetysourcefire.ca\/wp-content\/uploads\/2017\/07\/GB5005W.jpg\" \/>\n\t<meta property=\"og:image:width\" content=\"600\" \/>\n\t<meta property=\"og:image:height\" content=\"600\" \/>\n\t<meta property=\"og:image:type\" content=\"image\/jpeg\" \/>\n<meta name=\"twitter:card\" content=\"summary_large_image\" \/>\n<meta name=\"twitter:site\" content=\"@mmfssca\" \/>\n<script type=\"application\/ld+json\" class=\"yoast-schema-graph\">{\"@context\":\"https:\\\/\\\/schema.org\",\"@graph\":[{\"@type\":\"WebPage\",\"@id\":\"https:\\\/\\\/safetysourcefire.ca\\\/?product=arsenal-5005w-wheeled-fr-gear-bag\",\"url\":\"https:\\\/\\\/safetysourcefire.ca\\\/?product=arsenal-5005w-wheeled-fr-gear-bag\",\"name\":\"Arsenal\u00ae 5005w Wheeled F&R Gear Bag - Safety Source Fire\",\"isPartOf\":{\"@id\":\"https:\\\/\\\/safetysourcefire.ca\\\/#website\"},\"primaryImageOfPage\":{\"@id\":\"https:\\\/\\\/safetysourcefire.ca\\\/?product=arsenal-5005w-wheeled-fr-gear-bag#primaryimage\"},\"image\":{\"@id\":\"https:\\\/\\\/safetysourcefire.ca\\\/?product=arsenal-5005w-wheeled-fr-gear-bag#primaryimage\"},\"thumbnailUrl\":\"https:\\\/\\\/safetysourcefire.ca\\\/wp-content\\\/uploads\\\/2017\\\/07\\\/GB5005W.jpg\",\"datePublished\":\"2017-07-06T13:20:48+00:00\",\"dateModified\":\"2018-03-19T13:17:41+00:00\",\"breadcrumb\":{\"@id\":\"https:\\\/\\\/safetysourcefire.ca\\\/?product=arsenal-5005w-wheeled-fr-gear-bag#breadcrumb\"},\"inLanguage\":\"fr-CA\",\"potentialAction\":[{\"@type\":\"ReadAction\",\"target\":[\"https:\\\/\\\/safetysourcefire.ca\\\/?product=arsenal-5005w-wheeled-fr-gear-bag\"]}]},{\"@type\":\"ImageObject\",\"inLanguage\":\"fr-CA\",\"@id\":\"https:\\\/\\\/safetysourcefire.ca\\\/?product=arsenal-5005w-wheeled-fr-gear-bag#primaryimage\",\"url\":\"https:\\\/\\\/safetysourcefire.ca\\\/wp-content\\\/uploads\\\/2017\\\/07\\\/GB5005W.jpg\",\"contentUrl\":\"https:\\\/\\\/safetysourcefire.ca\\\/wp-content\\\/uploads\\\/2017\\\/07\\\/GB5005W.jpg\",\"width\":600,\"height\":600,\"caption\":\"red bag\"},{\"@type\":\"BreadcrumbList\",\"@id\":\"https:\\\/\\\/safetysourcefire.ca\\\/?product=arsenal-5005w-wheeled-fr-gear-bag#breadcrumb\",\"itemListElement\":[{\"@type\":\"ListItem\",\"position\":1,\"name\":\"Home\",\"item\":\"https:\\\/\\\/safetysourcefire.ca\\\/\"},{\"@type\":\"ListItem\",\"position\":2,\"name\":\"Products\",\"item\":\"https:\\\/\\\/safetysourcefire.ca\\\/shop\\\/\"},{\"@type\":\"ListItem\",\"position\":3,\"name\":\"Arsenal\u00ae 5005w Wheeled F&#038;R Gear Bag\"}]},{\"@type\":\"WebSite\",\"@id\":\"https:\\\/\\\/safetysourcefire.ca\\\/#website\",\"url\":\"https:\\\/\\\/safetysourcefire.ca\\\/\",\"name\":\"Safety Source Fire\",\"description\":\"\",\"publisher\":{\"@id\":\"https:\\\/\\\/safetysourcefire.ca\\\/#organization\"},\"potentialAction\":[{\"@type\":\"SearchAction\",\"target\":{\"@type\":\"EntryPoint\",\"urlTemplate\":\"https:\\\/\\\/safetysourcefire.ca\\\/?s={search_term_string}\"},\"query-input\":{\"@type\":\"PropertyValueSpecification\",\"valueRequired\":true,\"valueName\":\"search_term_string\"}}],\"inLanguage\":\"fr-CA\"},{\"@type\":\"Organization\",\"@id\":\"https:\\\/\\\/safetysourcefire.ca\\\/#organization\",\"name\":\"Safety Source Fire\",\"url\":\"https:\\\/\\\/safetysourcefire.ca\\\/\",\"logo\":{\"@type\":\"ImageObject\",\"inLanguage\":\"fr-CA\",\"@id\":\"https:\\\/\\\/safetysourcefire.ca\\\/#\\\/schema\\\/logo\\\/image\\\/\",\"url\":\"https:\\\/\\\/safetysourcefire.ca\\\/wp-content\\\/uploads\\\/2021\\\/01\\\/SSF_logo_CC0000-3.png\",\"contentUrl\":\"https:\\\/\\\/safetysourcefire.ca\\\/wp-content\\\/uploads\\\/2021\\\/01\\\/SSF_logo_CC0000-3.png\",\"width\":1107,\"height\":365,\"caption\":\"Safety Source Fire\"},\"image\":{\"@id\":\"https:\\\/\\\/safetysourcefire.ca\\\/#\\\/schema\\\/logo\\\/image\\\/\"},\"sameAs\":[\"https:\\\/\\\/www.facebook.com\\\/mmfssca\",\"https:\\\/\\\/x.com\\\/mmfssca\"]}]}<\/script>\n<!-- \/ Yoast SEO plugin. -->","yoast_head_json":{"title":"Sac \u00e0 roulettes pour \u00e9quipement de s\u00e9curit\u00e9 incendie Arsenal\u00ae 5005w","robots":{"index":"index","follow":"follow","max-snippet":"max-snippet:-1","max-image-preview":"max-image-preview:large","max-video-preview":"max-video-preview:-1"},"canonical":"https:\/\/safetysourcefire.ca\/fr\/?product=arsenal-5005w-wheeled-fr-gear-bag","og_locale":"fr_CA","og_type":"article","og_title":"Arsenal\u00ae 5005w Wheeled F&R Gear Bag - Safety Source Fire","og_description":"Wheeled Fire &amp; Rescue Gear Bag: Large capacity, wheels, and handle for easy gear transport.","og_url":"https:\/\/safetysourcefire.ca\/fr\/?product=arsenal-5005w-wheeled-fr-gear-bag","og_site_name":"Safety Source Fire","article_publisher":"https:\/\/www.facebook.com\/mmfssca","article_modified_time":"2018-03-19T13:17:41+00:00","og_image":[{"width":600,"height":600,"url":"https:\/\/safetysourcefire.ca\/wp-content\/uploads\/2017\/07\/GB5005W.jpg","type":"image\/jpeg"}],"twitter_card":"summary_large_image","twitter_site":"@mmfssca","schema":{"@context":"https:\/\/schema.org","@graph":[{"@type":"WebPage","@id":"https:\/\/safetysourcefire.ca\/?product=arsenal-5005w-wheeled-fr-gear-bag","url":"https:\/\/safetysourcefire.ca\/?product=arsenal-5005w-wheeled-fr-gear-bag","name":"Sac \u00e0 roulettes pour \u00e9quipement de s\u00e9curit\u00e9 incendie Arsenal\u00ae 5005w","isPartOf":{"@id":"https:\/\/safetysourcefire.ca\/#website"},"primaryImageOfPage":{"@id":"https:\/\/safetysourcefire.ca\/?product=arsenal-5005w-wheeled-fr-gear-bag#primaryimage"},"image":{"@id":"https:\/\/safetysourcefire.ca\/?product=arsenal-5005w-wheeled-fr-gear-bag#primaryimage"},"thumbnailUrl":"https:\/\/safetysourcefire.ca\/wp-content\/uploads\/2017\/07\/GB5005W.jpg","datePublished":"2017-07-06T13:20:48+00:00","dateModified":"2018-03-19T13:17:41+00:00","breadcrumb":{"@id":"https:\/\/safetysourcefire.ca\/?product=arsenal-5005w-wheeled-fr-gear-bag#breadcrumb"},"inLanguage":"fr-CA","potentialAction":[{"@type":"ReadAction","target":["https:\/\/safetysourcefire.ca\/?product=arsenal-5005w-wheeled-fr-gear-bag"]}]},{"@type":"ImageObject","inLanguage":"fr-CA","@id":"https:\/\/safetysourcefire.ca\/?product=arsenal-5005w-wheeled-fr-gear-bag#primaryimage","url":"https:\/\/safetysourcefire.ca\/wp-content\/uploads\/2017\/07\/GB5005W.jpg","contentUrl":"https:\/\/safetysourcefire.ca\/wp-content\/uploads\/2017\/07\/GB5005W.jpg","width":600,"height":600,"caption":"red bag"},{"@type":"BreadcrumbList","@id":"https:\/\/safetysourcefire.ca\/?product=arsenal-5005w-wheeled-fr-gear-bag#breadcrumb","itemListElement":[{"@type":"ListItem","position":1,"name":"Home","item":"https:\/\/safetysourcefire.ca\/"},{"@type":"ListItem","position":2,"name":"Products","item":"https:\/\/safetysourcefire.ca\/shop\/"},{"@type":"ListItem","position":3,"name":"Arsenal\u00ae 5005w Wheeled F&#038;R Gear Bag"}]},{"@type":"WebSite","@id":"https:\/\/safetysourcefire.ca\/#website","url":"https:\/\/safetysourcefire.ca\/","name":"Safety Source Fire","description":"","publisher":{"@id":"https:\/\/safetysourcefire.ca\/#organization"},"potentialAction":[{"@type":"SearchAction","target":{"@type":"EntryPoint","urlTemplate":"https:\/\/safetysourcefire.ca\/?s={search_term_string}"},"query-input":{"@type":"PropertyValueSpecification","valueRequired":true,"valueName":"search_term_string"}}],"inLanguage":"fr-CA"},{"@type":"Organization","@id":"https:\/\/safetysourcefire.ca\/#organization","name":"Safety Source Fire","url":"https:\/\/safetysourcefire.ca\/","logo":{"@type":"ImageObject","inLanguage":"fr-CA","@id":"https:\/\/safetysourcefire.ca\/#\/schema\/logo\/image\/","url":"https:\/\/safetysourcefire.ca\/wp-content\/uploads\/2021\/01\/SSF_logo_CC0000-3.png","contentUrl":"https:\/\/safetysourcefire.ca\/wp-content\/uploads\/2021\/01\/SSF_logo_CC0000-3.png","width":1107,"height":365,"caption":"Safety Source Fire"},"image":{"@id":"https:\/\/safetysourcefire.ca\/#\/schema\/logo\/image\/"},"sameAs":["https:\/\/www.facebook.com\/mmfssca","https:\/\/x.com\/mmfssca"]}]}},"_links":{"self":[{"href":"https:\/\/safetysourcefire.ca\/fr\/wp-json\/wp\/v2\/product\/4433","targetHints":{"allow":["GET"]}}],"collection":[{"href":"https:\/\/safetysourcefire.ca\/fr\/wp-json\/wp\/v2\/product"}],"about":[{"href":"https:\/\/safetysourcefire.ca\/fr\/wp-json\/wp\/v2\/types\/product"}],"wp:featuredmedia":[{"embeddable":true,"href":"https:\/\/safetysourcefire.ca\/fr\/wp-json\/wp\/v2\/media\/4400"}],"wp:attachment":[{"href":"https:\/\/safetysourcefire.ca\/fr\/wp-json\/wp\/v2\/media?parent=4433"}],"wp:term":[{"taxonomy":"product_brand","embeddable":true,"href":"https:\/\/safetysourcefire.ca\/fr\/wp-json\/wp\/v2\/product_brand?post=4433"},{"taxonomy":"product_cat","embeddable":true,"href":"https:\/\/safetysourcefire.ca\/fr\/wp-json\/wp\/v2\/product_cat?post=4433"},{"taxonomy":"product_tag","embeddable":true,"href":"https:\/\/safetysourcefire.ca\/fr\/wp-json\/wp\/v2\/product_tag?post=4433"}],"curies":[{"name":"wp","href":"https:\/\/api.w.org\/{rel}","templated":true}]}}