{"id":4445,"date":"2017-07-06T13:45:59","date_gmt":"2017-07-06T13:45:59","guid":{"rendered":"https:\/\/mmfss.ca\/?post_type=product&#038;p=4445"},"modified":"2018-03-19T13:03:06","modified_gmt":"2018-03-19T13:03:06","slug":"lt-series-structural-fire-helmet","status":"publish","type":"product","link":"https:\/\/safetysourcefire.ca\/fr\/produit\/lt-series-structural-fire-helmet\/","title":{"rendered":"Casque structurel s\u00e9rie LT"},"content":{"rendered":"<p><strong>Robuste et durable<\/strong><\/p>\n<p>La coque ext\u00e9rieure du LT est faite du m\u00eame thermoplastique Ultem\u00ae \u00e0 haute temp\u00e9rature utilis\u00e9 dans les casques de pompier Bullard PX et les cam\u00e9ras thermiques. Ce thermoplastique offre une r\u00e9sistance in\u00e9gal\u00e9e aux chocs et aux bris. Le capuchon d'impact en nylon brevet\u00e9 fonctionne comme un capuchon d'impact traditionnel, aidant \u00e0 prot\u00e9ger contre les chutes d'objets et l'\u00e9chauffement, tout en offrant une surface lisse et facile \u00e0 nettoyer.<\/p>\n<p><strong>Approuv\u00e9 par la NFPA<\/strong><\/p>\n<p>Le casque de pompier LT d\u00e9passe la norme NFPA 1971, <em>Norme sur l'ensemble de protection pour la lutte contre l'incendie de structure et la lutte contre l'incendie de proximit\u00e9.<\/em><\/p>\n<p><strong>Ajustement rapide et facile<\/strong><\/p>\n<p>Le LT est con\u00e7u pour un \u00e9quilibre, un confort, une stabilit\u00e9 et une compatibilit\u00e9 exceptionnelle avec l'\u00e9quipement respiratoire. Le serre-t\u00eate \u00e0 cliquet Bullard Sure-Lock\u00ae offre \u00e0 la fois un bouton \u00e0 rotation rapide et un r\u00e9glage de hauteur \u00e0 trois positions pour cr\u00e9er un ajustement compl\u00e8tement personnalis\u00e9. Le casque LT est \u00e9quip\u00e9 de base avec une housse \u00e0 cliquet en cuir.<\/p>\n<p><strong>La protection des yeux en toute simplicit\u00e9<\/strong><\/p>\n<p>Les casques Bullard LT Series sont livr\u00e9s de base avec le syst\u00e8me innovant Quick-Attach Blade\u2122. Ce syst\u00e8me permet \u00e0 l'utilisateur d'ajouter ou enlever instantan\u00e9ment un \u00e9cran facial mont\u00e9 sur lame ou des lunettes mont\u00e9es sur lame. Cette flexibilit\u00e9 donne au sapeur-pompier l'avantage de la bonne option pour la bonne application sans changements fastidieux de composants. Le LT est livr\u00e9 avec un \u00e9cran facial ou des lunettes ESS.<\/p>\n<p><strong>Entretien rentable<\/strong><\/p>\n<p>Les casques LT sont con\u00e7us d\u00e8s le d\u00e9part pour rendre l'entretien facile et rentable. Il poss\u00e8de l'un des co\u00fbts totaux de possession les plus bas de l'industrie. De plus, les \u00e9crans faciaux moul\u00e9s sp\u00e9ciaux signifient moins de fissures sous contrainte et des \u00e9crans faciaux plus durables.<\/p>\n<p><strong>Con\u00e7u pour le confort et la protection<\/strong><\/p>\n<p>Le M-PACT Shell\u2122 brevet\u00e9 par Bullard avec la conception SmartRidge offrent une protection thermique et contre les chocs, tout en permettant plus d'espace pour la t\u00eate, pour un ajustement confortable.<\/p>\n<p><strong>\u00c9clairage de casque int\u00e9gr\u00e9 disponible<\/strong><\/p>\n<p>Le casque de pompier LT est disponible avec l&#039;\u00e9clairage de casque Bullard TrakLite\u2122. Dot\u00e9 de plusieurs lumi\u00e8res LED lumineuses, durables et orient\u00e9es vers l&#039;avant, TrakLite est int\u00e9gr\u00e9 \u00e0 la conception du casque pour un excellent \u00e9quilibre du poids et un excellent \u00e9clairage. Les fonctions de s\u00e9curit\u00e9 suppl\u00e9mentaires incluent le voyant lumineux arri\u00e8re, une longue dur\u00e9e de vie des piles (utilise quatre piles AAA) et un fonctionnement marche\/arr\u00eat facile.<\/p>\n<p><strong>Ajustement personnalis\u00e9<\/strong><\/p>\n<p>Tous les casques de pompiers Bullard sont \u00e9quip\u00e9s du syst\u00e8me U-Fit, offrant 12 options de r\u00e9glages confortables et personnalis\u00e9s. Avoir autant d'options, c'est persque comme avoir un casque sur mesure, con\u00e7u sp\u00e9cialement pour vous!<\/p>","protected":false},"excerpt":{"rendered":"<p>La coque ext\u00e9rieure du casque LT est faite du m\u00eame thermoplastique Ultem\u00ae \u00e0 haute temp\u00e9rature utilis\u00e9 dans les casques de pompier Bullard PX et les cam\u00e9ras thermiques.<\/p>","protected":false},"featured_media":4381,"template":"","meta":[],"product_brand":[201],"product_cat":[124,50],"product_tag":[265],"class_list":{"0":"post-4445","1":"product","2":"type-product","3":"status-publish","4":"has-post-thumbnail","6":"product_brand-bullard","7":"product_cat-helmets","8":"product_cat-personal-protective-equipment","9":"product_tag-bullard","11":"first","12":"instock","13":"shipping-taxable","14":"product-type-simple"},"yoast_head":"<!-- This site is optimized with the Yoast SEO plugin v27.4 - https:\/\/yoast.com\/product\/yoast-seo-wordpress\/ -->\n<title>LT Series Structural Fire Helmet - Safety Source Fire<\/title>\n<meta name=\"robots\" content=\"index, follow, max-snippet:-1, max-image-preview:large, max-video-preview:-1\" \/>\n<link rel=\"canonical\" href=\"https:\/\/safetysourcefire.ca\/fr\/?product=lt-series-structural-fire-helmet\" \/>\n<meta property=\"og:locale\" content=\"fr_CA\" \/>\n<meta property=\"og:type\" content=\"article\" \/>\n<meta property=\"og:title\" content=\"LT Series Structural Fire Helmet - Safety Source Fire\" \/>\n<meta property=\"og:description\" content=\"The outer shell of the LT is made of the same high-heat Ultem\u00ae thermoplastic used in Bullard PX fire helmets and thermal imagers.\" \/>\n<meta property=\"og:url\" content=\"https:\/\/safetysourcefire.ca\/fr\/?product=lt-series-structural-fire-helmet\" \/>\n<meta property=\"og:site_name\" content=\"Safety Source Fire\" \/>\n<meta property=\"article:publisher\" content=\"https:\/\/www.facebook.com\/mmfssca\" \/>\n<meta property=\"article:modified_time\" content=\"2018-03-19T13:03:06+00:00\" \/>\n<meta property=\"og:image\" content=\"https:\/\/safetysourcefire.ca\/wp-content\/uploads\/2017\/07\/Bullard-LTX-Helmet.jpg\" \/>\n\t<meta property=\"og:image:width\" content=\"600\" \/>\n\t<meta property=\"og:image:height\" content=\"600\" \/>\n\t<meta property=\"og:image:type\" content=\"image\/jpeg\" \/>\n<meta name=\"twitter:card\" content=\"summary_large_image\" \/>\n<meta name=\"twitter:site\" content=\"@mmfssca\" \/>\n<meta name=\"twitter:label1\" content=\"Estimation du temps de lecture\" \/>\n\t<meta name=\"twitter:data1\" content=\"2 minutes\" \/>\n<script type=\"application\/ld+json\" class=\"yoast-schema-graph\">{\"@context\":\"https:\\\/\\\/schema.org\",\"@graph\":[{\"@type\":\"WebPage\",\"@id\":\"https:\\\/\\\/safetysourcefire.ca\\\/?product=lt-series-structural-fire-helmet\",\"url\":\"https:\\\/\\\/safetysourcefire.ca\\\/?product=lt-series-structural-fire-helmet\",\"name\":\"LT Series Structural Fire Helmet - Safety Source Fire\",\"isPartOf\":{\"@id\":\"https:\\\/\\\/safetysourcefire.ca\\\/#website\"},\"primaryImageOfPage\":{\"@id\":\"https:\\\/\\\/safetysourcefire.ca\\\/?product=lt-series-structural-fire-helmet#primaryimage\"},\"image\":{\"@id\":\"https:\\\/\\\/safetysourcefire.ca\\\/?product=lt-series-structural-fire-helmet#primaryimage\"},\"thumbnailUrl\":\"https:\\\/\\\/safetysourcefire.ca\\\/wp-content\\\/uploads\\\/2017\\\/07\\\/Bullard-LTX-Helmet.jpg\",\"datePublished\":\"2017-07-06T13:45:59+00:00\",\"dateModified\":\"2018-03-19T13:03:06+00:00\",\"breadcrumb\":{\"@id\":\"https:\\\/\\\/safetysourcefire.ca\\\/?product=lt-series-structural-fire-helmet#breadcrumb\"},\"inLanguage\":\"fr-CA\",\"potentialAction\":[{\"@type\":\"ReadAction\",\"target\":[\"https:\\\/\\\/safetysourcefire.ca\\\/?product=lt-series-structural-fire-helmet\"]}]},{\"@type\":\"ImageObject\",\"inLanguage\":\"fr-CA\",\"@id\":\"https:\\\/\\\/safetysourcefire.ca\\\/?product=lt-series-structural-fire-helmet#primaryimage\",\"url\":\"https:\\\/\\\/safetysourcefire.ca\\\/wp-content\\\/uploads\\\/2017\\\/07\\\/Bullard-LTX-Helmet.jpg\",\"contentUrl\":\"https:\\\/\\\/safetysourcefire.ca\\\/wp-content\\\/uploads\\\/2017\\\/07\\\/Bullard-LTX-Helmet.jpg\",\"width\":600,\"height\":600,\"caption\":\"helmet\"},{\"@type\":\"BreadcrumbList\",\"@id\":\"https:\\\/\\\/safetysourcefire.ca\\\/?product=lt-series-structural-fire-helmet#breadcrumb\",\"itemListElement\":[{\"@type\":\"ListItem\",\"position\":1,\"name\":\"Home\",\"item\":\"https:\\\/\\\/safetysourcefire.ca\\\/\"},{\"@type\":\"ListItem\",\"position\":2,\"name\":\"Products\",\"item\":\"https:\\\/\\\/safetysourcefire.ca\\\/shop\\\/\"},{\"@type\":\"ListItem\",\"position\":3,\"name\":\"LT Series Structural Fire Helmet\"}]},{\"@type\":\"WebSite\",\"@id\":\"https:\\\/\\\/safetysourcefire.ca\\\/#website\",\"url\":\"https:\\\/\\\/safetysourcefire.ca\\\/\",\"name\":\"Safety Source Fire\",\"description\":\"\",\"publisher\":{\"@id\":\"https:\\\/\\\/safetysourcefire.ca\\\/#organization\"},\"potentialAction\":[{\"@type\":\"SearchAction\",\"target\":{\"@type\":\"EntryPoint\",\"urlTemplate\":\"https:\\\/\\\/safetysourcefire.ca\\\/?s={search_term_string}\"},\"query-input\":{\"@type\":\"PropertyValueSpecification\",\"valueRequired\":true,\"valueName\":\"search_term_string\"}}],\"inLanguage\":\"fr-CA\"},{\"@type\":\"Organization\",\"@id\":\"https:\\\/\\\/safetysourcefire.ca\\\/#organization\",\"name\":\"Safety Source Fire\",\"url\":\"https:\\\/\\\/safetysourcefire.ca\\\/\",\"logo\":{\"@type\":\"ImageObject\",\"inLanguage\":\"fr-CA\",\"@id\":\"https:\\\/\\\/safetysourcefire.ca\\\/#\\\/schema\\\/logo\\\/image\\\/\",\"url\":\"https:\\\/\\\/safetysourcefire.ca\\\/wp-content\\\/uploads\\\/2021\\\/01\\\/SSF_logo_CC0000-3.png\",\"contentUrl\":\"https:\\\/\\\/safetysourcefire.ca\\\/wp-content\\\/uploads\\\/2021\\\/01\\\/SSF_logo_CC0000-3.png\",\"width\":1107,\"height\":365,\"caption\":\"Safety Source Fire\"},\"image\":{\"@id\":\"https:\\\/\\\/safetysourcefire.ca\\\/#\\\/schema\\\/logo\\\/image\\\/\"},\"sameAs\":[\"https:\\\/\\\/www.facebook.com\\\/mmfssca\",\"https:\\\/\\\/x.com\\\/mmfssca\"]}]}<\/script>\n<!-- \/ Yoast SEO plugin. -->","yoast_head_json":{"title":"LT Series Structural Fire Helmet - Safety Source Fire","robots":{"index":"index","follow":"follow","max-snippet":"max-snippet:-1","max-image-preview":"max-image-preview:large","max-video-preview":"max-video-preview:-1"},"canonical":"https:\/\/safetysourcefire.ca\/fr\/?product=lt-series-structural-fire-helmet","og_locale":"fr_CA","og_type":"article","og_title":"LT Series Structural Fire Helmet - Safety Source Fire","og_description":"The outer shell of the LT is made of the same high-heat Ultem\u00ae thermoplastic used in Bullard PX fire helmets and thermal imagers.","og_url":"https:\/\/safetysourcefire.ca\/fr\/?product=lt-series-structural-fire-helmet","og_site_name":"Safety Source Fire","article_publisher":"https:\/\/www.facebook.com\/mmfssca","article_modified_time":"2018-03-19T13:03:06+00:00","og_image":[{"width":600,"height":600,"url":"https:\/\/safetysourcefire.ca\/wp-content\/uploads\/2017\/07\/Bullard-LTX-Helmet.jpg","type":"image\/jpeg"}],"twitter_card":"summary_large_image","twitter_site":"@mmfssca","twitter_misc":{"Estimation du temps de lecture":"2 minutes"},"schema":{"@context":"https:\/\/schema.org","@graph":[{"@type":"WebPage","@id":"https:\/\/safetysourcefire.ca\/?product=lt-series-structural-fire-helmet","url":"https:\/\/safetysourcefire.ca\/?product=lt-series-structural-fire-helmet","name":"LT Series Structural Fire Helmet - Safety Source Fire","isPartOf":{"@id":"https:\/\/safetysourcefire.ca\/#website"},"primaryImageOfPage":{"@id":"https:\/\/safetysourcefire.ca\/?product=lt-series-structural-fire-helmet#primaryimage"},"image":{"@id":"https:\/\/safetysourcefire.ca\/?product=lt-series-structural-fire-helmet#primaryimage"},"thumbnailUrl":"https:\/\/safetysourcefire.ca\/wp-content\/uploads\/2017\/07\/Bullard-LTX-Helmet.jpg","datePublished":"2017-07-06T13:45:59+00:00","dateModified":"2018-03-19T13:03:06+00:00","breadcrumb":{"@id":"https:\/\/safetysourcefire.ca\/?product=lt-series-structural-fire-helmet#breadcrumb"},"inLanguage":"fr-CA","potentialAction":[{"@type":"ReadAction","target":["https:\/\/safetysourcefire.ca\/?product=lt-series-structural-fire-helmet"]}]},{"@type":"ImageObject","inLanguage":"fr-CA","@id":"https:\/\/safetysourcefire.ca\/?product=lt-series-structural-fire-helmet#primaryimage","url":"https:\/\/safetysourcefire.ca\/wp-content\/uploads\/2017\/07\/Bullard-LTX-Helmet.jpg","contentUrl":"https:\/\/safetysourcefire.ca\/wp-content\/uploads\/2017\/07\/Bullard-LTX-Helmet.jpg","width":600,"height":600,"caption":"helmet"},{"@type":"BreadcrumbList","@id":"https:\/\/safetysourcefire.ca\/?product=lt-series-structural-fire-helmet#breadcrumb","itemListElement":[{"@type":"ListItem","position":1,"name":"Home","item":"https:\/\/safetysourcefire.ca\/"},{"@type":"ListItem","position":2,"name":"Products","item":"https:\/\/safetysourcefire.ca\/shop\/"},{"@type":"ListItem","position":3,"name":"LT Series Structural Fire Helmet"}]},{"@type":"WebSite","@id":"https:\/\/safetysourcefire.ca\/#website","url":"https:\/\/safetysourcefire.ca\/","name":"Safety Source Fire","description":"","publisher":{"@id":"https:\/\/safetysourcefire.ca\/#organization"},"potentialAction":[{"@type":"SearchAction","target":{"@type":"EntryPoint","urlTemplate":"https:\/\/safetysourcefire.ca\/?s={search_term_string}"},"query-input":{"@type":"PropertyValueSpecification","valueRequired":true,"valueName":"search_term_string"}}],"inLanguage":"fr-CA"},{"@type":"Organization","@id":"https:\/\/safetysourcefire.ca\/#organization","name":"Safety Source Fire","url":"https:\/\/safetysourcefire.ca\/","logo":{"@type":"ImageObject","inLanguage":"fr-CA","@id":"https:\/\/safetysourcefire.ca\/#\/schema\/logo\/image\/","url":"https:\/\/safetysourcefire.ca\/wp-content\/uploads\/2021\/01\/SSF_logo_CC0000-3.png","contentUrl":"https:\/\/safetysourcefire.ca\/wp-content\/uploads\/2021\/01\/SSF_logo_CC0000-3.png","width":1107,"height":365,"caption":"Safety Source Fire"},"image":{"@id":"https:\/\/safetysourcefire.ca\/#\/schema\/logo\/image\/"},"sameAs":["https:\/\/www.facebook.com\/mmfssca","https:\/\/x.com\/mmfssca"]}]}},"_links":{"self":[{"href":"https:\/\/safetysourcefire.ca\/fr\/wp-json\/wp\/v2\/product\/4445","targetHints":{"allow":["GET"]}}],"collection":[{"href":"https:\/\/safetysourcefire.ca\/fr\/wp-json\/wp\/v2\/product"}],"about":[{"href":"https:\/\/safetysourcefire.ca\/fr\/wp-json\/wp\/v2\/types\/product"}],"wp:featuredmedia":[{"embeddable":true,"href":"https:\/\/safetysourcefire.ca\/fr\/wp-json\/wp\/v2\/media\/4381"}],"wp:attachment":[{"href":"https:\/\/safetysourcefire.ca\/fr\/wp-json\/wp\/v2\/media?parent=4445"}],"wp:term":[{"taxonomy":"product_brand","embeddable":true,"href":"https:\/\/safetysourcefire.ca\/fr\/wp-json\/wp\/v2\/product_brand?post=4445"},{"taxonomy":"product_cat","embeddable":true,"href":"https:\/\/safetysourcefire.ca\/fr\/wp-json\/wp\/v2\/product_cat?post=4445"},{"taxonomy":"product_tag","embeddable":true,"href":"https:\/\/safetysourcefire.ca\/fr\/wp-json\/wp\/v2\/product_tag?post=4445"}],"curies":[{"name":"wp","href":"https:\/\/api.w.org\/{rel}","templated":true}]}}