{"id":4448,"date":"2017-07-06T13:48:58","date_gmt":"2017-07-06T13:48:58","guid":{"rendered":"https:\/\/mmfss.ca\/?post_type=product&#038;p=4448"},"modified":"2018-03-19T13:03:05","modified_gmt":"2018-03-19T13:03:05","slug":"fx-series-structural-fire-helmet","status":"publish","type":"product","link":"https:\/\/safetysourcefire.ca\/fr\/produit\/fx-series-structural-fire-helmet\/","title":{"rendered":"Casque de pompier structurel s\u00e9rie FX  \u00a0"},"content":{"rendered":"<p><strong>Style contemporain<\/strong><\/p>\n<p>La conception du casque FX permet centre de gravit\u00e9 bas. Ceci est essentiel pour fournir un ajustement stable et confortable dans l'environnement incertain d'une sc\u00e8ne d'incendie. La taille du cliquet le rend facile \u00e0 tourner et le couvercle en cuir augmentent le confort et la s\u00e9curit\u00e9.<\/p>\n<p><strong>Fibre de verre r\u00e9sistante et durable<\/strong><\/p>\n<p>La coque ext\u00e9rieure du FX est en fibre de verre. La fibre de verre, un mat\u00e9riau composite, est plus r\u00e9sistante aux attaques chimiques et reste stable m\u00eame si expos\u00e9e aux chaleurs extr\u00eames. Les casques FX ont des coques ext\u00e9rieures color\u00e9es, de sorte que les entailles et les \u00e9clats sont moins visibles.<\/p>\n<p><strong>Approuv\u00e9 par la NFPA<\/strong><\/p>\n<p>Le casque de pompier FX d\u00e9passe la norme NFPA 1971, <em>Norme sur l'ensemble de protection pour la lutte contre l'incendie de structure et la lutte contre l'incendie de proximit\u00e9.<\/em><\/p>\n<p><strong>Ajustement rapide et facile<\/strong><\/p>\n<p>Le FX est con\u00e7u pour un \u00e9quilibre, un confort, une stabilit\u00e9 et une compatibilit\u00e9 exceptionnelle avec l'\u00e9quipement respiratoire. Le serre-t\u00eate \u00e0 cliquet Bullard Sure-Lock\u00ae offre \u00e0 la fois une taille de cliquet facile \u00e0 tourner et un r\u00e9glage de hauteur \u00e0 trois positions pour cr\u00e9er un ajustement compl\u00e8tement personnalis\u00e9. Le casque FX est \u00e9quip\u00e9 d'une housse \u00e0 cliquet en cuir.<\/p>\n<p><strong>Visibilit\u00e9 maximale<\/strong><\/p>\n<p>Les casques FX sont dot\u00e9s de bandes Scotchlite\u00ae qui conservent la r\u00e9flectivit\u00e9 jusqu'\u00e0 500 \u00baF (260 \u00baC). Cela fait du Scotchlite le mat\u00e9riel le plus r\u00e9sistant disponible pour le marquage des casques. Les casques FX sont \u00e9galement dot\u00e9s de l'\u00e9cran facial unique R330 optiquement correct. Le R330 \u00e9limine la distorsion trouv\u00e9e dans certains \u00e9crans faciaux et r\u00e9duit le stress ainsi que la fatigue oculaires.<\/p>\n<p><strong>\u00c9clairage de casque int\u00e9gr\u00e9 disponible<\/strong><\/p>\n<p>Le casque de pompier FX est disponible avec l'\u00e9clairage de casque Bullard TrakLite\u2122. Dot\u00e9 de plusieurs lumi\u00e8res LED lumineuses, durables et orient\u00e9es vers l'avant, TrakLite est int\u00e9gr\u00e9 \u00e0 la conception du casque pour un excellent \u00e9quilibre du poids et un excellent \u00e9clairage. Les fonctions de s\u00e9curit\u00e9 suppl\u00e9mentaires incluent le voyant lumineux arri\u00e8re, une longue dur\u00e9e de vie des piles (quatre piles AAA) et un fonctionnement marche\/arr\u00eat facile.<\/p>\n<p><strong>Entretien rentable<\/strong><\/p>\n<p>Les casques FX sont con\u00e7us d\u00e8s le d\u00e9part pour rendre l'entretien facile et rentable. Poss\u00e9dant l'un des co\u00fbts de possession les plus bas de l'industrie, votre casque FX est un investissement id\u00e9al. De plus, les \u00e9crans faciaux moul\u00e9s permettent moins de fissures sous contrainte: ils sont donc plus durables et plus rentables.<\/p>\n<p><strong>Confort personnalis\u00e9<\/strong><\/p>\n<p>Tous les casques de pompiers Bullard sont \u00e9quip\u00e9s du syst\u00e8me U-Fit, offrant 12 possibilit\u00e9s de r\u00e9glages personnalis\u00e9s. Avec autant d'options, vous pourrez r\u00e9gler parfaitement l'\u00e9quilibre de votre casque. C'est comme avoir un casque sur mesure, con\u00e7u sp\u00e9cialement pour vous. Le FX dispose \u00e9galement d'un syst\u00e8me de suspension confortable \u00e0 6 points avec coussin de t\u00eate rembourr\u00e9 pour un confort optimal.<\/p>","protected":false},"excerpt":{"rendered":"<p>En plus de son style \u00e9l\u00e9gant, le casque de pompier FX offre confort, l\u00e9g\u00e8ret\u00e9 et un centre de gravit\u00e9 bas.<\/p>","protected":false},"featured_media":4380,"template":"","meta":[],"product_brand":[201],"product_cat":[124,50],"product_tag":[265],"class_list":{"0":"post-4448","1":"product","2":"type-product","3":"status-publish","4":"has-post-thumbnail","6":"product_brand-bullard","7":"product_cat-helmets","8":"product_cat-personal-protective-equipment","9":"product_tag-bullard","11":"first","12":"instock","13":"shipping-taxable","14":"product-type-simple"},"yoast_head":"<!-- This site is optimized with the Yoast SEO plugin v27.4 - https:\/\/yoast.com\/product\/yoast-seo-wordpress\/ -->\n<title>FX Series Structural Fire Helmet \u00a0 - Safety Source Fire<\/title>\n<meta name=\"robots\" content=\"index, follow, max-snippet:-1, max-image-preview:large, max-video-preview:-1\" \/>\n<link rel=\"canonical\" href=\"https:\/\/safetysourcefire.ca\/fr\/?product=fx-series-structural-fire-helmet\" \/>\n<meta property=\"og:locale\" content=\"fr_CA\" \/>\n<meta property=\"og:type\" content=\"article\" \/>\n<meta property=\"og:title\" content=\"FX Series Structural Fire Helmet \u00a0 - Safety Source Fire\" \/>\n<meta property=\"og:description\" content=\"The sleek design of the FX fire helmet offers lightweight comfort and a low center of gravity.\" \/>\n<meta property=\"og:url\" content=\"https:\/\/safetysourcefire.ca\/fr\/?product=fx-series-structural-fire-helmet\" \/>\n<meta property=\"og:site_name\" content=\"Safety Source Fire\" \/>\n<meta property=\"article:publisher\" content=\"https:\/\/www.facebook.com\/mmfssca\" \/>\n<meta property=\"article:modified_time\" content=\"2018-03-19T13:03:05+00:00\" \/>\n<meta property=\"og:image\" content=\"https:\/\/safetysourcefire.ca\/wp-content\/uploads\/2017\/07\/Bullard-FX-Helmet.jpg\" \/>\n\t<meta property=\"og:image:width\" content=\"600\" \/>\n\t<meta property=\"og:image:height\" content=\"600\" \/>\n\t<meta property=\"og:image:type\" content=\"image\/jpeg\" \/>\n<meta name=\"twitter:card\" content=\"summary_large_image\" \/>\n<meta name=\"twitter:site\" content=\"@mmfssca\" \/>\n<meta name=\"twitter:label1\" content=\"Estimation du temps de lecture\" \/>\n\t<meta name=\"twitter:data1\" content=\"2 minutes\" \/>\n<script type=\"application\/ld+json\" class=\"yoast-schema-graph\">{\"@context\":\"https:\\\/\\\/schema.org\",\"@graph\":[{\"@type\":\"WebPage\",\"@id\":\"https:\\\/\\\/safetysourcefire.ca\\\/?product=fx-series-structural-fire-helmet\",\"url\":\"https:\\\/\\\/safetysourcefire.ca\\\/?product=fx-series-structural-fire-helmet\",\"name\":\"FX Series Structural Fire Helmet \u00a0 - Safety Source Fire\",\"isPartOf\":{\"@id\":\"https:\\\/\\\/safetysourcefire.ca\\\/#website\"},\"primaryImageOfPage\":{\"@id\":\"https:\\\/\\\/safetysourcefire.ca\\\/?product=fx-series-structural-fire-helmet#primaryimage\"},\"image\":{\"@id\":\"https:\\\/\\\/safetysourcefire.ca\\\/?product=fx-series-structural-fire-helmet#primaryimage\"},\"thumbnailUrl\":\"https:\\\/\\\/safetysourcefire.ca\\\/wp-content\\\/uploads\\\/2017\\\/07\\\/Bullard-FX-Helmet.jpg\",\"datePublished\":\"2017-07-06T13:48:58+00:00\",\"dateModified\":\"2018-03-19T13:03:05+00:00\",\"breadcrumb\":{\"@id\":\"https:\\\/\\\/safetysourcefire.ca\\\/?product=fx-series-structural-fire-helmet#breadcrumb\"},\"inLanguage\":\"fr-CA\",\"potentialAction\":[{\"@type\":\"ReadAction\",\"target\":[\"https:\\\/\\\/safetysourcefire.ca\\\/?product=fx-series-structural-fire-helmet\"]}]},{\"@type\":\"ImageObject\",\"inLanguage\":\"fr-CA\",\"@id\":\"https:\\\/\\\/safetysourcefire.ca\\\/?product=fx-series-structural-fire-helmet#primaryimage\",\"url\":\"https:\\\/\\\/safetysourcefire.ca\\\/wp-content\\\/uploads\\\/2017\\\/07\\\/Bullard-FX-Helmet.jpg\",\"contentUrl\":\"https:\\\/\\\/safetysourcefire.ca\\\/wp-content\\\/uploads\\\/2017\\\/07\\\/Bullard-FX-Helmet.jpg\",\"width\":600,\"height\":600,\"caption\":\"helmet\"},{\"@type\":\"BreadcrumbList\",\"@id\":\"https:\\\/\\\/safetysourcefire.ca\\\/?product=fx-series-structural-fire-helmet#breadcrumb\",\"itemListElement\":[{\"@type\":\"ListItem\",\"position\":1,\"name\":\"Home\",\"item\":\"https:\\\/\\\/safetysourcefire.ca\\\/\"},{\"@type\":\"ListItem\",\"position\":2,\"name\":\"Products\",\"item\":\"https:\\\/\\\/safetysourcefire.ca\\\/shop\\\/\"},{\"@type\":\"ListItem\",\"position\":3,\"name\":\"FX Series Structural Fire Helmet \u00a0\"}]},{\"@type\":\"WebSite\",\"@id\":\"https:\\\/\\\/safetysourcefire.ca\\\/#website\",\"url\":\"https:\\\/\\\/safetysourcefire.ca\\\/\",\"name\":\"Safety Source Fire\",\"description\":\"\",\"publisher\":{\"@id\":\"https:\\\/\\\/safetysourcefire.ca\\\/#organization\"},\"potentialAction\":[{\"@type\":\"SearchAction\",\"target\":{\"@type\":\"EntryPoint\",\"urlTemplate\":\"https:\\\/\\\/safetysourcefire.ca\\\/?s={search_term_string}\"},\"query-input\":{\"@type\":\"PropertyValueSpecification\",\"valueRequired\":true,\"valueName\":\"search_term_string\"}}],\"inLanguage\":\"fr-CA\"},{\"@type\":\"Organization\",\"@id\":\"https:\\\/\\\/safetysourcefire.ca\\\/#organization\",\"name\":\"Safety Source Fire\",\"url\":\"https:\\\/\\\/safetysourcefire.ca\\\/\",\"logo\":{\"@type\":\"ImageObject\",\"inLanguage\":\"fr-CA\",\"@id\":\"https:\\\/\\\/safetysourcefire.ca\\\/#\\\/schema\\\/logo\\\/image\\\/\",\"url\":\"https:\\\/\\\/safetysourcefire.ca\\\/wp-content\\\/uploads\\\/2021\\\/01\\\/SSF_logo_CC0000-3.png\",\"contentUrl\":\"https:\\\/\\\/safetysourcefire.ca\\\/wp-content\\\/uploads\\\/2021\\\/01\\\/SSF_logo_CC0000-3.png\",\"width\":1107,\"height\":365,\"caption\":\"Safety Source Fire\"},\"image\":{\"@id\":\"https:\\\/\\\/safetysourcefire.ca\\\/#\\\/schema\\\/logo\\\/image\\\/\"},\"sameAs\":[\"https:\\\/\\\/www.facebook.com\\\/mmfssca\",\"https:\\\/\\\/x.com\\\/mmfssca\"]}]}<\/script>\n<!-- \/ Yoast SEO plugin. -->","yoast_head_json":{"title":"FX Series Structural Fire Helmet \u00a0 - Safety Source Fire","robots":{"index":"index","follow":"follow","max-snippet":"max-snippet:-1","max-image-preview":"max-image-preview:large","max-video-preview":"max-video-preview:-1"},"canonical":"https:\/\/safetysourcefire.ca\/fr\/?product=fx-series-structural-fire-helmet","og_locale":"fr_CA","og_type":"article","og_title":"FX Series Structural Fire Helmet \u00a0 - Safety Source Fire","og_description":"The sleek design of the FX fire helmet offers lightweight comfort and a low center of gravity.","og_url":"https:\/\/safetysourcefire.ca\/fr\/?product=fx-series-structural-fire-helmet","og_site_name":"Safety Source Fire","article_publisher":"https:\/\/www.facebook.com\/mmfssca","article_modified_time":"2018-03-19T13:03:05+00:00","og_image":[{"width":600,"height":600,"url":"https:\/\/safetysourcefire.ca\/wp-content\/uploads\/2017\/07\/Bullard-FX-Helmet.jpg","type":"image\/jpeg"}],"twitter_card":"summary_large_image","twitter_site":"@mmfssca","twitter_misc":{"Estimation du temps de lecture":"2 minutes"},"schema":{"@context":"https:\/\/schema.org","@graph":[{"@type":"WebPage","@id":"https:\/\/safetysourcefire.ca\/?product=fx-series-structural-fire-helmet","url":"https:\/\/safetysourcefire.ca\/?product=fx-series-structural-fire-helmet","name":"FX Series Structural Fire Helmet \u00a0 - Safety Source Fire","isPartOf":{"@id":"https:\/\/safetysourcefire.ca\/#website"},"primaryImageOfPage":{"@id":"https:\/\/safetysourcefire.ca\/?product=fx-series-structural-fire-helmet#primaryimage"},"image":{"@id":"https:\/\/safetysourcefire.ca\/?product=fx-series-structural-fire-helmet#primaryimage"},"thumbnailUrl":"https:\/\/safetysourcefire.ca\/wp-content\/uploads\/2017\/07\/Bullard-FX-Helmet.jpg","datePublished":"2017-07-06T13:48:58+00:00","dateModified":"2018-03-19T13:03:05+00:00","breadcrumb":{"@id":"https:\/\/safetysourcefire.ca\/?product=fx-series-structural-fire-helmet#breadcrumb"},"inLanguage":"fr-CA","potentialAction":[{"@type":"ReadAction","target":["https:\/\/safetysourcefire.ca\/?product=fx-series-structural-fire-helmet"]}]},{"@type":"ImageObject","inLanguage":"fr-CA","@id":"https:\/\/safetysourcefire.ca\/?product=fx-series-structural-fire-helmet#primaryimage","url":"https:\/\/safetysourcefire.ca\/wp-content\/uploads\/2017\/07\/Bullard-FX-Helmet.jpg","contentUrl":"https:\/\/safetysourcefire.ca\/wp-content\/uploads\/2017\/07\/Bullard-FX-Helmet.jpg","width":600,"height":600,"caption":"helmet"},{"@type":"BreadcrumbList","@id":"https:\/\/safetysourcefire.ca\/?product=fx-series-structural-fire-helmet#breadcrumb","itemListElement":[{"@type":"ListItem","position":1,"name":"Home","item":"https:\/\/safetysourcefire.ca\/"},{"@type":"ListItem","position":2,"name":"Products","item":"https:\/\/safetysourcefire.ca\/shop\/"},{"@type":"ListItem","position":3,"name":"FX Series Structural Fire Helmet \u00a0"}]},{"@type":"WebSite","@id":"https:\/\/safetysourcefire.ca\/#website","url":"https:\/\/safetysourcefire.ca\/","name":"Safety Source Fire","description":"","publisher":{"@id":"https:\/\/safetysourcefire.ca\/#organization"},"potentialAction":[{"@type":"SearchAction","target":{"@type":"EntryPoint","urlTemplate":"https:\/\/safetysourcefire.ca\/?s={search_term_string}"},"query-input":{"@type":"PropertyValueSpecification","valueRequired":true,"valueName":"search_term_string"}}],"inLanguage":"fr-CA"},{"@type":"Organization","@id":"https:\/\/safetysourcefire.ca\/#organization","name":"Safety Source Fire","url":"https:\/\/safetysourcefire.ca\/","logo":{"@type":"ImageObject","inLanguage":"fr-CA","@id":"https:\/\/safetysourcefire.ca\/#\/schema\/logo\/image\/","url":"https:\/\/safetysourcefire.ca\/wp-content\/uploads\/2021\/01\/SSF_logo_CC0000-3.png","contentUrl":"https:\/\/safetysourcefire.ca\/wp-content\/uploads\/2021\/01\/SSF_logo_CC0000-3.png","width":1107,"height":365,"caption":"Safety Source Fire"},"image":{"@id":"https:\/\/safetysourcefire.ca\/#\/schema\/logo\/image\/"},"sameAs":["https:\/\/www.facebook.com\/mmfssca","https:\/\/x.com\/mmfssca"]}]}},"_links":{"self":[{"href":"https:\/\/safetysourcefire.ca\/fr\/wp-json\/wp\/v2\/product\/4448","targetHints":{"allow":["GET"]}}],"collection":[{"href":"https:\/\/safetysourcefire.ca\/fr\/wp-json\/wp\/v2\/product"}],"about":[{"href":"https:\/\/safetysourcefire.ca\/fr\/wp-json\/wp\/v2\/types\/product"}],"wp:featuredmedia":[{"embeddable":true,"href":"https:\/\/safetysourcefire.ca\/fr\/wp-json\/wp\/v2\/media\/4380"}],"wp:attachment":[{"href":"https:\/\/safetysourcefire.ca\/fr\/wp-json\/wp\/v2\/media?parent=4448"}],"wp:term":[{"taxonomy":"product_brand","embeddable":true,"href":"https:\/\/safetysourcefire.ca\/fr\/wp-json\/wp\/v2\/product_brand?post=4448"},{"taxonomy":"product_cat","embeddable":true,"href":"https:\/\/safetysourcefire.ca\/fr\/wp-json\/wp\/v2\/product_cat?post=4448"},{"taxonomy":"product_tag","embeddable":true,"href":"https:\/\/safetysourcefire.ca\/fr\/wp-json\/wp\/v2\/product_tag?post=4448"}],"curies":[{"name":"wp","href":"https:\/\/api.w.org\/{rel}","templated":true}]}}