{"id":4451,"date":"2017-07-06T13:52:29","date_gmt":"2017-07-06T13:52:29","guid":{"rendered":"https:\/\/mmfss.ca\/?post_type=product&#038;p=4451"},"modified":"2018-03-19T13:03:03","modified_gmt":"2018-03-19T13:03:03","slug":"bullard-traklite","status":"publish","type":"product","link":"https:\/\/safetysourcefire.ca\/fr\/produit\/bullard-traklite\/","title":{"rendered":"Bullard TrakLite\u00ae"},"content":{"rendered":"<p>Le Bullard TrakLite l\u00e9ger est con\u00e7u pour aider \u00e0 augmenter les performances fonctionnelles de votre casque de pompier sans ajouts encombrants.<\/p>\n<p><strong>Performance:<\/strong><br \/>\nDot\u00e9 de huit LED blanches brillantes prot\u00e9g\u00e9es derri\u00e8re un verre r\u00e9sistant \u00e0 la chaleur, TrakLite fournit une source de lumi\u00e8re facilement disponible dans la plupart des situations. Qu&#039;il s&#039;agisse d&#039;effectuer des op\u00e9rations de recherche et de sauvetage la nuit, de localiser une bo\u00eete \u00e0 fusibles ou de naviguer dans des conditions enfum\u00e9es, le TrakLite peut \u00eatre utilis\u00e9 dans une multitude de situations. En plus des huit LED orient\u00e9es vers l&#039;avant mont\u00e9es \u00e0 l&#039;avant du casque, TrakLite offre un voyant lumineux bleu \u00ab\u00a0indicateur de contact\u00a0\u00bb \u00e0 l&#039;arri\u00e8re du casque permettant une capacit\u00e9 tr\u00e8s accrue de suivre le porteur dans des situations de faible visibilit\u00e9.<\/p>\n<p><strong>La s\u00e9curit\u00e9 d&#039;abord:<\/strong><br \/>\nSans clips, supports ou fils externes, Bullard TrakLite offre une s\u00e9curit\u00e9 accrue par rapport \u00e0 l'\u00e9clairage traditionnel mont\u00e9 sur casque, r\u00e9duisant ainsi le risque de d\u00e9s\u00e9quilibre de poids ou d'accrochage. Contrairement aux autres feux de casque de pompier, le poids de TrakLite est r\u00e9parti entre l'avant et l'arri\u00e8re du casque pour offrir une solution d'\u00e9clairage plus \u00e9quilibr\u00e9e. TrakLite fonctionne exclusivement avec les casques Bullard. Toutes les configurations disponibles  TrakLite r\u00e9pondent aux exigences NFPA 1971-2007. De plus, TrakLite est compl\u00e8tement \u00e9tanche.<\/p>\n<p><strong>Op\u00e9ration facile:<\/strong><br \/>\nFacilement utilisable avec une main gant\u00e9e, l'interrupteur rotatif unique alimente \u00e0 la fois les LED avant et le t\u00e9moin lumineux du feu arri\u00e8re. Aliment\u00e9 par quatre piles AAA, TrakLite est \u00e9conome en \u00e9nergie et poss\u00e8de une autonomie d'au moins six heures en continu \u00e0 un niveau de luminosit\u00e9 minimum de 50%. Les piles alcalines AAA standard sont \u00e0 la fois faciles et rapides \u00e0 remplacer par l'utilisateur sur le terrain.<\/p>\n<p><strong>Disponible pour divers casques\u00a0:<\/strong><br \/>\nTrakLite est disponible sur toutes les plateformes de casques anti-incendie structurels Bullard, y compris UST6, FX, PX et LT. TrakLite peut \u00eatre utilis\u00e9 avec ou sans fa\u00e7ade en cuir attach\u00e9e. Toutes les fa\u00e7ades en cuir doivent \u00eatre achet\u00e9es s\u00e9par\u00e9ment. TrakLite peut \u00eatre adapt\u00e9 pour fonctionner avec plusieurs mod\u00e8les de casques Bullard actuellement en service. Contactez Bullard pour plus d'informations sur les options de mise \u00e0 niveau.<\/p>\n<p><strong>D\u00e9sormais, TrakLite est encore plus polyvalent\u00a0:<\/strong><br \/>\nNous avons repens\u00e9 nos casques de pompier UST et USTM pour accueillir des fa\u00e7ades en cuir de 6 pouces avec la solution innovante d&#039;\u00e9clairage de casque int\u00e9gr\u00e9 TrakLite de Bullard.<\/p>","protected":false},"excerpt":{"rendered":"<p>Le syst\u00e8me d&#039;\u00e9clairage de casque int\u00e9gr\u00e9 Bullard TrakLite\u00ae allie ing\u00e9nierie, fonctionnalit\u00e9 et s\u00e9curit\u00e9 pour aider les pompiers \u00e0 voir vers l&#039;avant dans des conditions sombres ou enfum\u00e9es.<\/p>","protected":false},"featured_media":4383,"template":"","meta":[],"product_brand":[201],"product_cat":[124,50],"product_tag":[265],"class_list":{"0":"post-4451","1":"product","2":"type-product","3":"status-publish","4":"has-post-thumbnail","6":"product_brand-bullard","7":"product_cat-helmets","8":"product_cat-personal-protective-equipment","9":"product_tag-bullard","11":"first","12":"instock","13":"shipping-taxable","14":"product-type-simple"},"yoast_head":"<!-- This site is optimized with the Yoast SEO plugin v27.4 - https:\/\/yoast.com\/product\/yoast-seo-wordpress\/ -->\n<title>Bullard TrakLite\u00ae - Safety Source Fire<\/title>\n<meta name=\"robots\" content=\"index, follow, max-snippet:-1, max-image-preview:large, max-video-preview:-1\" \/>\n<link rel=\"canonical\" href=\"https:\/\/safetysourcefire.ca\/fr\/?product=bullard-traklite\" \/>\n<meta property=\"og:locale\" content=\"fr_CA\" \/>\n<meta property=\"og:type\" content=\"article\" \/>\n<meta property=\"og:title\" content=\"Bullard TrakLite\u00ae - Safety Source Fire\" \/>\n<meta property=\"og:description\" content=\"Bullard TrakLite\u00ae integrated helmet lighting system blends engineering, functionality and safety to help firefighters see forward in dark or smoky conditions.\" \/>\n<meta property=\"og:url\" content=\"https:\/\/safetysourcefire.ca\/fr\/?product=bullard-traklite\" \/>\n<meta property=\"og:site_name\" content=\"Safety Source Fire\" \/>\n<meta property=\"article:publisher\" content=\"https:\/\/www.facebook.com\/mmfssca\" \/>\n<meta property=\"article:modified_time\" content=\"2018-03-19T13:03:03+00:00\" \/>\n<meta property=\"og:image\" content=\"https:\/\/safetysourcefire.ca\/wp-content\/uploads\/2017\/07\/Bullard-TrakLite.jpg\" \/>\n\t<meta property=\"og:image:width\" content=\"600\" \/>\n\t<meta property=\"og:image:height\" content=\"600\" \/>\n\t<meta property=\"og:image:type\" content=\"image\/jpeg\" \/>\n<meta name=\"twitter:card\" content=\"summary_large_image\" \/>\n<meta name=\"twitter:site\" content=\"@mmfssca\" \/>\n<meta name=\"twitter:label1\" content=\"Estimation du temps de lecture\" \/>\n\t<meta name=\"twitter:data1\" content=\"2 minutes\" \/>\n<script type=\"application\/ld+json\" class=\"yoast-schema-graph\">{\"@context\":\"https:\\\/\\\/schema.org\",\"@graph\":[{\"@type\":\"WebPage\",\"@id\":\"https:\\\/\\\/safetysourcefire.ca\\\/?product=bullard-traklite\",\"url\":\"https:\\\/\\\/safetysourcefire.ca\\\/?product=bullard-traklite\",\"name\":\"Bullard TrakLite\u00ae - Safety Source Fire\",\"isPartOf\":{\"@id\":\"https:\\\/\\\/safetysourcefire.ca\\\/#website\"},\"primaryImageOfPage\":{\"@id\":\"https:\\\/\\\/safetysourcefire.ca\\\/?product=bullard-traklite#primaryimage\"},\"image\":{\"@id\":\"https:\\\/\\\/safetysourcefire.ca\\\/?product=bullard-traklite#primaryimage\"},\"thumbnailUrl\":\"https:\\\/\\\/safetysourcefire.ca\\\/wp-content\\\/uploads\\\/2017\\\/07\\\/Bullard-TrakLite.jpg\",\"datePublished\":\"2017-07-06T13:52:29+00:00\",\"dateModified\":\"2018-03-19T13:03:03+00:00\",\"breadcrumb\":{\"@id\":\"https:\\\/\\\/safetysourcefire.ca\\\/?product=bullard-traklite#breadcrumb\"},\"inLanguage\":\"fr-CA\",\"potentialAction\":[{\"@type\":\"ReadAction\",\"target\":[\"https:\\\/\\\/safetysourcefire.ca\\\/?product=bullard-traklite\"]}]},{\"@type\":\"ImageObject\",\"inLanguage\":\"fr-CA\",\"@id\":\"https:\\\/\\\/safetysourcefire.ca\\\/?product=bullard-traklite#primaryimage\",\"url\":\"https:\\\/\\\/safetysourcefire.ca\\\/wp-content\\\/uploads\\\/2017\\\/07\\\/Bullard-TrakLite.jpg\",\"contentUrl\":\"https:\\\/\\\/safetysourcefire.ca\\\/wp-content\\\/uploads\\\/2017\\\/07\\\/Bullard-TrakLite.jpg\",\"width\":600,\"height\":600,\"caption\":\"light on helmet\"},{\"@type\":\"BreadcrumbList\",\"@id\":\"https:\\\/\\\/safetysourcefire.ca\\\/?product=bullard-traklite#breadcrumb\",\"itemListElement\":[{\"@type\":\"ListItem\",\"position\":1,\"name\":\"Home\",\"item\":\"https:\\\/\\\/safetysourcefire.ca\\\/\"},{\"@type\":\"ListItem\",\"position\":2,\"name\":\"Products\",\"item\":\"https:\\\/\\\/safetysourcefire.ca\\\/shop\\\/\"},{\"@type\":\"ListItem\",\"position\":3,\"name\":\"Bullard TrakLite\u00ae\"}]},{\"@type\":\"WebSite\",\"@id\":\"https:\\\/\\\/safetysourcefire.ca\\\/#website\",\"url\":\"https:\\\/\\\/safetysourcefire.ca\\\/\",\"name\":\"Safety Source Fire\",\"description\":\"\",\"publisher\":{\"@id\":\"https:\\\/\\\/safetysourcefire.ca\\\/#organization\"},\"potentialAction\":[{\"@type\":\"SearchAction\",\"target\":{\"@type\":\"EntryPoint\",\"urlTemplate\":\"https:\\\/\\\/safetysourcefire.ca\\\/?s={search_term_string}\"},\"query-input\":{\"@type\":\"PropertyValueSpecification\",\"valueRequired\":true,\"valueName\":\"search_term_string\"}}],\"inLanguage\":\"fr-CA\"},{\"@type\":\"Organization\",\"@id\":\"https:\\\/\\\/safetysourcefire.ca\\\/#organization\",\"name\":\"Safety Source Fire\",\"url\":\"https:\\\/\\\/safetysourcefire.ca\\\/\",\"logo\":{\"@type\":\"ImageObject\",\"inLanguage\":\"fr-CA\",\"@id\":\"https:\\\/\\\/safetysourcefire.ca\\\/#\\\/schema\\\/logo\\\/image\\\/\",\"url\":\"https:\\\/\\\/safetysourcefire.ca\\\/wp-content\\\/uploads\\\/2021\\\/01\\\/SSF_logo_CC0000-3.png\",\"contentUrl\":\"https:\\\/\\\/safetysourcefire.ca\\\/wp-content\\\/uploads\\\/2021\\\/01\\\/SSF_logo_CC0000-3.png\",\"width\":1107,\"height\":365,\"caption\":\"Safety Source Fire\"},\"image\":{\"@id\":\"https:\\\/\\\/safetysourcefire.ca\\\/#\\\/schema\\\/logo\\\/image\\\/\"},\"sameAs\":[\"https:\\\/\\\/www.facebook.com\\\/mmfssca\",\"https:\\\/\\\/x.com\\\/mmfssca\"]}]}<\/script>\n<!-- \/ Yoast SEO plugin. -->","yoast_head_json":{"title":"Bullard TrakLite\u00ae - Source de s\u00e9curit\u00e9 incendie","robots":{"index":"index","follow":"follow","max-snippet":"max-snippet:-1","max-image-preview":"max-image-preview:large","max-video-preview":"max-video-preview:-1"},"canonical":"https:\/\/safetysourcefire.ca\/fr\/?product=bullard-traklite","og_locale":"fr_CA","og_type":"article","og_title":"Bullard TrakLite\u00ae - Safety Source Fire","og_description":"Bullard TrakLite\u00ae integrated helmet lighting system blends engineering, functionality and safety to help firefighters see forward in dark or smoky conditions.","og_url":"https:\/\/safetysourcefire.ca\/fr\/?product=bullard-traklite","og_site_name":"Safety Source Fire","article_publisher":"https:\/\/www.facebook.com\/mmfssca","article_modified_time":"2018-03-19T13:03:03+00:00","og_image":[{"width":600,"height":600,"url":"https:\/\/safetysourcefire.ca\/wp-content\/uploads\/2017\/07\/Bullard-TrakLite.jpg","type":"image\/jpeg"}],"twitter_card":"summary_large_image","twitter_site":"@mmfssca","twitter_misc":{"Estimation du temps de lecture":"2 minutes"},"schema":{"@context":"https:\/\/schema.org","@graph":[{"@type":"WebPage","@id":"https:\/\/safetysourcefire.ca\/?product=bullard-traklite","url":"https:\/\/safetysourcefire.ca\/?product=bullard-traklite","name":"Bullard TrakLite\u00ae - Source de s\u00e9curit\u00e9 incendie","isPartOf":{"@id":"https:\/\/safetysourcefire.ca\/#website"},"primaryImageOfPage":{"@id":"https:\/\/safetysourcefire.ca\/?product=bullard-traklite#primaryimage"},"image":{"@id":"https:\/\/safetysourcefire.ca\/?product=bullard-traklite#primaryimage"},"thumbnailUrl":"https:\/\/safetysourcefire.ca\/wp-content\/uploads\/2017\/07\/Bullard-TrakLite.jpg","datePublished":"2017-07-06T13:52:29+00:00","dateModified":"2018-03-19T13:03:03+00:00","breadcrumb":{"@id":"https:\/\/safetysourcefire.ca\/?product=bullard-traklite#breadcrumb"},"inLanguage":"fr-CA","potentialAction":[{"@type":"ReadAction","target":["https:\/\/safetysourcefire.ca\/?product=bullard-traklite"]}]},{"@type":"ImageObject","inLanguage":"fr-CA","@id":"https:\/\/safetysourcefire.ca\/?product=bullard-traklite#primaryimage","url":"https:\/\/safetysourcefire.ca\/wp-content\/uploads\/2017\/07\/Bullard-TrakLite.jpg","contentUrl":"https:\/\/safetysourcefire.ca\/wp-content\/uploads\/2017\/07\/Bullard-TrakLite.jpg","width":600,"height":600,"caption":"light on helmet"},{"@type":"BreadcrumbList","@id":"https:\/\/safetysourcefire.ca\/?product=bullard-traklite#breadcrumb","itemListElement":[{"@type":"ListItem","position":1,"name":"Home","item":"https:\/\/safetysourcefire.ca\/"},{"@type":"ListItem","position":2,"name":"Products","item":"https:\/\/safetysourcefire.ca\/shop\/"},{"@type":"ListItem","position":3,"name":"Bullard TrakLite\u00ae"}]},{"@type":"WebSite","@id":"https:\/\/safetysourcefire.ca\/#website","url":"https:\/\/safetysourcefire.ca\/","name":"Safety Source Fire","description":"","publisher":{"@id":"https:\/\/safetysourcefire.ca\/#organization"},"potentialAction":[{"@type":"SearchAction","target":{"@type":"EntryPoint","urlTemplate":"https:\/\/safetysourcefire.ca\/?s={search_term_string}"},"query-input":{"@type":"PropertyValueSpecification","valueRequired":true,"valueName":"search_term_string"}}],"inLanguage":"fr-CA"},{"@type":"Organization","@id":"https:\/\/safetysourcefire.ca\/#organization","name":"Safety Source Fire","url":"https:\/\/safetysourcefire.ca\/","logo":{"@type":"ImageObject","inLanguage":"fr-CA","@id":"https:\/\/safetysourcefire.ca\/#\/schema\/logo\/image\/","url":"https:\/\/safetysourcefire.ca\/wp-content\/uploads\/2021\/01\/SSF_logo_CC0000-3.png","contentUrl":"https:\/\/safetysourcefire.ca\/wp-content\/uploads\/2021\/01\/SSF_logo_CC0000-3.png","width":1107,"height":365,"caption":"Safety Source Fire"},"image":{"@id":"https:\/\/safetysourcefire.ca\/#\/schema\/logo\/image\/"},"sameAs":["https:\/\/www.facebook.com\/mmfssca","https:\/\/x.com\/mmfssca"]}]}},"_links":{"self":[{"href":"https:\/\/safetysourcefire.ca\/fr\/wp-json\/wp\/v2\/product\/4451","targetHints":{"allow":["GET"]}}],"collection":[{"href":"https:\/\/safetysourcefire.ca\/fr\/wp-json\/wp\/v2\/product"}],"about":[{"href":"https:\/\/safetysourcefire.ca\/fr\/wp-json\/wp\/v2\/types\/product"}],"wp:featuredmedia":[{"embeddable":true,"href":"https:\/\/safetysourcefire.ca\/fr\/wp-json\/wp\/v2\/media\/4383"}],"wp:attachment":[{"href":"https:\/\/safetysourcefire.ca\/fr\/wp-json\/wp\/v2\/media?parent=4451"}],"wp:term":[{"taxonomy":"product_brand","embeddable":true,"href":"https:\/\/safetysourcefire.ca\/fr\/wp-json\/wp\/v2\/product_brand?post=4451"},{"taxonomy":"product_cat","embeddable":true,"href":"https:\/\/safetysourcefire.ca\/fr\/wp-json\/wp\/v2\/product_cat?post=4451"},{"taxonomy":"product_tag","embeddable":true,"href":"https:\/\/safetysourcefire.ca\/fr\/wp-json\/wp\/v2\/product_tag?post=4451"}],"curies":[{"name":"wp","href":"https:\/\/api.w.org\/{rel}","templated":true}]}}