{"id":4452,"date":"2017-07-06T13:54:25","date_gmt":"2017-07-06T13:54:25","guid":{"rendered":"https:\/\/mmfss.ca\/?post_type=product&#038;p=4452"},"modified":"2018-03-19T13:03:02","modified_gmt":"2018-03-19T13:03:02","slug":"wildfire-series-helmet","status":"publish","type":"product","link":"https:\/\/safetysourcefire.ca\/fr\/produit\/wildfire-series-helmet\/","title":{"rendered":"Casque de la s\u00e9rie Wildfire"},"content":{"rendered":"<p><strong>Robuste et durable<\/strong><\/p>\n<p>La coque du casque Wildfire est en thermoplastique r\u00e9sitant aux hautes temp\u00e9ratures. Le thermoplastique offre une r\u00e9sistance aux chocs et \u00e0 la p\u00e9n\u00e9tration id\u00e9ales pour le travail li\u00e9 aux incendies de for\u00eat. Plusieurs styles de protecteurs d'oreilles et de cou Nomex\u00ae sont disponibles pour une protection accrue.<\/p>\n<p><strong>Approuv\u00e9 par la NFPA<\/strong><\/p>\n<p>Les casques contre les incendies d\u00e9passent la norme NFPA 1977, <em>Norme sur les v\u00eatements et l&#039;\u00e9quipement de protection pour la lutte contre les incendies de for\u00eat<\/em>, \u00e9dition 2011. Les mod\u00e8les Bullard Wildfire d\u00e9passent \u00e9galement tous les principaux codes d'incendie des \u00c9tats-Unis pour la lutte contre les incendies de for\u00eat.<\/p>\n<p><strong>Versatile<\/strong><\/p>\n<p>Les casques Wildfire sont disponibles dans les styles casquette et chapeau \u00e0 bords complets. Les caract\u00e9ristiques standard incluent des attaches de retenue pour lunettes afin de prot\u00e9ger les yeux ainsi que des bandes r\u00e9fl\u00e9chissantes Scotchlite\u00ae pour augmenter la visibilit\u00e9 du porteur.<\/p>\n<p><strong>Confort et ajustement sup\u00e9rieurs<\/strong><\/p>\n<p>Les casques Wildfire sont con\u00e7us pour un \u00e9quilibre, un confort et une stabilit\u00e9 exceptionnels. D\u00e9sormais dot\u00e9 d&#039;une suspension plus confortable, le casque offre aux porteurs :<\/p>\n<ul>\n<li>Attaches de suspension s\u00e9curis\u00e9es;<\/li>\n<li>Ajustements simples du bandeau pour un ajustement personnalis\u00e9;<\/li>\n<li>Sangles de suspension sans couture;<\/li>\n<li>Coussinet de sourcils rembourr\u00e9 rempla\u00e7able plus grand;<\/li>\n<li>Couvercle \u00e0 cliquet en cuir.<\/li>\n<\/ul>\n<p>Les cl\u00e9s de suspension faciles \u00e0 installer permettent \u00e0 la suspension de se verrouiller dans la coque avec un bruit ''clic'' audible. Les r\u00e9glages de hauteur verticaux peuvent \u00eatre facilement modifi\u00e9s pour un ajustement personnalis\u00e9, et le bandeau flottant offre un ajustement confortable pour toutes les formes et tailles.<\/p>","protected":false},"excerpt":{"rendered":"<p>La coque du casque Wildfire est en thermoplastique r\u00e9sitant aux hautes temp\u00e9ratures.<\/p>","protected":false},"featured_media":4379,"template":"","meta":[],"product_brand":[201],"product_cat":[124,50],"product_tag":[265],"class_list":{"0":"post-4452","1":"product","2":"type-product","3":"status-publish","4":"has-post-thumbnail","6":"product_brand-bullard","7":"product_cat-helmets","8":"product_cat-personal-protective-equipment","9":"product_tag-bullard","11":"first","12":"instock","13":"shipping-taxable","14":"product-type-simple"},"yoast_head":"<!-- This site is optimized with the Yoast SEO plugin v27.4 - https:\/\/yoast.com\/product\/yoast-seo-wordpress\/ -->\n<title>Wildfire Series Helmet - Safety Source Fire<\/title>\n<meta name=\"robots\" content=\"index, follow, max-snippet:-1, max-image-preview:large, max-video-preview:-1\" \/>\n<link rel=\"canonical\" href=\"https:\/\/safetysourcefire.ca\/fr\/?product=wildfire-series-helmet\" \/>\n<meta property=\"og:locale\" content=\"fr_CA\" \/>\n<meta property=\"og:type\" content=\"article\" \/>\n<meta property=\"og:title\" content=\"Wildfire Series Helmet - Safety Source Fire\" \/>\n<meta property=\"og:description\" content=\"The shell of the Wildfire helmet is made of high-heat thermoplastic.\" \/>\n<meta property=\"og:url\" content=\"https:\/\/safetysourcefire.ca\/fr\/?product=wildfire-series-helmet\" \/>\n<meta property=\"og:site_name\" content=\"Safety Source Fire\" \/>\n<meta property=\"article:publisher\" content=\"https:\/\/www.facebook.com\/mmfssca\" \/>\n<meta property=\"article:modified_time\" content=\"2018-03-19T13:03:02+00:00\" \/>\n<meta property=\"og:image\" content=\"https:\/\/safetysourcefire.ca\/wp-content\/uploads\/2017\/07\/Bullard-FH911-Wildland-Series-Helmet.jpg\" \/>\n\t<meta property=\"og:image:width\" content=\"600\" \/>\n\t<meta property=\"og:image:height\" content=\"600\" \/>\n\t<meta property=\"og:image:type\" content=\"image\/jpeg\" \/>\n<meta name=\"twitter:card\" content=\"summary_large_image\" \/>\n<meta name=\"twitter:site\" content=\"@mmfssca\" \/>\n<meta name=\"twitter:label1\" content=\"Estimation du temps de lecture\" \/>\n\t<meta name=\"twitter:data1\" content=\"1 minute\" \/>\n<script type=\"application\/ld+json\" class=\"yoast-schema-graph\">{\"@context\":\"https:\\\/\\\/schema.org\",\"@graph\":[{\"@type\":\"WebPage\",\"@id\":\"https:\\\/\\\/safetysourcefire.ca\\\/?product=wildfire-series-helmet\",\"url\":\"https:\\\/\\\/safetysourcefire.ca\\\/?product=wildfire-series-helmet\",\"name\":\"Wildfire Series Helmet - Safety Source Fire\",\"isPartOf\":{\"@id\":\"https:\\\/\\\/safetysourcefire.ca\\\/#website\"},\"primaryImageOfPage\":{\"@id\":\"https:\\\/\\\/safetysourcefire.ca\\\/?product=wildfire-series-helmet#primaryimage\"},\"image\":{\"@id\":\"https:\\\/\\\/safetysourcefire.ca\\\/?product=wildfire-series-helmet#primaryimage\"},\"thumbnailUrl\":\"https:\\\/\\\/safetysourcefire.ca\\\/wp-content\\\/uploads\\\/2017\\\/07\\\/Bullard-FH911-Wildland-Series-Helmet.jpg\",\"datePublished\":\"2017-07-06T13:54:25+00:00\",\"dateModified\":\"2018-03-19T13:03:02+00:00\",\"breadcrumb\":{\"@id\":\"https:\\\/\\\/safetysourcefire.ca\\\/?product=wildfire-series-helmet#breadcrumb\"},\"inLanguage\":\"fr-CA\",\"potentialAction\":[{\"@type\":\"ReadAction\",\"target\":[\"https:\\\/\\\/safetysourcefire.ca\\\/?product=wildfire-series-helmet\"]}]},{\"@type\":\"ImageObject\",\"inLanguage\":\"fr-CA\",\"@id\":\"https:\\\/\\\/safetysourcefire.ca\\\/?product=wildfire-series-helmet#primaryimage\",\"url\":\"https:\\\/\\\/safetysourcefire.ca\\\/wp-content\\\/uploads\\\/2017\\\/07\\\/Bullard-FH911-Wildland-Series-Helmet.jpg\",\"contentUrl\":\"https:\\\/\\\/safetysourcefire.ca\\\/wp-content\\\/uploads\\\/2017\\\/07\\\/Bullard-FH911-Wildland-Series-Helmet.jpg\",\"width\":600,\"height\":600,\"caption\":\"helmet\"},{\"@type\":\"BreadcrumbList\",\"@id\":\"https:\\\/\\\/safetysourcefire.ca\\\/?product=wildfire-series-helmet#breadcrumb\",\"itemListElement\":[{\"@type\":\"ListItem\",\"position\":1,\"name\":\"Home\",\"item\":\"https:\\\/\\\/safetysourcefire.ca\\\/\"},{\"@type\":\"ListItem\",\"position\":2,\"name\":\"Products\",\"item\":\"https:\\\/\\\/safetysourcefire.ca\\\/shop\\\/\"},{\"@type\":\"ListItem\",\"position\":3,\"name\":\"Wildfire Series Helmet\"}]},{\"@type\":\"WebSite\",\"@id\":\"https:\\\/\\\/safetysourcefire.ca\\\/#website\",\"url\":\"https:\\\/\\\/safetysourcefire.ca\\\/\",\"name\":\"Safety Source Fire\",\"description\":\"\",\"publisher\":{\"@id\":\"https:\\\/\\\/safetysourcefire.ca\\\/#organization\"},\"potentialAction\":[{\"@type\":\"SearchAction\",\"target\":{\"@type\":\"EntryPoint\",\"urlTemplate\":\"https:\\\/\\\/safetysourcefire.ca\\\/?s={search_term_string}\"},\"query-input\":{\"@type\":\"PropertyValueSpecification\",\"valueRequired\":true,\"valueName\":\"search_term_string\"}}],\"inLanguage\":\"fr-CA\"},{\"@type\":\"Organization\",\"@id\":\"https:\\\/\\\/safetysourcefire.ca\\\/#organization\",\"name\":\"Safety Source Fire\",\"url\":\"https:\\\/\\\/safetysourcefire.ca\\\/\",\"logo\":{\"@type\":\"ImageObject\",\"inLanguage\":\"fr-CA\",\"@id\":\"https:\\\/\\\/safetysourcefire.ca\\\/#\\\/schema\\\/logo\\\/image\\\/\",\"url\":\"https:\\\/\\\/safetysourcefire.ca\\\/wp-content\\\/uploads\\\/2021\\\/01\\\/SSF_logo_CC0000-3.png\",\"contentUrl\":\"https:\\\/\\\/safetysourcefire.ca\\\/wp-content\\\/uploads\\\/2021\\\/01\\\/SSF_logo_CC0000-3.png\",\"width\":1107,\"height\":365,\"caption\":\"Safety Source Fire\"},\"image\":{\"@id\":\"https:\\\/\\\/safetysourcefire.ca\\\/#\\\/schema\\\/logo\\\/image\\\/\"},\"sameAs\":[\"https:\\\/\\\/www.facebook.com\\\/mmfssca\",\"https:\\\/\\\/x.com\\\/mmfssca\"]}]}<\/script>\n<!-- \/ Yoast SEO plugin. -->","yoast_head_json":{"title":"Casque Wildfire Series - Safety Source Fire","robots":{"index":"index","follow":"follow","max-snippet":"max-snippet:-1","max-image-preview":"max-image-preview:large","max-video-preview":"max-video-preview:-1"},"canonical":"https:\/\/safetysourcefire.ca\/fr\/?product=wildfire-series-helmet","og_locale":"fr_CA","og_type":"article","og_title":"Wildfire Series Helmet - Safety Source Fire","og_description":"The shell of the Wildfire helmet is made of high-heat thermoplastic.","og_url":"https:\/\/safetysourcefire.ca\/fr\/?product=wildfire-series-helmet","og_site_name":"Safety Source Fire","article_publisher":"https:\/\/www.facebook.com\/mmfssca","article_modified_time":"2018-03-19T13:03:02+00:00","og_image":[{"width":600,"height":600,"url":"https:\/\/safetysourcefire.ca\/wp-content\/uploads\/2017\/07\/Bullard-FH911-Wildland-Series-Helmet.jpg","type":"image\/jpeg"}],"twitter_card":"summary_large_image","twitter_site":"@mmfssca","twitter_misc":{"Estimation du temps de lecture":"1 minute"},"schema":{"@context":"https:\/\/schema.org","@graph":[{"@type":"WebPage","@id":"https:\/\/safetysourcefire.ca\/?product=wildfire-series-helmet","url":"https:\/\/safetysourcefire.ca\/?product=wildfire-series-helmet","name":"Casque Wildfire Series - Safety Source Fire","isPartOf":{"@id":"https:\/\/safetysourcefire.ca\/#website"},"primaryImageOfPage":{"@id":"https:\/\/safetysourcefire.ca\/?product=wildfire-series-helmet#primaryimage"},"image":{"@id":"https:\/\/safetysourcefire.ca\/?product=wildfire-series-helmet#primaryimage"},"thumbnailUrl":"https:\/\/safetysourcefire.ca\/wp-content\/uploads\/2017\/07\/Bullard-FH911-Wildland-Series-Helmet.jpg","datePublished":"2017-07-06T13:54:25+00:00","dateModified":"2018-03-19T13:03:02+00:00","breadcrumb":{"@id":"https:\/\/safetysourcefire.ca\/?product=wildfire-series-helmet#breadcrumb"},"inLanguage":"fr-CA","potentialAction":[{"@type":"ReadAction","target":["https:\/\/safetysourcefire.ca\/?product=wildfire-series-helmet"]}]},{"@type":"ImageObject","inLanguage":"fr-CA","@id":"https:\/\/safetysourcefire.ca\/?product=wildfire-series-helmet#primaryimage","url":"https:\/\/safetysourcefire.ca\/wp-content\/uploads\/2017\/07\/Bullard-FH911-Wildland-Series-Helmet.jpg","contentUrl":"https:\/\/safetysourcefire.ca\/wp-content\/uploads\/2017\/07\/Bullard-FH911-Wildland-Series-Helmet.jpg","width":600,"height":600,"caption":"helmet"},{"@type":"BreadcrumbList","@id":"https:\/\/safetysourcefire.ca\/?product=wildfire-series-helmet#breadcrumb","itemListElement":[{"@type":"ListItem","position":1,"name":"Home","item":"https:\/\/safetysourcefire.ca\/"},{"@type":"ListItem","position":2,"name":"Products","item":"https:\/\/safetysourcefire.ca\/shop\/"},{"@type":"ListItem","position":3,"name":"Wildfire Series Helmet"}]},{"@type":"WebSite","@id":"https:\/\/safetysourcefire.ca\/#website","url":"https:\/\/safetysourcefire.ca\/","name":"Safety Source Fire","description":"","publisher":{"@id":"https:\/\/safetysourcefire.ca\/#organization"},"potentialAction":[{"@type":"SearchAction","target":{"@type":"EntryPoint","urlTemplate":"https:\/\/safetysourcefire.ca\/?s={search_term_string}"},"query-input":{"@type":"PropertyValueSpecification","valueRequired":true,"valueName":"search_term_string"}}],"inLanguage":"fr-CA"},{"@type":"Organization","@id":"https:\/\/safetysourcefire.ca\/#organization","name":"Safety Source Fire","url":"https:\/\/safetysourcefire.ca\/","logo":{"@type":"ImageObject","inLanguage":"fr-CA","@id":"https:\/\/safetysourcefire.ca\/#\/schema\/logo\/image\/","url":"https:\/\/safetysourcefire.ca\/wp-content\/uploads\/2021\/01\/SSF_logo_CC0000-3.png","contentUrl":"https:\/\/safetysourcefire.ca\/wp-content\/uploads\/2021\/01\/SSF_logo_CC0000-3.png","width":1107,"height":365,"caption":"Safety Source Fire"},"image":{"@id":"https:\/\/safetysourcefire.ca\/#\/schema\/logo\/image\/"},"sameAs":["https:\/\/www.facebook.com\/mmfssca","https:\/\/x.com\/mmfssca"]}]}},"_links":{"self":[{"href":"https:\/\/safetysourcefire.ca\/fr\/wp-json\/wp\/v2\/product\/4452","targetHints":{"allow":["GET"]}}],"collection":[{"href":"https:\/\/safetysourcefire.ca\/fr\/wp-json\/wp\/v2\/product"}],"about":[{"href":"https:\/\/safetysourcefire.ca\/fr\/wp-json\/wp\/v2\/types\/product"}],"wp:featuredmedia":[{"embeddable":true,"href":"https:\/\/safetysourcefire.ca\/fr\/wp-json\/wp\/v2\/media\/4379"}],"wp:attachment":[{"href":"https:\/\/safetysourcefire.ca\/fr\/wp-json\/wp\/v2\/media?parent=4452"}],"wp:term":[{"taxonomy":"product_brand","embeddable":true,"href":"https:\/\/safetysourcefire.ca\/fr\/wp-json\/wp\/v2\/product_brand?post=4452"},{"taxonomy":"product_cat","embeddable":true,"href":"https:\/\/safetysourcefire.ca\/fr\/wp-json\/wp\/v2\/product_cat?post=4452"},{"taxonomy":"product_tag","embeddable":true,"href":"https:\/\/safetysourcefire.ca\/fr\/wp-json\/wp\/v2\/product_tag?post=4452"}],"curies":[{"name":"wp","href":"https:\/\/api.w.org\/{rel}","templated":true}]}}