{"id":4462,"date":"2017-07-06T14:20:47","date_gmt":"2017-07-06T14:20:47","guid":{"rendered":"https:\/\/mmfss.ca\/?post_type=product&#038;p=4462"},"modified":"2024-02-06T15:14:19","modified_gmt":"2024-02-06T15:14:19","slug":"fire-eagle-air","status":"publish","type":"product","link":"https:\/\/safetysourcefire.ca\/fr\/produit\/fire-eagle-air\/","title":{"rendered":"Bottes Fire Eagle Air  - HAIX\u00ae"},"content":{"rendered":"<p>En tant que pompier, la nature de votre travail peut entra\u00eener des d\u00e9fis physiques impr\u00e9vus, comme monter plusieurs paliers d'escaliers en tenue compl\u00e8te, tra\u00eener une victime en lieu s\u00fbr ou d\u00e9placer un tuyau lourd. Vous avez besoin d'un \u00e9quipement capable de g\u00e9rer toutes les situations, offrant une protection indispensable, mais \u00e9galement le soutien et l'agilit\u00e9 dont vous avez besoin pour accomplir la t\u00e2che. Cette botte de lutte contre l'incendie de HAIX\u00ae est notre mod\u00e8le le plus populaire.<\/p>\n<p><strong>\u00a0<\/strong><\/p>\n<p><strong>Extr\u00eamement antid\u00e9rapant gr\u00e2ce \u00e0 des semelles en mousse de polyur\u00e9thane<\/strong><\/p>\n<p>Gr\u00e2ce \u00e0 sa semelle hautement antid\u00e9rapante, vous pourrez entrer dans l'action, m\u00eame sur l'eau, la glace ou la neige. Avec son motif d'alv\u00e9oles et ses ventouses jaunes, ces bottes offrent une excellente traction sur les surfaces glissantes et humides.<br \/>\nMonter les \u00e9chelons d'une \u00e9chelle est une t\u00e2che de base pour les pompiers. Gr\u00e2ce aux espaces pr\u00e9concus pour acceuillir des \u00e9chelons directement dans la semelle, vous pourrez mieux vous concentrer sur l'urgence en sachant que vos bottes ont une stabilit\u00e9 accrue. \u00c9galement, la mousse de polyur\u00e9thane inject\u00e9e dans la cavit\u00e9 de la semelle offre une meilleure protection contre les chocs et une isolation thermique ph\u00e9nom\u00e9nale contre le froid.<br \/>\nLa semelle HAIX\u00ae Fire Hero Xtreme est autonettoyante, r\u00e9sistante \u00e0 l'huile, r\u00e9sistante au carburant et elle n\u00e9cessite un minimum d'entretien. Le socle de botte int\u00e9gr\u00e9 \u00e0 l'arri\u00e8re rend le retrait de vos bottes simple comme bonjour!<\/p>\n<p><strong>\u00a0<\/strong><\/p>\n<p><strong>Syst\u00e8me de flexion de la cheville pour le soutien des pieds et de la cheville<\/strong><\/p>\n<p>Le syst\u00e8me HAIX\u00ae Ankle Flex et ses composants \u00e9lastiques int\u00e9rieurs offrent un ajustement parfait qui soutiendra vos pieds et vos chevilles en tout temps. Ne vous souciez pas du risque de vous tordre la cheville lorsque vous courez ou sautez du camion. Les zones flexibles int\u00e9gr\u00e9es entourant la cheville vous assurent flexibilit\u00e9 et libert\u00e9 de mouvement lorsque vous vous agenouillez ou conduisez. Le syst\u00e8me Ankle Flex permet \u00e0 la botte de s'adapter \u00e0 diff\u00e9rentes formes de pieds, de chevilles et de talons pour un ajustement plus personnalis\u00e9. Le prot\u00e8ge-cheville ajout\u00e9 aide \u00e0 pr\u00e9venir les blessures \u00e0 la cheville caus\u00e9es par des coups soudains.<\/p>\n<p><strong>\u00a0<\/strong><\/p>\n<p><strong>CROSSTECH\u00ae et protection Secura Liner\u00ae<\/strong><\/p>\n<p>HAIX\u00ae Fire Hero Xtreme est fabriqu\u00e9 et construit en Europe, uniquement avec du cuir europ\u00e9en de qualit\u00e9 supp\u00e9rieure. Avec la doublure int\u00e9rieure CROSSTECH\u00ae, vous obtenez non seulement une botte imperm\u00e9able, mais une  protection suppl\u00e9mentaire contre les produits chimiques et les agents pathog\u00e8nes transmissibles par le sang.<br \/>\nRien n'est plus frustrant que de voir votre doublure sortir avec votre pied \u00e0 chaque fois que vous enlevez vos bottes. Gr\u00e2ce \u00e0 la caract\u00e9ristique unique Secura Liner\u00ae vous n'aurez jamais \u00e0 vous soucier de ce probl\u00e8me! La doublure reste bien en place, peu importe ce qui arrive.<\/p>\n<p><strong>\u00a0<\/strong><\/p>\n<p><strong>Syst\u00e8me climatique et syst\u00e8me de r\u00e9flection solaire HAIX<\/strong><\/p>\n<p>Le syst\u00e8me climatique HAIX\u00ae fourni avec le Fire Hero Xtreme garantit que vos pieds restent \u00e0 une temp\u00e9rature confortable quoi qu'il arrive. Il garde les pieds au frais pendant les temp\u00e9ratures chaudes, et plus chauds \u00e0 l'arriv\u00e9e des temp\u00e9ratures plus froides. Ne vous inqui\u00e9tez pas non plus d'avoir \u00e0 rester debout sous le soleil br\u00fblant toute la journ\u00e9e. Le cuir HAIX\u00ae ''Sun Reflect'' prot\u00e8ge la botte en r\u00e9fl\u00e9chissant la lumi\u00e8re directe du soleil afin que vos pieds ne deviennent pas trop chauds.<\/p>\n<p><strong>\u00a0<\/strong><\/p>\n<p><strong>Sangles confortables et tibia rembourr\u00e9<\/strong><\/p>\n<p>Des sangles plus larges sont strat\u00e9giquement plac\u00e9es sous la ligne sup\u00e9rieure de la botte Fire Hero Xtreme afin de prot\u00e9ger le mollet des frottements que vous pouvez subir. Gr\u00e2ce \u00e0 sa protection rembourr\u00e9e sur les tibias, vous pouvez vous appuyer sur les \u00e9chelons d'une \u00e9chelle toute la journ\u00e9e sans vous soucier de vous blesser.<br \/>\nSouvent imit\u00e9e, mais jamais \u00e9gal\u00e9e.\nCertifi\u00e9 NFPA pour la lutte contre les incendies structurels, HAIX\u00ae Fire Hero Xtreme est la cr\u00e8me de la cr\u00e8me des bottes anti-incendie.<\/p>\n<ul>\n<li>Con\u00e7u en Allemagne<\/li>\n<li>Secura Liner\u00ae \u2013 ne se froissera pas et ne se d\u00e9collera jamais avec le temps<\/li>\n<li>Cuir HAIX\u00ae Sun Reflect aide \u00e0 garder les pieds au frais en plein soleil<\/li>\n<li>Mousse PU HAIX\u00ae MSL System (Micro Soft Light) inject\u00e9e dans toute la semelle pour une meilleure absorption des chocs et une isolation froid\/chaud<\/li>\n<li>Syst\u00e8me climatique HAIX\u00ae maintient la temp\u00e9rature de vos pieds r\u00e9gul\u00e9e et plus confortable<\/li>\n<li>Syst\u00e8me HAIX\u00ae Ankle Flex stabilisant le pied avec insert flexible dans la zone de la tige\/du cou-de-pied pour s'adapter comme une botte \u00e0 lacets<\/li>\n<li>Embout protecteur en carbone<\/li>\n<li>Embout ext\u00e9rieur en caoutchouc profil\u00e9 pour une r\u00e9sistance accrue \u00e0 l&#039;abrasion lors de l&#039;exploration<\/li>\n<li>Semelle anti-crevaison en acier<\/li>\n<li>Tige int\u00e9gr\u00e9e pour un soutien suppl\u00e9mentaire sur les barreaux d'\u00e9chelle<\/li>\n<li>Syst\u00e8me HAIX\u00ae ES Out offrant un bord de talon sp\u00e9cial pour un retrait plus facile de la botte<\/li>\n<li>Prot\u00e8ge-tibia rembourr\u00e9<\/li>\n<li>Sangles de bottes plus larges plac\u00e9es sous la ligne du dessus pour ne pas frotter le mollet<\/li>\n<li>Imperm\u00e9able\/respirant avec technologie CROSSTECH\u00ae<\/li>\n<li>Protection chimique accrue et r\u00e9sistance aux agents pathog\u00e8nes transmissibles par le sang<\/li>\n<li>Semelle en caoutchouc antid\u00e9rapante hautement r\u00e9sistante \u00e0 la chaleur<\/li>\n<\/ul>\n<p><a href=\"https:\/\/safetysourcefire.ca\/wp-content\/uploads\/2024\/02\/507502-3_Fire-Eagle_air_usa.pdf\">T\u00e9l\u00e9charger la fiche technique<\/a><\/p>","protected":false},"excerpt":{"rendered":"<p>Notre botte d'incendie structurelle la plus l\u00e9g\u00e8re \u00e0 ce jour\u00a0!<\/p>","protected":false},"featured_media":28513,"template":"","meta":[],"product_brand":[243],"product_cat":[121,50],"product_tag":[304],"class_list":{"0":"post-4462","1":"product","2":"type-product","3":"status-publish","4":"has-post-thumbnail","6":"product_brand-haix","7":"product_cat-boots","8":"product_cat-personal-protective-equipment","9":"product_tag-haix","11":"first","12":"instock","13":"shipping-taxable","14":"product-type-simple"},"yoast_head":"<!-- This site is optimized with the Yoast SEO plugin v27.4 - https:\/\/yoast.com\/product\/yoast-seo-wordpress\/ -->\n<title>Fire Eagle Air - Safety Source Fire<\/title>\n<meta name=\"robots\" content=\"index, follow, max-snippet:-1, max-image-preview:large, max-video-preview:-1\" \/>\n<link rel=\"canonical\" href=\"https:\/\/safetysourcefire.ca\/fr\/?product=fire-eagle-air\" \/>\n<meta property=\"og:locale\" content=\"fr_CA\" \/>\n<meta property=\"og:type\" content=\"article\" \/>\n<meta property=\"og:title\" content=\"Fire Eagle Air - Safety Source Fire\" \/>\n<meta property=\"og:description\" content=\"Athletic Feel and Firefighter Strong! Our Lightest Structural Fire Boot Yet!\" \/>\n<meta property=\"og:url\" content=\"https:\/\/safetysourcefire.ca\/fr\/?product=fire-eagle-air\" \/>\n<meta property=\"og:site_name\" content=\"Safety Source Fire\" \/>\n<meta property=\"article:publisher\" content=\"https:\/\/www.facebook.com\/mmfssca\" \/>\n<meta property=\"article:modified_time\" content=\"2024-02-06T15:14:19+00:00\" \/>\n<meta property=\"og:image\" content=\"https:\/\/safetysourcefire.ca\/wp-content\/uploads\/2024\/01\/Fire-Eagle-Air-300x300-1.jpg\" \/>\n\t<meta property=\"og:image:width\" content=\"300\" \/>\n\t<meta property=\"og:image:height\" content=\"300\" \/>\n\t<meta property=\"og:image:type\" content=\"image\/jpeg\" \/>\n<meta name=\"twitter:card\" content=\"summary_large_image\" \/>\n<meta name=\"twitter:site\" content=\"@mmfssca\" \/>\n<meta name=\"twitter:label1\" content=\"Estimation du temps de lecture\" \/>\n\t<meta name=\"twitter:data1\" content=\"4 minutes\" \/>\n<script type=\"application\/ld+json\" class=\"yoast-schema-graph\">{\"@context\":\"https:\\\/\\\/schema.org\",\"@graph\":[{\"@type\":\"WebPage\",\"@id\":\"https:\\\/\\\/safetysourcefire.ca\\\/?product=fire-eagle-air\",\"url\":\"https:\\\/\\\/safetysourcefire.ca\\\/?product=fire-eagle-air\",\"name\":\"Fire Eagle Air - Safety Source Fire\",\"isPartOf\":{\"@id\":\"https:\\\/\\\/safetysourcefire.ca\\\/#website\"},\"primaryImageOfPage\":{\"@id\":\"https:\\\/\\\/safetysourcefire.ca\\\/?product=fire-eagle-air#primaryimage\"},\"image\":{\"@id\":\"https:\\\/\\\/safetysourcefire.ca\\\/?product=fire-eagle-air#primaryimage\"},\"thumbnailUrl\":\"https:\\\/\\\/safetysourcefire.ca\\\/wp-content\\\/uploads\\\/2024\\\/01\\\/Fire-Eagle-Air-300x300-1.jpg\",\"datePublished\":\"2017-07-06T14:20:47+00:00\",\"dateModified\":\"2024-02-06T15:14:19+00:00\",\"breadcrumb\":{\"@id\":\"https:\\\/\\\/safetysourcefire.ca\\\/?product=fire-eagle-air#breadcrumb\"},\"inLanguage\":\"fr-CA\",\"potentialAction\":[{\"@type\":\"ReadAction\",\"target\":[\"https:\\\/\\\/safetysourcefire.ca\\\/?product=fire-eagle-air\"]}]},{\"@type\":\"ImageObject\",\"inLanguage\":\"fr-CA\",\"@id\":\"https:\\\/\\\/safetysourcefire.ca\\\/?product=fire-eagle-air#primaryimage\",\"url\":\"https:\\\/\\\/safetysourcefire.ca\\\/wp-content\\\/uploads\\\/2024\\\/01\\\/Fire-Eagle-Air-300x300-1.jpg\",\"contentUrl\":\"https:\\\/\\\/safetysourcefire.ca\\\/wp-content\\\/uploads\\\/2024\\\/01\\\/Fire-Eagle-Air-300x300-1.jpg\",\"width\":300,\"height\":300,\"caption\":\"fire eagle air\"},{\"@type\":\"BreadcrumbList\",\"@id\":\"https:\\\/\\\/safetysourcefire.ca\\\/?product=fire-eagle-air#breadcrumb\",\"itemListElement\":[{\"@type\":\"ListItem\",\"position\":1,\"name\":\"Home\",\"item\":\"https:\\\/\\\/safetysourcefire.ca\\\/\"},{\"@type\":\"ListItem\",\"position\":2,\"name\":\"Products\",\"item\":\"https:\\\/\\\/safetysourcefire.ca\\\/shop\\\/\"},{\"@type\":\"ListItem\",\"position\":3,\"name\":\"Fire Eagle Air\"}]},{\"@type\":\"WebSite\",\"@id\":\"https:\\\/\\\/safetysourcefire.ca\\\/#website\",\"url\":\"https:\\\/\\\/safetysourcefire.ca\\\/\",\"name\":\"Safety Source Fire\",\"description\":\"\",\"publisher\":{\"@id\":\"https:\\\/\\\/safetysourcefire.ca\\\/#organization\"},\"potentialAction\":[{\"@type\":\"SearchAction\",\"target\":{\"@type\":\"EntryPoint\",\"urlTemplate\":\"https:\\\/\\\/safetysourcefire.ca\\\/?s={search_term_string}\"},\"query-input\":{\"@type\":\"PropertyValueSpecification\",\"valueRequired\":true,\"valueName\":\"search_term_string\"}}],\"inLanguage\":\"fr-CA\"},{\"@type\":\"Organization\",\"@id\":\"https:\\\/\\\/safetysourcefire.ca\\\/#organization\",\"name\":\"Safety Source Fire\",\"url\":\"https:\\\/\\\/safetysourcefire.ca\\\/\",\"logo\":{\"@type\":\"ImageObject\",\"inLanguage\":\"fr-CA\",\"@id\":\"https:\\\/\\\/safetysourcefire.ca\\\/#\\\/schema\\\/logo\\\/image\\\/\",\"url\":\"https:\\\/\\\/safetysourcefire.ca\\\/wp-content\\\/uploads\\\/2021\\\/01\\\/SSF_logo_CC0000-3.png\",\"contentUrl\":\"https:\\\/\\\/safetysourcefire.ca\\\/wp-content\\\/uploads\\\/2021\\\/01\\\/SSF_logo_CC0000-3.png\",\"width\":1107,\"height\":365,\"caption\":\"Safety Source Fire\"},\"image\":{\"@id\":\"https:\\\/\\\/safetysourcefire.ca\\\/#\\\/schema\\\/logo\\\/image\\\/\"},\"sameAs\":[\"https:\\\/\\\/www.facebook.com\\\/mmfssca\",\"https:\\\/\\\/x.com\\\/mmfssca\"]}]}<\/script>\n<!-- \/ Yoast SEO plugin. -->","yoast_head_json":{"title":"Fire Eagle Air - Source de s\u00e9curit\u00e9 incendie","robots":{"index":"index","follow":"follow","max-snippet":"max-snippet:-1","max-image-preview":"max-image-preview:large","max-video-preview":"max-video-preview:-1"},"canonical":"https:\/\/safetysourcefire.ca\/fr\/?product=fire-eagle-air","og_locale":"fr_CA","og_type":"article","og_title":"Fire Eagle Air - Safety Source Fire","og_description":"Athletic Feel and Firefighter Strong! Our Lightest Structural Fire Boot Yet!","og_url":"https:\/\/safetysourcefire.ca\/fr\/?product=fire-eagle-air","og_site_name":"Safety Source Fire","article_publisher":"https:\/\/www.facebook.com\/mmfssca","article_modified_time":"2024-02-06T15:14:19+00:00","og_image":[{"width":300,"height":300,"url":"https:\/\/safetysourcefire.ca\/wp-content\/uploads\/2024\/01\/Fire-Eagle-Air-300x300-1.jpg","type":"image\/jpeg"}],"twitter_card":"summary_large_image","twitter_site":"@mmfssca","twitter_misc":{"Estimation du temps de lecture":"4 minutes"},"schema":{"@context":"https:\/\/schema.org","@graph":[{"@type":"WebPage","@id":"https:\/\/safetysourcefire.ca\/?product=fire-eagle-air","url":"https:\/\/safetysourcefire.ca\/?product=fire-eagle-air","name":"Fire Eagle Air - Source de s\u00e9curit\u00e9 incendie","isPartOf":{"@id":"https:\/\/safetysourcefire.ca\/#website"},"primaryImageOfPage":{"@id":"https:\/\/safetysourcefire.ca\/?product=fire-eagle-air#primaryimage"},"image":{"@id":"https:\/\/safetysourcefire.ca\/?product=fire-eagle-air#primaryimage"},"thumbnailUrl":"https:\/\/safetysourcefire.ca\/wp-content\/uploads\/2024\/01\/Fire-Eagle-Air-300x300-1.jpg","datePublished":"2017-07-06T14:20:47+00:00","dateModified":"2024-02-06T15:14:19+00:00","breadcrumb":{"@id":"https:\/\/safetysourcefire.ca\/?product=fire-eagle-air#breadcrumb"},"inLanguage":"fr-CA","potentialAction":[{"@type":"ReadAction","target":["https:\/\/safetysourcefire.ca\/?product=fire-eagle-air"]}]},{"@type":"ImageObject","inLanguage":"fr-CA","@id":"https:\/\/safetysourcefire.ca\/?product=fire-eagle-air#primaryimage","url":"https:\/\/safetysourcefire.ca\/wp-content\/uploads\/2024\/01\/Fire-Eagle-Air-300x300-1.jpg","contentUrl":"https:\/\/safetysourcefire.ca\/wp-content\/uploads\/2024\/01\/Fire-Eagle-Air-300x300-1.jpg","width":300,"height":300,"caption":"fire eagle air"},{"@type":"BreadcrumbList","@id":"https:\/\/safetysourcefire.ca\/?product=fire-eagle-air#breadcrumb","itemListElement":[{"@type":"ListItem","position":1,"name":"Home","item":"https:\/\/safetysourcefire.ca\/"},{"@type":"ListItem","position":2,"name":"Products","item":"https:\/\/safetysourcefire.ca\/shop\/"},{"@type":"ListItem","position":3,"name":"Fire Eagle Air"}]},{"@type":"WebSite","@id":"https:\/\/safetysourcefire.ca\/#website","url":"https:\/\/safetysourcefire.ca\/","name":"Safety Source Fire","description":"","publisher":{"@id":"https:\/\/safetysourcefire.ca\/#organization"},"potentialAction":[{"@type":"SearchAction","target":{"@type":"EntryPoint","urlTemplate":"https:\/\/safetysourcefire.ca\/?s={search_term_string}"},"query-input":{"@type":"PropertyValueSpecification","valueRequired":true,"valueName":"search_term_string"}}],"inLanguage":"fr-CA"},{"@type":"Organization","@id":"https:\/\/safetysourcefire.ca\/#organization","name":"Safety Source Fire","url":"https:\/\/safetysourcefire.ca\/","logo":{"@type":"ImageObject","inLanguage":"fr-CA","@id":"https:\/\/safetysourcefire.ca\/#\/schema\/logo\/image\/","url":"https:\/\/safetysourcefire.ca\/wp-content\/uploads\/2021\/01\/SSF_logo_CC0000-3.png","contentUrl":"https:\/\/safetysourcefire.ca\/wp-content\/uploads\/2021\/01\/SSF_logo_CC0000-3.png","width":1107,"height":365,"caption":"Safety Source Fire"},"image":{"@id":"https:\/\/safetysourcefire.ca\/#\/schema\/logo\/image\/"},"sameAs":["https:\/\/www.facebook.com\/mmfssca","https:\/\/x.com\/mmfssca"]}]}},"_links":{"self":[{"href":"https:\/\/safetysourcefire.ca\/fr\/wp-json\/wp\/v2\/product\/4462","targetHints":{"allow":["GET"]}}],"collection":[{"href":"https:\/\/safetysourcefire.ca\/fr\/wp-json\/wp\/v2\/product"}],"about":[{"href":"https:\/\/safetysourcefire.ca\/fr\/wp-json\/wp\/v2\/types\/product"}],"wp:featuredmedia":[{"embeddable":true,"href":"https:\/\/safetysourcefire.ca\/fr\/wp-json\/wp\/v2\/media\/28513"}],"wp:attachment":[{"href":"https:\/\/safetysourcefire.ca\/fr\/wp-json\/wp\/v2\/media?parent=4462"}],"wp:term":[{"taxonomy":"product_brand","embeddable":true,"href":"https:\/\/safetysourcefire.ca\/fr\/wp-json\/wp\/v2\/product_brand?post=4462"},{"taxonomy":"product_cat","embeddable":true,"href":"https:\/\/safetysourcefire.ca\/fr\/wp-json\/wp\/v2\/product_cat?post=4462"},{"taxonomy":"product_tag","embeddable":true,"href":"https:\/\/safetysourcefire.ca\/fr\/wp-json\/wp\/v2\/product_tag?post=4462"}],"curies":[{"name":"wp","href":"https:\/\/api.w.org\/{rel}","templated":true}]}}