{"id":4468,"date":"2017-07-06T14:33:52","date_gmt":"2017-07-06T14:33:52","guid":{"rendered":"https:\/\/mmfss.ca\/?post_type=product&#038;p=4468"},"modified":"2018-03-19T13:48:16","modified_gmt":"2018-03-19T13:48:16","slug":"black-eagle-safety-55-mid-side-zip","status":"publish","type":"product","link":"https:\/\/safetysourcefire.ca\/fr\/produit\/black-eagle-safety-55-mid-side-zip\/","title":{"rendered":"Botte Eagle Safety 55 avec fermeture \u00e9clair lat\u00e9rale"},"content":{"rendered":"<p><strong>La botte sur laquelle vous pouvez compter en toute circonstance !<\/strong><\/p>\n<p>HAIX\u00ae sait \u00e0 quel point vous travaillez dur. R\u00e9compensez vos pieds avec la botte mi-haute de s\u00e9curit\u00e9 Black Eagle. Cette botte mi-longue se porte comme une chaussure confortable tout en prot\u00e9geant vos pieds comme une armure. Les femmes comme les hommes trouveront leur taille id\u00e9ale. Les bottes de travail en cuir Black Eagle sont antid\u00e9rapantes, quelle que soit la surface sur laquelle vous marchez. \u00c0 5,5 pouces de hauteur et fait de cuir noir, ces chaussures sont un atout majeur \u00e0 votre garde-robe.<br \/>\nComme les chaussures de s\u00e9curit\u00e9 les plus l\u00e9g\u00e8res produites par HAIX\u00ae, cette chaussure, qui fonctionne comme une botte, vous gardera en s\u00e9curit\u00e9, m\u00eame lorsque vous travaillez \u00e0 proximit\u00e9 de risques \u00e9lectriques. Les tailles commencent \u00e0 4,5 et vont jusqu&#039;\u00e0 15 ; les femmes seront ravies d&#039;avoir une chaussure de s\u00e9curit\u00e9 qui leur offre des pointures plus petites tandis que les hommes aux grands pieds n&#039;ont plus besoin de se sentir entass\u00e9s dans des bottes trop petites. Essayez le Black Eagle et regardez vos r\u00e9sultats monter en fl\u00e8che.<\/p>\n<p><strong>\u00a0<\/strong><\/p>\n<p><strong>Mat\u00e9riaux sup\u00e9rieurs utilis\u00e9s dans la construction<\/strong><\/p>\n<p>Fabriqu\u00e9 avec du cuir lisse et imperm\u00e9able \u00e0 l'ext\u00e9rieur, le cuir HAIX\u00ae Sun Reflect aide \u00e0 garder vos chaussures belles et fra\u00eeches. Le cuir trait\u00e9 pour la protection solaire garantit \u00e0 vos pieds un climat frais et confortable, m\u00eame \u00e0 l'int\u00e9rieur. Profitez de l'embout de s\u00e9curit\u00e9 en composite de carbone certifi\u00e9 ASTM\u00a0; vos orteils vous remercieront ! Class\u00e9 ASTM pour la r\u00e9sistance aux risques \u00e9lectriques gr\u00e2ce \u00e0 sa construction sans m\u00e9tal.<br \/>\nLe syst\u00e8me climatique HAIX\u00ae est con\u00e7u pour ces chaussures afin de fournir un flux d'air suffisant pour \u00e9viter l'humidit\u00e9 et la transpiration inconfortables. Aide \u00e0 maintenir l'\u00e9quilibre naturel de la temp\u00e9rature dans vos chaussures, ce qui est particuli\u00e8rement important lorsque vous devez passer de longues journ\u00e9es debout. Un compartiment de rangement \u00e0 l'avant de la botte garde les lacets bien rang\u00e9s et hors de vue. Une astucieuse languette situ\u00e9e en arri\u00e8re du talon vous aidera \u00e0 enfiler ces chaussures en un rien de temps!<\/p>\n<p><strong>\u00a0<\/strong><\/p>\n<p><strong>Semelle int\u00e9rieure et doublure Black Eagle HAIX\u00ae<\/strong><\/p>\n<p>Les bottes de s\u00e9curit\u00e9 HAIX\u00ae Black Eagle sont con\u00e7ues pour amortir et soutenir vos pieds tout en vous offrant une semelle int\u00e9rieure antibact\u00e9rienne amovible et lavable qui est rembourr\u00e9e et repousse l'humidit\u00e9. La doublure int\u00e9rieure sp\u00e9ciale CROSSTECH\u00ae est r\u00e9sistante aux agents pathog\u00e8nes transmissibles par le sang et aux produits chimiques. CROSSTECH\u00ae a cr\u00e9\u00e9 une doublure isolante qui est \u00e9galement imperm\u00e9able et respirante pour un maximum de confort. Ce mat\u00e9riel \u00e9vacue l'humidit\u00e9 pour vous garder au sec dans toutes les conditions. Le HAIX Secura Liner\u00ae est sp\u00e9cialement con\u00e7u pour ne jamais se froisser ou se retirer des chaussures par inadvertance.<\/p>\n<p>\u00c0 l'int\u00e9rieur, le support int\u00e9gr\u00e9 de la vo\u00fbte plantaire du Black Eagle Safety \u00e9pouse votre talon et soutient votre arche pour \u00e9viter la fatigue. Les supports de pronation au milieu et dans la zone int\u00e9rieure de la semelle emp\u00eachent vos chevilles de rouler ou de se tordre.<\/p>\n<p><strong>\u00a0<\/strong><\/p>\n<p><strong>La semelle de HAIX\u00ae<\/strong><\/p>\n<p>La protection anti-crevaison (sans m\u00e9tal) est une partie standard de la botte de s\u00e9curit\u00e9 HAIX\u00ae Black Eagle. Con\u00e7ue pour ne pas marquer, la semelle ext\u00e9rieure vous offre une adh\u00e9rence et un soutien par tous les temps, du talon aux orteils. Notez bien que le motif en forme de dent sur le caoutchouc ext\u00e9rieur est sp\u00e9cialement con\u00e7u pour une adh\u00e9rence qui permet une stabilit\u00e9 hors pairs, sans retenir de petites roches sous la semelle. La semelle ext\u00e9rieure en caoutchouc \/ PU r\u00e9sistant \u00e0 l'huile, au carburant et au d\u00e9rapage vous permet de rester sur vos gardes toute la journ\u00e9e.<\/p>\n<p><strong>\u00a0<\/strong><\/p>\n<p><strong>Certifications<\/strong><\/p>\n<p>Avec ses certifications, HAIX\u00ae tient sa promesse de fournir des chaussures haut de gamme pour tous les hommes et femmes qui travaillent dur.<br \/>\nASTM F 2413-2011 - norme internationale sur les bottes de s\u00e9curit\u00e9 de l'ASTM.<br \/>\nCAN\/CSA-Z195-2014 \u2013 normes CSA et canadiennes pour les bottes de s\u00e9curit\u00e9 et de travail.<\/p>\n<ul>\n<li>Con\u00e7u en Allemagne<\/li>\n<li>Chaussure de s\u00e9curit\u00e9 la plus l\u00e9g\u00e8re de notre collection<\/li>\n<li>HAIX<strong><sup>\u00ae<\/sup><\/strong>\u00a0Syst\u00e8me ''Sun Reflect'' gardant les pieds au frais, m\u00eame en plein soleil<\/li>\n<li>Protection des orteils en composite de carbone<\/li>\n<li>Semelle interm\u00e9diaire r\u00e9sistante aux perforations (sans m\u00e9tal)<\/li>\n<li>CROSSTECH<strong><sup>\u00ae<\/sup><\/strong>\u00a0doublure int\u00e9rieure, imperm\u00e9able, respirante, r\u00e9sistante aux bact\u00e9ries, aux produits chimiques et aux agents pathog\u00e8nes transmissibles par le sang<\/li>\n<li>Indice de danger \u00e9lectrique (EH)<\/li>\n<li>Semelle int\u00e9rieure antibact\u00e9rienne, anti-humidit\u00e9 et coussin\u00e9e avec canaux \u00ab\u00a0AIRFLOW\u00a0\u00bb<\/li>\n<li>Prise en charge de la pronation<\/li>\n<li>Syst\u00e8me de la\u00e7age intelligent pour un ajustement facile et verrouillage des lacets<\/li>\n<li>Compl\u00e8tement sans m\u00e9tal<\/li>\n<li>Semelle antid\u00e9rapante durable offrant un meilleur contr\u00f4le du talon aux orteils dans toutes les conditions m\u00e9t\u00e9orologiques. R\u00e9sistant \u00e0 la chaleur, \u00e0 l'huile et \u00e0 l'essence. Non marquant<\/li>\n<li>Les chaussures hors garantie peuvent \u00eatre remises \u00e0 neuf avec des pi\u00e8ces d'origine usin\u00e9es gr\u00e2ce au forfait d'usure prolong\u00e9e. Ce forfait comprend tout remplacement ou r\u00e9paration n\u00e9cessaire des coutures, des embouts en caoutchouc profil\u00e9s, des semelles int\u00e9rieures et du rechapage des semelles. Les chaussures seront nettoy\u00e9es et d\u00e9sodoris\u00e9es. Les propri\u00e9taires de chaussures HAIX ont \u00e9galement le choix entre un rechapage de semelle (unique) ou un remplacement d'embout (unique).<\/li>\n<\/ul>\n<p>&nbsp;<\/p>","protected":false},"excerpt":{"rendered":"<p>L\u00e9ger et pratique. La fermeture \u00e9clair lat\u00e9rale vous fera sauver du temps pr\u00e9cieux!<\/p>","protected":false},"featured_media":4350,"template":"","meta":[],"product_brand":[243],"product_cat":[121,50],"product_tag":[304],"class_list":{"0":"post-4468","1":"product","2":"type-product","3":"status-publish","4":"has-post-thumbnail","6":"product_brand-haix","7":"product_cat-boots","8":"product_cat-personal-protective-equipment","9":"product_tag-haix","11":"first","12":"instock","13":"shipping-taxable","14":"product-type-simple"},"yoast_head":"<!-- This site is optimized with the Yoast SEO plugin v27.4 - https:\/\/yoast.com\/product\/yoast-seo-wordpress\/ -->\n<title>Black Eagle Safety 55 Mid Side Zip - Safety Source Fire<\/title>\n<meta name=\"robots\" content=\"index, follow, max-snippet:-1, max-image-preview:large, max-video-preview:-1\" \/>\n<link rel=\"canonical\" href=\"https:\/\/safetysourcefire.ca\/fr\/?product=black-eagle-safety-55-mid-side-zip\" \/>\n<meta property=\"og:locale\" content=\"fr_CA\" \/>\n<meta property=\"og:type\" content=\"article\" \/>\n<meta property=\"og:title\" content=\"Black Eagle Safety 55 Mid Side Zip - Safety Source Fire\" \/>\n<meta property=\"og:description\" content=\"Lightweight with Side Zip Convenience\" \/>\n<meta property=\"og:url\" content=\"https:\/\/safetysourcefire.ca\/fr\/?product=black-eagle-safety-55-mid-side-zip\" \/>\n<meta property=\"og:site_name\" content=\"Safety Source Fire\" \/>\n<meta property=\"article:publisher\" content=\"https:\/\/www.facebook.com\/mmfssca\" \/>\n<meta property=\"article:modified_time\" content=\"2018-03-19T13:48:16+00:00\" \/>\n<meta property=\"og:image\" content=\"https:\/\/safetysourcefire.ca\/wp-content\/uploads\/2017\/07\/Black-Eagle-Safety-55.jpg\" \/>\n\t<meta property=\"og:image:width\" content=\"600\" \/>\n\t<meta property=\"og:image:height\" content=\"600\" \/>\n\t<meta property=\"og:image:type\" content=\"image\/jpeg\" \/>\n<meta name=\"twitter:card\" content=\"summary_large_image\" \/>\n<meta name=\"twitter:site\" content=\"@mmfssca\" \/>\n<meta name=\"twitter:label1\" content=\"Estimation du temps de lecture\" \/>\n\t<meta name=\"twitter:data1\" content=\"4 minutes\" \/>\n<script type=\"application\/ld+json\" class=\"yoast-schema-graph\">{\"@context\":\"https:\\\/\\\/schema.org\",\"@graph\":[{\"@type\":\"WebPage\",\"@id\":\"https:\\\/\\\/safetysourcefire.ca\\\/?product=black-eagle-safety-55-mid-side-zip\",\"url\":\"https:\\\/\\\/safetysourcefire.ca\\\/?product=black-eagle-safety-55-mid-side-zip\",\"name\":\"Black Eagle Safety 55 Mid Side Zip - Safety Source Fire\",\"isPartOf\":{\"@id\":\"https:\\\/\\\/safetysourcefire.ca\\\/#website\"},\"primaryImageOfPage\":{\"@id\":\"https:\\\/\\\/safetysourcefire.ca\\\/?product=black-eagle-safety-55-mid-side-zip#primaryimage\"},\"image\":{\"@id\":\"https:\\\/\\\/safetysourcefire.ca\\\/?product=black-eagle-safety-55-mid-side-zip#primaryimage\"},\"thumbnailUrl\":\"https:\\\/\\\/safetysourcefire.ca\\\/wp-content\\\/uploads\\\/2017\\\/07\\\/Black-Eagle-Safety-55.jpg\",\"datePublished\":\"2017-07-06T14:33:52+00:00\",\"dateModified\":\"2018-03-19T13:48:16+00:00\",\"breadcrumb\":{\"@id\":\"https:\\\/\\\/safetysourcefire.ca\\\/?product=black-eagle-safety-55-mid-side-zip#breadcrumb\"},\"inLanguage\":\"fr-CA\",\"potentialAction\":[{\"@type\":\"ReadAction\",\"target\":[\"https:\\\/\\\/safetysourcefire.ca\\\/?product=black-eagle-safety-55-mid-side-zip\"]}]},{\"@type\":\"ImageObject\",\"inLanguage\":\"fr-CA\",\"@id\":\"https:\\\/\\\/safetysourcefire.ca\\\/?product=black-eagle-safety-55-mid-side-zip#primaryimage\",\"url\":\"https:\\\/\\\/safetysourcefire.ca\\\/wp-content\\\/uploads\\\/2017\\\/07\\\/Black-Eagle-Safety-55.jpg\",\"contentUrl\":\"https:\\\/\\\/safetysourcefire.ca\\\/wp-content\\\/uploads\\\/2017\\\/07\\\/Black-Eagle-Safety-55.jpg\",\"width\":600,\"height\":600,\"caption\":\"boot\"},{\"@type\":\"BreadcrumbList\",\"@id\":\"https:\\\/\\\/safetysourcefire.ca\\\/?product=black-eagle-safety-55-mid-side-zip#breadcrumb\",\"itemListElement\":[{\"@type\":\"ListItem\",\"position\":1,\"name\":\"Home\",\"item\":\"https:\\\/\\\/safetysourcefire.ca\\\/\"},{\"@type\":\"ListItem\",\"position\":2,\"name\":\"Products\",\"item\":\"https:\\\/\\\/safetysourcefire.ca\\\/shop\\\/\"},{\"@type\":\"ListItem\",\"position\":3,\"name\":\"Black Eagle Safety 55 Mid Side Zip\"}]},{\"@type\":\"WebSite\",\"@id\":\"https:\\\/\\\/safetysourcefire.ca\\\/#website\",\"url\":\"https:\\\/\\\/safetysourcefire.ca\\\/\",\"name\":\"Safety Source Fire\",\"description\":\"\",\"publisher\":{\"@id\":\"https:\\\/\\\/safetysourcefire.ca\\\/#organization\"},\"potentialAction\":[{\"@type\":\"SearchAction\",\"target\":{\"@type\":\"EntryPoint\",\"urlTemplate\":\"https:\\\/\\\/safetysourcefire.ca\\\/?s={search_term_string}\"},\"query-input\":{\"@type\":\"PropertyValueSpecification\",\"valueRequired\":true,\"valueName\":\"search_term_string\"}}],\"inLanguage\":\"fr-CA\"},{\"@type\":\"Organization\",\"@id\":\"https:\\\/\\\/safetysourcefire.ca\\\/#organization\",\"name\":\"Safety Source Fire\",\"url\":\"https:\\\/\\\/safetysourcefire.ca\\\/\",\"logo\":{\"@type\":\"ImageObject\",\"inLanguage\":\"fr-CA\",\"@id\":\"https:\\\/\\\/safetysourcefire.ca\\\/#\\\/schema\\\/logo\\\/image\\\/\",\"url\":\"https:\\\/\\\/safetysourcefire.ca\\\/wp-content\\\/uploads\\\/2021\\\/01\\\/SSF_logo_CC0000-3.png\",\"contentUrl\":\"https:\\\/\\\/safetysourcefire.ca\\\/wp-content\\\/uploads\\\/2021\\\/01\\\/SSF_logo_CC0000-3.png\",\"width\":1107,\"height\":365,\"caption\":\"Safety Source Fire\"},\"image\":{\"@id\":\"https:\\\/\\\/safetysourcefire.ca\\\/#\\\/schema\\\/logo\\\/image\\\/\"},\"sameAs\":[\"https:\\\/\\\/www.facebook.com\\\/mmfssca\",\"https:\\\/\\\/x.com\\\/mmfssca\"]}]}<\/script>\n<!-- \/ Yoast SEO plugin. -->","yoast_head_json":{"title":"Black Eagle Safety 55 Mid Side Zip - S\u00e9curit\u00e9 incendie","robots":{"index":"index","follow":"follow","max-snippet":"max-snippet:-1","max-image-preview":"max-image-preview:large","max-video-preview":"max-video-preview:-1"},"canonical":"https:\/\/safetysourcefire.ca\/fr\/?product=black-eagle-safety-55-mid-side-zip","og_locale":"fr_CA","og_type":"article","og_title":"Black Eagle Safety 55 Mid Side Zip - Safety Source Fire","og_description":"Lightweight with Side Zip Convenience","og_url":"https:\/\/safetysourcefire.ca\/fr\/?product=black-eagle-safety-55-mid-side-zip","og_site_name":"Safety Source Fire","article_publisher":"https:\/\/www.facebook.com\/mmfssca","article_modified_time":"2018-03-19T13:48:16+00:00","og_image":[{"width":600,"height":600,"url":"https:\/\/safetysourcefire.ca\/wp-content\/uploads\/2017\/07\/Black-Eagle-Safety-55.jpg","type":"image\/jpeg"}],"twitter_card":"summary_large_image","twitter_site":"@mmfssca","twitter_misc":{"Estimation du temps de lecture":"4 minutes"},"schema":{"@context":"https:\/\/schema.org","@graph":[{"@type":"WebPage","@id":"https:\/\/safetysourcefire.ca\/?product=black-eagle-safety-55-mid-side-zip","url":"https:\/\/safetysourcefire.ca\/?product=black-eagle-safety-55-mid-side-zip","name":"Black Eagle Safety 55 Mid Side Zip - S\u00e9curit\u00e9 incendie","isPartOf":{"@id":"https:\/\/safetysourcefire.ca\/#website"},"primaryImageOfPage":{"@id":"https:\/\/safetysourcefire.ca\/?product=black-eagle-safety-55-mid-side-zip#primaryimage"},"image":{"@id":"https:\/\/safetysourcefire.ca\/?product=black-eagle-safety-55-mid-side-zip#primaryimage"},"thumbnailUrl":"https:\/\/safetysourcefire.ca\/wp-content\/uploads\/2017\/07\/Black-Eagle-Safety-55.jpg","datePublished":"2017-07-06T14:33:52+00:00","dateModified":"2018-03-19T13:48:16+00:00","breadcrumb":{"@id":"https:\/\/safetysourcefire.ca\/?product=black-eagle-safety-55-mid-side-zip#breadcrumb"},"inLanguage":"fr-CA","potentialAction":[{"@type":"ReadAction","target":["https:\/\/safetysourcefire.ca\/?product=black-eagle-safety-55-mid-side-zip"]}]},{"@type":"ImageObject","inLanguage":"fr-CA","@id":"https:\/\/safetysourcefire.ca\/?product=black-eagle-safety-55-mid-side-zip#primaryimage","url":"https:\/\/safetysourcefire.ca\/wp-content\/uploads\/2017\/07\/Black-Eagle-Safety-55.jpg","contentUrl":"https:\/\/safetysourcefire.ca\/wp-content\/uploads\/2017\/07\/Black-Eagle-Safety-55.jpg","width":600,"height":600,"caption":"boot"},{"@type":"BreadcrumbList","@id":"https:\/\/safetysourcefire.ca\/?product=black-eagle-safety-55-mid-side-zip#breadcrumb","itemListElement":[{"@type":"ListItem","position":1,"name":"Home","item":"https:\/\/safetysourcefire.ca\/"},{"@type":"ListItem","position":2,"name":"Products","item":"https:\/\/safetysourcefire.ca\/shop\/"},{"@type":"ListItem","position":3,"name":"Black Eagle Safety 55 Mid Side Zip"}]},{"@type":"WebSite","@id":"https:\/\/safetysourcefire.ca\/#website","url":"https:\/\/safetysourcefire.ca\/","name":"Safety Source Fire","description":"","publisher":{"@id":"https:\/\/safetysourcefire.ca\/#organization"},"potentialAction":[{"@type":"SearchAction","target":{"@type":"EntryPoint","urlTemplate":"https:\/\/safetysourcefire.ca\/?s={search_term_string}"},"query-input":{"@type":"PropertyValueSpecification","valueRequired":true,"valueName":"search_term_string"}}],"inLanguage":"fr-CA"},{"@type":"Organization","@id":"https:\/\/safetysourcefire.ca\/#organization","name":"Safety Source Fire","url":"https:\/\/safetysourcefire.ca\/","logo":{"@type":"ImageObject","inLanguage":"fr-CA","@id":"https:\/\/safetysourcefire.ca\/#\/schema\/logo\/image\/","url":"https:\/\/safetysourcefire.ca\/wp-content\/uploads\/2021\/01\/SSF_logo_CC0000-3.png","contentUrl":"https:\/\/safetysourcefire.ca\/wp-content\/uploads\/2021\/01\/SSF_logo_CC0000-3.png","width":1107,"height":365,"caption":"Safety Source Fire"},"image":{"@id":"https:\/\/safetysourcefire.ca\/#\/schema\/logo\/image\/"},"sameAs":["https:\/\/www.facebook.com\/mmfssca","https:\/\/x.com\/mmfssca"]}]}},"_links":{"self":[{"href":"https:\/\/safetysourcefire.ca\/fr\/wp-json\/wp\/v2\/product\/4468","targetHints":{"allow":["GET"]}}],"collection":[{"href":"https:\/\/safetysourcefire.ca\/fr\/wp-json\/wp\/v2\/product"}],"about":[{"href":"https:\/\/safetysourcefire.ca\/fr\/wp-json\/wp\/v2\/types\/product"}],"wp:featuredmedia":[{"embeddable":true,"href":"https:\/\/safetysourcefire.ca\/fr\/wp-json\/wp\/v2\/media\/4350"}],"wp:attachment":[{"href":"https:\/\/safetysourcefire.ca\/fr\/wp-json\/wp\/v2\/media?parent=4468"}],"wp:term":[{"taxonomy":"product_brand","embeddable":true,"href":"https:\/\/safetysourcefire.ca\/fr\/wp-json\/wp\/v2\/product_brand?post=4468"},{"taxonomy":"product_cat","embeddable":true,"href":"https:\/\/safetysourcefire.ca\/fr\/wp-json\/wp\/v2\/product_cat?post=4468"},{"taxonomy":"product_tag","embeddable":true,"href":"https:\/\/safetysourcefire.ca\/fr\/wp-json\/wp\/v2\/product_tag?post=4468"}],"curies":[{"name":"wp","href":"https:\/\/api.w.org\/{rel}","templated":true}]}}