{"id":4471,"date":"2017-07-06T14:39:21","date_gmt":"2017-07-06T14:39:21","guid":{"rendered":"https:\/\/mmfss.ca\/?post_type=product&#038;p=4471"},"modified":"2021-05-13T15:43:29","modified_gmt":"2021-05-13T15:43:29","slug":"commander-series-gloves","status":"publish","type":"product","link":"https:\/\/safetysourcefire.ca\/fr\/produit\/commander-series-gloves\/","title":{"rendered":"Gants de la s\u00e9rie Commander"},"content":{"rendered":"<p><strong>CARACT\u00c9RISTIQUES CL\u00c9S:<\/strong><\/p>\n<ul>\n<li>Dext\u00e9rit\u00e9 sup\u00e9rieure - Les r\u00e9sultats des tests tiers montrent une am\u00e9lioration de plus de 40% pour la cote de dext\u00e9rit\u00e9 du commandant (par rapport \u00e0 la version originale).<\/li>\n<li>Protection thermique accrue - Les r\u00e9sultats TPP du Commander sont sup\u00e9rieurs \u00e0 60, d\u00e9passant de loin la norme NFPA 1971.<\/li>\n<li>Doublure CROSSTECH\u00ae de nouvelle g\u00e9n\u00e9ration : enti\u00e8rement li\u00e9 \u00e0 la doublure thermique, ajust\u00e9e pour cr\u00e9er une combinaison 3D de doublure thermique et de barri\u00e8re contre l'humidit\u00e9. Cela se traduit par une meilleure flexibilit\u00e9, moins de volume dans la paume et une dext\u00e9rit\u00e9 am\u00e9lior\u00e9e.<\/li>\n<li>Espaces entres les doigts et pouce modifi\u00e9s : Les conceptions g\u00e9n\u00e9ralement utilis\u00e9es dans les mod\u00e8les 3D ont \u00e9t\u00e9 int\u00e9gr\u00e9es pour offrir un meilleur ajustement et de meilleures performances.<\/li>\n<li>KOVENEX\u00ae Thermal Batt :  Le tissu non tiss\u00e9 ignifuge KOVENEX offre une excellente protection contre la chaleur rayonnante et le TPP tout en am\u00e9liorant la dext\u00e9rit\u00e9.  Retrait et enfilage facilit\u00e9s, m\u00eame lorsque mouill\u00e9. Le m\u00e9lange de fibres est r\u00e9sistant aux coupures, aux d\u00e9chirures et tr\u00e8s doux pour la peau.<\/li>\n<\/ul>\n<p><strong>\u00a0<\/strong><\/p>\n<p><strong>COMMANDANT 926<\/strong><\/p>\n<ul>\n<li>Bracelet<\/li>\n<li>&quot;Commandant&quot; NFPA 1971<\/li>\n<li>R\u00e9sultats des tests tiers montrant une am\u00e9lioration de plus de 40% pour l'indice de dext\u00e9rit\u00e9 du nouveau mod\u00e8le Commander.<\/li>\n<li>R\u00e9sultats TPP sup\u00e9rieurs \u00e0 60, d\u00e9passant de loin la norme NFPA 1971.<\/li>\n<li>Cuir thermique Eversoft<\/li>\n<li>Insert CROSSTECH\u00ae de nouvelle g\u00e9n\u00e9ration enti\u00e8rement li\u00e9 \u00e0 une doublure thermique ajust\u00e9e pour cr\u00e9er une combinaison de doublure thermique et de barri\u00e8re contre l'humidit\u00e9. Flexibilit\u00e9 accrue et moins de volume dans la paume pour une dext\u00e9rit\u00e9 am\u00e9lior\u00e9e.<\/li>\n<li>Hydrofuge<\/li>\n<li>Dos de la main en une seule pi\u00e8ce pour une meilleure protection contre l'\u00e9tirement et les articulations, tout en permettant une meilleure adh\u00e9rence.<\/li>\n<li>Tailles: 2XS \u2013 4XL<\/li>\n<\/ul>\n<p><strong>COMMANDANT 927<\/strong><\/p>\n<ul>\n<li>Gantelet en cuir<\/li>\n<li>&quot;Commandant&quot; NFPA 1971<\/li>\n<li>R\u00e9sultats des tests tiers montrant une am\u00e9lioration de plus de 40% pour l'indice de dext\u00e9rit\u00e9 du nouveau mod\u00e8le Commander.<\/li>\n<li>R\u00e9sultats TPP sup\u00e9rieurs \u00e0 60, d\u00e9passant de loin la norme NFPA 1971.<\/li>\n<li>Cuir thermique Eversoft<\/li>\n<li>Insert CROSSTECH\u00ae de nouvelle g\u00e9n\u00e9ration enti\u00e8rement li\u00e9 \u00e0 une doublure thermique ajust\u00e9e pour cr\u00e9er une combinaison de doublure thermique et de barri\u00e8re contre l'humidit\u00e9. Flexibilit\u00e9 accrue et moins de volume dans la paume pour une dext\u00e9rit\u00e9 am\u00e9lior\u00e9e.<\/li>\n<li>Hydrofuge<\/li>\n<li>Dos de la main en une seule pi\u00e8ce pour une meilleure protection contre l'\u00e9tirement et les articulations, tout en permettant une meilleure adh\u00e9rence.<\/li>\n<li>Tailles: 2XS \u2013 4XL<\/li>\n<\/ul>","protected":false},"excerpt":{"rendered":"<p>Avec la s\u00e9rie Commander, vous serez toujours pr\u00eats \u00e0 l'action ! Protection thermique, confortables et certifi\u00e9e NFPA 1971.<\/p>","protected":false},"featured_media":4373,"template":"","meta":[],"product_brand":[421],"product_cat":[236,50],"product_tag":[395],"class_list":{"0":"post-4471","1":"product","2":"type-product","3":"status-publish","4":"has-post-thumbnail","6":"product_brand-lion","7":"product_cat-gloves","8":"product_cat-personal-protective-equipment","9":"product_tag-starfield-lion","11":"first","12":"instock","13":"shipping-taxable","14":"product-type-simple"},"yoast_head":"<!-- This site is optimized with the Yoast SEO plugin v27.4 - https:\/\/yoast.com\/product\/yoast-seo-wordpress\/ -->\n<title>Commander Series Gloves - Safety Source Fire<\/title>\n<meta name=\"robots\" content=\"index, follow, max-snippet:-1, max-image-preview:large, max-video-preview:-1\" \/>\n<link rel=\"canonical\" href=\"https:\/\/safetysourcefire.ca\/fr\/?product=commander-series-gloves\" \/>\n<meta property=\"og:locale\" content=\"fr_CA\" \/>\n<meta property=\"og:type\" content=\"article\" \/>\n<meta property=\"og:title\" content=\"Commander Series Gloves - Safety Source Fire\" \/>\n<meta property=\"og:description\" content=\"High-performance, comfortable and NFPA 1971-certified thermal hand protection that\u2019s always... ready for action!\" \/>\n<meta property=\"og:url\" content=\"https:\/\/safetysourcefire.ca\/fr\/?product=commander-series-gloves\" \/>\n<meta property=\"og:site_name\" content=\"Safety Source Fire\" \/>\n<meta property=\"article:publisher\" content=\"https:\/\/www.facebook.com\/mmfssca\" \/>\n<meta property=\"article:modified_time\" content=\"2021-05-13T15:43:29+00:00\" \/>\n<meta property=\"og:image\" content=\"https:\/\/safetysourcefire.ca\/wp-content\/uploads\/2017\/07\/COMMANDER.jpg\" \/>\n\t<meta property=\"og:image:width\" content=\"600\" \/>\n\t<meta property=\"og:image:height\" content=\"600\" \/>\n\t<meta property=\"og:image:type\" content=\"image\/jpeg\" \/>\n<meta name=\"twitter:card\" content=\"summary_large_image\" \/>\n<meta name=\"twitter:site\" content=\"@mmfssca\" \/>\n<meta name=\"twitter:label1\" content=\"Estimation du temps de lecture\" \/>\n\t<meta name=\"twitter:data1\" content=\"2 minutes\" \/>\n<script type=\"application\/ld+json\" class=\"yoast-schema-graph\">{\"@context\":\"https:\\\/\\\/schema.org\",\"@graph\":[{\"@type\":\"WebPage\",\"@id\":\"https:\\\/\\\/safetysourcefire.ca\\\/?product=commander-series-gloves\",\"url\":\"https:\\\/\\\/safetysourcefire.ca\\\/?product=commander-series-gloves\",\"name\":\"Commander Series Gloves - Safety Source Fire\",\"isPartOf\":{\"@id\":\"https:\\\/\\\/safetysourcefire.ca\\\/#website\"},\"primaryImageOfPage\":{\"@id\":\"https:\\\/\\\/safetysourcefire.ca\\\/?product=commander-series-gloves#primaryimage\"},\"image\":{\"@id\":\"https:\\\/\\\/safetysourcefire.ca\\\/?product=commander-series-gloves#primaryimage\"},\"thumbnailUrl\":\"https:\\\/\\\/safetysourcefire.ca\\\/wp-content\\\/uploads\\\/2017\\\/07\\\/COMMANDER.jpg\",\"datePublished\":\"2017-07-06T14:39:21+00:00\",\"dateModified\":\"2021-05-13T15:43:29+00:00\",\"breadcrumb\":{\"@id\":\"https:\\\/\\\/safetysourcefire.ca\\\/?product=commander-series-gloves#breadcrumb\"},\"inLanguage\":\"fr-CA\",\"potentialAction\":[{\"@type\":\"ReadAction\",\"target\":[\"https:\\\/\\\/safetysourcefire.ca\\\/?product=commander-series-gloves\"]}]},{\"@type\":\"ImageObject\",\"inLanguage\":\"fr-CA\",\"@id\":\"https:\\\/\\\/safetysourcefire.ca\\\/?product=commander-series-gloves#primaryimage\",\"url\":\"https:\\\/\\\/safetysourcefire.ca\\\/wp-content\\\/uploads\\\/2017\\\/07\\\/COMMANDER.jpg\",\"contentUrl\":\"https:\\\/\\\/safetysourcefire.ca\\\/wp-content\\\/uploads\\\/2017\\\/07\\\/COMMANDER.jpg\",\"width\":600,\"height\":600,\"caption\":\"gloves\"},{\"@type\":\"BreadcrumbList\",\"@id\":\"https:\\\/\\\/safetysourcefire.ca\\\/?product=commander-series-gloves#breadcrumb\",\"itemListElement\":[{\"@type\":\"ListItem\",\"position\":1,\"name\":\"Home\",\"item\":\"https:\\\/\\\/safetysourcefire.ca\\\/\"},{\"@type\":\"ListItem\",\"position\":2,\"name\":\"Products\",\"item\":\"https:\\\/\\\/safetysourcefire.ca\\\/shop\\\/\"},{\"@type\":\"ListItem\",\"position\":3,\"name\":\"Commander Series Gloves\"}]},{\"@type\":\"WebSite\",\"@id\":\"https:\\\/\\\/safetysourcefire.ca\\\/#website\",\"url\":\"https:\\\/\\\/safetysourcefire.ca\\\/\",\"name\":\"Safety Source Fire\",\"description\":\"\",\"publisher\":{\"@id\":\"https:\\\/\\\/safetysourcefire.ca\\\/#organization\"},\"potentialAction\":[{\"@type\":\"SearchAction\",\"target\":{\"@type\":\"EntryPoint\",\"urlTemplate\":\"https:\\\/\\\/safetysourcefire.ca\\\/?s={search_term_string}\"},\"query-input\":{\"@type\":\"PropertyValueSpecification\",\"valueRequired\":true,\"valueName\":\"search_term_string\"}}],\"inLanguage\":\"fr-CA\"},{\"@type\":\"Organization\",\"@id\":\"https:\\\/\\\/safetysourcefire.ca\\\/#organization\",\"name\":\"Safety Source Fire\",\"url\":\"https:\\\/\\\/safetysourcefire.ca\\\/\",\"logo\":{\"@type\":\"ImageObject\",\"inLanguage\":\"fr-CA\",\"@id\":\"https:\\\/\\\/safetysourcefire.ca\\\/#\\\/schema\\\/logo\\\/image\\\/\",\"url\":\"https:\\\/\\\/safetysourcefire.ca\\\/wp-content\\\/uploads\\\/2021\\\/01\\\/SSF_logo_CC0000-3.png\",\"contentUrl\":\"https:\\\/\\\/safetysourcefire.ca\\\/wp-content\\\/uploads\\\/2021\\\/01\\\/SSF_logo_CC0000-3.png\",\"width\":1107,\"height\":365,\"caption\":\"Safety Source Fire\"},\"image\":{\"@id\":\"https:\\\/\\\/safetysourcefire.ca\\\/#\\\/schema\\\/logo\\\/image\\\/\"},\"sameAs\":[\"https:\\\/\\\/www.facebook.com\\\/mmfssca\",\"https:\\\/\\\/x.com\\\/mmfssca\"]}]}<\/script>\n<!-- \/ Yoast SEO plugin. -->","yoast_head_json":{"title":"Gants de la s\u00e9rie Commander - Safety Source Fire","robots":{"index":"index","follow":"follow","max-snippet":"max-snippet:-1","max-image-preview":"max-image-preview:large","max-video-preview":"max-video-preview:-1"},"canonical":"https:\/\/safetysourcefire.ca\/fr\/?product=commander-series-gloves","og_locale":"fr_CA","og_type":"article","og_title":"Commander Series Gloves - Safety Source Fire","og_description":"High-performance, comfortable and NFPA 1971-certified thermal hand protection that\u2019s always... ready for action!","og_url":"https:\/\/safetysourcefire.ca\/fr\/?product=commander-series-gloves","og_site_name":"Safety Source Fire","article_publisher":"https:\/\/www.facebook.com\/mmfssca","article_modified_time":"2021-05-13T15:43:29+00:00","og_image":[{"width":600,"height":600,"url":"https:\/\/safetysourcefire.ca\/wp-content\/uploads\/2017\/07\/COMMANDER.jpg","type":"image\/jpeg"}],"twitter_card":"summary_large_image","twitter_site":"@mmfssca","twitter_misc":{"Estimation du temps de lecture":"2 minutes"},"schema":{"@context":"https:\/\/schema.org","@graph":[{"@type":"WebPage","@id":"https:\/\/safetysourcefire.ca\/?product=commander-series-gloves","url":"https:\/\/safetysourcefire.ca\/?product=commander-series-gloves","name":"Gants de la s\u00e9rie Commander - Safety Source Fire","isPartOf":{"@id":"https:\/\/safetysourcefire.ca\/#website"},"primaryImageOfPage":{"@id":"https:\/\/safetysourcefire.ca\/?product=commander-series-gloves#primaryimage"},"image":{"@id":"https:\/\/safetysourcefire.ca\/?product=commander-series-gloves#primaryimage"},"thumbnailUrl":"https:\/\/safetysourcefire.ca\/wp-content\/uploads\/2017\/07\/COMMANDER.jpg","datePublished":"2017-07-06T14:39:21+00:00","dateModified":"2021-05-13T15:43:29+00:00","breadcrumb":{"@id":"https:\/\/safetysourcefire.ca\/?product=commander-series-gloves#breadcrumb"},"inLanguage":"fr-CA","potentialAction":[{"@type":"ReadAction","target":["https:\/\/safetysourcefire.ca\/?product=commander-series-gloves"]}]},{"@type":"ImageObject","inLanguage":"fr-CA","@id":"https:\/\/safetysourcefire.ca\/?product=commander-series-gloves#primaryimage","url":"https:\/\/safetysourcefire.ca\/wp-content\/uploads\/2017\/07\/COMMANDER.jpg","contentUrl":"https:\/\/safetysourcefire.ca\/wp-content\/uploads\/2017\/07\/COMMANDER.jpg","width":600,"height":600,"caption":"gloves"},{"@type":"BreadcrumbList","@id":"https:\/\/safetysourcefire.ca\/?product=commander-series-gloves#breadcrumb","itemListElement":[{"@type":"ListItem","position":1,"name":"Home","item":"https:\/\/safetysourcefire.ca\/"},{"@type":"ListItem","position":2,"name":"Products","item":"https:\/\/safetysourcefire.ca\/shop\/"},{"@type":"ListItem","position":3,"name":"Commander Series Gloves"}]},{"@type":"WebSite","@id":"https:\/\/safetysourcefire.ca\/#website","url":"https:\/\/safetysourcefire.ca\/","name":"Safety Source Fire","description":"","publisher":{"@id":"https:\/\/safetysourcefire.ca\/#organization"},"potentialAction":[{"@type":"SearchAction","target":{"@type":"EntryPoint","urlTemplate":"https:\/\/safetysourcefire.ca\/?s={search_term_string}"},"query-input":{"@type":"PropertyValueSpecification","valueRequired":true,"valueName":"search_term_string"}}],"inLanguage":"fr-CA"},{"@type":"Organization","@id":"https:\/\/safetysourcefire.ca\/#organization","name":"Safety Source Fire","url":"https:\/\/safetysourcefire.ca\/","logo":{"@type":"ImageObject","inLanguage":"fr-CA","@id":"https:\/\/safetysourcefire.ca\/#\/schema\/logo\/image\/","url":"https:\/\/safetysourcefire.ca\/wp-content\/uploads\/2021\/01\/SSF_logo_CC0000-3.png","contentUrl":"https:\/\/safetysourcefire.ca\/wp-content\/uploads\/2021\/01\/SSF_logo_CC0000-3.png","width":1107,"height":365,"caption":"Safety Source Fire"},"image":{"@id":"https:\/\/safetysourcefire.ca\/#\/schema\/logo\/image\/"},"sameAs":["https:\/\/www.facebook.com\/mmfssca","https:\/\/x.com\/mmfssca"]}]}},"_links":{"self":[{"href":"https:\/\/safetysourcefire.ca\/fr\/wp-json\/wp\/v2\/product\/4471","targetHints":{"allow":["GET"]}}],"collection":[{"href":"https:\/\/safetysourcefire.ca\/fr\/wp-json\/wp\/v2\/product"}],"about":[{"href":"https:\/\/safetysourcefire.ca\/fr\/wp-json\/wp\/v2\/types\/product"}],"wp:featuredmedia":[{"embeddable":true,"href":"https:\/\/safetysourcefire.ca\/fr\/wp-json\/wp\/v2\/media\/4373"}],"wp:attachment":[{"href":"https:\/\/safetysourcefire.ca\/fr\/wp-json\/wp\/v2\/media?parent=4471"}],"wp:term":[{"taxonomy":"product_brand","embeddable":true,"href":"https:\/\/safetysourcefire.ca\/fr\/wp-json\/wp\/v2\/product_brand?post=4471"},{"taxonomy":"product_cat","embeddable":true,"href":"https:\/\/safetysourcefire.ca\/fr\/wp-json\/wp\/v2\/product_cat?post=4471"},{"taxonomy":"product_tag","embeddable":true,"href":"https:\/\/safetysourcefire.ca\/fr\/wp-json\/wp\/v2\/product_tag?post=4471"}],"curies":[{"name":"wp","href":"https:\/\/api.w.org\/{rel}","templated":true}]}}