{"id":4474,"date":"2017-07-06T14:43:34","date_gmt":"2017-07-06T14:43:34","guid":{"rendered":"https:\/\/mmfss.ca\/?post_type=product&#038;p=4474"},"modified":"2018-03-19T13:42:25","modified_gmt":"2018-03-19T13:42:25","slug":"standard-mobile-free-standing-lockers","status":"publish","type":"product","link":"https:\/\/safetysourcefire.ca\/fr\/produit\/standard-mobile-free-standing-lockers\/","title":{"rendered":"Casiers mobiles autoportants"},"content":{"rendered":"<p>Que vous manquiez d'espace mural ou que vous pr\u00e9f\u00e9riez simplement la portabilit\u00e9, ces casiers de rangement mobiles vous permettent d'utiliser n'importe quel espace ouvert pour un acc\u00e8s rapide et facile \u00e0 l'\u00e9quipement. De plus, ceci facilite le nettoyage. Chaque rang\u00e9e de casiers est mont\u00e9e sur un cadre soud\u00e9 robuste et comprend quatre roulettes verrouillables, des niveleurs ou des supports au sol.<\/p>\n<p>Version simple disponible en paquets de 2, 3 ou 4 en format de 18\".<\/p>\n<p>Sections de 20\" - paquet de 2 ou de 3<\/p>\n<p>Sections de 24\" -paquet de 2 ou 3<\/p>\n<p>Version double est disponible en paquets de 4,6 ou 8 en format de 18\".<\/p>\n<p>Sections de 20&quot; \u2013 4 ou 6 paquets<\/p>\n<p>Sections de 24&quot; \u2013 4 ou 6 paquets<\/p>\n<p><strong>\u00c9tag\u00e8res\/Crochets\u00a0:<\/strong> Deux \u00e9tag\u00e8res en fil m\u00e9tallique haute r\u00e9sistance de \u00bc&quot; et trois crochets pour v\u00eatements par casier<\/p>\n<p><strong>Ajustabilit\u00e9\u00a0:<\/strong> Tablettes en fil r\u00e9glables par incr\u00e9ments de 3\u2033<\/p>\n<p><strong>Cadre:<\/strong> Tube robuste de 1 \u00bc<\/p>\n<p><strong>Grilles lat\u00e9rales et arri\u00e8re<\/strong>: Fil \u00bc&quot; haute r\u00e9sistance<\/p>\n<p><strong>Plaque signal\u00e9tique<\/strong>: 20 GA. en t\u00f4le, compatible avec une plaque signal\u00e9tique personnalis\u00e9e de 2 \"x 16\". Plaque signal\u00e9tique de 2 \"x 12\" sur la porte s\u00e9curis\u00e9e<\/p>\n<p><strong>Options d&#039;assistance<\/strong>: roulettes verrouillables d&#039;une capacit\u00e9 de 250 lb, supports r\u00e9glables ou boulonn\u00e9s <strong>Options de porte s\u00e9curis\u00e9e<\/strong>: Tube en acier soud\u00e9 robuste de 1-1\/4\" OD, calibre 16 avec grille de remplissage de 3\" x 3\"<\/p>\n<p>\u2013 Tube en acier robuste de 1 \u00bc po de diam\u00e8tre ext\u00e9rieur soud\u00e9 de calibre 16 avec panneau solide (plastique stratifi\u00e9, ph\u00e9nolique ou HDPE)<\/p>\n<p><strong>Finition:<\/strong> Rev\u00eatement en poudre TGIC super durable<\/p>\n<p><strong>Couleurs disponibles:<\/strong> 7 couleurs standard \/ Assemblage : avec des outils simples, c'est rapide et facile!<\/p>","protected":false},"excerpt":{"rendered":"<p>Les casiers mobiles et autonomes de GearGrid offrent la m\u00eame r\u00e9sistance, durabilit\u00e9 et conception ouverte que nos casiers muraux standard, tout en ajoutant des possibilit\u00e9s illimit\u00e9s de positionnements.<\/p>","protected":false},"featured_media":4415,"template":"","meta":[],"product_brand":[159],"product_cat":[50,126],"product_tag":[301,300],"class_list":{"0":"post-4474","1":"product","2":"type-product","3":"status-publish","4":"has-post-thumbnail","6":"product_brand-geargrid","7":"product_cat-personal-protective-equipment","8":"product_cat-ppe-storage","9":"product_tag-gear-grid","10":"product_tag-geargrid","12":"first","13":"instock","14":"shipping-taxable","15":"product-type-simple"},"yoast_head":"<!-- This site is optimized with the Yoast SEO plugin v27.4 - https:\/\/yoast.com\/product\/yoast-seo-wordpress\/ -->\n<title>Standard Mobile &amp; Free Standing Lockers - Safety Source Fire<\/title>\n<meta name=\"robots\" content=\"index, follow, max-snippet:-1, max-image-preview:large, max-video-preview:-1\" \/>\n<link rel=\"canonical\" href=\"https:\/\/safetysourcefire.ca\/fr\/?product=standard-mobile-free-standing-lockers\" \/>\n<meta property=\"og:locale\" content=\"fr_CA\" \/>\n<meta property=\"og:type\" content=\"article\" \/>\n<meta property=\"og:title\" content=\"Standard Mobile &amp; Free Standing Lockers - Safety Source Fire\" \/>\n<meta property=\"og:description\" content=\"GearGrid\u2019s Standard Mobile &amp; Free Standing Lockers offer the strength, durability and open design of our Standard Wall Mount Lockers while adding unlimited placement flexibility.\" \/>\n<meta property=\"og:url\" content=\"https:\/\/safetysourcefire.ca\/fr\/?product=standard-mobile-free-standing-lockers\" \/>\n<meta property=\"og:site_name\" content=\"Safety Source Fire\" \/>\n<meta property=\"article:publisher\" content=\"https:\/\/www.facebook.com\/mmfssca\" \/>\n<meta property=\"article:modified_time\" content=\"2018-03-19T13:42:25+00:00\" \/>\n<meta property=\"og:image\" content=\"https:\/\/safetysourcefire.ca\/wp-content\/uploads\/2017\/07\/Mobile-Single-Sided.jpg\" \/>\n\t<meta property=\"og:image:width\" content=\"600\" \/>\n\t<meta property=\"og:image:height\" content=\"600\" \/>\n\t<meta property=\"og:image:type\" content=\"image\/jpeg\" \/>\n<meta name=\"twitter:card\" content=\"summary_large_image\" \/>\n<meta name=\"twitter:site\" content=\"@mmfssca\" \/>\n<meta name=\"twitter:label1\" content=\"Estimation du temps de lecture\" \/>\n\t<meta name=\"twitter:data1\" content=\"1 minute\" \/>\n<script type=\"application\/ld+json\" class=\"yoast-schema-graph\">{\"@context\":\"https:\\\/\\\/schema.org\",\"@graph\":[{\"@type\":\"WebPage\",\"@id\":\"https:\\\/\\\/safetysourcefire.ca\\\/?product=standard-mobile-free-standing-lockers\",\"url\":\"https:\\\/\\\/safetysourcefire.ca\\\/?product=standard-mobile-free-standing-lockers\",\"name\":\"Standard Mobile & Free Standing Lockers - Safety Source Fire\",\"isPartOf\":{\"@id\":\"https:\\\/\\\/safetysourcefire.ca\\\/#website\"},\"primaryImageOfPage\":{\"@id\":\"https:\\\/\\\/safetysourcefire.ca\\\/?product=standard-mobile-free-standing-lockers#primaryimage\"},\"image\":{\"@id\":\"https:\\\/\\\/safetysourcefire.ca\\\/?product=standard-mobile-free-standing-lockers#primaryimage\"},\"thumbnailUrl\":\"https:\\\/\\\/safetysourcefire.ca\\\/wp-content\\\/uploads\\\/2017\\\/07\\\/Mobile-Single-Sided.jpg\",\"datePublished\":\"2017-07-06T14:43:34+00:00\",\"dateModified\":\"2018-03-19T13:42:25+00:00\",\"breadcrumb\":{\"@id\":\"https:\\\/\\\/safetysourcefire.ca\\\/?product=standard-mobile-free-standing-lockers#breadcrumb\"},\"inLanguage\":\"fr-CA\",\"potentialAction\":[{\"@type\":\"ReadAction\",\"target\":[\"https:\\\/\\\/safetysourcefire.ca\\\/?product=standard-mobile-free-standing-lockers\"]}]},{\"@type\":\"ImageObject\",\"inLanguage\":\"fr-CA\",\"@id\":\"https:\\\/\\\/safetysourcefire.ca\\\/?product=standard-mobile-free-standing-lockers#primaryimage\",\"url\":\"https:\\\/\\\/safetysourcefire.ca\\\/wp-content\\\/uploads\\\/2017\\\/07\\\/Mobile-Single-Sided.jpg\",\"contentUrl\":\"https:\\\/\\\/safetysourcefire.ca\\\/wp-content\\\/uploads\\\/2017\\\/07\\\/Mobile-Single-Sided.jpg\",\"width\":600,\"height\":600,\"caption\":\"locker\"},{\"@type\":\"BreadcrumbList\",\"@id\":\"https:\\\/\\\/safetysourcefire.ca\\\/?product=standard-mobile-free-standing-lockers#breadcrumb\",\"itemListElement\":[{\"@type\":\"ListItem\",\"position\":1,\"name\":\"Home\",\"item\":\"https:\\\/\\\/safetysourcefire.ca\\\/\"},{\"@type\":\"ListItem\",\"position\":2,\"name\":\"Products\",\"item\":\"https:\\\/\\\/safetysourcefire.ca\\\/shop\\\/\"},{\"@type\":\"ListItem\",\"position\":3,\"name\":\"Standard Mobile &#038; Free Standing Lockers\"}]},{\"@type\":\"WebSite\",\"@id\":\"https:\\\/\\\/safetysourcefire.ca\\\/#website\",\"url\":\"https:\\\/\\\/safetysourcefire.ca\\\/\",\"name\":\"Safety Source Fire\",\"description\":\"\",\"publisher\":{\"@id\":\"https:\\\/\\\/safetysourcefire.ca\\\/#organization\"},\"potentialAction\":[{\"@type\":\"SearchAction\",\"target\":{\"@type\":\"EntryPoint\",\"urlTemplate\":\"https:\\\/\\\/safetysourcefire.ca\\\/?s={search_term_string}\"},\"query-input\":{\"@type\":\"PropertyValueSpecification\",\"valueRequired\":true,\"valueName\":\"search_term_string\"}}],\"inLanguage\":\"fr-CA\"},{\"@type\":\"Organization\",\"@id\":\"https:\\\/\\\/safetysourcefire.ca\\\/#organization\",\"name\":\"Safety Source Fire\",\"url\":\"https:\\\/\\\/safetysourcefire.ca\\\/\",\"logo\":{\"@type\":\"ImageObject\",\"inLanguage\":\"fr-CA\",\"@id\":\"https:\\\/\\\/safetysourcefire.ca\\\/#\\\/schema\\\/logo\\\/image\\\/\",\"url\":\"https:\\\/\\\/safetysourcefire.ca\\\/wp-content\\\/uploads\\\/2021\\\/01\\\/SSF_logo_CC0000-3.png\",\"contentUrl\":\"https:\\\/\\\/safetysourcefire.ca\\\/wp-content\\\/uploads\\\/2021\\\/01\\\/SSF_logo_CC0000-3.png\",\"width\":1107,\"height\":365,\"caption\":\"Safety Source Fire\"},\"image\":{\"@id\":\"https:\\\/\\\/safetysourcefire.ca\\\/#\\\/schema\\\/logo\\\/image\\\/\"},\"sameAs\":[\"https:\\\/\\\/www.facebook.com\\\/mmfssca\",\"https:\\\/\\\/x.com\\\/mmfssca\"]}]}<\/script>\n<!-- \/ Yoast SEO plugin. -->","yoast_head_json":{"title":"Casiers mobiles et autonomes standard - Safety Source Fire","robots":{"index":"index","follow":"follow","max-snippet":"max-snippet:-1","max-image-preview":"max-image-preview:large","max-video-preview":"max-video-preview:-1"},"canonical":"https:\/\/safetysourcefire.ca\/fr\/?product=standard-mobile-free-standing-lockers","og_locale":"fr_CA","og_type":"article","og_title":"Standard Mobile & Free Standing Lockers - Safety Source Fire","og_description":"GearGrid\u2019s Standard Mobile &amp; Free Standing Lockers offer the strength, durability and open design of our Standard Wall Mount Lockers while adding unlimited placement flexibility.","og_url":"https:\/\/safetysourcefire.ca\/fr\/?product=standard-mobile-free-standing-lockers","og_site_name":"Safety Source Fire","article_publisher":"https:\/\/www.facebook.com\/mmfssca","article_modified_time":"2018-03-19T13:42:25+00:00","og_image":[{"width":600,"height":600,"url":"https:\/\/safetysourcefire.ca\/wp-content\/uploads\/2017\/07\/Mobile-Single-Sided.jpg","type":"image\/jpeg"}],"twitter_card":"summary_large_image","twitter_site":"@mmfssca","twitter_misc":{"Estimation du temps de lecture":"1 minute"},"schema":{"@context":"https:\/\/schema.org","@graph":[{"@type":"WebPage","@id":"https:\/\/safetysourcefire.ca\/?product=standard-mobile-free-standing-lockers","url":"https:\/\/safetysourcefire.ca\/?product=standard-mobile-free-standing-lockers","name":"Casiers mobiles et autonomes standard - Safety Source Fire","isPartOf":{"@id":"https:\/\/safetysourcefire.ca\/#website"},"primaryImageOfPage":{"@id":"https:\/\/safetysourcefire.ca\/?product=standard-mobile-free-standing-lockers#primaryimage"},"image":{"@id":"https:\/\/safetysourcefire.ca\/?product=standard-mobile-free-standing-lockers#primaryimage"},"thumbnailUrl":"https:\/\/safetysourcefire.ca\/wp-content\/uploads\/2017\/07\/Mobile-Single-Sided.jpg","datePublished":"2017-07-06T14:43:34+00:00","dateModified":"2018-03-19T13:42:25+00:00","breadcrumb":{"@id":"https:\/\/safetysourcefire.ca\/?product=standard-mobile-free-standing-lockers#breadcrumb"},"inLanguage":"fr-CA","potentialAction":[{"@type":"ReadAction","target":["https:\/\/safetysourcefire.ca\/?product=standard-mobile-free-standing-lockers"]}]},{"@type":"ImageObject","inLanguage":"fr-CA","@id":"https:\/\/safetysourcefire.ca\/?product=standard-mobile-free-standing-lockers#primaryimage","url":"https:\/\/safetysourcefire.ca\/wp-content\/uploads\/2017\/07\/Mobile-Single-Sided.jpg","contentUrl":"https:\/\/safetysourcefire.ca\/wp-content\/uploads\/2017\/07\/Mobile-Single-Sided.jpg","width":600,"height":600,"caption":"locker"},{"@type":"BreadcrumbList","@id":"https:\/\/safetysourcefire.ca\/?product=standard-mobile-free-standing-lockers#breadcrumb","itemListElement":[{"@type":"ListItem","position":1,"name":"Home","item":"https:\/\/safetysourcefire.ca\/"},{"@type":"ListItem","position":2,"name":"Products","item":"https:\/\/safetysourcefire.ca\/shop\/"},{"@type":"ListItem","position":3,"name":"Standard Mobile &#038; Free Standing Lockers"}]},{"@type":"WebSite","@id":"https:\/\/safetysourcefire.ca\/#website","url":"https:\/\/safetysourcefire.ca\/","name":"Safety Source Fire","description":"","publisher":{"@id":"https:\/\/safetysourcefire.ca\/#organization"},"potentialAction":[{"@type":"SearchAction","target":{"@type":"EntryPoint","urlTemplate":"https:\/\/safetysourcefire.ca\/?s={search_term_string}"},"query-input":{"@type":"PropertyValueSpecification","valueRequired":true,"valueName":"search_term_string"}}],"inLanguage":"fr-CA"},{"@type":"Organization","@id":"https:\/\/safetysourcefire.ca\/#organization","name":"Safety Source Fire","url":"https:\/\/safetysourcefire.ca\/","logo":{"@type":"ImageObject","inLanguage":"fr-CA","@id":"https:\/\/safetysourcefire.ca\/#\/schema\/logo\/image\/","url":"https:\/\/safetysourcefire.ca\/wp-content\/uploads\/2021\/01\/SSF_logo_CC0000-3.png","contentUrl":"https:\/\/safetysourcefire.ca\/wp-content\/uploads\/2021\/01\/SSF_logo_CC0000-3.png","width":1107,"height":365,"caption":"Safety Source Fire"},"image":{"@id":"https:\/\/safetysourcefire.ca\/#\/schema\/logo\/image\/"},"sameAs":["https:\/\/www.facebook.com\/mmfssca","https:\/\/x.com\/mmfssca"]}]}},"_links":{"self":[{"href":"https:\/\/safetysourcefire.ca\/fr\/wp-json\/wp\/v2\/product\/4474","targetHints":{"allow":["GET"]}}],"collection":[{"href":"https:\/\/safetysourcefire.ca\/fr\/wp-json\/wp\/v2\/product"}],"about":[{"href":"https:\/\/safetysourcefire.ca\/fr\/wp-json\/wp\/v2\/types\/product"}],"wp:featuredmedia":[{"embeddable":true,"href":"https:\/\/safetysourcefire.ca\/fr\/wp-json\/wp\/v2\/media\/4415"}],"wp:attachment":[{"href":"https:\/\/safetysourcefire.ca\/fr\/wp-json\/wp\/v2\/media?parent=4474"}],"wp:term":[{"taxonomy":"product_brand","embeddable":true,"href":"https:\/\/safetysourcefire.ca\/fr\/wp-json\/wp\/v2\/product_brand?post=4474"},{"taxonomy":"product_cat","embeddable":true,"href":"https:\/\/safetysourcefire.ca\/fr\/wp-json\/wp\/v2\/product_cat?post=4474"},{"taxonomy":"product_tag","embeddable":true,"href":"https:\/\/safetysourcefire.ca\/fr\/wp-json\/wp\/v2\/product_tag?post=4474"}],"curies":[{"name":"wp","href":"https:\/\/api.w.org\/{rel}","templated":true}]}}