{"id":4475,"date":"2017-07-06T14:45:28","date_gmt":"2017-07-06T14:45:28","guid":{"rendered":"https:\/\/mmfss.ca\/?post_type=product&#038;p=4475"},"modified":"2018-03-19T13:42:25","modified_gmt":"2018-03-19T13:42:25","slug":"standard-wall-mount-lockers","status":"publish","type":"product","link":"https:\/\/safetysourcefire.ca\/fr\/produit\/standard-wall-mount-lockers\/","title":{"rendered":"Casiers muraux standard"},"content":{"rendered":"<p>Notre conception brevet\u00e9e favorise une circulation d'air maximale, ce qui minimise l'accumulation d'odeurs tout en permettant aux articles humides de s\u00e9cher plus rapidement. Le montage au-dessus du sol \u00e9limine le besoin d'une base s\u00e9par\u00e9e et rend le nettoyage plus facile que jamais. GearGrid offre une personnalisation compl\u00e8te des casiers pour correspondre \u00e0 vos besoins, afin que vous puissiez construire votre syst\u00e8me de casiers dans n'importe quelle combinaison.<\/p>\n<p>&nbsp;<\/p>\n<p><strong>Tailles disponibles\u00a0: 18&quot;, 20&quot; et 24&quot; de largeur, 20&quot; ou 24&quot; de profondeur, 74,5&quot; de hauteur<\/strong><\/p>\n<p>&nbsp;<\/p>\n<p><strong>\u00c9tag\u00e8res\/Crochets\u00a0:<\/strong> Deux \u00e9tag\u00e8res en fil m\u00e9tallique haute r\u00e9sistance de \u00bc&quot; et trois crochets pour v\u00eatements par casier<\/p>\n<p>&nbsp;<\/p>\n<p><strong>Ajustabilit\u00e9\u00a0:<\/strong> Tablettes grillag\u00e9es r\u00e9glables par incr\u00e9ments de 3\u2033 Cadre : Tube robuste de 1 \u00bc\u201d<\/p>\n<p>&nbsp;<\/p>\n<p><strong>Grilles lat\u00e9rales et arri\u00e8re<\/strong>: Fil \u00bc&quot; haute r\u00e9sistance<\/p>\n<p>&nbsp;<\/p>\n<p><strong>Options de porte s\u00e9curis\u00e9e<\/strong>: \u2013 Tube en acier robuste, soud\u00e9 1-\u00bc\u201d OD, calibre 16 avec grille de remplissage 3\u2033 x 3\u2033 ph\u00e9nolique ou HDPE)<\/p>\n<p>&nbsp;<\/p>\n<p><strong>Plaque signal\u00e9tique<\/strong>: 20 GA. en t\u00f4le, compatible avec une plaque signal\u00e9tique personnalis\u00e9e de 2 \"x 16\". Plaque signal\u00e9tique de 2 \"x 12\" sur la porte s\u00e9curis\u00e9e<\/p>\n<p>&nbsp;<\/p>\n<p><strong>Supports de montage:<\/strong> 11 GA. acier<\/p>\n<p>&nbsp;<\/p>\n<p><strong>Finition:<\/strong> Rev\u00eatement en poudre TGIC super durable<\/p>\n<p>&nbsp;<\/p>\n<p><strong>Couleurs disponibles:<\/strong> 7 couleurs standards<\/p>\n<p>&nbsp;<\/p>\n<p><strong>Instructions d'assemblage:<\/strong> Avec des outils de base; c'est rapide et facile!<\/p>","protected":false},"excerpt":{"rendered":"<p>Ces casiers muraux de GearGrid sont la gamme de casiers coupe-feu la plus solide et la plus polyvalente du march\u00e9.<\/p>","protected":false},"featured_media":4421,"template":"","meta":[],"product_brand":[159],"product_cat":[50,126],"product_tag":[301,300],"class_list":{"0":"post-4475","1":"product","2":"type-product","3":"status-publish","4":"has-post-thumbnail","6":"product_brand-geargrid","7":"product_cat-personal-protective-equipment","8":"product_cat-ppe-storage","9":"product_tag-gear-grid","10":"product_tag-geargrid","12":"first","13":"instock","14":"shipping-taxable","15":"product-type-simple"},"yoast_head":"<!-- This site is optimized with the Yoast SEO plugin v27.4 - https:\/\/yoast.com\/product\/yoast-seo-wordpress\/ -->\n<title>Standard Wall Mount Lockers - Safety Source Fire<\/title>\n<meta name=\"robots\" content=\"index, follow, max-snippet:-1, max-image-preview:large, max-video-preview:-1\" \/>\n<link rel=\"canonical\" href=\"https:\/\/safetysourcefire.ca\/fr\/?product=standard-wall-mount-lockers\" \/>\n<meta property=\"og:locale\" content=\"fr_CA\" \/>\n<meta property=\"og:type\" content=\"article\" \/>\n<meta property=\"og:title\" content=\"Standard Wall Mount Lockers - Safety Source Fire\" \/>\n<meta property=\"og:description\" content=\"GearGrid&#039;s Standard Wall Mount Lockers are the strongest and most versatile line of fire lockers available.\" \/>\n<meta property=\"og:url\" content=\"https:\/\/safetysourcefire.ca\/fr\/?product=standard-wall-mount-lockers\" \/>\n<meta property=\"og:site_name\" content=\"Safety Source Fire\" \/>\n<meta property=\"article:publisher\" content=\"https:\/\/www.facebook.com\/mmfssca\" \/>\n<meta property=\"article:modified_time\" content=\"2018-03-19T13:42:25+00:00\" \/>\n<meta property=\"og:image\" content=\"https:\/\/safetysourcefire.ca\/wp-content\/uploads\/2017\/07\/Wall-Mount.jpg\" \/>\n\t<meta property=\"og:image:width\" content=\"600\" \/>\n\t<meta property=\"og:image:height\" content=\"600\" \/>\n\t<meta property=\"og:image:type\" content=\"image\/jpeg\" \/>\n<meta name=\"twitter:card\" content=\"summary_large_image\" \/>\n<meta name=\"twitter:site\" content=\"@mmfssca\" \/>\n<meta name=\"twitter:label1\" content=\"Estimation du temps de lecture\" \/>\n\t<meta name=\"twitter:data1\" content=\"1 minute\" \/>\n<script type=\"application\/ld+json\" class=\"yoast-schema-graph\">{\"@context\":\"https:\\\/\\\/schema.org\",\"@graph\":[{\"@type\":\"WebPage\",\"@id\":\"https:\\\/\\\/safetysourcefire.ca\\\/?product=standard-wall-mount-lockers\",\"url\":\"https:\\\/\\\/safetysourcefire.ca\\\/?product=standard-wall-mount-lockers\",\"name\":\"Standard Wall Mount Lockers - Safety Source Fire\",\"isPartOf\":{\"@id\":\"https:\\\/\\\/safetysourcefire.ca\\\/#website\"},\"primaryImageOfPage\":{\"@id\":\"https:\\\/\\\/safetysourcefire.ca\\\/?product=standard-wall-mount-lockers#primaryimage\"},\"image\":{\"@id\":\"https:\\\/\\\/safetysourcefire.ca\\\/?product=standard-wall-mount-lockers#primaryimage\"},\"thumbnailUrl\":\"https:\\\/\\\/safetysourcefire.ca\\\/wp-content\\\/uploads\\\/2017\\\/07\\\/Wall-Mount.jpg\",\"datePublished\":\"2017-07-06T14:45:28+00:00\",\"dateModified\":\"2018-03-19T13:42:25+00:00\",\"breadcrumb\":{\"@id\":\"https:\\\/\\\/safetysourcefire.ca\\\/?product=standard-wall-mount-lockers#breadcrumb\"},\"inLanguage\":\"fr-CA\",\"potentialAction\":[{\"@type\":\"ReadAction\",\"target\":[\"https:\\\/\\\/safetysourcefire.ca\\\/?product=standard-wall-mount-lockers\"]}]},{\"@type\":\"ImageObject\",\"inLanguage\":\"fr-CA\",\"@id\":\"https:\\\/\\\/safetysourcefire.ca\\\/?product=standard-wall-mount-lockers#primaryimage\",\"url\":\"https:\\\/\\\/safetysourcefire.ca\\\/wp-content\\\/uploads\\\/2017\\\/07\\\/Wall-Mount.jpg\",\"contentUrl\":\"https:\\\/\\\/safetysourcefire.ca\\\/wp-content\\\/uploads\\\/2017\\\/07\\\/Wall-Mount.jpg\",\"width\":600,\"height\":600,\"caption\":\"locker\"},{\"@type\":\"BreadcrumbList\",\"@id\":\"https:\\\/\\\/safetysourcefire.ca\\\/?product=standard-wall-mount-lockers#breadcrumb\",\"itemListElement\":[{\"@type\":\"ListItem\",\"position\":1,\"name\":\"Home\",\"item\":\"https:\\\/\\\/safetysourcefire.ca\\\/\"},{\"@type\":\"ListItem\",\"position\":2,\"name\":\"Products\",\"item\":\"https:\\\/\\\/safetysourcefire.ca\\\/shop\\\/\"},{\"@type\":\"ListItem\",\"position\":3,\"name\":\"Standard Wall Mount Lockers\"}]},{\"@type\":\"WebSite\",\"@id\":\"https:\\\/\\\/safetysourcefire.ca\\\/#website\",\"url\":\"https:\\\/\\\/safetysourcefire.ca\\\/\",\"name\":\"Safety Source Fire\",\"description\":\"\",\"publisher\":{\"@id\":\"https:\\\/\\\/safetysourcefire.ca\\\/#organization\"},\"potentialAction\":[{\"@type\":\"SearchAction\",\"target\":{\"@type\":\"EntryPoint\",\"urlTemplate\":\"https:\\\/\\\/safetysourcefire.ca\\\/?s={search_term_string}\"},\"query-input\":{\"@type\":\"PropertyValueSpecification\",\"valueRequired\":true,\"valueName\":\"search_term_string\"}}],\"inLanguage\":\"fr-CA\"},{\"@type\":\"Organization\",\"@id\":\"https:\\\/\\\/safetysourcefire.ca\\\/#organization\",\"name\":\"Safety Source Fire\",\"url\":\"https:\\\/\\\/safetysourcefire.ca\\\/\",\"logo\":{\"@type\":\"ImageObject\",\"inLanguage\":\"fr-CA\",\"@id\":\"https:\\\/\\\/safetysourcefire.ca\\\/#\\\/schema\\\/logo\\\/image\\\/\",\"url\":\"https:\\\/\\\/safetysourcefire.ca\\\/wp-content\\\/uploads\\\/2021\\\/01\\\/SSF_logo_CC0000-3.png\",\"contentUrl\":\"https:\\\/\\\/safetysourcefire.ca\\\/wp-content\\\/uploads\\\/2021\\\/01\\\/SSF_logo_CC0000-3.png\",\"width\":1107,\"height\":365,\"caption\":\"Safety Source Fire\"},\"image\":{\"@id\":\"https:\\\/\\\/safetysourcefire.ca\\\/#\\\/schema\\\/logo\\\/image\\\/\"},\"sameAs\":[\"https:\\\/\\\/www.facebook.com\\\/mmfssca\",\"https:\\\/\\\/x.com\\\/mmfssca\"]}]}<\/script>\n<!-- \/ Yoast SEO plugin. -->","yoast_head_json":{"title":"Casiers muraux standard - Safety Source Fire","robots":{"index":"index","follow":"follow","max-snippet":"max-snippet:-1","max-image-preview":"max-image-preview:large","max-video-preview":"max-video-preview:-1"},"canonical":"https:\/\/safetysourcefire.ca\/fr\/?product=standard-wall-mount-lockers","og_locale":"fr_CA","og_type":"article","og_title":"Standard Wall Mount Lockers - Safety Source Fire","og_description":"GearGrid's Standard Wall Mount Lockers are the strongest and most versatile line of fire lockers available.","og_url":"https:\/\/safetysourcefire.ca\/fr\/?product=standard-wall-mount-lockers","og_site_name":"Safety Source Fire","article_publisher":"https:\/\/www.facebook.com\/mmfssca","article_modified_time":"2018-03-19T13:42:25+00:00","og_image":[{"width":600,"height":600,"url":"https:\/\/safetysourcefire.ca\/wp-content\/uploads\/2017\/07\/Wall-Mount.jpg","type":"image\/jpeg"}],"twitter_card":"summary_large_image","twitter_site":"@mmfssca","twitter_misc":{"Estimation du temps de lecture":"1 minute"},"schema":{"@context":"https:\/\/schema.org","@graph":[{"@type":"WebPage","@id":"https:\/\/safetysourcefire.ca\/?product=standard-wall-mount-lockers","url":"https:\/\/safetysourcefire.ca\/?product=standard-wall-mount-lockers","name":"Casiers muraux standard - Safety Source Fire","isPartOf":{"@id":"https:\/\/safetysourcefire.ca\/#website"},"primaryImageOfPage":{"@id":"https:\/\/safetysourcefire.ca\/?product=standard-wall-mount-lockers#primaryimage"},"image":{"@id":"https:\/\/safetysourcefire.ca\/?product=standard-wall-mount-lockers#primaryimage"},"thumbnailUrl":"https:\/\/safetysourcefire.ca\/wp-content\/uploads\/2017\/07\/Wall-Mount.jpg","datePublished":"2017-07-06T14:45:28+00:00","dateModified":"2018-03-19T13:42:25+00:00","breadcrumb":{"@id":"https:\/\/safetysourcefire.ca\/?product=standard-wall-mount-lockers#breadcrumb"},"inLanguage":"fr-CA","potentialAction":[{"@type":"ReadAction","target":["https:\/\/safetysourcefire.ca\/?product=standard-wall-mount-lockers"]}]},{"@type":"ImageObject","inLanguage":"fr-CA","@id":"https:\/\/safetysourcefire.ca\/?product=standard-wall-mount-lockers#primaryimage","url":"https:\/\/safetysourcefire.ca\/wp-content\/uploads\/2017\/07\/Wall-Mount.jpg","contentUrl":"https:\/\/safetysourcefire.ca\/wp-content\/uploads\/2017\/07\/Wall-Mount.jpg","width":600,"height":600,"caption":"locker"},{"@type":"BreadcrumbList","@id":"https:\/\/safetysourcefire.ca\/?product=standard-wall-mount-lockers#breadcrumb","itemListElement":[{"@type":"ListItem","position":1,"name":"Home","item":"https:\/\/safetysourcefire.ca\/"},{"@type":"ListItem","position":2,"name":"Products","item":"https:\/\/safetysourcefire.ca\/shop\/"},{"@type":"ListItem","position":3,"name":"Standard Wall Mount Lockers"}]},{"@type":"WebSite","@id":"https:\/\/safetysourcefire.ca\/#website","url":"https:\/\/safetysourcefire.ca\/","name":"Safety Source Fire","description":"","publisher":{"@id":"https:\/\/safetysourcefire.ca\/#organization"},"potentialAction":[{"@type":"SearchAction","target":{"@type":"EntryPoint","urlTemplate":"https:\/\/safetysourcefire.ca\/?s={search_term_string}"},"query-input":{"@type":"PropertyValueSpecification","valueRequired":true,"valueName":"search_term_string"}}],"inLanguage":"fr-CA"},{"@type":"Organization","@id":"https:\/\/safetysourcefire.ca\/#organization","name":"Safety Source Fire","url":"https:\/\/safetysourcefire.ca\/","logo":{"@type":"ImageObject","inLanguage":"fr-CA","@id":"https:\/\/safetysourcefire.ca\/#\/schema\/logo\/image\/","url":"https:\/\/safetysourcefire.ca\/wp-content\/uploads\/2021\/01\/SSF_logo_CC0000-3.png","contentUrl":"https:\/\/safetysourcefire.ca\/wp-content\/uploads\/2021\/01\/SSF_logo_CC0000-3.png","width":1107,"height":365,"caption":"Safety Source Fire"},"image":{"@id":"https:\/\/safetysourcefire.ca\/#\/schema\/logo\/image\/"},"sameAs":["https:\/\/www.facebook.com\/mmfssca","https:\/\/x.com\/mmfssca"]}]}},"_links":{"self":[{"href":"https:\/\/safetysourcefire.ca\/fr\/wp-json\/wp\/v2\/product\/4475","targetHints":{"allow":["GET"]}}],"collection":[{"href":"https:\/\/safetysourcefire.ca\/fr\/wp-json\/wp\/v2\/product"}],"about":[{"href":"https:\/\/safetysourcefire.ca\/fr\/wp-json\/wp\/v2\/types\/product"}],"wp:featuredmedia":[{"embeddable":true,"href":"https:\/\/safetysourcefire.ca\/fr\/wp-json\/wp\/v2\/media\/4421"}],"wp:attachment":[{"href":"https:\/\/safetysourcefire.ca\/fr\/wp-json\/wp\/v2\/media?parent=4475"}],"wp:term":[{"taxonomy":"product_brand","embeddable":true,"href":"https:\/\/safetysourcefire.ca\/fr\/wp-json\/wp\/v2\/product_brand?post=4475"},{"taxonomy":"product_cat","embeddable":true,"href":"https:\/\/safetysourcefire.ca\/fr\/wp-json\/wp\/v2\/product_cat?post=4475"},{"taxonomy":"product_tag","embeddable":true,"href":"https:\/\/safetysourcefire.ca\/fr\/wp-json\/wp\/v2\/product_tag?post=4475"}],"curies":[{"name":"wp","href":"https:\/\/api.w.org\/{rel}","templated":true}]}}