{"id":4478,"date":"2017-07-06T14:50:50","date_gmt":"2017-07-06T14:50:50","guid":{"rendered":"https:\/\/mmfss.ca\/?post_type=product&#038;p=4478"},"modified":"2018-03-19T13:42:24","modified_gmt":"2018-03-19T13:42:24","slug":"free-standing-tube-wall-structure","status":"publish","type":"product","link":"https:\/\/safetysourcefire.ca\/fr\/produit\/free-standing-tube-wall-structure\/","title":{"rendered":"Structure murale tubulaire autoportante FSTWS"},"content":{"rendered":"<p>La structure FSTWS utilise des plaques de montage robustes au sol pour fixer solidement la structure du cadre au sol \u00e0 n'importe quel endroit souhait\u00e9, tout en conservant les avantages d'une installation murale typique. Le FSTWS permet aux casiers de se monter sur un ou les deux c\u00f4t\u00e9s de la structure, et sera con\u00e7u pour la disposition, la taille et la quantit\u00e9 de casiers souhait\u00e9s.<\/p>\n<p>&nbsp;<\/p>\n<p><strong>Taille:<\/strong> A d\u00e9terminer selon la disposition voulue<\/p>\n<p>&nbsp;<\/p>\n<p><strong>Construction:<\/strong> Les unit\u00e9s doivent \u00eatre soud\u00e9es \u00e0 tous les joints. L'utilisation de fixations ne sera n\u00e9cessaire que pour permettre l'exp\u00e9dition d\u00e9mont\u00e9e, la fixation des unit\u00e9s \u00e0 la surface de montage et sur les accessoires applicables.<\/p>\n<p>\u2013 Poteaux verticaux : 4 x 4, tube en acier ASTM A513 d'une \u00e9paisseur de paroi de 0,250.<\/p>\n<p>\u2013 Plaques de montage au sol\u00a0: plaque d'acier de \u00bd\u00a0po soud\u00e9e aux poteaux verticaux. Trous de montage de 3\u00a0\/8\u2033 selon les besoins.<\/p>\n<p>\u2013 Cadres horizontaux : 4\u2033 x 4, tube en acier ASTM A513 d'\u00e9paisseur de paroi .1875. Cadres fix\u00e9s m\u00e9caniquement aux poteaux verticaux avec la quincaillerie fournie.<\/p>\n<p>&nbsp;<\/p>\n<p><strong>Finition:<\/strong> Rev\u00eatement en poudre TGIC super durable<\/p>\n<p>&nbsp;<\/p>\n<p><strong>Couleurs disponibles:<\/strong> 7 couleurs standards<\/p>\n<p>&nbsp;<\/p>\n<p>(Porte-casque)<\/p>\n<p>&nbsp;<\/p>\n<p><strong>Porte-casque\u2122<\/strong><\/p>\n<p>&nbsp;<\/p>\n<p>Prot\u00e9gez les casques avec cet accessoire innovant mais simple, enduit de poudre pour une durabilit\u00e9 \u00e0 long terme. *Remarque : non recommand\u00e9 avec Secure Door ou Top-Side Storage.<\/p>\n<p>&nbsp;<\/p>","protected":false},"excerpt":{"rendered":"<p>Cette structure murale GearGrid (Free Standing Tube Wall Structure FSTWS) est une alternative int\u00e9ressante aux casiers standards.<\/p>","protected":false},"featured_media":4406,"template":"","meta":[],"product_brand":[159],"product_cat":[50,126],"product_tag":[301,300],"class_list":{"0":"post-4478","1":"product","2":"type-product","3":"status-publish","4":"has-post-thumbnail","6":"product_brand-geargrid","7":"product_cat-personal-protective-equipment","8":"product_cat-ppe-storage","9":"product_tag-gear-grid","10":"product_tag-geargrid","12":"first","13":"instock","14":"shipping-taxable","15":"product-type-simple"},"yoast_head":"<!-- This site is optimized with the Yoast SEO plugin v27.4 - https:\/\/yoast.com\/product\/yoast-seo-wordpress\/ -->\n<title>Free Standing Tube Wall Structure - Safety Source Fire<\/title>\n<meta name=\"robots\" content=\"index, follow, max-snippet:-1, max-image-preview:large, max-video-preview:-1\" \/>\n<link rel=\"canonical\" href=\"https:\/\/safetysourcefire.ca\/fr\/?product=free-standing-tube-wall-structure\" \/>\n<meta property=\"og:locale\" content=\"fr_CA\" \/>\n<meta property=\"og:type\" content=\"article\" \/>\n<meta property=\"og:title\" content=\"Free Standing Tube Wall Structure - Safety Source Fire\" \/>\n<meta property=\"og:description\" content=\"The GearGrid Free Standing Tube Wall Structure (FSTWS) provides an additional and alternative mounting option for our Standard Wall Mount Lockers.\" \/>\n<meta property=\"og:url\" content=\"https:\/\/safetysourcefire.ca\/fr\/?product=free-standing-tube-wall-structure\" \/>\n<meta property=\"og:site_name\" content=\"Safety Source Fire\" \/>\n<meta property=\"article:publisher\" content=\"https:\/\/www.facebook.com\/mmfssca\" \/>\n<meta property=\"article:modified_time\" content=\"2018-03-19T13:42:24+00:00\" \/>\n<meta property=\"og:image\" content=\"https:\/\/safetysourcefire.ca\/wp-content\/uploads\/2017\/07\/Free-Standing.jpg\" \/>\n\t<meta property=\"og:image:width\" content=\"600\" \/>\n\t<meta property=\"og:image:height\" content=\"600\" \/>\n\t<meta property=\"og:image:type\" content=\"image\/jpeg\" \/>\n<meta name=\"twitter:card\" content=\"summary_large_image\" \/>\n<meta name=\"twitter:site\" content=\"@mmfssca\" \/>\n<meta name=\"twitter:label1\" content=\"Estimation du temps de lecture\" \/>\n\t<meta name=\"twitter:data1\" content=\"1 minute\" \/>\n<script type=\"application\/ld+json\" class=\"yoast-schema-graph\">{\"@context\":\"https:\\\/\\\/schema.org\",\"@graph\":[{\"@type\":\"WebPage\",\"@id\":\"https:\\\/\\\/safetysourcefire.ca\\\/?product=free-standing-tube-wall-structure\",\"url\":\"https:\\\/\\\/safetysourcefire.ca\\\/?product=free-standing-tube-wall-structure\",\"name\":\"Free Standing Tube Wall Structure - Safety Source Fire\",\"isPartOf\":{\"@id\":\"https:\\\/\\\/safetysourcefire.ca\\\/#website\"},\"primaryImageOfPage\":{\"@id\":\"https:\\\/\\\/safetysourcefire.ca\\\/?product=free-standing-tube-wall-structure#primaryimage\"},\"image\":{\"@id\":\"https:\\\/\\\/safetysourcefire.ca\\\/?product=free-standing-tube-wall-structure#primaryimage\"},\"thumbnailUrl\":\"https:\\\/\\\/safetysourcefire.ca\\\/wp-content\\\/uploads\\\/2017\\\/07\\\/Free-Standing.jpg\",\"datePublished\":\"2017-07-06T14:50:50+00:00\",\"dateModified\":\"2018-03-19T13:42:24+00:00\",\"breadcrumb\":{\"@id\":\"https:\\\/\\\/safetysourcefire.ca\\\/?product=free-standing-tube-wall-structure#breadcrumb\"},\"inLanguage\":\"fr-CA\",\"potentialAction\":[{\"@type\":\"ReadAction\",\"target\":[\"https:\\\/\\\/safetysourcefire.ca\\\/?product=free-standing-tube-wall-structure\"]}]},{\"@type\":\"ImageObject\",\"inLanguage\":\"fr-CA\",\"@id\":\"https:\\\/\\\/safetysourcefire.ca\\\/?product=free-standing-tube-wall-structure#primaryimage\",\"url\":\"https:\\\/\\\/safetysourcefire.ca\\\/wp-content\\\/uploads\\\/2017\\\/07\\\/Free-Standing.jpg\",\"contentUrl\":\"https:\\\/\\\/safetysourcefire.ca\\\/wp-content\\\/uploads\\\/2017\\\/07\\\/Free-Standing.jpg\",\"width\":600,\"height\":600,\"caption\":\"locker wall structure\"},{\"@type\":\"BreadcrumbList\",\"@id\":\"https:\\\/\\\/safetysourcefire.ca\\\/?product=free-standing-tube-wall-structure#breadcrumb\",\"itemListElement\":[{\"@type\":\"ListItem\",\"position\":1,\"name\":\"Home\",\"item\":\"https:\\\/\\\/safetysourcefire.ca\\\/\"},{\"@type\":\"ListItem\",\"position\":2,\"name\":\"Products\",\"item\":\"https:\\\/\\\/safetysourcefire.ca\\\/shop\\\/\"},{\"@type\":\"ListItem\",\"position\":3,\"name\":\"Free Standing Tube Wall Structure\"}]},{\"@type\":\"WebSite\",\"@id\":\"https:\\\/\\\/safetysourcefire.ca\\\/#website\",\"url\":\"https:\\\/\\\/safetysourcefire.ca\\\/\",\"name\":\"Safety Source Fire\",\"description\":\"\",\"publisher\":{\"@id\":\"https:\\\/\\\/safetysourcefire.ca\\\/#organization\"},\"potentialAction\":[{\"@type\":\"SearchAction\",\"target\":{\"@type\":\"EntryPoint\",\"urlTemplate\":\"https:\\\/\\\/safetysourcefire.ca\\\/?s={search_term_string}\"},\"query-input\":{\"@type\":\"PropertyValueSpecification\",\"valueRequired\":true,\"valueName\":\"search_term_string\"}}],\"inLanguage\":\"fr-CA\"},{\"@type\":\"Organization\",\"@id\":\"https:\\\/\\\/safetysourcefire.ca\\\/#organization\",\"name\":\"Safety Source Fire\",\"url\":\"https:\\\/\\\/safetysourcefire.ca\\\/\",\"logo\":{\"@type\":\"ImageObject\",\"inLanguage\":\"fr-CA\",\"@id\":\"https:\\\/\\\/safetysourcefire.ca\\\/#\\\/schema\\\/logo\\\/image\\\/\",\"url\":\"https:\\\/\\\/safetysourcefire.ca\\\/wp-content\\\/uploads\\\/2021\\\/01\\\/SSF_logo_CC0000-3.png\",\"contentUrl\":\"https:\\\/\\\/safetysourcefire.ca\\\/wp-content\\\/uploads\\\/2021\\\/01\\\/SSF_logo_CC0000-3.png\",\"width\":1107,\"height\":365,\"caption\":\"Safety Source Fire\"},\"image\":{\"@id\":\"https:\\\/\\\/safetysourcefire.ca\\\/#\\\/schema\\\/logo\\\/image\\\/\"},\"sameAs\":[\"https:\\\/\\\/www.facebook.com\\\/mmfssca\",\"https:\\\/\\\/x.com\\\/mmfssca\"]}]}<\/script>\n<!-- \/ Yoast SEO plugin. -->","yoast_head_json":{"title":"Structure murale tubulaire autoportante - Source de s\u00e9curit\u00e9 incendie","robots":{"index":"index","follow":"follow","max-snippet":"max-snippet:-1","max-image-preview":"max-image-preview:large","max-video-preview":"max-video-preview:-1"},"canonical":"https:\/\/safetysourcefire.ca\/fr\/?product=free-standing-tube-wall-structure","og_locale":"fr_CA","og_type":"article","og_title":"Free Standing Tube Wall Structure - Safety Source Fire","og_description":"The GearGrid Free Standing Tube Wall Structure (FSTWS) provides an additional and alternative mounting option for our Standard Wall Mount Lockers.","og_url":"https:\/\/safetysourcefire.ca\/fr\/?product=free-standing-tube-wall-structure","og_site_name":"Safety Source Fire","article_publisher":"https:\/\/www.facebook.com\/mmfssca","article_modified_time":"2018-03-19T13:42:24+00:00","og_image":[{"width":600,"height":600,"url":"https:\/\/safetysourcefire.ca\/wp-content\/uploads\/2017\/07\/Free-Standing.jpg","type":"image\/jpeg"}],"twitter_card":"summary_large_image","twitter_site":"@mmfssca","twitter_misc":{"Estimation du temps de lecture":"1 minute"},"schema":{"@context":"https:\/\/schema.org","@graph":[{"@type":"WebPage","@id":"https:\/\/safetysourcefire.ca\/?product=free-standing-tube-wall-structure","url":"https:\/\/safetysourcefire.ca\/?product=free-standing-tube-wall-structure","name":"Structure murale tubulaire autoportante - Source de s\u00e9curit\u00e9 incendie","isPartOf":{"@id":"https:\/\/safetysourcefire.ca\/#website"},"primaryImageOfPage":{"@id":"https:\/\/safetysourcefire.ca\/?product=free-standing-tube-wall-structure#primaryimage"},"image":{"@id":"https:\/\/safetysourcefire.ca\/?product=free-standing-tube-wall-structure#primaryimage"},"thumbnailUrl":"https:\/\/safetysourcefire.ca\/wp-content\/uploads\/2017\/07\/Free-Standing.jpg","datePublished":"2017-07-06T14:50:50+00:00","dateModified":"2018-03-19T13:42:24+00:00","breadcrumb":{"@id":"https:\/\/safetysourcefire.ca\/?product=free-standing-tube-wall-structure#breadcrumb"},"inLanguage":"fr-CA","potentialAction":[{"@type":"ReadAction","target":["https:\/\/safetysourcefire.ca\/?product=free-standing-tube-wall-structure"]}]},{"@type":"ImageObject","inLanguage":"fr-CA","@id":"https:\/\/safetysourcefire.ca\/?product=free-standing-tube-wall-structure#primaryimage","url":"https:\/\/safetysourcefire.ca\/wp-content\/uploads\/2017\/07\/Free-Standing.jpg","contentUrl":"https:\/\/safetysourcefire.ca\/wp-content\/uploads\/2017\/07\/Free-Standing.jpg","width":600,"height":600,"caption":"locker wall structure"},{"@type":"BreadcrumbList","@id":"https:\/\/safetysourcefire.ca\/?product=free-standing-tube-wall-structure#breadcrumb","itemListElement":[{"@type":"ListItem","position":1,"name":"Home","item":"https:\/\/safetysourcefire.ca\/"},{"@type":"ListItem","position":2,"name":"Products","item":"https:\/\/safetysourcefire.ca\/shop\/"},{"@type":"ListItem","position":3,"name":"Free Standing Tube Wall Structure"}]},{"@type":"WebSite","@id":"https:\/\/safetysourcefire.ca\/#website","url":"https:\/\/safetysourcefire.ca\/","name":"Safety Source Fire","description":"","publisher":{"@id":"https:\/\/safetysourcefire.ca\/#organization"},"potentialAction":[{"@type":"SearchAction","target":{"@type":"EntryPoint","urlTemplate":"https:\/\/safetysourcefire.ca\/?s={search_term_string}"},"query-input":{"@type":"PropertyValueSpecification","valueRequired":true,"valueName":"search_term_string"}}],"inLanguage":"fr-CA"},{"@type":"Organization","@id":"https:\/\/safetysourcefire.ca\/#organization","name":"Safety Source Fire","url":"https:\/\/safetysourcefire.ca\/","logo":{"@type":"ImageObject","inLanguage":"fr-CA","@id":"https:\/\/safetysourcefire.ca\/#\/schema\/logo\/image\/","url":"https:\/\/safetysourcefire.ca\/wp-content\/uploads\/2021\/01\/SSF_logo_CC0000-3.png","contentUrl":"https:\/\/safetysourcefire.ca\/wp-content\/uploads\/2021\/01\/SSF_logo_CC0000-3.png","width":1107,"height":365,"caption":"Safety Source Fire"},"image":{"@id":"https:\/\/safetysourcefire.ca\/#\/schema\/logo\/image\/"},"sameAs":["https:\/\/www.facebook.com\/mmfssca","https:\/\/x.com\/mmfssca"]}]}},"_links":{"self":[{"href":"https:\/\/safetysourcefire.ca\/fr\/wp-json\/wp\/v2\/product\/4478","targetHints":{"allow":["GET"]}}],"collection":[{"href":"https:\/\/safetysourcefire.ca\/fr\/wp-json\/wp\/v2\/product"}],"about":[{"href":"https:\/\/safetysourcefire.ca\/fr\/wp-json\/wp\/v2\/types\/product"}],"wp:featuredmedia":[{"embeddable":true,"href":"https:\/\/safetysourcefire.ca\/fr\/wp-json\/wp\/v2\/media\/4406"}],"wp:attachment":[{"href":"https:\/\/safetysourcefire.ca\/fr\/wp-json\/wp\/v2\/media?parent=4478"}],"wp:term":[{"taxonomy":"product_brand","embeddable":true,"href":"https:\/\/safetysourcefire.ca\/fr\/wp-json\/wp\/v2\/product_brand?post=4478"},{"taxonomy":"product_cat","embeddable":true,"href":"https:\/\/safetysourcefire.ca\/fr\/wp-json\/wp\/v2\/product_cat?post=4478"},{"taxonomy":"product_tag","embeddable":true,"href":"https:\/\/safetysourcefire.ca\/fr\/wp-json\/wp\/v2\/product_tag?post=4478"}],"curies":[{"name":"wp","href":"https:\/\/api.w.org\/{rel}","templated":true}]}}