{"id":4523,"date":"2018-01-01T08:50:36","date_gmt":"2018-01-01T08:50:36","guid":{"rendered":"https:\/\/mmfss.ca\/?post_type=product&#038;p=4523"},"modified":"2022-07-12T16:23:05","modified_gmt":"2022-07-12T16:23:05","slug":"starfield-express","status":"publish","type":"product","link":"https:\/\/safetysourcefire.ca\/fr\/produit\/starfield-express\/","title":{"rendered":"\u00c9quipement de protection Express de Starfield\u00ae"},"content":{"rendered":"<ul>\n<li>Coque ext\u00e9rieure jaune DuPont\u2122 Nomex\u00ae IIIA de 5 oz\/yd2. Les fibres de la marque DuPont\u2122 Nomex\u00ae ajoutent r\u00e9sistance, durabilit\u00e9 et protection thermique.<\/li>\n<li>Barri\u00e8re anti-humidit\u00e9 Gore\u2122 RT710 et thermique XLT-Lite\u2122<\/li>\n<li>Mat\u00e9riel r\u00e9fl\u00e9chissant 3M\u2122 Scotchlite\u2122 (lime\/jaune et argent) conforme \u00e0 la norme NFPA Starfield LION Ventilated Trim\u00ae sur les manches.<\/li>\n<li>Renforts en Kevlar\u00ae enduit de polym\u00e8re gris aux genoux. Poignets renforc\u00e9s.<\/li>\n<li>Coude Lite-N-Dri\u2122 imperm\u00e9able \u00e0 l&#039;humidit\u00e9<\/li>\n<li>Syst\u00e8me d'inspection de la doublure \u2014 l'ouverture est scell\u00e9e par un syst\u00e8me de crochet et de boucle permettant une inspection compl\u00e8te de la doublure du manteau et du pantalon sans avoir \u00e0 ouvrir les coutures.<\/li>\n<\/ul>\n<p>Manteau<\/p>\n<ul>\n<li>Manteau de 32 pouces avec doublure amovible<\/li>\n<li>Thermashield\u2122 fournit une couche suppl\u00e9mentaire de mat\u00e9riau de doublure au dos et aux \u00e9paules pour plus de confort et<\/li>\n<li>Soufflet aux aisselles et sur la manche (forme de courbure naturelle du bras)<\/li>\n<li>Doublure de coude renforc\u00e9e avec Lite-N-Dri\u2122 imperm\u00e9able \u00e0 l&#039;humidit\u00e9<\/li>\n<li>Col et doublure int\u00e9rieure Stay-Dry\u2122 Col mandarin<\/li>\n<li>Fermeture \u00e9clair Quick Start\u2122 sur toute la longueur<\/li>\n<li>Deux poches \u00e0 demi-soufflet de 8 &quot;x 8&quot; avec poche pour gants m\u00e9dicaux<\/li>\n<li>Poche pour radios 7 1\/4\u2033 x 4\u2033 x 2\u2033 avec boucle micro sur la poitrine gauche.<\/li>\n<li>Attache pour lampe de poche et sangle auto-agrippante sur la poitrine (cot\u00e9 droit).<\/li>\n<li>Drag Rescue Device \u2014 confortable et facile \u00e0 utiliser.<\/li>\n<li>Patch Port-a-Plate ou lettrage en option.<\/li>\n<li>Tailles en stock\u00a0: petite manche 33\u2033, manche moyenne 34\u2033, grande manche 35\u2033 et manche XL et XXL 36\u2033.<\/li>\n<\/ul>\n<p>Pantalon<\/p>\n<ul>\n<li>Taille traditionnelle, quatre panneaux<\/li>\n<li>Fermeture \u00e0 crochet et anneau en D sur le devant, fermeture \u00e0 crochet et boucle sur la braguette<\/li>\n<li>Rembourrage imperm\u00e9able \u00e0 l&#039;humidit\u00e9 Lite-N-Dri \u2122 int\u00e9gr\u00e9 dans la section de la doublure du genou pour aider \u00e0 r\u00e9duire le risque de vapeur<\/li>\n<li>Bretelles de style parachute se connectant au pantalon avec des boutons-pression.<\/li>\n<li>Pantalon \u00e0 coupe Stepped Up\u2122 \u2014 la coupe invers\u00e9e \u00e0 la botte r\u00e9duit l'usure.<\/li>\n<li>Deux poches \u00e0 soufflet pleines de 5\u2033 x 9\u2033 x 2\u2033.<\/li>\n<li>Tailles de pantalons en stock\u00a0: 28\u2033, 30\u2033 et 32\u2033 (entrejambe).<\/li>\n<\/ul>","protected":false},"excerpt":{"rendered":"<p>Vous n'avez pas \u00e0 attendre des mois pour recevoir votre nouvel \u00e9quipement. Starfield\u00ae Express est exp\u00e9di\u00e9 en cinq jours ouvrables ou moins. Starfield\u00ae Express offre plusieurs des m\u00eames fonctionnalit\u00e9s et am\u00e9liorations que notre \u00e9quipement de protection haut de gamme.<\/p>","protected":false},"featured_media":26732,"template":"","meta":[],"product_brand":[233],"product_cat":[120,50],"product_tag":[395],"class_list":{"0":"post-4523","1":"product","2":"type-product","3":"status-publish","4":"has-post-thumbnail","6":"product_brand-starfield-lion","7":"product_cat-bunker-gear","8":"product_cat-personal-protective-equipment","9":"product_tag-starfield-lion","11":"first","12":"instock","13":"shipping-taxable","14":"product-type-simple"},"yoast_head":"<!-- This site is optimized with the Yoast SEO plugin v27.4 - https:\/\/yoast.com\/product\/yoast-seo-wordpress\/ -->\n<title>Starfield\u00ae Express Bunker Gear - Safety Source Fire<\/title>\n<meta name=\"robots\" content=\"index, follow, max-snippet:-1, max-image-preview:large, max-video-preview:-1\" \/>\n<link rel=\"canonical\" href=\"https:\/\/safetysourcefire.ca\/fr\/?product=starfield-express\" \/>\n<meta property=\"og:locale\" content=\"fr_CA\" \/>\n<meta property=\"og:type\" content=\"article\" \/>\n<meta property=\"og:title\" content=\"Starfield\u00ae Express Bunker Gear - Safety Source Fire\" \/>\n<meta property=\"og:description\" content=\"You don\u2019t have to wait months for new bunker gear. Starfield\u00ae Express ships in five working days or less. Starfield\u00ae Express offers many of the same features and enhancements as our top-of-the-line bunker gear.\" \/>\n<meta property=\"og:url\" content=\"https:\/\/safetysourcefire.ca\/fr\/?product=starfield-express\" \/>\n<meta property=\"og:site_name\" content=\"Safety Source Fire\" \/>\n<meta property=\"article:publisher\" content=\"https:\/\/www.facebook.com\/mmfssca\" \/>\n<meta property=\"article:modified_time\" content=\"2022-07-12T16:23:05+00:00\" \/>\n<meta property=\"og:image\" content=\"https:\/\/safetysourcefire.ca\/wp-content\/uploads\/2018\/01\/Starfield_Express_USP.jpg\" \/>\n\t<meta property=\"og:image:width\" content=\"600\" \/>\n\t<meta property=\"og:image:height\" content=\"600\" \/>\n\t<meta property=\"og:image:type\" content=\"image\/jpeg\" \/>\n<meta name=\"twitter:card\" content=\"summary_large_image\" \/>\n<meta name=\"twitter:site\" content=\"@mmfssca\" \/>\n<meta name=\"twitter:label1\" content=\"Estimation du temps de lecture\" \/>\n\t<meta name=\"twitter:data1\" content=\"1 minute\" \/>\n<script type=\"application\/ld+json\" class=\"yoast-schema-graph\">{\"@context\":\"https:\\\/\\\/schema.org\",\"@graph\":[{\"@type\":\"WebPage\",\"@id\":\"https:\\\/\\\/safetysourcefire.ca\\\/?product=starfield-express\",\"url\":\"https:\\\/\\\/safetysourcefire.ca\\\/?product=starfield-express\",\"name\":\"Starfield\u00ae Express Bunker Gear - Safety Source Fire\",\"isPartOf\":{\"@id\":\"https:\\\/\\\/safetysourcefire.ca\\\/#website\"},\"primaryImageOfPage\":{\"@id\":\"https:\\\/\\\/safetysourcefire.ca\\\/?product=starfield-express#primaryimage\"},\"image\":{\"@id\":\"https:\\\/\\\/safetysourcefire.ca\\\/?product=starfield-express#primaryimage\"},\"thumbnailUrl\":\"https:\\\/\\\/safetysourcefire.ca\\\/wp-content\\\/uploads\\\/2018\\\/01\\\/Starfield_Express_USP.jpg\",\"datePublished\":\"2018-01-01T08:50:36+00:00\",\"dateModified\":\"2022-07-12T16:23:05+00:00\",\"breadcrumb\":{\"@id\":\"https:\\\/\\\/safetysourcefire.ca\\\/?product=starfield-express#breadcrumb\"},\"inLanguage\":\"fr-CA\",\"potentialAction\":[{\"@type\":\"ReadAction\",\"target\":[\"https:\\\/\\\/safetysourcefire.ca\\\/?product=starfield-express\"]}]},{\"@type\":\"ImageObject\",\"inLanguage\":\"fr-CA\",\"@id\":\"https:\\\/\\\/safetysourcefire.ca\\\/?product=starfield-express#primaryimage\",\"url\":\"https:\\\/\\\/safetysourcefire.ca\\\/wp-content\\\/uploads\\\/2018\\\/01\\\/Starfield_Express_USP.jpg\",\"contentUrl\":\"https:\\\/\\\/safetysourcefire.ca\\\/wp-content\\\/uploads\\\/2018\\\/01\\\/Starfield_Express_USP.jpg\",\"width\":600,\"height\":600,\"caption\":\"bunker suit\"},{\"@type\":\"BreadcrumbList\",\"@id\":\"https:\\\/\\\/safetysourcefire.ca\\\/?product=starfield-express#breadcrumb\",\"itemListElement\":[{\"@type\":\"ListItem\",\"position\":1,\"name\":\"Home\",\"item\":\"https:\\\/\\\/safetysourcefire.ca\\\/\"},{\"@type\":\"ListItem\",\"position\":2,\"name\":\"Products\",\"item\":\"https:\\\/\\\/safetysourcefire.ca\\\/shop\\\/\"},{\"@type\":\"ListItem\",\"position\":3,\"name\":\"Starfield\u00ae Express Bunker Gear\"}]},{\"@type\":\"WebSite\",\"@id\":\"https:\\\/\\\/safetysourcefire.ca\\\/#website\",\"url\":\"https:\\\/\\\/safetysourcefire.ca\\\/\",\"name\":\"Safety Source Fire\",\"description\":\"\",\"publisher\":{\"@id\":\"https:\\\/\\\/safetysourcefire.ca\\\/#organization\"},\"potentialAction\":[{\"@type\":\"SearchAction\",\"target\":{\"@type\":\"EntryPoint\",\"urlTemplate\":\"https:\\\/\\\/safetysourcefire.ca\\\/?s={search_term_string}\"},\"query-input\":{\"@type\":\"PropertyValueSpecification\",\"valueRequired\":true,\"valueName\":\"search_term_string\"}}],\"inLanguage\":\"fr-CA\"},{\"@type\":\"Organization\",\"@id\":\"https:\\\/\\\/safetysourcefire.ca\\\/#organization\",\"name\":\"Safety Source Fire\",\"url\":\"https:\\\/\\\/safetysourcefire.ca\\\/\",\"logo\":{\"@type\":\"ImageObject\",\"inLanguage\":\"fr-CA\",\"@id\":\"https:\\\/\\\/safetysourcefire.ca\\\/#\\\/schema\\\/logo\\\/image\\\/\",\"url\":\"https:\\\/\\\/safetysourcefire.ca\\\/wp-content\\\/uploads\\\/2021\\\/01\\\/SSF_logo_CC0000-3.png\",\"contentUrl\":\"https:\\\/\\\/safetysourcefire.ca\\\/wp-content\\\/uploads\\\/2021\\\/01\\\/SSF_logo_CC0000-3.png\",\"width\":1107,\"height\":365,\"caption\":\"Safety Source Fire\"},\"image\":{\"@id\":\"https:\\\/\\\/safetysourcefire.ca\\\/#\\\/schema\\\/logo\\\/image\\\/\"},\"sameAs\":[\"https:\\\/\\\/www.facebook.com\\\/mmfssca\",\"https:\\\/\\\/x.com\\\/mmfssca\"]}]}<\/script>\n<!-- \/ Yoast SEO plugin. -->","yoast_head_json":{"title":"Tenue de bunker Starfield\u00ae Express - S\u00e9curit\u00e9 incendie","robots":{"index":"index","follow":"follow","max-snippet":"max-snippet:-1","max-image-preview":"max-image-preview:large","max-video-preview":"max-video-preview:-1"},"canonical":"https:\/\/safetysourcefire.ca\/fr\/?product=starfield-express","og_locale":"fr_CA","og_type":"article","og_title":"Starfield\u00ae Express Bunker Gear - Safety Source Fire","og_description":"You don\u2019t have to wait months for new bunker gear. Starfield\u00ae Express ships in five working days or less. Starfield\u00ae Express offers many of the same features and enhancements as our top-of-the-line bunker gear.","og_url":"https:\/\/safetysourcefire.ca\/fr\/?product=starfield-express","og_site_name":"Safety Source Fire","article_publisher":"https:\/\/www.facebook.com\/mmfssca","article_modified_time":"2022-07-12T16:23:05+00:00","og_image":[{"width":600,"height":600,"url":"https:\/\/safetysourcefire.ca\/wp-content\/uploads\/2018\/01\/Starfield_Express_USP.jpg","type":"image\/jpeg"}],"twitter_card":"summary_large_image","twitter_site":"@mmfssca","twitter_misc":{"Estimation du temps de lecture":"1 minute"},"schema":{"@context":"https:\/\/schema.org","@graph":[{"@type":"WebPage","@id":"https:\/\/safetysourcefire.ca\/?product=starfield-express","url":"https:\/\/safetysourcefire.ca\/?product=starfield-express","name":"Tenue de bunker Starfield\u00ae Express - S\u00e9curit\u00e9 incendie","isPartOf":{"@id":"https:\/\/safetysourcefire.ca\/#website"},"primaryImageOfPage":{"@id":"https:\/\/safetysourcefire.ca\/?product=starfield-express#primaryimage"},"image":{"@id":"https:\/\/safetysourcefire.ca\/?product=starfield-express#primaryimage"},"thumbnailUrl":"https:\/\/safetysourcefire.ca\/wp-content\/uploads\/2018\/01\/Starfield_Express_USP.jpg","datePublished":"2018-01-01T08:50:36+00:00","dateModified":"2022-07-12T16:23:05+00:00","breadcrumb":{"@id":"https:\/\/safetysourcefire.ca\/?product=starfield-express#breadcrumb"},"inLanguage":"fr-CA","potentialAction":[{"@type":"ReadAction","target":["https:\/\/safetysourcefire.ca\/?product=starfield-express"]}]},{"@type":"ImageObject","inLanguage":"fr-CA","@id":"https:\/\/safetysourcefire.ca\/?product=starfield-express#primaryimage","url":"https:\/\/safetysourcefire.ca\/wp-content\/uploads\/2018\/01\/Starfield_Express_USP.jpg","contentUrl":"https:\/\/safetysourcefire.ca\/wp-content\/uploads\/2018\/01\/Starfield_Express_USP.jpg","width":600,"height":600,"caption":"bunker suit"},{"@type":"BreadcrumbList","@id":"https:\/\/safetysourcefire.ca\/?product=starfield-express#breadcrumb","itemListElement":[{"@type":"ListItem","position":1,"name":"Home","item":"https:\/\/safetysourcefire.ca\/"},{"@type":"ListItem","position":2,"name":"Products","item":"https:\/\/safetysourcefire.ca\/shop\/"},{"@type":"ListItem","position":3,"name":"Starfield\u00ae Express Bunker Gear"}]},{"@type":"WebSite","@id":"https:\/\/safetysourcefire.ca\/#website","url":"https:\/\/safetysourcefire.ca\/","name":"Safety Source Fire","description":"","publisher":{"@id":"https:\/\/safetysourcefire.ca\/#organization"},"potentialAction":[{"@type":"SearchAction","target":{"@type":"EntryPoint","urlTemplate":"https:\/\/safetysourcefire.ca\/?s={search_term_string}"},"query-input":{"@type":"PropertyValueSpecification","valueRequired":true,"valueName":"search_term_string"}}],"inLanguage":"fr-CA"},{"@type":"Organization","@id":"https:\/\/safetysourcefire.ca\/#organization","name":"Safety Source Fire","url":"https:\/\/safetysourcefire.ca\/","logo":{"@type":"ImageObject","inLanguage":"fr-CA","@id":"https:\/\/safetysourcefire.ca\/#\/schema\/logo\/image\/","url":"https:\/\/safetysourcefire.ca\/wp-content\/uploads\/2021\/01\/SSF_logo_CC0000-3.png","contentUrl":"https:\/\/safetysourcefire.ca\/wp-content\/uploads\/2021\/01\/SSF_logo_CC0000-3.png","width":1107,"height":365,"caption":"Safety Source Fire"},"image":{"@id":"https:\/\/safetysourcefire.ca\/#\/schema\/logo\/image\/"},"sameAs":["https:\/\/www.facebook.com\/mmfssca","https:\/\/x.com\/mmfssca"]}]}},"_links":{"self":[{"href":"https:\/\/safetysourcefire.ca\/fr\/wp-json\/wp\/v2\/product\/4523","targetHints":{"allow":["GET"]}}],"collection":[{"href":"https:\/\/safetysourcefire.ca\/fr\/wp-json\/wp\/v2\/product"}],"about":[{"href":"https:\/\/safetysourcefire.ca\/fr\/wp-json\/wp\/v2\/types\/product"}],"wp:featuredmedia":[{"embeddable":true,"href":"https:\/\/safetysourcefire.ca\/fr\/wp-json\/wp\/v2\/media\/26732"}],"wp:attachment":[{"href":"https:\/\/safetysourcefire.ca\/fr\/wp-json\/wp\/v2\/media?parent=4523"}],"wp:term":[{"taxonomy":"product_brand","embeddable":true,"href":"https:\/\/safetysourcefire.ca\/fr\/wp-json\/wp\/v2\/product_brand?post=4523"},{"taxonomy":"product_cat","embeddable":true,"href":"https:\/\/safetysourcefire.ca\/fr\/wp-json\/wp\/v2\/product_cat?post=4523"},{"taxonomy":"product_tag","embeddable":true,"href":"https:\/\/safetysourcefire.ca\/fr\/wp-json\/wp\/v2\/product_tag?post=4523"}],"curies":[{"name":"wp","href":"https:\/\/api.w.org\/{rel}","templated":true}]}}