{"id":4547,"date":"2017-07-06T18:09:33","date_gmt":"2017-07-06T18:09:33","guid":{"rendered":"https:\/\/mmfss.ca\/?post_type=product&#038;p=4547"},"modified":"2021-05-12T15:08:42","modified_gmt":"2021-05-12T15:08:42","slug":"flame-fighter-custom-bunker-gear","status":"publish","type":"product","link":"https:\/\/safetysourcefire.ca\/fr\/produit\/flame-fighter-custom-bunker-gear\/","title":{"rendered":"\u00c9quipement de protection personnalis\u00e9 Flame Fighter\u00ae"},"content":{"rendered":"<p>Ce qui fonctionne bien pour un autre d\u00e9partement n'est peut \u00eatre la solution optimale pour le v\u00f4tre. Vous avez des besoins et des d\u00e9fis uniques, c'est pourquoi l'\u00e9quipement de protection Flame Fighter\u00ae offre une gamme compl\u00e8te de fonctionnalit\u00e9s personnalis\u00e9es qui vous permettent de cr\u00e9er les manteaux et les pantalons qui fonctionneront le mieux pour votre \u00e9quipe.<\/p>\n<p><strong>Commencez avec le mod\u00e8le de base<\/strong><\/p>\n<p>Le mod\u00e8le de base de Flame Fighter est d\u00e9j\u00e0 rempli de fonctionnalit\u00e9s sp\u00e9ciales, notamment\u00a0:<\/p>\n<ul>\n<li>Construction \u00e0 soufflet sous les bras pour une amplitude de mouvement compl\u00e8te.<\/li>\n<li>Thermashield\u2122 \u2014 couche suppl\u00e9mentaire de  doublure dans le haut du dos et des \u00e9paules pour prot\u00e9ger contre la compression<\/li>\n<li>Manche Stay Rite\u2122 \u2014 Int\u00e8gre la doublure de la manche dans un bracelet pleine longueur avec un trou de pouce renforc\u00e9. Lorsque vous bougez, toute la manche bouge avec vous<\/li>\n<li>Gousset d'entrejambe Move-N-Hance\u2122 qui augmente la mobilit\u00e9 en r\u00e9duisant les risques de torsion<\/li>\n<li>Flex Knee\u2122 pour une utilisation facile et naturelle<\/li>\n<\/ul>\n<ul>\n<li>Les fonctions de cheville Stay Rite\u2122 emp\u00eachent la vapeur, l'eau et les autres d\u00e9bris de p\u00e9n\u00e9trer dans la jambe du pantalon.<\/li>\n<li>Drag Rescue Device \u2014 confortable et facile \u00e0 utiliser.<\/li>\n<li>Syst\u00e8me d'inspection de la doublure \u2014 l'ouverture est scell\u00e9e par un syst\u00e8me de crochet et de boucle permettant une inspection compl\u00e8te de la doublure du manteau et du pantalon sans avoir \u00e0 ouvrir les coutures.<\/li>\n<li>Coupe Stepped Up\u2122 -Le pantalon est coup\u00e9 un pouce plus haut \u00e0 l'arri\u00e8re (au talon) afin de r\u00e9duire l'usure<\/li>\n<\/ul>\n<p><strong>Personnalisez le mod\u00e8le pour r\u00e9pondre \u00e0 vos besoins sp\u00e9cifiques<\/strong><\/p>\n<p>Choisissez parmi une large s\u00e9lection de :<\/p>\n<ul>\n<li>Tissus ext\u00e9rieurs, y compris les combinaisons DuPont\u2122 Nomex\u00ae, DuPont\u2122 Kevlar\u00ae\/Nomex\u00ae et PBI\u00ae.<\/li>\n<\/ul>\n<p>Les fibres de marque DuPont\u2122 Nomex\u00ae et Kevlar\u00ae ajoutent r\u00e9sistance, durabilit\u00e9 et protection thermique.<\/p>\n<ul>\n<li>Syst\u00e8mes de doublure et barri\u00e8res contre l&#039;humidit\u00e9 L. Gore.<\/li>\n<li>Options de visibilit\u00e9 avec 3M\u2122 Scotchlite\u2122 Reflective<\/li>\n<li>Mobilit\u00e9 suppl\u00e9mentaire<\/li>\n<li>Poches suppl\u00e9mentaires<\/li>\n<\/ul>\n<p>Flame Fighter\u00ae est certifi\u00e9 conforme \u00e0 l&#039;\u00e9dition actuelle de NFPA 1971 et CAN\/CGSB 155.1.<\/p>","protected":false},"excerpt":{"rendered":"<p>Con\u00e7u pour vos besoins personnels.<\/p>","protected":false},"featured_media":4548,"template":"","meta":[],"product_brand":[233],"product_cat":[120,50],"product_tag":[395],"class_list":{"0":"post-4547","1":"product","2":"type-product","3":"status-publish","4":"has-post-thumbnail","6":"product_brand-starfield-lion","7":"product_cat-bunker-gear","8":"product_cat-personal-protective-equipment","9":"product_tag-starfield-lion","11":"first","12":"instock","13":"shipping-taxable","14":"product-type-simple"},"yoast_head":"<!-- This site is optimized with the Yoast SEO plugin v27.4 - https:\/\/yoast.com\/product\/yoast-seo-wordpress\/ -->\n<title>Flame Fighter\u00ae Custom Bunker Gear - Safety Source Fire<\/title>\n<meta name=\"robots\" content=\"index, follow, max-snippet:-1, max-image-preview:large, max-video-preview:-1\" \/>\n<link rel=\"canonical\" href=\"https:\/\/safetysourcefire.ca\/fr\/?product=flame-fighter-custom-bunker-gear\" \/>\n<meta property=\"og:locale\" content=\"fr_CA\" \/>\n<meta property=\"og:type\" content=\"article\" \/>\n<meta property=\"og:title\" content=\"Flame Fighter\u00ae Custom Bunker Gear - Safety Source Fire\" \/>\n<meta property=\"og:description\" content=\"Designed for Your Unique Needs\" \/>\n<meta property=\"og:url\" content=\"https:\/\/safetysourcefire.ca\/fr\/?product=flame-fighter-custom-bunker-gear\" \/>\n<meta property=\"og:site_name\" content=\"Safety Source Fire\" \/>\n<meta property=\"article:publisher\" content=\"https:\/\/www.facebook.com\/mmfssca\" \/>\n<meta property=\"article:modified_time\" content=\"2021-05-12T15:08:42+00:00\" \/>\n<meta property=\"og:image\" content=\"https:\/\/safetysourcefire.ca\/wp-content\/uploads\/2017\/07\/FlameFighter.jpg\" \/>\n\t<meta property=\"og:image:width\" content=\"600\" \/>\n\t<meta property=\"og:image:height\" content=\"600\" \/>\n\t<meta property=\"og:image:type\" content=\"image\/jpeg\" \/>\n<meta name=\"twitter:card\" content=\"summary_large_image\" \/>\n<meta name=\"twitter:site\" content=\"@mmfssca\" \/>\n<meta name=\"twitter:label1\" content=\"Estimation du temps de lecture\" \/>\n\t<meta name=\"twitter:data1\" content=\"1 minute\" \/>\n<script type=\"application\/ld+json\" class=\"yoast-schema-graph\">{\"@context\":\"https:\\\/\\\/schema.org\",\"@graph\":[{\"@type\":\"WebPage\",\"@id\":\"https:\\\/\\\/safetysourcefire.ca\\\/?product=flame-fighter-custom-bunker-gear\",\"url\":\"https:\\\/\\\/safetysourcefire.ca\\\/?product=flame-fighter-custom-bunker-gear\",\"name\":\"Flame Fighter\u00ae Custom Bunker Gear - Safety Source Fire\",\"isPartOf\":{\"@id\":\"https:\\\/\\\/safetysourcefire.ca\\\/#website\"},\"primaryImageOfPage\":{\"@id\":\"https:\\\/\\\/safetysourcefire.ca\\\/?product=flame-fighter-custom-bunker-gear#primaryimage\"},\"image\":{\"@id\":\"https:\\\/\\\/safetysourcefire.ca\\\/?product=flame-fighter-custom-bunker-gear#primaryimage\"},\"thumbnailUrl\":\"https:\\\/\\\/safetysourcefire.ca\\\/wp-content\\\/uploads\\\/2017\\\/07\\\/FlameFighter.jpg\",\"datePublished\":\"2017-07-06T18:09:33+00:00\",\"dateModified\":\"2021-05-12T15:08:42+00:00\",\"breadcrumb\":{\"@id\":\"https:\\\/\\\/safetysourcefire.ca\\\/?product=flame-fighter-custom-bunker-gear#breadcrumb\"},\"inLanguage\":\"fr-CA\",\"potentialAction\":[{\"@type\":\"ReadAction\",\"target\":[\"https:\\\/\\\/safetysourcefire.ca\\\/?product=flame-fighter-custom-bunker-gear\"]}]},{\"@type\":\"ImageObject\",\"inLanguage\":\"fr-CA\",\"@id\":\"https:\\\/\\\/safetysourcefire.ca\\\/?product=flame-fighter-custom-bunker-gear#primaryimage\",\"url\":\"https:\\\/\\\/safetysourcefire.ca\\\/wp-content\\\/uploads\\\/2017\\\/07\\\/FlameFighter.jpg\",\"contentUrl\":\"https:\\\/\\\/safetysourcefire.ca\\\/wp-content\\\/uploads\\\/2017\\\/07\\\/FlameFighter.jpg\",\"width\":600,\"height\":600,\"caption\":\"man in bunker gear\"},{\"@type\":\"BreadcrumbList\",\"@id\":\"https:\\\/\\\/safetysourcefire.ca\\\/?product=flame-fighter-custom-bunker-gear#breadcrumb\",\"itemListElement\":[{\"@type\":\"ListItem\",\"position\":1,\"name\":\"Home\",\"item\":\"https:\\\/\\\/safetysourcefire.ca\\\/\"},{\"@type\":\"ListItem\",\"position\":2,\"name\":\"Products\",\"item\":\"https:\\\/\\\/safetysourcefire.ca\\\/shop\\\/\"},{\"@type\":\"ListItem\",\"position\":3,\"name\":\"Flame Fighter\u00ae Custom Bunker Gear\"}]},{\"@type\":\"WebSite\",\"@id\":\"https:\\\/\\\/safetysourcefire.ca\\\/#website\",\"url\":\"https:\\\/\\\/safetysourcefire.ca\\\/\",\"name\":\"Safety Source Fire\",\"description\":\"\",\"publisher\":{\"@id\":\"https:\\\/\\\/safetysourcefire.ca\\\/#organization\"},\"potentialAction\":[{\"@type\":\"SearchAction\",\"target\":{\"@type\":\"EntryPoint\",\"urlTemplate\":\"https:\\\/\\\/safetysourcefire.ca\\\/?s={search_term_string}\"},\"query-input\":{\"@type\":\"PropertyValueSpecification\",\"valueRequired\":true,\"valueName\":\"search_term_string\"}}],\"inLanguage\":\"fr-CA\"},{\"@type\":\"Organization\",\"@id\":\"https:\\\/\\\/safetysourcefire.ca\\\/#organization\",\"name\":\"Safety Source Fire\",\"url\":\"https:\\\/\\\/safetysourcefire.ca\\\/\",\"logo\":{\"@type\":\"ImageObject\",\"inLanguage\":\"fr-CA\",\"@id\":\"https:\\\/\\\/safetysourcefire.ca\\\/#\\\/schema\\\/logo\\\/image\\\/\",\"url\":\"https:\\\/\\\/safetysourcefire.ca\\\/wp-content\\\/uploads\\\/2021\\\/01\\\/SSF_logo_CC0000-3.png\",\"contentUrl\":\"https:\\\/\\\/safetysourcefire.ca\\\/wp-content\\\/uploads\\\/2021\\\/01\\\/SSF_logo_CC0000-3.png\",\"width\":1107,\"height\":365,\"caption\":\"Safety Source Fire\"},\"image\":{\"@id\":\"https:\\\/\\\/safetysourcefire.ca\\\/#\\\/schema\\\/logo\\\/image\\\/\"},\"sameAs\":[\"https:\\\/\\\/www.facebook.com\\\/mmfssca\",\"https:\\\/\\\/x.com\\\/mmfssca\"]}]}<\/script>\n<!-- \/ Yoast SEO plugin. -->","yoast_head_json":{"title":"\u00c9quipement de bunker personnalis\u00e9 Flame Fighter\u00ae - S\u00e9curit\u00e9 incendie","robots":{"index":"index","follow":"follow","max-snippet":"max-snippet:-1","max-image-preview":"max-image-preview:large","max-video-preview":"max-video-preview:-1"},"canonical":"https:\/\/safetysourcefire.ca\/fr\/?product=flame-fighter-custom-bunker-gear","og_locale":"fr_CA","og_type":"article","og_title":"Flame Fighter\u00ae Custom Bunker Gear - Safety Source Fire","og_description":"Designed for Your Unique Needs","og_url":"https:\/\/safetysourcefire.ca\/fr\/?product=flame-fighter-custom-bunker-gear","og_site_name":"Safety Source Fire","article_publisher":"https:\/\/www.facebook.com\/mmfssca","article_modified_time":"2021-05-12T15:08:42+00:00","og_image":[{"width":600,"height":600,"url":"https:\/\/safetysourcefire.ca\/wp-content\/uploads\/2017\/07\/FlameFighter.jpg","type":"image\/jpeg"}],"twitter_card":"summary_large_image","twitter_site":"@mmfssca","twitter_misc":{"Estimation du temps de lecture":"1 minute"},"schema":{"@context":"https:\/\/schema.org","@graph":[{"@type":"WebPage","@id":"https:\/\/safetysourcefire.ca\/?product=flame-fighter-custom-bunker-gear","url":"https:\/\/safetysourcefire.ca\/?product=flame-fighter-custom-bunker-gear","name":"\u00c9quipement de bunker personnalis\u00e9 Flame Fighter\u00ae - S\u00e9curit\u00e9 incendie","isPartOf":{"@id":"https:\/\/safetysourcefire.ca\/#website"},"primaryImageOfPage":{"@id":"https:\/\/safetysourcefire.ca\/?product=flame-fighter-custom-bunker-gear#primaryimage"},"image":{"@id":"https:\/\/safetysourcefire.ca\/?product=flame-fighter-custom-bunker-gear#primaryimage"},"thumbnailUrl":"https:\/\/safetysourcefire.ca\/wp-content\/uploads\/2017\/07\/FlameFighter.jpg","datePublished":"2017-07-06T18:09:33+00:00","dateModified":"2021-05-12T15:08:42+00:00","breadcrumb":{"@id":"https:\/\/safetysourcefire.ca\/?product=flame-fighter-custom-bunker-gear#breadcrumb"},"inLanguage":"fr-CA","potentialAction":[{"@type":"ReadAction","target":["https:\/\/safetysourcefire.ca\/?product=flame-fighter-custom-bunker-gear"]}]},{"@type":"ImageObject","inLanguage":"fr-CA","@id":"https:\/\/safetysourcefire.ca\/?product=flame-fighter-custom-bunker-gear#primaryimage","url":"https:\/\/safetysourcefire.ca\/wp-content\/uploads\/2017\/07\/FlameFighter.jpg","contentUrl":"https:\/\/safetysourcefire.ca\/wp-content\/uploads\/2017\/07\/FlameFighter.jpg","width":600,"height":600,"caption":"man in bunker gear"},{"@type":"BreadcrumbList","@id":"https:\/\/safetysourcefire.ca\/?product=flame-fighter-custom-bunker-gear#breadcrumb","itemListElement":[{"@type":"ListItem","position":1,"name":"Home","item":"https:\/\/safetysourcefire.ca\/"},{"@type":"ListItem","position":2,"name":"Products","item":"https:\/\/safetysourcefire.ca\/shop\/"},{"@type":"ListItem","position":3,"name":"Flame Fighter\u00ae Custom Bunker Gear"}]},{"@type":"WebSite","@id":"https:\/\/safetysourcefire.ca\/#website","url":"https:\/\/safetysourcefire.ca\/","name":"Safety Source Fire","description":"","publisher":{"@id":"https:\/\/safetysourcefire.ca\/#organization"},"potentialAction":[{"@type":"SearchAction","target":{"@type":"EntryPoint","urlTemplate":"https:\/\/safetysourcefire.ca\/?s={search_term_string}"},"query-input":{"@type":"PropertyValueSpecification","valueRequired":true,"valueName":"search_term_string"}}],"inLanguage":"fr-CA"},{"@type":"Organization","@id":"https:\/\/safetysourcefire.ca\/#organization","name":"Safety Source Fire","url":"https:\/\/safetysourcefire.ca\/","logo":{"@type":"ImageObject","inLanguage":"fr-CA","@id":"https:\/\/safetysourcefire.ca\/#\/schema\/logo\/image\/","url":"https:\/\/safetysourcefire.ca\/wp-content\/uploads\/2021\/01\/SSF_logo_CC0000-3.png","contentUrl":"https:\/\/safetysourcefire.ca\/wp-content\/uploads\/2021\/01\/SSF_logo_CC0000-3.png","width":1107,"height":365,"caption":"Safety Source Fire"},"image":{"@id":"https:\/\/safetysourcefire.ca\/#\/schema\/logo\/image\/"},"sameAs":["https:\/\/www.facebook.com\/mmfssca","https:\/\/x.com\/mmfssca"]}]}},"_links":{"self":[{"href":"https:\/\/safetysourcefire.ca\/fr\/wp-json\/wp\/v2\/product\/4547","targetHints":{"allow":["GET"]}}],"collection":[{"href":"https:\/\/safetysourcefire.ca\/fr\/wp-json\/wp\/v2\/product"}],"about":[{"href":"https:\/\/safetysourcefire.ca\/fr\/wp-json\/wp\/v2\/types\/product"}],"wp:featuredmedia":[{"embeddable":true,"href":"https:\/\/safetysourcefire.ca\/fr\/wp-json\/wp\/v2\/media\/4548"}],"wp:attachment":[{"href":"https:\/\/safetysourcefire.ca\/fr\/wp-json\/wp\/v2\/media?parent=4547"}],"wp:term":[{"taxonomy":"product_brand","embeddable":true,"href":"https:\/\/safetysourcefire.ca\/fr\/wp-json\/wp\/v2\/product_brand?post=4547"},{"taxonomy":"product_cat","embeddable":true,"href":"https:\/\/safetysourcefire.ca\/fr\/wp-json\/wp\/v2\/product_cat?post=4547"},{"taxonomy":"product_tag","embeddable":true,"href":"https:\/\/safetysourcefire.ca\/fr\/wp-json\/wp\/v2\/product_tag?post=4547"}],"curies":[{"name":"wp","href":"https:\/\/api.w.org\/{rel}","templated":true}]}}