{"id":4551,"date":"2017-07-06T18:38:36","date_gmt":"2017-07-06T18:38:36","guid":{"rendered":"https:\/\/mmfss.ca\/?post_type=product&#038;p=4551"},"modified":"2021-05-12T15:08:22","modified_gmt":"2021-05-12T15:08:22","slug":"orbit-bunker-gear","status":"publish","type":"product","link":"https:\/\/safetysourcefire.ca\/fr\/produit\/orbit-bunker-gear\/","title":{"rendered":"\u00c9quipement de protection Orbit\u00ae"},"content":{"rendered":"<p>Orbit\u00ae Bunker Gear vous propose un haut niveau de performance \u00e0 un prix abordable. Nous incorporons des mat\u00e9riaux et des composants de qualit\u00e9 dans notre conception \u00e9prouv\u00e9e et les assemblons avec le plus haut niveau de savoir-faire. Le r\u00e9sultat est un ensemble s\u00fbr, confortable et durable qui peut r\u00e9sister aux rigueurs de la profession la plus exigeante au monde.<\/p>\n<p>Fonctionnalit\u00e9s et am\u00e9liorations<\/p>\n<ul>\n<li>Coquille ext\u00e9rieure DuPont\u2122 Nomex\u00ae IIIA de 7,5 oz\/vg2. DuPont\u2122<\/li>\n<\/ul>\n<p>Les fibres de la marque Nomex\u00ae ajoutent r\u00e9sistance, durabilit\u00e9 et protection thermique.<\/p>\n<ul>\n<li>Gore\u2122 RT710 humidit\u00e9<\/li>\n<li>Thermique XLT-Lite\u2122<\/li>\n<li>Inspection de la doublure<\/li>\n<li>Mat\u00e9riel r\u00e9fl\u00e9chissant 3M\u2122 Scotchlite\u2122 (solide de deux pouces). Starfield LION Ventilated Trim\u00ae<\/li>\n<\/ul>\n<p>Manteau<\/p>\n<ul>\n<li>Longueur de manteau de 32\u2033 adapt\u00e9e sur mesure \u00e0 la taille du porteur<\/li>\n<li>Col et doublure int\u00e9rieure Stay-Dry\u2122 (Col mandarin int\u00e9rieur)<\/li>\n<li>Thermashield\u2122 fournit une couche suppl\u00e9mentaire de doublure dans les zones de compression \u00e9lev\u00e9e du dos<\/li>\n<li>Soufflet aux aisselles et sur la manche (forme de courbure naturelle du bras)<\/li>\n<li>Manteau zipp\u00e9 Quick Start\u2122 sur toute la longueur<\/li>\n<li>Poignets tricot\u00e9s avec passe-pouces cousus directement sur les doublures des manches<\/li>\n<li>Poignets renforc\u00e9s en Nomex\u00ae ou en su\u00e8de<\/li>\n<li>Deux demi-soufflets 8\u2033 x 8\u2033<\/li>\n<li>Poche spacieuse et Handi-Pouch\u2122<\/li>\n<li>Syst\u00e8me Drag Rescue Device (DRD) est confortable et facile \u00e0 op\u00e9rer<\/li>\n<\/ul>\n<p>Pantalon<\/p>\n<ul>\n<li>Taille traditionnelle<\/li>\n<li>Conception \u00e0 quatre panneaux permettant au pantalon de bouger avec le travailleur<\/li>\n<li>Sangles de r\u00e9glage lat\u00e9rales \u00e0 la taille pour la personnalisation<\/li>\n<li>Fermeture \u00e0 crochet et anneau en D sur le devant, fermeture \u00e0 crochet et boucle sur la braguette<\/li>\n<li>Genoux et bas de jambes renforc\u00e9s (choix de Nomex\u00ae ou su\u00e8de)<\/li>\n<li>Mat\u00e9riau d&#039;amorti Lite-N-Dri\u2122 imperm\u00e9able \u00e0 l&#039;humidit\u00e9 int\u00e9gr\u00e9 au genou<\/li>\n<li>Bretelles style parachute avec boutons pression<\/li>\n<\/ul>","protected":false},"excerpt":{"rendered":"<p class=\"p1\">Un \u00e9quipement de soute robuste et fiable, \u00e0 un prix qui vous fera sourire.<\/p>","protected":false},"featured_media":4552,"template":"","meta":[],"product_brand":[233],"product_cat":[120,50],"product_tag":[395],"class_list":{"0":"post-4551","1":"product","2":"type-product","3":"status-publish","4":"has-post-thumbnail","6":"product_brand-starfield-lion","7":"product_cat-bunker-gear","8":"product_cat-personal-protective-equipment","9":"product_tag-starfield-lion","11":"first","12":"instock","13":"shipping-taxable","14":"product-type-simple"},"yoast_head":"<!-- This site is optimized with the Yoast SEO plugin v27.4 - https:\/\/yoast.com\/product\/yoast-seo-wordpress\/ -->\n<title>Orbit\u00ae Bunker Gear - Safety Source Fire<\/title>\n<meta name=\"robots\" content=\"index, follow, max-snippet:-1, max-image-preview:large, max-video-preview:-1\" \/>\n<link rel=\"canonical\" href=\"https:\/\/safetysourcefire.ca\/fr\/?product=orbit-bunker-gear\" \/>\n<meta property=\"og:locale\" content=\"fr_CA\" \/>\n<meta property=\"og:type\" content=\"article\" \/>\n<meta property=\"og:title\" content=\"Orbit\u00ae Bunker Gear - Safety Source Fire\" \/>\n<meta property=\"og:description\" content=\"Rugged, Reliable Bunker Gear at a Price That&#039;s Easy on the Budget\" \/>\n<meta property=\"og:url\" content=\"https:\/\/safetysourcefire.ca\/fr\/?product=orbit-bunker-gear\" \/>\n<meta property=\"og:site_name\" content=\"Safety Source Fire\" \/>\n<meta property=\"article:publisher\" content=\"https:\/\/www.facebook.com\/mmfssca\" \/>\n<meta property=\"article:modified_time\" content=\"2021-05-12T15:08:22+00:00\" \/>\n<meta property=\"og:image\" content=\"https:\/\/safetysourcefire.ca\/wp-content\/uploads\/2017\/07\/Orbit.jpg\" \/>\n\t<meta property=\"og:image:width\" content=\"600\" \/>\n\t<meta property=\"og:image:height\" content=\"600\" \/>\n\t<meta property=\"og:image:type\" content=\"image\/jpeg\" \/>\n<meta name=\"twitter:card\" content=\"summary_large_image\" \/>\n<meta name=\"twitter:site\" content=\"@mmfssca\" \/>\n<meta name=\"twitter:label1\" content=\"Estimation du temps de lecture\" \/>\n\t<meta name=\"twitter:data1\" content=\"1 minute\" \/>\n<script type=\"application\/ld+json\" class=\"yoast-schema-graph\">{\"@context\":\"https:\\\/\\\/schema.org\",\"@graph\":[{\"@type\":\"WebPage\",\"@id\":\"https:\\\/\\\/safetysourcefire.ca\\\/?product=orbit-bunker-gear\",\"url\":\"https:\\\/\\\/safetysourcefire.ca\\\/?product=orbit-bunker-gear\",\"name\":\"Orbit\u00ae Bunker Gear - Safety Source Fire\",\"isPartOf\":{\"@id\":\"https:\\\/\\\/safetysourcefire.ca\\\/#website\"},\"primaryImageOfPage\":{\"@id\":\"https:\\\/\\\/safetysourcefire.ca\\\/?product=orbit-bunker-gear#primaryimage\"},\"image\":{\"@id\":\"https:\\\/\\\/safetysourcefire.ca\\\/?product=orbit-bunker-gear#primaryimage\"},\"thumbnailUrl\":\"https:\\\/\\\/safetysourcefire.ca\\\/wp-content\\\/uploads\\\/2017\\\/07\\\/Orbit.jpg\",\"datePublished\":\"2017-07-06T18:38:36+00:00\",\"dateModified\":\"2021-05-12T15:08:22+00:00\",\"breadcrumb\":{\"@id\":\"https:\\\/\\\/safetysourcefire.ca\\\/?product=orbit-bunker-gear#breadcrumb\"},\"inLanguage\":\"fr-CA\",\"potentialAction\":[{\"@type\":\"ReadAction\",\"target\":[\"https:\\\/\\\/safetysourcefire.ca\\\/?product=orbit-bunker-gear\"]}]},{\"@type\":\"ImageObject\",\"inLanguage\":\"fr-CA\",\"@id\":\"https:\\\/\\\/safetysourcefire.ca\\\/?product=orbit-bunker-gear#primaryimage\",\"url\":\"https:\\\/\\\/safetysourcefire.ca\\\/wp-content\\\/uploads\\\/2017\\\/07\\\/Orbit.jpg\",\"contentUrl\":\"https:\\\/\\\/safetysourcefire.ca\\\/wp-content\\\/uploads\\\/2017\\\/07\\\/Orbit.jpg\",\"width\":600,\"height\":600,\"caption\":\"Man in bunker gear\"},{\"@type\":\"BreadcrumbList\",\"@id\":\"https:\\\/\\\/safetysourcefire.ca\\\/?product=orbit-bunker-gear#breadcrumb\",\"itemListElement\":[{\"@type\":\"ListItem\",\"position\":1,\"name\":\"Home\",\"item\":\"https:\\\/\\\/safetysourcefire.ca\\\/\"},{\"@type\":\"ListItem\",\"position\":2,\"name\":\"Products\",\"item\":\"https:\\\/\\\/safetysourcefire.ca\\\/shop\\\/\"},{\"@type\":\"ListItem\",\"position\":3,\"name\":\"Orbit\u00ae Bunker Gear\"}]},{\"@type\":\"WebSite\",\"@id\":\"https:\\\/\\\/safetysourcefire.ca\\\/#website\",\"url\":\"https:\\\/\\\/safetysourcefire.ca\\\/\",\"name\":\"Safety Source Fire\",\"description\":\"\",\"publisher\":{\"@id\":\"https:\\\/\\\/safetysourcefire.ca\\\/#organization\"},\"potentialAction\":[{\"@type\":\"SearchAction\",\"target\":{\"@type\":\"EntryPoint\",\"urlTemplate\":\"https:\\\/\\\/safetysourcefire.ca\\\/?s={search_term_string}\"},\"query-input\":{\"@type\":\"PropertyValueSpecification\",\"valueRequired\":true,\"valueName\":\"search_term_string\"}}],\"inLanguage\":\"fr-CA\"},{\"@type\":\"Organization\",\"@id\":\"https:\\\/\\\/safetysourcefire.ca\\\/#organization\",\"name\":\"Safety Source Fire\",\"url\":\"https:\\\/\\\/safetysourcefire.ca\\\/\",\"logo\":{\"@type\":\"ImageObject\",\"inLanguage\":\"fr-CA\",\"@id\":\"https:\\\/\\\/safetysourcefire.ca\\\/#\\\/schema\\\/logo\\\/image\\\/\",\"url\":\"https:\\\/\\\/safetysourcefire.ca\\\/wp-content\\\/uploads\\\/2021\\\/01\\\/SSF_logo_CC0000-3.png\",\"contentUrl\":\"https:\\\/\\\/safetysourcefire.ca\\\/wp-content\\\/uploads\\\/2021\\\/01\\\/SSF_logo_CC0000-3.png\",\"width\":1107,\"height\":365,\"caption\":\"Safety Source Fire\"},\"image\":{\"@id\":\"https:\\\/\\\/safetysourcefire.ca\\\/#\\\/schema\\\/logo\\\/image\\\/\"},\"sameAs\":[\"https:\\\/\\\/www.facebook.com\\\/mmfssca\",\"https:\\\/\\\/x.com\\\/mmfssca\"]}]}<\/script>\n<!-- \/ Yoast SEO plugin. -->","yoast_head_json":{"title":"Orbit\u00ae Bunker Gear - S\u00e9curit\u00e9 incendie","robots":{"index":"index","follow":"follow","max-snippet":"max-snippet:-1","max-image-preview":"max-image-preview:large","max-video-preview":"max-video-preview:-1"},"canonical":"https:\/\/safetysourcefire.ca\/fr\/?product=orbit-bunker-gear","og_locale":"fr_CA","og_type":"article","og_title":"Orbit\u00ae Bunker Gear - Safety Source Fire","og_description":"Rugged, Reliable Bunker Gear at a Price That's Easy on the Budget","og_url":"https:\/\/safetysourcefire.ca\/fr\/?product=orbit-bunker-gear","og_site_name":"Safety Source Fire","article_publisher":"https:\/\/www.facebook.com\/mmfssca","article_modified_time":"2021-05-12T15:08:22+00:00","og_image":[{"width":600,"height":600,"url":"https:\/\/safetysourcefire.ca\/wp-content\/uploads\/2017\/07\/Orbit.jpg","type":"image\/jpeg"}],"twitter_card":"summary_large_image","twitter_site":"@mmfssca","twitter_misc":{"Estimation du temps de lecture":"1 minute"},"schema":{"@context":"https:\/\/schema.org","@graph":[{"@type":"WebPage","@id":"https:\/\/safetysourcefire.ca\/?product=orbit-bunker-gear","url":"https:\/\/safetysourcefire.ca\/?product=orbit-bunker-gear","name":"Orbit\u00ae Bunker Gear - S\u00e9curit\u00e9 incendie","isPartOf":{"@id":"https:\/\/safetysourcefire.ca\/#website"},"primaryImageOfPage":{"@id":"https:\/\/safetysourcefire.ca\/?product=orbit-bunker-gear#primaryimage"},"image":{"@id":"https:\/\/safetysourcefire.ca\/?product=orbit-bunker-gear#primaryimage"},"thumbnailUrl":"https:\/\/safetysourcefire.ca\/wp-content\/uploads\/2017\/07\/Orbit.jpg","datePublished":"2017-07-06T18:38:36+00:00","dateModified":"2021-05-12T15:08:22+00:00","breadcrumb":{"@id":"https:\/\/safetysourcefire.ca\/?product=orbit-bunker-gear#breadcrumb"},"inLanguage":"fr-CA","potentialAction":[{"@type":"ReadAction","target":["https:\/\/safetysourcefire.ca\/?product=orbit-bunker-gear"]}]},{"@type":"ImageObject","inLanguage":"fr-CA","@id":"https:\/\/safetysourcefire.ca\/?product=orbit-bunker-gear#primaryimage","url":"https:\/\/safetysourcefire.ca\/wp-content\/uploads\/2017\/07\/Orbit.jpg","contentUrl":"https:\/\/safetysourcefire.ca\/wp-content\/uploads\/2017\/07\/Orbit.jpg","width":600,"height":600,"caption":"Man in bunker gear"},{"@type":"BreadcrumbList","@id":"https:\/\/safetysourcefire.ca\/?product=orbit-bunker-gear#breadcrumb","itemListElement":[{"@type":"ListItem","position":1,"name":"Home","item":"https:\/\/safetysourcefire.ca\/"},{"@type":"ListItem","position":2,"name":"Products","item":"https:\/\/safetysourcefire.ca\/shop\/"},{"@type":"ListItem","position":3,"name":"Orbit\u00ae Bunker Gear"}]},{"@type":"WebSite","@id":"https:\/\/safetysourcefire.ca\/#website","url":"https:\/\/safetysourcefire.ca\/","name":"Safety Source Fire","description":"","publisher":{"@id":"https:\/\/safetysourcefire.ca\/#organization"},"potentialAction":[{"@type":"SearchAction","target":{"@type":"EntryPoint","urlTemplate":"https:\/\/safetysourcefire.ca\/?s={search_term_string}"},"query-input":{"@type":"PropertyValueSpecification","valueRequired":true,"valueName":"search_term_string"}}],"inLanguage":"fr-CA"},{"@type":"Organization","@id":"https:\/\/safetysourcefire.ca\/#organization","name":"Safety Source Fire","url":"https:\/\/safetysourcefire.ca\/","logo":{"@type":"ImageObject","inLanguage":"fr-CA","@id":"https:\/\/safetysourcefire.ca\/#\/schema\/logo\/image\/","url":"https:\/\/safetysourcefire.ca\/wp-content\/uploads\/2021\/01\/SSF_logo_CC0000-3.png","contentUrl":"https:\/\/safetysourcefire.ca\/wp-content\/uploads\/2021\/01\/SSF_logo_CC0000-3.png","width":1107,"height":365,"caption":"Safety Source Fire"},"image":{"@id":"https:\/\/safetysourcefire.ca\/#\/schema\/logo\/image\/"},"sameAs":["https:\/\/www.facebook.com\/mmfssca","https:\/\/x.com\/mmfssca"]}]}},"_links":{"self":[{"href":"https:\/\/safetysourcefire.ca\/fr\/wp-json\/wp\/v2\/product\/4551","targetHints":{"allow":["GET"]}}],"collection":[{"href":"https:\/\/safetysourcefire.ca\/fr\/wp-json\/wp\/v2\/product"}],"about":[{"href":"https:\/\/safetysourcefire.ca\/fr\/wp-json\/wp\/v2\/types\/product"}],"wp:featuredmedia":[{"embeddable":true,"href":"https:\/\/safetysourcefire.ca\/fr\/wp-json\/wp\/v2\/media\/4552"}],"wp:attachment":[{"href":"https:\/\/safetysourcefire.ca\/fr\/wp-json\/wp\/v2\/media?parent=4551"}],"wp:term":[{"taxonomy":"product_brand","embeddable":true,"href":"https:\/\/safetysourcefire.ca\/fr\/wp-json\/wp\/v2\/product_brand?post=4551"},{"taxonomy":"product_cat","embeddable":true,"href":"https:\/\/safetysourcefire.ca\/fr\/wp-json\/wp\/v2\/product_cat?post=4551"},{"taxonomy":"product_tag","embeddable":true,"href":"https:\/\/safetysourcefire.ca\/fr\/wp-json\/wp\/v2\/product_tag?post=4551"}],"curies":[{"name":"wp","href":"https:\/\/api.w.org\/{rel}","templated":true}]}}