{"id":4613,"date":"2017-07-07T20:28:54","date_gmt":"2017-07-07T20:28:54","guid":{"rendered":"https:\/\/mmfss.ca\/?post_type=product&#038;p=4613"},"modified":"2018-03-19T13:55:48","modified_gmt":"2018-03-19T13:55:48","slug":"badger-carbon-dioxide-15lb-10-bc-fire-extinguisher","status":"publish","type":"product","link":"https:\/\/safetysourcefire.ca\/fr\/produit\/badger-carbon-dioxide-15lb-10-bc-fire-extinguisher\/","title":{"rendered":"Extincteur au dioxyde de carbone 15lb 10-B: C de Badger\u00a0"},"content":{"rendered":"<p>Parfaitement adapt\u00e9s aux applications int\u00e9rieures o\u00f9 les \u00e9quipements \/ situations d\u00e9licates qui n\u00e9cessitent un agent d'extinction propre.<\/p>\n<p>Le dioxyde de carbone est un agent d'extinction gazeux efficace et propre qui ne laisse aucun r\u00e9sidu qui risque d'endommager l'\u00e9quipement. Ces mod\u00e8les sont adapt\u00e9s pour une utilisation sur les feux de classes B et C.<\/p>\n<ul>\n<li>Robinet en laiton chrom\u00e9 robuste<\/li>\n<li>Poign\u00e9e, levier et bande de tuyau en acier inoxydable<\/li>\n<li>Tube de siphon interne en aluminium<\/li>\n<li>Garantie 6 ans<\/li>\n<li>List\u00e9 ULC et approuv\u00e9 par l&#039;USCG - R\u00e9pond aux exigences TC\/DOT<\/li>\n<li>Plaque signal\u00e9tique bilingue facile \u00e0 lire<\/li>\n<\/ul>","protected":false},"excerpt":{"rendered":"<p>Ces mod\u00e8les d&#039;extincteurs industriels de qualit\u00e9 sont extr\u00eamement polyvalents et pr\u00eats \u00e0 faire face aux risques d&#039;incendie de liquides inflammables et \u00e9lectriques.<\/p>","protected":false},"featured_media":4590,"template":"","meta":[],"product_brand":[247],"product_cat":[62,44],"product_tag":[316],"class_list":{"0":"post-4613","1":"product","2":"type-product","3":"status-publish","4":"has-post-thumbnail","6":"product_brand-kidde","7":"product_cat-extinguishers","8":"product_cat-fire-suppression","9":"product_tag-kidde","11":"first","12":"instock","13":"shipping-taxable","14":"product-type-simple"},"yoast_head":"<!-- This site is optimized with the Yoast SEO plugin v27.4 - https:\/\/yoast.com\/product\/yoast-seo-wordpress\/ -->\n<title>Badger Carbon Dioxide 15lb 10-B:C Fire Extinguisher\u00a0 - Safety Source Fire<\/title>\n<meta name=\"robots\" content=\"index, follow, max-snippet:-1, max-image-preview:large, max-video-preview:-1\" \/>\n<link rel=\"canonical\" href=\"https:\/\/safetysourcefire.ca\/fr\/?product=badger-carbon-dioxide-15lb-10-bc-fire-extinguisher\" \/>\n<meta property=\"og:locale\" content=\"fr_CA\" \/>\n<meta property=\"og:type\" content=\"article\" \/>\n<meta property=\"og:title\" content=\"Badger Carbon Dioxide 15lb 10-B:C Fire Extinguisher\u00a0 - Safety Source Fire\" \/>\n<meta property=\"og:description\" content=\"These quality industrial fire extinguisher models are extremely versatile and ready to tackle flammable liquid and electrical fire hazards.\" \/>\n<meta property=\"og:url\" content=\"https:\/\/safetysourcefire.ca\/fr\/?product=badger-carbon-dioxide-15lb-10-bc-fire-extinguisher\" \/>\n<meta property=\"og:site_name\" content=\"Safety Source Fire\" \/>\n<meta property=\"article:publisher\" content=\"https:\/\/www.facebook.com\/mmfssca\" \/>\n<meta property=\"article:modified_time\" content=\"2018-03-19T13:55:48+00:00\" \/>\n<meta property=\"og:image\" content=\"https:\/\/safetysourcefire.ca\/wp-content\/uploads\/2017\/07\/24211.jpg\" \/>\n\t<meta property=\"og:image:width\" content=\"600\" \/>\n\t<meta property=\"og:image:height\" content=\"600\" \/>\n\t<meta property=\"og:image:type\" content=\"image\/jpeg\" \/>\n<meta name=\"twitter:card\" content=\"summary_large_image\" \/>\n<meta name=\"twitter:site\" content=\"@mmfssca\" \/>\n<script type=\"application\/ld+json\" class=\"yoast-schema-graph\">{\"@context\":\"https:\\\/\\\/schema.org\",\"@graph\":[{\"@type\":\"WebPage\",\"@id\":\"https:\\\/\\\/safetysourcefire.ca\\\/?product=badger-carbon-dioxide-15lb-10-bc-fire-extinguisher\",\"url\":\"https:\\\/\\\/safetysourcefire.ca\\\/?product=badger-carbon-dioxide-15lb-10-bc-fire-extinguisher\",\"name\":\"Badger Carbon Dioxide 15lb 10-B:C Fire Extinguisher\u00a0 - Safety Source Fire\",\"isPartOf\":{\"@id\":\"https:\\\/\\\/safetysourcefire.ca\\\/#website\"},\"primaryImageOfPage\":{\"@id\":\"https:\\\/\\\/safetysourcefire.ca\\\/?product=badger-carbon-dioxide-15lb-10-bc-fire-extinguisher#primaryimage\"},\"image\":{\"@id\":\"https:\\\/\\\/safetysourcefire.ca\\\/?product=badger-carbon-dioxide-15lb-10-bc-fire-extinguisher#primaryimage\"},\"thumbnailUrl\":\"https:\\\/\\\/safetysourcefire.ca\\\/wp-content\\\/uploads\\\/2017\\\/07\\\/24211.jpg\",\"datePublished\":\"2017-07-07T20:28:54+00:00\",\"dateModified\":\"2018-03-19T13:55:48+00:00\",\"breadcrumb\":{\"@id\":\"https:\\\/\\\/safetysourcefire.ca\\\/?product=badger-carbon-dioxide-15lb-10-bc-fire-extinguisher#breadcrumb\"},\"inLanguage\":\"fr-CA\",\"potentialAction\":[{\"@type\":\"ReadAction\",\"target\":[\"https:\\\/\\\/safetysourcefire.ca\\\/?product=badger-carbon-dioxide-15lb-10-bc-fire-extinguisher\"]}]},{\"@type\":\"ImageObject\",\"inLanguage\":\"fr-CA\",\"@id\":\"https:\\\/\\\/safetysourcefire.ca\\\/?product=badger-carbon-dioxide-15lb-10-bc-fire-extinguisher#primaryimage\",\"url\":\"https:\\\/\\\/safetysourcefire.ca\\\/wp-content\\\/uploads\\\/2017\\\/07\\\/24211.jpg\",\"contentUrl\":\"https:\\\/\\\/safetysourcefire.ca\\\/wp-content\\\/uploads\\\/2017\\\/07\\\/24211.jpg\",\"width\":600,\"height\":600,\"caption\":\"fire extinguisher\"},{\"@type\":\"BreadcrumbList\",\"@id\":\"https:\\\/\\\/safetysourcefire.ca\\\/?product=badger-carbon-dioxide-15lb-10-bc-fire-extinguisher#breadcrumb\",\"itemListElement\":[{\"@type\":\"ListItem\",\"position\":1,\"name\":\"Home\",\"item\":\"https:\\\/\\\/safetysourcefire.ca\\\/\"},{\"@type\":\"ListItem\",\"position\":2,\"name\":\"Products\",\"item\":\"https:\\\/\\\/safetysourcefire.ca\\\/shop\\\/\"},{\"@type\":\"ListItem\",\"position\":3,\"name\":\"Badger Carbon Dioxide 15lb 10-B:C Fire Extinguisher\u00a0\"}]},{\"@type\":\"WebSite\",\"@id\":\"https:\\\/\\\/safetysourcefire.ca\\\/#website\",\"url\":\"https:\\\/\\\/safetysourcefire.ca\\\/\",\"name\":\"Safety Source Fire\",\"description\":\"\",\"publisher\":{\"@id\":\"https:\\\/\\\/safetysourcefire.ca\\\/#organization\"},\"potentialAction\":[{\"@type\":\"SearchAction\",\"target\":{\"@type\":\"EntryPoint\",\"urlTemplate\":\"https:\\\/\\\/safetysourcefire.ca\\\/?s={search_term_string}\"},\"query-input\":{\"@type\":\"PropertyValueSpecification\",\"valueRequired\":true,\"valueName\":\"search_term_string\"}}],\"inLanguage\":\"fr-CA\"},{\"@type\":\"Organization\",\"@id\":\"https:\\\/\\\/safetysourcefire.ca\\\/#organization\",\"name\":\"Safety Source Fire\",\"url\":\"https:\\\/\\\/safetysourcefire.ca\\\/\",\"logo\":{\"@type\":\"ImageObject\",\"inLanguage\":\"fr-CA\",\"@id\":\"https:\\\/\\\/safetysourcefire.ca\\\/#\\\/schema\\\/logo\\\/image\\\/\",\"url\":\"https:\\\/\\\/safetysourcefire.ca\\\/wp-content\\\/uploads\\\/2021\\\/01\\\/SSF_logo_CC0000-3.png\",\"contentUrl\":\"https:\\\/\\\/safetysourcefire.ca\\\/wp-content\\\/uploads\\\/2021\\\/01\\\/SSF_logo_CC0000-3.png\",\"width\":1107,\"height\":365,\"caption\":\"Safety Source Fire\"},\"image\":{\"@id\":\"https:\\\/\\\/safetysourcefire.ca\\\/#\\\/schema\\\/logo\\\/image\\\/\"},\"sameAs\":[\"https:\\\/\\\/www.facebook.com\\\/mmfssca\",\"https:\\\/\\\/x.com\\\/mmfssca\"]}]}<\/script>\n<!-- \/ Yoast SEO plugin. -->","yoast_head_json":{"title":"Badger Carbon Dioxide 15lb 10-B:C Fire Extinguisher\u00a0 - Safety Source Fire","robots":{"index":"index","follow":"follow","max-snippet":"max-snippet:-1","max-image-preview":"max-image-preview:large","max-video-preview":"max-video-preview:-1"},"canonical":"https:\/\/safetysourcefire.ca\/fr\/?product=badger-carbon-dioxide-15lb-10-bc-fire-extinguisher","og_locale":"fr_CA","og_type":"article","og_title":"Badger Carbon Dioxide 15lb 10-B:C Fire Extinguisher\u00a0 - Safety Source Fire","og_description":"These quality industrial fire extinguisher models are extremely versatile and ready to tackle flammable liquid and electrical fire hazards.","og_url":"https:\/\/safetysourcefire.ca\/fr\/?product=badger-carbon-dioxide-15lb-10-bc-fire-extinguisher","og_site_name":"Safety Source Fire","article_publisher":"https:\/\/www.facebook.com\/mmfssca","article_modified_time":"2018-03-19T13:55:48+00:00","og_image":[{"width":600,"height":600,"url":"https:\/\/safetysourcefire.ca\/wp-content\/uploads\/2017\/07\/24211.jpg","type":"image\/jpeg"}],"twitter_card":"summary_large_image","twitter_site":"@mmfssca","schema":{"@context":"https:\/\/schema.org","@graph":[{"@type":"WebPage","@id":"https:\/\/safetysourcefire.ca\/?product=badger-carbon-dioxide-15lb-10-bc-fire-extinguisher","url":"https:\/\/safetysourcefire.ca\/?product=badger-carbon-dioxide-15lb-10-bc-fire-extinguisher","name":"Badger Carbon Dioxide 15lb 10-B:C Fire Extinguisher\u00a0 - Safety Source Fire","isPartOf":{"@id":"https:\/\/safetysourcefire.ca\/#website"},"primaryImageOfPage":{"@id":"https:\/\/safetysourcefire.ca\/?product=badger-carbon-dioxide-15lb-10-bc-fire-extinguisher#primaryimage"},"image":{"@id":"https:\/\/safetysourcefire.ca\/?product=badger-carbon-dioxide-15lb-10-bc-fire-extinguisher#primaryimage"},"thumbnailUrl":"https:\/\/safetysourcefire.ca\/wp-content\/uploads\/2017\/07\/24211.jpg","datePublished":"2017-07-07T20:28:54+00:00","dateModified":"2018-03-19T13:55:48+00:00","breadcrumb":{"@id":"https:\/\/safetysourcefire.ca\/?product=badger-carbon-dioxide-15lb-10-bc-fire-extinguisher#breadcrumb"},"inLanguage":"fr-CA","potentialAction":[{"@type":"ReadAction","target":["https:\/\/safetysourcefire.ca\/?product=badger-carbon-dioxide-15lb-10-bc-fire-extinguisher"]}]},{"@type":"ImageObject","inLanguage":"fr-CA","@id":"https:\/\/safetysourcefire.ca\/?product=badger-carbon-dioxide-15lb-10-bc-fire-extinguisher#primaryimage","url":"https:\/\/safetysourcefire.ca\/wp-content\/uploads\/2017\/07\/24211.jpg","contentUrl":"https:\/\/safetysourcefire.ca\/wp-content\/uploads\/2017\/07\/24211.jpg","width":600,"height":600,"caption":"fire extinguisher"},{"@type":"BreadcrumbList","@id":"https:\/\/safetysourcefire.ca\/?product=badger-carbon-dioxide-15lb-10-bc-fire-extinguisher#breadcrumb","itemListElement":[{"@type":"ListItem","position":1,"name":"Home","item":"https:\/\/safetysourcefire.ca\/"},{"@type":"ListItem","position":2,"name":"Products","item":"https:\/\/safetysourcefire.ca\/shop\/"},{"@type":"ListItem","position":3,"name":"Badger Carbon Dioxide 15lb 10-B:C Fire Extinguisher\u00a0"}]},{"@type":"WebSite","@id":"https:\/\/safetysourcefire.ca\/#website","url":"https:\/\/safetysourcefire.ca\/","name":"Safety Source Fire","description":"","publisher":{"@id":"https:\/\/safetysourcefire.ca\/#organization"},"potentialAction":[{"@type":"SearchAction","target":{"@type":"EntryPoint","urlTemplate":"https:\/\/safetysourcefire.ca\/?s={search_term_string}"},"query-input":{"@type":"PropertyValueSpecification","valueRequired":true,"valueName":"search_term_string"}}],"inLanguage":"fr-CA"},{"@type":"Organization","@id":"https:\/\/safetysourcefire.ca\/#organization","name":"Safety Source Fire","url":"https:\/\/safetysourcefire.ca\/","logo":{"@type":"ImageObject","inLanguage":"fr-CA","@id":"https:\/\/safetysourcefire.ca\/#\/schema\/logo\/image\/","url":"https:\/\/safetysourcefire.ca\/wp-content\/uploads\/2021\/01\/SSF_logo_CC0000-3.png","contentUrl":"https:\/\/safetysourcefire.ca\/wp-content\/uploads\/2021\/01\/SSF_logo_CC0000-3.png","width":1107,"height":365,"caption":"Safety Source Fire"},"image":{"@id":"https:\/\/safetysourcefire.ca\/#\/schema\/logo\/image\/"},"sameAs":["https:\/\/www.facebook.com\/mmfssca","https:\/\/x.com\/mmfssca"]}]}},"_links":{"self":[{"href":"https:\/\/safetysourcefire.ca\/fr\/wp-json\/wp\/v2\/product\/4613","targetHints":{"allow":["GET"]}}],"collection":[{"href":"https:\/\/safetysourcefire.ca\/fr\/wp-json\/wp\/v2\/product"}],"about":[{"href":"https:\/\/safetysourcefire.ca\/fr\/wp-json\/wp\/v2\/types\/product"}],"wp:featuredmedia":[{"embeddable":true,"href":"https:\/\/safetysourcefire.ca\/fr\/wp-json\/wp\/v2\/media\/4590"}],"wp:attachment":[{"href":"https:\/\/safetysourcefire.ca\/fr\/wp-json\/wp\/v2\/media?parent=4613"}],"wp:term":[{"taxonomy":"product_brand","embeddable":true,"href":"https:\/\/safetysourcefire.ca\/fr\/wp-json\/wp\/v2\/product_brand?post=4613"},{"taxonomy":"product_cat","embeddable":true,"href":"https:\/\/safetysourcefire.ca\/fr\/wp-json\/wp\/v2\/product_cat?post=4613"},{"taxonomy":"product_tag","embeddable":true,"href":"https:\/\/safetysourcefire.ca\/fr\/wp-json\/wp\/v2\/product_tag?post=4613"}],"curies":[{"name":"wp","href":"https:\/\/api.w.org\/{rel}","templated":true}]}}