{"id":4619,"date":"2017-07-07T20:34:23","date_gmt":"2017-07-07T20:34:23","guid":{"rendered":"https:\/\/mmfss.ca\/?post_type=product&#038;p=4619"},"modified":"2018-03-19T13:55:45","modified_gmt":"2018-03-19T13:55:45","slug":"badger-20lb-120-bc-fire-extinguisher","status":"publish","type":"product","link":"https:\/\/safetysourcefire.ca\/fr\/produit\/badger-20lb-120-bc-fire-extinguisher\/","title":{"rendered":"Extincteur Badger 20lb 120-B: C\u00a0"},"content":{"rendered":"<p>Convient pour une utilisation sur les feux de classe B et C. Peut \u00eatre mont\u00e9 sur des surfaces verticales planes avec le crochet mural fourni ou avec le support de sangle en option.<\/p>\n<ul>\n<li>Vanne en laiton chrom\u00e9<\/li>\n<li>Poign\u00e9e, levier et bande de tuyau en acier inoxydable<\/li>\n<li>Cylindre en acier et tube de siphon interne<\/li>\n<li>Garantie 6 ans<\/li>\n<li>Goupilles de traction en acier inoxydable \u00e0 grande boucle avec attache<\/li>\n<li>Tuyau robuste avec raccord hexagonal en laiton plaqu\u00e9<\/li>\n<li>Intervalle d&#039;essai hydrostatique p\u00e9riodique de 12 ans<\/li>\n<li>List\u00e9 ULC et approuv\u00e9 par l&#039;USCG<\/li>\n<li>Plaques signal\u00e9tiques faciles \u00e0 lire -en deux parties<\/li>\n<\/ul>","protected":false},"excerpt":{"rendered":"<p>Les extincteurs \u00e0 pression \u00e0 poudre chimique au bicarbonate de sodium de Badger sont sp\u00e9cialement con\u00e7us pour r\u00e9pondre aux besoins des classes B et C des locaux industriels et commerciaux.<\/p>","protected":false},"featured_media":4593,"template":"","meta":[],"product_brand":[247],"product_cat":[62,44],"product_tag":[316],"class_list":{"0":"post-4619","1":"product","2":"type-product","3":"status-publish","4":"has-post-thumbnail","6":"product_brand-kidde","7":"product_cat-extinguishers","8":"product_cat-fire-suppression","9":"product_tag-kidde","11":"first","12":"instock","13":"shipping-taxable","14":"product-type-simple"},"yoast_head":"<!-- This site is optimized with the Yoast SEO plugin v27.4 - https:\/\/yoast.com\/product\/yoast-seo-wordpress\/ -->\n<title>Badger 20lb 120-B:C Fire Extinguisher\u00a0 - Safety Source Fire<\/title>\n<meta name=\"robots\" content=\"index, follow, max-snippet:-1, max-image-preview:large, max-video-preview:-1\" \/>\n<link rel=\"canonical\" href=\"https:\/\/safetysourcefire.ca\/fr\/?product=badger-20lb-120-bc-fire-extinguisher\" \/>\n<meta property=\"og:locale\" content=\"fr_CA\" \/>\n<meta property=\"og:type\" content=\"article\" \/>\n<meta property=\"og:title\" content=\"Badger 20lb 120-B:C Fire Extinguisher\u00a0 - Safety Source Fire\" \/>\n<meta property=\"og:description\" content=\"Badger\u2019s regular sodium bicarbonate dry chemical stored pressure fire extinguishers are specifically designed to meet the Class B and C needs of industrial and commercial premises.\" \/>\n<meta property=\"og:url\" content=\"https:\/\/safetysourcefire.ca\/fr\/?product=badger-20lb-120-bc-fire-extinguisher\" \/>\n<meta property=\"og:site_name\" content=\"Safety Source Fire\" \/>\n<meta property=\"article:publisher\" content=\"https:\/\/www.facebook.com\/mmfssca\" \/>\n<meta property=\"article:modified_time\" content=\"2018-03-19T13:55:45+00:00\" \/>\n<meta property=\"og:image\" content=\"https:\/\/safetysourcefire.ca\/wp-content\/uploads\/2017\/07\/24226.jpg\" \/>\n\t<meta property=\"og:image:width\" content=\"600\" \/>\n\t<meta property=\"og:image:height\" content=\"600\" \/>\n\t<meta property=\"og:image:type\" content=\"image\/jpeg\" \/>\n<meta name=\"twitter:card\" content=\"summary_large_image\" \/>\n<meta name=\"twitter:site\" content=\"@mmfssca\" \/>\n<script type=\"application\/ld+json\" class=\"yoast-schema-graph\">{\"@context\":\"https:\\\/\\\/schema.org\",\"@graph\":[{\"@type\":\"WebPage\",\"@id\":\"https:\\\/\\\/safetysourcefire.ca\\\/?product=badger-20lb-120-bc-fire-extinguisher\",\"url\":\"https:\\\/\\\/safetysourcefire.ca\\\/?product=badger-20lb-120-bc-fire-extinguisher\",\"name\":\"Badger 20lb 120-B:C Fire Extinguisher\u00a0 - Safety Source Fire\",\"isPartOf\":{\"@id\":\"https:\\\/\\\/safetysourcefire.ca\\\/#website\"},\"primaryImageOfPage\":{\"@id\":\"https:\\\/\\\/safetysourcefire.ca\\\/?product=badger-20lb-120-bc-fire-extinguisher#primaryimage\"},\"image\":{\"@id\":\"https:\\\/\\\/safetysourcefire.ca\\\/?product=badger-20lb-120-bc-fire-extinguisher#primaryimage\"},\"thumbnailUrl\":\"https:\\\/\\\/safetysourcefire.ca\\\/wp-content\\\/uploads\\\/2017\\\/07\\\/24226.jpg\",\"datePublished\":\"2017-07-07T20:34:23+00:00\",\"dateModified\":\"2018-03-19T13:55:45+00:00\",\"breadcrumb\":{\"@id\":\"https:\\\/\\\/safetysourcefire.ca\\\/?product=badger-20lb-120-bc-fire-extinguisher#breadcrumb\"},\"inLanguage\":\"fr-CA\",\"potentialAction\":[{\"@type\":\"ReadAction\",\"target\":[\"https:\\\/\\\/safetysourcefire.ca\\\/?product=badger-20lb-120-bc-fire-extinguisher\"]}]},{\"@type\":\"ImageObject\",\"inLanguage\":\"fr-CA\",\"@id\":\"https:\\\/\\\/safetysourcefire.ca\\\/?product=badger-20lb-120-bc-fire-extinguisher#primaryimage\",\"url\":\"https:\\\/\\\/safetysourcefire.ca\\\/wp-content\\\/uploads\\\/2017\\\/07\\\/24226.jpg\",\"contentUrl\":\"https:\\\/\\\/safetysourcefire.ca\\\/wp-content\\\/uploads\\\/2017\\\/07\\\/24226.jpg\",\"width\":600,\"height\":600,\"caption\":\"fire extinguisher\"},{\"@type\":\"BreadcrumbList\",\"@id\":\"https:\\\/\\\/safetysourcefire.ca\\\/?product=badger-20lb-120-bc-fire-extinguisher#breadcrumb\",\"itemListElement\":[{\"@type\":\"ListItem\",\"position\":1,\"name\":\"Home\",\"item\":\"https:\\\/\\\/safetysourcefire.ca\\\/\"},{\"@type\":\"ListItem\",\"position\":2,\"name\":\"Products\",\"item\":\"https:\\\/\\\/safetysourcefire.ca\\\/shop\\\/\"},{\"@type\":\"ListItem\",\"position\":3,\"name\":\"Badger 20lb 120-B:C Fire Extinguisher\u00a0\"}]},{\"@type\":\"WebSite\",\"@id\":\"https:\\\/\\\/safetysourcefire.ca\\\/#website\",\"url\":\"https:\\\/\\\/safetysourcefire.ca\\\/\",\"name\":\"Safety Source Fire\",\"description\":\"\",\"publisher\":{\"@id\":\"https:\\\/\\\/safetysourcefire.ca\\\/#organization\"},\"potentialAction\":[{\"@type\":\"SearchAction\",\"target\":{\"@type\":\"EntryPoint\",\"urlTemplate\":\"https:\\\/\\\/safetysourcefire.ca\\\/?s={search_term_string}\"},\"query-input\":{\"@type\":\"PropertyValueSpecification\",\"valueRequired\":true,\"valueName\":\"search_term_string\"}}],\"inLanguage\":\"fr-CA\"},{\"@type\":\"Organization\",\"@id\":\"https:\\\/\\\/safetysourcefire.ca\\\/#organization\",\"name\":\"Safety Source Fire\",\"url\":\"https:\\\/\\\/safetysourcefire.ca\\\/\",\"logo\":{\"@type\":\"ImageObject\",\"inLanguage\":\"fr-CA\",\"@id\":\"https:\\\/\\\/safetysourcefire.ca\\\/#\\\/schema\\\/logo\\\/image\\\/\",\"url\":\"https:\\\/\\\/safetysourcefire.ca\\\/wp-content\\\/uploads\\\/2021\\\/01\\\/SSF_logo_CC0000-3.png\",\"contentUrl\":\"https:\\\/\\\/safetysourcefire.ca\\\/wp-content\\\/uploads\\\/2021\\\/01\\\/SSF_logo_CC0000-3.png\",\"width\":1107,\"height\":365,\"caption\":\"Safety Source Fire\"},\"image\":{\"@id\":\"https:\\\/\\\/safetysourcefire.ca\\\/#\\\/schema\\\/logo\\\/image\\\/\"},\"sameAs\":[\"https:\\\/\\\/www.facebook.com\\\/mmfssca\",\"https:\\\/\\\/x.com\\\/mmfssca\"]}]}<\/script>\n<!-- \/ Yoast SEO plugin. -->","yoast_head_json":{"title":"Extincteur Badger 20 lb 120-B:C - Safety Source Fire","robots":{"index":"index","follow":"follow","max-snippet":"max-snippet:-1","max-image-preview":"max-image-preview:large","max-video-preview":"max-video-preview:-1"},"canonical":"https:\/\/safetysourcefire.ca\/fr\/?product=badger-20lb-120-bc-fire-extinguisher","og_locale":"fr_CA","og_type":"article","og_title":"Badger 20lb 120-B:C Fire Extinguisher\u00a0 - Safety Source Fire","og_description":"Badger\u2019s regular sodium bicarbonate dry chemical stored pressure fire extinguishers are specifically designed to meet the Class B and C needs of industrial and commercial premises.","og_url":"https:\/\/safetysourcefire.ca\/fr\/?product=badger-20lb-120-bc-fire-extinguisher","og_site_name":"Safety Source Fire","article_publisher":"https:\/\/www.facebook.com\/mmfssca","article_modified_time":"2018-03-19T13:55:45+00:00","og_image":[{"width":600,"height":600,"url":"https:\/\/safetysourcefire.ca\/wp-content\/uploads\/2017\/07\/24226.jpg","type":"image\/jpeg"}],"twitter_card":"summary_large_image","twitter_site":"@mmfssca","schema":{"@context":"https:\/\/schema.org","@graph":[{"@type":"WebPage","@id":"https:\/\/safetysourcefire.ca\/?product=badger-20lb-120-bc-fire-extinguisher","url":"https:\/\/safetysourcefire.ca\/?product=badger-20lb-120-bc-fire-extinguisher","name":"Extincteur Badger 20 lb 120-B:C - Safety Source Fire","isPartOf":{"@id":"https:\/\/safetysourcefire.ca\/#website"},"primaryImageOfPage":{"@id":"https:\/\/safetysourcefire.ca\/?product=badger-20lb-120-bc-fire-extinguisher#primaryimage"},"image":{"@id":"https:\/\/safetysourcefire.ca\/?product=badger-20lb-120-bc-fire-extinguisher#primaryimage"},"thumbnailUrl":"https:\/\/safetysourcefire.ca\/wp-content\/uploads\/2017\/07\/24226.jpg","datePublished":"2017-07-07T20:34:23+00:00","dateModified":"2018-03-19T13:55:45+00:00","breadcrumb":{"@id":"https:\/\/safetysourcefire.ca\/?product=badger-20lb-120-bc-fire-extinguisher#breadcrumb"},"inLanguage":"fr-CA","potentialAction":[{"@type":"ReadAction","target":["https:\/\/safetysourcefire.ca\/?product=badger-20lb-120-bc-fire-extinguisher"]}]},{"@type":"ImageObject","inLanguage":"fr-CA","@id":"https:\/\/safetysourcefire.ca\/?product=badger-20lb-120-bc-fire-extinguisher#primaryimage","url":"https:\/\/safetysourcefire.ca\/wp-content\/uploads\/2017\/07\/24226.jpg","contentUrl":"https:\/\/safetysourcefire.ca\/wp-content\/uploads\/2017\/07\/24226.jpg","width":600,"height":600,"caption":"fire extinguisher"},{"@type":"BreadcrumbList","@id":"https:\/\/safetysourcefire.ca\/?product=badger-20lb-120-bc-fire-extinguisher#breadcrumb","itemListElement":[{"@type":"ListItem","position":1,"name":"Home","item":"https:\/\/safetysourcefire.ca\/"},{"@type":"ListItem","position":2,"name":"Products","item":"https:\/\/safetysourcefire.ca\/shop\/"},{"@type":"ListItem","position":3,"name":"Badger 20lb 120-B:C Fire Extinguisher\u00a0"}]},{"@type":"WebSite","@id":"https:\/\/safetysourcefire.ca\/#website","url":"https:\/\/safetysourcefire.ca\/","name":"Safety Source Fire","description":"","publisher":{"@id":"https:\/\/safetysourcefire.ca\/#organization"},"potentialAction":[{"@type":"SearchAction","target":{"@type":"EntryPoint","urlTemplate":"https:\/\/safetysourcefire.ca\/?s={search_term_string}"},"query-input":{"@type":"PropertyValueSpecification","valueRequired":true,"valueName":"search_term_string"}}],"inLanguage":"fr-CA"},{"@type":"Organization","@id":"https:\/\/safetysourcefire.ca\/#organization","name":"Safety Source Fire","url":"https:\/\/safetysourcefire.ca\/","logo":{"@type":"ImageObject","inLanguage":"fr-CA","@id":"https:\/\/safetysourcefire.ca\/#\/schema\/logo\/image\/","url":"https:\/\/safetysourcefire.ca\/wp-content\/uploads\/2021\/01\/SSF_logo_CC0000-3.png","contentUrl":"https:\/\/safetysourcefire.ca\/wp-content\/uploads\/2021\/01\/SSF_logo_CC0000-3.png","width":1107,"height":365,"caption":"Safety Source Fire"},"image":{"@id":"https:\/\/safetysourcefire.ca\/#\/schema\/logo\/image\/"},"sameAs":["https:\/\/www.facebook.com\/mmfssca","https:\/\/x.com\/mmfssca"]}]}},"_links":{"self":[{"href":"https:\/\/safetysourcefire.ca\/fr\/wp-json\/wp\/v2\/product\/4619","targetHints":{"allow":["GET"]}}],"collection":[{"href":"https:\/\/safetysourcefire.ca\/fr\/wp-json\/wp\/v2\/product"}],"about":[{"href":"https:\/\/safetysourcefire.ca\/fr\/wp-json\/wp\/v2\/types\/product"}],"wp:featuredmedia":[{"embeddable":true,"href":"https:\/\/safetysourcefire.ca\/fr\/wp-json\/wp\/v2\/media\/4593"}],"wp:attachment":[{"href":"https:\/\/safetysourcefire.ca\/fr\/wp-json\/wp\/v2\/media?parent=4619"}],"wp:term":[{"taxonomy":"product_brand","embeddable":true,"href":"https:\/\/safetysourcefire.ca\/fr\/wp-json\/wp\/v2\/product_brand?post=4619"},{"taxonomy":"product_cat","embeddable":true,"href":"https:\/\/safetysourcefire.ca\/fr\/wp-json\/wp\/v2\/product_cat?post=4619"},{"taxonomy":"product_tag","embeddable":true,"href":"https:\/\/safetysourcefire.ca\/fr\/wp-json\/wp\/v2\/product_tag?post=4619"}],"curies":[{"name":"wp","href":"https:\/\/api.w.org\/{rel}","templated":true}]}}