{"id":4622,"date":"2017-07-07T20:37:16","date_gmt":"2017-07-07T20:37:16","guid":{"rendered":"https:\/\/mmfss.ca\/?post_type=product&#038;p=4622"},"modified":"2018-03-19T13:55:43","modified_gmt":"2018-03-19T13:55:43","slug":"badger-halotron-1-5lb-5-bc-fire-extinguisher","status":"publish","type":"product","link":"https:\/\/safetysourcefire.ca\/fr\/produit\/badger-halotron-1-5lb-5-bc-fire-extinguisher\/","title":{"rendered":"Extincteur Badger Halotron-1 5lb 5-B:C"},"content":{"rendered":"<p>Ces extincteurs de qualit\u00e9 contiennent un agent d'extinction propre extr\u00eamement polyvalent et efficace, capable de traiter la plupart des risques d'incendie g\u00e9n\u00e9ralement rencontr\u00e9s dans les applications commerciales et industrielles. Il convient parfaitement aux salles informatiques, au salles de stockage de donn\u00e9es, aux entreprises de t\u00e9l\u00e9communications, \u00e0 la robotique ou \u00e0 tout processus industriel de haute technologie n\u00e9cessitant un agent propre et efficace.<\/p>\n<p>Les mod\u00e8les Badger Extra Halotron-1 sont des alternatives \u00e9cologiquement acceptables au Halon-1211. Les mod\u00e8les de plus grande taille peuvent \u00eatre utilis\u00e9s sur les feux de classe A, B et C.<\/p>\n<ul>\n<li>Vannes en laiton chrom\u00e9<\/li>\n<li>Poign\u00e9es, leviers et colliers de serrage en acier inoxydable<\/li>\n<li>Grande goupille annulaire facile \u00e0 tirer<\/li>\n<li>Buses en aluminium usin\u00e9 robustes<\/li>\n<li>Cylindre en acier et tube de siphon interne<\/li>\n<li>List\u00e9 ULC et approuv\u00e9 par l&#039;USCG - R\u00e9pond aux exigences TC\/DOT<\/li>\n<li>Intervalles de test hydrostatique de 12 ans<\/li>\n<li>Garantie 6 ans<\/li>\n<\/ul>","protected":false},"excerpt":{"rendered":"<p>Lorsque les retards et les interruptions associ\u00e9s au nettoyage des agents d'extinction ne sont tout simplement pas des options, Halotron-1 est la solution.<\/p>","protected":false},"featured_media":4582,"template":"","meta":[],"product_brand":[247],"product_cat":[62,44],"product_tag":[316],"class_list":{"0":"post-4622","1":"product","2":"type-product","3":"status-publish","4":"has-post-thumbnail","6":"product_brand-kidde","7":"product_cat-extinguishers","8":"product_cat-fire-suppression","9":"product_tag-kidde","11":"first","12":"instock","13":"shipping-taxable","14":"product-type-simple"},"yoast_head":"<!-- This site is optimized with the Yoast SEO plugin v27.4 - https:\/\/yoast.com\/product\/yoast-seo-wordpress\/ -->\n<title>Badger Halotron-1 5lb 5-B:C Fire Extinguisher - Safety Source Fire<\/title>\n<meta name=\"robots\" content=\"index, follow, max-snippet:-1, max-image-preview:large, max-video-preview:-1\" \/>\n<link rel=\"canonical\" href=\"https:\/\/safetysourcefire.ca\/fr\/?product=badger-halotron-1-5lb-5-bc-fire-extinguisher\" \/>\n<meta property=\"og:locale\" content=\"fr_CA\" \/>\n<meta property=\"og:type\" content=\"article\" \/>\n<meta property=\"og:title\" content=\"Badger Halotron-1 5lb 5-B:C Fire Extinguisher - Safety Source Fire\" \/>\n<meta property=\"og:description\" content=\"When experiencing delays, downtime and interruptions associated with extinguishing agent clean-up is simply not an option, Halotron-1 is the choice.\" \/>\n<meta property=\"og:url\" content=\"https:\/\/safetysourcefire.ca\/fr\/?product=badger-halotron-1-5lb-5-bc-fire-extinguisher\" \/>\n<meta property=\"og:site_name\" content=\"Safety Source Fire\" \/>\n<meta property=\"article:publisher\" content=\"https:\/\/www.facebook.com\/mmfssca\" \/>\n<meta property=\"article:modified_time\" content=\"2018-03-19T13:55:43+00:00\" \/>\n<meta property=\"og:image\" content=\"https:\/\/safetysourcefire.ca\/wp-content\/uploads\/2017\/07\/23826.jpg\" \/>\n\t<meta property=\"og:image:width\" content=\"600\" \/>\n\t<meta property=\"og:image:height\" content=\"600\" \/>\n\t<meta property=\"og:image:type\" content=\"image\/jpeg\" \/>\n<meta name=\"twitter:card\" content=\"summary_large_image\" \/>\n<meta name=\"twitter:site\" content=\"@mmfssca\" \/>\n<meta name=\"twitter:label1\" content=\"Estimation du temps de lecture\" \/>\n\t<meta name=\"twitter:data1\" content=\"1 minute\" \/>\n<script type=\"application\/ld+json\" class=\"yoast-schema-graph\">{\"@context\":\"https:\\\/\\\/schema.org\",\"@graph\":[{\"@type\":\"WebPage\",\"@id\":\"https:\\\/\\\/safetysourcefire.ca\\\/?product=badger-halotron-1-5lb-5-bc-fire-extinguisher\",\"url\":\"https:\\\/\\\/safetysourcefire.ca\\\/?product=badger-halotron-1-5lb-5-bc-fire-extinguisher\",\"name\":\"Badger Halotron-1 5lb 5-B:C Fire Extinguisher - Safety Source Fire\",\"isPartOf\":{\"@id\":\"https:\\\/\\\/safetysourcefire.ca\\\/#website\"},\"primaryImageOfPage\":{\"@id\":\"https:\\\/\\\/safetysourcefire.ca\\\/?product=badger-halotron-1-5lb-5-bc-fire-extinguisher#primaryimage\"},\"image\":{\"@id\":\"https:\\\/\\\/safetysourcefire.ca\\\/?product=badger-halotron-1-5lb-5-bc-fire-extinguisher#primaryimage\"},\"thumbnailUrl\":\"https:\\\/\\\/safetysourcefire.ca\\\/wp-content\\\/uploads\\\/2017\\\/07\\\/23826.jpg\",\"datePublished\":\"2017-07-07T20:37:16+00:00\",\"dateModified\":\"2018-03-19T13:55:43+00:00\",\"breadcrumb\":{\"@id\":\"https:\\\/\\\/safetysourcefire.ca\\\/?product=badger-halotron-1-5lb-5-bc-fire-extinguisher#breadcrumb\"},\"inLanguage\":\"fr-CA\",\"potentialAction\":[{\"@type\":\"ReadAction\",\"target\":[\"https:\\\/\\\/safetysourcefire.ca\\\/?product=badger-halotron-1-5lb-5-bc-fire-extinguisher\"]}]},{\"@type\":\"ImageObject\",\"inLanguage\":\"fr-CA\",\"@id\":\"https:\\\/\\\/safetysourcefire.ca\\\/?product=badger-halotron-1-5lb-5-bc-fire-extinguisher#primaryimage\",\"url\":\"https:\\\/\\\/safetysourcefire.ca\\\/wp-content\\\/uploads\\\/2017\\\/07\\\/23826.jpg\",\"contentUrl\":\"https:\\\/\\\/safetysourcefire.ca\\\/wp-content\\\/uploads\\\/2017\\\/07\\\/23826.jpg\",\"width\":600,\"height\":600,\"caption\":\"fire extinguisher\"},{\"@type\":\"BreadcrumbList\",\"@id\":\"https:\\\/\\\/safetysourcefire.ca\\\/?product=badger-halotron-1-5lb-5-bc-fire-extinguisher#breadcrumb\",\"itemListElement\":[{\"@type\":\"ListItem\",\"position\":1,\"name\":\"Home\",\"item\":\"https:\\\/\\\/safetysourcefire.ca\\\/\"},{\"@type\":\"ListItem\",\"position\":2,\"name\":\"Products\",\"item\":\"https:\\\/\\\/safetysourcefire.ca\\\/shop\\\/\"},{\"@type\":\"ListItem\",\"position\":3,\"name\":\"Badger Halotron-1 5lb 5-B:C Fire Extinguisher\"}]},{\"@type\":\"WebSite\",\"@id\":\"https:\\\/\\\/safetysourcefire.ca\\\/#website\",\"url\":\"https:\\\/\\\/safetysourcefire.ca\\\/\",\"name\":\"Safety Source Fire\",\"description\":\"\",\"publisher\":{\"@id\":\"https:\\\/\\\/safetysourcefire.ca\\\/#organization\"},\"potentialAction\":[{\"@type\":\"SearchAction\",\"target\":{\"@type\":\"EntryPoint\",\"urlTemplate\":\"https:\\\/\\\/safetysourcefire.ca\\\/?s={search_term_string}\"},\"query-input\":{\"@type\":\"PropertyValueSpecification\",\"valueRequired\":true,\"valueName\":\"search_term_string\"}}],\"inLanguage\":\"fr-CA\"},{\"@type\":\"Organization\",\"@id\":\"https:\\\/\\\/safetysourcefire.ca\\\/#organization\",\"name\":\"Safety Source Fire\",\"url\":\"https:\\\/\\\/safetysourcefire.ca\\\/\",\"logo\":{\"@type\":\"ImageObject\",\"inLanguage\":\"fr-CA\",\"@id\":\"https:\\\/\\\/safetysourcefire.ca\\\/#\\\/schema\\\/logo\\\/image\\\/\",\"url\":\"https:\\\/\\\/safetysourcefire.ca\\\/wp-content\\\/uploads\\\/2021\\\/01\\\/SSF_logo_CC0000-3.png\",\"contentUrl\":\"https:\\\/\\\/safetysourcefire.ca\\\/wp-content\\\/uploads\\\/2021\\\/01\\\/SSF_logo_CC0000-3.png\",\"width\":1107,\"height\":365,\"caption\":\"Safety Source Fire\"},\"image\":{\"@id\":\"https:\\\/\\\/safetysourcefire.ca\\\/#\\\/schema\\\/logo\\\/image\\\/\"},\"sameAs\":[\"https:\\\/\\\/www.facebook.com\\\/mmfssca\",\"https:\\\/\\\/x.com\\\/mmfssca\"]}]}<\/script>\n<!-- \/ Yoast SEO plugin. -->","yoast_head_json":{"title":"Extincteur Badger Halotron-1 5 lb 5-B:C - Safety Source Fire","robots":{"index":"index","follow":"follow","max-snippet":"max-snippet:-1","max-image-preview":"max-image-preview:large","max-video-preview":"max-video-preview:-1"},"canonical":"https:\/\/safetysourcefire.ca\/fr\/?product=badger-halotron-1-5lb-5-bc-fire-extinguisher","og_locale":"fr_CA","og_type":"article","og_title":"Badger Halotron-1 5lb 5-B:C Fire Extinguisher - Safety Source Fire","og_description":"When experiencing delays, downtime and interruptions associated with extinguishing agent clean-up is simply not an option, Halotron-1 is the choice.","og_url":"https:\/\/safetysourcefire.ca\/fr\/?product=badger-halotron-1-5lb-5-bc-fire-extinguisher","og_site_name":"Safety Source Fire","article_publisher":"https:\/\/www.facebook.com\/mmfssca","article_modified_time":"2018-03-19T13:55:43+00:00","og_image":[{"width":600,"height":600,"url":"https:\/\/safetysourcefire.ca\/wp-content\/uploads\/2017\/07\/23826.jpg","type":"image\/jpeg"}],"twitter_card":"summary_large_image","twitter_site":"@mmfssca","twitter_misc":{"Estimation du temps de lecture":"1 minute"},"schema":{"@context":"https:\/\/schema.org","@graph":[{"@type":"WebPage","@id":"https:\/\/safetysourcefire.ca\/?product=badger-halotron-1-5lb-5-bc-fire-extinguisher","url":"https:\/\/safetysourcefire.ca\/?product=badger-halotron-1-5lb-5-bc-fire-extinguisher","name":"Extincteur Badger Halotron-1 5 lb 5-B:C - Safety Source Fire","isPartOf":{"@id":"https:\/\/safetysourcefire.ca\/#website"},"primaryImageOfPage":{"@id":"https:\/\/safetysourcefire.ca\/?product=badger-halotron-1-5lb-5-bc-fire-extinguisher#primaryimage"},"image":{"@id":"https:\/\/safetysourcefire.ca\/?product=badger-halotron-1-5lb-5-bc-fire-extinguisher#primaryimage"},"thumbnailUrl":"https:\/\/safetysourcefire.ca\/wp-content\/uploads\/2017\/07\/23826.jpg","datePublished":"2017-07-07T20:37:16+00:00","dateModified":"2018-03-19T13:55:43+00:00","breadcrumb":{"@id":"https:\/\/safetysourcefire.ca\/?product=badger-halotron-1-5lb-5-bc-fire-extinguisher#breadcrumb"},"inLanguage":"fr-CA","potentialAction":[{"@type":"ReadAction","target":["https:\/\/safetysourcefire.ca\/?product=badger-halotron-1-5lb-5-bc-fire-extinguisher"]}]},{"@type":"ImageObject","inLanguage":"fr-CA","@id":"https:\/\/safetysourcefire.ca\/?product=badger-halotron-1-5lb-5-bc-fire-extinguisher#primaryimage","url":"https:\/\/safetysourcefire.ca\/wp-content\/uploads\/2017\/07\/23826.jpg","contentUrl":"https:\/\/safetysourcefire.ca\/wp-content\/uploads\/2017\/07\/23826.jpg","width":600,"height":600,"caption":"fire extinguisher"},{"@type":"BreadcrumbList","@id":"https:\/\/safetysourcefire.ca\/?product=badger-halotron-1-5lb-5-bc-fire-extinguisher#breadcrumb","itemListElement":[{"@type":"ListItem","position":1,"name":"Home","item":"https:\/\/safetysourcefire.ca\/"},{"@type":"ListItem","position":2,"name":"Products","item":"https:\/\/safetysourcefire.ca\/shop\/"},{"@type":"ListItem","position":3,"name":"Badger Halotron-1 5lb 5-B:C Fire Extinguisher"}]},{"@type":"WebSite","@id":"https:\/\/safetysourcefire.ca\/#website","url":"https:\/\/safetysourcefire.ca\/","name":"Safety Source Fire","description":"","publisher":{"@id":"https:\/\/safetysourcefire.ca\/#organization"},"potentialAction":[{"@type":"SearchAction","target":{"@type":"EntryPoint","urlTemplate":"https:\/\/safetysourcefire.ca\/?s={search_term_string}"},"query-input":{"@type":"PropertyValueSpecification","valueRequired":true,"valueName":"search_term_string"}}],"inLanguage":"fr-CA"},{"@type":"Organization","@id":"https:\/\/safetysourcefire.ca\/#organization","name":"Safety Source Fire","url":"https:\/\/safetysourcefire.ca\/","logo":{"@type":"ImageObject","inLanguage":"fr-CA","@id":"https:\/\/safetysourcefire.ca\/#\/schema\/logo\/image\/","url":"https:\/\/safetysourcefire.ca\/wp-content\/uploads\/2021\/01\/SSF_logo_CC0000-3.png","contentUrl":"https:\/\/safetysourcefire.ca\/wp-content\/uploads\/2021\/01\/SSF_logo_CC0000-3.png","width":1107,"height":365,"caption":"Safety Source Fire"},"image":{"@id":"https:\/\/safetysourcefire.ca\/#\/schema\/logo\/image\/"},"sameAs":["https:\/\/www.facebook.com\/mmfssca","https:\/\/x.com\/mmfssca"]}]}},"_links":{"self":[{"href":"https:\/\/safetysourcefire.ca\/fr\/wp-json\/wp\/v2\/product\/4622","targetHints":{"allow":["GET"]}}],"collection":[{"href":"https:\/\/safetysourcefire.ca\/fr\/wp-json\/wp\/v2\/product"}],"about":[{"href":"https:\/\/safetysourcefire.ca\/fr\/wp-json\/wp\/v2\/types\/product"}],"wp:featuredmedia":[{"embeddable":true,"href":"https:\/\/safetysourcefire.ca\/fr\/wp-json\/wp\/v2\/media\/4582"}],"wp:attachment":[{"href":"https:\/\/safetysourcefire.ca\/fr\/wp-json\/wp\/v2\/media?parent=4622"}],"wp:term":[{"taxonomy":"product_brand","embeddable":true,"href":"https:\/\/safetysourcefire.ca\/fr\/wp-json\/wp\/v2\/product_brand?post=4622"},{"taxonomy":"product_cat","embeddable":true,"href":"https:\/\/safetysourcefire.ca\/fr\/wp-json\/wp\/v2\/product_cat?post=4622"},{"taxonomy":"product_tag","embeddable":true,"href":"https:\/\/safetysourcefire.ca\/fr\/wp-json\/wp\/v2\/product_tag?post=4622"}],"curies":[{"name":"wp","href":"https:\/\/api.w.org\/{rel}","templated":true}]}}