{"id":4707,"date":"2018-08-27T08:00:06","date_gmt":"2018-08-27T08:00:06","guid":{"rendered":"https:\/\/mmfss.ca\/?post_type=product&#038;p=4707"},"modified":"2024-08-16T13:09:57","modified_gmt":"2024-08-16T13:09:57","slug":"9-ft-duo-safety-folding-ladder","status":"publish","type":"product","link":"https:\/\/safetysourcefire.ca\/fr\/produit\/9-ft-duo-safety-folding-ladder\/","title":{"rendered":"\u00c9chelle pliante Duo-Safety de 9 pieds"},"content":{"rendered":"<p>Le nec plus ultra en mati\u00e8re d&#039;\u00e9chelles pratiques et pratiques - L\u00e9g\u00e8res, ces \u00e9chelles se replient en un ensemble compact pour le stockage ou le transport. En position ouverte, des dispositifs de verrouillage sp\u00e9ciaux maintiennent les \u00e9chelles absolument rigides. \u00c9quip\u00e9 de chaussures Duo-Safety Ladder par mesure de pr\u00e9caution suppl\u00e9mentaire.<\/p>\n<p><strong>S\u00e9rie 585-A Aluminium<\/strong><\/p>\n<ul>\n<li><strong>Capacit\u00e9 de charge de 300 lb<\/strong><\/li>\n<\/ul>\n<table width=\"100%\">\n<tbody>\n<tr>\n<td><strong>Taille<\/strong><\/td>\n<td><strong>Longueur<br \/>\nLongueur<\/strong><\/td>\n<td><strong>Longueur<br \/>\nLongueur<\/strong><\/td>\n<td><strong>Longueur<br \/>\nLargeur<\/strong><\/td>\n<td><strong>Bancaire<br \/>\nDimensions<\/strong><\/td>\n<td><strong>Poids<\/strong><\/td>\n<\/tr>\n<tr>\n<td>9\u2032<\/td>\n<td>9\u2032 1,87\u2033<\/td>\n<td>10\u2032 0,25\u2033<\/td>\n<td>12,12\u2033<\/td>\n<td>*1.75\u2033x4.25\u2033<\/td>\n<td>15 livres<\/td>\n<\/tr>\n<tr>\n<td colspan=\"6\">*La largeur totale inclus les chaussures aux pattes<\/td>\n<\/tr>\n<tr>\n<td colspan=\"6\">Toutes les dimensions r\u00e9pertori\u00e9es ci-haut se qualifient dans les normes de v\u00e9rification de conception NFPA. Des variations d'environ +\/- 0,125\u2033 peuvent se produire en raison du type de rivets, \u00e9crous ou boulons utilis\u00e9s. Si vous avez besoin de dimensions pr\u00e9cises, veuillez appeler notre bureau et demander une copie de nos feuilles de dimensions.<\/td>\n<\/tr>\n<\/tbody>\n<\/table>","protected":false},"excerpt":{"rendered":"<p><strong>Prix de liquidation: $395.<\/strong><\/p>\n<p><em>Jusqu&#039;\u00e0 \u00e9puisement des stocks. Veuillez noter : les ventes d&#039;articles en liquidation sont d\u00e9finitives ; aucun \u00e9change ni retour.<\/em><\/p>","protected":false},"featured_media":4692,"template":"","meta":[],"product_brand":[162],"product_cat":[43,42],"product_tag":[282,283],"class_list":{"0":"post-4707","1":"product","2":"type-product","3":"status-publish","4":"has-post-thumbnail","6":"product_brand-duo-safety","7":"product_cat-clearance","8":"product_cat-ladders","9":"product_tag-duo-safety","10":"product_tag-duosafety","12":"first","13":"instock","14":"shipping-taxable","15":"product-type-simple"},"yoast_head":"<!-- This site is optimized with the Yoast SEO plugin v27.4 - https:\/\/yoast.com\/product\/yoast-seo-wordpress\/ -->\n<title>9 ft. Duo-Safety Folding Ladder - Safety Source Fire<\/title>\n<meta name=\"robots\" content=\"index, follow, max-snippet:-1, max-image-preview:large, max-video-preview:-1\" \/>\n<link rel=\"canonical\" href=\"https:\/\/safetysourcefire.ca\/fr\/?product=9-ft-duo-safety-folding-ladder\" \/>\n<meta property=\"og:locale\" content=\"fr_CA\" \/>\n<meta property=\"og:type\" content=\"article\" \/>\n<meta property=\"og:title\" content=\"9 ft. Duo-Safety Folding Ladder - Safety Source Fire\" \/>\n<meta property=\"og:description\" content=\"Clearance Price: $395.  While quantities last. Please note: Clearance item sales are final; no exchanges or returns.\" \/>\n<meta property=\"og:url\" content=\"https:\/\/safetysourcefire.ca\/fr\/?product=9-ft-duo-safety-folding-ladder\" \/>\n<meta property=\"og:site_name\" content=\"Safety Source Fire\" \/>\n<meta property=\"article:publisher\" content=\"https:\/\/www.facebook.com\/mmfssca\" \/>\n<meta property=\"article:modified_time\" content=\"2024-08-16T13:09:57+00:00\" \/>\n<meta property=\"og:image\" content=\"https:\/\/safetysourcefire.ca\/wp-content\/uploads\/2017\/09\/585-A.jpg\" \/>\n\t<meta property=\"og:image:width\" content=\"600\" \/>\n\t<meta property=\"og:image:height\" content=\"600\" \/>\n\t<meta property=\"og:image:type\" content=\"image\/jpeg\" \/>\n<meta name=\"twitter:card\" content=\"summary_large_image\" \/>\n<meta name=\"twitter:site\" content=\"@mmfssca\" \/>\n<meta name=\"twitter:label1\" content=\"Estimation du temps de lecture\" \/>\n\t<meta name=\"twitter:data1\" content=\"1 minute\" \/>\n<script type=\"application\/ld+json\" class=\"yoast-schema-graph\">{\"@context\":\"https:\\\/\\\/schema.org\",\"@graph\":[{\"@type\":\"WebPage\",\"@id\":\"https:\\\/\\\/safetysourcefire.ca\\\/?product=9-ft-duo-safety-folding-ladder\",\"url\":\"https:\\\/\\\/safetysourcefire.ca\\\/?product=9-ft-duo-safety-folding-ladder\",\"name\":\"9 ft. Duo-Safety Folding Ladder - Safety Source Fire\",\"isPartOf\":{\"@id\":\"https:\\\/\\\/safetysourcefire.ca\\\/#website\"},\"primaryImageOfPage\":{\"@id\":\"https:\\\/\\\/safetysourcefire.ca\\\/?product=9-ft-duo-safety-folding-ladder#primaryimage\"},\"image\":{\"@id\":\"https:\\\/\\\/safetysourcefire.ca\\\/?product=9-ft-duo-safety-folding-ladder#primaryimage\"},\"thumbnailUrl\":\"https:\\\/\\\/safetysourcefire.ca\\\/wp-content\\\/uploads\\\/2017\\\/09\\\/585-A.jpg\",\"datePublished\":\"2018-08-27T08:00:06+00:00\",\"dateModified\":\"2024-08-16T13:09:57+00:00\",\"breadcrumb\":{\"@id\":\"https:\\\/\\\/safetysourcefire.ca\\\/?product=9-ft-duo-safety-folding-ladder#breadcrumb\"},\"inLanguage\":\"fr-CA\",\"potentialAction\":[{\"@type\":\"ReadAction\",\"target\":[\"https:\\\/\\\/safetysourcefire.ca\\\/?product=9-ft-duo-safety-folding-ladder\"]}]},{\"@type\":\"ImageObject\",\"inLanguage\":\"fr-CA\",\"@id\":\"https:\\\/\\\/safetysourcefire.ca\\\/?product=9-ft-duo-safety-folding-ladder#primaryimage\",\"url\":\"https:\\\/\\\/safetysourcefire.ca\\\/wp-content\\\/uploads\\\/2017\\\/09\\\/585-A.jpg\",\"contentUrl\":\"https:\\\/\\\/safetysourcefire.ca\\\/wp-content\\\/uploads\\\/2017\\\/09\\\/585-A.jpg\",\"width\":600,\"height\":600,\"caption\":\"ladder\"},{\"@type\":\"BreadcrumbList\",\"@id\":\"https:\\\/\\\/safetysourcefire.ca\\\/?product=9-ft-duo-safety-folding-ladder#breadcrumb\",\"itemListElement\":[{\"@type\":\"ListItem\",\"position\":1,\"name\":\"Home\",\"item\":\"https:\\\/\\\/safetysourcefire.ca\\\/\"},{\"@type\":\"ListItem\",\"position\":2,\"name\":\"Products\",\"item\":\"https:\\\/\\\/safetysourcefire.ca\\\/shop\\\/\"},{\"@type\":\"ListItem\",\"position\":3,\"name\":\"9 ft. Duo-Safety Folding Ladder\"}]},{\"@type\":\"WebSite\",\"@id\":\"https:\\\/\\\/safetysourcefire.ca\\\/#website\",\"url\":\"https:\\\/\\\/safetysourcefire.ca\\\/\",\"name\":\"Safety Source Fire\",\"description\":\"\",\"publisher\":{\"@id\":\"https:\\\/\\\/safetysourcefire.ca\\\/#organization\"},\"potentialAction\":[{\"@type\":\"SearchAction\",\"target\":{\"@type\":\"EntryPoint\",\"urlTemplate\":\"https:\\\/\\\/safetysourcefire.ca\\\/?s={search_term_string}\"},\"query-input\":{\"@type\":\"PropertyValueSpecification\",\"valueRequired\":true,\"valueName\":\"search_term_string\"}}],\"inLanguage\":\"fr-CA\"},{\"@type\":\"Organization\",\"@id\":\"https:\\\/\\\/safetysourcefire.ca\\\/#organization\",\"name\":\"Safety Source Fire\",\"url\":\"https:\\\/\\\/safetysourcefire.ca\\\/\",\"logo\":{\"@type\":\"ImageObject\",\"inLanguage\":\"fr-CA\",\"@id\":\"https:\\\/\\\/safetysourcefire.ca\\\/#\\\/schema\\\/logo\\\/image\\\/\",\"url\":\"https:\\\/\\\/safetysourcefire.ca\\\/wp-content\\\/uploads\\\/2021\\\/01\\\/SSF_logo_CC0000-3.png\",\"contentUrl\":\"https:\\\/\\\/safetysourcefire.ca\\\/wp-content\\\/uploads\\\/2021\\\/01\\\/SSF_logo_CC0000-3.png\",\"width\":1107,\"height\":365,\"caption\":\"Safety Source Fire\"},\"image\":{\"@id\":\"https:\\\/\\\/safetysourcefire.ca\\\/#\\\/schema\\\/logo\\\/image\\\/\"},\"sameAs\":[\"https:\\\/\\\/www.facebook.com\\\/mmfssca\",\"https:\\\/\\\/x.com\\\/mmfssca\"]}]}<\/script>\n<!-- \/ Yoast SEO plugin. -->","yoast_head_json":{"title":"9 ft. Duo-Safety Folding Ladder - Safety Source Fire","robots":{"index":"index","follow":"follow","max-snippet":"max-snippet:-1","max-image-preview":"max-image-preview:large","max-video-preview":"max-video-preview:-1"},"canonical":"https:\/\/safetysourcefire.ca\/fr\/?product=9-ft-duo-safety-folding-ladder","og_locale":"fr_CA","og_type":"article","og_title":"9 ft. Duo-Safety Folding Ladder - Safety Source Fire","og_description":"Clearance Price: $395.  While quantities last. Please note: Clearance item sales are final; no exchanges or returns.","og_url":"https:\/\/safetysourcefire.ca\/fr\/?product=9-ft-duo-safety-folding-ladder","og_site_name":"Safety Source Fire","article_publisher":"https:\/\/www.facebook.com\/mmfssca","article_modified_time":"2024-08-16T13:09:57+00:00","og_image":[{"width":600,"height":600,"url":"https:\/\/safetysourcefire.ca\/wp-content\/uploads\/2017\/09\/585-A.jpg","type":"image\/jpeg"}],"twitter_card":"summary_large_image","twitter_site":"@mmfssca","twitter_misc":{"Estimation du temps de lecture":"1 minute"},"schema":{"@context":"https:\/\/schema.org","@graph":[{"@type":"WebPage","@id":"https:\/\/safetysourcefire.ca\/?product=9-ft-duo-safety-folding-ladder","url":"https:\/\/safetysourcefire.ca\/?product=9-ft-duo-safety-folding-ladder","name":"9 ft. Duo-Safety Folding Ladder - Safety Source Fire","isPartOf":{"@id":"https:\/\/safetysourcefire.ca\/#website"},"primaryImageOfPage":{"@id":"https:\/\/safetysourcefire.ca\/?product=9-ft-duo-safety-folding-ladder#primaryimage"},"image":{"@id":"https:\/\/safetysourcefire.ca\/?product=9-ft-duo-safety-folding-ladder#primaryimage"},"thumbnailUrl":"https:\/\/safetysourcefire.ca\/wp-content\/uploads\/2017\/09\/585-A.jpg","datePublished":"2018-08-27T08:00:06+00:00","dateModified":"2024-08-16T13:09:57+00:00","breadcrumb":{"@id":"https:\/\/safetysourcefire.ca\/?product=9-ft-duo-safety-folding-ladder#breadcrumb"},"inLanguage":"fr-CA","potentialAction":[{"@type":"ReadAction","target":["https:\/\/safetysourcefire.ca\/?product=9-ft-duo-safety-folding-ladder"]}]},{"@type":"ImageObject","inLanguage":"fr-CA","@id":"https:\/\/safetysourcefire.ca\/?product=9-ft-duo-safety-folding-ladder#primaryimage","url":"https:\/\/safetysourcefire.ca\/wp-content\/uploads\/2017\/09\/585-A.jpg","contentUrl":"https:\/\/safetysourcefire.ca\/wp-content\/uploads\/2017\/09\/585-A.jpg","width":600,"height":600,"caption":"ladder"},{"@type":"BreadcrumbList","@id":"https:\/\/safetysourcefire.ca\/?product=9-ft-duo-safety-folding-ladder#breadcrumb","itemListElement":[{"@type":"ListItem","position":1,"name":"Home","item":"https:\/\/safetysourcefire.ca\/"},{"@type":"ListItem","position":2,"name":"Products","item":"https:\/\/safetysourcefire.ca\/shop\/"},{"@type":"ListItem","position":3,"name":"9 ft. Duo-Safety Folding Ladder"}]},{"@type":"WebSite","@id":"https:\/\/safetysourcefire.ca\/#website","url":"https:\/\/safetysourcefire.ca\/","name":"Safety Source Fire","description":"","publisher":{"@id":"https:\/\/safetysourcefire.ca\/#organization"},"potentialAction":[{"@type":"SearchAction","target":{"@type":"EntryPoint","urlTemplate":"https:\/\/safetysourcefire.ca\/?s={search_term_string}"},"query-input":{"@type":"PropertyValueSpecification","valueRequired":true,"valueName":"search_term_string"}}],"inLanguage":"fr-CA"},{"@type":"Organization","@id":"https:\/\/safetysourcefire.ca\/#organization","name":"Safety Source Fire","url":"https:\/\/safetysourcefire.ca\/","logo":{"@type":"ImageObject","inLanguage":"fr-CA","@id":"https:\/\/safetysourcefire.ca\/#\/schema\/logo\/image\/","url":"https:\/\/safetysourcefire.ca\/wp-content\/uploads\/2021\/01\/SSF_logo_CC0000-3.png","contentUrl":"https:\/\/safetysourcefire.ca\/wp-content\/uploads\/2021\/01\/SSF_logo_CC0000-3.png","width":1107,"height":365,"caption":"Safety Source Fire"},"image":{"@id":"https:\/\/safetysourcefire.ca\/#\/schema\/logo\/image\/"},"sameAs":["https:\/\/www.facebook.com\/mmfssca","https:\/\/x.com\/mmfssca"]}]}},"_links":{"self":[{"href":"https:\/\/safetysourcefire.ca\/fr\/wp-json\/wp\/v2\/product\/4707","targetHints":{"allow":["GET"]}}],"collection":[{"href":"https:\/\/safetysourcefire.ca\/fr\/wp-json\/wp\/v2\/product"}],"about":[{"href":"https:\/\/safetysourcefire.ca\/fr\/wp-json\/wp\/v2\/types\/product"}],"wp:featuredmedia":[{"embeddable":true,"href":"https:\/\/safetysourcefire.ca\/fr\/wp-json\/wp\/v2\/media\/4692"}],"wp:attachment":[{"href":"https:\/\/safetysourcefire.ca\/fr\/wp-json\/wp\/v2\/media?parent=4707"}],"wp:term":[{"taxonomy":"product_brand","embeddable":true,"href":"https:\/\/safetysourcefire.ca\/fr\/wp-json\/wp\/v2\/product_brand?post=4707"},{"taxonomy":"product_cat","embeddable":true,"href":"https:\/\/safetysourcefire.ca\/fr\/wp-json\/wp\/v2\/product_cat?post=4707"},{"taxonomy":"product_tag","embeddable":true,"href":"https:\/\/safetysourcefire.ca\/fr\/wp-json\/wp\/v2\/product_tag?post=4707"}],"curies":[{"name":"wp","href":"https:\/\/api.w.org\/{rel}","templated":true}]}}