{"id":4890,"date":"2017-10-02T22:19:38","date_gmt":"2017-10-02T22:19:38","guid":{"rendered":"https:\/\/mmfss.ca\/?post_type=product&#038;p=4890"},"modified":"2018-03-19T13:05:05","modified_gmt":"2018-03-19T13:05:05","slug":"deep-iii-pro-armored-gloves","status":"publish","type":"product","link":"https:\/\/safetysourcefire.ca\/fr\/produit\/deep-iii-pro-armored-gloves\/","title":{"rendered":"Gants blind\u00e9s Deep III Pro"},"content":{"rendered":"<p>Non seulement il d\u00e9passe les attentes de l'industrie en mati\u00e8re de dext\u00e9rit\u00e9 et d'ajustement ergonomique, mais le Deep III<sup>\u00ae<\/sup>\u00a0Pro est con\u00e7u pour durer plus longtemps que vos gants actuels. Avec une r\u00e9sistance accrue aux coupures, aux chocs et aux perforations, ce gant est complet et solide.<\/p>\n<p>Le Deep III<sup>\u00ae<\/sup>\u00a0: un gant comprenant un syst\u00e8me de protection contre les chocs monobloc en instance de brevet. Deep III pro prot\u00e8ge efficacement les mains contre les blessures par \u00e9crasement et pincement. L'ensemble du syst\u00e8me de protection est ventil\u00e9 pour garder les mains au frais. Le Skid-X monobloc \u00e0 haute abrasion<sup>\u00ae<\/sup>\u00a0dans la paume est r\u00e9sistant \u00e0 l'huile et \u00e0 l'eau et offre le contr\u00f4le d'adh\u00e9rence dont vous avez besoin dans n'importe quel environnement. La couche de base du mat\u00e9riel Slashweave\u2122 est si fine que vous ne vous en rendrez m\u00eame pas compte. Cette couche prot\u00e8ge pourtant vos mains des coupures et des perforations avec une norme ANSI\/ISEA 105-2016 A7 et une cote CE coupe F. Le tissu haute visibilit\u00e9 et la bande r\u00e9fl\u00e9chissante sur la manchette maximisent la visibilit\u00e9 des mains. La manchette ranch mince permet un enfilage a\u00e9r\u00e9 et facile.<\/p>\n<p>Caract\u00e9ristiques et avantages<\/p>\n<ul>\n<li>Grande boucle d'enfilage pour faciliter l'acc\u00e8s<\/li>\n<li>Surface haute abrasion avec double couture aux points d'usure \u00e9lev\u00e9s dans la paume pour maximiser le contr\u00f4le de l'adh\u00e9rence. La surface de la paume est r\u00e9sistante \u00e0 l'huile et \u00e0 l'eau.<\/li>\n<li>Doigt du milieu fonctionnant sur les \u00e9crans tactiles<\/li>\n<li>Surface de la paume comprenant une couche de base invisible r\u00e9sistante aux coupures, perforations et \u00e9clats<\/li>\n<li>Zones d'usure \u00e9lev\u00e9es de l'index et du pouce recouvertes pour am\u00e9liorer la dur\u00e9e de vie des gants et l'adh\u00e9rence du porteur<\/li>\n<li>Coutures ergonomiques et doigts incurv\u00e9s pour une sensation de rodage pr\u00eate \u00e0 l'emploi qui s'adapte aux mains du porteur m\u00eame au repos<\/li>\n<li>Ventil\u00e9 pour une respirabilit\u00e9 maximale<\/li>\n<li>Couverture d&#039;impact continue entre les jointures et les doigts qui s&#039;\u00e9tend pour couvrir compl\u00e8tement le bout des doigts - un point de pincement \u00e0 forte incidence<\/li>\n<li>Protection contre les chocs<\/li>\n<li>Mat\u00e9riau du dos de la main en \u00e9lasthanne extensible dans les deux sens<\/li>\n<li>Brassard Slim Ranch avec bande r\u00e9fl\u00e9chissante emp\u00eache l'entr\u00e9e de d\u00e9bris sans nuire \u00e0 l'amplitude de mouvement. Maximise la ventilation du gant pour le confort du porteur<\/li>\n<\/ul>","protected":false},"excerpt":{"rendered":"<p>Le Deep III<sup>\u00ae<\/sup>\u00a0Pro est l'aboutissement d'une d\u00e9cennies d'exp\u00e9rience dans les mat\u00e9riaux techniques et un produit qui r\u00e9ponds aux besoins de nos clients.<\/p>","protected":false},"featured_media":4894,"template":"","meta":[],"product_brand":[253],"product_cat":[236,50],"product_tag":[267],"class_list":{"0":"post-4890","1":"product","2":"type-product","3":"status-publish","4":"has-post-thumbnail","6":"product_brand-cestus","7":"product_cat-gloves","8":"product_cat-personal-protective-equipment","9":"product_tag-cestus","11":"first","12":"instock","13":"shipping-taxable","14":"product-type-simple"},"yoast_head":"<!-- This site is optimized with the Yoast SEO plugin v27.4 - https:\/\/yoast.com\/product\/yoast-seo-wordpress\/ -->\n<title>Deep III Pro Armored Gloves - Safety Source Fire<\/title>\n<meta name=\"robots\" content=\"index, follow, max-snippet:-1, max-image-preview:large, max-video-preview:-1\" \/>\n<link rel=\"canonical\" href=\"https:\/\/safetysourcefire.ca\/fr\/?product=deep-iii-pro-armored-gloves\" \/>\n<meta property=\"og:locale\" content=\"fr_CA\" \/>\n<meta property=\"og:type\" content=\"article\" \/>\n<meta property=\"og:title\" content=\"Deep III Pro Armored Gloves - Safety Source Fire\" \/>\n<meta property=\"og:description\" content=\"The Deep III\u00ae\u00a0Pro is a culmination of decades of experience experimenting with engineered materials and listening to our clients.\" \/>\n<meta property=\"og:url\" content=\"https:\/\/safetysourcefire.ca\/fr\/?product=deep-iii-pro-armored-gloves\" \/>\n<meta property=\"og:site_name\" content=\"Safety Source Fire\" \/>\n<meta property=\"article:publisher\" content=\"https:\/\/www.facebook.com\/mmfssca\" \/>\n<meta property=\"article:modified_time\" content=\"2018-03-19T13:05:05+00:00\" \/>\n<meta property=\"og:image\" content=\"https:\/\/safetysourcefire.ca\/wp-content\/uploads\/2017\/10\/3207.jpg\" \/>\n\t<meta property=\"og:image:width\" content=\"600\" \/>\n\t<meta property=\"og:image:height\" content=\"600\" \/>\n\t<meta property=\"og:image:type\" content=\"image\/jpeg\" \/>\n<meta name=\"twitter:card\" content=\"summary_large_image\" \/>\n<meta name=\"twitter:site\" content=\"@mmfssca\" \/>\n<meta name=\"twitter:label1\" content=\"Estimation du temps de lecture\" \/>\n\t<meta name=\"twitter:data1\" content=\"2 minutes\" \/>\n<script type=\"application\/ld+json\" class=\"yoast-schema-graph\">{\"@context\":\"https:\\\/\\\/schema.org\",\"@graph\":[{\"@type\":\"WebPage\",\"@id\":\"https:\\\/\\\/safetysourcefire.ca\\\/?product=deep-iii-pro-armored-gloves\",\"url\":\"https:\\\/\\\/safetysourcefire.ca\\\/?product=deep-iii-pro-armored-gloves\",\"name\":\"Deep III Pro Armored Gloves - Safety Source Fire\",\"isPartOf\":{\"@id\":\"https:\\\/\\\/safetysourcefire.ca\\\/#website\"},\"primaryImageOfPage\":{\"@id\":\"https:\\\/\\\/safetysourcefire.ca\\\/?product=deep-iii-pro-armored-gloves#primaryimage\"},\"image\":{\"@id\":\"https:\\\/\\\/safetysourcefire.ca\\\/?product=deep-iii-pro-armored-gloves#primaryimage\"},\"thumbnailUrl\":\"https:\\\/\\\/safetysourcefire.ca\\\/wp-content\\\/uploads\\\/2017\\\/10\\\/3207.jpg\",\"datePublished\":\"2017-10-02T22:19:38+00:00\",\"dateModified\":\"2018-03-19T13:05:05+00:00\",\"breadcrumb\":{\"@id\":\"https:\\\/\\\/safetysourcefire.ca\\\/?product=deep-iii-pro-armored-gloves#breadcrumb\"},\"inLanguage\":\"fr-CA\",\"potentialAction\":[{\"@type\":\"ReadAction\",\"target\":[\"https:\\\/\\\/safetysourcefire.ca\\\/?product=deep-iii-pro-armored-gloves\"]}]},{\"@type\":\"ImageObject\",\"inLanguage\":\"fr-CA\",\"@id\":\"https:\\\/\\\/safetysourcefire.ca\\\/?product=deep-iii-pro-armored-gloves#primaryimage\",\"url\":\"https:\\\/\\\/safetysourcefire.ca\\\/wp-content\\\/uploads\\\/2017\\\/10\\\/3207.jpg\",\"contentUrl\":\"https:\\\/\\\/safetysourcefire.ca\\\/wp-content\\\/uploads\\\/2017\\\/10\\\/3207.jpg\",\"width\":600,\"height\":600,\"caption\":\"armoured gloves\"},{\"@type\":\"BreadcrumbList\",\"@id\":\"https:\\\/\\\/safetysourcefire.ca\\\/?product=deep-iii-pro-armored-gloves#breadcrumb\",\"itemListElement\":[{\"@type\":\"ListItem\",\"position\":1,\"name\":\"Home\",\"item\":\"https:\\\/\\\/safetysourcefire.ca\\\/\"},{\"@type\":\"ListItem\",\"position\":2,\"name\":\"Products\",\"item\":\"https:\\\/\\\/safetysourcefire.ca\\\/shop\\\/\"},{\"@type\":\"ListItem\",\"position\":3,\"name\":\"Deep III Pro Armored Gloves\"}]},{\"@type\":\"WebSite\",\"@id\":\"https:\\\/\\\/safetysourcefire.ca\\\/#website\",\"url\":\"https:\\\/\\\/safetysourcefire.ca\\\/\",\"name\":\"Safety Source Fire\",\"description\":\"\",\"publisher\":{\"@id\":\"https:\\\/\\\/safetysourcefire.ca\\\/#organization\"},\"potentialAction\":[{\"@type\":\"SearchAction\",\"target\":{\"@type\":\"EntryPoint\",\"urlTemplate\":\"https:\\\/\\\/safetysourcefire.ca\\\/?s={search_term_string}\"},\"query-input\":{\"@type\":\"PropertyValueSpecification\",\"valueRequired\":true,\"valueName\":\"search_term_string\"}}],\"inLanguage\":\"fr-CA\"},{\"@type\":\"Organization\",\"@id\":\"https:\\\/\\\/safetysourcefire.ca\\\/#organization\",\"name\":\"Safety Source Fire\",\"url\":\"https:\\\/\\\/safetysourcefire.ca\\\/\",\"logo\":{\"@type\":\"ImageObject\",\"inLanguage\":\"fr-CA\",\"@id\":\"https:\\\/\\\/safetysourcefire.ca\\\/#\\\/schema\\\/logo\\\/image\\\/\",\"url\":\"https:\\\/\\\/safetysourcefire.ca\\\/wp-content\\\/uploads\\\/2021\\\/01\\\/SSF_logo_CC0000-3.png\",\"contentUrl\":\"https:\\\/\\\/safetysourcefire.ca\\\/wp-content\\\/uploads\\\/2021\\\/01\\\/SSF_logo_CC0000-3.png\",\"width\":1107,\"height\":365,\"caption\":\"Safety Source Fire\"},\"image\":{\"@id\":\"https:\\\/\\\/safetysourcefire.ca\\\/#\\\/schema\\\/logo\\\/image\\\/\"},\"sameAs\":[\"https:\\\/\\\/www.facebook.com\\\/mmfssca\",\"https:\\\/\\\/x.com\\\/mmfssca\"]}]}<\/script>\n<!-- \/ Yoast SEO plugin. -->","yoast_head_json":{"title":"Gants blind\u00e9s Deep III Pro - Safety Source Fire","robots":{"index":"index","follow":"follow","max-snippet":"max-snippet:-1","max-image-preview":"max-image-preview:large","max-video-preview":"max-video-preview:-1"},"canonical":"https:\/\/safetysourcefire.ca\/fr\/?product=deep-iii-pro-armored-gloves","og_locale":"fr_CA","og_type":"article","og_title":"Deep III Pro Armored Gloves - Safety Source Fire","og_description":"The Deep III\u00ae\u00a0Pro is a culmination of decades of experience experimenting with engineered materials and listening to our clients.","og_url":"https:\/\/safetysourcefire.ca\/fr\/?product=deep-iii-pro-armored-gloves","og_site_name":"Safety Source Fire","article_publisher":"https:\/\/www.facebook.com\/mmfssca","article_modified_time":"2018-03-19T13:05:05+00:00","og_image":[{"width":600,"height":600,"url":"https:\/\/safetysourcefire.ca\/wp-content\/uploads\/2017\/10\/3207.jpg","type":"image\/jpeg"}],"twitter_card":"summary_large_image","twitter_site":"@mmfssca","twitter_misc":{"Estimation du temps de lecture":"2 minutes"},"schema":{"@context":"https:\/\/schema.org","@graph":[{"@type":"WebPage","@id":"https:\/\/safetysourcefire.ca\/?product=deep-iii-pro-armored-gloves","url":"https:\/\/safetysourcefire.ca\/?product=deep-iii-pro-armored-gloves","name":"Gants blind\u00e9s Deep III Pro - Safety Source Fire","isPartOf":{"@id":"https:\/\/safetysourcefire.ca\/#website"},"primaryImageOfPage":{"@id":"https:\/\/safetysourcefire.ca\/?product=deep-iii-pro-armored-gloves#primaryimage"},"image":{"@id":"https:\/\/safetysourcefire.ca\/?product=deep-iii-pro-armored-gloves#primaryimage"},"thumbnailUrl":"https:\/\/safetysourcefire.ca\/wp-content\/uploads\/2017\/10\/3207.jpg","datePublished":"2017-10-02T22:19:38+00:00","dateModified":"2018-03-19T13:05:05+00:00","breadcrumb":{"@id":"https:\/\/safetysourcefire.ca\/?product=deep-iii-pro-armored-gloves#breadcrumb"},"inLanguage":"fr-CA","potentialAction":[{"@type":"ReadAction","target":["https:\/\/safetysourcefire.ca\/?product=deep-iii-pro-armored-gloves"]}]},{"@type":"ImageObject","inLanguage":"fr-CA","@id":"https:\/\/safetysourcefire.ca\/?product=deep-iii-pro-armored-gloves#primaryimage","url":"https:\/\/safetysourcefire.ca\/wp-content\/uploads\/2017\/10\/3207.jpg","contentUrl":"https:\/\/safetysourcefire.ca\/wp-content\/uploads\/2017\/10\/3207.jpg","width":600,"height":600,"caption":"armoured gloves"},{"@type":"BreadcrumbList","@id":"https:\/\/safetysourcefire.ca\/?product=deep-iii-pro-armored-gloves#breadcrumb","itemListElement":[{"@type":"ListItem","position":1,"name":"Home","item":"https:\/\/safetysourcefire.ca\/"},{"@type":"ListItem","position":2,"name":"Products","item":"https:\/\/safetysourcefire.ca\/shop\/"},{"@type":"ListItem","position":3,"name":"Deep III Pro Armored Gloves"}]},{"@type":"WebSite","@id":"https:\/\/safetysourcefire.ca\/#website","url":"https:\/\/safetysourcefire.ca\/","name":"Safety Source Fire","description":"","publisher":{"@id":"https:\/\/safetysourcefire.ca\/#organization"},"potentialAction":[{"@type":"SearchAction","target":{"@type":"EntryPoint","urlTemplate":"https:\/\/safetysourcefire.ca\/?s={search_term_string}"},"query-input":{"@type":"PropertyValueSpecification","valueRequired":true,"valueName":"search_term_string"}}],"inLanguage":"fr-CA"},{"@type":"Organization","@id":"https:\/\/safetysourcefire.ca\/#organization","name":"Safety Source Fire","url":"https:\/\/safetysourcefire.ca\/","logo":{"@type":"ImageObject","inLanguage":"fr-CA","@id":"https:\/\/safetysourcefire.ca\/#\/schema\/logo\/image\/","url":"https:\/\/safetysourcefire.ca\/wp-content\/uploads\/2021\/01\/SSF_logo_CC0000-3.png","contentUrl":"https:\/\/safetysourcefire.ca\/wp-content\/uploads\/2021\/01\/SSF_logo_CC0000-3.png","width":1107,"height":365,"caption":"Safety Source Fire"},"image":{"@id":"https:\/\/safetysourcefire.ca\/#\/schema\/logo\/image\/"},"sameAs":["https:\/\/www.facebook.com\/mmfssca","https:\/\/x.com\/mmfssca"]}]}},"_links":{"self":[{"href":"https:\/\/safetysourcefire.ca\/fr\/wp-json\/wp\/v2\/product\/4890","targetHints":{"allow":["GET"]}}],"collection":[{"href":"https:\/\/safetysourcefire.ca\/fr\/wp-json\/wp\/v2\/product"}],"about":[{"href":"https:\/\/safetysourcefire.ca\/fr\/wp-json\/wp\/v2\/types\/product"}],"wp:featuredmedia":[{"embeddable":true,"href":"https:\/\/safetysourcefire.ca\/fr\/wp-json\/wp\/v2\/media\/4894"}],"wp:attachment":[{"href":"https:\/\/safetysourcefire.ca\/fr\/wp-json\/wp\/v2\/media?parent=4890"}],"wp:term":[{"taxonomy":"product_brand","embeddable":true,"href":"https:\/\/safetysourcefire.ca\/fr\/wp-json\/wp\/v2\/product_brand?post=4890"},{"taxonomy":"product_cat","embeddable":true,"href":"https:\/\/safetysourcefire.ca\/fr\/wp-json\/wp\/v2\/product_cat?post=4890"},{"taxonomy":"product_tag","embeddable":true,"href":"https:\/\/safetysourcefire.ca\/fr\/wp-json\/wp\/v2\/product_tag?post=4890"}],"curies":[{"name":"wp","href":"https:\/\/api.w.org\/{rel}","templated":true}]}}