{"id":4898,"date":"2017-10-01T22:24:54","date_gmt":"2017-10-01T22:24:54","guid":{"rendered":"https:\/\/mmfss.ca\/?post_type=product&#038;p=4898"},"modified":"2021-04-09T16:19:27","modified_gmt":"2021-04-09T16:19:27","slug":"deep-grip-gloves","status":"publish","type":"product","link":"https:\/\/safetysourcefire.ca\/fr\/produit\/deep-grip-gloves\/","title":{"rendered":"Gants Deep Grip\u00ae"},"content":{"rendered":"<p>Les boucliers d'impact en caoutchouc thermoplastique flexible (TPR) \u00e0 l'arri\u00e8re du gant ajoutent une protection contre les chocs. La flexibilit\u00e9 du produit permet de plier les doigts tout en offrant une protection continue jusqu'au poignet. La paume est dot\u00e9e d'une poign\u00e9e Skid-X \u2122 r\u00e9sistante \u00e0 l'huile et d'une double couture avec du Kevlar<sup>\u00ae<\/sup>\u00a0filet\u00e9 pour un contr\u00f4le de l'adh\u00e9rence et une durabilit\u00e9 \u00e9lev\u00e9s. La longue manchette en n\u00e9opr\u00e8ne couvre le poignet, tout en permettant \u00e0 l'utilisateur de retirer le gant s'il est pris dans un pincement ou une machinerie.<\/p>\n<p>Caract\u00e9ristiques et avantages<\/p>\n<ul>\n<li>Boucliers TPR flexibles\u00a0: r\u00e9sistance aux chocs pour les doigts, le pouce, les jointures et les m\u00e9tacarpes.<\/li>\n<li>Skid-X Grip : r\u00e9sistance \u00e0 l'huile, \u00e0 l'eau et aux produits p\u00e9trochimiques, ainsi qu'un meilleur contr\u00f4le de l'adh\u00e9rence sur les surfaces humides, huileuses ou s\u00e8ches.<\/li>\n<li>Paume monobloc avec coutures en Kevlar<sup>\u00ae<\/sup>\u00a0: ajoute de la durabilit\u00e9 et de la long\u00e9vit\u00e9 \u00e0 vos gants.<\/li>\n<li>Conception \u00e0 manchette longue\u00a0: ajoute de la protection, du confort et une capacit\u00e9 de &quot;d\u00e9chirure&quot; avec des machines lourdes.<\/li>\n<li>Doigts courb\u00e9s : \u00e9pousent le contour naturel de la main pour \u00e9viter les blessures dues \u00e0 la fatigue.<\/li>\n<li>Languettes : permet \u00e0 l'utilisateur d'identifier sa paire ainsi que d'enfiler facilement le gant.<\/li>\n<\/ul>","protected":false},"excerpt":{"rendered":"<p>Deep Grip\u00ae<sup>\u00ae<\/sup>\u00a0: des gants con\u00e7us pour prot\u00e9ger et renforcer la poigne des mains sur les chantiers dangereux.<\/p>","protected":false},"featured_media":4892,"template":"","meta":[],"product_brand":[253],"product_cat":[236,50],"product_tag":[267],"class_list":{"0":"post-4898","1":"product","2":"type-product","3":"status-publish","4":"has-post-thumbnail","6":"product_brand-cestus","7":"product_cat-gloves","8":"product_cat-personal-protective-equipment","9":"product_tag-cestus","11":"first","12":"instock","13":"shipping-taxable","14":"product-type-simple"},"yoast_head":"<!-- This site is optimized with the Yoast SEO plugin v27.4 - https:\/\/yoast.com\/product\/yoast-seo-wordpress\/ -->\n<title>Deep Grip\u00ae\u00a0gloves - Safety Source Fire<\/title>\n<meta name=\"robots\" content=\"index, follow, max-snippet:-1, max-image-preview:large, max-video-preview:-1\" \/>\n<link rel=\"canonical\" href=\"https:\/\/safetysourcefire.ca\/fr\/?product=deep-grip-gloves\" \/>\n<meta property=\"og:locale\" content=\"fr_CA\" \/>\n<meta property=\"og:type\" content=\"article\" \/>\n<meta property=\"og:title\" content=\"Deep Grip\u00ae\u00a0gloves - Safety Source Fire\" \/>\n<meta property=\"og:description\" content=\"Deep Grip\u00ae\u00a0gloves were designed to protect and add strong grip control for hands on hazardous work sites.\" \/>\n<meta property=\"og:url\" content=\"https:\/\/safetysourcefire.ca\/fr\/?product=deep-grip-gloves\" \/>\n<meta property=\"og:site_name\" content=\"Safety Source Fire\" \/>\n<meta property=\"article:publisher\" content=\"https:\/\/www.facebook.com\/mmfssca\" \/>\n<meta property=\"article:modified_time\" content=\"2021-04-09T16:19:27+00:00\" \/>\n<meta property=\"og:image\" content=\"https:\/\/safetysourcefire.ca\/wp-content\/uploads\/2017\/10\/3026.jpg\" \/>\n\t<meta property=\"og:image:width\" content=\"600\" \/>\n\t<meta property=\"og:image:height\" content=\"600\" \/>\n\t<meta property=\"og:image:type\" content=\"image\/jpeg\" \/>\n<meta name=\"twitter:card\" content=\"summary_large_image\" \/>\n<meta name=\"twitter:site\" content=\"@mmfssca\" \/>\n<meta name=\"twitter:label1\" content=\"Estimation du temps de lecture\" \/>\n\t<meta name=\"twitter:data1\" content=\"1 minute\" \/>\n<script type=\"application\/ld+json\" class=\"yoast-schema-graph\">{\"@context\":\"https:\\\/\\\/schema.org\",\"@graph\":[{\"@type\":\"WebPage\",\"@id\":\"https:\\\/\\\/safetysourcefire.ca\\\/?product=deep-grip-gloves\",\"url\":\"https:\\\/\\\/safetysourcefire.ca\\\/?product=deep-grip-gloves\",\"name\":\"Deep Grip\u00ae\u00a0gloves - Safety Source Fire\",\"isPartOf\":{\"@id\":\"https:\\\/\\\/safetysourcefire.ca\\\/#website\"},\"primaryImageOfPage\":{\"@id\":\"https:\\\/\\\/safetysourcefire.ca\\\/?product=deep-grip-gloves#primaryimage\"},\"image\":{\"@id\":\"https:\\\/\\\/safetysourcefire.ca\\\/?product=deep-grip-gloves#primaryimage\"},\"thumbnailUrl\":\"https:\\\/\\\/safetysourcefire.ca\\\/wp-content\\\/uploads\\\/2017\\\/10\\\/3026.jpg\",\"datePublished\":\"2017-10-01T22:24:54+00:00\",\"dateModified\":\"2021-04-09T16:19:27+00:00\",\"breadcrumb\":{\"@id\":\"https:\\\/\\\/safetysourcefire.ca\\\/?product=deep-grip-gloves#breadcrumb\"},\"inLanguage\":\"fr-CA\",\"potentialAction\":[{\"@type\":\"ReadAction\",\"target\":[\"https:\\\/\\\/safetysourcefire.ca\\\/?product=deep-grip-gloves\"]}]},{\"@type\":\"ImageObject\",\"inLanguage\":\"fr-CA\",\"@id\":\"https:\\\/\\\/safetysourcefire.ca\\\/?product=deep-grip-gloves#primaryimage\",\"url\":\"https:\\\/\\\/safetysourcefire.ca\\\/wp-content\\\/uploads\\\/2017\\\/10\\\/3026.jpg\",\"contentUrl\":\"https:\\\/\\\/safetysourcefire.ca\\\/wp-content\\\/uploads\\\/2017\\\/10\\\/3026.jpg\",\"width\":600,\"height\":600,\"caption\":\"gloves\"},{\"@type\":\"BreadcrumbList\",\"@id\":\"https:\\\/\\\/safetysourcefire.ca\\\/?product=deep-grip-gloves#breadcrumb\",\"itemListElement\":[{\"@type\":\"ListItem\",\"position\":1,\"name\":\"Home\",\"item\":\"https:\\\/\\\/safetysourcefire.ca\\\/\"},{\"@type\":\"ListItem\",\"position\":2,\"name\":\"Products\",\"item\":\"https:\\\/\\\/safetysourcefire.ca\\\/shop\\\/\"},{\"@type\":\"ListItem\",\"position\":3,\"name\":\"Deep Grip\u00ae\u00a0gloves\"}]},{\"@type\":\"WebSite\",\"@id\":\"https:\\\/\\\/safetysourcefire.ca\\\/#website\",\"url\":\"https:\\\/\\\/safetysourcefire.ca\\\/\",\"name\":\"Safety Source Fire\",\"description\":\"\",\"publisher\":{\"@id\":\"https:\\\/\\\/safetysourcefire.ca\\\/#organization\"},\"potentialAction\":[{\"@type\":\"SearchAction\",\"target\":{\"@type\":\"EntryPoint\",\"urlTemplate\":\"https:\\\/\\\/safetysourcefire.ca\\\/?s={search_term_string}\"},\"query-input\":{\"@type\":\"PropertyValueSpecification\",\"valueRequired\":true,\"valueName\":\"search_term_string\"}}],\"inLanguage\":\"fr-CA\"},{\"@type\":\"Organization\",\"@id\":\"https:\\\/\\\/safetysourcefire.ca\\\/#organization\",\"name\":\"Safety Source Fire\",\"url\":\"https:\\\/\\\/safetysourcefire.ca\\\/\",\"logo\":{\"@type\":\"ImageObject\",\"inLanguage\":\"fr-CA\",\"@id\":\"https:\\\/\\\/safetysourcefire.ca\\\/#\\\/schema\\\/logo\\\/image\\\/\",\"url\":\"https:\\\/\\\/safetysourcefire.ca\\\/wp-content\\\/uploads\\\/2021\\\/01\\\/SSF_logo_CC0000-3.png\",\"contentUrl\":\"https:\\\/\\\/safetysourcefire.ca\\\/wp-content\\\/uploads\\\/2021\\\/01\\\/SSF_logo_CC0000-3.png\",\"width\":1107,\"height\":365,\"caption\":\"Safety Source Fire\"},\"image\":{\"@id\":\"https:\\\/\\\/safetysourcefire.ca\\\/#\\\/schema\\\/logo\\\/image\\\/\"},\"sameAs\":[\"https:\\\/\\\/www.facebook.com\\\/mmfssca\",\"https:\\\/\\\/x.com\\\/mmfssca\"]}]}<\/script>\n<!-- \/ Yoast SEO plugin. -->","yoast_head_json":{"title":"Gants Deep Grip\u00ae - Safety Source Fire","robots":{"index":"index","follow":"follow","max-snippet":"max-snippet:-1","max-image-preview":"max-image-preview:large","max-video-preview":"max-video-preview:-1"},"canonical":"https:\/\/safetysourcefire.ca\/fr\/?product=deep-grip-gloves","og_locale":"fr_CA","og_type":"article","og_title":"Deep Grip\u00ae\u00a0gloves - Safety Source Fire","og_description":"Deep Grip\u00ae\u00a0gloves were designed to protect and add strong grip control for hands on hazardous work sites.","og_url":"https:\/\/safetysourcefire.ca\/fr\/?product=deep-grip-gloves","og_site_name":"Safety Source Fire","article_publisher":"https:\/\/www.facebook.com\/mmfssca","article_modified_time":"2021-04-09T16:19:27+00:00","og_image":[{"width":600,"height":600,"url":"https:\/\/safetysourcefire.ca\/wp-content\/uploads\/2017\/10\/3026.jpg","type":"image\/jpeg"}],"twitter_card":"summary_large_image","twitter_site":"@mmfssca","twitter_misc":{"Estimation du temps de lecture":"1 minute"},"schema":{"@context":"https:\/\/schema.org","@graph":[{"@type":"WebPage","@id":"https:\/\/safetysourcefire.ca\/?product=deep-grip-gloves","url":"https:\/\/safetysourcefire.ca\/?product=deep-grip-gloves","name":"Gants Deep Grip\u00ae - Safety Source Fire","isPartOf":{"@id":"https:\/\/safetysourcefire.ca\/#website"},"primaryImageOfPage":{"@id":"https:\/\/safetysourcefire.ca\/?product=deep-grip-gloves#primaryimage"},"image":{"@id":"https:\/\/safetysourcefire.ca\/?product=deep-grip-gloves#primaryimage"},"thumbnailUrl":"https:\/\/safetysourcefire.ca\/wp-content\/uploads\/2017\/10\/3026.jpg","datePublished":"2017-10-01T22:24:54+00:00","dateModified":"2021-04-09T16:19:27+00:00","breadcrumb":{"@id":"https:\/\/safetysourcefire.ca\/?product=deep-grip-gloves#breadcrumb"},"inLanguage":"fr-CA","potentialAction":[{"@type":"ReadAction","target":["https:\/\/safetysourcefire.ca\/?product=deep-grip-gloves"]}]},{"@type":"ImageObject","inLanguage":"fr-CA","@id":"https:\/\/safetysourcefire.ca\/?product=deep-grip-gloves#primaryimage","url":"https:\/\/safetysourcefire.ca\/wp-content\/uploads\/2017\/10\/3026.jpg","contentUrl":"https:\/\/safetysourcefire.ca\/wp-content\/uploads\/2017\/10\/3026.jpg","width":600,"height":600,"caption":"gloves"},{"@type":"BreadcrumbList","@id":"https:\/\/safetysourcefire.ca\/?product=deep-grip-gloves#breadcrumb","itemListElement":[{"@type":"ListItem","position":1,"name":"Home","item":"https:\/\/safetysourcefire.ca\/"},{"@type":"ListItem","position":2,"name":"Products","item":"https:\/\/safetysourcefire.ca\/shop\/"},{"@type":"ListItem","position":3,"name":"Deep Grip\u00ae\u00a0gloves"}]},{"@type":"WebSite","@id":"https:\/\/safetysourcefire.ca\/#website","url":"https:\/\/safetysourcefire.ca\/","name":"Safety Source Fire","description":"","publisher":{"@id":"https:\/\/safetysourcefire.ca\/#organization"},"potentialAction":[{"@type":"SearchAction","target":{"@type":"EntryPoint","urlTemplate":"https:\/\/safetysourcefire.ca\/?s={search_term_string}"},"query-input":{"@type":"PropertyValueSpecification","valueRequired":true,"valueName":"search_term_string"}}],"inLanguage":"fr-CA"},{"@type":"Organization","@id":"https:\/\/safetysourcefire.ca\/#organization","name":"Safety Source Fire","url":"https:\/\/safetysourcefire.ca\/","logo":{"@type":"ImageObject","inLanguage":"fr-CA","@id":"https:\/\/safetysourcefire.ca\/#\/schema\/logo\/image\/","url":"https:\/\/safetysourcefire.ca\/wp-content\/uploads\/2021\/01\/SSF_logo_CC0000-3.png","contentUrl":"https:\/\/safetysourcefire.ca\/wp-content\/uploads\/2021\/01\/SSF_logo_CC0000-3.png","width":1107,"height":365,"caption":"Safety Source Fire"},"image":{"@id":"https:\/\/safetysourcefire.ca\/#\/schema\/logo\/image\/"},"sameAs":["https:\/\/www.facebook.com\/mmfssca","https:\/\/x.com\/mmfssca"]}]}},"_links":{"self":[{"href":"https:\/\/safetysourcefire.ca\/fr\/wp-json\/wp\/v2\/product\/4898","targetHints":{"allow":["GET"]}}],"collection":[{"href":"https:\/\/safetysourcefire.ca\/fr\/wp-json\/wp\/v2\/product"}],"about":[{"href":"https:\/\/safetysourcefire.ca\/fr\/wp-json\/wp\/v2\/types\/product"}],"wp:featuredmedia":[{"embeddable":true,"href":"https:\/\/safetysourcefire.ca\/fr\/wp-json\/wp\/v2\/media\/4892"}],"wp:attachment":[{"href":"https:\/\/safetysourcefire.ca\/fr\/wp-json\/wp\/v2\/media?parent=4898"}],"wp:term":[{"taxonomy":"product_brand","embeddable":true,"href":"https:\/\/safetysourcefire.ca\/fr\/wp-json\/wp\/v2\/product_brand?post=4898"},{"taxonomy":"product_cat","embeddable":true,"href":"https:\/\/safetysourcefire.ca\/fr\/wp-json\/wp\/v2\/product_cat?post=4898"},{"taxonomy":"product_tag","embeddable":true,"href":"https:\/\/safetysourcefire.ca\/fr\/wp-json\/wp\/v2\/product_tag?post=4898"}],"curies":[{"name":"wp","href":"https:\/\/api.w.org\/{rel}","templated":true}]}}