{"id":4899,"date":"2017-10-02T22:26:21","date_gmt":"2017-10-02T22:26:21","guid":{"rendered":"https:\/\/mmfss.ca\/?post_type=product&#038;p=4899"},"modified":"2018-03-19T13:05:03","modified_gmt":"2018-03-19T13:05:03","slug":"hmd-cut5-gloves","status":"publish","type":"product","link":"https:\/\/safetysourcefire.ca\/fr\/produit\/hmd-cut5-gloves\/","title":{"rendered":"Gants HMD Cut5"},"content":{"rendered":"<p>Le gant HMD Cut5 est fabriqu\u00e9 \u00e0 partir de mat\u00e9riaux fins et r\u00e9sistants aux coupures de niveau cinq. Nous pouvons vous garantir que les gants sont respirants et prot\u00e8gent contre les lac\u00e9rations et l'abrasion. La paume micro-finie enduite de nitrile est r\u00e9sistante \u00e0 l'huile et, gr\u00e2ce au tissu ajust\u00e9, garantit que l'huile, les boues de forage et l'eau restent hors du gant. Les boucliers d'impact en caoutchouc thermoplastique flexible (TPR) \u00e0 l'arri\u00e8re du gant ajoutent une protection contre les chocs qui se plie avec les doigts et offrent une protection continue du bout des doigts jusqu'au poignet.<\/p>\n<p>Caract\u00e9ristiques et avantages<\/p>\n<ul>\n<li>Boucliers TPR flexibles : r\u00e9sistance aux chocs couvrant le dos des doigts jusqu'au bout des doigts, le pouce, les jointures et les m\u00e9tacarpiens.<\/li>\n<li>Paume enduite de nitrile \u00e0 micro-finition\u00a0: paume r\u00e9sistante \u00e0 l&#039;huile qui donne \u00e0 la main une dext\u00e9rit\u00e9 compl\u00e8te pour l&#039;utilisation d&#039;outils ou d&#039;\u00e9quipement.<\/li>\n<li>Mat\u00e9riaux r\u00e9sistant aux coupures\u00a0: ajoute une r\u00e9sistance aux coupures de niveau cinq.<\/li>\n<li>Tissu fin et ajust\u00e9 : garantit que le gant est confortable et respirant. S'adapte parfaitement lors de l'utilisation.<\/li>\n<li>Sans poussi\u00e8re et sans peluche : ajoute de la durabilit\u00e9 et de la long\u00e9vit\u00e9 aux gants.<\/li>\n<\/ul>\n<p>&nbsp;<\/p>","protected":false},"excerpt":{"rendered":"<p>Vous recherchez un gant fin et respirant qui ne sacrifie pas le contr\u00f4le de la pr\u00e9hension ou la protection contre les impacts dorsaux ? Nous avons la solution pour vous!<\/p>","protected":false},"featured_media":4891,"template":"","meta":[],"product_brand":[253],"product_cat":[236,50],"product_tag":[267],"class_list":{"0":"post-4899","1":"product","2":"type-product","3":"status-publish","4":"has-post-thumbnail","6":"product_brand-cestus","7":"product_cat-gloves","8":"product_cat-personal-protective-equipment","9":"product_tag-cestus","11":"first","12":"instock","13":"shipping-taxable","14":"product-type-simple"},"yoast_head":"<!-- This site is optimized with the Yoast SEO plugin v27.4 - https:\/\/yoast.com\/product\/yoast-seo-wordpress\/ -->\n<title>HMD Cut5 Gloves - Safety Source Fire<\/title>\n<meta name=\"robots\" content=\"index, follow, max-snippet:-1, max-image-preview:large, max-video-preview:-1\" \/>\n<link rel=\"canonical\" href=\"https:\/\/safetysourcefire.ca\/fr\/?product=hmd-cut5-gloves\" \/>\n<meta property=\"og:locale\" content=\"fr_CA\" \/>\n<meta property=\"og:type\" content=\"article\" \/>\n<meta property=\"og:title\" content=\"HMD Cut5 Gloves - Safety Source Fire\" \/>\n<meta property=\"og:description\" content=\"Been looking for a thin, breathable glove that does not sacrifice grip control or dorsal impact protection?\" \/>\n<meta property=\"og:url\" content=\"https:\/\/safetysourcefire.ca\/fr\/?product=hmd-cut5-gloves\" \/>\n<meta property=\"og:site_name\" content=\"Safety Source Fire\" \/>\n<meta property=\"article:publisher\" content=\"https:\/\/www.facebook.com\/mmfssca\" \/>\n<meta property=\"article:modified_time\" content=\"2018-03-19T13:05:03+00:00\" \/>\n<meta property=\"og:image\" content=\"https:\/\/safetysourcefire.ca\/wp-content\/uploads\/2017\/10\/3008.jpg\" \/>\n\t<meta property=\"og:image:width\" content=\"600\" \/>\n\t<meta property=\"og:image:height\" content=\"600\" \/>\n\t<meta property=\"og:image:type\" content=\"image\/jpeg\" \/>\n<meta name=\"twitter:card\" content=\"summary_large_image\" \/>\n<meta name=\"twitter:site\" content=\"@mmfssca\" \/>\n<meta name=\"twitter:label1\" content=\"Estimation du temps de lecture\" \/>\n\t<meta name=\"twitter:data1\" content=\"1 minute\" \/>\n<script type=\"application\/ld+json\" class=\"yoast-schema-graph\">{\"@context\":\"https:\\\/\\\/schema.org\",\"@graph\":[{\"@type\":\"WebPage\",\"@id\":\"https:\\\/\\\/safetysourcefire.ca\\\/?product=hmd-cut5-gloves\",\"url\":\"https:\\\/\\\/safetysourcefire.ca\\\/?product=hmd-cut5-gloves\",\"name\":\"HMD Cut5 Gloves - Safety Source Fire\",\"isPartOf\":{\"@id\":\"https:\\\/\\\/safetysourcefire.ca\\\/#website\"},\"primaryImageOfPage\":{\"@id\":\"https:\\\/\\\/safetysourcefire.ca\\\/?product=hmd-cut5-gloves#primaryimage\"},\"image\":{\"@id\":\"https:\\\/\\\/safetysourcefire.ca\\\/?product=hmd-cut5-gloves#primaryimage\"},\"thumbnailUrl\":\"https:\\\/\\\/safetysourcefire.ca\\\/wp-content\\\/uploads\\\/2017\\\/10\\\/3008.jpg\",\"datePublished\":\"2017-10-02T22:26:21+00:00\",\"dateModified\":\"2018-03-19T13:05:03+00:00\",\"breadcrumb\":{\"@id\":\"https:\\\/\\\/safetysourcefire.ca\\\/?product=hmd-cut5-gloves#breadcrumb\"},\"inLanguage\":\"fr-CA\",\"potentialAction\":[{\"@type\":\"ReadAction\",\"target\":[\"https:\\\/\\\/safetysourcefire.ca\\\/?product=hmd-cut5-gloves\"]}]},{\"@type\":\"ImageObject\",\"inLanguage\":\"fr-CA\",\"@id\":\"https:\\\/\\\/safetysourcefire.ca\\\/?product=hmd-cut5-gloves#primaryimage\",\"url\":\"https:\\\/\\\/safetysourcefire.ca\\\/wp-content\\\/uploads\\\/2017\\\/10\\\/3008.jpg\",\"contentUrl\":\"https:\\\/\\\/safetysourcefire.ca\\\/wp-content\\\/uploads\\\/2017\\\/10\\\/3008.jpg\",\"width\":600,\"height\":600,\"caption\":\"armoured gloves\"},{\"@type\":\"BreadcrumbList\",\"@id\":\"https:\\\/\\\/safetysourcefire.ca\\\/?product=hmd-cut5-gloves#breadcrumb\",\"itemListElement\":[{\"@type\":\"ListItem\",\"position\":1,\"name\":\"Home\",\"item\":\"https:\\\/\\\/safetysourcefire.ca\\\/\"},{\"@type\":\"ListItem\",\"position\":2,\"name\":\"Products\",\"item\":\"https:\\\/\\\/safetysourcefire.ca\\\/shop\\\/\"},{\"@type\":\"ListItem\",\"position\":3,\"name\":\"HMD Cut5 Gloves\"}]},{\"@type\":\"WebSite\",\"@id\":\"https:\\\/\\\/safetysourcefire.ca\\\/#website\",\"url\":\"https:\\\/\\\/safetysourcefire.ca\\\/\",\"name\":\"Safety Source Fire\",\"description\":\"\",\"publisher\":{\"@id\":\"https:\\\/\\\/safetysourcefire.ca\\\/#organization\"},\"potentialAction\":[{\"@type\":\"SearchAction\",\"target\":{\"@type\":\"EntryPoint\",\"urlTemplate\":\"https:\\\/\\\/safetysourcefire.ca\\\/?s={search_term_string}\"},\"query-input\":{\"@type\":\"PropertyValueSpecification\",\"valueRequired\":true,\"valueName\":\"search_term_string\"}}],\"inLanguage\":\"fr-CA\"},{\"@type\":\"Organization\",\"@id\":\"https:\\\/\\\/safetysourcefire.ca\\\/#organization\",\"name\":\"Safety Source Fire\",\"url\":\"https:\\\/\\\/safetysourcefire.ca\\\/\",\"logo\":{\"@type\":\"ImageObject\",\"inLanguage\":\"fr-CA\",\"@id\":\"https:\\\/\\\/safetysourcefire.ca\\\/#\\\/schema\\\/logo\\\/image\\\/\",\"url\":\"https:\\\/\\\/safetysourcefire.ca\\\/wp-content\\\/uploads\\\/2021\\\/01\\\/SSF_logo_CC0000-3.png\",\"contentUrl\":\"https:\\\/\\\/safetysourcefire.ca\\\/wp-content\\\/uploads\\\/2021\\\/01\\\/SSF_logo_CC0000-3.png\",\"width\":1107,\"height\":365,\"caption\":\"Safety Source Fire\"},\"image\":{\"@id\":\"https:\\\/\\\/safetysourcefire.ca\\\/#\\\/schema\\\/logo\\\/image\\\/\"},\"sameAs\":[\"https:\\\/\\\/www.facebook.com\\\/mmfssca\",\"https:\\\/\\\/x.com\\\/mmfssca\"]}]}<\/script>\n<!-- \/ Yoast SEO plugin. -->","yoast_head_json":{"title":"Gants HMD Cut5 - S\u00e9curit\u00e9 incendie","robots":{"index":"index","follow":"follow","max-snippet":"max-snippet:-1","max-image-preview":"max-image-preview:large","max-video-preview":"max-video-preview:-1"},"canonical":"https:\/\/safetysourcefire.ca\/fr\/?product=hmd-cut5-gloves","og_locale":"fr_CA","og_type":"article","og_title":"HMD Cut5 Gloves - Safety Source Fire","og_description":"Been looking for a thin, breathable glove that does not sacrifice grip control or dorsal impact protection?","og_url":"https:\/\/safetysourcefire.ca\/fr\/?product=hmd-cut5-gloves","og_site_name":"Safety Source Fire","article_publisher":"https:\/\/www.facebook.com\/mmfssca","article_modified_time":"2018-03-19T13:05:03+00:00","og_image":[{"width":600,"height":600,"url":"https:\/\/safetysourcefire.ca\/wp-content\/uploads\/2017\/10\/3008.jpg","type":"image\/jpeg"}],"twitter_card":"summary_large_image","twitter_site":"@mmfssca","twitter_misc":{"Estimation du temps de lecture":"1 minute"},"schema":{"@context":"https:\/\/schema.org","@graph":[{"@type":"WebPage","@id":"https:\/\/safetysourcefire.ca\/?product=hmd-cut5-gloves","url":"https:\/\/safetysourcefire.ca\/?product=hmd-cut5-gloves","name":"Gants HMD Cut5 - S\u00e9curit\u00e9 incendie","isPartOf":{"@id":"https:\/\/safetysourcefire.ca\/#website"},"primaryImageOfPage":{"@id":"https:\/\/safetysourcefire.ca\/?product=hmd-cut5-gloves#primaryimage"},"image":{"@id":"https:\/\/safetysourcefire.ca\/?product=hmd-cut5-gloves#primaryimage"},"thumbnailUrl":"https:\/\/safetysourcefire.ca\/wp-content\/uploads\/2017\/10\/3008.jpg","datePublished":"2017-10-02T22:26:21+00:00","dateModified":"2018-03-19T13:05:03+00:00","breadcrumb":{"@id":"https:\/\/safetysourcefire.ca\/?product=hmd-cut5-gloves#breadcrumb"},"inLanguage":"fr-CA","potentialAction":[{"@type":"ReadAction","target":["https:\/\/safetysourcefire.ca\/?product=hmd-cut5-gloves"]}]},{"@type":"ImageObject","inLanguage":"fr-CA","@id":"https:\/\/safetysourcefire.ca\/?product=hmd-cut5-gloves#primaryimage","url":"https:\/\/safetysourcefire.ca\/wp-content\/uploads\/2017\/10\/3008.jpg","contentUrl":"https:\/\/safetysourcefire.ca\/wp-content\/uploads\/2017\/10\/3008.jpg","width":600,"height":600,"caption":"armoured gloves"},{"@type":"BreadcrumbList","@id":"https:\/\/safetysourcefire.ca\/?product=hmd-cut5-gloves#breadcrumb","itemListElement":[{"@type":"ListItem","position":1,"name":"Home","item":"https:\/\/safetysourcefire.ca\/"},{"@type":"ListItem","position":2,"name":"Products","item":"https:\/\/safetysourcefire.ca\/shop\/"},{"@type":"ListItem","position":3,"name":"HMD Cut5 Gloves"}]},{"@type":"WebSite","@id":"https:\/\/safetysourcefire.ca\/#website","url":"https:\/\/safetysourcefire.ca\/","name":"Safety Source Fire","description":"","publisher":{"@id":"https:\/\/safetysourcefire.ca\/#organization"},"potentialAction":[{"@type":"SearchAction","target":{"@type":"EntryPoint","urlTemplate":"https:\/\/safetysourcefire.ca\/?s={search_term_string}"},"query-input":{"@type":"PropertyValueSpecification","valueRequired":true,"valueName":"search_term_string"}}],"inLanguage":"fr-CA"},{"@type":"Organization","@id":"https:\/\/safetysourcefire.ca\/#organization","name":"Safety Source Fire","url":"https:\/\/safetysourcefire.ca\/","logo":{"@type":"ImageObject","inLanguage":"fr-CA","@id":"https:\/\/safetysourcefire.ca\/#\/schema\/logo\/image\/","url":"https:\/\/safetysourcefire.ca\/wp-content\/uploads\/2021\/01\/SSF_logo_CC0000-3.png","contentUrl":"https:\/\/safetysourcefire.ca\/wp-content\/uploads\/2021\/01\/SSF_logo_CC0000-3.png","width":1107,"height":365,"caption":"Safety Source Fire"},"image":{"@id":"https:\/\/safetysourcefire.ca\/#\/schema\/logo\/image\/"},"sameAs":["https:\/\/www.facebook.com\/mmfssca","https:\/\/x.com\/mmfssca"]}]}},"_links":{"self":[{"href":"https:\/\/safetysourcefire.ca\/fr\/wp-json\/wp\/v2\/product\/4899","targetHints":{"allow":["GET"]}}],"collection":[{"href":"https:\/\/safetysourcefire.ca\/fr\/wp-json\/wp\/v2\/product"}],"about":[{"href":"https:\/\/safetysourcefire.ca\/fr\/wp-json\/wp\/v2\/types\/product"}],"wp:featuredmedia":[{"embeddable":true,"href":"https:\/\/safetysourcefire.ca\/fr\/wp-json\/wp\/v2\/media\/4891"}],"wp:attachment":[{"href":"https:\/\/safetysourcefire.ca\/fr\/wp-json\/wp\/v2\/media?parent=4899"}],"wp:term":[{"taxonomy":"product_brand","embeddable":true,"href":"https:\/\/safetysourcefire.ca\/fr\/wp-json\/wp\/v2\/product_brand?post=4899"},{"taxonomy":"product_cat","embeddable":true,"href":"https:\/\/safetysourcefire.ca\/fr\/wp-json\/wp\/v2\/product_cat?post=4899"},{"taxonomy":"product_tag","embeddable":true,"href":"https:\/\/safetysourcefire.ca\/fr\/wp-json\/wp\/v2\/product_tag?post=4899"}],"curies":[{"name":"wp","href":"https:\/\/api.w.org\/{rel}","templated":true}]}}