{"id":5028,"date":"2018-10-11T09:16:10","date_gmt":"2018-10-11T09:16:10","guid":{"rendered":"https:\/\/mmfss.ca\/?post_type=product&#038;p=5028"},"modified":"2026-03-27T14:32:54","modified_gmt":"2026-03-27T14:32:54","slug":"air-pak-x3-pro-scba","status":"publish","type":"product","link":"https:\/\/safetysourcefire.ca\/fr\/produit\/air-pak-x3-pro-scba\/","title":{"rendered":"ARA Air-Pak\u2122 X3 Pro"},"content":{"rendered":"<p>Conforme \u00e0 la norme NFPA 1970, relative aux ensembles de protection pour la lutte contre les incendies de structure et de proximit\u00e9, aux v\u00eatements de travail, aux appareils respiratoires autonomes \u00e0 circuit ouvert (ARA) pour les services d&#039;urgence et aux syst\u00e8mes d&#039;alerte de s\u00e9curit\u00e9 personnels (PASS), \u00e9dition 2025<\/p>\n<p>Le syst\u00e8me de connexion Snap-Change permet un remplacement rapide du cylindre et am\u00e9liore l&#039;efficacit\u00e9 du chargement.<\/p>\n<p>L&#039;appareil respiratoire autonome 3M\u2122 Scott\u2122 Air-Pak X3 Pro est construit sur une base de dispositifs de s\u00e9curit\u00e9 redondants, offrant des performances in\u00e9gal\u00e9es pour prot\u00e9ger la famille des pompiers qui attendent le meilleur dans les conditions les plus exigeantes.<\/p>\n<p>Con\u00e7u pour optimiser la facilit\u00e9 de nettoyage, le confort et la connectivit\u00e9 et ainsi garantir la s\u00e9curit\u00e9 et le bien-\u00eatre des pompiers d&#039;aujourd&#039;hui, l&#039;appareil respiratoire autonome 3M\u2122 Scott\u2122 Air-Pak X3 Pro est compatible avec les technologies futures et conforme aux derni\u00e8res normes NFPA 1970, \u00e9dition 2025. La garantie \u201c\u00a0\u00c0 vie\u00a0\u201d de l&#039;Air-Pak offre aux clients une tranquillit\u00e9 d&#039;esprit totale, sachant que leur investissement le plus important est couvert pendant toute la dur\u00e9e de possession du produit.<\/p>\n<p>Points forts<\/p>\n<ul>\n<li>Conforme \u00e0 la norme NFPA 1970, relative aux ensembles de protection pour la lutte contre les incendies de structure et de proximit\u00e9, aux v\u00eatements de travail, aux appareils respiratoires autonomes \u00e0 circuit ouvert (ARA) pour les services d&#039;urgence et aux syst\u00e8mes d&#039;alerte de s\u00e9curit\u00e9 personnels (PASS), \u00e9dition 2025<\/li>\n<li>Le cadre arri\u00e8re en alliage d&#039;aluminium offre une conception l\u00e9g\u00e8re et durable pour r\u00e9sister aux rigueurs du terrain d&#039;incendie.<\/li>\n<li>Le syst\u00e8me de connexion Snap-Change permet un remplacement rapide du cylindre et am\u00e9liore l&#039;efficacit\u00e9 du chargement.<\/li>\n<li>Le harnais amovible permet le nettoyage et la d\u00e9contamination afin de contribuer aux efforts de r\u00e9duction de l&#039;exposition.<br \/>\nLes mat\u00e9riaux de pointe utilis\u00e9s pour les harnais permettent de r\u00e9duire l&#039;absorption d&#039;eau et de produits chimiques, contribuant ainsi \u00e0 minimiser la contamination.<\/li>\n<li>Le coussin lombaire \u00e0 articulation naturelle favorise une plus grande amplitude de mouvement pour l&#039;utilisateur, tout en transf\u00e9rant le poids sur les hanches pour une charge plus \u00e9quilibr\u00e9e.<\/li>\n<li>Le r\u00e9gulateur 3M\u2122 Scott\u2122 EZ Flo C5 offre des performances respiratoires am\u00e9lior\u00e9es pour aider \u00e0 r\u00e9duire la charge de l&#039;utilisateur (compatible avec le masque Vision C5).<\/li>\n<li>Les dispositifs de s\u00e9curit\u00e9 redondants, notamment le d\u00e9tendeur \u00e0 double redondance, sont con\u00e7us pour optimiser les performances de l&#039;appareil respiratoire autonome tout en assurant la tranquillit\u00e9 d&#039;esprit des pompiers.<\/li>\n<li>\u2018La garantie \u2019\u00a0\u00c0 vie\u00a0\u00bb vous offre la tranquillit\u00e9 d&#039;esprit, sachant que votre investissement le plus important est couvert pendant toute la dur\u00e9e de possession de votre appareil respiratoire autonome.<\/li>\n<li>La technologie du cylindre 5.5 minimise le poids et l&#039;encombrement, contribuant ainsi \u00e0 r\u00e9duire la fatigue de l&#039;utilisateur, \u00e0 am\u00e9liorer la productivit\u00e9 et \u00e0 diminuer les blessures.<\/li>\n<li>Con\u00e7u de mani\u00e8re ergonomique pour am\u00e9liorer le confort, l&#039;amplitude des mouvements et la respirabilit\u00e9.<\/li>\n<li>Les appareils \u00e9lectroniques compatibles Bluetooth\u00ae permettent une connectivit\u00e9 sans fil entre eux, am\u00e9liorant ainsi la configurabilit\u00e9, la transmission et la r\u00e9cup\u00e9ration des donn\u00e9es, la s\u00e9curit\u00e9 des pompiers et la tra\u00e7abilit\u00e9 sur le terrain.<\/li>\n<li>Le rapport \u00e9lectronique de responsabilisation du personnel (ePAR) assure une communication bidirectionnelle sans fil entre le pompier et le poste de commandement des op\u00e9rations (\u00e0 l&#039;aide du logiciel de t\u00e9l\u00e9m\u00e9trie Monitor Pro) afin d&#039;am\u00e9liorer la responsabilisation et la communication sur le terrain.<\/li>\n<li>\u201cLes voyants \u201d\u00a0Buddy\u00a0\u00bb permettent une vue \u00e0 360\u00b0 de la pression d&#039;air et de l&#039;\u00e9tat PASS du pompier<\/li>\n<li>Fi\u00e8rement fabriqu\u00e9 aux \u00c9tats-Unis, avec un souci constant de la qualit\u00e9 et du savoir-faire.<\/li>\n<\/ul>\n<p><a href=\"https:\/\/multimedia.3m.com\/mws\/media\/2657259O\/3m-scott-air-pak-x3-pro-scba-brochure-nfpa-1970-2025.pdf?&amp;fn=3m-scott-air-pak-x3-pro-scba-brochure-nfpa-1970-2025.pdf\">T\u00e9l\u00e9charger la brochure<\/a><\/p>\n<p><iframe loading=\"lazy\" src=\"https:\/\/www.youtube.com\/embed\/54hJsezdiY0\" width=\"560\" height=\"315\" frameborder=\"0\" allowfullscreen=\"allowfullscreen\"><span data-mce-type=\"bookmark\" style=\"display: inline-block; width: 0px; overflow: hidden; line-height: 0;\" class=\"mce_SELRES_start\"><\/span><span data-mce-type=\"bookmark\" style=\"display: inline-block; width: 0px; overflow: hidden; line-height: 0;\" class=\"mce_SELRES_start\"><\/span><\/iframe><\/p>\n<p><iframe loading=\"lazy\" src=\"https:\/\/www.youtube.com\/embed\/nSkbra09nEU\" width=\"560\" height=\"315\" frameborder=\"0\" allowfullscreen=\"allowfullscreen\"><span data-mce-type=\"bookmark\" style=\"display: inline-block; width: 0px; overflow: hidden; line-height: 0;\" class=\"mce_SELRES_start\"><\/span><\/iframe><\/p>\n<p>&nbsp;<\/p>\n<p><iframe loading=\"lazy\" src=\"https:\/\/www.youtube.com\/embed\/ndRMCJkg_kE\" width=\"560\" height=\"315\" frameborder=\"0\" allowfullscreen=\"allowfullscreen\"><span data-mce-type=\"bookmark\" style=\"display: inline-block; width: 0px; overflow: hidden; line-height: 0;\" class=\"mce_SELRES_start\"><\/span><span data-mce-type=\"bookmark\" style=\"display: inline-block; width: 0px; overflow: hidden; line-height: 0;\" class=\"mce_SELRES_start\"><\/span><\/iframe><\/p>\n<p>&nbsp;<\/p>","protected":false},"excerpt":{"rendered":"<p>Le cadre arri\u00e8re en alliage d&#039;aluminium offre une conception l\u00e9g\u00e8re et durable pour r\u00e9sister aux rigueurs du terrain d&#039;incendie.<\/p>","protected":false},"featured_media":30310,"template":"","meta":[],"product_brand":[157],"product_cat":[137,45],"product_tag":[366,342],"class_list":{"0":"post-5028","1":"product","2":"type-product","3":"status-publish","4":"has-post-thumbnail","6":"product_brand-3m-scott","7":"product_cat-fire","8":"product_cat-respiratory","9":"product_tag-scott","10":"product_tag-scott-safety","12":"first","13":"instock","14":"shipping-taxable","15":"product-type-simple"},"yoast_head":"<!-- This site is optimized with the Yoast SEO plugin v27.4 - https:\/\/yoast.com\/product\/yoast-seo-wordpress\/ -->\n<title>Air-Pak\u2122 X3 Pro SCBA - Safety Source Fire<\/title>\n<meta name=\"robots\" content=\"index, follow, max-snippet:-1, max-image-preview:large, max-video-preview:-1\" \/>\n<link rel=\"canonical\" href=\"https:\/\/safetysourcefire.ca\/fr\/produit\/air-pak-x3-pro-scba\/\" \/>\n<meta property=\"og:locale\" content=\"fr_CA\" \/>\n<meta property=\"og:type\" content=\"article\" \/>\n<meta property=\"og:title\" content=\"Air-Pak\u2122 X3 Pro SCBA - Safety Source Fire\" \/>\n<meta property=\"og:description\" content=\"Aluminum alloy backframe offers a lightweight, durable design to withstand the rigors of the fireground\" \/>\n<meta property=\"og:url\" content=\"https:\/\/safetysourcefire.ca\/fr\/produit\/air-pak-x3-pro-scba\/\" \/>\n<meta property=\"og:site_name\" content=\"Safety Source Fire\" \/>\n<meta property=\"article:publisher\" content=\"https:\/\/www.facebook.com\/mmfssca\" \/>\n<meta property=\"article:modified_time\" content=\"2026-03-27T14:32:54+00:00\" \/>\n<meta property=\"og:image\" content=\"https:\/\/safetysourcefire.ca\/wp-content\/uploads\/2018\/10\/3M-Scott-x3Pro-SCBA.jpg\" \/>\n\t<meta property=\"og:image:width\" content=\"600\" \/>\n\t<meta property=\"og:image:height\" content=\"601\" \/>\n\t<meta property=\"og:image:type\" content=\"image\/jpeg\" \/>\n<meta name=\"twitter:card\" content=\"summary_large_image\" \/>\n<meta name=\"twitter:site\" content=\"@mmfssca\" \/>\n<meta name=\"twitter:label1\" content=\"Estimation du temps de lecture\" \/>\n\t<meta name=\"twitter:data1\" content=\"3 minutes\" \/>\n<script type=\"application\/ld+json\" class=\"yoast-schema-graph\">{\"@context\":\"https:\\\/\\\/schema.org\",\"@graph\":[{\"@type\":\"WebPage\",\"@id\":\"https:\\\/\\\/safetysourcefire.ca\\\/product\\\/air-pak-x3-pro-scba\\\/\",\"url\":\"https:\\\/\\\/safetysourcefire.ca\\\/product\\\/air-pak-x3-pro-scba\\\/\",\"name\":\"Air-Pak\u2122 X3 Pro SCBA - Safety Source Fire\",\"isPartOf\":{\"@id\":\"https:\\\/\\\/safetysourcefire.ca\\\/#website\"},\"primaryImageOfPage\":{\"@id\":\"https:\\\/\\\/safetysourcefire.ca\\\/product\\\/air-pak-x3-pro-scba\\\/#primaryimage\"},\"image\":{\"@id\":\"https:\\\/\\\/safetysourcefire.ca\\\/product\\\/air-pak-x3-pro-scba\\\/#primaryimage\"},\"thumbnailUrl\":\"https:\\\/\\\/safetysourcefire.ca\\\/wp-content\\\/uploads\\\/2018\\\/10\\\/3M-Scott-x3Pro-SCBA.jpg\",\"datePublished\":\"2018-10-11T09:16:10+00:00\",\"dateModified\":\"2026-03-27T14:32:54+00:00\",\"breadcrumb\":{\"@id\":\"https:\\\/\\\/safetysourcefire.ca\\\/product\\\/air-pak-x3-pro-scba\\\/#breadcrumb\"},\"inLanguage\":\"fr-CA\",\"potentialAction\":[{\"@type\":\"ReadAction\",\"target\":[\"https:\\\/\\\/safetysourcefire.ca\\\/product\\\/air-pak-x3-pro-scba\\\/\"]}]},{\"@type\":\"ImageObject\",\"inLanguage\":\"fr-CA\",\"@id\":\"https:\\\/\\\/safetysourcefire.ca\\\/product\\\/air-pak-x3-pro-scba\\\/#primaryimage\",\"url\":\"https:\\\/\\\/safetysourcefire.ca\\\/wp-content\\\/uploads\\\/2018\\\/10\\\/3M-Scott-x3Pro-SCBA.jpg\",\"contentUrl\":\"https:\\\/\\\/safetysourcefire.ca\\\/wp-content\\\/uploads\\\/2018\\\/10\\\/3M-Scott-x3Pro-SCBA.jpg\",\"width\":600,\"height\":601,\"caption\":\"X3 Pro SCBA\"},{\"@type\":\"BreadcrumbList\",\"@id\":\"https:\\\/\\\/safetysourcefire.ca\\\/product\\\/air-pak-x3-pro-scba\\\/#breadcrumb\",\"itemListElement\":[{\"@type\":\"ListItem\",\"position\":1,\"name\":\"Home\",\"item\":\"https:\\\/\\\/safetysourcefire.ca\\\/\"},{\"@type\":\"ListItem\",\"position\":2,\"name\":\"Products\",\"item\":\"https:\\\/\\\/safetysourcefire.ca\\\/shop\\\/\"},{\"@type\":\"ListItem\",\"position\":3,\"name\":\"Air-Pak\u2122 X3 Pro SCBA\"}]},{\"@type\":\"WebSite\",\"@id\":\"https:\\\/\\\/safetysourcefire.ca\\\/#website\",\"url\":\"https:\\\/\\\/safetysourcefire.ca\\\/\",\"name\":\"Safety Source Fire\",\"description\":\"\",\"publisher\":{\"@id\":\"https:\\\/\\\/safetysourcefire.ca\\\/#organization\"},\"potentialAction\":[{\"@type\":\"SearchAction\",\"target\":{\"@type\":\"EntryPoint\",\"urlTemplate\":\"https:\\\/\\\/safetysourcefire.ca\\\/?s={search_term_string}\"},\"query-input\":{\"@type\":\"PropertyValueSpecification\",\"valueRequired\":true,\"valueName\":\"search_term_string\"}}],\"inLanguage\":\"fr-CA\"},{\"@type\":\"Organization\",\"@id\":\"https:\\\/\\\/safetysourcefire.ca\\\/#organization\",\"name\":\"Safety Source Fire\",\"url\":\"https:\\\/\\\/safetysourcefire.ca\\\/\",\"logo\":{\"@type\":\"ImageObject\",\"inLanguage\":\"fr-CA\",\"@id\":\"https:\\\/\\\/safetysourcefire.ca\\\/#\\\/schema\\\/logo\\\/image\\\/\",\"url\":\"https:\\\/\\\/safetysourcefire.ca\\\/wp-content\\\/uploads\\\/2021\\\/01\\\/SSF_logo_CC0000-3.png\",\"contentUrl\":\"https:\\\/\\\/safetysourcefire.ca\\\/wp-content\\\/uploads\\\/2021\\\/01\\\/SSF_logo_CC0000-3.png\",\"width\":1107,\"height\":365,\"caption\":\"Safety Source Fire\"},\"image\":{\"@id\":\"https:\\\/\\\/safetysourcefire.ca\\\/#\\\/schema\\\/logo\\\/image\\\/\"},\"sameAs\":[\"https:\\\/\\\/www.facebook.com\\\/mmfssca\",\"https:\\\/\\\/x.com\\\/mmfssca\"]}]}<\/script>\n<!-- \/ Yoast SEO plugin. -->","yoast_head_json":{"title":"Appareil respiratoire autonome Air-Pak\u2122 X3 Pro - Source de s\u00e9curit\u00e9 incendie","robots":{"index":"index","follow":"follow","max-snippet":"max-snippet:-1","max-image-preview":"max-image-preview:large","max-video-preview":"max-video-preview:-1"},"canonical":"https:\/\/safetysourcefire.ca\/fr\/produit\/air-pak-x3-pro-scba\/","og_locale":"fr_CA","og_type":"article","og_title":"Air-Pak\u2122 X3 Pro SCBA - Safety Source Fire","og_description":"Aluminum alloy backframe offers a lightweight, durable design to withstand the rigors of the fireground","og_url":"https:\/\/safetysourcefire.ca\/fr\/produit\/air-pak-x3-pro-scba\/","og_site_name":"Safety Source Fire","article_publisher":"https:\/\/www.facebook.com\/mmfssca","article_modified_time":"2026-03-27T14:32:54+00:00","og_image":[{"width":600,"height":601,"url":"https:\/\/safetysourcefire.ca\/wp-content\/uploads\/2018\/10\/3M-Scott-x3Pro-SCBA.jpg","type":"image\/jpeg"}],"twitter_card":"summary_large_image","twitter_site":"@mmfssca","twitter_misc":{"Estimation du temps de lecture":"3 minutes"},"schema":{"@context":"https:\/\/schema.org","@graph":[{"@type":"WebPage","@id":"https:\/\/safetysourcefire.ca\/product\/air-pak-x3-pro-scba\/","url":"https:\/\/safetysourcefire.ca\/product\/air-pak-x3-pro-scba\/","name":"Appareil respiratoire autonome Air-Pak\u2122 X3 Pro - Source de s\u00e9curit\u00e9 incendie","isPartOf":{"@id":"https:\/\/safetysourcefire.ca\/#website"},"primaryImageOfPage":{"@id":"https:\/\/safetysourcefire.ca\/product\/air-pak-x3-pro-scba\/#primaryimage"},"image":{"@id":"https:\/\/safetysourcefire.ca\/product\/air-pak-x3-pro-scba\/#primaryimage"},"thumbnailUrl":"https:\/\/safetysourcefire.ca\/wp-content\/uploads\/2018\/10\/3M-Scott-x3Pro-SCBA.jpg","datePublished":"2018-10-11T09:16:10+00:00","dateModified":"2026-03-27T14:32:54+00:00","breadcrumb":{"@id":"https:\/\/safetysourcefire.ca\/product\/air-pak-x3-pro-scba\/#breadcrumb"},"inLanguage":"fr-CA","potentialAction":[{"@type":"ReadAction","target":["https:\/\/safetysourcefire.ca\/product\/air-pak-x3-pro-scba\/"]}]},{"@type":"ImageObject","inLanguage":"fr-CA","@id":"https:\/\/safetysourcefire.ca\/product\/air-pak-x3-pro-scba\/#primaryimage","url":"https:\/\/safetysourcefire.ca\/wp-content\/uploads\/2018\/10\/3M-Scott-x3Pro-SCBA.jpg","contentUrl":"https:\/\/safetysourcefire.ca\/wp-content\/uploads\/2018\/10\/3M-Scott-x3Pro-SCBA.jpg","width":600,"height":601,"caption":"X3 Pro SCBA"},{"@type":"BreadcrumbList","@id":"https:\/\/safetysourcefire.ca\/product\/air-pak-x3-pro-scba\/#breadcrumb","itemListElement":[{"@type":"ListItem","position":1,"name":"Home","item":"https:\/\/safetysourcefire.ca\/"},{"@type":"ListItem","position":2,"name":"Products","item":"https:\/\/safetysourcefire.ca\/shop\/"},{"@type":"ListItem","position":3,"name":"Air-Pak\u2122 X3 Pro SCBA"}]},{"@type":"WebSite","@id":"https:\/\/safetysourcefire.ca\/#website","url":"https:\/\/safetysourcefire.ca\/","name":"Safety Source Fire","description":"","publisher":{"@id":"https:\/\/safetysourcefire.ca\/#organization"},"potentialAction":[{"@type":"SearchAction","target":{"@type":"EntryPoint","urlTemplate":"https:\/\/safetysourcefire.ca\/?s={search_term_string}"},"query-input":{"@type":"PropertyValueSpecification","valueRequired":true,"valueName":"search_term_string"}}],"inLanguage":"fr-CA"},{"@type":"Organization","@id":"https:\/\/safetysourcefire.ca\/#organization","name":"Safety Source Fire","url":"https:\/\/safetysourcefire.ca\/","logo":{"@type":"ImageObject","inLanguage":"fr-CA","@id":"https:\/\/safetysourcefire.ca\/#\/schema\/logo\/image\/","url":"https:\/\/safetysourcefire.ca\/wp-content\/uploads\/2021\/01\/SSF_logo_CC0000-3.png","contentUrl":"https:\/\/safetysourcefire.ca\/wp-content\/uploads\/2021\/01\/SSF_logo_CC0000-3.png","width":1107,"height":365,"caption":"Safety Source Fire"},"image":{"@id":"https:\/\/safetysourcefire.ca\/#\/schema\/logo\/image\/"},"sameAs":["https:\/\/www.facebook.com\/mmfssca","https:\/\/x.com\/mmfssca"]}]}},"_links":{"self":[{"href":"https:\/\/safetysourcefire.ca\/fr\/wp-json\/wp\/v2\/product\/5028","targetHints":{"allow":["GET"]}}],"collection":[{"href":"https:\/\/safetysourcefire.ca\/fr\/wp-json\/wp\/v2\/product"}],"about":[{"href":"https:\/\/safetysourcefire.ca\/fr\/wp-json\/wp\/v2\/types\/product"}],"wp:featuredmedia":[{"embeddable":true,"href":"https:\/\/safetysourcefire.ca\/fr\/wp-json\/wp\/v2\/media\/30310"}],"wp:attachment":[{"href":"https:\/\/safetysourcefire.ca\/fr\/wp-json\/wp\/v2\/media?parent=5028"}],"wp:term":[{"taxonomy":"product_brand","embeddable":true,"href":"https:\/\/safetysourcefire.ca\/fr\/wp-json\/wp\/v2\/product_brand?post=5028"},{"taxonomy":"product_cat","embeddable":true,"href":"https:\/\/safetysourcefire.ca\/fr\/wp-json\/wp\/v2\/product_cat?post=5028"},{"taxonomy":"product_tag","embeddable":true,"href":"https:\/\/safetysourcefire.ca\/fr\/wp-json\/wp\/v2\/product_tag?post=5028"}],"curies":[{"name":"wp","href":"https:\/\/api.w.org\/{rel}","templated":true}]}}