{"id":5228,"date":"2018-02-08T16:38:02","date_gmt":"2018-02-08T16:38:02","guid":{"rendered":"https:\/\/mmfss.ca\/?post_type=product&#038;p=5228"},"modified":"2023-03-30T13:39:19","modified_gmt":"2023-03-30T13:39:19","slug":"maxiforce-g2-air-lifting-bags","status":"publish","type":"product","link":"https:\/\/safetysourcefire.ca\/fr\/produit\/maxiforce-g2-air-lifting-bags\/","title":{"rendered":"Sacs et ensembles de levage pneumatique Maxiforce G2"},"content":{"rendered":"<div class=\"productDescription\">\n<div class=\"field field-name-body field-type-text-with-summary field-label-hidden\">\n<div class=\"field-items\">\n<div class=\"field-item even\">\n<p>Le SAC DE LEVAGE \u00c0 AIR MAXIFORCE\u00ae est compos\u00e9 de 3 couches de renfort en fibre d'aramide recouvert de n\u00e9opr\u00e8ne. Il poss\u00e8de le pouvoir de soulever et d\u00e9placer des poids pouvant aller jusqu'\u00e0 89 tonnes (80,9 tonnes par sac). L'\u00e9quipement et les composants de contr\u00f4le jouent un r\u00f4le essentiel dans l'utilisation r\u00e9ussie des coussins de levage. Contrairement \u00e0 d'autres syst\u00e8mes de coussins de levage, Paratech fabrique tous ses principaux composants de contr\u00f4le. Cela garantit la qualit\u00e9 compl\u00e8te du syst\u00e8me,<\/p>\n<p>Tous les sacs de levage pneumatiques MAXIFORCE respectent et d\u00e9passent l&#039;intention de toutes les normes internationales connues, reconnues et publi\u00e9es pour la conception et l&#039;utilisation des sacs de levage pneumatiques.<\/p>\n<p>Chaque coussin de levage pneumatique MAXIFORCE G2 a \u00e9t\u00e9 soumis \u00e0 des tests de pression d'usine rigoureux pour assurer une s\u00e9curit\u00e9 maximale de l'op\u00e9rateur. Lorsque vous avez un sac gonflable MAXIFORCE G2 de PARATECH, vous \u00eates entre bonne mains.<\/p>\n<\/div>\n<\/div>\n<\/div>\n<table class=\"t1\" cellspacing=\"0\" cellpadding=\"5\">\n<tbody>\n<tr>\n<td class=\"td1\" valign=\"top\">\n<p class=\"p2\">#<\/p>\n<\/td>\n<td class=\"td1\" valign=\"top\">\n<p class=\"p2\">Mod\u00e8le<\/p>\n<\/td>\n<td class=\"td1\" valign=\"top\">\n<p class=\"p2\">Dimensions<\/p>\n<\/td>\n<td class=\"td1\" valign=\"top\">\n<p class=\"p2\">Capacit\u00e9 de levage maximale<\/p>\n<p class=\"p2\">Tonne US\/Tonne Met<\/p>\n<\/td>\n<td class=\"td1\" valign=\"top\">\n<p class=\"p2\">Hauteur de levage maximale<\/p>\n<p class=\"p2\">po\/mm<\/p>\n<\/td>\n<td class=\"td1\" valign=\"top\">\n<p class=\"p2\">Poids<\/p>\n<p class=\"p2\">lb\/kg<\/p>\n<\/td>\n<\/tr>\n<tr>\n<td class=\"td1\" valign=\"top\">\n<p class=\"p2\">22-888110G2<\/p>\n<\/td>\n<td class=\"td1\" valign=\"top\">\n<p class=\"p2\">KPI-1<\/p>\n<\/td>\n<td class=\"td1\" valign=\"top\">\n<p class=\"p2\">6 x 6 x 3\/4 po<\/p>\n<\/td>\n<td class=\"td1\" valign=\"top\">\n<p class=\"p2\">1.5 \/ 1.3<\/p>\n<\/td>\n<td class=\"td1\" valign=\"top\">\n<p class=\"p2\">3.0 \/ 76<\/p>\n<\/td>\n<td class=\"td1\" valign=\"top\">\n<p class=\"p2\">1.2 \/ 0.6<\/p>\n<\/td>\n<\/tr>\n<tr>\n<td class=\"td1\" valign=\"top\">\n<p class=\"p2\">22-888120G2<\/p>\n<\/td>\n<td class=\"td1\" valign=\"top\">\n<p class=\"p2\">KPI-3<\/p>\n<\/td>\n<td class=\"td1\" valign=\"top\">\n<p class=\"p2\">6 x 12 x 3\/4 po<\/p>\n<\/td>\n<td class=\"td1\" valign=\"top\">\n<p class=\"p2\">3.5 \/ 3.2<\/p>\n<\/td>\n<td class=\"td1\" valign=\"top\">\n<p class=\"p2\">3.5 \/ 89<\/p>\n<\/td>\n<td class=\"td1\" valign=\"top\">\n<p class=\"p2\">2.3 \/ 1.0<\/p>\n<\/td>\n<\/tr>\n<tr>\n<td class=\"td1\" valign=\"top\">\n<p class=\"p2\">22-888130G2<\/p>\n<\/td>\n<td class=\"td1\" valign=\"top\">\n<p class=\"p2\">KPI-5<\/p>\n<\/td>\n<td class=\"td1\" valign=\"top\">\n<p class=\"p2\">10 x 10 x 3\/4 po<\/p>\n<\/td>\n<td class=\"td1\" valign=\"top\">\n<p class=\"p2\">5.4 \/ 4.9<\/p>\n<\/td>\n<td class=\"td1\" valign=\"top\">\n<p class=\"p2\">5.4 \/ 137<\/p>\n<\/td>\n<td class=\"td1\" valign=\"top\">\n<p class=\"p2\">3.1 \/ 1.4<\/p>\n<\/td>\n<\/tr>\n<tr>\n<td class=\"td1\" valign=\"top\">\n<p class=\"p2\">22-888135G2<\/p>\n<\/td>\n<td class=\"td1\" valign=\"top\">\n<p class=\"p2\">KPI-8<\/p>\n<\/td>\n<td class=\"td1\" valign=\"top\">\n<p class=\"p2\">12 x 12 x 7\/8 po<\/p>\n<\/td>\n<td class=\"td1\" valign=\"top\">\n<p class=\"p2\">8.2 \/ 7.5<\/p>\n<\/td>\n<td class=\"td1\" valign=\"top\">\n<p class=\"p2\">6.4 \/ 163<\/p>\n<\/td>\n<td class=\"td1\" valign=\"top\">\n<p class=\"p2\">5.5 \/ 2.5<\/p>\n<\/td>\n<\/tr>\n<tr>\n<td class=\"td1\" valign=\"top\">\n<p class=\"p2\">22-888138G2<\/p>\n<\/td>\n<td class=\"td1\" valign=\"top\">\n<p class=\"p2\">KPI-10<\/p>\n<\/td>\n<td class=\"td1\" valign=\"top\">\n<p class=\"p2\">12 x 18 x 7\/8 po<\/p>\n<\/td>\n<td class=\"td1\" valign=\"top\">\n<p class=\"p2\">12.9 \/ 11.7<\/p>\n<\/td>\n<td class=\"td1\" valign=\"top\">\n<p class=\"p2\">7.1 \/ 180<\/p>\n<\/td>\n<td class=\"td1\" valign=\"top\">\n<p class=\"p2\">8.3 \/ 3.7<\/p>\n<\/td>\n<\/tr>\n<tr>\n<td class=\"td1\" valign=\"top\">\n<p class=\"p2\">22-888140G2<\/p>\n<\/td>\n<td class=\"td1\" valign=\"top\">\n<p class=\"p2\">KPI-12<\/p>\n<\/td>\n<td class=\"td1\" valign=\"top\">\n<p class=\"p2\">15 po x 15 po x 7\/8 po<\/p>\n<\/td>\n<td class=\"td1\" valign=\"top\">\n<p class=\"p2\">13.7 \/ 12.4<\/p>\n<\/td>\n<td class=\"td1\" valign=\"top\">\n<p class=\"p2\">8.1 \/ 206<\/p>\n<\/td>\n<td class=\"td1\" valign=\"top\">\n<p class=\"p2\">8.8 \/ 4.0<\/p>\n<\/td>\n<\/tr>\n<tr>\n<td class=\"td1\" valign=\"top\">\n<p class=\"p2\">22-888150G2<\/p>\n<\/td>\n<td class=\"td1\" valign=\"top\">\n<p class=\"p2\">KPI-17<\/p>\n<\/td>\n<td class=\"td1\" valign=\"top\">\n<p class=\"p2\">15 x 21 x 7\/8 po<\/p>\n<\/td>\n<td class=\"td1\" valign=\"top\">\n<p class=\"p2\">19.0 \/ 17.3<\/p>\n<\/td>\n<td class=\"td1\" valign=\"top\">\n<p class=\"p2\">9.0 \/ 226<\/p>\n<\/td>\n<td class=\"td1\" valign=\"top\">\n<p class=\"p2\">12.0 \/ 5.4<\/p>\n<\/td>\n<\/tr>\n<tr>\n<td class=\"td1\" valign=\"top\">\n<p class=\"p2\">22-888160G2<\/p>\n<\/td>\n<td class=\"td1\" valign=\"top\">\n<p class=\"p2\">KPI-22<\/p>\n<\/td>\n<td class=\"td1\" valign=\"top\">\n<p class=\"p2\">20 x 20 x 7\/8 po<\/p>\n<\/td>\n<td class=\"td1\" valign=\"top\">\n<p class=\"p2\">25.6 \/ 23.2<\/p>\n<\/td>\n<td class=\"td1\" valign=\"top\">\n<p class=\"p2\">10.8 \/ 274<\/p>\n<\/td>\n<td class=\"td1\" valign=\"top\">\n<p class=\"p2\">15.9 \/ 7.2<\/p>\n<\/td>\n<\/tr>\n<tr>\n<td class=\"td1\" valign=\"top\">\n<p class=\"p2\">22-888165G2<\/p>\n<\/td>\n<td class=\"td1\" valign=\"top\">\n<p class=\"p2\">KPI-28<\/p>\n<\/td>\n<td class=\"td1\" valign=\"top\">\n<p class=\"p2\">20 x 26 x 7\/8 po<\/p>\n<\/td>\n<td class=\"td1\" valign=\"top\">\n<p class=\"p2\">34.0 \/ 30.9<\/p>\n<\/td>\n<td class=\"td1\" valign=\"top\">\n<p class=\"p2\">11.8 \/ 299<\/p>\n<\/td>\n<td class=\"td1\" valign=\"top\">\n<p class=\"p2\">20.1 \/ 9.1<\/p>\n<\/td>\n<\/tr>\n<tr>\n<td class=\"td1\" valign=\"top\">\n<p class=\"p2\">22-888170G2<\/p>\n<\/td>\n<td class=\"td1\" valign=\"top\">\n<p class=\"p2\">KPI-32<\/p>\n<\/td>\n<td class=\"td1\" valign=\"top\">\n<p class=\"p2\">24 x 24 x 7\/8 po<\/p>\n<\/td>\n<td class=\"td1\" valign=\"top\">\n<p class=\"p2\">38.0 \/ 34.4<\/p>\n<\/td>\n<td class=\"td1\" valign=\"top\">\n<p class=\"p2\">13.0 \/ 330<\/p>\n<\/td>\n<td class=\"td1\" valign=\"top\">\n<p class=\"p2\">22.0 \/ 10.0<\/p>\n<\/td>\n<\/tr>\n<tr>\n<td class=\"td1\" valign=\"top\">\n<p class=\"p2\">22-888180G2<\/p>\n<\/td>\n<td class=\"td1\" valign=\"top\">\n<p class=\"p2\">KPI-35L<\/p>\n<\/td>\n<td class=\"td1\" valign=\"top\">\n<p class=\"p2\">15 x 42 x 7\/8 po<\/p>\n<\/td>\n<td class=\"td1\" valign=\"top\">\n<p class=\"p2\">39.5 \/ 35.8<\/p>\n<\/td>\n<td class=\"td1\" valign=\"top\">\n<p class=\"p2\">9.5 \/ 241<\/p>\n<\/td>\n<td class=\"td1\" valign=\"top\">\n<p class=\"p2\">24.5 \/ 11.1<\/p>\n<\/td>\n<\/tr>\n<tr>\n<td class=\"td1\" valign=\"top\">\n<p class=\"p2\">22-888190G2<\/p>\n<\/td>\n<td class=\"td1\" valign=\"top\">\n<p class=\"p2\">KPI-44<\/p>\n<\/td>\n<td class=\"td1\" valign=\"top\">\n<p class=\"p2\">28 x 28 x 7\/8 po<\/p>\n<\/td>\n<td class=\"td1\" valign=\"top\">\n<p class=\"p2\">52.7 \/ 47.8<\/p>\n<\/td>\n<td class=\"td1\" valign=\"top\">\n<p class=\"p2\">15.3 \/ 388<\/p>\n<\/td>\n<td class=\"td1\" valign=\"top\">\n<p class=\"p2\">30.0 \/ 13.6<\/p>\n<\/td>\n<\/tr>\n<tr>\n<td class=\"td1\" valign=\"top\">\n<p class=\"p2\">22-888195G2<\/p>\n<\/td>\n<td class=\"td1\" valign=\"top\">\n<p class=\"p2\">KPI-55<\/p>\n<\/td>\n<td class=\"td1\" valign=\"top\">\n<p class=\"p2\">32 x 32 x 1 po<\/p>\n<\/td>\n<td class=\"td1\" valign=\"top\">\n<p class=\"p2\">69.7 \/63.3<\/p>\n<\/td>\n<td class=\"td1\" valign=\"top\">\n<p class=\"p2\">17.0 \/ 432<\/p>\n<\/td>\n<td class=\"td1\" valign=\"top\">\n<p class=\"p2\">45.2 \/ 20.5<\/p>\n<\/td>\n<\/tr>\n<tr>\n<td class=\"td1\" valign=\"top\">\n<p class=\"p2\">22-888200G2<\/p>\n<\/td>\n<td class=\"td1\" valign=\"top\">\n<p class=\"p2\">KPI-74<\/p>\n<\/td>\n<td class=\"td1\" valign=\"top\">\n<p class=\"p2\">37 x 37 x 1 po<\/p>\n<\/td>\n<td class=\"td1\" valign=\"top\">\n<p class=\"p2\">89.2 \/ 80.9<\/p>\n<\/td>\n<td class=\"td1\" valign=\"top\">\n<p class=\"p2\">20.0 \/ 508<\/p>\n<\/td>\n<td class=\"td1\" valign=\"top\">\n<p class=\"p2\">58.0 \/ 26.3<\/p>\n<\/td>\n<\/tr>\n<\/tbody>\n<\/table>\n<\/div>\n<p>&nbsp;<\/p>\n<p>Num\u00e9ro de pi\u00e8ce : 22-889048G2<br \/>\n<strong>MOD\u00c8LE 48 \u2013 ENSEMBLE DE 3 SACS DE LEVAGE<\/strong> comprend :<\/p>\n<ul>\n<li class=\"p1\">(1)\u00a0<span class=\"s1\">22-888150G2 KPI-17<\/span><\/li>\n<li class=\"p1\"><span class=\"s1\">(1) 22-888165G2 KPI-28<\/span><\/li>\n<li class=\"p1\">(1) 22-888170G2 KPI-32<\/li>\n<\/ul>\n<p>&nbsp;<\/p>\n<p class=\"p1\">Num\u00e9ro de pi\u00e8ce : 22-889050G2<br \/>\n<strong>MOD\u00c8LE 50 \u2013 ENSEMBLE DE 5 SACS DE LEVAGE<\/strong><\/p>\n<ul>\n<li class=\"p1\"><span class=\"s1\">(1) 22-888140G2 KPI-12<\/span><\/li>\n<li class=\"p1\"><span class=\"s1\">(2) 22-888150G2 KPI-17<\/span><\/li>\n<li class=\"p2\"><span class=\"s1\">(2)\u00a0<\/span>22-888160G2 KPI-22<\/li>\n<\/ul>\n<p>&nbsp;<\/p>\n<p class=\"p1\">Num\u00e9ro de pi\u00e8ce : 22-889052G2<br \/>\n<strong>MOD\u00c8LE 52 \u2013 ENSEMBLE DE 5 SACS DE LEVAGE<\/strong><\/p>\n<ul>\n<li class=\"p1\"><span class=\"s1\">(1) 22-888120G2 KPI-3<\/span><\/li>\n<li class=\"p1\"><span class=\"s1\">(2) 22-888150G2 KPI-17<\/span><\/li>\n<li class=\"p2\"><span class=\"s1\">(2)\u00a0<\/span>22-888170G2 KPI-32<\/li>\n<\/ul>\n<p>&nbsp;<\/p>\n<p class=\"p1\">Num\u00e9ro de pi\u00e8ce : 22-889117G2<br \/>\n<strong>MOD\u00c8LE 117 \u2013 ENSEMBLE DE 8 SACS DE LEVAGE<\/strong> comprend :<\/p>\n<ul>\n<li class=\"p1\">(1)\u00a0<span class=\"s1\">22-888150G2 KPI-17\u00a0<\/span><\/li>\n<li class=\"p1\">(1)\u00a0<span class=\"s1\">22-888165G2 KPI-28\u00a0<\/span><\/li>\n<li class=\"p1\"><span class=\"s2\">(1)\u00a0<\/span>22-888170G2 KPI-32<\/li>\n<\/ul>\n<p>&nbsp;<\/p>\n<p class=\"p1\">Num\u00e9ro de pi\u00e8ce : 22-889140G2<br \/>\n<strong>MOD\u00c8LE 140 \u2013 ENSEMBLE DE 8 SACS DE LEVAGE<\/strong> comprend :<\/p>\n<ul>\n<li class=\"p1\">(1) 22-888140G2 KPI-12<\/li>\n<li class=\"p1\">(2) 22-888160G2 KPI-22<\/li>\n<li class=\"p1\">(2) 22-888170G2 KPI-32<\/li>\n<li class=\"p1\">(1) 22-888180G2 KPI-35L<\/li>\n<li class=\"p1\">(2) 22-888190G2 KPI-44<\/li>\n<\/ul>\n<p>&nbsp;<\/p>\n<p class=\"p1\">Num\u00e9ro de pi\u00e8ce : 22-889245G2<br \/>\n<strong>MOD\u00c8LE 245 \u2013 ENSEMBLE DE 10 SACS<\/strong> comprend :<\/p>\n<ul>\n<li class=\"p1\"><span class=\"s1\">(1) 22-888110G2 KPI-1\u00a0<\/span><\/li>\n<li class=\"p1\"><span class=\"s1\">(1) 22-888120G2 KPI-3\u00a0<\/span><\/li>\n<li class=\"p1\"><span class=\"s1\">(1) 22-888130G2 KPI-5\u00a0<\/span><\/li>\n<li class=\"p1\"><span class=\"s1\">(1) 22-888140G2 KPI-12\u00a0<\/span><\/li>\n<li class=\"p1\"><span class=\"s1\">(1) 22-888150G2 KPI-17\u00a0<\/span><\/li>\n<li class=\"p1\"><span class=\"s1\">(1) 22-888160G2 KPI-22\u00a0<\/span><\/li>\n<li class=\"p1\"><span class=\"s1\">(1) 22-888170G2 KPI-32\u00a0<\/span><\/li>\n<li class=\"p1\"><span class=\"s1\">(1) 22-888180G2 KPI-35L\u00a0<\/span><\/li>\n<li class=\"p1\"><span class=\"s1\">(1) 22-888190G2 KPI-44\u00a0<\/span><\/li>\n<li class=\"p2\">(1) 22-888200G2 KPI-74<\/li>\n<\/ul>\n<p>&nbsp;<\/p>","protected":false},"excerpt":{"rendered":"<p>Le MAXIFORCE\u00ae AIR LIFTING BAG est un sac mince mais solide, disponible en 14 tailles diff\u00e9rentes.<\/p>","protected":false},"featured_media":27269,"template":"","meta":[],"product_brand":[152],"product_cat":[51,133],"product_tag":[329,328],"class_list":{"0":"post-5228","1":"product","2":"type-product","3":"status-publish","4":"has-post-thumbnail","6":"product_brand-paratech","7":"product_cat-rescue","8":"product_cat-stabilization-shoring","9":"product_tag-para-tech","10":"product_tag-paratech","12":"first","13":"instock","14":"shipping-taxable","15":"product-type-simple"},"yoast_head":"<!-- This site is optimized with the Yoast SEO plugin v27.5 - https:\/\/yoast.com\/product\/yoast-seo-wordpress\/ -->\n<title>Maxiforce G2 Air Lifting Bags and Sets - Safety Source Fire<\/title>\n<meta name=\"robots\" content=\"index, follow, max-snippet:-1, max-image-preview:large, max-video-preview:-1\" \/>\n<link rel=\"canonical\" href=\"https:\/\/safetysourcefire.ca\/fr\/produit\/maxiforce-g2-air-lifting-bags\/\" \/>\n<meta property=\"og:locale\" content=\"fr_CA\" \/>\n<meta property=\"og:type\" content=\"article\" \/>\n<meta property=\"og:title\" content=\"Maxiforce G2 Air Lifting Bags and Sets - Safety Source Fire\" \/>\n<meta property=\"og:description\" content=\"The MAXIFORCE\u00ae AIR LIFTING BAG is a thin,\u00a0strong, molded envelope available in\u00a014 different sizes.\" \/>\n<meta property=\"og:url\" content=\"https:\/\/safetysourcefire.ca\/fr\/produit\/maxiforce-g2-air-lifting-bags\/\" \/>\n<meta property=\"og:site_name\" content=\"Safety Source Fire\" \/>\n<meta property=\"article:publisher\" content=\"https:\/\/www.facebook.com\/mmfssca\" \/>\n<meta property=\"article:modified_time\" content=\"2023-03-30T13:39:19+00:00\" \/>\n<meta property=\"og:image\" content=\"https:\/\/safetysourcefire.ca\/wp-content\/uploads\/2018\/02\/g2_pad.jpg\" \/>\n\t<meta property=\"og:image:width\" content=\"600\" \/>\n\t<meta property=\"og:image:height\" content=\"600\" \/>\n\t<meta property=\"og:image:type\" content=\"image\/jpeg\" \/>\n<meta name=\"twitter:card\" content=\"summary_large_image\" \/>\n<meta name=\"twitter:site\" content=\"@mmfssca\" \/>\n<meta name=\"twitter:label1\" content=\"Estimation du temps de lecture\" \/>\n\t<meta name=\"twitter:data1\" content=\"3 minutes\" \/>\n<script type=\"application\/ld+json\" class=\"yoast-schema-graph\">{\"@context\":\"https:\\\/\\\/schema.org\",\"@graph\":[{\"@type\":\"WebPage\",\"@id\":\"https:\\\/\\\/safetysourcefire.ca\\\/product\\\/maxiforce-g2-air-lifting-bags\\\/\",\"url\":\"https:\\\/\\\/safetysourcefire.ca\\\/product\\\/maxiforce-g2-air-lifting-bags\\\/\",\"name\":\"Maxiforce G2 Air Lifting Bags and Sets - Safety Source Fire\",\"isPartOf\":{\"@id\":\"https:\\\/\\\/safetysourcefire.ca\\\/#website\"},\"primaryImageOfPage\":{\"@id\":\"https:\\\/\\\/safetysourcefire.ca\\\/product\\\/maxiforce-g2-air-lifting-bags\\\/#primaryimage\"},\"image\":{\"@id\":\"https:\\\/\\\/safetysourcefire.ca\\\/product\\\/maxiforce-g2-air-lifting-bags\\\/#primaryimage\"},\"thumbnailUrl\":\"https:\\\/\\\/safetysourcefire.ca\\\/wp-content\\\/uploads\\\/2018\\\/02\\\/g2_pad.jpg\",\"datePublished\":\"2018-02-08T16:38:02+00:00\",\"dateModified\":\"2023-03-30T13:39:19+00:00\",\"breadcrumb\":{\"@id\":\"https:\\\/\\\/safetysourcefire.ca\\\/product\\\/maxiforce-g2-air-lifting-bags\\\/#breadcrumb\"},\"inLanguage\":\"fr-CA\",\"potentialAction\":[{\"@type\":\"ReadAction\",\"target\":[\"https:\\\/\\\/safetysourcefire.ca\\\/product\\\/maxiforce-g2-air-lifting-bags\\\/\"]}]},{\"@type\":\"ImageObject\",\"inLanguage\":\"fr-CA\",\"@id\":\"https:\\\/\\\/safetysourcefire.ca\\\/product\\\/maxiforce-g2-air-lifting-bags\\\/#primaryimage\",\"url\":\"https:\\\/\\\/safetysourcefire.ca\\\/wp-content\\\/uploads\\\/2018\\\/02\\\/g2_pad.jpg\",\"contentUrl\":\"https:\\\/\\\/safetysourcefire.ca\\\/wp-content\\\/uploads\\\/2018\\\/02\\\/g2_pad.jpg\",\"width\":600,\"height\":600,\"caption\":\"Air Bag\"},{\"@type\":\"BreadcrumbList\",\"@id\":\"https:\\\/\\\/safetysourcefire.ca\\\/product\\\/maxiforce-g2-air-lifting-bags\\\/#breadcrumb\",\"itemListElement\":[{\"@type\":\"ListItem\",\"position\":1,\"name\":\"Home\",\"item\":\"https:\\\/\\\/safetysourcefire.ca\\\/\"},{\"@type\":\"ListItem\",\"position\":2,\"name\":\"Products\",\"item\":\"https:\\\/\\\/safetysourcefire.ca\\\/shop\\\/\"},{\"@type\":\"ListItem\",\"position\":3,\"name\":\"Maxiforce G2 Air Lifting Bags and Sets\"}]},{\"@type\":\"WebSite\",\"@id\":\"https:\\\/\\\/safetysourcefire.ca\\\/#website\",\"url\":\"https:\\\/\\\/safetysourcefire.ca\\\/\",\"name\":\"Safety Source Fire\",\"description\":\"\",\"publisher\":{\"@id\":\"https:\\\/\\\/safetysourcefire.ca\\\/#organization\"},\"potentialAction\":[{\"@type\":\"SearchAction\",\"target\":{\"@type\":\"EntryPoint\",\"urlTemplate\":\"https:\\\/\\\/safetysourcefire.ca\\\/?s={search_term_string}\"},\"query-input\":{\"@type\":\"PropertyValueSpecification\",\"valueRequired\":true,\"valueName\":\"search_term_string\"}}],\"inLanguage\":\"fr-CA\"},{\"@type\":\"Organization\",\"@id\":\"https:\\\/\\\/safetysourcefire.ca\\\/#organization\",\"name\":\"Safety Source Fire\",\"url\":\"https:\\\/\\\/safetysourcefire.ca\\\/\",\"logo\":{\"@type\":\"ImageObject\",\"inLanguage\":\"fr-CA\",\"@id\":\"https:\\\/\\\/safetysourcefire.ca\\\/#\\\/schema\\\/logo\\\/image\\\/\",\"url\":\"https:\\\/\\\/safetysourcefire.ca\\\/wp-content\\\/uploads\\\/2021\\\/01\\\/SSF_logo_CC0000-3.png\",\"contentUrl\":\"https:\\\/\\\/safetysourcefire.ca\\\/wp-content\\\/uploads\\\/2021\\\/01\\\/SSF_logo_CC0000-3.png\",\"width\":1107,\"height\":365,\"caption\":\"Safety Source Fire\"},\"image\":{\"@id\":\"https:\\\/\\\/safetysourcefire.ca\\\/#\\\/schema\\\/logo\\\/image\\\/\"},\"sameAs\":[\"https:\\\/\\\/www.facebook.com\\\/mmfssca\",\"https:\\\/\\\/x.com\\\/mmfssca\"]}]}<\/script>\n<!-- \/ Yoast SEO plugin. -->","yoast_head_json":{"title":"Maxiforce G2 Air Lifting Bags and Sets - Safety Source Fire","robots":{"index":"index","follow":"follow","max-snippet":"max-snippet:-1","max-image-preview":"max-image-preview:large","max-video-preview":"max-video-preview:-1"},"canonical":"https:\/\/safetysourcefire.ca\/fr\/produit\/maxiforce-g2-air-lifting-bags\/","og_locale":"fr_CA","og_type":"article","og_title":"Maxiforce G2 Air Lifting Bags and Sets - Safety Source Fire","og_description":"The MAXIFORCE\u00ae AIR LIFTING BAG is a thin,\u00a0strong, molded envelope available in\u00a014 different sizes.","og_url":"https:\/\/safetysourcefire.ca\/fr\/produit\/maxiforce-g2-air-lifting-bags\/","og_site_name":"Safety Source Fire","article_publisher":"https:\/\/www.facebook.com\/mmfssca","article_modified_time":"2023-03-30T13:39:19+00:00","og_image":[{"width":600,"height":600,"url":"https:\/\/safetysourcefire.ca\/wp-content\/uploads\/2018\/02\/g2_pad.jpg","type":"image\/jpeg"}],"twitter_card":"summary_large_image","twitter_site":"@mmfssca","twitter_misc":{"Estimation du temps de lecture":"3 minutes"},"schema":{"@context":"https:\/\/schema.org","@graph":[{"@type":"WebPage","@id":"https:\/\/safetysourcefire.ca\/product\/maxiforce-g2-air-lifting-bags\/","url":"https:\/\/safetysourcefire.ca\/product\/maxiforce-g2-air-lifting-bags\/","name":"Maxiforce G2 Air Lifting Bags and Sets - Safety Source Fire","isPartOf":{"@id":"https:\/\/safetysourcefire.ca\/#website"},"primaryImageOfPage":{"@id":"https:\/\/safetysourcefire.ca\/product\/maxiforce-g2-air-lifting-bags\/#primaryimage"},"image":{"@id":"https:\/\/safetysourcefire.ca\/product\/maxiforce-g2-air-lifting-bags\/#primaryimage"},"thumbnailUrl":"https:\/\/safetysourcefire.ca\/wp-content\/uploads\/2018\/02\/g2_pad.jpg","datePublished":"2018-02-08T16:38:02+00:00","dateModified":"2023-03-30T13:39:19+00:00","breadcrumb":{"@id":"https:\/\/safetysourcefire.ca\/product\/maxiforce-g2-air-lifting-bags\/#breadcrumb"},"inLanguage":"fr-CA","potentialAction":[{"@type":"ReadAction","target":["https:\/\/safetysourcefire.ca\/product\/maxiforce-g2-air-lifting-bags\/"]}]},{"@type":"ImageObject","inLanguage":"fr-CA","@id":"https:\/\/safetysourcefire.ca\/product\/maxiforce-g2-air-lifting-bags\/#primaryimage","url":"https:\/\/safetysourcefire.ca\/wp-content\/uploads\/2018\/02\/g2_pad.jpg","contentUrl":"https:\/\/safetysourcefire.ca\/wp-content\/uploads\/2018\/02\/g2_pad.jpg","width":600,"height":600,"caption":"Air Bag"},{"@type":"BreadcrumbList","@id":"https:\/\/safetysourcefire.ca\/product\/maxiforce-g2-air-lifting-bags\/#breadcrumb","itemListElement":[{"@type":"ListItem","position":1,"name":"Home","item":"https:\/\/safetysourcefire.ca\/"},{"@type":"ListItem","position":2,"name":"Products","item":"https:\/\/safetysourcefire.ca\/shop\/"},{"@type":"ListItem","position":3,"name":"Maxiforce G2 Air Lifting Bags and Sets"}]},{"@type":"WebSite","@id":"https:\/\/safetysourcefire.ca\/#website","url":"https:\/\/safetysourcefire.ca\/","name":"Safety Source Fire","description":"","publisher":{"@id":"https:\/\/safetysourcefire.ca\/#organization"},"potentialAction":[{"@type":"SearchAction","target":{"@type":"EntryPoint","urlTemplate":"https:\/\/safetysourcefire.ca\/?s={search_term_string}"},"query-input":{"@type":"PropertyValueSpecification","valueRequired":true,"valueName":"search_term_string"}}],"inLanguage":"fr-CA"},{"@type":"Organization","@id":"https:\/\/safetysourcefire.ca\/#organization","name":"Safety Source Fire","url":"https:\/\/safetysourcefire.ca\/","logo":{"@type":"ImageObject","inLanguage":"fr-CA","@id":"https:\/\/safetysourcefire.ca\/#\/schema\/logo\/image\/","url":"https:\/\/safetysourcefire.ca\/wp-content\/uploads\/2021\/01\/SSF_logo_CC0000-3.png","contentUrl":"https:\/\/safetysourcefire.ca\/wp-content\/uploads\/2021\/01\/SSF_logo_CC0000-3.png","width":1107,"height":365,"caption":"Safety Source Fire"},"image":{"@id":"https:\/\/safetysourcefire.ca\/#\/schema\/logo\/image\/"},"sameAs":["https:\/\/www.facebook.com\/mmfssca","https:\/\/x.com\/mmfssca"]}]}},"_links":{"self":[{"href":"https:\/\/safetysourcefire.ca\/fr\/wp-json\/wp\/v2\/product\/5228","targetHints":{"allow":["GET"]}}],"collection":[{"href":"https:\/\/safetysourcefire.ca\/fr\/wp-json\/wp\/v2\/product"}],"about":[{"href":"https:\/\/safetysourcefire.ca\/fr\/wp-json\/wp\/v2\/types\/product"}],"wp:featuredmedia":[{"embeddable":true,"href":"https:\/\/safetysourcefire.ca\/fr\/wp-json\/wp\/v2\/media\/27269"}],"wp:attachment":[{"href":"https:\/\/safetysourcefire.ca\/fr\/wp-json\/wp\/v2\/media?parent=5228"}],"wp:term":[{"taxonomy":"product_brand","embeddable":true,"href":"https:\/\/safetysourcefire.ca\/fr\/wp-json\/wp\/v2\/product_brand?post=5228"},{"taxonomy":"product_cat","embeddable":true,"href":"https:\/\/safetysourcefire.ca\/fr\/wp-json\/wp\/v2\/product_cat?post=5228"},{"taxonomy":"product_tag","embeddable":true,"href":"https:\/\/safetysourcefire.ca\/fr\/wp-json\/wp\/v2\/product_tag?post=5228"}],"curies":[{"name":"wp","href":"https:\/\/api.w.org\/{rel}","templated":true}]}}