{"id":5241,"date":"2018-02-08T18:31:17","date_gmt":"2018-02-08T18:31:17","guid":{"rendered":"https:\/\/mmfss.ca\/?post_type=product&#038;p=5241"},"modified":"2021-04-08T15:13:00","modified_gmt":"2021-04-08T15:13:00","slug":"multiforce-air-lifting-bag","status":"publish","type":"product","link":"https:\/\/safetysourcefire.ca\/fr\/produit\/multiforce-air-lifting-bag\/","title":{"rendered":"Sac de levage pneumatique Multiforce"},"content":{"rendered":"<p>Plus haut. Plus s\u00e9curitaire. Plus rapide. Plus fort.<\/p>\n<p>Le sac de levage \u00e0 air Multiforce de Paratech vous permet de travailler \u00e0 un tout autre niveau. Int\u00e9grant les derni\u00e8res technologies avec une compr\u00e9hension unique du levage, Paratech a con\u00e7u le sac de levage Multiforce Air pour d\u00e9passer les attentes. Sa facilit\u00e9 d'utilisation et sa rapidit\u00e9 de d\u00e9ploiement font du sac de levage pneumatique Multiforce un choix \u00e9vident. Que l'objectif soit de sauver des vies ou de soulever des locomotives, vous serez bien \u00e9quip\u00e9 gr\u00e2ce \u00e0 cet outil. La conception en instance de brevet de Paratech garantit que la haute portance de ce syst\u00e8me peut atteindre les endroits les plus \u00e9troits possibles, tandis que la base de levage \u00e0 distance innovante maintient le personnel en toute s\u00e9curit\u00e9 \u00e0 l'\u00e9cart de la charge lors du positionnement du sac. Une fonction \u00e0 deux \u00e9tages maintient la charge stable pendant que le sac se gonfle, de sorte que la d\u00e9rive de la charge est minimis\u00e9e. De plus, des soupapes de s\u00e9curit\u00e9 sont int\u00e9gr\u00e9es dans le sac lui-m\u00eame, ce qui rend le surgonflage compl\u00e8tement impossible. Aucun couplage m\u00e9canique entre les chambres \u00e0 air signifie une ascension plus forte et plus s\u00e9curitaire. La base de levage \u00e0 distance sert \u00e9galement de dispositif de rangement pour garder le sac en s\u00e9curit\u00e9 et facile \u00e0 ranger.<\/p>\n<ul>\n<li>Surface de pr\u00e9hension en caoutchouc robuste<\/li>\n<li>Soupape de d\u00e9charge interne int\u00e9gr\u00e9e<\/li>\n<li>Fonction de levage \u00e0 deux \u00e9tages maintenant la charge stable pendant l'ascension<\/li>\n<li>Roues robustes int\u00e9gr\u00e9es pour d\u00e9placement facile<\/li>\n<li>Poign\u00e9e de placement d\u00e9tachable s'\u00e9tendant jusqu'\u00e0 50 po \/ 127 cm<\/li>\n<li>Hauteur de levage de 26 po \/ 66 cm<\/li>\n<li>Bandes haute visibilit\u00e9<\/li>\n<li>Base de placement \u00e0 distance aidant le positionnement et la stabilit\u00e9 de levage<\/li>\n<li>Poign\u00e9es lat\u00e9rales<\/li>\n<li>Conforme \u00e0 EN13731-2007<\/li>\n<\/ul>\n<p>HAUTEUR DE LEVAGE = 26 PO \/ 66 CM<br \/>\nCAPACIT\u00c9 DE LEVAGE = 31 TONNES \/ 28,1 TONNES M\u00c9TRIQUES<br \/>\nHAUTEUR D&#039;INSERTION = 4,5 PO \/ 11,4 CM<br \/>\nPOIDS=(sans dispositif de placement) <span class=\"s1\">46,2\u00a0LB \/ 21\u00a0KG<br \/>\nPOIDS=<span class=\"s2\">(avec dispositif de placement) 60,6 LBS \/ 27,5 KG<br \/>\nLONGUEUR=<\/span>(sans dispositif de placement) <span class=\"s1\">23,75 PO \/ 60,33 CM<br \/>\nLONGUEUR=<\/span>(avec dispositif de placement) <span class=\"s1\">30,71 po \/ 78 CM<br \/>\nLARGEUR=<\/span>(sans dispositif de placement) <span class=\"s1\">23,5 PO \/ 59,7 CM<br \/>\nLARGEUR = (avec dispositif de placement) 27,98 IN \/ 71,10 CM<br \/>\nFACTEUR DE S\u00c9CURIT\u00c9=<\/span>(avec dispositif de placement) <span class=\"s1\">4 \u00c0 1<br \/>\nPRESSION DE SERVICE = 150 PSI \/ 10,3 BARS<br \/>\n<\/span><\/span><\/p>\n<table class=\"t1\" cellspacing=\"0\" cellpadding=\"5\">\n<tbody>\n<tr>\n<td class=\"td1\" valign=\"top\">\n<p class=\"p2\">Num\u00e9ro de pi\u00e8ce<\/p>\n<\/td>\n<td class=\"td1\" valign=\"top\">\n<p class=\"p2\">Description<\/p>\n<\/td>\n<td class=\"td1\" valign=\"top\">\n<p class=\"p2\">Poids net<\/p>\n<p>kg<\/td>\n<td class=\"td1\" valign=\"top\">\n<p class=\"p2\">Poids net<\/p>\n<p>kg<\/td>\n<td class=\"td1\" valign=\"top\"><\/td>\n<\/tr>\n<tr>\n<td class=\"td1\" valign=\"top\">\n<p class=\"p2\">22-88D025<\/p>\n<\/td>\n<td class=\"td1\" valign=\"top\">\n<p class=\"p2\">Placement \u00e0 distance MULTIFORCE<\/p>\n<\/td>\n<td class=\"td1\" valign=\"top\">\n<p class=\"p2\">60.6<\/p>\n<\/td>\n<td class=\"td1\" valign=\"top\">\n<p class=\"p2\">27.5<\/p>\n<\/td>\n<td class=\"td1\" valign=\"top\"><\/td>\n<\/tr>\n<tr>\n<td class=\"td1\" valign=\"top\">\n<p class=\"p2\">22-88D025K<\/p>\n<\/td>\n<td class=\"td1\" valign=\"top\">\n<p class=\"p2\">Sac de trousse MULTIFORCE de placement \u00e0 distance<\/p>\n<\/td>\n<td class=\"td1\" valign=\"top\">\n<p class=\"p2\">75.44<\/p>\n<\/td>\n<td class=\"td1\" valign=\"top\">\n<p class=\"p2\">32.22<\/p>\n<\/td>\n<td class=\"td1\" valign=\"top\"><\/td>\n<\/tr>\n<\/tbody>\n<\/table>\n<p>&nbsp;<\/p>\n<p><iframe loading=\"lazy\" title=\"lecteur vid\u00e9o YouTube\" src=\"https:\/\/www.youtube.com\/embed\/AoC4XobclZs\" width=\"560\" height=\"315\" frameborder=\"0\" allowfullscreen=\"allowfullscreen\"><\/iframe><\/p>","protected":false},"excerpt":{"rendered":"<p class=\"p1\">Int\u00e9grant les derni\u00e8res technologies du march\u00e9, Paratech a con\u00e7u le sac de levage \u00e0 air MULTIFORCE pour d\u00e9passer vos attentes.<\/p>","protected":false},"featured_media":24887,"template":"","meta":[],"product_brand":[152],"product_cat":[51,133],"product_tag":[329,328],"class_list":{"0":"post-5241","1":"product","2":"type-product","3":"status-publish","4":"has-post-thumbnail","6":"product_brand-paratech","7":"product_cat-rescue","8":"product_cat-stabilization-shoring","9":"product_tag-para-tech","10":"product_tag-paratech","12":"first","13":"instock","14":"shipping-taxable","15":"product-type-simple"},"yoast_head":"<!-- This site is optimized with the Yoast SEO plugin v27.4 - https:\/\/yoast.com\/product\/yoast-seo-wordpress\/ -->\n<title>Multiforce Air Lifting Bag - Safety Source Fire<\/title>\n<meta name=\"robots\" content=\"index, follow, max-snippet:-1, max-image-preview:large, max-video-preview:-1\" \/>\n<link rel=\"canonical\" href=\"https:\/\/safetysourcefire.ca\/fr\/produit\/multiforce-air-lifting-bag\/\" \/>\n<meta property=\"og:locale\" content=\"fr_CA\" \/>\n<meta property=\"og:type\" content=\"article\" \/>\n<meta property=\"og:title\" content=\"Multiforce Air Lifting Bag - Safety Source Fire\" \/>\n<meta property=\"og:description\" content=\"Integrating the latest technology with a unique understanding of lifting, Paratech has designed the MULTIFORCE Air Lifting Bag to exceed expectations.\" \/>\n<meta property=\"og:url\" content=\"https:\/\/safetysourcefire.ca\/fr\/produit\/multiforce-air-lifting-bag\/\" \/>\n<meta property=\"og:site_name\" content=\"Safety Source Fire\" \/>\n<meta property=\"article:publisher\" content=\"https:\/\/www.facebook.com\/mmfssca\" \/>\n<meta property=\"article:modified_time\" content=\"2021-04-08T15:13:00+00:00\" \/>\n<meta property=\"og:image\" content=\"https:\/\/safetysourcefire.ca\/wp-content\/uploads\/2018\/02\/22-88D025-Remote-Placement-Multiforce_4.jpg\" \/>\n\t<meta property=\"og:image:width\" content=\"600\" \/>\n\t<meta property=\"og:image:height\" content=\"600\" \/>\n\t<meta property=\"og:image:type\" content=\"image\/jpeg\" \/>\n<meta name=\"twitter:card\" content=\"summary_large_image\" \/>\n<meta name=\"twitter:site\" content=\"@mmfssca\" \/>\n<meta name=\"twitter:label1\" content=\"Estimation du temps de lecture\" \/>\n\t<meta name=\"twitter:data1\" content=\"2 minutes\" \/>\n<script type=\"application\/ld+json\" class=\"yoast-schema-graph\">{\"@context\":\"https:\\\/\\\/schema.org\",\"@graph\":[{\"@type\":\"WebPage\",\"@id\":\"https:\\\/\\\/safetysourcefire.ca\\\/product\\\/multiforce-air-lifting-bag\\\/\",\"url\":\"https:\\\/\\\/safetysourcefire.ca\\\/product\\\/multiforce-air-lifting-bag\\\/\",\"name\":\"Multiforce Air Lifting Bag - Safety Source Fire\",\"isPartOf\":{\"@id\":\"https:\\\/\\\/safetysourcefire.ca\\\/#website\"},\"primaryImageOfPage\":{\"@id\":\"https:\\\/\\\/safetysourcefire.ca\\\/product\\\/multiforce-air-lifting-bag\\\/#primaryimage\"},\"image\":{\"@id\":\"https:\\\/\\\/safetysourcefire.ca\\\/product\\\/multiforce-air-lifting-bag\\\/#primaryimage\"},\"thumbnailUrl\":\"https:\\\/\\\/safetysourcefire.ca\\\/wp-content\\\/uploads\\\/2018\\\/02\\\/22-88D025-Remote-Placement-Multiforce_4.jpg\",\"datePublished\":\"2018-02-08T18:31:17+00:00\",\"dateModified\":\"2021-04-08T15:13:00+00:00\",\"breadcrumb\":{\"@id\":\"https:\\\/\\\/safetysourcefire.ca\\\/product\\\/multiforce-air-lifting-bag\\\/#breadcrumb\"},\"inLanguage\":\"fr-CA\",\"potentialAction\":[{\"@type\":\"ReadAction\",\"target\":[\"https:\\\/\\\/safetysourcefire.ca\\\/product\\\/multiforce-air-lifting-bag\\\/\"]}]},{\"@type\":\"ImageObject\",\"inLanguage\":\"fr-CA\",\"@id\":\"https:\\\/\\\/safetysourcefire.ca\\\/product\\\/multiforce-air-lifting-bag\\\/#primaryimage\",\"url\":\"https:\\\/\\\/safetysourcefire.ca\\\/wp-content\\\/uploads\\\/2018\\\/02\\\/22-88D025-Remote-Placement-Multiforce_4.jpg\",\"contentUrl\":\"https:\\\/\\\/safetysourcefire.ca\\\/wp-content\\\/uploads\\\/2018\\\/02\\\/22-88D025-Remote-Placement-Multiforce_4.jpg\",\"width\":600,\"height\":600,\"caption\":\"multiforce\"},{\"@type\":\"BreadcrumbList\",\"@id\":\"https:\\\/\\\/safetysourcefire.ca\\\/product\\\/multiforce-air-lifting-bag\\\/#breadcrumb\",\"itemListElement\":[{\"@type\":\"ListItem\",\"position\":1,\"name\":\"Home\",\"item\":\"https:\\\/\\\/safetysourcefire.ca\\\/\"},{\"@type\":\"ListItem\",\"position\":2,\"name\":\"Products\",\"item\":\"https:\\\/\\\/safetysourcefire.ca\\\/shop\\\/\"},{\"@type\":\"ListItem\",\"position\":3,\"name\":\"Multiforce Air Lifting Bag\"}]},{\"@type\":\"WebSite\",\"@id\":\"https:\\\/\\\/safetysourcefire.ca\\\/#website\",\"url\":\"https:\\\/\\\/safetysourcefire.ca\\\/\",\"name\":\"Safety Source Fire\",\"description\":\"\",\"publisher\":{\"@id\":\"https:\\\/\\\/safetysourcefire.ca\\\/#organization\"},\"potentialAction\":[{\"@type\":\"SearchAction\",\"target\":{\"@type\":\"EntryPoint\",\"urlTemplate\":\"https:\\\/\\\/safetysourcefire.ca\\\/?s={search_term_string}\"},\"query-input\":{\"@type\":\"PropertyValueSpecification\",\"valueRequired\":true,\"valueName\":\"search_term_string\"}}],\"inLanguage\":\"fr-CA\"},{\"@type\":\"Organization\",\"@id\":\"https:\\\/\\\/safetysourcefire.ca\\\/#organization\",\"name\":\"Safety Source Fire\",\"url\":\"https:\\\/\\\/safetysourcefire.ca\\\/\",\"logo\":{\"@type\":\"ImageObject\",\"inLanguage\":\"fr-CA\",\"@id\":\"https:\\\/\\\/safetysourcefire.ca\\\/#\\\/schema\\\/logo\\\/image\\\/\",\"url\":\"https:\\\/\\\/safetysourcefire.ca\\\/wp-content\\\/uploads\\\/2021\\\/01\\\/SSF_logo_CC0000-3.png\",\"contentUrl\":\"https:\\\/\\\/safetysourcefire.ca\\\/wp-content\\\/uploads\\\/2021\\\/01\\\/SSF_logo_CC0000-3.png\",\"width\":1107,\"height\":365,\"caption\":\"Safety Source Fire\"},\"image\":{\"@id\":\"https:\\\/\\\/safetysourcefire.ca\\\/#\\\/schema\\\/logo\\\/image\\\/\"},\"sameAs\":[\"https:\\\/\\\/www.facebook.com\\\/mmfssca\",\"https:\\\/\\\/x.com\\\/mmfssca\"]}]}<\/script>\n<!-- \/ Yoast SEO plugin. -->","yoast_head_json":{"title":"Multiforce Air Lifting Bag - Safety Source Fire","robots":{"index":"index","follow":"follow","max-snippet":"max-snippet:-1","max-image-preview":"max-image-preview:large","max-video-preview":"max-video-preview:-1"},"canonical":"https:\/\/safetysourcefire.ca\/fr\/produit\/multiforce-air-lifting-bag\/","og_locale":"fr_CA","og_type":"article","og_title":"Multiforce Air Lifting Bag - Safety Source Fire","og_description":"Integrating the latest technology with a unique understanding of lifting, Paratech has designed the MULTIFORCE Air Lifting Bag to exceed expectations.","og_url":"https:\/\/safetysourcefire.ca\/fr\/produit\/multiforce-air-lifting-bag\/","og_site_name":"Safety Source Fire","article_publisher":"https:\/\/www.facebook.com\/mmfssca","article_modified_time":"2021-04-08T15:13:00+00:00","og_image":[{"width":600,"height":600,"url":"https:\/\/safetysourcefire.ca\/wp-content\/uploads\/2018\/02\/22-88D025-Remote-Placement-Multiforce_4.jpg","type":"image\/jpeg"}],"twitter_card":"summary_large_image","twitter_site":"@mmfssca","twitter_misc":{"Estimation du temps de lecture":"2 minutes"},"schema":{"@context":"https:\/\/schema.org","@graph":[{"@type":"WebPage","@id":"https:\/\/safetysourcefire.ca\/product\/multiforce-air-lifting-bag\/","url":"https:\/\/safetysourcefire.ca\/product\/multiforce-air-lifting-bag\/","name":"Multiforce Air Lifting Bag - Safety Source Fire","isPartOf":{"@id":"https:\/\/safetysourcefire.ca\/#website"},"primaryImageOfPage":{"@id":"https:\/\/safetysourcefire.ca\/product\/multiforce-air-lifting-bag\/#primaryimage"},"image":{"@id":"https:\/\/safetysourcefire.ca\/product\/multiforce-air-lifting-bag\/#primaryimage"},"thumbnailUrl":"https:\/\/safetysourcefire.ca\/wp-content\/uploads\/2018\/02\/22-88D025-Remote-Placement-Multiforce_4.jpg","datePublished":"2018-02-08T18:31:17+00:00","dateModified":"2021-04-08T15:13:00+00:00","breadcrumb":{"@id":"https:\/\/safetysourcefire.ca\/product\/multiforce-air-lifting-bag\/#breadcrumb"},"inLanguage":"fr-CA","potentialAction":[{"@type":"ReadAction","target":["https:\/\/safetysourcefire.ca\/product\/multiforce-air-lifting-bag\/"]}]},{"@type":"ImageObject","inLanguage":"fr-CA","@id":"https:\/\/safetysourcefire.ca\/product\/multiforce-air-lifting-bag\/#primaryimage","url":"https:\/\/safetysourcefire.ca\/wp-content\/uploads\/2018\/02\/22-88D025-Remote-Placement-Multiforce_4.jpg","contentUrl":"https:\/\/safetysourcefire.ca\/wp-content\/uploads\/2018\/02\/22-88D025-Remote-Placement-Multiforce_4.jpg","width":600,"height":600,"caption":"multiforce"},{"@type":"BreadcrumbList","@id":"https:\/\/safetysourcefire.ca\/product\/multiforce-air-lifting-bag\/#breadcrumb","itemListElement":[{"@type":"ListItem","position":1,"name":"Home","item":"https:\/\/safetysourcefire.ca\/"},{"@type":"ListItem","position":2,"name":"Products","item":"https:\/\/safetysourcefire.ca\/shop\/"},{"@type":"ListItem","position":3,"name":"Multiforce Air Lifting Bag"}]},{"@type":"WebSite","@id":"https:\/\/safetysourcefire.ca\/#website","url":"https:\/\/safetysourcefire.ca\/","name":"Safety Source Fire","description":"","publisher":{"@id":"https:\/\/safetysourcefire.ca\/#organization"},"potentialAction":[{"@type":"SearchAction","target":{"@type":"EntryPoint","urlTemplate":"https:\/\/safetysourcefire.ca\/?s={search_term_string}"},"query-input":{"@type":"PropertyValueSpecification","valueRequired":true,"valueName":"search_term_string"}}],"inLanguage":"fr-CA"},{"@type":"Organization","@id":"https:\/\/safetysourcefire.ca\/#organization","name":"Safety Source Fire","url":"https:\/\/safetysourcefire.ca\/","logo":{"@type":"ImageObject","inLanguage":"fr-CA","@id":"https:\/\/safetysourcefire.ca\/#\/schema\/logo\/image\/","url":"https:\/\/safetysourcefire.ca\/wp-content\/uploads\/2021\/01\/SSF_logo_CC0000-3.png","contentUrl":"https:\/\/safetysourcefire.ca\/wp-content\/uploads\/2021\/01\/SSF_logo_CC0000-3.png","width":1107,"height":365,"caption":"Safety Source Fire"},"image":{"@id":"https:\/\/safetysourcefire.ca\/#\/schema\/logo\/image\/"},"sameAs":["https:\/\/www.facebook.com\/mmfssca","https:\/\/x.com\/mmfssca"]}]}},"_links":{"self":[{"href":"https:\/\/safetysourcefire.ca\/fr\/wp-json\/wp\/v2\/product\/5241","targetHints":{"allow":["GET"]}}],"collection":[{"href":"https:\/\/safetysourcefire.ca\/fr\/wp-json\/wp\/v2\/product"}],"about":[{"href":"https:\/\/safetysourcefire.ca\/fr\/wp-json\/wp\/v2\/types\/product"}],"wp:featuredmedia":[{"embeddable":true,"href":"https:\/\/safetysourcefire.ca\/fr\/wp-json\/wp\/v2\/media\/24887"}],"wp:attachment":[{"href":"https:\/\/safetysourcefire.ca\/fr\/wp-json\/wp\/v2\/media?parent=5241"}],"wp:term":[{"taxonomy":"product_brand","embeddable":true,"href":"https:\/\/safetysourcefire.ca\/fr\/wp-json\/wp\/v2\/product_brand?post=5241"},{"taxonomy":"product_cat","embeddable":true,"href":"https:\/\/safetysourcefire.ca\/fr\/wp-json\/wp\/v2\/product_cat?post=5241"},{"taxonomy":"product_tag","embeddable":true,"href":"https:\/\/safetysourcefire.ca\/fr\/wp-json\/wp\/v2\/product_tag?post=5241"}],"curies":[{"name":"wp","href":"https:\/\/api.w.org\/{rel}","templated":true}]}}