{"id":5272,"date":"2018-02-08T19:07:02","date_gmt":"2018-02-08T19:07:02","guid":{"rendered":"https:\/\/mmfss.ca\/?post_type=product&#038;p=5272"},"modified":"2018-03-19T14:06:02","modified_gmt":"2018-03-19T14:06:02","slug":"maxiforce-air-lifting-bag-control-kit","status":"publish","type":"product","link":"https:\/\/safetysourcefire.ca\/fr\/produit\/maxiforce-air-lifting-bag-control-kit\/","title":{"rendered":"Trousse de contr\u00f4le pour sac de levage pneumatique Maxiforce"},"content":{"rendered":"<p>Tous les \u00e9quipements de contr\u00f4le de PARATECH sont fi\u00e8rement con\u00e7us et fabriqu\u00e9s aux \u00c9tats-Unis dans les usines PARATECH.<\/p>\n<p>Con\u00e7u pour op\u00e9rer dans toutes sortes d'environnements, l'\u00e9quipement de contr\u00f4le MAXIFORCE est disponible dans un format de trousse ou en tant qu'articles individuels.<\/p>\n<p>Partie. N\u00b0 22-890351G2-150. Le kit comprend\u00a0:<\/p>\n<table class=\"t1\" cellspacing=\"0\" cellpadding=\"5\">\n<tbody>\n<tr>\n<td class=\"td1\" valign=\"top\">\n<p class=\"p2\">Quantit\u00e9<\/p>\n<\/td>\n<td class=\"td1\" valign=\"top\">\n<p class=\"p2\">Num\u00e9ro de pi\u00e8ce<\/p>\n<\/td>\n<td class=\"td1\" valign=\"top\">\n<p class=\"p2\">Description<\/p>\n<\/td>\n<\/tr>\n<tr>\n<td class=\"td1\" valign=\"top\">\n<p class=\"p2\">1<\/p>\n<\/td>\n<td class=\"td1\" valign=\"top\">\n<p class=\"p2\">22-890900G2-150<\/p>\n<\/td>\n<td class=\"td1\" valign=\"top\">\n<p class=\"p2\">Soupape de s\u00fbret\u00e9 et de contr\u00f4le - Dual Deadman Safety Relief &amp; Control Valve<\/p>\n<\/td>\n<\/tr>\n<tr>\n<td class=\"td1\" valign=\"top\">\n<p class=\"p2\">1<\/p>\n<\/td>\n<td class=\"td1\" valign=\"top\">\n<p class=\"p2\">22-895401G2<\/p>\n<\/td>\n<td class=\"td1\" valign=\"top\">\n<p class=\"p2\">R\u00e9gulateur G2 200 PSI CGS (13,8 bar) 5 500 \u2013 0 psi \/ 379,2 \u2013 0 bar CGA 347\/346 Entr\u00e9e<\/p>\n<\/td>\n<\/tr>\n<tr>\n<td class=\"td1\" valign=\"top\">\n<p class=\"p2\">1<\/p>\n<\/td>\n<td class=\"td1\" valign=\"top\">\n<p class=\"p2\">22-890513<\/p>\n<\/td>\n<td class=\"td1\" valign=\"top\">\n<p class=\"p2\">Tuyau d&#039;air 3\/8 po \/ 9,5 mm dia. x 16 pi \/ 5 m NOIR<\/p>\n<\/td>\n<\/tr>\n<tr>\n<td class=\"td1\" valign=\"top\">\n<p class=\"p2\">1<\/p>\n<\/td>\n<td class=\"td1\" valign=\"top\">\n<p class=\"p2\">22-890515<\/p>\n<\/td>\n<td class=\"td1\" valign=\"top\">\n<p class=\"p2\">Tuyau d&#039;air 3\/8 po \/ 9,5 mm dia. x 16 pi \/ 5 m JAUNE<\/p>\n<\/td>\n<\/tr>\n<tr>\n<td class=\"td1\" valign=\"top\">\n<p class=\"p2\">1<\/p>\n<\/td>\n<td class=\"td1\" valign=\"top\">\n<p class=\"p2\">22-890516<\/p>\n<\/td>\n<td class=\"td1\" valign=\"top\">\n<p class=\"p2\">Tuyau d&#039;air 3\/8 po \/ 9,5 mm dia. x 16 pi \/ 5 m ROUGE<\/p>\n<\/td>\n<\/tr>\n<\/tbody>\n<\/table>","protected":false},"excerpt":{"rendered":"<p>Les coussins de levage \u00e0 air PARATECH MAXIFORCE sont soutenus par une gamme compl\u00e8te d&#039;\u00e9quipements de contr\u00f4le de haute qualit\u00e9 et de haute r\u00e9sistance.<\/p>","protected":false},"featured_media":5266,"template":"","meta":[],"product_brand":[152],"product_cat":[51,133],"product_tag":[329,328],"class_list":{"0":"post-5272","1":"product","2":"type-product","3":"status-publish","4":"has-post-thumbnail","6":"product_brand-paratech","7":"product_cat-rescue","8":"product_cat-stabilization-shoring","9":"product_tag-para-tech","10":"product_tag-paratech","12":"first","13":"instock","14":"shipping-taxable","15":"product-type-simple"},"yoast_head":"<!-- This site is optimized with the Yoast SEO plugin v27.4 - https:\/\/yoast.com\/product\/yoast-seo-wordpress\/ -->\n<title>Maxiforce Air Lifting Bag Control Kit - Safety Source Fire<\/title>\n<meta name=\"robots\" content=\"index, follow, max-snippet:-1, max-image-preview:large, max-video-preview:-1\" \/>\n<link rel=\"canonical\" href=\"https:\/\/safetysourcefire.ca\/fr\/produit\/maxiforce-air-lifting-bag-control-kit\/\" \/>\n<meta property=\"og:locale\" content=\"fr_CA\" \/>\n<meta property=\"og:type\" content=\"article\" \/>\n<meta property=\"og:title\" content=\"Maxiforce Air Lifting Bag Control Kit - Safety Source Fire\" \/>\n<meta property=\"og:description\" content=\"PARATECH MAXIFORCE Air Lifting Bags are supported by a full line of high quality and high strength control equipment.\" \/>\n<meta property=\"og:url\" content=\"https:\/\/safetysourcefire.ca\/fr\/produit\/maxiforce-air-lifting-bag-control-kit\/\" \/>\n<meta property=\"og:site_name\" content=\"Safety Source Fire\" \/>\n<meta property=\"article:publisher\" content=\"https:\/\/www.facebook.com\/mmfssca\" \/>\n<meta property=\"article:modified_time\" content=\"2018-03-19T14:06:02+00:00\" \/>\n<meta property=\"og:image\" content=\"https:\/\/safetysourcefire.ca\/wp-content\/uploads\/2018\/02\/alb_g2_400x400_6.png\" \/>\n\t<meta property=\"og:image:width\" content=\"400\" \/>\n\t<meta property=\"og:image:height\" content=\"400\" \/>\n\t<meta property=\"og:image:type\" content=\"image\/png\" \/>\n<meta name=\"twitter:card\" content=\"summary_large_image\" \/>\n<meta name=\"twitter:site\" content=\"@mmfssca\" \/>\n<meta name=\"twitter:label1\" content=\"Estimation du temps de lecture\" \/>\n\t<meta name=\"twitter:data1\" content=\"1 minute\" \/>\n<script type=\"application\/ld+json\" class=\"yoast-schema-graph\">{\"@context\":\"https:\\\/\\\/schema.org\",\"@graph\":[{\"@type\":\"WebPage\",\"@id\":\"https:\\\/\\\/safetysourcefire.ca\\\/product\\\/maxiforce-air-lifting-bag-control-kit\\\/\",\"url\":\"https:\\\/\\\/safetysourcefire.ca\\\/product\\\/maxiforce-air-lifting-bag-control-kit\\\/\",\"name\":\"Maxiforce Air Lifting Bag Control Kit - Safety Source Fire\",\"isPartOf\":{\"@id\":\"https:\\\/\\\/safetysourcefire.ca\\\/#website\"},\"primaryImageOfPage\":{\"@id\":\"https:\\\/\\\/safetysourcefire.ca\\\/product\\\/maxiforce-air-lifting-bag-control-kit\\\/#primaryimage\"},\"image\":{\"@id\":\"https:\\\/\\\/safetysourcefire.ca\\\/product\\\/maxiforce-air-lifting-bag-control-kit\\\/#primaryimage\"},\"thumbnailUrl\":\"https:\\\/\\\/safetysourcefire.ca\\\/wp-content\\\/uploads\\\/2018\\\/02\\\/alb_g2_400x400_6.png\",\"datePublished\":\"2018-02-08T19:07:02+00:00\",\"dateModified\":\"2018-03-19T14:06:02+00:00\",\"breadcrumb\":{\"@id\":\"https:\\\/\\\/safetysourcefire.ca\\\/product\\\/maxiforce-air-lifting-bag-control-kit\\\/#breadcrumb\"},\"inLanguage\":\"fr-CA\",\"potentialAction\":[{\"@type\":\"ReadAction\",\"target\":[\"https:\\\/\\\/safetysourcefire.ca\\\/product\\\/maxiforce-air-lifting-bag-control-kit\\\/\"]}]},{\"@type\":\"ImageObject\",\"inLanguage\":\"fr-CA\",\"@id\":\"https:\\\/\\\/safetysourcefire.ca\\\/product\\\/maxiforce-air-lifting-bag-control-kit\\\/#primaryimage\",\"url\":\"https:\\\/\\\/safetysourcefire.ca\\\/wp-content\\\/uploads\\\/2018\\\/02\\\/alb_g2_400x400_6.png\",\"contentUrl\":\"https:\\\/\\\/safetysourcefire.ca\\\/wp-content\\\/uploads\\\/2018\\\/02\\\/alb_g2_400x400_6.png\",\"width\":400,\"height\":400,\"caption\":\"firefighter with deadman controller\"},{\"@type\":\"BreadcrumbList\",\"@id\":\"https:\\\/\\\/safetysourcefire.ca\\\/product\\\/maxiforce-air-lifting-bag-control-kit\\\/#breadcrumb\",\"itemListElement\":[{\"@type\":\"ListItem\",\"position\":1,\"name\":\"Home\",\"item\":\"https:\\\/\\\/safetysourcefire.ca\\\/\"},{\"@type\":\"ListItem\",\"position\":2,\"name\":\"Products\",\"item\":\"https:\\\/\\\/safetysourcefire.ca\\\/shop\\\/\"},{\"@type\":\"ListItem\",\"position\":3,\"name\":\"Maxiforce Air Lifting Bag Control Kit\"}]},{\"@type\":\"WebSite\",\"@id\":\"https:\\\/\\\/safetysourcefire.ca\\\/#website\",\"url\":\"https:\\\/\\\/safetysourcefire.ca\\\/\",\"name\":\"Safety Source Fire\",\"description\":\"\",\"publisher\":{\"@id\":\"https:\\\/\\\/safetysourcefire.ca\\\/#organization\"},\"potentialAction\":[{\"@type\":\"SearchAction\",\"target\":{\"@type\":\"EntryPoint\",\"urlTemplate\":\"https:\\\/\\\/safetysourcefire.ca\\\/?s={search_term_string}\"},\"query-input\":{\"@type\":\"PropertyValueSpecification\",\"valueRequired\":true,\"valueName\":\"search_term_string\"}}],\"inLanguage\":\"fr-CA\"},{\"@type\":\"Organization\",\"@id\":\"https:\\\/\\\/safetysourcefire.ca\\\/#organization\",\"name\":\"Safety Source Fire\",\"url\":\"https:\\\/\\\/safetysourcefire.ca\\\/\",\"logo\":{\"@type\":\"ImageObject\",\"inLanguage\":\"fr-CA\",\"@id\":\"https:\\\/\\\/safetysourcefire.ca\\\/#\\\/schema\\\/logo\\\/image\\\/\",\"url\":\"https:\\\/\\\/safetysourcefire.ca\\\/wp-content\\\/uploads\\\/2021\\\/01\\\/SSF_logo_CC0000-3.png\",\"contentUrl\":\"https:\\\/\\\/safetysourcefire.ca\\\/wp-content\\\/uploads\\\/2021\\\/01\\\/SSF_logo_CC0000-3.png\",\"width\":1107,\"height\":365,\"caption\":\"Safety Source Fire\"},\"image\":{\"@id\":\"https:\\\/\\\/safetysourcefire.ca\\\/#\\\/schema\\\/logo\\\/image\\\/\"},\"sameAs\":[\"https:\\\/\\\/www.facebook.com\\\/mmfssca\",\"https:\\\/\\\/x.com\\\/mmfssca\"]}]}<\/script>\n<!-- \/ Yoast SEO plugin. -->","yoast_head_json":{"title":"Maxiforce Air Lifting Bag Control Kit - Safety Source Fire","robots":{"index":"index","follow":"follow","max-snippet":"max-snippet:-1","max-image-preview":"max-image-preview:large","max-video-preview":"max-video-preview:-1"},"canonical":"https:\/\/safetysourcefire.ca\/fr\/produit\/maxiforce-air-lifting-bag-control-kit\/","og_locale":"fr_CA","og_type":"article","og_title":"Maxiforce Air Lifting Bag Control Kit - Safety Source Fire","og_description":"PARATECH MAXIFORCE Air Lifting Bags are supported by a full line of high quality and high strength control equipment.","og_url":"https:\/\/safetysourcefire.ca\/fr\/produit\/maxiforce-air-lifting-bag-control-kit\/","og_site_name":"Safety Source Fire","article_publisher":"https:\/\/www.facebook.com\/mmfssca","article_modified_time":"2018-03-19T14:06:02+00:00","og_image":[{"width":400,"height":400,"url":"https:\/\/safetysourcefire.ca\/wp-content\/uploads\/2018\/02\/alb_g2_400x400_6.png","type":"image\/png"}],"twitter_card":"summary_large_image","twitter_site":"@mmfssca","twitter_misc":{"Estimation du temps de lecture":"1 minute"},"schema":{"@context":"https:\/\/schema.org","@graph":[{"@type":"WebPage","@id":"https:\/\/safetysourcefire.ca\/product\/maxiforce-air-lifting-bag-control-kit\/","url":"https:\/\/safetysourcefire.ca\/product\/maxiforce-air-lifting-bag-control-kit\/","name":"Maxiforce Air Lifting Bag Control Kit - Safety Source Fire","isPartOf":{"@id":"https:\/\/safetysourcefire.ca\/#website"},"primaryImageOfPage":{"@id":"https:\/\/safetysourcefire.ca\/product\/maxiforce-air-lifting-bag-control-kit\/#primaryimage"},"image":{"@id":"https:\/\/safetysourcefire.ca\/product\/maxiforce-air-lifting-bag-control-kit\/#primaryimage"},"thumbnailUrl":"https:\/\/safetysourcefire.ca\/wp-content\/uploads\/2018\/02\/alb_g2_400x400_6.png","datePublished":"2018-02-08T19:07:02+00:00","dateModified":"2018-03-19T14:06:02+00:00","breadcrumb":{"@id":"https:\/\/safetysourcefire.ca\/product\/maxiforce-air-lifting-bag-control-kit\/#breadcrumb"},"inLanguage":"fr-CA","potentialAction":[{"@type":"ReadAction","target":["https:\/\/safetysourcefire.ca\/product\/maxiforce-air-lifting-bag-control-kit\/"]}]},{"@type":"ImageObject","inLanguage":"fr-CA","@id":"https:\/\/safetysourcefire.ca\/product\/maxiforce-air-lifting-bag-control-kit\/#primaryimage","url":"https:\/\/safetysourcefire.ca\/wp-content\/uploads\/2018\/02\/alb_g2_400x400_6.png","contentUrl":"https:\/\/safetysourcefire.ca\/wp-content\/uploads\/2018\/02\/alb_g2_400x400_6.png","width":400,"height":400,"caption":"firefighter with deadman controller"},{"@type":"BreadcrumbList","@id":"https:\/\/safetysourcefire.ca\/product\/maxiforce-air-lifting-bag-control-kit\/#breadcrumb","itemListElement":[{"@type":"ListItem","position":1,"name":"Home","item":"https:\/\/safetysourcefire.ca\/"},{"@type":"ListItem","position":2,"name":"Products","item":"https:\/\/safetysourcefire.ca\/shop\/"},{"@type":"ListItem","position":3,"name":"Maxiforce Air Lifting Bag Control Kit"}]},{"@type":"WebSite","@id":"https:\/\/safetysourcefire.ca\/#website","url":"https:\/\/safetysourcefire.ca\/","name":"Safety Source Fire","description":"","publisher":{"@id":"https:\/\/safetysourcefire.ca\/#organization"},"potentialAction":[{"@type":"SearchAction","target":{"@type":"EntryPoint","urlTemplate":"https:\/\/safetysourcefire.ca\/?s={search_term_string}"},"query-input":{"@type":"PropertyValueSpecification","valueRequired":true,"valueName":"search_term_string"}}],"inLanguage":"fr-CA"},{"@type":"Organization","@id":"https:\/\/safetysourcefire.ca\/#organization","name":"Safety Source Fire","url":"https:\/\/safetysourcefire.ca\/","logo":{"@type":"ImageObject","inLanguage":"fr-CA","@id":"https:\/\/safetysourcefire.ca\/#\/schema\/logo\/image\/","url":"https:\/\/safetysourcefire.ca\/wp-content\/uploads\/2021\/01\/SSF_logo_CC0000-3.png","contentUrl":"https:\/\/safetysourcefire.ca\/wp-content\/uploads\/2021\/01\/SSF_logo_CC0000-3.png","width":1107,"height":365,"caption":"Safety Source Fire"},"image":{"@id":"https:\/\/safetysourcefire.ca\/#\/schema\/logo\/image\/"},"sameAs":["https:\/\/www.facebook.com\/mmfssca","https:\/\/x.com\/mmfssca"]}]}},"_links":{"self":[{"href":"https:\/\/safetysourcefire.ca\/fr\/wp-json\/wp\/v2\/product\/5272","targetHints":{"allow":["GET"]}}],"collection":[{"href":"https:\/\/safetysourcefire.ca\/fr\/wp-json\/wp\/v2\/product"}],"about":[{"href":"https:\/\/safetysourcefire.ca\/fr\/wp-json\/wp\/v2\/types\/product"}],"wp:featuredmedia":[{"embeddable":true,"href":"https:\/\/safetysourcefire.ca\/fr\/wp-json\/wp\/v2\/media\/5266"}],"wp:attachment":[{"href":"https:\/\/safetysourcefire.ca\/fr\/wp-json\/wp\/v2\/media?parent=5272"}],"wp:term":[{"taxonomy":"product_brand","embeddable":true,"href":"https:\/\/safetysourcefire.ca\/fr\/wp-json\/wp\/v2\/product_brand?post=5272"},{"taxonomy":"product_cat","embeddable":true,"href":"https:\/\/safetysourcefire.ca\/fr\/wp-json\/wp\/v2\/product_cat?post=5272"},{"taxonomy":"product_tag","embeddable":true,"href":"https:\/\/safetysourcefire.ca\/fr\/wp-json\/wp\/v2\/product_tag?post=5272"}],"curies":[{"name":"wp","href":"https:\/\/api.w.org\/{rel}","templated":true}]}}