{"id":5311,"date":"2018-02-08T21:30:29","date_gmt":"2018-02-08T21:30:29","guid":{"rendered":"https:\/\/mmfss.ca\/?post_type=product&#038;p=5311"},"modified":"2018-04-11T14:12:18","modified_gmt":"2018-04-11T14:12:18","slug":"pfp-6hphnd-em-twin-honda-powered-pump","status":"publish","type":"product","link":"https:\/\/safetysourcefire.ca\/fr\/produit\/pfp-6hphnd-em-twin-honda-powered-pump\/","title":{"rendered":"Pompe haute pression PFP-6hpHND-EM-Twin"},"content":{"rendered":"<p>Propuls\u00e9 par Honda<\/p>\n<p>70 gal\/min \u00e0 10 lb\/po\u00b2<br \/>\n65 GPM @ 50 PSI<br \/>\n45 gal\/min \u00e0 100 lb\/po\u00b2<br \/>\n35 GPM @ 125 PSI<\/p>","protected":false},"excerpt":{"rendered":"<p class=\"BodyLeftDark-Gray containDesc\">Le mod\u00e8le Goliath est une pompe compacte qui offre des performances de pression \u00e9tonnantes et versatiles. \u00c9galement disponible en version antid\u00e9rapante.<\/p>","protected":false},"featured_media":5312,"template":"","meta":[],"product_brand":[186],"product_cat":[44,68],"product_tag":[268],"class_list":{"0":"post-5311","1":"product","2":"type-product","3":"status-publish","4":"has-post-thumbnail","6":"product_brand-cet","7":"product_cat-fire-suppression","8":"product_cat-portable-pumps","9":"product_tag-cet","11":"first","12":"instock","13":"shipping-taxable","14":"product-type-simple"},"yoast_head":"<!-- This site is optimized with the Yoast SEO plugin v27.4 - https:\/\/yoast.com\/product\/yoast-seo-wordpress\/ -->\n<title>High-Pressure Pump PFP-6hpHND-EM-Twin - Safety Source Fire<\/title>\n<meta name=\"robots\" content=\"index, follow, max-snippet:-1, max-image-preview:large, max-video-preview:-1\" \/>\n<link rel=\"canonical\" href=\"https:\/\/safetysourcefire.ca\/fr\/?product=pfp-6hphnd-em-twin-honda-powered-pump\" \/>\n<meta property=\"og:locale\" content=\"fr_CA\" \/>\n<meta property=\"og:type\" content=\"article\" \/>\n<meta property=\"og:title\" content=\"High-Pressure Pump PFP-6hpHND-EM-Twin - Safety Source Fire\" \/>\n<meta property=\"og:description\" content=\"The Goliath model is a compact pump that delivers amazing pressure performance so as to meet the needs of several applications. Also available in skid version\" \/>\n<meta property=\"og:url\" content=\"https:\/\/safetysourcefire.ca\/fr\/?product=pfp-6hphnd-em-twin-honda-powered-pump\" \/>\n<meta property=\"og:site_name\" content=\"Safety Source Fire\" \/>\n<meta property=\"article:publisher\" content=\"https:\/\/www.facebook.com\/mmfssca\" \/>\n<meta property=\"article:modified_time\" content=\"2018-04-11T14:12:18+00:00\" \/>\n<meta property=\"og:image\" content=\"https:\/\/safetysourcefire.ca\/wp-content\/uploads\/2018\/02\/PFP-6hpHND-EM-TWIN.jpg\" \/>\n\t<meta property=\"og:image:width\" content=\"389\" \/>\n\t<meta property=\"og:image:height\" content=\"389\" \/>\n\t<meta property=\"og:image:type\" content=\"image\/jpeg\" \/>\n<meta name=\"twitter:card\" content=\"summary_large_image\" \/>\n<meta name=\"twitter:site\" content=\"@mmfssca\" \/>\n<script type=\"application\/ld+json\" class=\"yoast-schema-graph\">{\"@context\":\"https:\\\/\\\/schema.org\",\"@graph\":[{\"@type\":\"WebPage\",\"@id\":\"https:\\\/\\\/safetysourcefire.ca\\\/?product=pfp-6hphnd-em-twin-honda-powered-pump\",\"url\":\"https:\\\/\\\/safetysourcefire.ca\\\/?product=pfp-6hphnd-em-twin-honda-powered-pump\",\"name\":\"High-Pressure Pump PFP-6hpHND-EM-Twin - Safety Source Fire\",\"isPartOf\":{\"@id\":\"https:\\\/\\\/safetysourcefire.ca\\\/#website\"},\"primaryImageOfPage\":{\"@id\":\"https:\\\/\\\/safetysourcefire.ca\\\/?product=pfp-6hphnd-em-twin-honda-powered-pump#primaryimage\"},\"image\":{\"@id\":\"https:\\\/\\\/safetysourcefire.ca\\\/?product=pfp-6hphnd-em-twin-honda-powered-pump#primaryimage\"},\"thumbnailUrl\":\"https:\\\/\\\/safetysourcefire.ca\\\/wp-content\\\/uploads\\\/2018\\\/02\\\/PFP-6hpHND-EM-TWIN.jpg\",\"datePublished\":\"2018-02-08T21:30:29+00:00\",\"dateModified\":\"2018-04-11T14:12:18+00:00\",\"breadcrumb\":{\"@id\":\"https:\\\/\\\/safetysourcefire.ca\\\/?product=pfp-6hphnd-em-twin-honda-powered-pump#breadcrumb\"},\"inLanguage\":\"fr-CA\",\"potentialAction\":[{\"@type\":\"ReadAction\",\"target\":[\"https:\\\/\\\/safetysourcefire.ca\\\/?product=pfp-6hphnd-em-twin-honda-powered-pump\"]}]},{\"@type\":\"ImageObject\",\"inLanguage\":\"fr-CA\",\"@id\":\"https:\\\/\\\/safetysourcefire.ca\\\/?product=pfp-6hphnd-em-twin-honda-powered-pump#primaryimage\",\"url\":\"https:\\\/\\\/safetysourcefire.ca\\\/wp-content\\\/uploads\\\/2018\\\/02\\\/PFP-6hpHND-EM-TWIN.jpg\",\"contentUrl\":\"https:\\\/\\\/safetysourcefire.ca\\\/wp-content\\\/uploads\\\/2018\\\/02\\\/PFP-6hpHND-EM-TWIN.jpg\",\"width\":389,\"height\":389,\"caption\":\"portable pump\"},{\"@type\":\"BreadcrumbList\",\"@id\":\"https:\\\/\\\/safetysourcefire.ca\\\/?product=pfp-6hphnd-em-twin-honda-powered-pump#breadcrumb\",\"itemListElement\":[{\"@type\":\"ListItem\",\"position\":1,\"name\":\"Home\",\"item\":\"https:\\\/\\\/safetysourcefire.ca\\\/\"},{\"@type\":\"ListItem\",\"position\":2,\"name\":\"Products\",\"item\":\"https:\\\/\\\/safetysourcefire.ca\\\/shop\\\/\"},{\"@type\":\"ListItem\",\"position\":3,\"name\":\"High-Pressure Pump PFP-6hpHND-EM-Twin\"}]},{\"@type\":\"WebSite\",\"@id\":\"https:\\\/\\\/safetysourcefire.ca\\\/#website\",\"url\":\"https:\\\/\\\/safetysourcefire.ca\\\/\",\"name\":\"Safety Source Fire\",\"description\":\"\",\"publisher\":{\"@id\":\"https:\\\/\\\/safetysourcefire.ca\\\/#organization\"},\"potentialAction\":[{\"@type\":\"SearchAction\",\"target\":{\"@type\":\"EntryPoint\",\"urlTemplate\":\"https:\\\/\\\/safetysourcefire.ca\\\/?s={search_term_string}\"},\"query-input\":{\"@type\":\"PropertyValueSpecification\",\"valueRequired\":true,\"valueName\":\"search_term_string\"}}],\"inLanguage\":\"fr-CA\"},{\"@type\":\"Organization\",\"@id\":\"https:\\\/\\\/safetysourcefire.ca\\\/#organization\",\"name\":\"Safety Source Fire\",\"url\":\"https:\\\/\\\/safetysourcefire.ca\\\/\",\"logo\":{\"@type\":\"ImageObject\",\"inLanguage\":\"fr-CA\",\"@id\":\"https:\\\/\\\/safetysourcefire.ca\\\/#\\\/schema\\\/logo\\\/image\\\/\",\"url\":\"https:\\\/\\\/safetysourcefire.ca\\\/wp-content\\\/uploads\\\/2021\\\/01\\\/SSF_logo_CC0000-3.png\",\"contentUrl\":\"https:\\\/\\\/safetysourcefire.ca\\\/wp-content\\\/uploads\\\/2021\\\/01\\\/SSF_logo_CC0000-3.png\",\"width\":1107,\"height\":365,\"caption\":\"Safety Source Fire\"},\"image\":{\"@id\":\"https:\\\/\\\/safetysourcefire.ca\\\/#\\\/schema\\\/logo\\\/image\\\/\"},\"sameAs\":[\"https:\\\/\\\/www.facebook.com\\\/mmfssca\",\"https:\\\/\\\/x.com\\\/mmfssca\"]}]}<\/script>\n<!-- \/ Yoast SEO plugin. -->","yoast_head_json":{"title":"High-Pressure Pump PFP-6hpHND-EM-Twin - Safety Source Fire","robots":{"index":"index","follow":"follow","max-snippet":"max-snippet:-1","max-image-preview":"max-image-preview:large","max-video-preview":"max-video-preview:-1"},"canonical":"https:\/\/safetysourcefire.ca\/fr\/?product=pfp-6hphnd-em-twin-honda-powered-pump","og_locale":"fr_CA","og_type":"article","og_title":"High-Pressure Pump PFP-6hpHND-EM-Twin - Safety Source Fire","og_description":"The Goliath model is a compact pump that delivers amazing pressure performance so as to meet the needs of several applications. Also available in skid version","og_url":"https:\/\/safetysourcefire.ca\/fr\/?product=pfp-6hphnd-em-twin-honda-powered-pump","og_site_name":"Safety Source Fire","article_publisher":"https:\/\/www.facebook.com\/mmfssca","article_modified_time":"2018-04-11T14:12:18+00:00","og_image":[{"width":389,"height":389,"url":"https:\/\/safetysourcefire.ca\/wp-content\/uploads\/2018\/02\/PFP-6hpHND-EM-TWIN.jpg","type":"image\/jpeg"}],"twitter_card":"summary_large_image","twitter_site":"@mmfssca","schema":{"@context":"https:\/\/schema.org","@graph":[{"@type":"WebPage","@id":"https:\/\/safetysourcefire.ca\/?product=pfp-6hphnd-em-twin-honda-powered-pump","url":"https:\/\/safetysourcefire.ca\/?product=pfp-6hphnd-em-twin-honda-powered-pump","name":"High-Pressure Pump PFP-6hpHND-EM-Twin - Safety Source Fire","isPartOf":{"@id":"https:\/\/safetysourcefire.ca\/#website"},"primaryImageOfPage":{"@id":"https:\/\/safetysourcefire.ca\/?product=pfp-6hphnd-em-twin-honda-powered-pump#primaryimage"},"image":{"@id":"https:\/\/safetysourcefire.ca\/?product=pfp-6hphnd-em-twin-honda-powered-pump#primaryimage"},"thumbnailUrl":"https:\/\/safetysourcefire.ca\/wp-content\/uploads\/2018\/02\/PFP-6hpHND-EM-TWIN.jpg","datePublished":"2018-02-08T21:30:29+00:00","dateModified":"2018-04-11T14:12:18+00:00","breadcrumb":{"@id":"https:\/\/safetysourcefire.ca\/?product=pfp-6hphnd-em-twin-honda-powered-pump#breadcrumb"},"inLanguage":"fr-CA","potentialAction":[{"@type":"ReadAction","target":["https:\/\/safetysourcefire.ca\/?product=pfp-6hphnd-em-twin-honda-powered-pump"]}]},{"@type":"ImageObject","inLanguage":"fr-CA","@id":"https:\/\/safetysourcefire.ca\/?product=pfp-6hphnd-em-twin-honda-powered-pump#primaryimage","url":"https:\/\/safetysourcefire.ca\/wp-content\/uploads\/2018\/02\/PFP-6hpHND-EM-TWIN.jpg","contentUrl":"https:\/\/safetysourcefire.ca\/wp-content\/uploads\/2018\/02\/PFP-6hpHND-EM-TWIN.jpg","width":389,"height":389,"caption":"portable pump"},{"@type":"BreadcrumbList","@id":"https:\/\/safetysourcefire.ca\/?product=pfp-6hphnd-em-twin-honda-powered-pump#breadcrumb","itemListElement":[{"@type":"ListItem","position":1,"name":"Home","item":"https:\/\/safetysourcefire.ca\/"},{"@type":"ListItem","position":2,"name":"Products","item":"https:\/\/safetysourcefire.ca\/shop\/"},{"@type":"ListItem","position":3,"name":"High-Pressure Pump PFP-6hpHND-EM-Twin"}]},{"@type":"WebSite","@id":"https:\/\/safetysourcefire.ca\/#website","url":"https:\/\/safetysourcefire.ca\/","name":"Safety Source Fire","description":"","publisher":{"@id":"https:\/\/safetysourcefire.ca\/#organization"},"potentialAction":[{"@type":"SearchAction","target":{"@type":"EntryPoint","urlTemplate":"https:\/\/safetysourcefire.ca\/?s={search_term_string}"},"query-input":{"@type":"PropertyValueSpecification","valueRequired":true,"valueName":"search_term_string"}}],"inLanguage":"fr-CA"},{"@type":"Organization","@id":"https:\/\/safetysourcefire.ca\/#organization","name":"Safety Source Fire","url":"https:\/\/safetysourcefire.ca\/","logo":{"@type":"ImageObject","inLanguage":"fr-CA","@id":"https:\/\/safetysourcefire.ca\/#\/schema\/logo\/image\/","url":"https:\/\/safetysourcefire.ca\/wp-content\/uploads\/2021\/01\/SSF_logo_CC0000-3.png","contentUrl":"https:\/\/safetysourcefire.ca\/wp-content\/uploads\/2021\/01\/SSF_logo_CC0000-3.png","width":1107,"height":365,"caption":"Safety Source Fire"},"image":{"@id":"https:\/\/safetysourcefire.ca\/#\/schema\/logo\/image\/"},"sameAs":["https:\/\/www.facebook.com\/mmfssca","https:\/\/x.com\/mmfssca"]}]}},"_links":{"self":[{"href":"https:\/\/safetysourcefire.ca\/fr\/wp-json\/wp\/v2\/product\/5311","targetHints":{"allow":["GET"]}}],"collection":[{"href":"https:\/\/safetysourcefire.ca\/fr\/wp-json\/wp\/v2\/product"}],"about":[{"href":"https:\/\/safetysourcefire.ca\/fr\/wp-json\/wp\/v2\/types\/product"}],"wp:featuredmedia":[{"embeddable":true,"href":"https:\/\/safetysourcefire.ca\/fr\/wp-json\/wp\/v2\/media\/5312"}],"wp:attachment":[{"href":"https:\/\/safetysourcefire.ca\/fr\/wp-json\/wp\/v2\/media?parent=5311"}],"wp:term":[{"taxonomy":"product_brand","embeddable":true,"href":"https:\/\/safetysourcefire.ca\/fr\/wp-json\/wp\/v2\/product_brand?post=5311"},{"taxonomy":"product_cat","embeddable":true,"href":"https:\/\/safetysourcefire.ca\/fr\/wp-json\/wp\/v2\/product_cat?post=5311"},{"taxonomy":"product_tag","embeddable":true,"href":"https:\/\/safetysourcefire.ca\/fr\/wp-json\/wp\/v2\/product_tag?post=5311"}],"curies":[{"name":"wp","href":"https:\/\/api.w.org\/{rel}","templated":true}]}}