{"id":5317,"date":"2018-02-08T21:47:55","date_gmt":"2018-02-08T21:47:55","guid":{"rendered":"https:\/\/mmfss.ca\/?post_type=product&#038;p=5317"},"modified":"2018-03-19T13:07:16","modified_gmt":"2018-03-19T13:07:16","slug":"high-volume-pump-pfp-10hp-dsl","status":"publish","type":"product","link":"https:\/\/safetysourcefire.ca\/fr\/produit\/high-volume-pump-pfp-10hp-dsl\/","title":{"rendered":"Pompe \u00e0 grand volume PFP-10HP-DSL"},"content":{"rendered":"<p class=\"BodyLeftDark-Gray containDesc\">La pompe \u00e0 moteur diesel donne plus de 275 gpm et peut monter jusqu'\u00e0 90 psi. Le moteur et la pompe sont mont\u00e9s sur un cadre de protection en acier avec poign\u00e9es rabattables. Version marine disponible avec cadre en acier inoxydable, corps de pompe anodis\u00e9 et moteur adapt\u00e9.<\/p>\n<p class=\"BodyLeftDark-Gray fw900\">Aussi disponible en version mont\u00e9e.<\/p>\n<p>250 GPM @ 10 PSI<br \/>\n230 GPM @ 25 PSI<br \/>\n165 GPM @ 50 PSI<br \/>\n115 GPM @ 75 PSI<br \/>\n70 gal\/min \u00e0 85 lb\/po\u00b2<\/p>","protected":false},"excerpt":{"rendered":"<p class=\"BodyLeftDark-Gray containDesc\">Il s'agit d'une pompe diesel de haute qualit\u00e9.<\/p>","protected":false},"featured_media":5318,"template":"","meta":[],"product_brand":[186],"product_cat":[44,68],"product_tag":[270,269,268,271],"class_list":{"0":"post-5317","1":"product","2":"type-product","3":"status-publish","4":"has-post-thumbnail","6":"product_brand-cet","7":"product_cat-fire-suppression","8":"product_cat-portable-pumps","9":"product_tag-c-e-t","10":"product_tag-c-e-t-pumps","11":"product_tag-cet","12":"product_tag-pumps","14":"first","15":"instock","16":"shipping-taxable","17":"product-type-simple"},"yoast_head":"<!-- This site is optimized with the Yoast SEO plugin v27.5 - https:\/\/yoast.com\/product\/yoast-seo-wordpress\/ -->\n<title>High-Volume Pump PFP-10HP-DSL - Safety Source Fire<\/title>\n<meta name=\"robots\" content=\"index, follow, max-snippet:-1, max-image-preview:large, max-video-preview:-1\" \/>\n<link rel=\"canonical\" href=\"https:\/\/safetysourcefire.ca\/fr\/?product=high-volume-pump-pfp-10hp-dsl\" \/>\n<meta property=\"og:locale\" content=\"fr_CA\" \/>\n<meta property=\"og:type\" content=\"article\" \/>\n<meta property=\"og:title\" content=\"High-Volume Pump PFP-10HP-DSL - Safety Source Fire\" \/>\n<meta property=\"og:description\" content=\"This is a high quality design diesel-powered pump.\" \/>\n<meta property=\"og:url\" content=\"https:\/\/safetysourcefire.ca\/fr\/?product=high-volume-pump-pfp-10hp-dsl\" \/>\n<meta property=\"og:site_name\" content=\"Safety Source Fire\" \/>\n<meta property=\"article:publisher\" content=\"https:\/\/www.facebook.com\/mmfssca\" \/>\n<meta property=\"article:modified_time\" content=\"2018-03-19T13:07:16+00:00\" \/>\n<meta property=\"og:image\" content=\"https:\/\/safetysourcefire.ca\/wp-content\/uploads\/2018\/02\/PFP-10hp-DSL_2015.jpg\" \/>\n\t<meta property=\"og:image:width\" content=\"377\" \/>\n\t<meta property=\"og:image:height\" content=\"389\" \/>\n\t<meta property=\"og:image:type\" content=\"image\/jpeg\" \/>\n<meta name=\"twitter:card\" content=\"summary_large_image\" \/>\n<meta name=\"twitter:site\" content=\"@mmfssca\" \/>\n<script type=\"application\/ld+json\" class=\"yoast-schema-graph\">{\"@context\":\"https:\\\/\\\/schema.org\",\"@graph\":[{\"@type\":\"WebPage\",\"@id\":\"https:\\\/\\\/safetysourcefire.ca\\\/?product=high-volume-pump-pfp-10hp-dsl\",\"url\":\"https:\\\/\\\/safetysourcefire.ca\\\/?product=high-volume-pump-pfp-10hp-dsl\",\"name\":\"High-Volume Pump PFP-10HP-DSL - Safety Source Fire\",\"isPartOf\":{\"@id\":\"https:\\\/\\\/safetysourcefire.ca\\\/#website\"},\"primaryImageOfPage\":{\"@id\":\"https:\\\/\\\/safetysourcefire.ca\\\/?product=high-volume-pump-pfp-10hp-dsl#primaryimage\"},\"image\":{\"@id\":\"https:\\\/\\\/safetysourcefire.ca\\\/?product=high-volume-pump-pfp-10hp-dsl#primaryimage\"},\"thumbnailUrl\":\"https:\\\/\\\/safetysourcefire.ca\\\/wp-content\\\/uploads\\\/2018\\\/02\\\/PFP-10hp-DSL_2015.jpg\",\"datePublished\":\"2018-02-08T21:47:55+00:00\",\"dateModified\":\"2018-03-19T13:07:16+00:00\",\"breadcrumb\":{\"@id\":\"https:\\\/\\\/safetysourcefire.ca\\\/?product=high-volume-pump-pfp-10hp-dsl#breadcrumb\"},\"inLanguage\":\"fr-CA\",\"potentialAction\":[{\"@type\":\"ReadAction\",\"target\":[\"https:\\\/\\\/safetysourcefire.ca\\\/?product=high-volume-pump-pfp-10hp-dsl\"]}]},{\"@type\":\"ImageObject\",\"inLanguage\":\"fr-CA\",\"@id\":\"https:\\\/\\\/safetysourcefire.ca\\\/?product=high-volume-pump-pfp-10hp-dsl#primaryimage\",\"url\":\"https:\\\/\\\/safetysourcefire.ca\\\/wp-content\\\/uploads\\\/2018\\\/02\\\/PFP-10hp-DSL_2015.jpg\",\"contentUrl\":\"https:\\\/\\\/safetysourcefire.ca\\\/wp-content\\\/uploads\\\/2018\\\/02\\\/PFP-10hp-DSL_2015.jpg\",\"width\":377,\"height\":389,\"caption\":\"pump\"},{\"@type\":\"BreadcrumbList\",\"@id\":\"https:\\\/\\\/safetysourcefire.ca\\\/?product=high-volume-pump-pfp-10hp-dsl#breadcrumb\",\"itemListElement\":[{\"@type\":\"ListItem\",\"position\":1,\"name\":\"Home\",\"item\":\"https:\\\/\\\/safetysourcefire.ca\\\/\"},{\"@type\":\"ListItem\",\"position\":2,\"name\":\"Products\",\"item\":\"https:\\\/\\\/safetysourcefire.ca\\\/shop\\\/\"},{\"@type\":\"ListItem\",\"position\":3,\"name\":\"High-Volume Pump PFP-10HP-DSL\"}]},{\"@type\":\"WebSite\",\"@id\":\"https:\\\/\\\/safetysourcefire.ca\\\/#website\",\"url\":\"https:\\\/\\\/safetysourcefire.ca\\\/\",\"name\":\"Safety Source Fire\",\"description\":\"\",\"publisher\":{\"@id\":\"https:\\\/\\\/safetysourcefire.ca\\\/#organization\"},\"potentialAction\":[{\"@type\":\"SearchAction\",\"target\":{\"@type\":\"EntryPoint\",\"urlTemplate\":\"https:\\\/\\\/safetysourcefire.ca\\\/?s={search_term_string}\"},\"query-input\":{\"@type\":\"PropertyValueSpecification\",\"valueRequired\":true,\"valueName\":\"search_term_string\"}}],\"inLanguage\":\"fr-CA\"},{\"@type\":\"Organization\",\"@id\":\"https:\\\/\\\/safetysourcefire.ca\\\/#organization\",\"name\":\"Safety Source Fire\",\"url\":\"https:\\\/\\\/safetysourcefire.ca\\\/\",\"logo\":{\"@type\":\"ImageObject\",\"inLanguage\":\"fr-CA\",\"@id\":\"https:\\\/\\\/safetysourcefire.ca\\\/#\\\/schema\\\/logo\\\/image\\\/\",\"url\":\"https:\\\/\\\/safetysourcefire.ca\\\/wp-content\\\/uploads\\\/2021\\\/01\\\/SSF_logo_CC0000-3.png\",\"contentUrl\":\"https:\\\/\\\/safetysourcefire.ca\\\/wp-content\\\/uploads\\\/2021\\\/01\\\/SSF_logo_CC0000-3.png\",\"width\":1107,\"height\":365,\"caption\":\"Safety Source Fire\"},\"image\":{\"@id\":\"https:\\\/\\\/safetysourcefire.ca\\\/#\\\/schema\\\/logo\\\/image\\\/\"},\"sameAs\":[\"https:\\\/\\\/www.facebook.com\\\/mmfssca\",\"https:\\\/\\\/x.com\\\/mmfssca\"]}]}<\/script>\n<!-- \/ Yoast SEO plugin. -->","yoast_head_json":{"title":"Pompe \u00e0 haut d\u00e9bit PFP-10HP-DSL - Source de s\u00e9curit\u00e9 incendie","robots":{"index":"index","follow":"follow","max-snippet":"max-snippet:-1","max-image-preview":"max-image-preview:large","max-video-preview":"max-video-preview:-1"},"canonical":"https:\/\/safetysourcefire.ca\/fr\/?product=high-volume-pump-pfp-10hp-dsl","og_locale":"fr_CA","og_type":"article","og_title":"High-Volume Pump PFP-10HP-DSL - Safety Source Fire","og_description":"This is a high quality design diesel-powered pump.","og_url":"https:\/\/safetysourcefire.ca\/fr\/?product=high-volume-pump-pfp-10hp-dsl","og_site_name":"Safety Source Fire","article_publisher":"https:\/\/www.facebook.com\/mmfssca","article_modified_time":"2018-03-19T13:07:16+00:00","og_image":[{"width":377,"height":389,"url":"https:\/\/safetysourcefire.ca\/wp-content\/uploads\/2018\/02\/PFP-10hp-DSL_2015.jpg","type":"image\/jpeg"}],"twitter_card":"summary_large_image","twitter_site":"@mmfssca","schema":{"@context":"https:\/\/schema.org","@graph":[{"@type":"WebPage","@id":"https:\/\/safetysourcefire.ca\/?product=high-volume-pump-pfp-10hp-dsl","url":"https:\/\/safetysourcefire.ca\/?product=high-volume-pump-pfp-10hp-dsl","name":"Pompe \u00e0 haut d\u00e9bit PFP-10HP-DSL - Source de s\u00e9curit\u00e9 incendie","isPartOf":{"@id":"https:\/\/safetysourcefire.ca\/#website"},"primaryImageOfPage":{"@id":"https:\/\/safetysourcefire.ca\/?product=high-volume-pump-pfp-10hp-dsl#primaryimage"},"image":{"@id":"https:\/\/safetysourcefire.ca\/?product=high-volume-pump-pfp-10hp-dsl#primaryimage"},"thumbnailUrl":"https:\/\/safetysourcefire.ca\/wp-content\/uploads\/2018\/02\/PFP-10hp-DSL_2015.jpg","datePublished":"2018-02-08T21:47:55+00:00","dateModified":"2018-03-19T13:07:16+00:00","breadcrumb":{"@id":"https:\/\/safetysourcefire.ca\/?product=high-volume-pump-pfp-10hp-dsl#breadcrumb"},"inLanguage":"fr-CA","potentialAction":[{"@type":"ReadAction","target":["https:\/\/safetysourcefire.ca\/?product=high-volume-pump-pfp-10hp-dsl"]}]},{"@type":"ImageObject","inLanguage":"fr-CA","@id":"https:\/\/safetysourcefire.ca\/?product=high-volume-pump-pfp-10hp-dsl#primaryimage","url":"https:\/\/safetysourcefire.ca\/wp-content\/uploads\/2018\/02\/PFP-10hp-DSL_2015.jpg","contentUrl":"https:\/\/safetysourcefire.ca\/wp-content\/uploads\/2018\/02\/PFP-10hp-DSL_2015.jpg","width":377,"height":389,"caption":"pump"},{"@type":"BreadcrumbList","@id":"https:\/\/safetysourcefire.ca\/?product=high-volume-pump-pfp-10hp-dsl#breadcrumb","itemListElement":[{"@type":"ListItem","position":1,"name":"Home","item":"https:\/\/safetysourcefire.ca\/"},{"@type":"ListItem","position":2,"name":"Products","item":"https:\/\/safetysourcefire.ca\/shop\/"},{"@type":"ListItem","position":3,"name":"High-Volume Pump PFP-10HP-DSL"}]},{"@type":"WebSite","@id":"https:\/\/safetysourcefire.ca\/#website","url":"https:\/\/safetysourcefire.ca\/","name":"Safety Source Fire","description":"","publisher":{"@id":"https:\/\/safetysourcefire.ca\/#organization"},"potentialAction":[{"@type":"SearchAction","target":{"@type":"EntryPoint","urlTemplate":"https:\/\/safetysourcefire.ca\/?s={search_term_string}"},"query-input":{"@type":"PropertyValueSpecification","valueRequired":true,"valueName":"search_term_string"}}],"inLanguage":"fr-CA"},{"@type":"Organization","@id":"https:\/\/safetysourcefire.ca\/#organization","name":"Safety Source Fire","url":"https:\/\/safetysourcefire.ca\/","logo":{"@type":"ImageObject","inLanguage":"fr-CA","@id":"https:\/\/safetysourcefire.ca\/#\/schema\/logo\/image\/","url":"https:\/\/safetysourcefire.ca\/wp-content\/uploads\/2021\/01\/SSF_logo_CC0000-3.png","contentUrl":"https:\/\/safetysourcefire.ca\/wp-content\/uploads\/2021\/01\/SSF_logo_CC0000-3.png","width":1107,"height":365,"caption":"Safety Source Fire"},"image":{"@id":"https:\/\/safetysourcefire.ca\/#\/schema\/logo\/image\/"},"sameAs":["https:\/\/www.facebook.com\/mmfssca","https:\/\/x.com\/mmfssca"]}]}},"_links":{"self":[{"href":"https:\/\/safetysourcefire.ca\/fr\/wp-json\/wp\/v2\/product\/5317","targetHints":{"allow":["GET"]}}],"collection":[{"href":"https:\/\/safetysourcefire.ca\/fr\/wp-json\/wp\/v2\/product"}],"about":[{"href":"https:\/\/safetysourcefire.ca\/fr\/wp-json\/wp\/v2\/types\/product"}],"wp:featuredmedia":[{"embeddable":true,"href":"https:\/\/safetysourcefire.ca\/fr\/wp-json\/wp\/v2\/media\/5318"}],"wp:attachment":[{"href":"https:\/\/safetysourcefire.ca\/fr\/wp-json\/wp\/v2\/media?parent=5317"}],"wp:term":[{"taxonomy":"product_brand","embeddable":true,"href":"https:\/\/safetysourcefire.ca\/fr\/wp-json\/wp\/v2\/product_brand?post=5317"},{"taxonomy":"product_cat","embeddable":true,"href":"https:\/\/safetysourcefire.ca\/fr\/wp-json\/wp\/v2\/product_cat?post=5317"},{"taxonomy":"product_tag","embeddable":true,"href":"https:\/\/safetysourcefire.ca\/fr\/wp-json\/wp\/v2\/product_tag?post=5317"}],"curies":[{"name":"wp","href":"https:\/\/api.w.org\/{rel}","templated":true}]}}