{"id":5323,"date":"2018-02-08T21:59:12","date_gmt":"2018-02-08T21:59:12","guid":{"rendered":"https:\/\/mmfss.ca\/?post_type=product&#038;p=5323"},"modified":"2018-03-19T13:07:14","modified_gmt":"2018-03-19T13:07:14","slug":"de-watering-pump-pfp-14hpkhl-em-1d","status":"publish","type":"product","link":"https:\/\/safetysourcefire.ca\/fr\/produit\/de-watering-pump-pfp-14hpkhl-em-1d\/","title":{"rendered":"Pompe \u00e0 incendie \u00e0 grand volume PFP-14hpKHL-EM-1D"},"content":{"rendered":"<p>Pompe d&#039;ass\u00e8chement<\/p>\n<p>375 gal\/min \u00e0 5 psi<br \/>\n350 gal\/min \u00e0 10 psi<br \/>\n300 GPM @ 25 PSI<br \/>\n200 GPM @ 50 PSI<br \/>\n90 gal\/min \u00e0 75 psi<\/p>","protected":false},"excerpt":{"rendered":"<p>Cette pompe est l&#039;outil id\u00e9al pour remplir votre appareil d&#039;incendie, alimenter votre appareil ou transporter de l&#039;eau sur une longue distance.<\/p>","protected":false},"featured_media":5324,"template":"","meta":[],"product_brand":[186],"product_cat":[44,68],"product_tag":[270,269,268,271],"class_list":{"0":"post-5323","1":"product","2":"type-product","3":"status-publish","4":"has-post-thumbnail","6":"product_brand-cet","7":"product_cat-fire-suppression","8":"product_cat-portable-pumps","9":"product_tag-c-e-t","10":"product_tag-c-e-t-pumps","11":"product_tag-cet","12":"product_tag-pumps","14":"first","15":"instock","16":"shipping-taxable","17":"product-type-simple"},"yoast_head":"<!-- This site is optimized with the Yoast SEO plugin v27.4 - https:\/\/yoast.com\/product\/yoast-seo-wordpress\/ -->\n<title>High-Volume Pump-Fire Pump PFP-14hpKHL-EM-1D - Safety Source Fire<\/title>\n<meta name=\"robots\" content=\"index, follow, max-snippet:-1, max-image-preview:large, max-video-preview:-1\" \/>\n<link rel=\"canonical\" href=\"https:\/\/safetysourcefire.ca\/fr\/?product=de-watering-pump-pfp-14hpkhl-em-1d\" \/>\n<meta property=\"og:locale\" content=\"fr_CA\" \/>\n<meta property=\"og:type\" content=\"article\" \/>\n<meta property=\"og:title\" content=\"High-Volume Pump-Fire Pump PFP-14hpKHL-EM-1D - Safety Source Fire\" \/>\n<meta property=\"og:description\" content=\"This pump is the ideal tool to fill your fire apparatus, supply your apparatus or carry water over a long distance.\" \/>\n<meta property=\"og:url\" content=\"https:\/\/safetysourcefire.ca\/fr\/?product=de-watering-pump-pfp-14hpkhl-em-1d\" \/>\n<meta property=\"og:site_name\" content=\"Safety Source Fire\" \/>\n<meta property=\"article:publisher\" content=\"https:\/\/www.facebook.com\/mmfssca\" \/>\n<meta property=\"article:modified_time\" content=\"2018-03-19T13:07:14+00:00\" \/>\n<meta property=\"og:image\" content=\"https:\/\/safetysourcefire.ca\/wp-content\/uploads\/2018\/02\/PFP-14hpKHL-EM-1D.jpg\" \/>\n\t<meta property=\"og:image:width\" content=\"389\" \/>\n\t<meta property=\"og:image:height\" content=\"343\" \/>\n\t<meta property=\"og:image:type\" content=\"image\/jpeg\" \/>\n<meta name=\"twitter:card\" content=\"summary_large_image\" \/>\n<meta name=\"twitter:site\" content=\"@mmfssca\" \/>\n<script type=\"application\/ld+json\" class=\"yoast-schema-graph\">{\"@context\":\"https:\\\/\\\/schema.org\",\"@graph\":[{\"@type\":\"WebPage\",\"@id\":\"https:\\\/\\\/safetysourcefire.ca\\\/?product=de-watering-pump-pfp-14hpkhl-em-1d\",\"url\":\"https:\\\/\\\/safetysourcefire.ca\\\/?product=de-watering-pump-pfp-14hpkhl-em-1d\",\"name\":\"High-Volume Pump-Fire Pump PFP-14hpKHL-EM-1D - Safety Source Fire\",\"isPartOf\":{\"@id\":\"https:\\\/\\\/safetysourcefire.ca\\\/#website\"},\"primaryImageOfPage\":{\"@id\":\"https:\\\/\\\/safetysourcefire.ca\\\/?product=de-watering-pump-pfp-14hpkhl-em-1d#primaryimage\"},\"image\":{\"@id\":\"https:\\\/\\\/safetysourcefire.ca\\\/?product=de-watering-pump-pfp-14hpkhl-em-1d#primaryimage\"},\"thumbnailUrl\":\"https:\\\/\\\/safetysourcefire.ca\\\/wp-content\\\/uploads\\\/2018\\\/02\\\/PFP-14hpKHL-EM-1D.jpg\",\"datePublished\":\"2018-02-08T21:59:12+00:00\",\"dateModified\":\"2018-03-19T13:07:14+00:00\",\"breadcrumb\":{\"@id\":\"https:\\\/\\\/safetysourcefire.ca\\\/?product=de-watering-pump-pfp-14hpkhl-em-1d#breadcrumb\"},\"inLanguage\":\"fr-CA\",\"potentialAction\":[{\"@type\":\"ReadAction\",\"target\":[\"https:\\\/\\\/safetysourcefire.ca\\\/?product=de-watering-pump-pfp-14hpkhl-em-1d\"]}]},{\"@type\":\"ImageObject\",\"inLanguage\":\"fr-CA\",\"@id\":\"https:\\\/\\\/safetysourcefire.ca\\\/?product=de-watering-pump-pfp-14hpkhl-em-1d#primaryimage\",\"url\":\"https:\\\/\\\/safetysourcefire.ca\\\/wp-content\\\/uploads\\\/2018\\\/02\\\/PFP-14hpKHL-EM-1D.jpg\",\"contentUrl\":\"https:\\\/\\\/safetysourcefire.ca\\\/wp-content\\\/uploads\\\/2018\\\/02\\\/PFP-14hpKHL-EM-1D.jpg\",\"width\":389,\"height\":343,\"caption\":\"pump\"},{\"@type\":\"BreadcrumbList\",\"@id\":\"https:\\\/\\\/safetysourcefire.ca\\\/?product=de-watering-pump-pfp-14hpkhl-em-1d#breadcrumb\",\"itemListElement\":[{\"@type\":\"ListItem\",\"position\":1,\"name\":\"Home\",\"item\":\"https:\\\/\\\/safetysourcefire.ca\\\/\"},{\"@type\":\"ListItem\",\"position\":2,\"name\":\"Products\",\"item\":\"https:\\\/\\\/safetysourcefire.ca\\\/shop\\\/\"},{\"@type\":\"ListItem\",\"position\":3,\"name\":\"High-Volume Pump-Fire Pump PFP-14hpKHL-EM-1D\"}]},{\"@type\":\"WebSite\",\"@id\":\"https:\\\/\\\/safetysourcefire.ca\\\/#website\",\"url\":\"https:\\\/\\\/safetysourcefire.ca\\\/\",\"name\":\"Safety Source Fire\",\"description\":\"\",\"publisher\":{\"@id\":\"https:\\\/\\\/safetysourcefire.ca\\\/#organization\"},\"potentialAction\":[{\"@type\":\"SearchAction\",\"target\":{\"@type\":\"EntryPoint\",\"urlTemplate\":\"https:\\\/\\\/safetysourcefire.ca\\\/?s={search_term_string}\"},\"query-input\":{\"@type\":\"PropertyValueSpecification\",\"valueRequired\":true,\"valueName\":\"search_term_string\"}}],\"inLanguage\":\"fr-CA\"},{\"@type\":\"Organization\",\"@id\":\"https:\\\/\\\/safetysourcefire.ca\\\/#organization\",\"name\":\"Safety Source Fire\",\"url\":\"https:\\\/\\\/safetysourcefire.ca\\\/\",\"logo\":{\"@type\":\"ImageObject\",\"inLanguage\":\"fr-CA\",\"@id\":\"https:\\\/\\\/safetysourcefire.ca\\\/#\\\/schema\\\/logo\\\/image\\\/\",\"url\":\"https:\\\/\\\/safetysourcefire.ca\\\/wp-content\\\/uploads\\\/2021\\\/01\\\/SSF_logo_CC0000-3.png\",\"contentUrl\":\"https:\\\/\\\/safetysourcefire.ca\\\/wp-content\\\/uploads\\\/2021\\\/01\\\/SSF_logo_CC0000-3.png\",\"width\":1107,\"height\":365,\"caption\":\"Safety Source Fire\"},\"image\":{\"@id\":\"https:\\\/\\\/safetysourcefire.ca\\\/#\\\/schema\\\/logo\\\/image\\\/\"},\"sameAs\":[\"https:\\\/\\\/www.facebook.com\\\/mmfssca\",\"https:\\\/\\\/x.com\\\/mmfssca\"]}]}<\/script>\n<!-- \/ Yoast SEO plugin. -->","yoast_head_json":{"title":"High-Volume Pump-Fire Pump PFP-14hpKHL-EM-1D - Safety Source Fire","robots":{"index":"index","follow":"follow","max-snippet":"max-snippet:-1","max-image-preview":"max-image-preview:large","max-video-preview":"max-video-preview:-1"},"canonical":"https:\/\/safetysourcefire.ca\/fr\/?product=de-watering-pump-pfp-14hpkhl-em-1d","og_locale":"fr_CA","og_type":"article","og_title":"High-Volume Pump-Fire Pump PFP-14hpKHL-EM-1D - Safety Source Fire","og_description":"This pump is the ideal tool to fill your fire apparatus, supply your apparatus or carry water over a long distance.","og_url":"https:\/\/safetysourcefire.ca\/fr\/?product=de-watering-pump-pfp-14hpkhl-em-1d","og_site_name":"Safety Source Fire","article_publisher":"https:\/\/www.facebook.com\/mmfssca","article_modified_time":"2018-03-19T13:07:14+00:00","og_image":[{"width":389,"height":343,"url":"https:\/\/safetysourcefire.ca\/wp-content\/uploads\/2018\/02\/PFP-14hpKHL-EM-1D.jpg","type":"image\/jpeg"}],"twitter_card":"summary_large_image","twitter_site":"@mmfssca","schema":{"@context":"https:\/\/schema.org","@graph":[{"@type":"WebPage","@id":"https:\/\/safetysourcefire.ca\/?product=de-watering-pump-pfp-14hpkhl-em-1d","url":"https:\/\/safetysourcefire.ca\/?product=de-watering-pump-pfp-14hpkhl-em-1d","name":"High-Volume Pump-Fire Pump PFP-14hpKHL-EM-1D - Safety Source Fire","isPartOf":{"@id":"https:\/\/safetysourcefire.ca\/#website"},"primaryImageOfPage":{"@id":"https:\/\/safetysourcefire.ca\/?product=de-watering-pump-pfp-14hpkhl-em-1d#primaryimage"},"image":{"@id":"https:\/\/safetysourcefire.ca\/?product=de-watering-pump-pfp-14hpkhl-em-1d#primaryimage"},"thumbnailUrl":"https:\/\/safetysourcefire.ca\/wp-content\/uploads\/2018\/02\/PFP-14hpKHL-EM-1D.jpg","datePublished":"2018-02-08T21:59:12+00:00","dateModified":"2018-03-19T13:07:14+00:00","breadcrumb":{"@id":"https:\/\/safetysourcefire.ca\/?product=de-watering-pump-pfp-14hpkhl-em-1d#breadcrumb"},"inLanguage":"fr-CA","potentialAction":[{"@type":"ReadAction","target":["https:\/\/safetysourcefire.ca\/?product=de-watering-pump-pfp-14hpkhl-em-1d"]}]},{"@type":"ImageObject","inLanguage":"fr-CA","@id":"https:\/\/safetysourcefire.ca\/?product=de-watering-pump-pfp-14hpkhl-em-1d#primaryimage","url":"https:\/\/safetysourcefire.ca\/wp-content\/uploads\/2018\/02\/PFP-14hpKHL-EM-1D.jpg","contentUrl":"https:\/\/safetysourcefire.ca\/wp-content\/uploads\/2018\/02\/PFP-14hpKHL-EM-1D.jpg","width":389,"height":343,"caption":"pump"},{"@type":"BreadcrumbList","@id":"https:\/\/safetysourcefire.ca\/?product=de-watering-pump-pfp-14hpkhl-em-1d#breadcrumb","itemListElement":[{"@type":"ListItem","position":1,"name":"Home","item":"https:\/\/safetysourcefire.ca\/"},{"@type":"ListItem","position":2,"name":"Products","item":"https:\/\/safetysourcefire.ca\/shop\/"},{"@type":"ListItem","position":3,"name":"High-Volume Pump-Fire Pump PFP-14hpKHL-EM-1D"}]},{"@type":"WebSite","@id":"https:\/\/safetysourcefire.ca\/#website","url":"https:\/\/safetysourcefire.ca\/","name":"Safety Source Fire","description":"","publisher":{"@id":"https:\/\/safetysourcefire.ca\/#organization"},"potentialAction":[{"@type":"SearchAction","target":{"@type":"EntryPoint","urlTemplate":"https:\/\/safetysourcefire.ca\/?s={search_term_string}"},"query-input":{"@type":"PropertyValueSpecification","valueRequired":true,"valueName":"search_term_string"}}],"inLanguage":"fr-CA"},{"@type":"Organization","@id":"https:\/\/safetysourcefire.ca\/#organization","name":"Safety Source Fire","url":"https:\/\/safetysourcefire.ca\/","logo":{"@type":"ImageObject","inLanguage":"fr-CA","@id":"https:\/\/safetysourcefire.ca\/#\/schema\/logo\/image\/","url":"https:\/\/safetysourcefire.ca\/wp-content\/uploads\/2021\/01\/SSF_logo_CC0000-3.png","contentUrl":"https:\/\/safetysourcefire.ca\/wp-content\/uploads\/2021\/01\/SSF_logo_CC0000-3.png","width":1107,"height":365,"caption":"Safety Source Fire"},"image":{"@id":"https:\/\/safetysourcefire.ca\/#\/schema\/logo\/image\/"},"sameAs":["https:\/\/www.facebook.com\/mmfssca","https:\/\/x.com\/mmfssca"]}]}},"_links":{"self":[{"href":"https:\/\/safetysourcefire.ca\/fr\/wp-json\/wp\/v2\/product\/5323","targetHints":{"allow":["GET"]}}],"collection":[{"href":"https:\/\/safetysourcefire.ca\/fr\/wp-json\/wp\/v2\/product"}],"about":[{"href":"https:\/\/safetysourcefire.ca\/fr\/wp-json\/wp\/v2\/types\/product"}],"wp:featuredmedia":[{"embeddable":true,"href":"https:\/\/safetysourcefire.ca\/fr\/wp-json\/wp\/v2\/media\/5324"}],"wp:attachment":[{"href":"https:\/\/safetysourcefire.ca\/fr\/wp-json\/wp\/v2\/media?parent=5323"}],"wp:term":[{"taxonomy":"product_brand","embeddable":true,"href":"https:\/\/safetysourcefire.ca\/fr\/wp-json\/wp\/v2\/product_brand?post=5323"},{"taxonomy":"product_cat","embeddable":true,"href":"https:\/\/safetysourcefire.ca\/fr\/wp-json\/wp\/v2\/product_cat?post=5323"},{"taxonomy":"product_tag","embeddable":true,"href":"https:\/\/safetysourcefire.ca\/fr\/wp-json\/wp\/v2\/product_tag?post=5323"}],"curies":[{"name":"wp","href":"https:\/\/api.w.org\/{rel}","templated":true}]}}