{"id":5650,"date":"2018-04-18T20:36:08","date_gmt":"2018-04-18T20:36:08","guid":{"rendered":"https:\/\/mmfss.ca\/?post_type=product&#038;p=5650"},"modified":"2024-01-19T14:57:37","modified_gmt":"2024-01-19T14:57:37","slug":"stationary-pin-rack-model-s-4","status":"publish","type":"product","link":"https:\/\/safetysourcefire.ca\/fr\/produit\/stationary-pin-rack-model-s-4\/","title":{"rendered":"Porte-\u00e9pingles stationnaire"},"content":{"rendered":"<p>Les broches pivotent \u00e0 180\u00b0. Disponible en 16, 21 et 24 broches pour diff\u00e9rentes longueurs de tuyau. Con\u00e7u pour les tuyaux d&#039;incendie doubl\u00e9s d&#039;une seule gaine.<\/p>\n<p><strong>S-416<\/strong> 16 broches pour tuyau 1\u00bd&quot; x 50&#039; (2&quot; de hauteur x 10-1\/8&quot; de longueur) 2-9\/16&quot; de longueur<br \/>\n<strong>S-421<\/strong> 21 broches pour tuyau 1\u00bd&quot; x 75&#039; (2&quot; de hauteur x 13\u00bc&quot; de longueur) 2-9\/16&quot; de longueur<br \/>\n<strong>S-424<\/strong> 24 broches pour tuyau 1\u00bd&quot; x 100&#039; (2&quot; de hauteur x 15&quot; de longueur) 2-9\/16&quot; de longueur<strong><br \/>\n<\/strong><\/p>\n<p>\u00c9galement disponible dans des tailles plus grandes pour une lance d&#039;incendie de 2\u00bd&quot; (65 mm).<\/p>\n<p><strong>Construction:<\/strong>\u00a0\u00a0Fabriqu\u00e9 en m\u00e9tal de calibre 18 plaqu\u00e9 de nickel et de chrome. \u00c9galement disponible en acier inoxydable 316 pour une r\u00e9sistance ext\u00e9rieure. * Utilisez le suffixe \u00abSS\u00bb \u00e0 la fin du num\u00e9ro de mod\u00e8le si vous cherchez des supports \u00e0 goupilles fixes en acier inoxydable.<\/p>\n<p><strong>IMPORTANT:<\/strong>\u00a0 Les racks \u00e0 broches ne sont PAS con\u00e7us pour stocker des tuyaux \u00e0 double enveloppe ou en caoutchouc. Pour ces types de tuyaux, veuillez utiliser des enrouleurs de tuyaux ou des supports \u00e0 bosse ou \u00e0 selle.<\/p>","protected":false},"excerpt":{"rendered":"<p>Utilis\u00e9 pour monter un tuyau pli\u00e9 sur la paroi arri\u00e8re de l&#039;armoire de protection incendie.<\/p>","protected":false},"featured_media":5651,"template":"","meta":[],"product_brand":[368],"product_cat":[44,181],"product_tag":[370],"class_list":{"0":"post-5650","1":"product","2":"type-product","3":"status-publish","4":"has-post-thumbnail","6":"product_brand-national-fire-equipment","7":"product_cat-fire-suppression","8":"product_cat-storage","9":"product_tag-national-fire-equipment","11":"first","12":"instock","13":"shipping-taxable","14":"product-type-simple"},"yoast_head":"<!-- This site is optimized with the Yoast SEO plugin v27.4 - https:\/\/yoast.com\/product\/yoast-seo-wordpress\/ -->\n<title>Stationary Pin Rack - Safety Source Fire<\/title>\n<meta name=\"robots\" content=\"index, follow, max-snippet:-1, max-image-preview:large, max-video-preview:-1\" \/>\n<link rel=\"canonical\" href=\"https:\/\/safetysourcefire.ca\/fr\/?product=stationary-pin-rack-model-s-4\" \/>\n<meta property=\"og:locale\" content=\"fr_CA\" \/>\n<meta property=\"og:type\" content=\"article\" \/>\n<meta property=\"og:title\" content=\"Stationary Pin Rack - Safety Source Fire\" \/>\n<meta property=\"og:description\" content=\"Used to mount\u00a0 folded hose on back wall of fire protection cabinet.\" \/>\n<meta property=\"og:url\" content=\"https:\/\/safetysourcefire.ca\/fr\/?product=stationary-pin-rack-model-s-4\" \/>\n<meta property=\"og:site_name\" content=\"Safety Source Fire\" \/>\n<meta property=\"article:publisher\" content=\"https:\/\/www.facebook.com\/mmfssca\" \/>\n<meta property=\"article:modified_time\" content=\"2024-01-19T14:57:37+00:00\" \/>\n<meta property=\"og:image\" content=\"https:\/\/safetysourcefire.ca\/wp-content\/uploads\/2018\/04\/S-4_White_1.jpg\" \/>\n\t<meta property=\"og:image:width\" content=\"640\" \/>\n\t<meta property=\"og:image:height\" content=\"456\" \/>\n\t<meta property=\"og:image:type\" content=\"image\/jpeg\" \/>\n<meta name=\"twitter:card\" content=\"summary_large_image\" \/>\n<meta name=\"twitter:site\" content=\"@mmfssca\" \/>\n<meta name=\"twitter:label1\" content=\"Estimation du temps de lecture\" \/>\n\t<meta name=\"twitter:data1\" content=\"1 minute\" \/>\n<script type=\"application\/ld+json\" class=\"yoast-schema-graph\">{\"@context\":\"https:\\\/\\\/schema.org\",\"@graph\":[{\"@type\":\"WebPage\",\"@id\":\"https:\\\/\\\/safetysourcefire.ca\\\/?product=stationary-pin-rack-model-s-4\",\"url\":\"https:\\\/\\\/safetysourcefire.ca\\\/?product=stationary-pin-rack-model-s-4\",\"name\":\"Stationary Pin Rack - Safety Source Fire\",\"isPartOf\":{\"@id\":\"https:\\\/\\\/safetysourcefire.ca\\\/#website\"},\"primaryImageOfPage\":{\"@id\":\"https:\\\/\\\/safetysourcefire.ca\\\/?product=stationary-pin-rack-model-s-4#primaryimage\"},\"image\":{\"@id\":\"https:\\\/\\\/safetysourcefire.ca\\\/?product=stationary-pin-rack-model-s-4#primaryimage\"},\"thumbnailUrl\":\"https:\\\/\\\/safetysourcefire.ca\\\/wp-content\\\/uploads\\\/2018\\\/04\\\/S-4_White_1.jpg\",\"datePublished\":\"2018-04-18T20:36:08+00:00\",\"dateModified\":\"2024-01-19T14:57:37+00:00\",\"breadcrumb\":{\"@id\":\"https:\\\/\\\/safetysourcefire.ca\\\/?product=stationary-pin-rack-model-s-4#breadcrumb\"},\"inLanguage\":\"fr-CA\",\"potentialAction\":[{\"@type\":\"ReadAction\",\"target\":[\"https:\\\/\\\/safetysourcefire.ca\\\/?product=stationary-pin-rack-model-s-4\"]}]},{\"@type\":\"ImageObject\",\"inLanguage\":\"fr-CA\",\"@id\":\"https:\\\/\\\/safetysourcefire.ca\\\/?product=stationary-pin-rack-model-s-4#primaryimage\",\"url\":\"https:\\\/\\\/safetysourcefire.ca\\\/wp-content\\\/uploads\\\/2018\\\/04\\\/S-4_White_1.jpg\",\"contentUrl\":\"https:\\\/\\\/safetysourcefire.ca\\\/wp-content\\\/uploads\\\/2018\\\/04\\\/S-4_White_1.jpg\",\"width\":640,\"height\":456,\"caption\":\"pin rack\"},{\"@type\":\"BreadcrumbList\",\"@id\":\"https:\\\/\\\/safetysourcefire.ca\\\/?product=stationary-pin-rack-model-s-4#breadcrumb\",\"itemListElement\":[{\"@type\":\"ListItem\",\"position\":1,\"name\":\"Home\",\"item\":\"https:\\\/\\\/safetysourcefire.ca\\\/\"},{\"@type\":\"ListItem\",\"position\":2,\"name\":\"Products\",\"item\":\"https:\\\/\\\/safetysourcefire.ca\\\/shop\\\/\"},{\"@type\":\"ListItem\",\"position\":3,\"name\":\"Stationary Pin Rack\"}]},{\"@type\":\"WebSite\",\"@id\":\"https:\\\/\\\/safetysourcefire.ca\\\/#website\",\"url\":\"https:\\\/\\\/safetysourcefire.ca\\\/\",\"name\":\"Safety Source Fire\",\"description\":\"\",\"publisher\":{\"@id\":\"https:\\\/\\\/safetysourcefire.ca\\\/#organization\"},\"potentialAction\":[{\"@type\":\"SearchAction\",\"target\":{\"@type\":\"EntryPoint\",\"urlTemplate\":\"https:\\\/\\\/safetysourcefire.ca\\\/?s={search_term_string}\"},\"query-input\":{\"@type\":\"PropertyValueSpecification\",\"valueRequired\":true,\"valueName\":\"search_term_string\"}}],\"inLanguage\":\"fr-CA\"},{\"@type\":\"Organization\",\"@id\":\"https:\\\/\\\/safetysourcefire.ca\\\/#organization\",\"name\":\"Safety Source Fire\",\"url\":\"https:\\\/\\\/safetysourcefire.ca\\\/\",\"logo\":{\"@type\":\"ImageObject\",\"inLanguage\":\"fr-CA\",\"@id\":\"https:\\\/\\\/safetysourcefire.ca\\\/#\\\/schema\\\/logo\\\/image\\\/\",\"url\":\"https:\\\/\\\/safetysourcefire.ca\\\/wp-content\\\/uploads\\\/2021\\\/01\\\/SSF_logo_CC0000-3.png\",\"contentUrl\":\"https:\\\/\\\/safetysourcefire.ca\\\/wp-content\\\/uploads\\\/2021\\\/01\\\/SSF_logo_CC0000-3.png\",\"width\":1107,\"height\":365,\"caption\":\"Safety Source Fire\"},\"image\":{\"@id\":\"https:\\\/\\\/safetysourcefire.ca\\\/#\\\/schema\\\/logo\\\/image\\\/\"},\"sameAs\":[\"https:\\\/\\\/www.facebook.com\\\/mmfssca\",\"https:\\\/\\\/x.com\\\/mmfssca\"]}]}<\/script>\n<!-- \/ Yoast SEO plugin. -->","yoast_head_json":{"title":"Support \u00e0 broches stationnaire - Source de s\u00e9curit\u00e9 incendie","robots":{"index":"index","follow":"follow","max-snippet":"max-snippet:-1","max-image-preview":"max-image-preview:large","max-video-preview":"max-video-preview:-1"},"canonical":"https:\/\/safetysourcefire.ca\/fr\/?product=stationary-pin-rack-model-s-4","og_locale":"fr_CA","og_type":"article","og_title":"Stationary Pin Rack - Safety Source Fire","og_description":"Used to mount\u00a0 folded hose on back wall of fire protection cabinet.","og_url":"https:\/\/safetysourcefire.ca\/fr\/?product=stationary-pin-rack-model-s-4","og_site_name":"Safety Source Fire","article_publisher":"https:\/\/www.facebook.com\/mmfssca","article_modified_time":"2024-01-19T14:57:37+00:00","og_image":[{"width":640,"height":456,"url":"https:\/\/safetysourcefire.ca\/wp-content\/uploads\/2018\/04\/S-4_White_1.jpg","type":"image\/jpeg"}],"twitter_card":"summary_large_image","twitter_site":"@mmfssca","twitter_misc":{"Estimation du temps de lecture":"1 minute"},"schema":{"@context":"https:\/\/schema.org","@graph":[{"@type":"WebPage","@id":"https:\/\/safetysourcefire.ca\/?product=stationary-pin-rack-model-s-4","url":"https:\/\/safetysourcefire.ca\/?product=stationary-pin-rack-model-s-4","name":"Support \u00e0 broches stationnaire - Source de s\u00e9curit\u00e9 incendie","isPartOf":{"@id":"https:\/\/safetysourcefire.ca\/#website"},"primaryImageOfPage":{"@id":"https:\/\/safetysourcefire.ca\/?product=stationary-pin-rack-model-s-4#primaryimage"},"image":{"@id":"https:\/\/safetysourcefire.ca\/?product=stationary-pin-rack-model-s-4#primaryimage"},"thumbnailUrl":"https:\/\/safetysourcefire.ca\/wp-content\/uploads\/2018\/04\/S-4_White_1.jpg","datePublished":"2018-04-18T20:36:08+00:00","dateModified":"2024-01-19T14:57:37+00:00","breadcrumb":{"@id":"https:\/\/safetysourcefire.ca\/?product=stationary-pin-rack-model-s-4#breadcrumb"},"inLanguage":"fr-CA","potentialAction":[{"@type":"ReadAction","target":["https:\/\/safetysourcefire.ca\/?product=stationary-pin-rack-model-s-4"]}]},{"@type":"ImageObject","inLanguage":"fr-CA","@id":"https:\/\/safetysourcefire.ca\/?product=stationary-pin-rack-model-s-4#primaryimage","url":"https:\/\/safetysourcefire.ca\/wp-content\/uploads\/2018\/04\/S-4_White_1.jpg","contentUrl":"https:\/\/safetysourcefire.ca\/wp-content\/uploads\/2018\/04\/S-4_White_1.jpg","width":640,"height":456,"caption":"pin rack"},{"@type":"BreadcrumbList","@id":"https:\/\/safetysourcefire.ca\/?product=stationary-pin-rack-model-s-4#breadcrumb","itemListElement":[{"@type":"ListItem","position":1,"name":"Home","item":"https:\/\/safetysourcefire.ca\/"},{"@type":"ListItem","position":2,"name":"Products","item":"https:\/\/safetysourcefire.ca\/shop\/"},{"@type":"ListItem","position":3,"name":"Stationary Pin Rack"}]},{"@type":"WebSite","@id":"https:\/\/safetysourcefire.ca\/#website","url":"https:\/\/safetysourcefire.ca\/","name":"Safety Source Fire","description":"","publisher":{"@id":"https:\/\/safetysourcefire.ca\/#organization"},"potentialAction":[{"@type":"SearchAction","target":{"@type":"EntryPoint","urlTemplate":"https:\/\/safetysourcefire.ca\/?s={search_term_string}"},"query-input":{"@type":"PropertyValueSpecification","valueRequired":true,"valueName":"search_term_string"}}],"inLanguage":"fr-CA"},{"@type":"Organization","@id":"https:\/\/safetysourcefire.ca\/#organization","name":"Safety Source Fire","url":"https:\/\/safetysourcefire.ca\/","logo":{"@type":"ImageObject","inLanguage":"fr-CA","@id":"https:\/\/safetysourcefire.ca\/#\/schema\/logo\/image\/","url":"https:\/\/safetysourcefire.ca\/wp-content\/uploads\/2021\/01\/SSF_logo_CC0000-3.png","contentUrl":"https:\/\/safetysourcefire.ca\/wp-content\/uploads\/2021\/01\/SSF_logo_CC0000-3.png","width":1107,"height":365,"caption":"Safety Source Fire"},"image":{"@id":"https:\/\/safetysourcefire.ca\/#\/schema\/logo\/image\/"},"sameAs":["https:\/\/www.facebook.com\/mmfssca","https:\/\/x.com\/mmfssca"]}]}},"_links":{"self":[{"href":"https:\/\/safetysourcefire.ca\/fr\/wp-json\/wp\/v2\/product\/5650","targetHints":{"allow":["GET"]}}],"collection":[{"href":"https:\/\/safetysourcefire.ca\/fr\/wp-json\/wp\/v2\/product"}],"about":[{"href":"https:\/\/safetysourcefire.ca\/fr\/wp-json\/wp\/v2\/types\/product"}],"wp:featuredmedia":[{"embeddable":true,"href":"https:\/\/safetysourcefire.ca\/fr\/wp-json\/wp\/v2\/media\/5651"}],"wp:attachment":[{"href":"https:\/\/safetysourcefire.ca\/fr\/wp-json\/wp\/v2\/media?parent=5650"}],"wp:term":[{"taxonomy":"product_brand","embeddable":true,"href":"https:\/\/safetysourcefire.ca\/fr\/wp-json\/wp\/v2\/product_brand?post=5650"},{"taxonomy":"product_cat","embeddable":true,"href":"https:\/\/safetysourcefire.ca\/fr\/wp-json\/wp\/v2\/product_cat?post=5650"},{"taxonomy":"product_tag","embeddable":true,"href":"https:\/\/safetysourcefire.ca\/fr\/wp-json\/wp\/v2\/product_tag?post=5650"}],"curies":[{"name":"wp","href":"https:\/\/api.w.org\/{rel}","templated":true}]}}