{"id":5653,"date":"2018-12-11T07:00:53","date_gmt":"2018-12-11T07:00:53","guid":{"rendered":"https:\/\/mmfss.ca\/?post_type=product&#038;p=5653"},"modified":"2024-08-16T13:06:47","modified_gmt":"2024-08-16T13:06:47","slug":"swing-pin-rack-model-hr-1","status":"publish","type":"product","link":"https:\/\/safetysourcefire.ca\/fr\/produit\/swing-pin-rack-model-hr-1\/","title":{"rendered":"Support pour colonne montante, mod\u00e8le HR-1"},"content":{"rendered":"<p><strong>Application:\u00a0<\/strong>G\u00e9n\u00e9ralement utilis\u00e9 dans les entrep\u00f4ts et les contextes industriels. \u00c9galement tr\u00e8s populaires pour ranger les boyaux d'incendie pendant les projets r\u00e9sidentiels. Parfait pour le stockage de boyau d'incendie doubl\u00e9 \u00e0 enveloppe simple pli\u00e9e de 1\u00bd \u201d(38 mm). Le support est fix\u00e9 \u00e0 la vanne de tuyau (ou au support de montage mural) et le support pivote \u00e0 360 \u00b0. Notez que l'eau ne peut pas p\u00e9n\u00e9trer dans le tuyau avant que celui-ci soit compl\u00e8tement d\u00e9barqu\u00e9 du support. Pression maximale de 150 PSI (1035 kpa).<\/p>\n<p><strong>Options:<\/strong>\u00a0 \u00c9galement disponible en taille 2 \u00bd \u201d(65 mm). Possibilit\u00e9 d'ajouter un couvre-support avec l'inscription \u00abFire Hose\u00bb en couleur orange fluorescente sur demande (*inscription disponible en fran\u00e7ais et en anglais).<\/p>\n<p><strong>Construction:<\/strong>\u00a0\u00a0 Fabriqu\u00e9 en m\u00e9tal de calibre 16 avec peinture de poudre rouge.  \u00c9pingles de suspension en zinc. Attache \u00e0 buse fournie. Toutes les pi\u00e8ces mobiles sont chrom\u00e9es.<br \/>\n<strong>Option de finition:<\/strong>\u00a0 Disponible en chrom\u00e9 hautement poli. Standard en peinture poudre rouge.<br \/>\n<strong>Approbations:<\/strong>\u00a0\u00a0\u00a0Racks 1\u00bd \u201d(38 mm) - Factory Mutual Research Corporation (FM)<\/p>\n<p><strong>Support de montage mural ou montage par collier de serrage disponible s\u00e9par\u00e9ment<\/strong><\/p>\n<p><strong>IMPORTANT:<\/strong>\u00a0 Les racks \u00e0 broches ne sont PAS con\u00e7us pour stocker des tuyaux \u00e0 double enveloppe ou en caoutchouc. Pour ces types de tuyaux, veuillez utiliser des enrouleurs de tuyaux ou des supports \u00e0 bosse ou \u00e0 selle.<\/p>","protected":false},"excerpt":{"rendered":"<p><strong>Prix de liquidation: $30.<\/strong><\/p>\n<p><em>Jusqu&#039;\u00e0 \u00e9puisement des stocks. Veuillez noter : les ventes d&#039;articles en liquidation sont d\u00e9finitives ; aucun \u00e9change ni retour.<\/em><\/p>","protected":false},"featured_media":5655,"template":"","meta":[],"product_brand":[368],"product_cat":[43,44,181],"product_tag":[370,369],"class_list":{"0":"post-5653","1":"product","2":"type-product","3":"status-publish","4":"has-post-thumbnail","6":"product_brand-national-fire-equipment","7":"product_cat-clearance","8":"product_cat-fire-suppression","9":"product_cat-storage","10":"product_tag-national-fire-equipment","11":"product_tag-nfe","13":"first","14":"instock","15":"shipping-taxable","16":"product-type-simple"},"yoast_head":"<!-- This site is optimized with the Yoast SEO plugin v27.4 - https:\/\/yoast.com\/product\/yoast-seo-wordpress\/ -->\n<title>Swing Pin Rack, Model HR-1 - Safety Source Fire<\/title>\n<meta name=\"robots\" content=\"index, follow, max-snippet:-1, max-image-preview:large, max-video-preview:-1\" \/>\n<link rel=\"canonical\" href=\"https:\/\/safetysourcefire.ca\/fr\/?product=swing-pin-rack-model-hr-1\" \/>\n<meta property=\"og:locale\" content=\"fr_CA\" \/>\n<meta property=\"og:type\" content=\"article\" \/>\n<meta property=\"og:title\" content=\"Swing Pin Rack, Model HR-1 - Safety Source Fire\" \/>\n<meta property=\"og:description\" content=\"Clearance Price: $30.  While quantities last. Please note: Clearance item sales are final; no exchanges or returns.\" \/>\n<meta property=\"og:url\" content=\"https:\/\/safetysourcefire.ca\/fr\/?product=swing-pin-rack-model-hr-1\" \/>\n<meta property=\"og:site_name\" content=\"Safety Source Fire\" \/>\n<meta property=\"article:publisher\" content=\"https:\/\/www.facebook.com\/mmfssca\" \/>\n<meta property=\"article:modified_time\" content=\"2024-08-16T13:06:47+00:00\" \/>\n<meta property=\"og:image\" content=\"https:\/\/safetysourcefire.ca\/wp-content\/uploads\/2018\/04\/Model-HR-1-Hose-Rack_1.jpg\" \/>\n\t<meta property=\"og:image:width\" content=\"600\" \/>\n\t<meta property=\"og:image:height\" content=\"600\" \/>\n\t<meta property=\"og:image:type\" content=\"image\/jpeg\" \/>\n<meta name=\"twitter:card\" content=\"summary_large_image\" \/>\n<meta name=\"twitter:site\" content=\"@mmfssca\" \/>\n<meta name=\"twitter:label1\" content=\"Estimation du temps de lecture\" \/>\n\t<meta name=\"twitter:data1\" content=\"2 minutes\" \/>\n<script type=\"application\/ld+json\" class=\"yoast-schema-graph\">{\"@context\":\"https:\\\/\\\/schema.org\",\"@graph\":[{\"@type\":\"WebPage\",\"@id\":\"https:\\\/\\\/safetysourcefire.ca\\\/?product=swing-pin-rack-model-hr-1\",\"url\":\"https:\\\/\\\/safetysourcefire.ca\\\/?product=swing-pin-rack-model-hr-1\",\"name\":\"Swing Pin Rack, Model HR-1 - Safety Source Fire\",\"isPartOf\":{\"@id\":\"https:\\\/\\\/safetysourcefire.ca\\\/#website\"},\"primaryImageOfPage\":{\"@id\":\"https:\\\/\\\/safetysourcefire.ca\\\/?product=swing-pin-rack-model-hr-1#primaryimage\"},\"image\":{\"@id\":\"https:\\\/\\\/safetysourcefire.ca\\\/?product=swing-pin-rack-model-hr-1#primaryimage\"},\"thumbnailUrl\":\"https:\\\/\\\/safetysourcefire.ca\\\/wp-content\\\/uploads\\\/2018\\\/04\\\/Model-HR-1-Hose-Rack_1.jpg\",\"datePublished\":\"2018-12-11T07:00:53+00:00\",\"dateModified\":\"2024-08-16T13:06:47+00:00\",\"breadcrumb\":{\"@id\":\"https:\\\/\\\/safetysourcefire.ca\\\/?product=swing-pin-rack-model-hr-1#breadcrumb\"},\"inLanguage\":\"fr-CA\",\"potentialAction\":[{\"@type\":\"ReadAction\",\"target\":[\"https:\\\/\\\/safetysourcefire.ca\\\/?product=swing-pin-rack-model-hr-1\"]}]},{\"@type\":\"ImageObject\",\"inLanguage\":\"fr-CA\",\"@id\":\"https:\\\/\\\/safetysourcefire.ca\\\/?product=swing-pin-rack-model-hr-1#primaryimage\",\"url\":\"https:\\\/\\\/safetysourcefire.ca\\\/wp-content\\\/uploads\\\/2018\\\/04\\\/Model-HR-1-Hose-Rack_1.jpg\",\"contentUrl\":\"https:\\\/\\\/safetysourcefire.ca\\\/wp-content\\\/uploads\\\/2018\\\/04\\\/Model-HR-1-Hose-Rack_1.jpg\",\"width\":600,\"height\":600,\"caption\":\"rack with hose\"},{\"@type\":\"BreadcrumbList\",\"@id\":\"https:\\\/\\\/safetysourcefire.ca\\\/?product=swing-pin-rack-model-hr-1#breadcrumb\",\"itemListElement\":[{\"@type\":\"ListItem\",\"position\":1,\"name\":\"Home\",\"item\":\"https:\\\/\\\/safetysourcefire.ca\\\/\"},{\"@type\":\"ListItem\",\"position\":2,\"name\":\"Products\",\"item\":\"https:\\\/\\\/safetysourcefire.ca\\\/shop\\\/\"},{\"@type\":\"ListItem\",\"position\":3,\"name\":\"Swing Pin Rack, Model HR-1\"}]},{\"@type\":\"WebSite\",\"@id\":\"https:\\\/\\\/safetysourcefire.ca\\\/#website\",\"url\":\"https:\\\/\\\/safetysourcefire.ca\\\/\",\"name\":\"Safety Source Fire\",\"description\":\"\",\"publisher\":{\"@id\":\"https:\\\/\\\/safetysourcefire.ca\\\/#organization\"},\"potentialAction\":[{\"@type\":\"SearchAction\",\"target\":{\"@type\":\"EntryPoint\",\"urlTemplate\":\"https:\\\/\\\/safetysourcefire.ca\\\/?s={search_term_string}\"},\"query-input\":{\"@type\":\"PropertyValueSpecification\",\"valueRequired\":true,\"valueName\":\"search_term_string\"}}],\"inLanguage\":\"fr-CA\"},{\"@type\":\"Organization\",\"@id\":\"https:\\\/\\\/safetysourcefire.ca\\\/#organization\",\"name\":\"Safety Source Fire\",\"url\":\"https:\\\/\\\/safetysourcefire.ca\\\/\",\"logo\":{\"@type\":\"ImageObject\",\"inLanguage\":\"fr-CA\",\"@id\":\"https:\\\/\\\/safetysourcefire.ca\\\/#\\\/schema\\\/logo\\\/image\\\/\",\"url\":\"https:\\\/\\\/safetysourcefire.ca\\\/wp-content\\\/uploads\\\/2021\\\/01\\\/SSF_logo_CC0000-3.png\",\"contentUrl\":\"https:\\\/\\\/safetysourcefire.ca\\\/wp-content\\\/uploads\\\/2021\\\/01\\\/SSF_logo_CC0000-3.png\",\"width\":1107,\"height\":365,\"caption\":\"Safety Source Fire\"},\"image\":{\"@id\":\"https:\\\/\\\/safetysourcefire.ca\\\/#\\\/schema\\\/logo\\\/image\\\/\"},\"sameAs\":[\"https:\\\/\\\/www.facebook.com\\\/mmfssca\",\"https:\\\/\\\/x.com\\\/mmfssca\"]}]}<\/script>\n<!-- \/ Yoast SEO plugin. -->","yoast_head_json":{"title":"Support \u00e0 goupilles pivotantes, mod\u00e8le HR-1 - Safety Source Fire","robots":{"index":"index","follow":"follow","max-snippet":"max-snippet:-1","max-image-preview":"max-image-preview:large","max-video-preview":"max-video-preview:-1"},"canonical":"https:\/\/safetysourcefire.ca\/fr\/?product=swing-pin-rack-model-hr-1","og_locale":"fr_CA","og_type":"article","og_title":"Swing Pin Rack, Model HR-1 - Safety Source Fire","og_description":"Clearance Price: $30.  While quantities last. Please note: Clearance item sales are final; no exchanges or returns.","og_url":"https:\/\/safetysourcefire.ca\/fr\/?product=swing-pin-rack-model-hr-1","og_site_name":"Safety Source Fire","article_publisher":"https:\/\/www.facebook.com\/mmfssca","article_modified_time":"2024-08-16T13:06:47+00:00","og_image":[{"width":600,"height":600,"url":"https:\/\/safetysourcefire.ca\/wp-content\/uploads\/2018\/04\/Model-HR-1-Hose-Rack_1.jpg","type":"image\/jpeg"}],"twitter_card":"summary_large_image","twitter_site":"@mmfssca","twitter_misc":{"Estimation du temps de lecture":"2 minutes"},"schema":{"@context":"https:\/\/schema.org","@graph":[{"@type":"WebPage","@id":"https:\/\/safetysourcefire.ca\/?product=swing-pin-rack-model-hr-1","url":"https:\/\/safetysourcefire.ca\/?product=swing-pin-rack-model-hr-1","name":"Support \u00e0 goupilles pivotantes, mod\u00e8le HR-1 - Safety Source Fire","isPartOf":{"@id":"https:\/\/safetysourcefire.ca\/#website"},"primaryImageOfPage":{"@id":"https:\/\/safetysourcefire.ca\/?product=swing-pin-rack-model-hr-1#primaryimage"},"image":{"@id":"https:\/\/safetysourcefire.ca\/?product=swing-pin-rack-model-hr-1#primaryimage"},"thumbnailUrl":"https:\/\/safetysourcefire.ca\/wp-content\/uploads\/2018\/04\/Model-HR-1-Hose-Rack_1.jpg","datePublished":"2018-12-11T07:00:53+00:00","dateModified":"2024-08-16T13:06:47+00:00","breadcrumb":{"@id":"https:\/\/safetysourcefire.ca\/?product=swing-pin-rack-model-hr-1#breadcrumb"},"inLanguage":"fr-CA","potentialAction":[{"@type":"ReadAction","target":["https:\/\/safetysourcefire.ca\/?product=swing-pin-rack-model-hr-1"]}]},{"@type":"ImageObject","inLanguage":"fr-CA","@id":"https:\/\/safetysourcefire.ca\/?product=swing-pin-rack-model-hr-1#primaryimage","url":"https:\/\/safetysourcefire.ca\/wp-content\/uploads\/2018\/04\/Model-HR-1-Hose-Rack_1.jpg","contentUrl":"https:\/\/safetysourcefire.ca\/wp-content\/uploads\/2018\/04\/Model-HR-1-Hose-Rack_1.jpg","width":600,"height":600,"caption":"rack with hose"},{"@type":"BreadcrumbList","@id":"https:\/\/safetysourcefire.ca\/?product=swing-pin-rack-model-hr-1#breadcrumb","itemListElement":[{"@type":"ListItem","position":1,"name":"Home","item":"https:\/\/safetysourcefire.ca\/"},{"@type":"ListItem","position":2,"name":"Products","item":"https:\/\/safetysourcefire.ca\/shop\/"},{"@type":"ListItem","position":3,"name":"Swing Pin Rack, Model HR-1"}]},{"@type":"WebSite","@id":"https:\/\/safetysourcefire.ca\/#website","url":"https:\/\/safetysourcefire.ca\/","name":"Safety Source Fire","description":"","publisher":{"@id":"https:\/\/safetysourcefire.ca\/#organization"},"potentialAction":[{"@type":"SearchAction","target":{"@type":"EntryPoint","urlTemplate":"https:\/\/safetysourcefire.ca\/?s={search_term_string}"},"query-input":{"@type":"PropertyValueSpecification","valueRequired":true,"valueName":"search_term_string"}}],"inLanguage":"fr-CA"},{"@type":"Organization","@id":"https:\/\/safetysourcefire.ca\/#organization","name":"Safety Source Fire","url":"https:\/\/safetysourcefire.ca\/","logo":{"@type":"ImageObject","inLanguage":"fr-CA","@id":"https:\/\/safetysourcefire.ca\/#\/schema\/logo\/image\/","url":"https:\/\/safetysourcefire.ca\/wp-content\/uploads\/2021\/01\/SSF_logo_CC0000-3.png","contentUrl":"https:\/\/safetysourcefire.ca\/wp-content\/uploads\/2021\/01\/SSF_logo_CC0000-3.png","width":1107,"height":365,"caption":"Safety Source Fire"},"image":{"@id":"https:\/\/safetysourcefire.ca\/#\/schema\/logo\/image\/"},"sameAs":["https:\/\/www.facebook.com\/mmfssca","https:\/\/x.com\/mmfssca"]}]}},"_links":{"self":[{"href":"https:\/\/safetysourcefire.ca\/fr\/wp-json\/wp\/v2\/product\/5653","targetHints":{"allow":["GET"]}}],"collection":[{"href":"https:\/\/safetysourcefire.ca\/fr\/wp-json\/wp\/v2\/product"}],"about":[{"href":"https:\/\/safetysourcefire.ca\/fr\/wp-json\/wp\/v2\/types\/product"}],"wp:featuredmedia":[{"embeddable":true,"href":"https:\/\/safetysourcefire.ca\/fr\/wp-json\/wp\/v2\/media\/5655"}],"wp:attachment":[{"href":"https:\/\/safetysourcefire.ca\/fr\/wp-json\/wp\/v2\/media?parent=5653"}],"wp:term":[{"taxonomy":"product_brand","embeddable":true,"href":"https:\/\/safetysourcefire.ca\/fr\/wp-json\/wp\/v2\/product_brand?post=5653"},{"taxonomy":"product_cat","embeddable":true,"href":"https:\/\/safetysourcefire.ca\/fr\/wp-json\/wp\/v2\/product_cat?post=5653"},{"taxonomy":"product_tag","embeddable":true,"href":"https:\/\/safetysourcefire.ca\/fr\/wp-json\/wp\/v2\/product_tag?post=5653"}],"curies":[{"name":"wp","href":"https:\/\/api.w.org\/{rel}","templated":true}]}}