{"id":5676,"date":"2018-04-19T13:14:23","date_gmt":"2018-04-19T13:14:23","guid":{"rendered":"https:\/\/mmfss.ca\/?post_type=product&#038;p=5676"},"modified":"2023-04-21T20:38:15","modified_gmt":"2023-04-21T20:38:15","slug":"gas-powered-pulling-winch-max-pulling-force-1000-kg","status":"publish","type":"product","link":"https:\/\/safetysourcefire.ca\/fr\/produit\/gas-powered-pulling-winch-max-pulling-force-1000-kg\/","title":{"rendered":"Treuil de traction \u00e0 essence avec force maximale de traction de 1000 kg"},"content":{"rendered":"<p>Id\u00e9al pour tirer de lourdes charges !<\/p>\n<p>Propuls\u00e9 par le moteur HONDA 4 temps GXH-50 cc, ce treuil est con\u00e7u pour les lourdes charges.<\/p>\n<p>Pesant seulement 16 kg, il offre une force de traction de 1000 kg.<\/p>\n<p>Gr\u00e2ce aux tambours cabestans interchangeables, deux options de vitesse s'offrent \u00e0 vous. Si vous cherchez de la puissance, choisissez le tambour de 57 mm. Celui-ci vous permettra de tirer \u00e0 une vitesse de 12 m\u00e8tres par minute. Si votre situation exige de la vitesse, choisissez plut\u00f4t le tambour de 85 mm* tirant \u00e0 une vitesse de 18 m\u00e8tres par minute.<\/p>\n<p>Le treuil cabestan portable PCW5000 peut \u00eatre utilis\u00e9 avec n'importe quelle longueur de c\u00e2ble en polyester doublement tress\u00e9 d'un diam\u00e8tre de 12 mm ainsi qu'avec tous les \u00e9quipements et accessoires de treuil portable.<\/p>\n<p>Croyez-nous sur parole: ce treuil sera votre meilleur alli\u00e9, pour de nombreuses ann\u00e9es!<\/p>\n<p>*Tambour vendu s\u00e9par\u00e9ment (PCA-1100)<\/p>\n<p>*Remarque : Une (1) \u00e9lingue d&#039;ancrage en polyester de 60 mm x 2 m est toujours incluse avec chaque treuil.<\/p>\n<p><iframe loading=\"lazy\" title=\"TREUIL PORTABLE - VID\u00c9O \u00c0 COUPER LE SOUFFLE 2018\" src=\"https:\/\/player.vimeo.com\/video\/253313201?h=09676a120a&amp;dnt=1&amp;app_id=122963\" width=\"980\" height=\"551\" frameborder=\"0\" allow=\"autoplay; fullscreen; picture-in-picture\" allowfullscreen><\/iframe><\/p>","protected":false},"excerpt":{"rendered":"<p>Si jamais vous avez besoin d'abattre des arbres suspendus, retirer des b\u00fbches qui sont hors de port\u00e9e ou de d\u00e9bloquer un v\u00e9hicule enlis\u00e9, le PCW5000 est fait pour vous.<\/p>","protected":false},"featured_media":5678,"template":"","meta":[],"product_brand":[371],"product_cat":[51,131],"product_tag":[372],"class_list":{"0":"post-5676","1":"product","2":"type-product","3":"status-publish","4":"has-post-thumbnail","6":"product_brand-portable-winch-co","7":"product_cat-rescue","8":"product_cat-rope-rescue","9":"product_tag-portable-winch-co","11":"first","12":"instock","13":"shipping-taxable","14":"product-type-simple"},"yoast_head":"<!-- This site is optimized with the Yoast SEO plugin v27.4 - https:\/\/yoast.com\/product\/yoast-seo-wordpress\/ -->\n<title>Gas-Powered Pulling Winch, Max. Pulling Force: 1000 kg - Safety Source Fire<\/title>\n<meta name=\"robots\" content=\"index, follow, max-snippet:-1, max-image-preview:large, max-video-preview:-1\" \/>\n<link rel=\"canonical\" href=\"https:\/\/safetysourcefire.ca\/fr\/produit\/gas-powered-pulling-winch-max-pulling-force-1000-kg\/\" \/>\n<meta property=\"og:locale\" content=\"fr_CA\" \/>\n<meta property=\"og:type\" content=\"article\" \/>\n<meta property=\"og:title\" content=\"Gas-Powered Pulling Winch, Max. Pulling Force: 1000 kg - Safety Source Fire\" \/>\n<meta property=\"og:description\" content=\"If you ever need to bring down hung-up trees, pull out-of-reach logs, get a vehicle un-stuck, or any other applications we did not think of, the PCW5000 is for you.\" \/>\n<meta property=\"og:url\" content=\"https:\/\/safetysourcefire.ca\/fr\/produit\/gas-powered-pulling-winch-max-pulling-force-1000-kg\/\" \/>\n<meta property=\"og:site_name\" content=\"Safety Source Fire\" \/>\n<meta property=\"article:publisher\" content=\"https:\/\/www.facebook.com\/mmfssca\" \/>\n<meta property=\"article:modified_time\" content=\"2023-04-21T20:38:15+00:00\" \/>\n<meta property=\"og:image\" content=\"https:\/\/safetysourcefire.ca\/wp-content\/uploads\/2018\/04\/pcw5000_002_01-1.jpg\" \/>\n\t<meta property=\"og:image:width\" content=\"600\" \/>\n\t<meta property=\"og:image:height\" content=\"602\" \/>\n\t<meta property=\"og:image:type\" content=\"image\/jpeg\" \/>\n<meta name=\"twitter:card\" content=\"summary_large_image\" \/>\n<meta name=\"twitter:site\" content=\"@mmfssca\" \/>\n<meta name=\"twitter:label1\" content=\"Estimation du temps de lecture\" \/>\n\t<meta name=\"twitter:data1\" content=\"1 minute\" \/>\n<script type=\"application\/ld+json\" class=\"yoast-schema-graph\">{\"@context\":\"https:\\\/\\\/schema.org\",\"@graph\":[{\"@type\":\"WebPage\",\"@id\":\"https:\\\/\\\/safetysourcefire.ca\\\/product\\\/gas-powered-pulling-winch-max-pulling-force-1000-kg\\\/\",\"url\":\"https:\\\/\\\/safetysourcefire.ca\\\/product\\\/gas-powered-pulling-winch-max-pulling-force-1000-kg\\\/\",\"name\":\"Gas-Powered Pulling Winch, Max. Pulling Force: 1000 kg - Safety Source Fire\",\"isPartOf\":{\"@id\":\"https:\\\/\\\/safetysourcefire.ca\\\/#website\"},\"primaryImageOfPage\":{\"@id\":\"https:\\\/\\\/safetysourcefire.ca\\\/product\\\/gas-powered-pulling-winch-max-pulling-force-1000-kg\\\/#primaryimage\"},\"image\":{\"@id\":\"https:\\\/\\\/safetysourcefire.ca\\\/product\\\/gas-powered-pulling-winch-max-pulling-force-1000-kg\\\/#primaryimage\"},\"thumbnailUrl\":\"https:\\\/\\\/safetysourcefire.ca\\\/wp-content\\\/uploads\\\/2018\\\/04\\\/pcw5000_002_01-1.jpg\",\"datePublished\":\"2018-04-19T13:14:23+00:00\",\"dateModified\":\"2023-04-21T20:38:15+00:00\",\"breadcrumb\":{\"@id\":\"https:\\\/\\\/safetysourcefire.ca\\\/product\\\/gas-powered-pulling-winch-max-pulling-force-1000-kg\\\/#breadcrumb\"},\"inLanguage\":\"fr-CA\",\"potentialAction\":[{\"@type\":\"ReadAction\",\"target\":[\"https:\\\/\\\/safetysourcefire.ca\\\/product\\\/gas-powered-pulling-winch-max-pulling-force-1000-kg\\\/\"]}]},{\"@type\":\"ImageObject\",\"inLanguage\":\"fr-CA\",\"@id\":\"https:\\\/\\\/safetysourcefire.ca\\\/product\\\/gas-powered-pulling-winch-max-pulling-force-1000-kg\\\/#primaryimage\",\"url\":\"https:\\\/\\\/safetysourcefire.ca\\\/wp-content\\\/uploads\\\/2018\\\/04\\\/pcw5000_002_01-1.jpg\",\"contentUrl\":\"https:\\\/\\\/safetysourcefire.ca\\\/wp-content\\\/uploads\\\/2018\\\/04\\\/pcw5000_002_01-1.jpg\",\"width\":600,\"height\":602,\"caption\":\"Winch\"},{\"@type\":\"BreadcrumbList\",\"@id\":\"https:\\\/\\\/safetysourcefire.ca\\\/product\\\/gas-powered-pulling-winch-max-pulling-force-1000-kg\\\/#breadcrumb\",\"itemListElement\":[{\"@type\":\"ListItem\",\"position\":1,\"name\":\"Home\",\"item\":\"https:\\\/\\\/safetysourcefire.ca\\\/\"},{\"@type\":\"ListItem\",\"position\":2,\"name\":\"Products\",\"item\":\"https:\\\/\\\/safetysourcefire.ca\\\/shop\\\/\"},{\"@type\":\"ListItem\",\"position\":3,\"name\":\"Gas-Powered Pulling Winch, Max. Pulling Force: 1000 kg\"}]},{\"@type\":\"WebSite\",\"@id\":\"https:\\\/\\\/safetysourcefire.ca\\\/#website\",\"url\":\"https:\\\/\\\/safetysourcefire.ca\\\/\",\"name\":\"Safety Source Fire\",\"description\":\"\",\"publisher\":{\"@id\":\"https:\\\/\\\/safetysourcefire.ca\\\/#organization\"},\"potentialAction\":[{\"@type\":\"SearchAction\",\"target\":{\"@type\":\"EntryPoint\",\"urlTemplate\":\"https:\\\/\\\/safetysourcefire.ca\\\/?s={search_term_string}\"},\"query-input\":{\"@type\":\"PropertyValueSpecification\",\"valueRequired\":true,\"valueName\":\"search_term_string\"}}],\"inLanguage\":\"fr-CA\"},{\"@type\":\"Organization\",\"@id\":\"https:\\\/\\\/safetysourcefire.ca\\\/#organization\",\"name\":\"Safety Source Fire\",\"url\":\"https:\\\/\\\/safetysourcefire.ca\\\/\",\"logo\":{\"@type\":\"ImageObject\",\"inLanguage\":\"fr-CA\",\"@id\":\"https:\\\/\\\/safetysourcefire.ca\\\/#\\\/schema\\\/logo\\\/image\\\/\",\"url\":\"https:\\\/\\\/safetysourcefire.ca\\\/wp-content\\\/uploads\\\/2021\\\/01\\\/SSF_logo_CC0000-3.png\",\"contentUrl\":\"https:\\\/\\\/safetysourcefire.ca\\\/wp-content\\\/uploads\\\/2021\\\/01\\\/SSF_logo_CC0000-3.png\",\"width\":1107,\"height\":365,\"caption\":\"Safety Source Fire\"},\"image\":{\"@id\":\"https:\\\/\\\/safetysourcefire.ca\\\/#\\\/schema\\\/logo\\\/image\\\/\"},\"sameAs\":[\"https:\\\/\\\/www.facebook.com\\\/mmfssca\",\"https:\\\/\\\/x.com\\\/mmfssca\"]}]}<\/script>\n<!-- \/ Yoast SEO plugin. -->","yoast_head_json":{"title":"Treuil de traction \u00e0 gaz, force de traction maximale\u00a0: 1\u00a0000\u00a0kg - Safety Source Fire","robots":{"index":"index","follow":"follow","max-snippet":"max-snippet:-1","max-image-preview":"max-image-preview:large","max-video-preview":"max-video-preview:-1"},"canonical":"https:\/\/safetysourcefire.ca\/fr\/produit\/gas-powered-pulling-winch-max-pulling-force-1000-kg\/","og_locale":"fr_CA","og_type":"article","og_title":"Gas-Powered Pulling Winch, Max. Pulling Force: 1000 kg - Safety Source Fire","og_description":"If you ever need to bring down hung-up trees, pull out-of-reach logs, get a vehicle un-stuck, or any other applications we did not think of, the PCW5000 is for you.","og_url":"https:\/\/safetysourcefire.ca\/fr\/produit\/gas-powered-pulling-winch-max-pulling-force-1000-kg\/","og_site_name":"Safety Source Fire","article_publisher":"https:\/\/www.facebook.com\/mmfssca","article_modified_time":"2023-04-21T20:38:15+00:00","og_image":[{"width":600,"height":602,"url":"https:\/\/safetysourcefire.ca\/wp-content\/uploads\/2018\/04\/pcw5000_002_01-1.jpg","type":"image\/jpeg"}],"twitter_card":"summary_large_image","twitter_site":"@mmfssca","twitter_misc":{"Estimation du temps de lecture":"1 minute"},"schema":{"@context":"https:\/\/schema.org","@graph":[{"@type":"WebPage","@id":"https:\/\/safetysourcefire.ca\/product\/gas-powered-pulling-winch-max-pulling-force-1000-kg\/","url":"https:\/\/safetysourcefire.ca\/product\/gas-powered-pulling-winch-max-pulling-force-1000-kg\/","name":"Treuil de traction \u00e0 gaz, force de traction maximale\u00a0: 1\u00a0000\u00a0kg - Safety Source Fire","isPartOf":{"@id":"https:\/\/safetysourcefire.ca\/#website"},"primaryImageOfPage":{"@id":"https:\/\/safetysourcefire.ca\/product\/gas-powered-pulling-winch-max-pulling-force-1000-kg\/#primaryimage"},"image":{"@id":"https:\/\/safetysourcefire.ca\/product\/gas-powered-pulling-winch-max-pulling-force-1000-kg\/#primaryimage"},"thumbnailUrl":"https:\/\/safetysourcefire.ca\/wp-content\/uploads\/2018\/04\/pcw5000_002_01-1.jpg","datePublished":"2018-04-19T13:14:23+00:00","dateModified":"2023-04-21T20:38:15+00:00","breadcrumb":{"@id":"https:\/\/safetysourcefire.ca\/product\/gas-powered-pulling-winch-max-pulling-force-1000-kg\/#breadcrumb"},"inLanguage":"fr-CA","potentialAction":[{"@type":"ReadAction","target":["https:\/\/safetysourcefire.ca\/product\/gas-powered-pulling-winch-max-pulling-force-1000-kg\/"]}]},{"@type":"ImageObject","inLanguage":"fr-CA","@id":"https:\/\/safetysourcefire.ca\/product\/gas-powered-pulling-winch-max-pulling-force-1000-kg\/#primaryimage","url":"https:\/\/safetysourcefire.ca\/wp-content\/uploads\/2018\/04\/pcw5000_002_01-1.jpg","contentUrl":"https:\/\/safetysourcefire.ca\/wp-content\/uploads\/2018\/04\/pcw5000_002_01-1.jpg","width":600,"height":602,"caption":"Winch"},{"@type":"BreadcrumbList","@id":"https:\/\/safetysourcefire.ca\/product\/gas-powered-pulling-winch-max-pulling-force-1000-kg\/#breadcrumb","itemListElement":[{"@type":"ListItem","position":1,"name":"Home","item":"https:\/\/safetysourcefire.ca\/"},{"@type":"ListItem","position":2,"name":"Products","item":"https:\/\/safetysourcefire.ca\/shop\/"},{"@type":"ListItem","position":3,"name":"Gas-Powered Pulling Winch, Max. Pulling Force: 1000 kg"}]},{"@type":"WebSite","@id":"https:\/\/safetysourcefire.ca\/#website","url":"https:\/\/safetysourcefire.ca\/","name":"Safety Source Fire","description":"","publisher":{"@id":"https:\/\/safetysourcefire.ca\/#organization"},"potentialAction":[{"@type":"SearchAction","target":{"@type":"EntryPoint","urlTemplate":"https:\/\/safetysourcefire.ca\/?s={search_term_string}"},"query-input":{"@type":"PropertyValueSpecification","valueRequired":true,"valueName":"search_term_string"}}],"inLanguage":"fr-CA"},{"@type":"Organization","@id":"https:\/\/safetysourcefire.ca\/#organization","name":"Safety Source Fire","url":"https:\/\/safetysourcefire.ca\/","logo":{"@type":"ImageObject","inLanguage":"fr-CA","@id":"https:\/\/safetysourcefire.ca\/#\/schema\/logo\/image\/","url":"https:\/\/safetysourcefire.ca\/wp-content\/uploads\/2021\/01\/SSF_logo_CC0000-3.png","contentUrl":"https:\/\/safetysourcefire.ca\/wp-content\/uploads\/2021\/01\/SSF_logo_CC0000-3.png","width":1107,"height":365,"caption":"Safety Source Fire"},"image":{"@id":"https:\/\/safetysourcefire.ca\/#\/schema\/logo\/image\/"},"sameAs":["https:\/\/www.facebook.com\/mmfssca","https:\/\/x.com\/mmfssca"]}]}},"_links":{"self":[{"href":"https:\/\/safetysourcefire.ca\/fr\/wp-json\/wp\/v2\/product\/5676","targetHints":{"allow":["GET"]}}],"collection":[{"href":"https:\/\/safetysourcefire.ca\/fr\/wp-json\/wp\/v2\/product"}],"about":[{"href":"https:\/\/safetysourcefire.ca\/fr\/wp-json\/wp\/v2\/types\/product"}],"wp:featuredmedia":[{"embeddable":true,"href":"https:\/\/safetysourcefire.ca\/fr\/wp-json\/wp\/v2\/media\/5678"}],"wp:attachment":[{"href":"https:\/\/safetysourcefire.ca\/fr\/wp-json\/wp\/v2\/media?parent=5676"}],"wp:term":[{"taxonomy":"product_brand","embeddable":true,"href":"https:\/\/safetysourcefire.ca\/fr\/wp-json\/wp\/v2\/product_brand?post=5676"},{"taxonomy":"product_cat","embeddable":true,"href":"https:\/\/safetysourcefire.ca\/fr\/wp-json\/wp\/v2\/product_cat?post=5676"},{"taxonomy":"product_tag","embeddable":true,"href":"https:\/\/safetysourcefire.ca\/fr\/wp-json\/wp\/v2\/product_tag?post=5676"}],"curies":[{"name":"wp","href":"https:\/\/api.w.org\/{rel}","templated":true}]}}