{"id":5708,"date":"2018-04-19T17:42:06","date_gmt":"2018-04-19T17:42:06","guid":{"rendered":"https:\/\/mmfss.ca\/?post_type=product&#038;p=5708"},"modified":"2018-04-19T17:42:06","modified_gmt":"2018-04-19T17:42:06","slug":"powerup-battery-analyzer","status":"publish","type":"product","link":"https:\/\/safetysourcefire.ca\/fr\/produit\/powerup-battery-analyzer\/","title":{"rendered":"Analyseur de batterie PowerUp"},"content":{"rendered":"<p><strong>Quoi de pire que d'arriver sur le terrain avec une batterie d\u00e9charg\u00e9e ? En utilisant PowerUp en conjonction avec un processus d'inspection et de maintenance r\u00e9gulier, vous pouvez restaurer ou remplacer les batteries non performantes de votre inventaire avant qu'elles n'affectent les op\u00e9rations. Le PowerUp multifonctionnel maintient les batteries de votre imageur thermique en parfait \u00e9tat.<\/strong><\/p>\n<h3>Rentable<\/h3>\n<p>Le chargeur de batterie, l'analyseur et le conditionneur PowerUp vous offrent un contr\u00f4le complet de votre inventaire de batteries \u00e0 une fraction du co\u00fbt des produits commerciaux. De nombreuses batteries qui semblent non fonctionnelles peuvent \u00eatre restaur\u00e9es avec des techniques de conditionnement avanc\u00e9es. Avec PowerUp, vous avez le pouvoir d'augmenter la dur\u00e9e de vie de vos batteries, en am\u00e9liorant l'efficacit\u00e9 tout en r\u00e9duisant les co\u00fbts de remplacement fr\u00e9quent des batteries. PowerUp peut conditionner jusqu'\u00e0 quatre batteries \u00e0 la fois.*<\/p>\n<h3>Contr\u00f4le et commodit\u00e9 totale<\/h3>\n<p>Utilis\u00e9 conjointement avec le logiciel de panneau de contr\u00f4le personnel de Bullard, myBullard\u2122, vous pouvez ajouter et supprimer des batteries de votre inventaire en quelques clics de souris. De plus, myBullard\u2122 peut vous avertir lorsqu'un cycle d'analyse et de conditionnement est termin\u00e9 en vous envoyant un SMS ou un e-mail. PowerUp peut se d\u00e9connecter du PC et s'ex\u00e9cuter \u00e0 distance une fois d\u00e9marr\u00e9, ce qui vous permet d'utiliser votre PC pour d'autres t\u00e2ches.<\/p>\n<h3>Analyses<\/h3>\n<p>\u00c0 l'aide de myBullard\u2122, PowerUp analyse d'abord la batterie de votre cam\u00e9ra thermique pour d\u00e9terminer son \u00e9tat. PowerUp utilise automatiquement ces informations pour d\u00e9terminer si le conditionnement de la batterie est requis.<\/p>\n<h3>Conditionnement<\/h3>\n<p>Si, apr\u00e8s avoir analys\u00e9 votre batterie, PowerUp d\u00e9termine que la batterie ne fonctionne pas de mani\u00e8re optimale, il commencera un cycle de conditionnement pour augmenter l'autonomie de celle-ci. PowerUp continue d'ex\u00e9cuter des s\u00e9quences d'analyse et de conditionnement jusqu'\u00e0 ce qu'il ne puisse plus augmenter les performances de la batterie ou lorsqu'il d\u00e9termine que la batterie est d\u00e9fectueuse.<\/p>\n<h3>Recharge<\/h3>\n<p>En plus de ses capacit\u00e9s d&#039;analyse et de conditionnement, PowerUp peut \u00e9galement charger des batteries, il n&#039;est donc pas n\u00e9cessaire d&#039;avoir un chargeur de bureau s\u00e9par\u00e9.<\/p>\n<p>PowerUp fonctionne avec toutes les batteries d&#039;imageurs thermiques des s\u00e9ries T3, T4, Eclipse\u00ae, Edge\u2122 et TacSight\u00ae.<\/p>\n<p>* N\u00e9cessite une unit\u00e9 PowerUp distincte pour chaque processus simultan\u00e9 suppl\u00e9mentaire.<\/p>","protected":false},"excerpt":{"rendered":"<p>Gardez vos batteries \u00e0 des performances optimales<\/p>","protected":false},"featured_media":5710,"template":"","meta":[],"product_brand":[201],"product_cat":[51,134],"product_tag":[265],"class_list":{"0":"post-5708","1":"product","2":"type-product","3":"status-publish","4":"has-post-thumbnail","6":"product_brand-bullard","7":"product_cat-rescue","8":"product_cat-thermal-imaging","9":"product_tag-bullard","11":"first","12":"instock","13":"shipping-taxable","14":"product-type-simple"},"yoast_head":"<!-- This site is optimized with the Yoast SEO plugin v27.4 - https:\/\/yoast.com\/product\/yoast-seo-wordpress\/ -->\n<title>PowerUp Battery Analyzer - Safety Source Fire<\/title>\n<meta name=\"robots\" content=\"index, follow, max-snippet:-1, max-image-preview:large, max-video-preview:-1\" \/>\n<link rel=\"canonical\" href=\"https:\/\/safetysourcefire.ca\/fr\/produit\/powerup-battery-analyzer\/\" \/>\n<meta property=\"og:locale\" content=\"fr_CA\" \/>\n<meta property=\"og:type\" content=\"article\" \/>\n<meta property=\"og:title\" content=\"PowerUp Battery Analyzer - Safety Source Fire\" \/>\n<meta property=\"og:description\" content=\"Keep Your Batteries at Peak Performance\" \/>\n<meta property=\"og:url\" content=\"https:\/\/safetysourcefire.ca\/fr\/produit\/powerup-battery-analyzer\/\" \/>\n<meta property=\"og:site_name\" content=\"Safety Source Fire\" \/>\n<meta property=\"article:publisher\" content=\"https:\/\/www.facebook.com\/mmfssca\" \/>\n<meta property=\"og:image\" content=\"https:\/\/safetysourcefire.ca\/wp-content\/uploads\/2018\/04\/PowerUp.jpg\" \/>\n\t<meta property=\"og:image:width\" content=\"600\" \/>\n\t<meta property=\"og:image:height\" content=\"600\" \/>\n\t<meta property=\"og:image:type\" content=\"image\/jpeg\" \/>\n<meta name=\"twitter:card\" content=\"summary_large_image\" \/>\n<meta name=\"twitter:site\" content=\"@mmfssca\" \/>\n<meta name=\"twitter:label1\" content=\"Estimation du temps de lecture\" \/>\n\t<meta name=\"twitter:data1\" content=\"2 minutes\" \/>\n<script type=\"application\/ld+json\" class=\"yoast-schema-graph\">{\"@context\":\"https:\\\/\\\/schema.org\",\"@graph\":[{\"@type\":\"WebPage\",\"@id\":\"https:\\\/\\\/safetysourcefire.ca\\\/product\\\/powerup-battery-analyzer\\\/\",\"url\":\"https:\\\/\\\/safetysourcefire.ca\\\/product\\\/powerup-battery-analyzer\\\/\",\"name\":\"PowerUp Battery Analyzer - Safety Source Fire\",\"isPartOf\":{\"@id\":\"https:\\\/\\\/safetysourcefire.ca\\\/#website\"},\"primaryImageOfPage\":{\"@id\":\"https:\\\/\\\/safetysourcefire.ca\\\/product\\\/powerup-battery-analyzer\\\/#primaryimage\"},\"image\":{\"@id\":\"https:\\\/\\\/safetysourcefire.ca\\\/product\\\/powerup-battery-analyzer\\\/#primaryimage\"},\"thumbnailUrl\":\"https:\\\/\\\/safetysourcefire.ca\\\/wp-content\\\/uploads\\\/2018\\\/04\\\/PowerUp.jpg\",\"datePublished\":\"2018-04-19T17:42:06+00:00\",\"breadcrumb\":{\"@id\":\"https:\\\/\\\/safetysourcefire.ca\\\/product\\\/powerup-battery-analyzer\\\/#breadcrumb\"},\"inLanguage\":\"fr-CA\",\"potentialAction\":[{\"@type\":\"ReadAction\",\"target\":[\"https:\\\/\\\/safetysourcefire.ca\\\/product\\\/powerup-battery-analyzer\\\/\"]}]},{\"@type\":\"ImageObject\",\"inLanguage\":\"fr-CA\",\"@id\":\"https:\\\/\\\/safetysourcefire.ca\\\/product\\\/powerup-battery-analyzer\\\/#primaryimage\",\"url\":\"https:\\\/\\\/safetysourcefire.ca\\\/wp-content\\\/uploads\\\/2018\\\/04\\\/PowerUp.jpg\",\"contentUrl\":\"https:\\\/\\\/safetysourcefire.ca\\\/wp-content\\\/uploads\\\/2018\\\/04\\\/PowerUp.jpg\",\"width\":600,\"height\":600,\"caption\":\"charger\"},{\"@type\":\"BreadcrumbList\",\"@id\":\"https:\\\/\\\/safetysourcefire.ca\\\/product\\\/powerup-battery-analyzer\\\/#breadcrumb\",\"itemListElement\":[{\"@type\":\"ListItem\",\"position\":1,\"name\":\"Home\",\"item\":\"https:\\\/\\\/safetysourcefire.ca\\\/\"},{\"@type\":\"ListItem\",\"position\":2,\"name\":\"Products\",\"item\":\"https:\\\/\\\/safetysourcefire.ca\\\/shop\\\/\"},{\"@type\":\"ListItem\",\"position\":3,\"name\":\"PowerUp Battery Analyzer\"}]},{\"@type\":\"WebSite\",\"@id\":\"https:\\\/\\\/safetysourcefire.ca\\\/#website\",\"url\":\"https:\\\/\\\/safetysourcefire.ca\\\/\",\"name\":\"Safety Source Fire\",\"description\":\"\",\"publisher\":{\"@id\":\"https:\\\/\\\/safetysourcefire.ca\\\/#organization\"},\"potentialAction\":[{\"@type\":\"SearchAction\",\"target\":{\"@type\":\"EntryPoint\",\"urlTemplate\":\"https:\\\/\\\/safetysourcefire.ca\\\/?s={search_term_string}\"},\"query-input\":{\"@type\":\"PropertyValueSpecification\",\"valueRequired\":true,\"valueName\":\"search_term_string\"}}],\"inLanguage\":\"fr-CA\"},{\"@type\":\"Organization\",\"@id\":\"https:\\\/\\\/safetysourcefire.ca\\\/#organization\",\"name\":\"Safety Source Fire\",\"url\":\"https:\\\/\\\/safetysourcefire.ca\\\/\",\"logo\":{\"@type\":\"ImageObject\",\"inLanguage\":\"fr-CA\",\"@id\":\"https:\\\/\\\/safetysourcefire.ca\\\/#\\\/schema\\\/logo\\\/image\\\/\",\"url\":\"https:\\\/\\\/safetysourcefire.ca\\\/wp-content\\\/uploads\\\/2021\\\/01\\\/SSF_logo_CC0000-3.png\",\"contentUrl\":\"https:\\\/\\\/safetysourcefire.ca\\\/wp-content\\\/uploads\\\/2021\\\/01\\\/SSF_logo_CC0000-3.png\",\"width\":1107,\"height\":365,\"caption\":\"Safety Source Fire\"},\"image\":{\"@id\":\"https:\\\/\\\/safetysourcefire.ca\\\/#\\\/schema\\\/logo\\\/image\\\/\"},\"sameAs\":[\"https:\\\/\\\/www.facebook.com\\\/mmfssca\",\"https:\\\/\\\/x.com\\\/mmfssca\"]}]}<\/script>\n<!-- \/ Yoast SEO plugin. -->","yoast_head_json":{"title":"Analyseur de batterie PowerUp - Incendie de source de s\u00e9curit\u00e9","robots":{"index":"index","follow":"follow","max-snippet":"max-snippet:-1","max-image-preview":"max-image-preview:large","max-video-preview":"max-video-preview:-1"},"canonical":"https:\/\/safetysourcefire.ca\/fr\/produit\/powerup-battery-analyzer\/","og_locale":"fr_CA","og_type":"article","og_title":"PowerUp Battery Analyzer - Safety Source Fire","og_description":"Keep Your Batteries at Peak Performance","og_url":"https:\/\/safetysourcefire.ca\/fr\/produit\/powerup-battery-analyzer\/","og_site_name":"Safety Source Fire","article_publisher":"https:\/\/www.facebook.com\/mmfssca","og_image":[{"width":600,"height":600,"url":"https:\/\/safetysourcefire.ca\/wp-content\/uploads\/2018\/04\/PowerUp.jpg","type":"image\/jpeg"}],"twitter_card":"summary_large_image","twitter_site":"@mmfssca","twitter_misc":{"Estimation du temps de lecture":"2 minutes"},"schema":{"@context":"https:\/\/schema.org","@graph":[{"@type":"WebPage","@id":"https:\/\/safetysourcefire.ca\/product\/powerup-battery-analyzer\/","url":"https:\/\/safetysourcefire.ca\/product\/powerup-battery-analyzer\/","name":"Analyseur de batterie PowerUp - Incendie de source de s\u00e9curit\u00e9","isPartOf":{"@id":"https:\/\/safetysourcefire.ca\/#website"},"primaryImageOfPage":{"@id":"https:\/\/safetysourcefire.ca\/product\/powerup-battery-analyzer\/#primaryimage"},"image":{"@id":"https:\/\/safetysourcefire.ca\/product\/powerup-battery-analyzer\/#primaryimage"},"thumbnailUrl":"https:\/\/safetysourcefire.ca\/wp-content\/uploads\/2018\/04\/PowerUp.jpg","datePublished":"2018-04-19T17:42:06+00:00","breadcrumb":{"@id":"https:\/\/safetysourcefire.ca\/product\/powerup-battery-analyzer\/#breadcrumb"},"inLanguage":"fr-CA","potentialAction":[{"@type":"ReadAction","target":["https:\/\/safetysourcefire.ca\/product\/powerup-battery-analyzer\/"]}]},{"@type":"ImageObject","inLanguage":"fr-CA","@id":"https:\/\/safetysourcefire.ca\/product\/powerup-battery-analyzer\/#primaryimage","url":"https:\/\/safetysourcefire.ca\/wp-content\/uploads\/2018\/04\/PowerUp.jpg","contentUrl":"https:\/\/safetysourcefire.ca\/wp-content\/uploads\/2018\/04\/PowerUp.jpg","width":600,"height":600,"caption":"charger"},{"@type":"BreadcrumbList","@id":"https:\/\/safetysourcefire.ca\/product\/powerup-battery-analyzer\/#breadcrumb","itemListElement":[{"@type":"ListItem","position":1,"name":"Home","item":"https:\/\/safetysourcefire.ca\/"},{"@type":"ListItem","position":2,"name":"Products","item":"https:\/\/safetysourcefire.ca\/shop\/"},{"@type":"ListItem","position":3,"name":"PowerUp Battery Analyzer"}]},{"@type":"WebSite","@id":"https:\/\/safetysourcefire.ca\/#website","url":"https:\/\/safetysourcefire.ca\/","name":"Safety Source Fire","description":"","publisher":{"@id":"https:\/\/safetysourcefire.ca\/#organization"},"potentialAction":[{"@type":"SearchAction","target":{"@type":"EntryPoint","urlTemplate":"https:\/\/safetysourcefire.ca\/?s={search_term_string}"},"query-input":{"@type":"PropertyValueSpecification","valueRequired":true,"valueName":"search_term_string"}}],"inLanguage":"fr-CA"},{"@type":"Organization","@id":"https:\/\/safetysourcefire.ca\/#organization","name":"Safety Source Fire","url":"https:\/\/safetysourcefire.ca\/","logo":{"@type":"ImageObject","inLanguage":"fr-CA","@id":"https:\/\/safetysourcefire.ca\/#\/schema\/logo\/image\/","url":"https:\/\/safetysourcefire.ca\/wp-content\/uploads\/2021\/01\/SSF_logo_CC0000-3.png","contentUrl":"https:\/\/safetysourcefire.ca\/wp-content\/uploads\/2021\/01\/SSF_logo_CC0000-3.png","width":1107,"height":365,"caption":"Safety Source Fire"},"image":{"@id":"https:\/\/safetysourcefire.ca\/#\/schema\/logo\/image\/"},"sameAs":["https:\/\/www.facebook.com\/mmfssca","https:\/\/x.com\/mmfssca"]}]}},"_links":{"self":[{"href":"https:\/\/safetysourcefire.ca\/fr\/wp-json\/wp\/v2\/product\/5708","targetHints":{"allow":["GET"]}}],"collection":[{"href":"https:\/\/safetysourcefire.ca\/fr\/wp-json\/wp\/v2\/product"}],"about":[{"href":"https:\/\/safetysourcefire.ca\/fr\/wp-json\/wp\/v2\/types\/product"}],"wp:featuredmedia":[{"embeddable":true,"href":"https:\/\/safetysourcefire.ca\/fr\/wp-json\/wp\/v2\/media\/5710"}],"wp:attachment":[{"href":"https:\/\/safetysourcefire.ca\/fr\/wp-json\/wp\/v2\/media?parent=5708"}],"wp:term":[{"taxonomy":"product_brand","embeddable":true,"href":"https:\/\/safetysourcefire.ca\/fr\/wp-json\/wp\/v2\/product_brand?post=5708"},{"taxonomy":"product_cat","embeddable":true,"href":"https:\/\/safetysourcefire.ca\/fr\/wp-json\/wp\/v2\/product_cat?post=5708"},{"taxonomy":"product_tag","embeddable":true,"href":"https:\/\/safetysourcefire.ca\/fr\/wp-json\/wp\/v2\/product_tag?post=5708"}],"curies":[{"name":"wp","href":"https:\/\/api.w.org\/{rel}","templated":true}]}}