{"id":5768,"date":"2018-05-03T21:01:00","date_gmt":"2018-05-03T21:01:00","guid":{"rendered":"https:\/\/mmfss.ca\/?post_type=product&#038;p=5768"},"modified":"2023-06-01T17:12:41","modified_gmt":"2023-06-01T17:12:41","slug":"k-970-power-cutters","status":"publish","type":"product","link":"https:\/\/safetysourcefire.ca\/fr\/produit\/k-970-power-cutters\/","title":{"rendered":"Scie K 970"},"content":{"rendered":"<p>Le choix ultime lorsque vous avez besoin d'une scie polyvalente et performante dans les conditions les plus difficiles. R\u00e9sistante aux variations climatiques et aux variations de carburant, cette scie convient aussi aux travaux routiers lorsqu'elle est utilis\u00e9 avec le chariot KV 970 correspondant.<\/p>\n<p>Cylindr\u00e9e : 5,71 pouces cubes, 93,6 cm\u00b3<br \/>\nDiam\u00e8tre de la lame, max : 14 po, 350 mm<\/p>\n<p><strong>FONCTIONNALIT\u00c9S<\/strong><\/p>\n<p><strong>Tension de courroie facile et optimale<\/strong><br \/>\nLe syst\u00e8me SmartTension semi-automatique minimise le risque de sous-tension et de surtension.<\/p>\n<p><strong>Robuste et fiable<\/strong><br \/>\nMoins sensible aux conditions ext\u00e9rieures et aux variations de carburant, gr\u00e2ce \u00e0 la conception du cylindre et au silencieux avec d\u00e9flecteur de chaleur int\u00e9gr\u00e9.<\/p>\n<p><strong>Facile \u00e0 d\u00e9marrer<\/strong><br \/>\nLa conception unique du carburateur, du cylindre et du syst\u00e8me d&#039;allumage num\u00e9rique, ainsi que la purge d&#039;air et la soupape de d\u00e9compression assurent un d\u00e9marrage facile.<\/p>\n<p><strong>Entretien minimal<\/strong><br \/>\nLa courroie Poly-V solide, le d\u00e9marreur sans entretien DuraStarter\u2122 ainsi que le syst\u00e8me de filtrage efficace Active Air Filtration\u2122 vous garantissent de longs intervalles entre les entretiens.<\/p>","protected":false},"excerpt":{"rendered":"<p>Robuste, fiable, l\u00e9g\u00e8re et puissante - la d\u00e9coupeuse K 970 est pr\u00eate quand vous l'\u00eates!<\/p>","protected":false},"featured_media":5770,"template":"","meta":[],"product_brand":[384],"product_cat":[51,132],"product_tag":[386],"class_list":{"0":"post-5768","1":"product","2":"type-product","3":"status-publish","4":"has-post-thumbnail","6":"product_brand-husqvarna","7":"product_cat-rescue","8":"product_cat-saws","9":"product_tag-husqvarna","11":"first","12":"instock","13":"shipping-taxable","14":"product-type-simple"},"yoast_head":"<!-- This site is optimized with the Yoast SEO plugin v27.4 - https:\/\/yoast.com\/product\/yoast-seo-wordpress\/ -->\n<title>K 970 Power Cutters - Safety Source Fire<\/title>\n<meta name=\"robots\" content=\"index, follow, max-snippet:-1, max-image-preview:large, max-video-preview:-1\" \/>\n<link rel=\"canonical\" href=\"https:\/\/safetysourcefire.ca\/fr\/produit\/k-970-power-cutters\/\" \/>\n<meta property=\"og:locale\" content=\"fr_CA\" \/>\n<meta property=\"og:type\" content=\"article\" \/>\n<meta property=\"og:title\" content=\"K 970 Power Cutters - Safety Source Fire\" \/>\n<meta property=\"og:description\" content=\"Sturdy, reliable, light and powerful - the K 970 power cutter is ready to perform when you are.\" \/>\n<meta property=\"og:url\" content=\"https:\/\/safetysourcefire.ca\/fr\/produit\/k-970-power-cutters\/\" \/>\n<meta property=\"og:site_name\" content=\"Safety Source Fire\" \/>\n<meta property=\"article:publisher\" content=\"https:\/\/www.facebook.com\/mmfssca\" \/>\n<meta property=\"article:modified_time\" content=\"2023-06-01T17:12:41+00:00\" \/>\n<meta property=\"og:image\" content=\"https:\/\/safetysourcefire.ca\/wp-content\/uploads\/2018\/05\/HC210-0344.png\" \/>\n\t<meta property=\"og:image:width\" content=\"618\" \/>\n\t<meta property=\"og:image:height\" content=\"618\" \/>\n\t<meta property=\"og:image:type\" content=\"image\/png\" \/>\n<meta name=\"twitter:card\" content=\"summary_large_image\" \/>\n<meta name=\"twitter:site\" content=\"@mmfssca\" \/>\n<meta name=\"twitter:label1\" content=\"Estimation du temps de lecture\" \/>\n\t<meta name=\"twitter:data1\" content=\"1 minute\" \/>\n<script type=\"application\/ld+json\" class=\"yoast-schema-graph\">{\"@context\":\"https:\\\/\\\/schema.org\",\"@graph\":[{\"@type\":\"WebPage\",\"@id\":\"https:\\\/\\\/safetysourcefire.ca\\\/product\\\/k-970-power-cutters\\\/\",\"url\":\"https:\\\/\\\/safetysourcefire.ca\\\/product\\\/k-970-power-cutters\\\/\",\"name\":\"K 970 Power Cutters - Safety Source Fire\",\"isPartOf\":{\"@id\":\"https:\\\/\\\/safetysourcefire.ca\\\/#website\"},\"primaryImageOfPage\":{\"@id\":\"https:\\\/\\\/safetysourcefire.ca\\\/product\\\/k-970-power-cutters\\\/#primaryimage\"},\"image\":{\"@id\":\"https:\\\/\\\/safetysourcefire.ca\\\/product\\\/k-970-power-cutters\\\/#primaryimage\"},\"thumbnailUrl\":\"https:\\\/\\\/safetysourcefire.ca\\\/wp-content\\\/uploads\\\/2018\\\/05\\\/HC210-0344.png\",\"datePublished\":\"2018-05-03T21:01:00+00:00\",\"dateModified\":\"2023-06-01T17:12:41+00:00\",\"breadcrumb\":{\"@id\":\"https:\\\/\\\/safetysourcefire.ca\\\/product\\\/k-970-power-cutters\\\/#breadcrumb\"},\"inLanguage\":\"fr-CA\",\"potentialAction\":[{\"@type\":\"ReadAction\",\"target\":[\"https:\\\/\\\/safetysourcefire.ca\\\/product\\\/k-970-power-cutters\\\/\"]}]},{\"@type\":\"ImageObject\",\"inLanguage\":\"fr-CA\",\"@id\":\"https:\\\/\\\/safetysourcefire.ca\\\/product\\\/k-970-power-cutters\\\/#primaryimage\",\"url\":\"https:\\\/\\\/safetysourcefire.ca\\\/wp-content\\\/uploads\\\/2018\\\/05\\\/HC210-0344.png\",\"contentUrl\":\"https:\\\/\\\/safetysourcefire.ca\\\/wp-content\\\/uploads\\\/2018\\\/05\\\/HC210-0344.png\",\"width\":618,\"height\":618,\"caption\":\"power cutter\"},{\"@type\":\"BreadcrumbList\",\"@id\":\"https:\\\/\\\/safetysourcefire.ca\\\/product\\\/k-970-power-cutters\\\/#breadcrumb\",\"itemListElement\":[{\"@type\":\"ListItem\",\"position\":1,\"name\":\"Home\",\"item\":\"https:\\\/\\\/safetysourcefire.ca\\\/\"},{\"@type\":\"ListItem\",\"position\":2,\"name\":\"Products\",\"item\":\"https:\\\/\\\/safetysourcefire.ca\\\/shop\\\/\"},{\"@type\":\"ListItem\",\"position\":3,\"name\":\"K 970 Power Cutters\"}]},{\"@type\":\"WebSite\",\"@id\":\"https:\\\/\\\/safetysourcefire.ca\\\/#website\",\"url\":\"https:\\\/\\\/safetysourcefire.ca\\\/\",\"name\":\"Safety Source Fire\",\"description\":\"\",\"publisher\":{\"@id\":\"https:\\\/\\\/safetysourcefire.ca\\\/#organization\"},\"potentialAction\":[{\"@type\":\"SearchAction\",\"target\":{\"@type\":\"EntryPoint\",\"urlTemplate\":\"https:\\\/\\\/safetysourcefire.ca\\\/?s={search_term_string}\"},\"query-input\":{\"@type\":\"PropertyValueSpecification\",\"valueRequired\":true,\"valueName\":\"search_term_string\"}}],\"inLanguage\":\"fr-CA\"},{\"@type\":\"Organization\",\"@id\":\"https:\\\/\\\/safetysourcefire.ca\\\/#organization\",\"name\":\"Safety Source Fire\",\"url\":\"https:\\\/\\\/safetysourcefire.ca\\\/\",\"logo\":{\"@type\":\"ImageObject\",\"inLanguage\":\"fr-CA\",\"@id\":\"https:\\\/\\\/safetysourcefire.ca\\\/#\\\/schema\\\/logo\\\/image\\\/\",\"url\":\"https:\\\/\\\/safetysourcefire.ca\\\/wp-content\\\/uploads\\\/2021\\\/01\\\/SSF_logo_CC0000-3.png\",\"contentUrl\":\"https:\\\/\\\/safetysourcefire.ca\\\/wp-content\\\/uploads\\\/2021\\\/01\\\/SSF_logo_CC0000-3.png\",\"width\":1107,\"height\":365,\"caption\":\"Safety Source Fire\"},\"image\":{\"@id\":\"https:\\\/\\\/safetysourcefire.ca\\\/#\\\/schema\\\/logo\\\/image\\\/\"},\"sameAs\":[\"https:\\\/\\\/www.facebook.com\\\/mmfssca\",\"https:\\\/\\\/x.com\\\/mmfssca\"]}]}<\/script>\n<!-- \/ Yoast SEO plugin. -->","yoast_head_json":{"title":"D\u00e9coupeuses K 970 - Source de s\u00e9curit\u00e9 incendie","robots":{"index":"index","follow":"follow","max-snippet":"max-snippet:-1","max-image-preview":"max-image-preview:large","max-video-preview":"max-video-preview:-1"},"canonical":"https:\/\/safetysourcefire.ca\/fr\/produit\/k-970-power-cutters\/","og_locale":"fr_CA","og_type":"article","og_title":"K 970 Power Cutters - Safety Source Fire","og_description":"Sturdy, reliable, light and powerful - the K 970 power cutter is ready to perform when you are.","og_url":"https:\/\/safetysourcefire.ca\/fr\/produit\/k-970-power-cutters\/","og_site_name":"Safety Source Fire","article_publisher":"https:\/\/www.facebook.com\/mmfssca","article_modified_time":"2023-06-01T17:12:41+00:00","og_image":[{"width":618,"height":618,"url":"https:\/\/safetysourcefire.ca\/wp-content\/uploads\/2018\/05\/HC210-0344.png","type":"image\/png"}],"twitter_card":"summary_large_image","twitter_site":"@mmfssca","twitter_misc":{"Estimation du temps de lecture":"1 minute"},"schema":{"@context":"https:\/\/schema.org","@graph":[{"@type":"WebPage","@id":"https:\/\/safetysourcefire.ca\/product\/k-970-power-cutters\/","url":"https:\/\/safetysourcefire.ca\/product\/k-970-power-cutters\/","name":"D\u00e9coupeuses K 970 - Source de s\u00e9curit\u00e9 incendie","isPartOf":{"@id":"https:\/\/safetysourcefire.ca\/#website"},"primaryImageOfPage":{"@id":"https:\/\/safetysourcefire.ca\/product\/k-970-power-cutters\/#primaryimage"},"image":{"@id":"https:\/\/safetysourcefire.ca\/product\/k-970-power-cutters\/#primaryimage"},"thumbnailUrl":"https:\/\/safetysourcefire.ca\/wp-content\/uploads\/2018\/05\/HC210-0344.png","datePublished":"2018-05-03T21:01:00+00:00","dateModified":"2023-06-01T17:12:41+00:00","breadcrumb":{"@id":"https:\/\/safetysourcefire.ca\/product\/k-970-power-cutters\/#breadcrumb"},"inLanguage":"fr-CA","potentialAction":[{"@type":"ReadAction","target":["https:\/\/safetysourcefire.ca\/product\/k-970-power-cutters\/"]}]},{"@type":"ImageObject","inLanguage":"fr-CA","@id":"https:\/\/safetysourcefire.ca\/product\/k-970-power-cutters\/#primaryimage","url":"https:\/\/safetysourcefire.ca\/wp-content\/uploads\/2018\/05\/HC210-0344.png","contentUrl":"https:\/\/safetysourcefire.ca\/wp-content\/uploads\/2018\/05\/HC210-0344.png","width":618,"height":618,"caption":"power cutter"},{"@type":"BreadcrumbList","@id":"https:\/\/safetysourcefire.ca\/product\/k-970-power-cutters\/#breadcrumb","itemListElement":[{"@type":"ListItem","position":1,"name":"Home","item":"https:\/\/safetysourcefire.ca\/"},{"@type":"ListItem","position":2,"name":"Products","item":"https:\/\/safetysourcefire.ca\/shop\/"},{"@type":"ListItem","position":3,"name":"K 970 Power Cutters"}]},{"@type":"WebSite","@id":"https:\/\/safetysourcefire.ca\/#website","url":"https:\/\/safetysourcefire.ca\/","name":"Safety Source Fire","description":"","publisher":{"@id":"https:\/\/safetysourcefire.ca\/#organization"},"potentialAction":[{"@type":"SearchAction","target":{"@type":"EntryPoint","urlTemplate":"https:\/\/safetysourcefire.ca\/?s={search_term_string}"},"query-input":{"@type":"PropertyValueSpecification","valueRequired":true,"valueName":"search_term_string"}}],"inLanguage":"fr-CA"},{"@type":"Organization","@id":"https:\/\/safetysourcefire.ca\/#organization","name":"Safety Source Fire","url":"https:\/\/safetysourcefire.ca\/","logo":{"@type":"ImageObject","inLanguage":"fr-CA","@id":"https:\/\/safetysourcefire.ca\/#\/schema\/logo\/image\/","url":"https:\/\/safetysourcefire.ca\/wp-content\/uploads\/2021\/01\/SSF_logo_CC0000-3.png","contentUrl":"https:\/\/safetysourcefire.ca\/wp-content\/uploads\/2021\/01\/SSF_logo_CC0000-3.png","width":1107,"height":365,"caption":"Safety Source Fire"},"image":{"@id":"https:\/\/safetysourcefire.ca\/#\/schema\/logo\/image\/"},"sameAs":["https:\/\/www.facebook.com\/mmfssca","https:\/\/x.com\/mmfssca"]}]}},"_links":{"self":[{"href":"https:\/\/safetysourcefire.ca\/fr\/wp-json\/wp\/v2\/product\/5768","targetHints":{"allow":["GET"]}}],"collection":[{"href":"https:\/\/safetysourcefire.ca\/fr\/wp-json\/wp\/v2\/product"}],"about":[{"href":"https:\/\/safetysourcefire.ca\/fr\/wp-json\/wp\/v2\/types\/product"}],"wp:featuredmedia":[{"embeddable":true,"href":"https:\/\/safetysourcefire.ca\/fr\/wp-json\/wp\/v2\/media\/5770"}],"wp:attachment":[{"href":"https:\/\/safetysourcefire.ca\/fr\/wp-json\/wp\/v2\/media?parent=5768"}],"wp:term":[{"taxonomy":"product_brand","embeddable":true,"href":"https:\/\/safetysourcefire.ca\/fr\/wp-json\/wp\/v2\/product_brand?post=5768"},{"taxonomy":"product_cat","embeddable":true,"href":"https:\/\/safetysourcefire.ca\/fr\/wp-json\/wp\/v2\/product_cat?post=5768"},{"taxonomy":"product_tag","embeddable":true,"href":"https:\/\/safetysourcefire.ca\/fr\/wp-json\/wp\/v2\/product_tag?post=5768"}],"curies":[{"name":"wp","href":"https:\/\/api.w.org\/{rel}","templated":true}]}}