{"id":5775,"date":"2018-05-03T22:03:17","date_gmt":"2018-05-03T22:03:17","guid":{"rendered":"https:\/\/mmfss.ca\/?post_type=product&#038;p=5775"},"modified":"2020-05-01T18:57:51","modified_gmt":"2020-05-01T18:57:51","slug":"3410-right-angle-light","status":"publish","type":"product","link":"https:\/\/safetysourcefire.ca\/fr\/produit\/3410-right-angle-light\/","title":{"rendered":"\u00c9clairage Pelican \u00e0 angle droit 3410"},"content":{"rendered":"<p>La lampe de travail 3410 est la lampe compacte ultime. Moul\u00e9e \u00e0 partir d'un mat\u00e9riel photoluminescent, cette lampe est facile \u00e0 trouver dans l'obscurit\u00e9, m\u00eame lorsqu'elle est \u00e9teinte. La 3410 est \u00e9quip\u00e9e \u00e0 la fois d'une lampe et d'un projecteur LED pour les gros plans ou le travail \u00e0 distance, de sorte que vous pouvez avoir une lumi\u00e8re dans la zone de travail imm\u00e9diate tout en continuant \u00e0 avancer dans l'obscurit\u00e9 jusqu'\u00e0 des centaines de m\u00e8tres. La lampe peut \u00eatre activ\u00e9e de fa\u00e7on \u00e0 faire fonctionner une ou deux LED \u00e0 la fois. De plus, elle poss\u00e8de 3 niveaux de luminosit\u00e9. La t\u00eate articul\u00e9e et la pince int\u00e9gr\u00e9e permettent de diriger la lumi\u00e8re l\u00e0 o\u00f9 vous le d\u00e9sirez vraiment.<\/p>\n<p>Le Pelican 3410 - un outil d'\u00e9clairage multit\u00e2che de qualit\u00e9 professionnelle qui vous aidera \u00e0 faire votre travail - en toutes circonstances.<\/p>\n<ul>\n<li>T\u00eate de lampe articul\u00e9e<\/li>\n<li class=\"pad-5\">Corps phosphor\u00e9scent (brillant dans le noir)<\/li>\n<li class=\"pad-5\">3 modes : ''Spot'' (pr\u00e9cis), ''Flood'' (\u00e9tal\u00e9) ou les deux<\/li>\n<li class=\"pad-5\">Lani\u00e8re de s\u00e9curit\u00e9<\/li>\n<li class=\"pad-5\">3 niveaux d&#039;\u00e9clairage (\u00e9lev\u00e9, moyen, faible)<\/li>\n<li class=\"pad-5\">Pince d'attache<\/li>\n<\/ul>","protected":false},"excerpt":{"rendered":"<p>La lampe de poche professionnelle la plus polyvalente au monde.<\/p>","protected":false},"featured_media":5776,"template":"","meta":[],"product_brand":[146],"product_cat":[462,464,465,48,81],"product_tag":[394,330],"class_list":{"0":"post-5775","1":"product","2":"type-product","3":"status-publish","4":"has-post-thumbnail","6":"product_brand-pelican","7":"product_cat-emergency-preparedness","8":"product_cat-flood","9":"product_cat-hurricane","10":"product_cat-lighting","11":"product_cat-personal-lighting","12":"product_tag-light","13":"product_tag-pelican","15":"first","16":"instock","17":"shipping-taxable","18":"product-type-simple"},"yoast_head":"<!-- This site is optimized with the Yoast SEO plugin v27.4 - https:\/\/yoast.com\/product\/yoast-seo-wordpress\/ -->\n<title>3410 Right Angle Light - Safety Source Fire<\/title>\n<meta name=\"robots\" content=\"index, follow, max-snippet:-1, max-image-preview:large, max-video-preview:-1\" \/>\n<link rel=\"canonical\" href=\"https:\/\/safetysourcefire.ca\/fr\/?product=3410-right-angle-light\" \/>\n<meta property=\"og:locale\" content=\"fr_CA\" \/>\n<meta property=\"og:type\" content=\"article\" \/>\n<meta property=\"og:title\" content=\"3410 Right Angle Light - Safety Source Fire\" \/>\n<meta property=\"og:description\" content=\"The most versatile pro-grade flashlight in the world.\" \/>\n<meta property=\"og:url\" content=\"https:\/\/safetysourcefire.ca\/fr\/?product=3410-right-angle-light\" \/>\n<meta property=\"og:site_name\" content=\"Safety Source Fire\" \/>\n<meta property=\"article:publisher\" content=\"https:\/\/www.facebook.com\/mmfssca\" \/>\n<meta property=\"article:modified_time\" content=\"2020-05-01T18:57:51+00:00\" \/>\n<meta property=\"og:image\" content=\"https:\/\/safetysourcefire.ca\/wp-content\/uploads\/2018\/05\/pelican-glow-in-the-dark-flashlight-swivel.jpg\" \/>\n\t<meta property=\"og:image:width\" content=\"601\" \/>\n\t<meta property=\"og:image:height\" content=\"601\" \/>\n\t<meta property=\"og:image:type\" content=\"image\/jpeg\" \/>\n<meta name=\"twitter:card\" content=\"summary_large_image\" \/>\n<meta name=\"twitter:site\" content=\"@mmfssca\" \/>\n<meta name=\"twitter:label1\" content=\"Estimation du temps de lecture\" \/>\n\t<meta name=\"twitter:data1\" content=\"1 minute\" \/>\n<script type=\"application\/ld+json\" class=\"yoast-schema-graph\">{\"@context\":\"https:\\\/\\\/schema.org\",\"@graph\":[{\"@type\":\"WebPage\",\"@id\":\"https:\\\/\\\/safetysourcefire.ca\\\/?product=3410-right-angle-light\",\"url\":\"https:\\\/\\\/safetysourcefire.ca\\\/?product=3410-right-angle-light\",\"name\":\"3410 Right Angle Light - Safety Source Fire\",\"isPartOf\":{\"@id\":\"https:\\\/\\\/safetysourcefire.ca\\\/#website\"},\"primaryImageOfPage\":{\"@id\":\"https:\\\/\\\/safetysourcefire.ca\\\/?product=3410-right-angle-light#primaryimage\"},\"image\":{\"@id\":\"https:\\\/\\\/safetysourcefire.ca\\\/?product=3410-right-angle-light#primaryimage\"},\"thumbnailUrl\":\"https:\\\/\\\/safetysourcefire.ca\\\/wp-content\\\/uploads\\\/2018\\\/05\\\/pelican-glow-in-the-dark-flashlight-swivel.jpg\",\"datePublished\":\"2018-05-03T22:03:17+00:00\",\"dateModified\":\"2020-05-01T18:57:51+00:00\",\"breadcrumb\":{\"@id\":\"https:\\\/\\\/safetysourcefire.ca\\\/?product=3410-right-angle-light#breadcrumb\"},\"inLanguage\":\"fr-CA\",\"potentialAction\":[{\"@type\":\"ReadAction\",\"target\":[\"https:\\\/\\\/safetysourcefire.ca\\\/?product=3410-right-angle-light\"]}]},{\"@type\":\"ImageObject\",\"inLanguage\":\"fr-CA\",\"@id\":\"https:\\\/\\\/safetysourcefire.ca\\\/?product=3410-right-angle-light#primaryimage\",\"url\":\"https:\\\/\\\/safetysourcefire.ca\\\/wp-content\\\/uploads\\\/2018\\\/05\\\/pelican-glow-in-the-dark-flashlight-swivel.jpg\",\"contentUrl\":\"https:\\\/\\\/safetysourcefire.ca\\\/wp-content\\\/uploads\\\/2018\\\/05\\\/pelican-glow-in-the-dark-flashlight-swivel.jpg\",\"width\":601,\"height\":601,\"caption\":\"green flashlight\"},{\"@type\":\"BreadcrumbList\",\"@id\":\"https:\\\/\\\/safetysourcefire.ca\\\/?product=3410-right-angle-light#breadcrumb\",\"itemListElement\":[{\"@type\":\"ListItem\",\"position\":1,\"name\":\"Home\",\"item\":\"https:\\\/\\\/safetysourcefire.ca\\\/\"},{\"@type\":\"ListItem\",\"position\":2,\"name\":\"Products\",\"item\":\"https:\\\/\\\/safetysourcefire.ca\\\/shop\\\/\"},{\"@type\":\"ListItem\",\"position\":3,\"name\":\"3410 Right Angle Light\"}]},{\"@type\":\"WebSite\",\"@id\":\"https:\\\/\\\/safetysourcefire.ca\\\/#website\",\"url\":\"https:\\\/\\\/safetysourcefire.ca\\\/\",\"name\":\"Safety Source Fire\",\"description\":\"\",\"publisher\":{\"@id\":\"https:\\\/\\\/safetysourcefire.ca\\\/#organization\"},\"potentialAction\":[{\"@type\":\"SearchAction\",\"target\":{\"@type\":\"EntryPoint\",\"urlTemplate\":\"https:\\\/\\\/safetysourcefire.ca\\\/?s={search_term_string}\"},\"query-input\":{\"@type\":\"PropertyValueSpecification\",\"valueRequired\":true,\"valueName\":\"search_term_string\"}}],\"inLanguage\":\"fr-CA\"},{\"@type\":\"Organization\",\"@id\":\"https:\\\/\\\/safetysourcefire.ca\\\/#organization\",\"name\":\"Safety Source Fire\",\"url\":\"https:\\\/\\\/safetysourcefire.ca\\\/\",\"logo\":{\"@type\":\"ImageObject\",\"inLanguage\":\"fr-CA\",\"@id\":\"https:\\\/\\\/safetysourcefire.ca\\\/#\\\/schema\\\/logo\\\/image\\\/\",\"url\":\"https:\\\/\\\/safetysourcefire.ca\\\/wp-content\\\/uploads\\\/2021\\\/01\\\/SSF_logo_CC0000-3.png\",\"contentUrl\":\"https:\\\/\\\/safetysourcefire.ca\\\/wp-content\\\/uploads\\\/2021\\\/01\\\/SSF_logo_CC0000-3.png\",\"width\":1107,\"height\":365,\"caption\":\"Safety Source Fire\"},\"image\":{\"@id\":\"https:\\\/\\\/safetysourcefire.ca\\\/#\\\/schema\\\/logo\\\/image\\\/\"},\"sameAs\":[\"https:\\\/\\\/www.facebook.com\\\/mmfssca\",\"https:\\\/\\\/x.com\\\/mmfssca\"]}]}<\/script>\n<!-- \/ Yoast SEO plugin. -->","yoast_head_json":{"title":"3410 \u00c9clairage \u00e0 angle droit - Source de s\u00e9curit\u00e9 incendie","robots":{"index":"index","follow":"follow","max-snippet":"max-snippet:-1","max-image-preview":"max-image-preview:large","max-video-preview":"max-video-preview:-1"},"canonical":"https:\/\/safetysourcefire.ca\/fr\/?product=3410-right-angle-light","og_locale":"fr_CA","og_type":"article","og_title":"3410 Right Angle Light - Safety Source Fire","og_description":"The most versatile pro-grade flashlight in the world.","og_url":"https:\/\/safetysourcefire.ca\/fr\/?product=3410-right-angle-light","og_site_name":"Safety Source Fire","article_publisher":"https:\/\/www.facebook.com\/mmfssca","article_modified_time":"2020-05-01T18:57:51+00:00","og_image":[{"width":601,"height":601,"url":"https:\/\/safetysourcefire.ca\/wp-content\/uploads\/2018\/05\/pelican-glow-in-the-dark-flashlight-swivel.jpg","type":"image\/jpeg"}],"twitter_card":"summary_large_image","twitter_site":"@mmfssca","twitter_misc":{"Estimation du temps de lecture":"1 minute"},"schema":{"@context":"https:\/\/schema.org","@graph":[{"@type":"WebPage","@id":"https:\/\/safetysourcefire.ca\/?product=3410-right-angle-light","url":"https:\/\/safetysourcefire.ca\/?product=3410-right-angle-light","name":"3410 \u00c9clairage \u00e0 angle droit - Source de s\u00e9curit\u00e9 incendie","isPartOf":{"@id":"https:\/\/safetysourcefire.ca\/#website"},"primaryImageOfPage":{"@id":"https:\/\/safetysourcefire.ca\/?product=3410-right-angle-light#primaryimage"},"image":{"@id":"https:\/\/safetysourcefire.ca\/?product=3410-right-angle-light#primaryimage"},"thumbnailUrl":"https:\/\/safetysourcefire.ca\/wp-content\/uploads\/2018\/05\/pelican-glow-in-the-dark-flashlight-swivel.jpg","datePublished":"2018-05-03T22:03:17+00:00","dateModified":"2020-05-01T18:57:51+00:00","breadcrumb":{"@id":"https:\/\/safetysourcefire.ca\/?product=3410-right-angle-light#breadcrumb"},"inLanguage":"fr-CA","potentialAction":[{"@type":"ReadAction","target":["https:\/\/safetysourcefire.ca\/?product=3410-right-angle-light"]}]},{"@type":"ImageObject","inLanguage":"fr-CA","@id":"https:\/\/safetysourcefire.ca\/?product=3410-right-angle-light#primaryimage","url":"https:\/\/safetysourcefire.ca\/wp-content\/uploads\/2018\/05\/pelican-glow-in-the-dark-flashlight-swivel.jpg","contentUrl":"https:\/\/safetysourcefire.ca\/wp-content\/uploads\/2018\/05\/pelican-glow-in-the-dark-flashlight-swivel.jpg","width":601,"height":601,"caption":"green flashlight"},{"@type":"BreadcrumbList","@id":"https:\/\/safetysourcefire.ca\/?product=3410-right-angle-light#breadcrumb","itemListElement":[{"@type":"ListItem","position":1,"name":"Home","item":"https:\/\/safetysourcefire.ca\/"},{"@type":"ListItem","position":2,"name":"Products","item":"https:\/\/safetysourcefire.ca\/shop\/"},{"@type":"ListItem","position":3,"name":"3410 Right Angle Light"}]},{"@type":"WebSite","@id":"https:\/\/safetysourcefire.ca\/#website","url":"https:\/\/safetysourcefire.ca\/","name":"Safety Source Fire","description":"","publisher":{"@id":"https:\/\/safetysourcefire.ca\/#organization"},"potentialAction":[{"@type":"SearchAction","target":{"@type":"EntryPoint","urlTemplate":"https:\/\/safetysourcefire.ca\/?s={search_term_string}"},"query-input":{"@type":"PropertyValueSpecification","valueRequired":true,"valueName":"search_term_string"}}],"inLanguage":"fr-CA"},{"@type":"Organization","@id":"https:\/\/safetysourcefire.ca\/#organization","name":"Safety Source Fire","url":"https:\/\/safetysourcefire.ca\/","logo":{"@type":"ImageObject","inLanguage":"fr-CA","@id":"https:\/\/safetysourcefire.ca\/#\/schema\/logo\/image\/","url":"https:\/\/safetysourcefire.ca\/wp-content\/uploads\/2021\/01\/SSF_logo_CC0000-3.png","contentUrl":"https:\/\/safetysourcefire.ca\/wp-content\/uploads\/2021\/01\/SSF_logo_CC0000-3.png","width":1107,"height":365,"caption":"Safety Source Fire"},"image":{"@id":"https:\/\/safetysourcefire.ca\/#\/schema\/logo\/image\/"},"sameAs":["https:\/\/www.facebook.com\/mmfssca","https:\/\/x.com\/mmfssca"]}]}},"_links":{"self":[{"href":"https:\/\/safetysourcefire.ca\/fr\/wp-json\/wp\/v2\/product\/5775","targetHints":{"allow":["GET"]}}],"collection":[{"href":"https:\/\/safetysourcefire.ca\/fr\/wp-json\/wp\/v2\/product"}],"about":[{"href":"https:\/\/safetysourcefire.ca\/fr\/wp-json\/wp\/v2\/types\/product"}],"wp:featuredmedia":[{"embeddable":true,"href":"https:\/\/safetysourcefire.ca\/fr\/wp-json\/wp\/v2\/media\/5776"}],"wp:attachment":[{"href":"https:\/\/safetysourcefire.ca\/fr\/wp-json\/wp\/v2\/media?parent=5775"}],"wp:term":[{"taxonomy":"product_brand","embeddable":true,"href":"https:\/\/safetysourcefire.ca\/fr\/wp-json\/wp\/v2\/product_brand?post=5775"},{"taxonomy":"product_cat","embeddable":true,"href":"https:\/\/safetysourcefire.ca\/fr\/wp-json\/wp\/v2\/product_cat?post=5775"},{"taxonomy":"product_tag","embeddable":true,"href":"https:\/\/safetysourcefire.ca\/fr\/wp-json\/wp\/v2\/product_tag?post=5775"}],"curies":[{"name":"wp","href":"https:\/\/api.w.org\/{rel}","templated":true}]}}