{"id":5778,"date":"2018-08-07T09:00:57","date_gmt":"2018-08-07T09:00:57","guid":{"rendered":"https:\/\/mmfss.ca\/?post_type=product&#038;p=5778"},"modified":"2018-08-07T13:44:41","modified_gmt":"2018-08-07T13:44:41","slug":"3660-little-ed-right-angle-light","status":"publish","type":"product","link":"https:\/\/safetysourcefire.ca\/fr\/produit\/3660-little-ed-right-angle-light\/","title":{"rendered":"\u00c9clairage \u00e0 angle droit 3660 Little Ed \u2122"},"content":{"rendered":"<p>Cette lampe est livr\u00e9e avec une unit\u00e9 de charge qui peut \u00eatre install\u00e9e \u00e0 la maison ou au travail \u00e0 l'aide d'un transformateur 110V, ou encore dans un v\u00e9hicule via un c\u00e2blage direct ou un adaptateur 12V.<\/p>\n<ul>\n<li>Qualit\u00e9 Pelican (tr\u00e8s robuste)<\/li>\n<li>LED \u00e0 montage profond<\/li>\n<li>Conception mains libres<\/li>\n<li>Attache en acier inoxydable<\/li>\n<li>Garantie d&#039;excellence inconditionnelle \u00e0 vie<\/li>\n<li><span class=\"type-red\">MAINTENANT AVEC DE NOUVELLES SP\u00c9CIFICATIONS AM\u00c9LIOR\u00c9ES<\/span><\/li>\n<\/ul>","protected":false},"excerpt":{"rendered":"<p>La lampe de poche 3660 utilise une batterie NiMH longue dur\u00e9e pour un pouvoir d'action prolong\u00e9.<\/p>","protected":false},"featured_media":5777,"template":"","meta":[],"product_brand":[146],"product_cat":[48,81],"product_tag":[394,330],"class_list":{"0":"post-5778","1":"product","2":"type-product","3":"status-publish","4":"has-post-thumbnail","6":"product_brand-pelican","7":"product_cat-lighting","8":"product_cat-personal-lighting","9":"product_tag-light","10":"product_tag-pelican","12":"first","13":"instock","14":"shipping-taxable","15":"product-type-simple"},"yoast_head":"<!-- This site is optimized with the Yoast SEO plugin v27.4 - https:\/\/yoast.com\/product\/yoast-seo-wordpress\/ -->\n<title>3660 Little Ed\u2122 Right Angle Light - Safety Source Fire<\/title>\n<meta name=\"robots\" content=\"index, follow, max-snippet:-1, max-image-preview:large, max-video-preview:-1\" \/>\n<link rel=\"canonical\" href=\"https:\/\/safetysourcefire.ca\/fr\/?product=3660-little-ed-right-angle-light\" \/>\n<meta property=\"og:locale\" content=\"fr_CA\" \/>\n<meta property=\"og:type\" content=\"article\" \/>\n<meta property=\"og:title\" content=\"3660 Little Ed\u2122 Right Angle Light - Safety Source Fire\" \/>\n<meta property=\"og:description\" content=\"The 3660 Flashlight uses a long-life NiMH battery pack for extended burn time.\" \/>\n<meta property=\"og:url\" content=\"https:\/\/safetysourcefire.ca\/fr\/?product=3660-little-ed-right-angle-light\" \/>\n<meta property=\"og:site_name\" content=\"Safety Source Fire\" \/>\n<meta property=\"article:publisher\" content=\"https:\/\/www.facebook.com\/mmfssca\" \/>\n<meta property=\"article:modified_time\" content=\"2018-08-07T13:44:41+00:00\" \/>\n<meta property=\"og:image\" content=\"https:\/\/safetysourcefire.ca\/wp-content\/uploads\/2018\/05\/pelican-rechargable-led-right-angle-flashlight.jpg\" \/>\n\t<meta property=\"og:image:width\" content=\"601\" \/>\n\t<meta property=\"og:image:height\" content=\"601\" \/>\n\t<meta property=\"og:image:type\" content=\"image\/jpeg\" \/>\n<meta name=\"twitter:card\" content=\"summary_large_image\" \/>\n<meta name=\"twitter:site\" content=\"@mmfssca\" \/>\n<script type=\"application\/ld+json\" class=\"yoast-schema-graph\">{\"@context\":\"https:\\\/\\\/schema.org\",\"@graph\":[{\"@type\":\"WebPage\",\"@id\":\"https:\\\/\\\/safetysourcefire.ca\\\/?product=3660-little-ed-right-angle-light\",\"url\":\"https:\\\/\\\/safetysourcefire.ca\\\/?product=3660-little-ed-right-angle-light\",\"name\":\"3660 Little Ed\u2122 Right Angle Light - Safety Source Fire\",\"isPartOf\":{\"@id\":\"https:\\\/\\\/safetysourcefire.ca\\\/#website\"},\"primaryImageOfPage\":{\"@id\":\"https:\\\/\\\/safetysourcefire.ca\\\/?product=3660-little-ed-right-angle-light#primaryimage\"},\"image\":{\"@id\":\"https:\\\/\\\/safetysourcefire.ca\\\/?product=3660-little-ed-right-angle-light#primaryimage\"},\"thumbnailUrl\":\"https:\\\/\\\/safetysourcefire.ca\\\/wp-content\\\/uploads\\\/2018\\\/05\\\/pelican-rechargable-led-right-angle-flashlight.jpg\",\"datePublished\":\"2018-08-07T09:00:57+00:00\",\"dateModified\":\"2018-08-07T13:44:41+00:00\",\"breadcrumb\":{\"@id\":\"https:\\\/\\\/safetysourcefire.ca\\\/?product=3660-little-ed-right-angle-light#breadcrumb\"},\"inLanguage\":\"fr-CA\",\"potentialAction\":[{\"@type\":\"ReadAction\",\"target\":[\"https:\\\/\\\/safetysourcefire.ca\\\/?product=3660-little-ed-right-angle-light\"]}]},{\"@type\":\"ImageObject\",\"inLanguage\":\"fr-CA\",\"@id\":\"https:\\\/\\\/safetysourcefire.ca\\\/?product=3660-little-ed-right-angle-light#primaryimage\",\"url\":\"https:\\\/\\\/safetysourcefire.ca\\\/wp-content\\\/uploads\\\/2018\\\/05\\\/pelican-rechargable-led-right-angle-flashlight.jpg\",\"contentUrl\":\"https:\\\/\\\/safetysourcefire.ca\\\/wp-content\\\/uploads\\\/2018\\\/05\\\/pelican-rechargable-led-right-angle-flashlight.jpg\",\"width\":601,\"height\":601,\"caption\":\"yellow light in holder\"},{\"@type\":\"BreadcrumbList\",\"@id\":\"https:\\\/\\\/safetysourcefire.ca\\\/?product=3660-little-ed-right-angle-light#breadcrumb\",\"itemListElement\":[{\"@type\":\"ListItem\",\"position\":1,\"name\":\"Home\",\"item\":\"https:\\\/\\\/safetysourcefire.ca\\\/\"},{\"@type\":\"ListItem\",\"position\":2,\"name\":\"Products\",\"item\":\"https:\\\/\\\/safetysourcefire.ca\\\/shop\\\/\"},{\"@type\":\"ListItem\",\"position\":3,\"name\":\"3660 Little Ed\u2122 Right Angle Light\"}]},{\"@type\":\"WebSite\",\"@id\":\"https:\\\/\\\/safetysourcefire.ca\\\/#website\",\"url\":\"https:\\\/\\\/safetysourcefire.ca\\\/\",\"name\":\"Safety Source Fire\",\"description\":\"\",\"publisher\":{\"@id\":\"https:\\\/\\\/safetysourcefire.ca\\\/#organization\"},\"potentialAction\":[{\"@type\":\"SearchAction\",\"target\":{\"@type\":\"EntryPoint\",\"urlTemplate\":\"https:\\\/\\\/safetysourcefire.ca\\\/?s={search_term_string}\"},\"query-input\":{\"@type\":\"PropertyValueSpecification\",\"valueRequired\":true,\"valueName\":\"search_term_string\"}}],\"inLanguage\":\"fr-CA\"},{\"@type\":\"Organization\",\"@id\":\"https:\\\/\\\/safetysourcefire.ca\\\/#organization\",\"name\":\"Safety Source Fire\",\"url\":\"https:\\\/\\\/safetysourcefire.ca\\\/\",\"logo\":{\"@type\":\"ImageObject\",\"inLanguage\":\"fr-CA\",\"@id\":\"https:\\\/\\\/safetysourcefire.ca\\\/#\\\/schema\\\/logo\\\/image\\\/\",\"url\":\"https:\\\/\\\/safetysourcefire.ca\\\/wp-content\\\/uploads\\\/2021\\\/01\\\/SSF_logo_CC0000-3.png\",\"contentUrl\":\"https:\\\/\\\/safetysourcefire.ca\\\/wp-content\\\/uploads\\\/2021\\\/01\\\/SSF_logo_CC0000-3.png\",\"width\":1107,\"height\":365,\"caption\":\"Safety Source Fire\"},\"image\":{\"@id\":\"https:\\\/\\\/safetysourcefire.ca\\\/#\\\/schema\\\/logo\\\/image\\\/\"},\"sameAs\":[\"https:\\\/\\\/www.facebook.com\\\/mmfssca\",\"https:\\\/\\\/x.com\\\/mmfssca\"]}]}<\/script>\n<!-- \/ Yoast SEO plugin. -->","yoast_head_json":{"title":"3660 Little Ed\u2122 Right Angle Light - Safety Source Fire","robots":{"index":"index","follow":"follow","max-snippet":"max-snippet:-1","max-image-preview":"max-image-preview:large","max-video-preview":"max-video-preview:-1"},"canonical":"https:\/\/safetysourcefire.ca\/fr\/?product=3660-little-ed-right-angle-light","og_locale":"fr_CA","og_type":"article","og_title":"3660 Little Ed\u2122 Right Angle Light - Safety Source Fire","og_description":"The 3660 Flashlight uses a long-life NiMH battery pack for extended burn time.","og_url":"https:\/\/safetysourcefire.ca\/fr\/?product=3660-little-ed-right-angle-light","og_site_name":"Safety Source Fire","article_publisher":"https:\/\/www.facebook.com\/mmfssca","article_modified_time":"2018-08-07T13:44:41+00:00","og_image":[{"width":601,"height":601,"url":"https:\/\/safetysourcefire.ca\/wp-content\/uploads\/2018\/05\/pelican-rechargable-led-right-angle-flashlight.jpg","type":"image\/jpeg"}],"twitter_card":"summary_large_image","twitter_site":"@mmfssca","schema":{"@context":"https:\/\/schema.org","@graph":[{"@type":"WebPage","@id":"https:\/\/safetysourcefire.ca\/?product=3660-little-ed-right-angle-light","url":"https:\/\/safetysourcefire.ca\/?product=3660-little-ed-right-angle-light","name":"3660 Little Ed\u2122 Right Angle Light - Safety Source Fire","isPartOf":{"@id":"https:\/\/safetysourcefire.ca\/#website"},"primaryImageOfPage":{"@id":"https:\/\/safetysourcefire.ca\/?product=3660-little-ed-right-angle-light#primaryimage"},"image":{"@id":"https:\/\/safetysourcefire.ca\/?product=3660-little-ed-right-angle-light#primaryimage"},"thumbnailUrl":"https:\/\/safetysourcefire.ca\/wp-content\/uploads\/2018\/05\/pelican-rechargable-led-right-angle-flashlight.jpg","datePublished":"2018-08-07T09:00:57+00:00","dateModified":"2018-08-07T13:44:41+00:00","breadcrumb":{"@id":"https:\/\/safetysourcefire.ca\/?product=3660-little-ed-right-angle-light#breadcrumb"},"inLanguage":"fr-CA","potentialAction":[{"@type":"ReadAction","target":["https:\/\/safetysourcefire.ca\/?product=3660-little-ed-right-angle-light"]}]},{"@type":"ImageObject","inLanguage":"fr-CA","@id":"https:\/\/safetysourcefire.ca\/?product=3660-little-ed-right-angle-light#primaryimage","url":"https:\/\/safetysourcefire.ca\/wp-content\/uploads\/2018\/05\/pelican-rechargable-led-right-angle-flashlight.jpg","contentUrl":"https:\/\/safetysourcefire.ca\/wp-content\/uploads\/2018\/05\/pelican-rechargable-led-right-angle-flashlight.jpg","width":601,"height":601,"caption":"yellow light in holder"},{"@type":"BreadcrumbList","@id":"https:\/\/safetysourcefire.ca\/?product=3660-little-ed-right-angle-light#breadcrumb","itemListElement":[{"@type":"ListItem","position":1,"name":"Home","item":"https:\/\/safetysourcefire.ca\/"},{"@type":"ListItem","position":2,"name":"Products","item":"https:\/\/safetysourcefire.ca\/shop\/"},{"@type":"ListItem","position":3,"name":"3660 Little Ed\u2122 Right Angle Light"}]},{"@type":"WebSite","@id":"https:\/\/safetysourcefire.ca\/#website","url":"https:\/\/safetysourcefire.ca\/","name":"Safety Source Fire","description":"","publisher":{"@id":"https:\/\/safetysourcefire.ca\/#organization"},"potentialAction":[{"@type":"SearchAction","target":{"@type":"EntryPoint","urlTemplate":"https:\/\/safetysourcefire.ca\/?s={search_term_string}"},"query-input":{"@type":"PropertyValueSpecification","valueRequired":true,"valueName":"search_term_string"}}],"inLanguage":"fr-CA"},{"@type":"Organization","@id":"https:\/\/safetysourcefire.ca\/#organization","name":"Safety Source Fire","url":"https:\/\/safetysourcefire.ca\/","logo":{"@type":"ImageObject","inLanguage":"fr-CA","@id":"https:\/\/safetysourcefire.ca\/#\/schema\/logo\/image\/","url":"https:\/\/safetysourcefire.ca\/wp-content\/uploads\/2021\/01\/SSF_logo_CC0000-3.png","contentUrl":"https:\/\/safetysourcefire.ca\/wp-content\/uploads\/2021\/01\/SSF_logo_CC0000-3.png","width":1107,"height":365,"caption":"Safety Source Fire"},"image":{"@id":"https:\/\/safetysourcefire.ca\/#\/schema\/logo\/image\/"},"sameAs":["https:\/\/www.facebook.com\/mmfssca","https:\/\/x.com\/mmfssca"]}]}},"_links":{"self":[{"href":"https:\/\/safetysourcefire.ca\/fr\/wp-json\/wp\/v2\/product\/5778","targetHints":{"allow":["GET"]}}],"collection":[{"href":"https:\/\/safetysourcefire.ca\/fr\/wp-json\/wp\/v2\/product"}],"about":[{"href":"https:\/\/safetysourcefire.ca\/fr\/wp-json\/wp\/v2\/types\/product"}],"wp:featuredmedia":[{"embeddable":true,"href":"https:\/\/safetysourcefire.ca\/fr\/wp-json\/wp\/v2\/media\/5777"}],"wp:attachment":[{"href":"https:\/\/safetysourcefire.ca\/fr\/wp-json\/wp\/v2\/media?parent=5778"}],"wp:term":[{"taxonomy":"product_brand","embeddable":true,"href":"https:\/\/safetysourcefire.ca\/fr\/wp-json\/wp\/v2\/product_brand?post=5778"},{"taxonomy":"product_cat","embeddable":true,"href":"https:\/\/safetysourcefire.ca\/fr\/wp-json\/wp\/v2\/product_cat?post=5778"},{"taxonomy":"product_tag","embeddable":true,"href":"https:\/\/safetysourcefire.ca\/fr\/wp-json\/wp\/v2\/product_tag?post=5778"}],"curies":[{"name":"wp","href":"https:\/\/api.w.org\/{rel}","templated":true}]}}