{"id":6059,"date":"2018-09-07T13:48:17","date_gmt":"2018-09-07T13:48:17","guid":{"rendered":"https:\/\/mmfss.ca\/?post_type=product&#038;p=6059"},"modified":"2020-04-21T19:17:41","modified_gmt":"2020-04-21T19:17:41","slug":"mx6-ibrid-six-gas-monitor","status":"publish","type":"product","link":"https:\/\/safetysourcefire.ca\/fr\/produit\/mx6-ibrid-six-gas-monitor\/","title":{"rendered":"Moniteur  MX6 iBrid pour six gaz"},"content":{"rendered":"<p class=\"p1\">MX6-K1230101<\/p>\n<p>Capteurs disponibles : LIE, PID, CO, H2S, 02, NO2, SO2, NH3, CL2, CLO2, PH3, HCL, HCN, H2, NO, CO\/H2S, CO2 (IR)<\/p>\n<p>Disponible avec pompe<\/p>\n<p>Li-ion<\/p>\n<p class=\"p1\">Le MX6 iBrid\u2122 est le premier d\u00e9tecteur de gaz \u00e0 disposer d'un \u00e9cran LCD en couleur. L'affichage am\u00e9liore la s\u00e9curit\u00e9 des utilisateurs avec des lectures claires m\u00eame dans des conditions de faible luminosit\u00e9 ou de lumi\u00e8re tr\u00e8s vive. Que le travail soit \u00e0 l'ext\u00e9rieur, \u00e0 l'int\u00e9rieur ou sous terre, il est facile de voir quels risques de gaz se cachent dans son environnement de travail imm\u00e9diat gr\u00e2ce \u00e0 cet appareil. Les utilisateurs peuvent parcourir les param\u00e8tres et les fonctions de l'instrument avec un menu intuitif et le bouton de navigation \u00e0 cinq directions. Le MX6 iBrid est notre instrument le plus robuste \u00e0 ce jour. De plus, il b\u00e9n\u00e9ficie d'une garantie \u00e0 vie et est enti\u00e8rement compatible avec notre station d'accueil DSX\u2122 et iNet\u00ae.<\/p>\n<ul>\n<li class=\"p1\">Surveille 1 \u00e0 6 gaz<\/li>\n<li class=\"p1\">\u00c9cran LCD couleur<\/li>\n<li class=\"p1\">24 options de capteur, y compris PID et IR<\/li>\n<li class=\"p1\">Configuration avec ou sans pompe<\/li>\n<li class=\"p1\">Compatible avec les stations d'accueil iNet\u00ae et DSX\u2122<\/li>\n<li class=\"p1\">Garanti aussi longtemps que l&#039;instrument est pris en charge par Industrial Scientific Corporation<\/li>\n<\/ul>\n<p><a href=\"https:\/\/safetysourcefire.ca\/wp-content\/uploads\/2020\/04\/Industrial-Scientific-MX6-Brochure.pdf\">Brochure Scientifique Industrielle MX6<\/a><\/p>\n<p style=\"text-align: center;\"><iframe loading=\"lazy\" src=\"https:\/\/www.youtube.com\/embed\/kwOWXy00jVQ\" width=\"560\" height=\"315\" frameborder=\"0\" allowfullscreen=\"allowfullscreen\"><\/iframe><\/p>","protected":false},"excerpt":{"rendered":"<p class=\"p1\">Surveille 1 \u00e0 6 gaz; \u00c9cran LCD couleur;<span class=\"Apple-converted-space\">\u00a0 <\/span>24 options de capteur, y compris PID et IR; Configuration avec ou sans pompe; Compatible avec les stations d'accueil iNet\u00ae et DSX \u2122; Garantie aussi longtemps que l'instrument est pris en charge par Industrial Scientific Corporation<\/p>","protected":false},"featured_media":6060,"template":"","meta":[],"product_brand":[397],"product_cat":[76,130,47,51],"product_tag":[398],"class_list":{"0":"post-6059","1":"product","2":"type-product","3":"status-publish","4":"has-post-thumbnail","6":"product_brand-industrial-scientific","7":"product_cat-gas-detection","8":"product_cat-gas-detection-rescue","9":"product_cat-hazmat","10":"product_cat-rescue","11":"product_tag-industrial-scientific","13":"first","14":"instock","15":"shipping-taxable","16":"product-type-simple"},"yoast_head":"<!-- This site is optimized with the Yoast SEO plugin v27.4 - https:\/\/yoast.com\/product\/yoast-seo-wordpress\/ -->\n<title>MX6 iBrid Six-Gas Monitor - Safety Source Fire<\/title>\n<meta name=\"robots\" content=\"index, follow, max-snippet:-1, max-image-preview:large, max-video-preview:-1\" \/>\n<link rel=\"canonical\" href=\"https:\/\/safetysourcefire.ca\/fr\/produit\/mx6-ibrid-six-gas-monitor\/\" \/>\n<meta property=\"og:locale\" content=\"fr_CA\" \/>\n<meta property=\"og:type\" content=\"article\" \/>\n<meta property=\"og:title\" content=\"MX6 iBrid Six-Gas Monitor - Safety Source Fire\" \/>\n<meta property=\"og:description\" content=\"Monitors 1 to 6 gases; Full-colour LCD display;\u00a0 24 Sensor options including PID and IR; Configure with or without a pump; iNet\u00ae and DSX\u2122 Docking Station compatible; Warranted for as long as the instrument is supported by Industrial Scientific Corporation\" \/>\n<meta property=\"og:url\" content=\"https:\/\/safetysourcefire.ca\/fr\/produit\/mx6-ibrid-six-gas-monitor\/\" \/>\n<meta property=\"og:site_name\" content=\"Safety Source Fire\" \/>\n<meta property=\"article:publisher\" content=\"https:\/\/www.facebook.com\/mmfssca\" \/>\n<meta property=\"article:modified_time\" content=\"2020-04-21T19:17:41+00:00\" \/>\n<meta property=\"og:image\" content=\"https:\/\/safetysourcefire.ca\/wp-content\/uploads\/2018\/09\/MX6iBrid_hi_nb_HR.jpg\" \/>\n\t<meta property=\"og:image:width\" content=\"600\" \/>\n\t<meta property=\"og:image:height\" content=\"600\" \/>\n\t<meta property=\"og:image:type\" content=\"image\/jpeg\" \/>\n<meta name=\"twitter:card\" content=\"summary_large_image\" \/>\n<meta name=\"twitter:site\" content=\"@mmfssca\" \/>\n<meta name=\"twitter:label1\" content=\"Estimation du temps de lecture\" \/>\n\t<meta name=\"twitter:data1\" content=\"1 minute\" \/>\n<script type=\"application\/ld+json\" class=\"yoast-schema-graph\">{\"@context\":\"https:\\\/\\\/schema.org\",\"@graph\":[{\"@type\":\"WebPage\",\"@id\":\"https:\\\/\\\/safetysourcefire.ca\\\/product\\\/mx6-ibrid-six-gas-monitor\\\/\",\"url\":\"https:\\\/\\\/safetysourcefire.ca\\\/product\\\/mx6-ibrid-six-gas-monitor\\\/\",\"name\":\"MX6 iBrid Six-Gas Monitor - Safety Source Fire\",\"isPartOf\":{\"@id\":\"https:\\\/\\\/safetysourcefire.ca\\\/#website\"},\"primaryImageOfPage\":{\"@id\":\"https:\\\/\\\/safetysourcefire.ca\\\/product\\\/mx6-ibrid-six-gas-monitor\\\/#primaryimage\"},\"image\":{\"@id\":\"https:\\\/\\\/safetysourcefire.ca\\\/product\\\/mx6-ibrid-six-gas-monitor\\\/#primaryimage\"},\"thumbnailUrl\":\"https:\\\/\\\/safetysourcefire.ca\\\/wp-content\\\/uploads\\\/2018\\\/09\\\/MX6iBrid_hi_nb_HR.jpg\",\"datePublished\":\"2018-09-07T13:48:17+00:00\",\"dateModified\":\"2020-04-21T19:17:41+00:00\",\"breadcrumb\":{\"@id\":\"https:\\\/\\\/safetysourcefire.ca\\\/product\\\/mx6-ibrid-six-gas-monitor\\\/#breadcrumb\"},\"inLanguage\":\"fr-CA\",\"potentialAction\":[{\"@type\":\"ReadAction\",\"target\":[\"https:\\\/\\\/safetysourcefire.ca\\\/product\\\/mx6-ibrid-six-gas-monitor\\\/\"]}]},{\"@type\":\"ImageObject\",\"inLanguage\":\"fr-CA\",\"@id\":\"https:\\\/\\\/safetysourcefire.ca\\\/product\\\/mx6-ibrid-six-gas-monitor\\\/#primaryimage\",\"url\":\"https:\\\/\\\/safetysourcefire.ca\\\/wp-content\\\/uploads\\\/2018\\\/09\\\/MX6iBrid_hi_nb_HR.jpg\",\"contentUrl\":\"https:\\\/\\\/safetysourcefire.ca\\\/wp-content\\\/uploads\\\/2018\\\/09\\\/MX6iBrid_hi_nb_HR.jpg\",\"width\":600,\"height\":600,\"caption\":\"gas detector\"},{\"@type\":\"BreadcrumbList\",\"@id\":\"https:\\\/\\\/safetysourcefire.ca\\\/product\\\/mx6-ibrid-six-gas-monitor\\\/#breadcrumb\",\"itemListElement\":[{\"@type\":\"ListItem\",\"position\":1,\"name\":\"Home\",\"item\":\"https:\\\/\\\/safetysourcefire.ca\\\/\"},{\"@type\":\"ListItem\",\"position\":2,\"name\":\"Products\",\"item\":\"https:\\\/\\\/safetysourcefire.ca\\\/shop\\\/\"},{\"@type\":\"ListItem\",\"position\":3,\"name\":\"MX6 iBrid Six-Gas Monitor\"}]},{\"@type\":\"WebSite\",\"@id\":\"https:\\\/\\\/safetysourcefire.ca\\\/#website\",\"url\":\"https:\\\/\\\/safetysourcefire.ca\\\/\",\"name\":\"Safety Source Fire\",\"description\":\"\",\"publisher\":{\"@id\":\"https:\\\/\\\/safetysourcefire.ca\\\/#organization\"},\"potentialAction\":[{\"@type\":\"SearchAction\",\"target\":{\"@type\":\"EntryPoint\",\"urlTemplate\":\"https:\\\/\\\/safetysourcefire.ca\\\/?s={search_term_string}\"},\"query-input\":{\"@type\":\"PropertyValueSpecification\",\"valueRequired\":true,\"valueName\":\"search_term_string\"}}],\"inLanguage\":\"fr-CA\"},{\"@type\":\"Organization\",\"@id\":\"https:\\\/\\\/safetysourcefire.ca\\\/#organization\",\"name\":\"Safety Source Fire\",\"url\":\"https:\\\/\\\/safetysourcefire.ca\\\/\",\"logo\":{\"@type\":\"ImageObject\",\"inLanguage\":\"fr-CA\",\"@id\":\"https:\\\/\\\/safetysourcefire.ca\\\/#\\\/schema\\\/logo\\\/image\\\/\",\"url\":\"https:\\\/\\\/safetysourcefire.ca\\\/wp-content\\\/uploads\\\/2021\\\/01\\\/SSF_logo_CC0000-3.png\",\"contentUrl\":\"https:\\\/\\\/safetysourcefire.ca\\\/wp-content\\\/uploads\\\/2021\\\/01\\\/SSF_logo_CC0000-3.png\",\"width\":1107,\"height\":365,\"caption\":\"Safety Source Fire\"},\"image\":{\"@id\":\"https:\\\/\\\/safetysourcefire.ca\\\/#\\\/schema\\\/logo\\\/image\\\/\"},\"sameAs\":[\"https:\\\/\\\/www.facebook.com\\\/mmfssca\",\"https:\\\/\\\/x.com\\\/mmfssca\"]}]}<\/script>\n<!-- \/ Yoast SEO plugin. -->","yoast_head_json":{"title":"D\u00e9tecteur de gaz \u00e0 six gaz MX6 iBrid - Incendie de s\u00e9curit\u00e9","robots":{"index":"index","follow":"follow","max-snippet":"max-snippet:-1","max-image-preview":"max-image-preview:large","max-video-preview":"max-video-preview:-1"},"canonical":"https:\/\/safetysourcefire.ca\/fr\/produit\/mx6-ibrid-six-gas-monitor\/","og_locale":"fr_CA","og_type":"article","og_title":"MX6 iBrid Six-Gas Monitor - Safety Source Fire","og_description":"Monitors 1 to 6 gases; Full-colour LCD display;\u00a0 24 Sensor options including PID and IR; Configure with or without a pump; iNet\u00ae and DSX\u2122 Docking Station compatible; Warranted for as long as the instrument is supported by Industrial Scientific Corporation","og_url":"https:\/\/safetysourcefire.ca\/fr\/produit\/mx6-ibrid-six-gas-monitor\/","og_site_name":"Safety Source Fire","article_publisher":"https:\/\/www.facebook.com\/mmfssca","article_modified_time":"2020-04-21T19:17:41+00:00","og_image":[{"width":600,"height":600,"url":"https:\/\/safetysourcefire.ca\/wp-content\/uploads\/2018\/09\/MX6iBrid_hi_nb_HR.jpg","type":"image\/jpeg"}],"twitter_card":"summary_large_image","twitter_site":"@mmfssca","twitter_misc":{"Estimation du temps de lecture":"1 minute"},"schema":{"@context":"https:\/\/schema.org","@graph":[{"@type":"WebPage","@id":"https:\/\/safetysourcefire.ca\/product\/mx6-ibrid-six-gas-monitor\/","url":"https:\/\/safetysourcefire.ca\/product\/mx6-ibrid-six-gas-monitor\/","name":"D\u00e9tecteur de gaz \u00e0 six gaz MX6 iBrid - Incendie de s\u00e9curit\u00e9","isPartOf":{"@id":"https:\/\/safetysourcefire.ca\/#website"},"primaryImageOfPage":{"@id":"https:\/\/safetysourcefire.ca\/product\/mx6-ibrid-six-gas-monitor\/#primaryimage"},"image":{"@id":"https:\/\/safetysourcefire.ca\/product\/mx6-ibrid-six-gas-monitor\/#primaryimage"},"thumbnailUrl":"https:\/\/safetysourcefire.ca\/wp-content\/uploads\/2018\/09\/MX6iBrid_hi_nb_HR.jpg","datePublished":"2018-09-07T13:48:17+00:00","dateModified":"2020-04-21T19:17:41+00:00","breadcrumb":{"@id":"https:\/\/safetysourcefire.ca\/product\/mx6-ibrid-six-gas-monitor\/#breadcrumb"},"inLanguage":"fr-CA","potentialAction":[{"@type":"ReadAction","target":["https:\/\/safetysourcefire.ca\/product\/mx6-ibrid-six-gas-monitor\/"]}]},{"@type":"ImageObject","inLanguage":"fr-CA","@id":"https:\/\/safetysourcefire.ca\/product\/mx6-ibrid-six-gas-monitor\/#primaryimage","url":"https:\/\/safetysourcefire.ca\/wp-content\/uploads\/2018\/09\/MX6iBrid_hi_nb_HR.jpg","contentUrl":"https:\/\/safetysourcefire.ca\/wp-content\/uploads\/2018\/09\/MX6iBrid_hi_nb_HR.jpg","width":600,"height":600,"caption":"gas detector"},{"@type":"BreadcrumbList","@id":"https:\/\/safetysourcefire.ca\/product\/mx6-ibrid-six-gas-monitor\/#breadcrumb","itemListElement":[{"@type":"ListItem","position":1,"name":"Home","item":"https:\/\/safetysourcefire.ca\/"},{"@type":"ListItem","position":2,"name":"Products","item":"https:\/\/safetysourcefire.ca\/shop\/"},{"@type":"ListItem","position":3,"name":"MX6 iBrid Six-Gas Monitor"}]},{"@type":"WebSite","@id":"https:\/\/safetysourcefire.ca\/#website","url":"https:\/\/safetysourcefire.ca\/","name":"Safety Source Fire","description":"","publisher":{"@id":"https:\/\/safetysourcefire.ca\/#organization"},"potentialAction":[{"@type":"SearchAction","target":{"@type":"EntryPoint","urlTemplate":"https:\/\/safetysourcefire.ca\/?s={search_term_string}"},"query-input":{"@type":"PropertyValueSpecification","valueRequired":true,"valueName":"search_term_string"}}],"inLanguage":"fr-CA"},{"@type":"Organization","@id":"https:\/\/safetysourcefire.ca\/#organization","name":"Safety Source Fire","url":"https:\/\/safetysourcefire.ca\/","logo":{"@type":"ImageObject","inLanguage":"fr-CA","@id":"https:\/\/safetysourcefire.ca\/#\/schema\/logo\/image\/","url":"https:\/\/safetysourcefire.ca\/wp-content\/uploads\/2021\/01\/SSF_logo_CC0000-3.png","contentUrl":"https:\/\/safetysourcefire.ca\/wp-content\/uploads\/2021\/01\/SSF_logo_CC0000-3.png","width":1107,"height":365,"caption":"Safety Source Fire"},"image":{"@id":"https:\/\/safetysourcefire.ca\/#\/schema\/logo\/image\/"},"sameAs":["https:\/\/www.facebook.com\/mmfssca","https:\/\/x.com\/mmfssca"]}]}},"_links":{"self":[{"href":"https:\/\/safetysourcefire.ca\/fr\/wp-json\/wp\/v2\/product\/6059","targetHints":{"allow":["GET"]}}],"collection":[{"href":"https:\/\/safetysourcefire.ca\/fr\/wp-json\/wp\/v2\/product"}],"about":[{"href":"https:\/\/safetysourcefire.ca\/fr\/wp-json\/wp\/v2\/types\/product"}],"wp:featuredmedia":[{"embeddable":true,"href":"https:\/\/safetysourcefire.ca\/fr\/wp-json\/wp\/v2\/media\/6060"}],"wp:attachment":[{"href":"https:\/\/safetysourcefire.ca\/fr\/wp-json\/wp\/v2\/media?parent=6059"}],"wp:term":[{"taxonomy":"product_brand","embeddable":true,"href":"https:\/\/safetysourcefire.ca\/fr\/wp-json\/wp\/v2\/product_brand?post=6059"},{"taxonomy":"product_cat","embeddable":true,"href":"https:\/\/safetysourcefire.ca\/fr\/wp-json\/wp\/v2\/product_cat?post=6059"},{"taxonomy":"product_tag","embeddable":true,"href":"https:\/\/safetysourcefire.ca\/fr\/wp-json\/wp\/v2\/product_tag?post=6059"}],"curies":[{"name":"wp","href":"https:\/\/api.w.org\/{rel}","templated":true}]}}