{"id":6071,"date":"2018-09-07T15:30:11","date_gmt":"2018-09-07T15:30:11","guid":{"rendered":"https:\/\/mmfss.ca\/?post_type=product&#038;p=6071"},"modified":"2022-10-03T15:42:13","modified_gmt":"2022-10-03T15:42:13","slug":"ventis-mx4-pump","status":"publish","type":"product","link":"https:\/\/safetysourcefire.ca\/fr\/produit\/ventis-mx4-pump\/","title":{"rendered":"Moniteur portable 4 gaz Ventis MX4 - avec pompe"},"content":{"rendered":"<p>VTS-K1232111101<\/p>\n<p>Capteurs disponibles\u00a0: LIE, CO, H2S, O2<\/p>\n<p>Poste Li-ion, Pompe<\/p>\n<p>Voici le Ventis MX4;  un moniteur multi-gaz compact disponible en versions aspiration ET  diffusion. Le Ventis r\u00e9pond facilement \u00e0 vos besoins de d\u00e9tection de gaz. Il est l'instrument id\u00e9al pour surveiller entre un et quatre gaz dans des espaces confin\u00e9s. Il s'utilise dans presque tous les environnements potentiellement dangereux. Cet instrument l\u00e9ger est disponible avec un surmoulage brillant orange offrant une visibilit\u00e9 accrue dans les environnements les plus sombres. Une batterie lithium-ion \u00e0 grande port\u00e9e peut offrir jusqu'\u00e0 20 heures de surveillance continue. Compatible avec iNet et notre station d'accueil DSX\u2122.<\/p>\n<ul>\n<li class=\"p1\">B\u00e9n\u00e9ficiez d'une visibilit\u00e9 accrue sur les instruments gr\u00e2ce \u00e0 un surmoulage r\u00e9sistant orange<\/li>\n<li class=\"p1\">B\u00e9n\u00e9ficiez d'une v\u00e9ritable portabilit\u00e9<\/li>\n<li class=\"p1\">Utilisez la batterie longue dur\u00e9e jusqu&#039;\u00e0 20 heures (sans pompe)<\/li>\n<li class=\"p1\">Compatible avec les stations d'accueil iNet\u00ae et DSX\u2122<\/li>\n<\/ul>\n<p style=\"text-align: center;\"><iframe loading=\"lazy\" src=\"https:\/\/www.youtube.com\/embed\/kwOWXy00jVQ\" width=\"560\" height=\"315\" frameborder=\"0\" allowfullscreen=\"allowfullscreen\"><\/iframe><\/p>","protected":false},"excerpt":{"rendered":"<p>B\u00e9n\u00e9ficiez d'une visibilit\u00e9 accrue de l'instrument gr\u00e2ce \u00e0 un surmoulage robuste orange ultra visible. Compacte et portable: une v\u00e9ritable protection multi-gaz, mais avec la taille d'un appareil monogaz. Utilisez la batterie \u00e0 autonomie compl\u00e8te jusqu'\u00e0 20 heures durant (sans pompe). Compatible avec les stations de charge iNet\u00ae et DSX \u2122.<\/p>","protected":false},"featured_media":26110,"template":"","meta":[],"product_brand":[397],"product_cat":[76,130,47,51],"product_tag":[398],"class_list":{"0":"post-6071","1":"product","2":"type-product","3":"status-publish","4":"has-post-thumbnail","6":"product_brand-industrial-scientific","7":"product_cat-gas-detection","8":"product_cat-gas-detection-rescue","9":"product_cat-hazmat","10":"product_cat-rescue","11":"product_tag-industrial-scientific","13":"first","14":"instock","15":"shipping-taxable","16":"product-type-simple"},"yoast_head":"<!-- This site is optimized with the Yoast SEO plugin v27.4 - https:\/\/yoast.com\/product\/yoast-seo-wordpress\/ -->\n<title>Ventis MX4 Portable 4-gas Monitor, with Pump - Safety Source Fire<\/title>\n<meta name=\"robots\" content=\"index, follow, max-snippet:-1, max-image-preview:large, max-video-preview:-1\" \/>\n<link rel=\"canonical\" href=\"https:\/\/safetysourcefire.ca\/fr\/produit\/ventis-mx4-pump\/\" \/>\n<meta property=\"og:locale\" content=\"fr_CA\" \/>\n<meta property=\"og:type\" content=\"article\" \/>\n<meta property=\"og:title\" content=\"Ventis MX4 Portable 4-gas Monitor, with Pump - Safety Source Fire\" \/>\n<meta property=\"og:description\" content=\"Gain increased instrument visibility with a tough, &quot;safety orange&quot; overmold; Realize true portability with multi-gas protection in single-gas size; Use the extended range battery for up to 20 hours (without pump); iNet\u00ae and DSX\u2122 Docking Station compatible\" \/>\n<meta property=\"og:url\" content=\"https:\/\/safetysourcefire.ca\/fr\/produit\/ventis-mx4-pump\/\" \/>\n<meta property=\"og:site_name\" content=\"Safety Source Fire\" \/>\n<meta property=\"article:publisher\" content=\"https:\/\/www.facebook.com\/mmfssca\" \/>\n<meta property=\"article:modified_time\" content=\"2022-10-03T15:42:13+00:00\" \/>\n<meta property=\"og:image\" content=\"https:\/\/safetysourcefire.ca\/wp-content\/uploads\/2018\/09\/Ventis_pump.jpg\" \/>\n\t<meta property=\"og:image:width\" content=\"600\" \/>\n\t<meta property=\"og:image:height\" content=\"600\" \/>\n\t<meta property=\"og:image:type\" content=\"image\/jpeg\" \/>\n<meta name=\"twitter:card\" content=\"summary_large_image\" \/>\n<meta name=\"twitter:site\" content=\"@mmfssca\" \/>\n<meta name=\"twitter:label1\" content=\"Estimation du temps de lecture\" \/>\n\t<meta name=\"twitter:data1\" content=\"1 minute\" \/>\n<script type=\"application\/ld+json\" class=\"yoast-schema-graph\">{\"@context\":\"https:\\\/\\\/schema.org\",\"@graph\":[{\"@type\":\"WebPage\",\"@id\":\"https:\\\/\\\/safetysourcefire.ca\\\/product\\\/ventis-mx4-pump\\\/\",\"url\":\"https:\\\/\\\/safetysourcefire.ca\\\/product\\\/ventis-mx4-pump\\\/\",\"name\":\"Ventis MX4 Portable 4-gas Monitor, with Pump - Safety Source Fire\",\"isPartOf\":{\"@id\":\"https:\\\/\\\/safetysourcefire.ca\\\/#website\"},\"primaryImageOfPage\":{\"@id\":\"https:\\\/\\\/safetysourcefire.ca\\\/product\\\/ventis-mx4-pump\\\/#primaryimage\"},\"image\":{\"@id\":\"https:\\\/\\\/safetysourcefire.ca\\\/product\\\/ventis-mx4-pump\\\/#primaryimage\"},\"thumbnailUrl\":\"https:\\\/\\\/safetysourcefire.ca\\\/wp-content\\\/uploads\\\/2018\\\/09\\\/Ventis_pump.jpg\",\"datePublished\":\"2018-09-07T15:30:11+00:00\",\"dateModified\":\"2022-10-03T15:42:13+00:00\",\"breadcrumb\":{\"@id\":\"https:\\\/\\\/safetysourcefire.ca\\\/product\\\/ventis-mx4-pump\\\/#breadcrumb\"},\"inLanguage\":\"fr-CA\",\"potentialAction\":[{\"@type\":\"ReadAction\",\"target\":[\"https:\\\/\\\/safetysourcefire.ca\\\/product\\\/ventis-mx4-pump\\\/\"]}]},{\"@type\":\"ImageObject\",\"inLanguage\":\"fr-CA\",\"@id\":\"https:\\\/\\\/safetysourcefire.ca\\\/product\\\/ventis-mx4-pump\\\/#primaryimage\",\"url\":\"https:\\\/\\\/safetysourcefire.ca\\\/wp-content\\\/uploads\\\/2018\\\/09\\\/Ventis_pump.jpg\",\"contentUrl\":\"https:\\\/\\\/safetysourcefire.ca\\\/wp-content\\\/uploads\\\/2018\\\/09\\\/Ventis_pump.jpg\",\"width\":600,\"height\":600},{\"@type\":\"BreadcrumbList\",\"@id\":\"https:\\\/\\\/safetysourcefire.ca\\\/product\\\/ventis-mx4-pump\\\/#breadcrumb\",\"itemListElement\":[{\"@type\":\"ListItem\",\"position\":1,\"name\":\"Home\",\"item\":\"https:\\\/\\\/safetysourcefire.ca\\\/\"},{\"@type\":\"ListItem\",\"position\":2,\"name\":\"Products\",\"item\":\"https:\\\/\\\/safetysourcefire.ca\\\/shop\\\/\"},{\"@type\":\"ListItem\",\"position\":3,\"name\":\"Ventis MX4 Portable 4-gas Monitor, with Pump\"}]},{\"@type\":\"WebSite\",\"@id\":\"https:\\\/\\\/safetysourcefire.ca\\\/#website\",\"url\":\"https:\\\/\\\/safetysourcefire.ca\\\/\",\"name\":\"Safety Source Fire\",\"description\":\"\",\"publisher\":{\"@id\":\"https:\\\/\\\/safetysourcefire.ca\\\/#organization\"},\"potentialAction\":[{\"@type\":\"SearchAction\",\"target\":{\"@type\":\"EntryPoint\",\"urlTemplate\":\"https:\\\/\\\/safetysourcefire.ca\\\/?s={search_term_string}\"},\"query-input\":{\"@type\":\"PropertyValueSpecification\",\"valueRequired\":true,\"valueName\":\"search_term_string\"}}],\"inLanguage\":\"fr-CA\"},{\"@type\":\"Organization\",\"@id\":\"https:\\\/\\\/safetysourcefire.ca\\\/#organization\",\"name\":\"Safety Source Fire\",\"url\":\"https:\\\/\\\/safetysourcefire.ca\\\/\",\"logo\":{\"@type\":\"ImageObject\",\"inLanguage\":\"fr-CA\",\"@id\":\"https:\\\/\\\/safetysourcefire.ca\\\/#\\\/schema\\\/logo\\\/image\\\/\",\"url\":\"https:\\\/\\\/safetysourcefire.ca\\\/wp-content\\\/uploads\\\/2021\\\/01\\\/SSF_logo_CC0000-3.png\",\"contentUrl\":\"https:\\\/\\\/safetysourcefire.ca\\\/wp-content\\\/uploads\\\/2021\\\/01\\\/SSF_logo_CC0000-3.png\",\"width\":1107,\"height\":365,\"caption\":\"Safety Source Fire\"},\"image\":{\"@id\":\"https:\\\/\\\/safetysourcefire.ca\\\/#\\\/schema\\\/logo\\\/image\\\/\"},\"sameAs\":[\"https:\\\/\\\/www.facebook.com\\\/mmfssca\",\"https:\\\/\\\/x.com\\\/mmfssca\"]}]}<\/script>\n<!-- \/ Yoast SEO plugin. -->","yoast_head_json":{"title":"D\u00e9tecteur de gaz portable Ventis MX4 avec pompe - Safety Source Fire","robots":{"index":"index","follow":"follow","max-snippet":"max-snippet:-1","max-image-preview":"max-image-preview:large","max-video-preview":"max-video-preview:-1"},"canonical":"https:\/\/safetysourcefire.ca\/fr\/produit\/ventis-mx4-pump\/","og_locale":"fr_CA","og_type":"article","og_title":"Ventis MX4 Portable 4-gas Monitor, with Pump - Safety Source Fire","og_description":"Gain increased instrument visibility with a tough, \"safety orange\" overmold; Realize true portability with multi-gas protection in single-gas size; Use the extended range battery for up to 20 hours (without pump); iNet\u00ae and DSX\u2122 Docking Station compatible","og_url":"https:\/\/safetysourcefire.ca\/fr\/produit\/ventis-mx4-pump\/","og_site_name":"Safety Source Fire","article_publisher":"https:\/\/www.facebook.com\/mmfssca","article_modified_time":"2022-10-03T15:42:13+00:00","og_image":[{"width":600,"height":600,"url":"https:\/\/safetysourcefire.ca\/wp-content\/uploads\/2018\/09\/Ventis_pump.jpg","type":"image\/jpeg"}],"twitter_card":"summary_large_image","twitter_site":"@mmfssca","twitter_misc":{"Estimation du temps de lecture":"1 minute"},"schema":{"@context":"https:\/\/schema.org","@graph":[{"@type":"WebPage","@id":"https:\/\/safetysourcefire.ca\/product\/ventis-mx4-pump\/","url":"https:\/\/safetysourcefire.ca\/product\/ventis-mx4-pump\/","name":"D\u00e9tecteur de gaz portable Ventis MX4 avec pompe - Safety Source Fire","isPartOf":{"@id":"https:\/\/safetysourcefire.ca\/#website"},"primaryImageOfPage":{"@id":"https:\/\/safetysourcefire.ca\/product\/ventis-mx4-pump\/#primaryimage"},"image":{"@id":"https:\/\/safetysourcefire.ca\/product\/ventis-mx4-pump\/#primaryimage"},"thumbnailUrl":"https:\/\/safetysourcefire.ca\/wp-content\/uploads\/2018\/09\/Ventis_pump.jpg","datePublished":"2018-09-07T15:30:11+00:00","dateModified":"2022-10-03T15:42:13+00:00","breadcrumb":{"@id":"https:\/\/safetysourcefire.ca\/product\/ventis-mx4-pump\/#breadcrumb"},"inLanguage":"fr-CA","potentialAction":[{"@type":"ReadAction","target":["https:\/\/safetysourcefire.ca\/product\/ventis-mx4-pump\/"]}]},{"@type":"ImageObject","inLanguage":"fr-CA","@id":"https:\/\/safetysourcefire.ca\/product\/ventis-mx4-pump\/#primaryimage","url":"https:\/\/safetysourcefire.ca\/wp-content\/uploads\/2018\/09\/Ventis_pump.jpg","contentUrl":"https:\/\/safetysourcefire.ca\/wp-content\/uploads\/2018\/09\/Ventis_pump.jpg","width":600,"height":600},{"@type":"BreadcrumbList","@id":"https:\/\/safetysourcefire.ca\/product\/ventis-mx4-pump\/#breadcrumb","itemListElement":[{"@type":"ListItem","position":1,"name":"Home","item":"https:\/\/safetysourcefire.ca\/"},{"@type":"ListItem","position":2,"name":"Products","item":"https:\/\/safetysourcefire.ca\/shop\/"},{"@type":"ListItem","position":3,"name":"Ventis MX4 Portable 4-gas Monitor, with Pump"}]},{"@type":"WebSite","@id":"https:\/\/safetysourcefire.ca\/#website","url":"https:\/\/safetysourcefire.ca\/","name":"Safety Source Fire","description":"","publisher":{"@id":"https:\/\/safetysourcefire.ca\/#organization"},"potentialAction":[{"@type":"SearchAction","target":{"@type":"EntryPoint","urlTemplate":"https:\/\/safetysourcefire.ca\/?s={search_term_string}"},"query-input":{"@type":"PropertyValueSpecification","valueRequired":true,"valueName":"search_term_string"}}],"inLanguage":"fr-CA"},{"@type":"Organization","@id":"https:\/\/safetysourcefire.ca\/#organization","name":"Safety Source Fire","url":"https:\/\/safetysourcefire.ca\/","logo":{"@type":"ImageObject","inLanguage":"fr-CA","@id":"https:\/\/safetysourcefire.ca\/#\/schema\/logo\/image\/","url":"https:\/\/safetysourcefire.ca\/wp-content\/uploads\/2021\/01\/SSF_logo_CC0000-3.png","contentUrl":"https:\/\/safetysourcefire.ca\/wp-content\/uploads\/2021\/01\/SSF_logo_CC0000-3.png","width":1107,"height":365,"caption":"Safety Source Fire"},"image":{"@id":"https:\/\/safetysourcefire.ca\/#\/schema\/logo\/image\/"},"sameAs":["https:\/\/www.facebook.com\/mmfssca","https:\/\/x.com\/mmfssca"]}]}},"_links":{"self":[{"href":"https:\/\/safetysourcefire.ca\/fr\/wp-json\/wp\/v2\/product\/6071","targetHints":{"allow":["GET"]}}],"collection":[{"href":"https:\/\/safetysourcefire.ca\/fr\/wp-json\/wp\/v2\/product"}],"about":[{"href":"https:\/\/safetysourcefire.ca\/fr\/wp-json\/wp\/v2\/types\/product"}],"wp:featuredmedia":[{"embeddable":true,"href":"https:\/\/safetysourcefire.ca\/fr\/wp-json\/wp\/v2\/media\/26110"}],"wp:attachment":[{"href":"https:\/\/safetysourcefire.ca\/fr\/wp-json\/wp\/v2\/media?parent=6071"}],"wp:term":[{"taxonomy":"product_brand","embeddable":true,"href":"https:\/\/safetysourcefire.ca\/fr\/wp-json\/wp\/v2\/product_brand?post=6071"},{"taxonomy":"product_cat","embeddable":true,"href":"https:\/\/safetysourcefire.ca\/fr\/wp-json\/wp\/v2\/product_cat?post=6071"},{"taxonomy":"product_tag","embeddable":true,"href":"https:\/\/safetysourcefire.ca\/fr\/wp-json\/wp\/v2\/product_tag?post=6071"}],"curies":[{"name":"wp","href":"https:\/\/api.w.org\/{rel}","templated":true}]}}