{"id":6076,"date":"2018-09-07T15:44:41","date_gmt":"2018-09-07T15:44:41","guid":{"rendered":"https:\/\/mmfss.ca\/?post_type=product&#038;p=6076"},"modified":"2020-04-21T19:11:56","modified_gmt":"2020-04-21T19:11:56","slug":"ventis-slide-on-pump","status":"publish","type":"product","link":"https:\/\/safetysourcefire.ca\/fr\/produit\/ventis-slide-on-pump\/","title":{"rendered":"Pompe \u00e0 glissi\u00e8re Ventis"},"content":{"rendered":"<p class=\"p1\">18109162-2111<\/p>\n<p>Disponible sur Ventis MX4 et Ventis Pro5<\/p>\n<p class=\"p1\">La pompe \u00e0 glissi\u00e8re Ventis est id\u00e9ale pour les op\u00e9rateurs qui portent leur moniteur de gaz principalement pour leur protection personnelle, mais qui ont parfois besoin d&#039;une pompe pour les entr\u00e9es dans des espaces confin\u00e9s.<\/p>\n<ul>\n<li class=\"p1\">La distance de pr\u00e9l\u00e8vement d&#039;\u00e9chantillon jusqu&#039;\u00e0 50 pieds permet un \u00e9chantillonnage dans une large gamme d&#039;applications<\/li>\n<li class=\"p1\">Aucun outil n&#039;est requis pour fixer ou retirer la pompe coulissante Ventis vers ou depuis le moniteur<\/li>\n<li class=\"p1\">Utilise les m\u00eames batteries et chargeurs que les autres produits Ventis\u2122<\/li>\n<li class=\"p1\">Alarmes LED ultra lumineuses et alarme sonore 90 dB \u00e0 30cm<\/li>\n<li class=\"p1\">Indice de protection 67<\/li>\n<\/ul>\n<p style=\"text-align: center;\"><iframe loading=\"lazy\" src=\"https:\/\/www.youtube.com\/embed\/kwOWXy00jVQ\" width=\"560\" height=\"315\" frameborder=\"0\" allowfullscreen=\"allowfullscreen\"><\/iframe><\/p>","protected":false},"excerpt":{"rendered":"<p class=\"p1\">Couleur orange pour haute visibilit\u00e9; Facilement d\u00e9tachable et amovible; Utilise les m\u00eames batteries et chargeurs que Ventis; Options flexibles de batterie<\/p>","protected":false},"featured_media":6077,"template":"","meta":[],"product_brand":[397],"product_cat":[76,130,47,51],"product_tag":[398],"class_list":{"0":"post-6076","1":"product","2":"type-product","3":"status-publish","4":"has-post-thumbnail","6":"product_brand-industrial-scientific","7":"product_cat-gas-detection","8":"product_cat-gas-detection-rescue","9":"product_cat-hazmat","10":"product_cat-rescue","11":"product_tag-industrial-scientific","13":"first","14":"instock","15":"shipping-taxable","16":"product-type-simple"},"yoast_head":"<!-- This site is optimized with the Yoast SEO plugin v27.4 - https:\/\/yoast.com\/product\/yoast-seo-wordpress\/ -->\n<title>Ventis Slide-on-Pump - Safety Source Fire<\/title>\n<meta name=\"robots\" content=\"index, follow, max-snippet:-1, max-image-preview:large, max-video-preview:-1\" \/>\n<link rel=\"canonical\" href=\"https:\/\/safetysourcefire.ca\/fr\/produit\/ventis-slide-on-pump\/\" \/>\n<meta property=\"og:locale\" content=\"fr_CA\" \/>\n<meta property=\"og:type\" content=\"article\" \/>\n<meta property=\"og:title\" content=\"Ventis Slide-on-Pump - Safety Source Fire\" \/>\n<meta property=\"og:description\" content=\"High visibility &quot;safety orange&quot;; Easily attachable and removable; Uses same battery packs \/ chargers as Ventis; Flexible battery options\" \/>\n<meta property=\"og:url\" content=\"https:\/\/safetysourcefire.ca\/fr\/produit\/ventis-slide-on-pump\/\" \/>\n<meta property=\"og:site_name\" content=\"Safety Source Fire\" \/>\n<meta property=\"article:publisher\" content=\"https:\/\/www.facebook.com\/mmfssca\" \/>\n<meta property=\"article:modified_time\" content=\"2020-04-21T19:11:56+00:00\" \/>\n<meta property=\"og:image\" content=\"https:\/\/safetysourcefire.ca\/wp-content\/uploads\/2018\/09\/18109162-2111-VSP-ER-Li-ion_SO_0323_4x4_RGB_HR.jpg\" \/>\n\t<meta property=\"og:image:width\" content=\"600\" \/>\n\t<meta property=\"og:image:height\" content=\"600\" \/>\n\t<meta property=\"og:image:type\" content=\"image\/jpeg\" \/>\n<meta name=\"twitter:card\" content=\"summary_large_image\" \/>\n<meta name=\"twitter:site\" content=\"@mmfssca\" \/>\n<script type=\"application\/ld+json\" class=\"yoast-schema-graph\">{\"@context\":\"https:\\\/\\\/schema.org\",\"@graph\":[{\"@type\":\"WebPage\",\"@id\":\"https:\\\/\\\/safetysourcefire.ca\\\/product\\\/ventis-slide-on-pump\\\/\",\"url\":\"https:\\\/\\\/safetysourcefire.ca\\\/product\\\/ventis-slide-on-pump\\\/\",\"name\":\"Ventis Slide-on-Pump - Safety Source Fire\",\"isPartOf\":{\"@id\":\"https:\\\/\\\/safetysourcefire.ca\\\/#website\"},\"primaryImageOfPage\":{\"@id\":\"https:\\\/\\\/safetysourcefire.ca\\\/product\\\/ventis-slide-on-pump\\\/#primaryimage\"},\"image\":{\"@id\":\"https:\\\/\\\/safetysourcefire.ca\\\/product\\\/ventis-slide-on-pump\\\/#primaryimage\"},\"thumbnailUrl\":\"https:\\\/\\\/safetysourcefire.ca\\\/wp-content\\\/uploads\\\/2018\\\/09\\\/18109162-2111-VSP-ER-Li-ion_SO_0323_4x4_RGB_HR.jpg\",\"datePublished\":\"2018-09-07T15:44:41+00:00\",\"dateModified\":\"2020-04-21T19:11:56+00:00\",\"breadcrumb\":{\"@id\":\"https:\\\/\\\/safetysourcefire.ca\\\/product\\\/ventis-slide-on-pump\\\/#breadcrumb\"},\"inLanguage\":\"fr-CA\",\"potentialAction\":[{\"@type\":\"ReadAction\",\"target\":[\"https:\\\/\\\/safetysourcefire.ca\\\/product\\\/ventis-slide-on-pump\\\/\"]}]},{\"@type\":\"ImageObject\",\"inLanguage\":\"fr-CA\",\"@id\":\"https:\\\/\\\/safetysourcefire.ca\\\/product\\\/ventis-slide-on-pump\\\/#primaryimage\",\"url\":\"https:\\\/\\\/safetysourcefire.ca\\\/wp-content\\\/uploads\\\/2018\\\/09\\\/18109162-2111-VSP-ER-Li-ion_SO_0323_4x4_RGB_HR.jpg\",\"contentUrl\":\"https:\\\/\\\/safetysourcefire.ca\\\/wp-content\\\/uploads\\\/2018\\\/09\\\/18109162-2111-VSP-ER-Li-ion_SO_0323_4x4_RGB_HR.jpg\",\"width\":600,\"height\":600,\"caption\":\"orange pump\"},{\"@type\":\"BreadcrumbList\",\"@id\":\"https:\\\/\\\/safetysourcefire.ca\\\/product\\\/ventis-slide-on-pump\\\/#breadcrumb\",\"itemListElement\":[{\"@type\":\"ListItem\",\"position\":1,\"name\":\"Home\",\"item\":\"https:\\\/\\\/safetysourcefire.ca\\\/\"},{\"@type\":\"ListItem\",\"position\":2,\"name\":\"Products\",\"item\":\"https:\\\/\\\/safetysourcefire.ca\\\/shop\\\/\"},{\"@type\":\"ListItem\",\"position\":3,\"name\":\"Ventis Slide-on-Pump\"}]},{\"@type\":\"WebSite\",\"@id\":\"https:\\\/\\\/safetysourcefire.ca\\\/#website\",\"url\":\"https:\\\/\\\/safetysourcefire.ca\\\/\",\"name\":\"Safety Source Fire\",\"description\":\"\",\"publisher\":{\"@id\":\"https:\\\/\\\/safetysourcefire.ca\\\/#organization\"},\"potentialAction\":[{\"@type\":\"SearchAction\",\"target\":{\"@type\":\"EntryPoint\",\"urlTemplate\":\"https:\\\/\\\/safetysourcefire.ca\\\/?s={search_term_string}\"},\"query-input\":{\"@type\":\"PropertyValueSpecification\",\"valueRequired\":true,\"valueName\":\"search_term_string\"}}],\"inLanguage\":\"fr-CA\"},{\"@type\":\"Organization\",\"@id\":\"https:\\\/\\\/safetysourcefire.ca\\\/#organization\",\"name\":\"Safety Source Fire\",\"url\":\"https:\\\/\\\/safetysourcefire.ca\\\/\",\"logo\":{\"@type\":\"ImageObject\",\"inLanguage\":\"fr-CA\",\"@id\":\"https:\\\/\\\/safetysourcefire.ca\\\/#\\\/schema\\\/logo\\\/image\\\/\",\"url\":\"https:\\\/\\\/safetysourcefire.ca\\\/wp-content\\\/uploads\\\/2021\\\/01\\\/SSF_logo_CC0000-3.png\",\"contentUrl\":\"https:\\\/\\\/safetysourcefire.ca\\\/wp-content\\\/uploads\\\/2021\\\/01\\\/SSF_logo_CC0000-3.png\",\"width\":1107,\"height\":365,\"caption\":\"Safety Source Fire\"},\"image\":{\"@id\":\"https:\\\/\\\/safetysourcefire.ca\\\/#\\\/schema\\\/logo\\\/image\\\/\"},\"sameAs\":[\"https:\\\/\\\/www.facebook.com\\\/mmfssca\",\"https:\\\/\\\/x.com\\\/mmfssca\"]}]}<\/script>\n<!-- \/ Yoast SEO plugin. -->","yoast_head_json":{"title":"Pompe coulissante Ventis - S\u00e9curit\u00e9 incendie","robots":{"index":"index","follow":"follow","max-snippet":"max-snippet:-1","max-image-preview":"max-image-preview:large","max-video-preview":"max-video-preview:-1"},"canonical":"https:\/\/safetysourcefire.ca\/fr\/produit\/ventis-slide-on-pump\/","og_locale":"fr_CA","og_type":"article","og_title":"Ventis Slide-on-Pump - Safety Source Fire","og_description":"High visibility \"safety orange\"; Easily attachable and removable; Uses same battery packs \/ chargers as Ventis; Flexible battery options","og_url":"https:\/\/safetysourcefire.ca\/fr\/produit\/ventis-slide-on-pump\/","og_site_name":"Safety Source Fire","article_publisher":"https:\/\/www.facebook.com\/mmfssca","article_modified_time":"2020-04-21T19:11:56+00:00","og_image":[{"width":600,"height":600,"url":"https:\/\/safetysourcefire.ca\/wp-content\/uploads\/2018\/09\/18109162-2111-VSP-ER-Li-ion_SO_0323_4x4_RGB_HR.jpg","type":"image\/jpeg"}],"twitter_card":"summary_large_image","twitter_site":"@mmfssca","schema":{"@context":"https:\/\/schema.org","@graph":[{"@type":"WebPage","@id":"https:\/\/safetysourcefire.ca\/product\/ventis-slide-on-pump\/","url":"https:\/\/safetysourcefire.ca\/product\/ventis-slide-on-pump\/","name":"Pompe coulissante Ventis - S\u00e9curit\u00e9 incendie","isPartOf":{"@id":"https:\/\/safetysourcefire.ca\/#website"},"primaryImageOfPage":{"@id":"https:\/\/safetysourcefire.ca\/product\/ventis-slide-on-pump\/#primaryimage"},"image":{"@id":"https:\/\/safetysourcefire.ca\/product\/ventis-slide-on-pump\/#primaryimage"},"thumbnailUrl":"https:\/\/safetysourcefire.ca\/wp-content\/uploads\/2018\/09\/18109162-2111-VSP-ER-Li-ion_SO_0323_4x4_RGB_HR.jpg","datePublished":"2018-09-07T15:44:41+00:00","dateModified":"2020-04-21T19:11:56+00:00","breadcrumb":{"@id":"https:\/\/safetysourcefire.ca\/product\/ventis-slide-on-pump\/#breadcrumb"},"inLanguage":"fr-CA","potentialAction":[{"@type":"ReadAction","target":["https:\/\/safetysourcefire.ca\/product\/ventis-slide-on-pump\/"]}]},{"@type":"ImageObject","inLanguage":"fr-CA","@id":"https:\/\/safetysourcefire.ca\/product\/ventis-slide-on-pump\/#primaryimage","url":"https:\/\/safetysourcefire.ca\/wp-content\/uploads\/2018\/09\/18109162-2111-VSP-ER-Li-ion_SO_0323_4x4_RGB_HR.jpg","contentUrl":"https:\/\/safetysourcefire.ca\/wp-content\/uploads\/2018\/09\/18109162-2111-VSP-ER-Li-ion_SO_0323_4x4_RGB_HR.jpg","width":600,"height":600,"caption":"orange pump"},{"@type":"BreadcrumbList","@id":"https:\/\/safetysourcefire.ca\/product\/ventis-slide-on-pump\/#breadcrumb","itemListElement":[{"@type":"ListItem","position":1,"name":"Home","item":"https:\/\/safetysourcefire.ca\/"},{"@type":"ListItem","position":2,"name":"Products","item":"https:\/\/safetysourcefire.ca\/shop\/"},{"@type":"ListItem","position":3,"name":"Ventis Slide-on-Pump"}]},{"@type":"WebSite","@id":"https:\/\/safetysourcefire.ca\/#website","url":"https:\/\/safetysourcefire.ca\/","name":"Safety Source Fire","description":"","publisher":{"@id":"https:\/\/safetysourcefire.ca\/#organization"},"potentialAction":[{"@type":"SearchAction","target":{"@type":"EntryPoint","urlTemplate":"https:\/\/safetysourcefire.ca\/?s={search_term_string}"},"query-input":{"@type":"PropertyValueSpecification","valueRequired":true,"valueName":"search_term_string"}}],"inLanguage":"fr-CA"},{"@type":"Organization","@id":"https:\/\/safetysourcefire.ca\/#organization","name":"Safety Source Fire","url":"https:\/\/safetysourcefire.ca\/","logo":{"@type":"ImageObject","inLanguage":"fr-CA","@id":"https:\/\/safetysourcefire.ca\/#\/schema\/logo\/image\/","url":"https:\/\/safetysourcefire.ca\/wp-content\/uploads\/2021\/01\/SSF_logo_CC0000-3.png","contentUrl":"https:\/\/safetysourcefire.ca\/wp-content\/uploads\/2021\/01\/SSF_logo_CC0000-3.png","width":1107,"height":365,"caption":"Safety Source Fire"},"image":{"@id":"https:\/\/safetysourcefire.ca\/#\/schema\/logo\/image\/"},"sameAs":["https:\/\/www.facebook.com\/mmfssca","https:\/\/x.com\/mmfssca"]}]}},"_links":{"self":[{"href":"https:\/\/safetysourcefire.ca\/fr\/wp-json\/wp\/v2\/product\/6076","targetHints":{"allow":["GET"]}}],"collection":[{"href":"https:\/\/safetysourcefire.ca\/fr\/wp-json\/wp\/v2\/product"}],"about":[{"href":"https:\/\/safetysourcefire.ca\/fr\/wp-json\/wp\/v2\/types\/product"}],"wp:featuredmedia":[{"embeddable":true,"href":"https:\/\/safetysourcefire.ca\/fr\/wp-json\/wp\/v2\/media\/6077"}],"wp:attachment":[{"href":"https:\/\/safetysourcefire.ca\/fr\/wp-json\/wp\/v2\/media?parent=6076"}],"wp:term":[{"taxonomy":"product_brand","embeddable":true,"href":"https:\/\/safetysourcefire.ca\/fr\/wp-json\/wp\/v2\/product_brand?post=6076"},{"taxonomy":"product_cat","embeddable":true,"href":"https:\/\/safetysourcefire.ca\/fr\/wp-json\/wp\/v2\/product_cat?post=6076"},{"taxonomy":"product_tag","embeddable":true,"href":"https:\/\/safetysourcefire.ca\/fr\/wp-json\/wp\/v2\/product_tag?post=6076"}],"curies":[{"name":"wp","href":"https:\/\/api.w.org\/{rel}","templated":true}]}}