{"id":6081,"date":"2018-09-07T15:54:57","date_gmt":"2018-09-07T15:54:57","guid":{"rendered":"https:\/\/mmfss.ca\/?post_type=product&#038;p=6081"},"modified":"2020-04-21T19:11:55","modified_gmt":"2020-04-21T19:11:55","slug":"gasbadge-pro-single-gas-monitor","status":"publish","type":"product","link":"https:\/\/safetysourcefire.ca\/fr\/produit\/gasbadge-pro-single-gas-monitor\/","title":{"rendered":"Moniteur monogaz GasBadge Pro"},"content":{"rendered":"<p class=\"p1\">18100060-1<\/p>\n<p>Capteurs disponibles : CO, H2S, O2, NO2, SO2, NH3, CL2, CLO2, PH3, HCN, H2<\/p>\n<p class=\"p1\">GasBadge\u00ae Pro vous offre une protection \u00e0 vie contre les risques de gaz. Les lectures STEL et TWA sont standard, et l'enregistrement de donn\u00e9es jusqu'\u00e0 un an de donn\u00e9es d'enqu\u00eate sont pr\u00e9sent\u00e9s avec un enregistreur d'\u00e9v\u00e9nements qui enregistre les 15 derniers \u00e9v\u00e9nements ayant n\u00e9cessit\u00e9s une alarme. Log\u00e9 dans un bo\u00eetier robuste, le moniteur est immunis\u00e9 contre les RF, r\u00e9sistant \u00e0 l'eau et extr\u00eamement durable. Un surmoulage de protection anti-chocs prot\u00e8ge l'unit\u00e9 contre les conditions extr\u00eames. Sa navigation simple et intuitive \u00e0 quatre boutons permet un acc\u00e8s facile aux fonctions de configuration, d'utilisation et d'\u00e9talonnage. Garantie \u00e0 vie.<\/p>\n<ul>\n<li class=\"p1\">Capteurs intelligents surveillant les niveaux d'oxyg\u00e8ne et de gaz toxiques<\/li>\n<li class=\"p1\">Capacit\u00e9 d'enregistrement d'un an de donn\u00e9es (minimum)<\/li>\n<li class=\"p1\">STEL et TWA standard<\/li>\n<li class=\"p1\">Compatible avec les stations d'accueil iNet\u00ae et DSX\u2122<\/li>\n<li class=\"p1\">Garantie \u00e0 vie<\/li>\n<\/ul>\n<p><a href=\"https:\/\/safetysourcefire.ca\/wp-content\/uploads\/2020\/04\/Industrial-Scientific-GasBadge-Pro-Brochure.pdf\">Brochure GasBadge Pro d&#039;Industrial Scientific<\/a><\/p>\n<p style=\"text-align: center;\"><iframe loading=\"lazy\" src=\"https:\/\/www.youtube.com\/embed\/kwOWXy00jVQ\" width=\"560\" height=\"315\" frameborder=\"0\" allowfullscreen=\"allowfullscreen\"><\/iframe><\/p>","protected":false},"excerpt":{"rendered":"<p class=\"p1\">Des capteurs interchangeables intelligents \u00abSMART\u00bb surveillent l'oxyg\u00e8ne et la pr\u00e9sence des nombreux gaz toxiques. Capacit\u00e9 d'enregistrement de donn\u00e9es d'un an (minimum). Standard STEL et TWA. Compatible avec les stations d'accueil iNet\u00ae et DSX \u2122. Garantie \u00e0 vie.<\/p>","protected":false},"featured_media":6082,"template":"","meta":[],"product_brand":[397],"product_cat":[76,130,47,51],"product_tag":[398],"class_list":{"0":"post-6081","1":"product","2":"type-product","3":"status-publish","4":"has-post-thumbnail","6":"product_brand-industrial-scientific","7":"product_cat-gas-detection","8":"product_cat-gas-detection-rescue","9":"product_cat-hazmat","10":"product_cat-rescue","11":"product_tag-industrial-scientific","13":"first","14":"instock","15":"shipping-taxable","16":"product-type-simple"},"yoast_head":"<!-- This site is optimized with the Yoast SEO plugin v27.4 - https:\/\/yoast.com\/product\/yoast-seo-wordpress\/ -->\n<title>GasBadge Pro Single-Gas Monitor - Safety Source Fire<\/title>\n<meta name=\"robots\" content=\"index, follow, max-snippet:-1, max-image-preview:large, max-video-preview:-1\" \/>\n<link rel=\"canonical\" href=\"https:\/\/safetysourcefire.ca\/fr\/produit\/gasbadge-pro-single-gas-monitor\/\" \/>\n<meta property=\"og:locale\" content=\"fr_CA\" \/>\n<meta property=\"og:type\" content=\"article\" \/>\n<meta property=\"og:title\" content=\"GasBadge Pro Single-Gas Monitor - Safety Source Fire\" \/>\n<meta property=\"og:description\" content=\"Interchangeable \u201csmart\u201d sensors monitor oxygen or any one of many toxic gases; One year datalogging capacity (minimum); Standard STEL and TWA; iNet\u00ae and DSX\u2122 Docking Station compatible; Lifetime warranty\" \/>\n<meta property=\"og:url\" content=\"https:\/\/safetysourcefire.ca\/fr\/produit\/gasbadge-pro-single-gas-monitor\/\" \/>\n<meta property=\"og:site_name\" content=\"Safety Source Fire\" \/>\n<meta property=\"article:publisher\" content=\"https:\/\/www.facebook.com\/mmfssca\" \/>\n<meta property=\"article:modified_time\" content=\"2020-04-21T19:11:55+00:00\" \/>\n<meta property=\"og:image\" content=\"https:\/\/safetysourcefire.ca\/wp-content\/uploads\/2018\/09\/GasBadgePro_O2_HR.jpg\" \/>\n\t<meta property=\"og:image:width\" content=\"600\" \/>\n\t<meta property=\"og:image:height\" content=\"600\" \/>\n\t<meta property=\"og:image:type\" content=\"image\/jpeg\" \/>\n<meta name=\"twitter:card\" content=\"summary_large_image\" \/>\n<meta name=\"twitter:site\" content=\"@mmfssca\" \/>\n<meta name=\"twitter:label1\" content=\"Estimation du temps de lecture\" \/>\n\t<meta name=\"twitter:data1\" content=\"1 minute\" \/>\n<script type=\"application\/ld+json\" class=\"yoast-schema-graph\">{\"@context\":\"https:\\\/\\\/schema.org\",\"@graph\":[{\"@type\":\"WebPage\",\"@id\":\"https:\\\/\\\/safetysourcefire.ca\\\/product\\\/gasbadge-pro-single-gas-monitor\\\/\",\"url\":\"https:\\\/\\\/safetysourcefire.ca\\\/product\\\/gasbadge-pro-single-gas-monitor\\\/\",\"name\":\"GasBadge Pro Single-Gas Monitor - Safety Source Fire\",\"isPartOf\":{\"@id\":\"https:\\\/\\\/safetysourcefire.ca\\\/#website\"},\"primaryImageOfPage\":{\"@id\":\"https:\\\/\\\/safetysourcefire.ca\\\/product\\\/gasbadge-pro-single-gas-monitor\\\/#primaryimage\"},\"image\":{\"@id\":\"https:\\\/\\\/safetysourcefire.ca\\\/product\\\/gasbadge-pro-single-gas-monitor\\\/#primaryimage\"},\"thumbnailUrl\":\"https:\\\/\\\/safetysourcefire.ca\\\/wp-content\\\/uploads\\\/2018\\\/09\\\/GasBadgePro_O2_HR.jpg\",\"datePublished\":\"2018-09-07T15:54:57+00:00\",\"dateModified\":\"2020-04-21T19:11:55+00:00\",\"breadcrumb\":{\"@id\":\"https:\\\/\\\/safetysourcefire.ca\\\/product\\\/gasbadge-pro-single-gas-monitor\\\/#breadcrumb\"},\"inLanguage\":\"fr-CA\",\"potentialAction\":[{\"@type\":\"ReadAction\",\"target\":[\"https:\\\/\\\/safetysourcefire.ca\\\/product\\\/gasbadge-pro-single-gas-monitor\\\/\"]}]},{\"@type\":\"ImageObject\",\"inLanguage\":\"fr-CA\",\"@id\":\"https:\\\/\\\/safetysourcefire.ca\\\/product\\\/gasbadge-pro-single-gas-monitor\\\/#primaryimage\",\"url\":\"https:\\\/\\\/safetysourcefire.ca\\\/wp-content\\\/uploads\\\/2018\\\/09\\\/GasBadgePro_O2_HR.jpg\",\"contentUrl\":\"https:\\\/\\\/safetysourcefire.ca\\\/wp-content\\\/uploads\\\/2018\\\/09\\\/GasBadgePro_O2_HR.jpg\",\"width\":600,\"height\":600,\"caption\":\"detector\"},{\"@type\":\"BreadcrumbList\",\"@id\":\"https:\\\/\\\/safetysourcefire.ca\\\/product\\\/gasbadge-pro-single-gas-monitor\\\/#breadcrumb\",\"itemListElement\":[{\"@type\":\"ListItem\",\"position\":1,\"name\":\"Home\",\"item\":\"https:\\\/\\\/safetysourcefire.ca\\\/\"},{\"@type\":\"ListItem\",\"position\":2,\"name\":\"Products\",\"item\":\"https:\\\/\\\/safetysourcefire.ca\\\/shop\\\/\"},{\"@type\":\"ListItem\",\"position\":3,\"name\":\"GasBadge Pro Single-Gas Monitor\"}]},{\"@type\":\"WebSite\",\"@id\":\"https:\\\/\\\/safetysourcefire.ca\\\/#website\",\"url\":\"https:\\\/\\\/safetysourcefire.ca\\\/\",\"name\":\"Safety Source Fire\",\"description\":\"\",\"publisher\":{\"@id\":\"https:\\\/\\\/safetysourcefire.ca\\\/#organization\"},\"potentialAction\":[{\"@type\":\"SearchAction\",\"target\":{\"@type\":\"EntryPoint\",\"urlTemplate\":\"https:\\\/\\\/safetysourcefire.ca\\\/?s={search_term_string}\"},\"query-input\":{\"@type\":\"PropertyValueSpecification\",\"valueRequired\":true,\"valueName\":\"search_term_string\"}}],\"inLanguage\":\"fr-CA\"},{\"@type\":\"Organization\",\"@id\":\"https:\\\/\\\/safetysourcefire.ca\\\/#organization\",\"name\":\"Safety Source Fire\",\"url\":\"https:\\\/\\\/safetysourcefire.ca\\\/\",\"logo\":{\"@type\":\"ImageObject\",\"inLanguage\":\"fr-CA\",\"@id\":\"https:\\\/\\\/safetysourcefire.ca\\\/#\\\/schema\\\/logo\\\/image\\\/\",\"url\":\"https:\\\/\\\/safetysourcefire.ca\\\/wp-content\\\/uploads\\\/2021\\\/01\\\/SSF_logo_CC0000-3.png\",\"contentUrl\":\"https:\\\/\\\/safetysourcefire.ca\\\/wp-content\\\/uploads\\\/2021\\\/01\\\/SSF_logo_CC0000-3.png\",\"width\":1107,\"height\":365,\"caption\":\"Safety Source Fire\"},\"image\":{\"@id\":\"https:\\\/\\\/safetysourcefire.ca\\\/#\\\/schema\\\/logo\\\/image\\\/\"},\"sameAs\":[\"https:\\\/\\\/www.facebook.com\\\/mmfssca\",\"https:\\\/\\\/x.com\\\/mmfssca\"]}]}<\/script>\n<!-- \/ Yoast SEO plugin. -->","yoast_head_json":{"title":"D\u00e9tecteur de gaz unique GasBadge Pro - S\u00e9curit\u00e9 incendie","robots":{"index":"index","follow":"follow","max-snippet":"max-snippet:-1","max-image-preview":"max-image-preview:large","max-video-preview":"max-video-preview:-1"},"canonical":"https:\/\/safetysourcefire.ca\/fr\/produit\/gasbadge-pro-single-gas-monitor\/","og_locale":"fr_CA","og_type":"article","og_title":"GasBadge Pro Single-Gas Monitor - Safety Source Fire","og_description":"Interchangeable \u201csmart\u201d sensors monitor oxygen or any one of many toxic gases; One year datalogging capacity (minimum); Standard STEL and TWA; iNet\u00ae and DSX\u2122 Docking Station compatible; Lifetime warranty","og_url":"https:\/\/safetysourcefire.ca\/fr\/produit\/gasbadge-pro-single-gas-monitor\/","og_site_name":"Safety Source Fire","article_publisher":"https:\/\/www.facebook.com\/mmfssca","article_modified_time":"2020-04-21T19:11:55+00:00","og_image":[{"width":600,"height":600,"url":"https:\/\/safetysourcefire.ca\/wp-content\/uploads\/2018\/09\/GasBadgePro_O2_HR.jpg","type":"image\/jpeg"}],"twitter_card":"summary_large_image","twitter_site":"@mmfssca","twitter_misc":{"Estimation du temps de lecture":"1 minute"},"schema":{"@context":"https:\/\/schema.org","@graph":[{"@type":"WebPage","@id":"https:\/\/safetysourcefire.ca\/product\/gasbadge-pro-single-gas-monitor\/","url":"https:\/\/safetysourcefire.ca\/product\/gasbadge-pro-single-gas-monitor\/","name":"D\u00e9tecteur de gaz unique GasBadge Pro - S\u00e9curit\u00e9 incendie","isPartOf":{"@id":"https:\/\/safetysourcefire.ca\/#website"},"primaryImageOfPage":{"@id":"https:\/\/safetysourcefire.ca\/product\/gasbadge-pro-single-gas-monitor\/#primaryimage"},"image":{"@id":"https:\/\/safetysourcefire.ca\/product\/gasbadge-pro-single-gas-monitor\/#primaryimage"},"thumbnailUrl":"https:\/\/safetysourcefire.ca\/wp-content\/uploads\/2018\/09\/GasBadgePro_O2_HR.jpg","datePublished":"2018-09-07T15:54:57+00:00","dateModified":"2020-04-21T19:11:55+00:00","breadcrumb":{"@id":"https:\/\/safetysourcefire.ca\/product\/gasbadge-pro-single-gas-monitor\/#breadcrumb"},"inLanguage":"fr-CA","potentialAction":[{"@type":"ReadAction","target":["https:\/\/safetysourcefire.ca\/product\/gasbadge-pro-single-gas-monitor\/"]}]},{"@type":"ImageObject","inLanguage":"fr-CA","@id":"https:\/\/safetysourcefire.ca\/product\/gasbadge-pro-single-gas-monitor\/#primaryimage","url":"https:\/\/safetysourcefire.ca\/wp-content\/uploads\/2018\/09\/GasBadgePro_O2_HR.jpg","contentUrl":"https:\/\/safetysourcefire.ca\/wp-content\/uploads\/2018\/09\/GasBadgePro_O2_HR.jpg","width":600,"height":600,"caption":"detector"},{"@type":"BreadcrumbList","@id":"https:\/\/safetysourcefire.ca\/product\/gasbadge-pro-single-gas-monitor\/#breadcrumb","itemListElement":[{"@type":"ListItem","position":1,"name":"Home","item":"https:\/\/safetysourcefire.ca\/"},{"@type":"ListItem","position":2,"name":"Products","item":"https:\/\/safetysourcefire.ca\/shop\/"},{"@type":"ListItem","position":3,"name":"GasBadge Pro Single-Gas Monitor"}]},{"@type":"WebSite","@id":"https:\/\/safetysourcefire.ca\/#website","url":"https:\/\/safetysourcefire.ca\/","name":"Safety Source Fire","description":"","publisher":{"@id":"https:\/\/safetysourcefire.ca\/#organization"},"potentialAction":[{"@type":"SearchAction","target":{"@type":"EntryPoint","urlTemplate":"https:\/\/safetysourcefire.ca\/?s={search_term_string}"},"query-input":{"@type":"PropertyValueSpecification","valueRequired":true,"valueName":"search_term_string"}}],"inLanguage":"fr-CA"},{"@type":"Organization","@id":"https:\/\/safetysourcefire.ca\/#organization","name":"Safety Source Fire","url":"https:\/\/safetysourcefire.ca\/","logo":{"@type":"ImageObject","inLanguage":"fr-CA","@id":"https:\/\/safetysourcefire.ca\/#\/schema\/logo\/image\/","url":"https:\/\/safetysourcefire.ca\/wp-content\/uploads\/2021\/01\/SSF_logo_CC0000-3.png","contentUrl":"https:\/\/safetysourcefire.ca\/wp-content\/uploads\/2021\/01\/SSF_logo_CC0000-3.png","width":1107,"height":365,"caption":"Safety Source Fire"},"image":{"@id":"https:\/\/safetysourcefire.ca\/#\/schema\/logo\/image\/"},"sameAs":["https:\/\/www.facebook.com\/mmfssca","https:\/\/x.com\/mmfssca"]}]}},"_links":{"self":[{"href":"https:\/\/safetysourcefire.ca\/fr\/wp-json\/wp\/v2\/product\/6081","targetHints":{"allow":["GET"]}}],"collection":[{"href":"https:\/\/safetysourcefire.ca\/fr\/wp-json\/wp\/v2\/product"}],"about":[{"href":"https:\/\/safetysourcefire.ca\/fr\/wp-json\/wp\/v2\/types\/product"}],"wp:featuredmedia":[{"embeddable":true,"href":"https:\/\/safetysourcefire.ca\/fr\/wp-json\/wp\/v2\/media\/6082"}],"wp:attachment":[{"href":"https:\/\/safetysourcefire.ca\/fr\/wp-json\/wp\/v2\/media?parent=6081"}],"wp:term":[{"taxonomy":"product_brand","embeddable":true,"href":"https:\/\/safetysourcefire.ca\/fr\/wp-json\/wp\/v2\/product_brand?post=6081"},{"taxonomy":"product_cat","embeddable":true,"href":"https:\/\/safetysourcefire.ca\/fr\/wp-json\/wp\/v2\/product_cat?post=6081"},{"taxonomy":"product_tag","embeddable":true,"href":"https:\/\/safetysourcefire.ca\/fr\/wp-json\/wp\/v2\/product_tag?post=6081"}],"curies":[{"name":"wp","href":"https:\/\/api.w.org\/{rel}","templated":true}]}}