{"id":6083,"date":"2018-09-07T15:57:53","date_gmt":"2018-09-07T15:57:53","guid":{"rendered":"https:\/\/mmfss.ca\/?post_type=product&#038;p=6083"},"modified":"2023-03-30T13:37:20","modified_gmt":"2023-03-30T13:37:20","slug":"tango-tx1-single-gas-detector","status":"publish","type":"product","link":"https:\/\/safetysourcefire.ca\/fr\/produit\/tango-tx1-single-gas-detector\/","title":{"rendered":"D\u00e9tecteur monogaz Tango TX1"},"content":{"rendered":"<p class=\"p1\">TX1-1<\/p>\n<p>Capteurs disponibles : CO, H2S, NO2, SO2<\/p>\n<p class=\"p1\">Le d\u00e9tecteur monogaz Tango\u2122 TX1 est dot\u00e9 de la technologie r\u00e9volutionnaire DualSense\u00ae et comprend deux capteurs du m\u00eame type. La technologie DualSense\u00ae augmente la s\u00e9curit\u00e9 des travailleurs,<span class=\"Apple-converted-space\">\u00a0 <\/span>quelle que soit la fr\u00e9quence des tests de d\u00e9clenchement, tout en r\u00e9duisant les co\u00fbts globaux. Le Tango poss\u00e8de une garantie de trois ans qui n'inclut pas la batterie, les capteurs et les filtres. Les capteurs CO et H2S sont garantis 3 ans \u00e0 compter de la date d'achat initiale. Tous les autres capteurs sont garantis 2 ans \u00e0 compter de la date d'achat initiale.<\/p>\n<ul>\n<li class=\"p1\">La technologie DualSense\u2122 permet aux utilisateurs d'\u00eatre 85 fois plus s\u00e9curitaires<\/li>\n<li class=\"p1\">La batterie rempla\u00e7able avec autonomie de trois ans<\/li>\n<li class=\"p1\">Garantie de trois ans sur l&#039;instrument<\/li>\n<li class=\"p1\">Garantie de trois ans sur les capteurs CO et H2S<\/li>\n<li class=\"p1\">Garantie de deux ans sur les capteurs SO2 et NO2<\/li>\n<li class=\"p1\">Compatible avec les stations d'accueil iNet\u00ae et DSX\u2122<\/li>\n<\/ul>\n<p><a href=\"https:\/\/safetysourcefire.ca\/wp-content\/uploads\/2020\/04\/Industrial-Scientific-Tango-TX1-Brochure.pdf\">Brochure industrielle scientifique Tango TX1<\/a><\/p>","protected":false},"excerpt":{"rendered":"<p class=\"p1\">La technologie DualSense \u2122 rend le travail de ses utilisateurs 85 fois plus s\u00e9cuitaires. \nLa batterie rempla\u00e7able a une dur\u00e9e de fonctionnement de trois ans. \nGarantie de trois ans sur l'instrument comme tel. \nGarantie de trois ans sur les capteurs CO et H2S. \nGarantie de deux ans sur les capteurs SO2 et NO2.\nCompatible avec les stations d'accueil iNet\u00ae et DSX \u2122<\/p>","protected":false},"featured_media":6084,"template":"","meta":[],"product_brand":[397],"product_cat":[130,76,47,51],"product_tag":[398],"class_list":{"0":"post-6083","1":"product","2":"type-product","3":"status-publish","4":"has-post-thumbnail","6":"product_brand-industrial-scientific","7":"product_cat-gas-detection-rescue","8":"product_cat-gas-detection","9":"product_cat-hazmat","10":"product_cat-rescue","11":"product_tag-industrial-scientific","13":"first","14":"instock","15":"shipping-taxable","16":"product-type-simple"},"yoast_head":"<!-- This site is optimized with the Yoast SEO plugin v27.4 - https:\/\/yoast.com\/product\/yoast-seo-wordpress\/ -->\n<title>Tango TX1 Single Gas Detector - Safety Source Fire<\/title>\n<meta name=\"robots\" content=\"index, follow, max-snippet:-1, max-image-preview:large, max-video-preview:-1\" \/>\n<link rel=\"canonical\" href=\"https:\/\/safetysourcefire.ca\/fr\/produit\/tango-tx1-single-gas-detector\/\" \/>\n<meta property=\"og:locale\" content=\"fr_CA\" \/>\n<meta property=\"og:type\" content=\"article\" \/>\n<meta property=\"og:title\" content=\"Tango TX1 Single Gas Detector - Safety Source Fire\" \/>\n<meta property=\"og:description\" content=\"DualSense\u2122 Technology makes users 85 times safer; Replaceable battery has a three year run time; Three-year instrument warranty; Three-year CO and H2S sensor warranty; Two-year warranty on the SO2 and NO2 sensors; iNet\u00ae and DSX\u2122 Docking Station compatible\" \/>\n<meta property=\"og:url\" content=\"https:\/\/safetysourcefire.ca\/fr\/produit\/tango-tx1-single-gas-detector\/\" \/>\n<meta property=\"og:site_name\" content=\"Safety Source Fire\" \/>\n<meta property=\"article:publisher\" content=\"https:\/\/www.facebook.com\/mmfssca\" \/>\n<meta property=\"article:modified_time\" content=\"2023-03-30T13:37:20+00:00\" \/>\n<meta property=\"og:image\" content=\"https:\/\/safetysourcefire.ca\/wp-content\/uploads\/2018\/09\/TangoTX1_Front_4X4_RGB_Hr.jpg\" \/>\n\t<meta property=\"og:image:width\" content=\"600\" \/>\n\t<meta property=\"og:image:height\" content=\"600\" \/>\n\t<meta property=\"og:image:type\" content=\"image\/jpeg\" \/>\n<meta name=\"twitter:card\" content=\"summary_large_image\" \/>\n<meta name=\"twitter:site\" content=\"@mmfssca\" \/>\n<meta name=\"twitter:label1\" content=\"Estimation du temps de lecture\" \/>\n\t<meta name=\"twitter:data1\" content=\"1 minute\" \/>\n<script type=\"application\/ld+json\" class=\"yoast-schema-graph\">{\"@context\":\"https:\\\/\\\/schema.org\",\"@graph\":[{\"@type\":\"WebPage\",\"@id\":\"https:\\\/\\\/safetysourcefire.ca\\\/product\\\/tango-tx1-single-gas-detector\\\/\",\"url\":\"https:\\\/\\\/safetysourcefire.ca\\\/product\\\/tango-tx1-single-gas-detector\\\/\",\"name\":\"Tango TX1 Single Gas Detector - Safety Source Fire\",\"isPartOf\":{\"@id\":\"https:\\\/\\\/safetysourcefire.ca\\\/#website\"},\"primaryImageOfPage\":{\"@id\":\"https:\\\/\\\/safetysourcefire.ca\\\/product\\\/tango-tx1-single-gas-detector\\\/#primaryimage\"},\"image\":{\"@id\":\"https:\\\/\\\/safetysourcefire.ca\\\/product\\\/tango-tx1-single-gas-detector\\\/#primaryimage\"},\"thumbnailUrl\":\"https:\\\/\\\/safetysourcefire.ca\\\/wp-content\\\/uploads\\\/2018\\\/09\\\/TangoTX1_Front_4X4_RGB_Hr.jpg\",\"datePublished\":\"2018-09-07T15:57:53+00:00\",\"dateModified\":\"2023-03-30T13:37:20+00:00\",\"breadcrumb\":{\"@id\":\"https:\\\/\\\/safetysourcefire.ca\\\/product\\\/tango-tx1-single-gas-detector\\\/#breadcrumb\"},\"inLanguage\":\"fr-CA\",\"potentialAction\":[{\"@type\":\"ReadAction\",\"target\":[\"https:\\\/\\\/safetysourcefire.ca\\\/product\\\/tango-tx1-single-gas-detector\\\/\"]}]},{\"@type\":\"ImageObject\",\"inLanguage\":\"fr-CA\",\"@id\":\"https:\\\/\\\/safetysourcefire.ca\\\/product\\\/tango-tx1-single-gas-detector\\\/#primaryimage\",\"url\":\"https:\\\/\\\/safetysourcefire.ca\\\/wp-content\\\/uploads\\\/2018\\\/09\\\/TangoTX1_Front_4X4_RGB_Hr.jpg\",\"contentUrl\":\"https:\\\/\\\/safetysourcefire.ca\\\/wp-content\\\/uploads\\\/2018\\\/09\\\/TangoTX1_Front_4X4_RGB_Hr.jpg\",\"width\":600,\"height\":600,\"caption\":\"orange detector\"},{\"@type\":\"BreadcrumbList\",\"@id\":\"https:\\\/\\\/safetysourcefire.ca\\\/product\\\/tango-tx1-single-gas-detector\\\/#breadcrumb\",\"itemListElement\":[{\"@type\":\"ListItem\",\"position\":1,\"name\":\"Home\",\"item\":\"https:\\\/\\\/safetysourcefire.ca\\\/\"},{\"@type\":\"ListItem\",\"position\":2,\"name\":\"Products\",\"item\":\"https:\\\/\\\/safetysourcefire.ca\\\/shop\\\/\"},{\"@type\":\"ListItem\",\"position\":3,\"name\":\"Tango TX1 Single Gas Detector\"}]},{\"@type\":\"WebSite\",\"@id\":\"https:\\\/\\\/safetysourcefire.ca\\\/#website\",\"url\":\"https:\\\/\\\/safetysourcefire.ca\\\/\",\"name\":\"Safety Source Fire\",\"description\":\"\",\"publisher\":{\"@id\":\"https:\\\/\\\/safetysourcefire.ca\\\/#organization\"},\"potentialAction\":[{\"@type\":\"SearchAction\",\"target\":{\"@type\":\"EntryPoint\",\"urlTemplate\":\"https:\\\/\\\/safetysourcefire.ca\\\/?s={search_term_string}\"},\"query-input\":{\"@type\":\"PropertyValueSpecification\",\"valueRequired\":true,\"valueName\":\"search_term_string\"}}],\"inLanguage\":\"fr-CA\"},{\"@type\":\"Organization\",\"@id\":\"https:\\\/\\\/safetysourcefire.ca\\\/#organization\",\"name\":\"Safety Source Fire\",\"url\":\"https:\\\/\\\/safetysourcefire.ca\\\/\",\"logo\":{\"@type\":\"ImageObject\",\"inLanguage\":\"fr-CA\",\"@id\":\"https:\\\/\\\/safetysourcefire.ca\\\/#\\\/schema\\\/logo\\\/image\\\/\",\"url\":\"https:\\\/\\\/safetysourcefire.ca\\\/wp-content\\\/uploads\\\/2021\\\/01\\\/SSF_logo_CC0000-3.png\",\"contentUrl\":\"https:\\\/\\\/safetysourcefire.ca\\\/wp-content\\\/uploads\\\/2021\\\/01\\\/SSF_logo_CC0000-3.png\",\"width\":1107,\"height\":365,\"caption\":\"Safety Source Fire\"},\"image\":{\"@id\":\"https:\\\/\\\/safetysourcefire.ca\\\/#\\\/schema\\\/logo\\\/image\\\/\"},\"sameAs\":[\"https:\\\/\\\/www.facebook.com\\\/mmfssca\",\"https:\\\/\\\/x.com\\\/mmfssca\"]}]}<\/script>\n<!-- \/ Yoast SEO plugin. -->","yoast_head_json":{"title":"D\u00e9tecteur de gaz unique Tango TX1 - Incendie de source de s\u00e9curit\u00e9","robots":{"index":"index","follow":"follow","max-snippet":"max-snippet:-1","max-image-preview":"max-image-preview:large","max-video-preview":"max-video-preview:-1"},"canonical":"https:\/\/safetysourcefire.ca\/fr\/produit\/tango-tx1-single-gas-detector\/","og_locale":"fr_CA","og_type":"article","og_title":"Tango TX1 Single Gas Detector - Safety Source Fire","og_description":"DualSense\u2122 Technology makes users 85 times safer; Replaceable battery has a three year run time; Three-year instrument warranty; Three-year CO and H2S sensor warranty; Two-year warranty on the SO2 and NO2 sensors; iNet\u00ae and DSX\u2122 Docking Station compatible","og_url":"https:\/\/safetysourcefire.ca\/fr\/produit\/tango-tx1-single-gas-detector\/","og_site_name":"Safety Source Fire","article_publisher":"https:\/\/www.facebook.com\/mmfssca","article_modified_time":"2023-03-30T13:37:20+00:00","og_image":[{"width":600,"height":600,"url":"https:\/\/safetysourcefire.ca\/wp-content\/uploads\/2018\/09\/TangoTX1_Front_4X4_RGB_Hr.jpg","type":"image\/jpeg"}],"twitter_card":"summary_large_image","twitter_site":"@mmfssca","twitter_misc":{"Estimation du temps de lecture":"1 minute"},"schema":{"@context":"https:\/\/schema.org","@graph":[{"@type":"WebPage","@id":"https:\/\/safetysourcefire.ca\/product\/tango-tx1-single-gas-detector\/","url":"https:\/\/safetysourcefire.ca\/product\/tango-tx1-single-gas-detector\/","name":"D\u00e9tecteur de gaz unique Tango TX1 - Incendie de source de s\u00e9curit\u00e9","isPartOf":{"@id":"https:\/\/safetysourcefire.ca\/#website"},"primaryImageOfPage":{"@id":"https:\/\/safetysourcefire.ca\/product\/tango-tx1-single-gas-detector\/#primaryimage"},"image":{"@id":"https:\/\/safetysourcefire.ca\/product\/tango-tx1-single-gas-detector\/#primaryimage"},"thumbnailUrl":"https:\/\/safetysourcefire.ca\/wp-content\/uploads\/2018\/09\/TangoTX1_Front_4X4_RGB_Hr.jpg","datePublished":"2018-09-07T15:57:53+00:00","dateModified":"2023-03-30T13:37:20+00:00","breadcrumb":{"@id":"https:\/\/safetysourcefire.ca\/product\/tango-tx1-single-gas-detector\/#breadcrumb"},"inLanguage":"fr-CA","potentialAction":[{"@type":"ReadAction","target":["https:\/\/safetysourcefire.ca\/product\/tango-tx1-single-gas-detector\/"]}]},{"@type":"ImageObject","inLanguage":"fr-CA","@id":"https:\/\/safetysourcefire.ca\/product\/tango-tx1-single-gas-detector\/#primaryimage","url":"https:\/\/safetysourcefire.ca\/wp-content\/uploads\/2018\/09\/TangoTX1_Front_4X4_RGB_Hr.jpg","contentUrl":"https:\/\/safetysourcefire.ca\/wp-content\/uploads\/2018\/09\/TangoTX1_Front_4X4_RGB_Hr.jpg","width":600,"height":600,"caption":"orange detector"},{"@type":"BreadcrumbList","@id":"https:\/\/safetysourcefire.ca\/product\/tango-tx1-single-gas-detector\/#breadcrumb","itemListElement":[{"@type":"ListItem","position":1,"name":"Home","item":"https:\/\/safetysourcefire.ca\/"},{"@type":"ListItem","position":2,"name":"Products","item":"https:\/\/safetysourcefire.ca\/shop\/"},{"@type":"ListItem","position":3,"name":"Tango TX1 Single Gas Detector"}]},{"@type":"WebSite","@id":"https:\/\/safetysourcefire.ca\/#website","url":"https:\/\/safetysourcefire.ca\/","name":"Safety Source Fire","description":"","publisher":{"@id":"https:\/\/safetysourcefire.ca\/#organization"},"potentialAction":[{"@type":"SearchAction","target":{"@type":"EntryPoint","urlTemplate":"https:\/\/safetysourcefire.ca\/?s={search_term_string}"},"query-input":{"@type":"PropertyValueSpecification","valueRequired":true,"valueName":"search_term_string"}}],"inLanguage":"fr-CA"},{"@type":"Organization","@id":"https:\/\/safetysourcefire.ca\/#organization","name":"Safety Source Fire","url":"https:\/\/safetysourcefire.ca\/","logo":{"@type":"ImageObject","inLanguage":"fr-CA","@id":"https:\/\/safetysourcefire.ca\/#\/schema\/logo\/image\/","url":"https:\/\/safetysourcefire.ca\/wp-content\/uploads\/2021\/01\/SSF_logo_CC0000-3.png","contentUrl":"https:\/\/safetysourcefire.ca\/wp-content\/uploads\/2021\/01\/SSF_logo_CC0000-3.png","width":1107,"height":365,"caption":"Safety Source Fire"},"image":{"@id":"https:\/\/safetysourcefire.ca\/#\/schema\/logo\/image\/"},"sameAs":["https:\/\/www.facebook.com\/mmfssca","https:\/\/x.com\/mmfssca"]}]}},"_links":{"self":[{"href":"https:\/\/safetysourcefire.ca\/fr\/wp-json\/wp\/v2\/product\/6083","targetHints":{"allow":["GET"]}}],"collection":[{"href":"https:\/\/safetysourcefire.ca\/fr\/wp-json\/wp\/v2\/product"}],"about":[{"href":"https:\/\/safetysourcefire.ca\/fr\/wp-json\/wp\/v2\/types\/product"}],"wp:featuredmedia":[{"embeddable":true,"href":"https:\/\/safetysourcefire.ca\/fr\/wp-json\/wp\/v2\/media\/6084"}],"wp:attachment":[{"href":"https:\/\/safetysourcefire.ca\/fr\/wp-json\/wp\/v2\/media?parent=6083"}],"wp:term":[{"taxonomy":"product_brand","embeddable":true,"href":"https:\/\/safetysourcefire.ca\/fr\/wp-json\/wp\/v2\/product_brand?post=6083"},{"taxonomy":"product_cat","embeddable":true,"href":"https:\/\/safetysourcefire.ca\/fr\/wp-json\/wp\/v2\/product_cat?post=6083"},{"taxonomy":"product_tag","embeddable":true,"href":"https:\/\/safetysourcefire.ca\/fr\/wp-json\/wp\/v2\/product_tag?post=6083"}],"curies":[{"name":"wp","href":"https:\/\/api.w.org\/{rel}","templated":true}]}}