{"id":6101,"date":"2018-09-07T16:31:46","date_gmt":"2018-09-07T16:31:46","guid":{"rendered":"https:\/\/mmfss.ca\/?post_type=product&#038;p=6101"},"modified":"2023-09-29T14:18:30","modified_gmt":"2023-09-29T14:18:30","slug":"radius-bz1-lel-pentane-co-h2s-o2-with-integral-pump-ul-csa-wireless-enabled","status":"publish","type":"product","link":"https:\/\/safetysourcefire.ca\/fr\/produit\/radius-bz1-lel-pentane-co-h2s-o2-with-integral-pump-ul-csa-wireless-enabled\/","title":{"rendered":"Moniteur de zone Radius BZ1"},"content":{"rendered":"<p class=\"p1\">BZ1-K123001111<\/p>\n<p>Capteurs disponibles : LIE, COV, CO2 (IR), CL2, CO, CO\/H2, CO\/H2S, H2, H2S, HCN, NH3, NO, NO2, O2, PH3, SO2<\/p>\n<p>Avec pompe int\u00e9gr\u00e9e, UL\/CSA, sans fil activ\u00e9<\/p>\n<p class=\"p1\">Lorsque des risques de gaz menacent votre chantier, faites passer le message haut et fort avec le moniteur de zone Radius\u2122 BZ1. Les \u00e9quipes r\u00e9agissent en toute s\u00e9curit\u00e9 aux dangers gr\u00e2ce \u00e0 des alarmes qui attirent l'attention, le plus grand \u00e9cran du march\u00e9 et \u00e0 la technologie sans fil LENS\u2122 pr\u00eate \u00e0 l'emploi (en option). Le Radius\u2122 BZ1 vous permet de consacrer plus de temps \u00e0 la productivit\u00e9 des chantiers gr\u00e2ce \u00e0 une autonomie de pointe durable sur 7 jours (168 heures), une station d'accueil DSX\u2122 et la technologie brevet\u00e9e DualSense\u00ae. Aucun autre moniteur de zone ne prot\u00e8ge vos travailleurs plus longtemps sur le terrain.<\/p>\n<ul>\n<li class=\"p1\">D\u00e9tectez jusqu&#039;\u00e0 sept gaz \u00e0 l&#039;aide de 15 options de capteurs, y compris PID<\/li>\n<li class=\"p1\">Moniteur de zone avec le fonctionnement le plus long -dur\u00e9e de fonctionnement typique de 7 jours (168 heures)<\/li>\n<li class=\"p1\">Alimentation externe \u00e0 s\u00e9curit\u00e9 intrins\u00e8que pouvant prolonger l'autonomie de la batterie \u00e0 plus d'un mois<\/li>\n<li class=\"p1\">Lumi\u00e8res bleues et rouges ultra-lumineuses et alarmes accrocheuses avec tonalit\u00e9s distinctives<\/li>\n<li class=\"p1\">Alarmes sonores tr\u00e8s bruyantes retentissant \u00e0 108 dB \u00e0 1 m pour traverser les environnements les plus chaotiques<\/li>\n<li class=\"p1\">\u00c9cran le plus grand de tous les moniteurs de zone existants sur le march\u00e9<\/li>\n<li class=\"p1\">Navigation et configuration faciles et intuitives<\/li>\n<li class=\"p1\">Messages d'action d'alarme personnalisables tels que \u00ab\u00a0\u00c9VACUER\u00a0\u00bb ou \u00ab\u00a0VENTILER\u00a0\u00bb<\/li>\n<li class=\"p1\">R\u00e9seaux sans fil LENS\u2122 pr\u00e9configur\u00e9s ne n\u00e9cessitant aucune configuration ni infrastructure<\/li>\n<li class=\"p1\">D\u00e9ploiement du capteur possible peu importe les conditions m\u00e9t\u00e9orologiques. D\u00e9tection 360 degr\u00e9s pour plus de pr\u00e9cision<\/li>\n<li class=\"p1\">Technologie DualSense\u00ae augmentant la s\u00e9curit\u00e9 des travailleurs en utilisant deux capteurs pour d\u00e9tecter le m\u00eame gaz<\/li>\n<li class=\"p1\">Compatible avec les stations iNet\u00ae et DSX\u2122<\/li>\n<\/ul>\n<p style=\"text-align: center;\"><iframe loading=\"lazy\" src=\"https:\/\/www.youtube.com\/embed\/kwOWXy00jVQ\" width=\"560\" height=\"315\" frameborder=\"0\" allowfullscreen=\"allowfullscreen\"><\/iframe><\/p>","protected":false},"excerpt":{"rendered":"<p class=\"p1\">Lorsque des dangers de gaz menacent votre chantier, faites passer le message haut et fort avec le moniteur de zone Radius \u2122 BZ1. Augmentez votre efficacit\u00e9 et votre temps de r\u00e9ponse gr\u00e2ce \u00e0 ces alarmes impossibles \u00e0 ignorer, au plus grand \u00e9cran de ce type sur le march\u00e9 et \u00e0 la technologie sans fil LENS \u2122 pr\u00eate \u00e0 l'emploi (en option). Travaillez plus longtemps et plus facilement gr\u00e2ce \u00e0 la meilleure autonomie de sa cat\u00e9gorie et \u00e0 la compatibilit\u00e9 de la station d'accueil.<\/p>","protected":false},"featured_media":27285,"template":"","meta":[],"product_brand":[397],"product_cat":[462,76,130,47,465,51],"product_tag":[398],"class_list":{"0":"post-6101","1":"product","2":"type-product","3":"status-publish","4":"has-post-thumbnail","6":"product_brand-industrial-scientific","7":"product_cat-emergency-preparedness","8":"product_cat-gas-detection","9":"product_cat-gas-detection-rescue","10":"product_cat-hazmat","11":"product_cat-hurricane","12":"product_cat-rescue","13":"product_tag-industrial-scientific","15":"first","16":"instock","17":"shipping-taxable","18":"product-type-simple"},"yoast_head":"<!-- This site is optimized with the Yoast SEO plugin v27.4 - https:\/\/yoast.com\/product\/yoast-seo-wordpress\/ -->\n<title>Radius BZ1 Area Monitor - Safety Source Fire<\/title>\n<meta name=\"robots\" content=\"index, follow, max-snippet:-1, max-image-preview:large, max-video-preview:-1\" \/>\n<link rel=\"canonical\" href=\"https:\/\/safetysourcefire.ca\/fr\/produit\/radius-bz1-lel-pentane-co-h2s-o2-with-integral-pump-ul-csa-wireless-enabled\/\" \/>\n<meta property=\"og:locale\" content=\"fr_CA\" \/>\n<meta property=\"og:type\" content=\"article\" \/>\n<meta property=\"og:title\" content=\"Radius BZ1 Area Monitor - Safety Source Fire\" \/>\n<meta property=\"og:description\" content=\"When gas hazards threaten your jobsite, get the message loud and clear with the Radius\u2122 BZ1 Area Monitor. Respond faster thanks to attention-grabbing alarms, the largest display on the market, and optional, out-of-the-box LENS\u2122 Wireless Technology. Work longer and easier thanks to best-in-class run time and docking station compatibility.\" \/>\n<meta property=\"og:url\" content=\"https:\/\/safetysourcefire.ca\/fr\/produit\/radius-bz1-lel-pentane-co-h2s-o2-with-integral-pump-ul-csa-wireless-enabled\/\" \/>\n<meta property=\"og:site_name\" content=\"Safety Source Fire\" \/>\n<meta property=\"article:publisher\" content=\"https:\/\/www.facebook.com\/mmfssca\" \/>\n<meta property=\"article:modified_time\" content=\"2023-09-29T14:18:30+00:00\" \/>\n<meta property=\"og:image\" content=\"https:\/\/safetysourcefire.ca\/wp-content\/uploads\/2018\/09\/RadiusBZ1-V3.jpg\" \/>\n\t<meta property=\"og:image:width\" content=\"600\" \/>\n\t<meta property=\"og:image:height\" content=\"600\" \/>\n\t<meta property=\"og:image:type\" content=\"image\/jpeg\" \/>\n<meta name=\"twitter:card\" content=\"summary_large_image\" \/>\n<meta name=\"twitter:site\" content=\"@mmfssca\" \/>\n<meta name=\"twitter:label1\" content=\"Estimation du temps de lecture\" \/>\n\t<meta name=\"twitter:data1\" content=\"2 minutes\" \/>\n<script type=\"application\/ld+json\" class=\"yoast-schema-graph\">{\"@context\":\"https:\\\/\\\/schema.org\",\"@graph\":[{\"@type\":\"WebPage\",\"@id\":\"https:\\\/\\\/safetysourcefire.ca\\\/product\\\/radius-bz1-lel-pentane-co-h2s-o2-with-integral-pump-ul-csa-wireless-enabled\\\/\",\"url\":\"https:\\\/\\\/safetysourcefire.ca\\\/product\\\/radius-bz1-lel-pentane-co-h2s-o2-with-integral-pump-ul-csa-wireless-enabled\\\/\",\"name\":\"Radius BZ1 Area Monitor - Safety Source Fire\",\"isPartOf\":{\"@id\":\"https:\\\/\\\/safetysourcefire.ca\\\/#website\"},\"primaryImageOfPage\":{\"@id\":\"https:\\\/\\\/safetysourcefire.ca\\\/product\\\/radius-bz1-lel-pentane-co-h2s-o2-with-integral-pump-ul-csa-wireless-enabled\\\/#primaryimage\"},\"image\":{\"@id\":\"https:\\\/\\\/safetysourcefire.ca\\\/product\\\/radius-bz1-lel-pentane-co-h2s-o2-with-integral-pump-ul-csa-wireless-enabled\\\/#primaryimage\"},\"thumbnailUrl\":\"https:\\\/\\\/safetysourcefire.ca\\\/wp-content\\\/uploads\\\/2018\\\/09\\\/RadiusBZ1-V3.jpg\",\"datePublished\":\"2018-09-07T16:31:46+00:00\",\"dateModified\":\"2023-09-29T14:18:30+00:00\",\"breadcrumb\":{\"@id\":\"https:\\\/\\\/safetysourcefire.ca\\\/product\\\/radius-bz1-lel-pentane-co-h2s-o2-with-integral-pump-ul-csa-wireless-enabled\\\/#breadcrumb\"},\"inLanguage\":\"fr-CA\",\"potentialAction\":[{\"@type\":\"ReadAction\",\"target\":[\"https:\\\/\\\/safetysourcefire.ca\\\/product\\\/radius-bz1-lel-pentane-co-h2s-o2-with-integral-pump-ul-csa-wireless-enabled\\\/\"]}]},{\"@type\":\"ImageObject\",\"inLanguage\":\"fr-CA\",\"@id\":\"https:\\\/\\\/safetysourcefire.ca\\\/product\\\/radius-bz1-lel-pentane-co-h2s-o2-with-integral-pump-ul-csa-wireless-enabled\\\/#primaryimage\",\"url\":\"https:\\\/\\\/safetysourcefire.ca\\\/wp-content\\\/uploads\\\/2018\\\/09\\\/RadiusBZ1-V3.jpg\",\"contentUrl\":\"https:\\\/\\\/safetysourcefire.ca\\\/wp-content\\\/uploads\\\/2018\\\/09\\\/RadiusBZ1-V3.jpg\",\"width\":600,\"height\":600,\"caption\":\"radius monitor\"},{\"@type\":\"BreadcrumbList\",\"@id\":\"https:\\\/\\\/safetysourcefire.ca\\\/product\\\/radius-bz1-lel-pentane-co-h2s-o2-with-integral-pump-ul-csa-wireless-enabled\\\/#breadcrumb\",\"itemListElement\":[{\"@type\":\"ListItem\",\"position\":1,\"name\":\"Home\",\"item\":\"https:\\\/\\\/safetysourcefire.ca\\\/\"},{\"@type\":\"ListItem\",\"position\":2,\"name\":\"Products\",\"item\":\"https:\\\/\\\/safetysourcefire.ca\\\/shop\\\/\"},{\"@type\":\"ListItem\",\"position\":3,\"name\":\"Radius BZ1 Area Monitor\"}]},{\"@type\":\"WebSite\",\"@id\":\"https:\\\/\\\/safetysourcefire.ca\\\/#website\",\"url\":\"https:\\\/\\\/safetysourcefire.ca\\\/\",\"name\":\"Safety Source Fire\",\"description\":\"\",\"publisher\":{\"@id\":\"https:\\\/\\\/safetysourcefire.ca\\\/#organization\"},\"potentialAction\":[{\"@type\":\"SearchAction\",\"target\":{\"@type\":\"EntryPoint\",\"urlTemplate\":\"https:\\\/\\\/safetysourcefire.ca\\\/?s={search_term_string}\"},\"query-input\":{\"@type\":\"PropertyValueSpecification\",\"valueRequired\":true,\"valueName\":\"search_term_string\"}}],\"inLanguage\":\"fr-CA\"},{\"@type\":\"Organization\",\"@id\":\"https:\\\/\\\/safetysourcefire.ca\\\/#organization\",\"name\":\"Safety Source Fire\",\"url\":\"https:\\\/\\\/safetysourcefire.ca\\\/\",\"logo\":{\"@type\":\"ImageObject\",\"inLanguage\":\"fr-CA\",\"@id\":\"https:\\\/\\\/safetysourcefire.ca\\\/#\\\/schema\\\/logo\\\/image\\\/\",\"url\":\"https:\\\/\\\/safetysourcefire.ca\\\/wp-content\\\/uploads\\\/2021\\\/01\\\/SSF_logo_CC0000-3.png\",\"contentUrl\":\"https:\\\/\\\/safetysourcefire.ca\\\/wp-content\\\/uploads\\\/2021\\\/01\\\/SSF_logo_CC0000-3.png\",\"width\":1107,\"height\":365,\"caption\":\"Safety Source Fire\"},\"image\":{\"@id\":\"https:\\\/\\\/safetysourcefire.ca\\\/#\\\/schema\\\/logo\\\/image\\\/\"},\"sameAs\":[\"https:\\\/\\\/www.facebook.com\\\/mmfssca\",\"https:\\\/\\\/x.com\\\/mmfssca\"]}]}<\/script>\n<!-- \/ Yoast SEO plugin. -->","yoast_head_json":{"title":"Moniteur de zone Radius BZ1 - Incendie \u00e0 source de s\u00e9curit\u00e9","robots":{"index":"index","follow":"follow","max-snippet":"max-snippet:-1","max-image-preview":"max-image-preview:large","max-video-preview":"max-video-preview:-1"},"canonical":"https:\/\/safetysourcefire.ca\/fr\/produit\/radius-bz1-lel-pentane-co-h2s-o2-with-integral-pump-ul-csa-wireless-enabled\/","og_locale":"fr_CA","og_type":"article","og_title":"Radius BZ1 Area Monitor - Safety Source Fire","og_description":"When gas hazards threaten your jobsite, get the message loud and clear with the Radius\u2122 BZ1 Area Monitor. Respond faster thanks to attention-grabbing alarms, the largest display on the market, and optional, out-of-the-box LENS\u2122 Wireless Technology. Work longer and easier thanks to best-in-class run time and docking station compatibility.","og_url":"https:\/\/safetysourcefire.ca\/fr\/produit\/radius-bz1-lel-pentane-co-h2s-o2-with-integral-pump-ul-csa-wireless-enabled\/","og_site_name":"Safety Source Fire","article_publisher":"https:\/\/www.facebook.com\/mmfssca","article_modified_time":"2023-09-29T14:18:30+00:00","og_image":[{"width":600,"height":600,"url":"https:\/\/safetysourcefire.ca\/wp-content\/uploads\/2018\/09\/RadiusBZ1-V3.jpg","type":"image\/jpeg"}],"twitter_card":"summary_large_image","twitter_site":"@mmfssca","twitter_misc":{"Estimation du temps de lecture":"2 minutes"},"schema":{"@context":"https:\/\/schema.org","@graph":[{"@type":"WebPage","@id":"https:\/\/safetysourcefire.ca\/product\/radius-bz1-lel-pentane-co-h2s-o2-with-integral-pump-ul-csa-wireless-enabled\/","url":"https:\/\/safetysourcefire.ca\/product\/radius-bz1-lel-pentane-co-h2s-o2-with-integral-pump-ul-csa-wireless-enabled\/","name":"Moniteur de zone Radius BZ1 - Incendie \u00e0 source de s\u00e9curit\u00e9","isPartOf":{"@id":"https:\/\/safetysourcefire.ca\/#website"},"primaryImageOfPage":{"@id":"https:\/\/safetysourcefire.ca\/product\/radius-bz1-lel-pentane-co-h2s-o2-with-integral-pump-ul-csa-wireless-enabled\/#primaryimage"},"image":{"@id":"https:\/\/safetysourcefire.ca\/product\/radius-bz1-lel-pentane-co-h2s-o2-with-integral-pump-ul-csa-wireless-enabled\/#primaryimage"},"thumbnailUrl":"https:\/\/safetysourcefire.ca\/wp-content\/uploads\/2018\/09\/RadiusBZ1-V3.jpg","datePublished":"2018-09-07T16:31:46+00:00","dateModified":"2023-09-29T14:18:30+00:00","breadcrumb":{"@id":"https:\/\/safetysourcefire.ca\/product\/radius-bz1-lel-pentane-co-h2s-o2-with-integral-pump-ul-csa-wireless-enabled\/#breadcrumb"},"inLanguage":"fr-CA","potentialAction":[{"@type":"ReadAction","target":["https:\/\/safetysourcefire.ca\/product\/radius-bz1-lel-pentane-co-h2s-o2-with-integral-pump-ul-csa-wireless-enabled\/"]}]},{"@type":"ImageObject","inLanguage":"fr-CA","@id":"https:\/\/safetysourcefire.ca\/product\/radius-bz1-lel-pentane-co-h2s-o2-with-integral-pump-ul-csa-wireless-enabled\/#primaryimage","url":"https:\/\/safetysourcefire.ca\/wp-content\/uploads\/2018\/09\/RadiusBZ1-V3.jpg","contentUrl":"https:\/\/safetysourcefire.ca\/wp-content\/uploads\/2018\/09\/RadiusBZ1-V3.jpg","width":600,"height":600,"caption":"radius monitor"},{"@type":"BreadcrumbList","@id":"https:\/\/safetysourcefire.ca\/product\/radius-bz1-lel-pentane-co-h2s-o2-with-integral-pump-ul-csa-wireless-enabled\/#breadcrumb","itemListElement":[{"@type":"ListItem","position":1,"name":"Home","item":"https:\/\/safetysourcefire.ca\/"},{"@type":"ListItem","position":2,"name":"Products","item":"https:\/\/safetysourcefire.ca\/shop\/"},{"@type":"ListItem","position":3,"name":"Radius BZ1 Area Monitor"}]},{"@type":"WebSite","@id":"https:\/\/safetysourcefire.ca\/#website","url":"https:\/\/safetysourcefire.ca\/","name":"Safety Source Fire","description":"","publisher":{"@id":"https:\/\/safetysourcefire.ca\/#organization"},"potentialAction":[{"@type":"SearchAction","target":{"@type":"EntryPoint","urlTemplate":"https:\/\/safetysourcefire.ca\/?s={search_term_string}"},"query-input":{"@type":"PropertyValueSpecification","valueRequired":true,"valueName":"search_term_string"}}],"inLanguage":"fr-CA"},{"@type":"Organization","@id":"https:\/\/safetysourcefire.ca\/#organization","name":"Safety Source Fire","url":"https:\/\/safetysourcefire.ca\/","logo":{"@type":"ImageObject","inLanguage":"fr-CA","@id":"https:\/\/safetysourcefire.ca\/#\/schema\/logo\/image\/","url":"https:\/\/safetysourcefire.ca\/wp-content\/uploads\/2021\/01\/SSF_logo_CC0000-3.png","contentUrl":"https:\/\/safetysourcefire.ca\/wp-content\/uploads\/2021\/01\/SSF_logo_CC0000-3.png","width":1107,"height":365,"caption":"Safety Source Fire"},"image":{"@id":"https:\/\/safetysourcefire.ca\/#\/schema\/logo\/image\/"},"sameAs":["https:\/\/www.facebook.com\/mmfssca","https:\/\/x.com\/mmfssca"]}]}},"_links":{"self":[{"href":"https:\/\/safetysourcefire.ca\/fr\/wp-json\/wp\/v2\/product\/6101","targetHints":{"allow":["GET"]}}],"collection":[{"href":"https:\/\/safetysourcefire.ca\/fr\/wp-json\/wp\/v2\/product"}],"about":[{"href":"https:\/\/safetysourcefire.ca\/fr\/wp-json\/wp\/v2\/types\/product"}],"wp:featuredmedia":[{"embeddable":true,"href":"https:\/\/safetysourcefire.ca\/fr\/wp-json\/wp\/v2\/media\/27285"}],"wp:attachment":[{"href":"https:\/\/safetysourcefire.ca\/fr\/wp-json\/wp\/v2\/media?parent=6101"}],"wp:term":[{"taxonomy":"product_brand","embeddable":true,"href":"https:\/\/safetysourcefire.ca\/fr\/wp-json\/wp\/v2\/product_brand?post=6101"},{"taxonomy":"product_cat","embeddable":true,"href":"https:\/\/safetysourcefire.ca\/fr\/wp-json\/wp\/v2\/product_cat?post=6101"},{"taxonomy":"product_tag","embeddable":true,"href":"https:\/\/safetysourcefire.ca\/fr\/wp-json\/wp\/v2\/product_tag?post=6101"}],"curies":[{"name":"wp","href":"https:\/\/api.w.org\/{rel}","templated":true}]}}