{"id":6150,"date":"2018-09-14T14:52:44","date_gmt":"2018-09-14T14:52:44","guid":{"rendered":"https:\/\/mmfss.ca\/?post_type=product&#038;p=6150"},"modified":"2020-05-01T17:49:35","modified_gmt":"2020-05-01T17:49:35","slug":"7000-series-half-facepiece-reusable-respirator","status":"publish","type":"product","link":"https:\/\/safetysourcefire.ca\/fr\/produit\/7000-series-half-facepiece-reusable-respirator\/","title":{"rendered":"Respirateur demi-masque r\u00e9utilisable - s\u00e9rie 7000"},"content":{"rendered":"<ul>\n<li>Fabriqu\u00e9 en silicone de haute technologie pour un confort accru et une plus grande durabilit\u00e9<\/li>\n<li>Valve exclusive 3M\u2122 CoolFlow\u2122 facilitant la respiration et offrant un confort plus frais et plus sec<\/li>\n<li>Harnais de t\u00eate bimode qui s&#039;ajuste facilement pour que les utilisateurs puissent porter le respirateur en mode standard ou d\u00e9roulant<\/li>\n<li>Couvercle de soupape d&#039;expiration solide<\/li>\n<li>\u00c0 utiliser avec les cartouches 3M\u2122 s\u00e9rie 6000, les filtres 3M\u2122 s\u00e9ries 2000, 2200, 7000 ou 5000, ou les syst\u00e8mes \u00e0 double conduite d&#039;air 3M\u2122<\/li>\n<li>Ensemble de harnais de t\u00eate et pi\u00e8ces de rechange disponibles<\/li>\n<li>Viens avec sac de rangement refermable<\/li>\n<\/ul>\n<p>Le respirateur r\u00e9utilisable \u00e0 demi-masque 3M\u2122 s\u00e9rie 7500 aide \u00e0 fournir une protection contre les particules et une grande vari\u00e9t\u00e9 de gaz et de vapeurs lorsqu&#039;il est utilis\u00e9 avec des cartouches et des filtres 3M approuv\u00e9s. Lorsqu&#039;il est correctement ajust\u00e9 et utilis\u00e9 avec des cartouches et des filtres 3M\u2122 approuv\u00e9s, ce respirateur (commun\u00e9ment appel\u00e9 \u00ab\u00a0masque\u00a0\u00bb) aide \u00e0 fournir une protection respiratoire \u00e0 des concentrations jusqu&#039;\u00e0 10 fois la limite d&#039;exposition admissible (PEL). Ce respirateur utilise un mat\u00e9riau en silicone avanc\u00e9 qui procure une sensation plus douce sur le visage. Une conception de r\u00e9glage unique permet de r\u00e9duire les points de pression sur le visage pour encore plus de confort. La valve 3M\u2122 Cool Flow\u2122 facilite la respiration et peut offrir un confort plus frais et plus sec pour le porteur. Le harnais de t\u00eate peut \u00eatre ajust\u00e9 pour s&#039;abaisser lorsqu&#039;il n&#039;est pas utilis\u00e9 activement (permet de retirer le respirateur sans enlever le casque). Le couvercle de la valve d&#039;expiration dirige l&#039;air expir\u00e9 et l&#039;humidit\u00e9 vers le bas tout en aidant \u00e0 prot\u00e9ger la zone de la valve des d\u00e9bris tout en facilitant le nettoyage. Les applications recommand\u00e9es incluent la r\u00e9duction, la peinture, le soudage, la manipulation de produits chimiques, la construction, les services publics, l&#039;exploitation mini\u00e8re, la pharmacie et la fusion.<\/p>\n<p><strong>Autres applications possibles:<\/strong><\/p>\n<ul>\n<li>\u00c0 utiliser avec les cartouches 3M\u2122 s\u00e9rie 6000 ; Filtres 3M\u2122 s\u00e9ries 2000, 2200, 7000 ou 5000\u00a0; ou 3M\u2122 Dual Airline Systems contre une vari\u00e9t\u00e9 de gaz, vapeurs et particules dangereuses conform\u00e9ment aux approbations NIOSH.<\/li>\n<\/ul>","protected":false},"excerpt":{"rendered":"<p>Ce respirateur demi-masque r\u00e9utilisable 3MMC de la s\u00e9rie 7500 est form\u00e9 en silicone de technologie avanc\u00e9 pour aider \u00e0 fournir une protection respiratoire confortable et durable. La valve 3M \u2122 Cool Flow \u2122 facilite la respiration et peut r\u00e9duire l'accumulation de chaleur et d'humidit\u00e9 pour un confort frais et sec.<\/p>\n<p>&nbsp;<\/p>","protected":false},"featured_media":6132,"template":"","meta":[],"product_brand":[401],"product_cat":[462,123,466,50],"product_tag":[402],"class_list":{"0":"post-6150","1":"product","2":"type-product","3":"status-publish","4":"has-post-thumbnail","6":"product_brand-3m","7":"product_cat-emergency-preparedness","8":"product_cat-hazmat-ppe","9":"product_cat-pandemic","10":"product_cat-personal-protective-equipment","11":"product_tag-3m","13":"first","14":"instock","15":"shipping-taxable","16":"product-type-simple"},"yoast_head":"<!-- This site is optimized with the Yoast SEO plugin v27.4 - https:\/\/yoast.com\/product\/yoast-seo-wordpress\/ -->\n<title>7000 Series Half Facepiece Reusable Respirator - Safety Source Fire<\/title>\n<meta name=\"robots\" content=\"index, follow, max-snippet:-1, max-image-preview:large, max-video-preview:-1\" \/>\n<link rel=\"canonical\" href=\"https:\/\/safetysourcefire.ca\/fr\/?product=7000-series-half-facepiece-reusable-respirator\" \/>\n<meta property=\"og:locale\" content=\"fr_CA\" \/>\n<meta property=\"og:type\" content=\"article\" \/>\n<meta property=\"og:title\" content=\"7000 Series Half Facepiece Reusable Respirator - Safety Source Fire\" \/>\n<meta property=\"og:description\" content=\"3M\u2122 Half Facepiece Reusable Respirator 7500 Series uses advanced silicone material to help provide comfortable and durable respiratory protection. The 3M\u2122 Cool Flow\u2122 Valve helps make breathing easier and can reduces heat and moisture build-up for cool, dry comfort.  &nbsp;\" \/>\n<meta property=\"og:url\" content=\"https:\/\/safetysourcefire.ca\/fr\/?product=7000-series-half-facepiece-reusable-respirator\" \/>\n<meta property=\"og:site_name\" content=\"Safety Source Fire\" \/>\n<meta property=\"article:publisher\" content=\"https:\/\/www.facebook.com\/mmfssca\" \/>\n<meta property=\"article:modified_time\" content=\"2020-05-01T17:49:35+00:00\" \/>\n<meta property=\"og:image\" content=\"https:\/\/safetysourcefire.ca\/wp-content\/uploads\/2018\/09\/7000-Series.jpg\" \/>\n\t<meta property=\"og:image:width\" content=\"600\" \/>\n\t<meta property=\"og:image:height\" content=\"600\" \/>\n\t<meta property=\"og:image:type\" content=\"image\/jpeg\" \/>\n<meta name=\"twitter:card\" content=\"summary_large_image\" \/>\n<meta name=\"twitter:site\" content=\"@mmfssca\" \/>\n<meta name=\"twitter:label1\" content=\"Estimation du temps de lecture\" \/>\n\t<meta name=\"twitter:data1\" content=\"1 minute\" \/>\n<script type=\"application\/ld+json\" class=\"yoast-schema-graph\">{\"@context\":\"https:\\\/\\\/schema.org\",\"@graph\":[{\"@type\":\"WebPage\",\"@id\":\"https:\\\/\\\/safetysourcefire.ca\\\/?product=7000-series-half-facepiece-reusable-respirator\",\"url\":\"https:\\\/\\\/safetysourcefire.ca\\\/?product=7000-series-half-facepiece-reusable-respirator\",\"name\":\"7000 Series Half Facepiece Reusable Respirator - Safety Source Fire\",\"isPartOf\":{\"@id\":\"https:\\\/\\\/safetysourcefire.ca\\\/#website\"},\"primaryImageOfPage\":{\"@id\":\"https:\\\/\\\/safetysourcefire.ca\\\/?product=7000-series-half-facepiece-reusable-respirator#primaryimage\"},\"image\":{\"@id\":\"https:\\\/\\\/safetysourcefire.ca\\\/?product=7000-series-half-facepiece-reusable-respirator#primaryimage\"},\"thumbnailUrl\":\"https:\\\/\\\/safetysourcefire.ca\\\/wp-content\\\/uploads\\\/2018\\\/09\\\/7000-Series.jpg\",\"datePublished\":\"2018-09-14T14:52:44+00:00\",\"dateModified\":\"2020-05-01T17:49:35+00:00\",\"breadcrumb\":{\"@id\":\"https:\\\/\\\/safetysourcefire.ca\\\/?product=7000-series-half-facepiece-reusable-respirator#breadcrumb\"},\"inLanguage\":\"fr-CA\",\"potentialAction\":[{\"@type\":\"ReadAction\",\"target\":[\"https:\\\/\\\/safetysourcefire.ca\\\/?product=7000-series-half-facepiece-reusable-respirator\"]}]},{\"@type\":\"ImageObject\",\"inLanguage\":\"fr-CA\",\"@id\":\"https:\\\/\\\/safetysourcefire.ca\\\/?product=7000-series-half-facepiece-reusable-respirator#primaryimage\",\"url\":\"https:\\\/\\\/safetysourcefire.ca\\\/wp-content\\\/uploads\\\/2018\\\/09\\\/7000-Series.jpg\",\"contentUrl\":\"https:\\\/\\\/safetysourcefire.ca\\\/wp-content\\\/uploads\\\/2018\\\/09\\\/7000-Series.jpg\",\"width\":600,\"height\":600,\"caption\":\"respirator\"},{\"@type\":\"BreadcrumbList\",\"@id\":\"https:\\\/\\\/safetysourcefire.ca\\\/?product=7000-series-half-facepiece-reusable-respirator#breadcrumb\",\"itemListElement\":[{\"@type\":\"ListItem\",\"position\":1,\"name\":\"Home\",\"item\":\"https:\\\/\\\/safetysourcefire.ca\\\/\"},{\"@type\":\"ListItem\",\"position\":2,\"name\":\"Products\",\"item\":\"https:\\\/\\\/safetysourcefire.ca\\\/shop\\\/\"},{\"@type\":\"ListItem\",\"position\":3,\"name\":\"7000 Series Half Facepiece Reusable Respirator\"}]},{\"@type\":\"WebSite\",\"@id\":\"https:\\\/\\\/safetysourcefire.ca\\\/#website\",\"url\":\"https:\\\/\\\/safetysourcefire.ca\\\/\",\"name\":\"Safety Source Fire\",\"description\":\"\",\"publisher\":{\"@id\":\"https:\\\/\\\/safetysourcefire.ca\\\/#organization\"},\"potentialAction\":[{\"@type\":\"SearchAction\",\"target\":{\"@type\":\"EntryPoint\",\"urlTemplate\":\"https:\\\/\\\/safetysourcefire.ca\\\/?s={search_term_string}\"},\"query-input\":{\"@type\":\"PropertyValueSpecification\",\"valueRequired\":true,\"valueName\":\"search_term_string\"}}],\"inLanguage\":\"fr-CA\"},{\"@type\":\"Organization\",\"@id\":\"https:\\\/\\\/safetysourcefire.ca\\\/#organization\",\"name\":\"Safety Source Fire\",\"url\":\"https:\\\/\\\/safetysourcefire.ca\\\/\",\"logo\":{\"@type\":\"ImageObject\",\"inLanguage\":\"fr-CA\",\"@id\":\"https:\\\/\\\/safetysourcefire.ca\\\/#\\\/schema\\\/logo\\\/image\\\/\",\"url\":\"https:\\\/\\\/safetysourcefire.ca\\\/wp-content\\\/uploads\\\/2021\\\/01\\\/SSF_logo_CC0000-3.png\",\"contentUrl\":\"https:\\\/\\\/safetysourcefire.ca\\\/wp-content\\\/uploads\\\/2021\\\/01\\\/SSF_logo_CC0000-3.png\",\"width\":1107,\"height\":365,\"caption\":\"Safety Source Fire\"},\"image\":{\"@id\":\"https:\\\/\\\/safetysourcefire.ca\\\/#\\\/schema\\\/logo\\\/image\\\/\"},\"sameAs\":[\"https:\\\/\\\/www.facebook.com\\\/mmfssca\",\"https:\\\/\\\/x.com\\\/mmfssca\"]}]}<\/script>\n<!-- \/ Yoast SEO plugin. -->","yoast_head_json":{"title":"Respirateur r\u00e9utilisable demi-masque s\u00e9rie 7000 - Safety Source Fire","robots":{"index":"index","follow":"follow","max-snippet":"max-snippet:-1","max-image-preview":"max-image-preview:large","max-video-preview":"max-video-preview:-1"},"canonical":"https:\/\/safetysourcefire.ca\/fr\/?product=7000-series-half-facepiece-reusable-respirator","og_locale":"fr_CA","og_type":"article","og_title":"7000 Series Half Facepiece Reusable Respirator - Safety Source Fire","og_description":"3M\u2122 Half Facepiece Reusable Respirator 7500 Series uses advanced silicone material to help provide comfortable and durable respiratory protection. The 3M\u2122 Cool Flow\u2122 Valve helps make breathing easier and can reduces heat and moisture build-up for cool, dry comfort.  &nbsp;","og_url":"https:\/\/safetysourcefire.ca\/fr\/?product=7000-series-half-facepiece-reusable-respirator","og_site_name":"Safety Source Fire","article_publisher":"https:\/\/www.facebook.com\/mmfssca","article_modified_time":"2020-05-01T17:49:35+00:00","og_image":[{"width":600,"height":600,"url":"https:\/\/safetysourcefire.ca\/wp-content\/uploads\/2018\/09\/7000-Series.jpg","type":"image\/jpeg"}],"twitter_card":"summary_large_image","twitter_site":"@mmfssca","twitter_misc":{"Estimation du temps de lecture":"1 minute"},"schema":{"@context":"https:\/\/schema.org","@graph":[{"@type":"WebPage","@id":"https:\/\/safetysourcefire.ca\/?product=7000-series-half-facepiece-reusable-respirator","url":"https:\/\/safetysourcefire.ca\/?product=7000-series-half-facepiece-reusable-respirator","name":"Respirateur r\u00e9utilisable demi-masque s\u00e9rie 7000 - Safety Source Fire","isPartOf":{"@id":"https:\/\/safetysourcefire.ca\/#website"},"primaryImageOfPage":{"@id":"https:\/\/safetysourcefire.ca\/?product=7000-series-half-facepiece-reusable-respirator#primaryimage"},"image":{"@id":"https:\/\/safetysourcefire.ca\/?product=7000-series-half-facepiece-reusable-respirator#primaryimage"},"thumbnailUrl":"https:\/\/safetysourcefire.ca\/wp-content\/uploads\/2018\/09\/7000-Series.jpg","datePublished":"2018-09-14T14:52:44+00:00","dateModified":"2020-05-01T17:49:35+00:00","breadcrumb":{"@id":"https:\/\/safetysourcefire.ca\/?product=7000-series-half-facepiece-reusable-respirator#breadcrumb"},"inLanguage":"fr-CA","potentialAction":[{"@type":"ReadAction","target":["https:\/\/safetysourcefire.ca\/?product=7000-series-half-facepiece-reusable-respirator"]}]},{"@type":"ImageObject","inLanguage":"fr-CA","@id":"https:\/\/safetysourcefire.ca\/?product=7000-series-half-facepiece-reusable-respirator#primaryimage","url":"https:\/\/safetysourcefire.ca\/wp-content\/uploads\/2018\/09\/7000-Series.jpg","contentUrl":"https:\/\/safetysourcefire.ca\/wp-content\/uploads\/2018\/09\/7000-Series.jpg","width":600,"height":600,"caption":"respirator"},{"@type":"BreadcrumbList","@id":"https:\/\/safetysourcefire.ca\/?product=7000-series-half-facepiece-reusable-respirator#breadcrumb","itemListElement":[{"@type":"ListItem","position":1,"name":"Home","item":"https:\/\/safetysourcefire.ca\/"},{"@type":"ListItem","position":2,"name":"Products","item":"https:\/\/safetysourcefire.ca\/shop\/"},{"@type":"ListItem","position":3,"name":"7000 Series Half Facepiece Reusable Respirator"}]},{"@type":"WebSite","@id":"https:\/\/safetysourcefire.ca\/#website","url":"https:\/\/safetysourcefire.ca\/","name":"Safety Source Fire","description":"","publisher":{"@id":"https:\/\/safetysourcefire.ca\/#organization"},"potentialAction":[{"@type":"SearchAction","target":{"@type":"EntryPoint","urlTemplate":"https:\/\/safetysourcefire.ca\/?s={search_term_string}"},"query-input":{"@type":"PropertyValueSpecification","valueRequired":true,"valueName":"search_term_string"}}],"inLanguage":"fr-CA"},{"@type":"Organization","@id":"https:\/\/safetysourcefire.ca\/#organization","name":"Safety Source Fire","url":"https:\/\/safetysourcefire.ca\/","logo":{"@type":"ImageObject","inLanguage":"fr-CA","@id":"https:\/\/safetysourcefire.ca\/#\/schema\/logo\/image\/","url":"https:\/\/safetysourcefire.ca\/wp-content\/uploads\/2021\/01\/SSF_logo_CC0000-3.png","contentUrl":"https:\/\/safetysourcefire.ca\/wp-content\/uploads\/2021\/01\/SSF_logo_CC0000-3.png","width":1107,"height":365,"caption":"Safety Source Fire"},"image":{"@id":"https:\/\/safetysourcefire.ca\/#\/schema\/logo\/image\/"},"sameAs":["https:\/\/www.facebook.com\/mmfssca","https:\/\/x.com\/mmfssca"]}]}},"_links":{"self":[{"href":"https:\/\/safetysourcefire.ca\/fr\/wp-json\/wp\/v2\/product\/6150","targetHints":{"allow":["GET"]}}],"collection":[{"href":"https:\/\/safetysourcefire.ca\/fr\/wp-json\/wp\/v2\/product"}],"about":[{"href":"https:\/\/safetysourcefire.ca\/fr\/wp-json\/wp\/v2\/types\/product"}],"wp:featuredmedia":[{"embeddable":true,"href":"https:\/\/safetysourcefire.ca\/fr\/wp-json\/wp\/v2\/media\/6132"}],"wp:attachment":[{"href":"https:\/\/safetysourcefire.ca\/fr\/wp-json\/wp\/v2\/media?parent=6150"}],"wp:term":[{"taxonomy":"product_brand","embeddable":true,"href":"https:\/\/safetysourcefire.ca\/fr\/wp-json\/wp\/v2\/product_brand?post=6150"},{"taxonomy":"product_cat","embeddable":true,"href":"https:\/\/safetysourcefire.ca\/fr\/wp-json\/wp\/v2\/product_cat?post=6150"},{"taxonomy":"product_tag","embeddable":true,"href":"https:\/\/safetysourcefire.ca\/fr\/wp-json\/wp\/v2\/product_tag?post=6150"}],"curies":[{"name":"wp","href":"https:\/\/api.w.org\/{rel}","templated":true}]}}